{"id":1685,"date":"2019-05-15T14:14:47","date_gmt":"2019-05-15T12:14:47","guid":{"rendered":"https:\/\/cybul.eu\/shop\/bmw-e30-e36-compact-adaptery-dodatkowych-zaciskow\/"},"modified":"2025-06-05T11:56:19","modified_gmt":"2025-06-05T09:56:19","slug":"bmw-e30-e36-compact-adaptery-dodatkowych-zaciskow","status":"publish","type":"product","link":"https:\/\/cybul.eu\/pl\/sklep\/bmw-e30-e36-compact-adaptery-dodatkowych-zaciskow\/","title":{"rendered":"BMW E30 E36 compact &#8211; adaptery dodatkowych zacisk\u00f3w"},"content":{"rendered":"<p>Umo\u017cliwiaj\u0105 monta\u017c dodatkowych zacisk\u00f3w w BMW E36 compact i E30. Dzi\u0119ki temu mo\u017cliwe jest stworzenie oddzielnego uk\u0142adu hamulcowego do hydraulicznego r\u0119cznego.<\/p>\n<p>Wyci\u0119te na laserze CNC, idealnie pasuj\u0105 do wahacza. Instalacja wymaga u\u017cycia spawarki, kompatybline z seryjnymi zaciskami.<\/p>\n","protected":false},"excerpt":{"rendered":"<p>Umo\u017cliwiaj\u0105 monta\u017c dodatkowych zacisk\u00f3w<\/p>\n","protected":false},"featured_media":24492,"comment_status":"open","ping_status":"open","template":"","meta":[],"product_cat":[374,375,397],"product_tag":[358],"class_list":{"0":"post-1685","1":"product","2":"type-product","3":"status-publish","4":"has-post-thumbnail","6":"product_cat-bmwpl","7":"product_cat-e30","8":"product_cat-e36-compact","9":"product_tag-uklad-hamulcowy","11":"first","12":"instock","13":"taxable","14":"shipping-taxable","15":"purchasable","16":"product-type-simple"},"bundled_by":[],"bundle_stock_status":"instock","bundle_stock_quantity":null,"bundle_virtual":false,"bundle_layout":"","bundle_add_to_cart_form_location":"","bundle_editable_in_cart":false,"bundle_sold_individually_context":"","bundle_item_grouping":"","bundle_min_size":"","bundle_max_size":"","bundle_price":[],"bundled_items":[],"bundle_sell_ids":[],"acf":{"zdjecie_bez_watermarka":null,"zdjecie_bez_watermarka_url":"","product_orgin_url":""},"yoast_head":"<!-- This site is optimized with the Yoast SEO plugin v23.9 - https:\/\/yoast.com\/wordpress\/plugins\/seo\/ -->\n<title>BMW E30 E36 compact - adaptery dodatkowych zacisk\u00f3w - CYBUL<\/title>\n<meta name=\"robots\" content=\"index, follow, max-snippet:-1, max-image-preview:large, max-video-preview:-1\" \/>\n<link rel=\"canonical\" href=\"https:\/\/cybul.eu\/pl\/sklep\/bmw-e30-e36-compact-adaptery-dodatkowych-zaciskow\/\" \/>\n<meta property=\"og:locale\" content=\"pl_PL\" \/>\n<meta property=\"og:type\" content=\"article\" \/>\n<meta property=\"og:title\" content=\"BMW E30 E36 compact - adaptery dodatkowych zacisk\u00f3w - CYBUL\" \/>\n<meta property=\"og:description\" content=\"Umo\u017cliwiaj\u0105 monta\u017c dodatkowych zacisk\u00f3w\" \/>\n<meta property=\"og:url\" content=\"https:\/\/cybul.eu\/pl\/sklep\/bmw-e30-e36-compact-adaptery-dodatkowych-zaciskow\/\" \/>\n<meta property=\"og:site_name\" content=\"CYBUL\" \/>\n<meta property=\"article:modified_time\" content=\"2025-06-05T09:56:19+00:00\" \/>\n<meta property=\"og:image\" content=\"https:\/\/cybul.eu\/wp-content\/uploads\/2025\/04\/BMW-E30-E36-COMPACT-ADDITIONAL-BRAKE-CALLIPER-MOUNT-WB-1.jpg\" \/>\n\t<meta property=\"og:image:width\" content=\"800\" \/>\n\t<meta property=\"og:image:height\" content=\"800\" \/>\n\t<meta property=\"og:image:type\" content=\"image\/jpeg\" \/>\n<meta name=\"twitter:card\" content=\"summary_large_image\" \/>\n<script type=\"application\/ld+json\" class=\"yoast-schema-graph\">{\"@context\":\"https:\/\/schema.org\",\"@graph\":[{\"@type\":\"WebPage\",\"@id\":\"https:\/\/cybul.eu\/pl\/sklep\/bmw-e30-e36-compact-adaptery-dodatkowych-zaciskow\/\",\"url\":\"https:\/\/cybul.eu\/pl\/sklep\/bmw-e30-e36-compact-adaptery-dodatkowych-zaciskow\/\",\"name\":\"BMW E30 E36 compact - adaptery dodatkowych zacisk\u00f3w - CYBUL\",\"isPartOf\":{\"@id\":\"https:\/\/cybul.eu\/pl\/#website\"},\"primaryImageOfPage\":{\"@id\":\"https:\/\/cybul.eu\/pl\/sklep\/bmw-e30-e36-compact-adaptery-dodatkowych-zaciskow\/#primaryimage\"},\"image\":{\"@id\":\"https:\/\/cybul.eu\/pl\/sklep\/bmw-e30-e36-compact-adaptery-dodatkowych-zaciskow\/#primaryimage\"},\"thumbnailUrl\":\"https:\/\/cybul.eu\/wp-content\/uploads\/2025\/04\/BMW-E30-E36-COMPACT-ADDITIONAL-BRAKE-CALLIPER-MOUNT-WB-1.jpg\",\"datePublished\":\"2019-05-15T12:14:47+00:00\",\"dateModified\":\"2025-06-05T09:56:19+00:00\",\"breadcrumb\":{\"@id\":\"https:\/\/cybul.eu\/pl\/sklep\/bmw-e30-e36-compact-adaptery-dodatkowych-zaciskow\/#breadcrumb\"},\"inLanguage\":\"pl-PL\",\"potentialAction\":[{\"@type\":\"ReadAction\",\"target\":[\"https:\/\/cybul.eu\/pl\/sklep\/bmw-e30-e36-compact-adaptery-dodatkowych-zaciskow\/\"]}]},{\"@type\":\"ImageObject\",\"inLanguage\":\"pl-PL\",\"@id\":\"https:\/\/cybul.eu\/pl\/sklep\/bmw-e30-e36-compact-adaptery-dodatkowych-zaciskow\/#primaryimage\",\"url\":\"https:\/\/cybul.eu\/wp-content\/uploads\/2025\/04\/BMW-E30-E36-COMPACT-ADDITIONAL-BRAKE-CALLIPER-MOUNT-WB-1.jpg\",\"contentUrl\":\"https:\/\/cybul.eu\/wp-content\/uploads\/2025\/04\/BMW-E30-E36-COMPACT-ADDITIONAL-BRAKE-CALLIPER-MOUNT-WB-1.jpg\",\"width\":800,\"height\":800},{\"@type\":\"BreadcrumbList\",\"@id\":\"https:\/\/cybul.eu\/pl\/sklep\/bmw-e30-e36-compact-adaptery-dodatkowych-zaciskow\/#breadcrumb\",\"itemListElement\":[{\"@type\":\"ListItem\",\"position\":1,\"name\":\"Strona g\u0142\u00f3wna\",\"item\":\"https:\/\/cybul.eu\/pl\/\"},{\"@type\":\"ListItem\",\"position\":2,\"name\":\"Sklep\",\"item\":\"https:\/\/cybul.eu\/pl\/sklep\/\"},{\"@type\":\"ListItem\",\"position\":3,\"name\":\"BMW E30 E36 compact &#8211; adaptery dodatkowych zacisk\u00f3w\"}]},{\"@type\":\"WebSite\",\"@id\":\"https:\/\/cybul.eu\/pl\/#website\",\"url\":\"https:\/\/cybul.eu\/pl\/\",\"name\":\"CYBUL\",\"description\":\"\",\"potentialAction\":[{\"@type\":\"SearchAction\",\"target\":{\"@type\":\"EntryPoint\",\"urlTemplate\":\"https:\/\/cybul.eu\/pl\/?s={search_term_string}\"},\"query-input\":{\"@type\":\"PropertyValueSpecification\",\"valueRequired\":true,\"valueName\":\"search_term_string\"}}],\"inLanguage\":\"pl-PL\"}]}<\/script>\n<!-- \/ Yoast SEO plugin. -->","yoast_head_json":{"title":"BMW E30 E36 compact - adaptery dodatkowych zacisk\u00f3w - CYBUL","robots":{"index":"index","follow":"follow","max-snippet":"max-snippet:-1","max-image-preview":"max-image-preview:large","max-video-preview":"max-video-preview:-1"},"canonical":"https:\/\/cybul.eu\/pl\/sklep\/bmw-e30-e36-compact-adaptery-dodatkowych-zaciskow\/","og_locale":"pl_PL","og_type":"article","og_title":"BMW E30 E36 compact - adaptery dodatkowych zacisk\u00f3w - CYBUL","og_description":"Umo\u017cliwiaj\u0105 monta\u017c dodatkowych zacisk\u00f3w","og_url":"https:\/\/cybul.eu\/pl\/sklep\/bmw-e30-e36-compact-adaptery-dodatkowych-zaciskow\/","og_site_name":"CYBUL","article_modified_time":"2025-06-05T09:56:19+00:00","og_image":[{"width":800,"height":800,"url":"https:\/\/cybul.eu\/wp-content\/uploads\/2025\/04\/BMW-E30-E36-COMPACT-ADDITIONAL-BRAKE-CALLIPER-MOUNT-WB-1.jpg","type":"image\/jpeg"}],"twitter_card":"summary_large_image","schema":{"@context":"https:\/\/schema.org","@graph":[{"@type":"WebPage","@id":"https:\/\/cybul.eu\/pl\/sklep\/bmw-e30-e36-compact-adaptery-dodatkowych-zaciskow\/","url":"https:\/\/cybul.eu\/pl\/sklep\/bmw-e30-e36-compact-adaptery-dodatkowych-zaciskow\/","name":"BMW E30 E36 compact - adaptery dodatkowych zacisk\u00f3w - CYBUL","isPartOf":{"@id":"https:\/\/cybul.eu\/pl\/#website"},"primaryImageOfPage":{"@id":"https:\/\/cybul.eu\/pl\/sklep\/bmw-e30-e36-compact-adaptery-dodatkowych-zaciskow\/#primaryimage"},"image":{"@id":"https:\/\/cybul.eu\/pl\/sklep\/bmw-e30-e36-compact-adaptery-dodatkowych-zaciskow\/#primaryimage"},"thumbnailUrl":"https:\/\/cybul.eu\/wp-content\/uploads\/2025\/04\/BMW-E30-E36-COMPACT-ADDITIONAL-BRAKE-CALLIPER-MOUNT-WB-1.jpg","datePublished":"2019-05-15T12:14:47+00:00","dateModified":"2025-06-05T09:56:19+00:00","breadcrumb":{"@id":"https:\/\/cybul.eu\/pl\/sklep\/bmw-e30-e36-compact-adaptery-dodatkowych-zaciskow\/#breadcrumb"},"inLanguage":"pl-PL","potentialAction":[{"@type":"ReadAction","target":["https:\/\/cybul.eu\/pl\/sklep\/bmw-e30-e36-compact-adaptery-dodatkowych-zaciskow\/"]}]},{"@type":"ImageObject","inLanguage":"pl-PL","@id":"https:\/\/cybul.eu\/pl\/sklep\/bmw-e30-e36-compact-adaptery-dodatkowych-zaciskow\/#primaryimage","url":"https:\/\/cybul.eu\/wp-content\/uploads\/2025\/04\/BMW-E30-E36-COMPACT-ADDITIONAL-BRAKE-CALLIPER-MOUNT-WB-1.jpg","contentUrl":"https:\/\/cybul.eu\/wp-content\/uploads\/2025\/04\/BMW-E30-E36-COMPACT-ADDITIONAL-BRAKE-CALLIPER-MOUNT-WB-1.jpg","width":800,"height":800},{"@type":"BreadcrumbList","@id":"https:\/\/cybul.eu\/pl\/sklep\/bmw-e30-e36-compact-adaptery-dodatkowych-zaciskow\/#breadcrumb","itemListElement":[{"@type":"ListItem","position":1,"name":"Strona g\u0142\u00f3wna","item":"https:\/\/cybul.eu\/pl\/"},{"@type":"ListItem","position":2,"name":"Sklep","item":"https:\/\/cybul.eu\/pl\/sklep\/"},{"@type":"ListItem","position":3,"name":"BMW E30 E36 compact &#8211; adaptery dodatkowych zacisk\u00f3w"}]},{"@type":"WebSite","@id":"https:\/\/cybul.eu\/pl\/#website","url":"https:\/\/cybul.eu\/pl\/","name":"CYBUL","description":"","potentialAction":[{"@type":"SearchAction","target":{"@type":"EntryPoint","urlTemplate":"https:\/\/cybul.eu\/pl\/?s={search_term_string}"},"query-input":{"@type":"PropertyValueSpecification","valueRequired":true,"valueName":"search_term_string"}}],"inLanguage":"pl-PL"}]}},"_links":{"self":[{"href":"https:\/\/cybul.eu\/pl\/wp-json\/wp\/v2\/product\/1685","targetHints":{"allow":["GET"]}}],"collection":[{"href":"https:\/\/cybul.eu\/pl\/wp-json\/wp\/v2\/product"}],"about":[{"href":"https:\/\/cybul.eu\/pl\/wp-json\/wp\/v2\/types\/product"}],"replies":[{"embeddable":true,"href":"https:\/\/cybul.eu\/pl\/wp-json\/wp\/v2\/comments?post=1685"}],"wp:featuredmedia":[{"embeddable":true,"href":"https:\/\/cybul.eu\/pl\/wp-json\/wp\/v2\/media\/24492"}],"wp:attachment":[{"href":"https:\/\/cybul.eu\/pl\/wp-json\/wp\/v2\/media?parent=1685"}],"wp:term":[{"taxonomy":"product_cat","embeddable":true,"href":"https:\/\/cybul.eu\/pl\/wp-json\/wp\/v2\/product_cat?post=1685"},{"taxonomy":"product_tag","embeddable":true,"href":"https:\/\/cybul.eu\/pl\/wp-json\/wp\/v2\/product_tag?post=1685"}],"curies":[{"name":"wp","href":"https:\/\/api.w.org\/{rel}","templated":true}]}}