{"id":1681,"date":"2019-05-15T19:21:17","date_gmt":"2019-05-15T17:21:17","guid":{"rendered":"https:\/\/cybul.eu\/shop\/hydrauliczny-hamulec-reczny\/"},"modified":"2025-06-05T11:56:18","modified_gmt":"2025-06-05T09:56:18","slug":"hydrauliczny-hamulec-reczny","status":"publish","type":"product","link":"https:\/\/cybul.eu\/pl\/sklep\/hydrauliczny-hamulec-reczny\/","title":{"rendered":"Hydrauliczny hamulec r\u0119czny"},"content":{"rendered":"<p>Przeznaczony do u\u017cytku z oddzielnym uk\u0142adem hamulcowym &#8211; na dodatkowych zaciskach.<\/p>\n<p>Po\u0142o\u017cenie d\u017awigni mo\u017cna regulowa\u0107 p\u0142ynnie w zakrezie od 0 do 90 stopni. Hamulec posiada zapadk\u0119, kt\u00f3r\u0105 mo\u017cna na sta\u0142e odblokowa\u0107. Umo\u017cliwia ona zaci\u0105gni\u0119cie hamulca jak w seryjnym aucie.<\/p>\n<p>Zblokowanie tylnych k\u00f3\u0142 wymaga u\u017cycia minimalnej si\u0142y. Jednocze\u015bnie d\u017awignia ma kr\u00f3tki skok. Pozwala to zaoszcz\u0119dzi\u0107 u\u0142amki sekund, kt\u00f3re maj\u0105 ogromne znaczenie podczas jazdy sportowej.<\/p>\n<p>W zestawie z hamulcem znajduje si\u0119 pompka ze zintegrowanym zbiorniczkiem.<\/p>\n","protected":false},"excerpt":{"rendered":"<p>Obowi\u0105zkowe wyposa\u017cenie ka\u017cdego auta wykorzystywanego w motorsporcie<\/p>\n","protected":false},"featured_media":24502,"comment_status":"open","ping_status":"open","template":"","meta":[],"product_cat":[252],"product_tag":[],"class_list":{"0":"post-1681","1":"product","2":"type-product","3":"status-publish","4":"has-post-thumbnail","6":"product_cat-bez-kategorii","8":"first","9":"instock","10":"taxable","11":"shipping-taxable","12":"purchasable","13":"product-type-simple"},"bundled_by":[],"bundle_stock_status":"instock","bundle_stock_quantity":null,"bundle_virtual":false,"bundle_layout":"","bundle_add_to_cart_form_location":"","bundle_editable_in_cart":false,"bundle_sold_individually_context":"","bundle_item_grouping":"","bundle_min_size":"","bundle_max_size":"","bundle_price":[],"bundled_items":[],"bundle_sell_ids":[],"acf":{"zdjecie_bez_watermarka":null,"zdjecie_bez_watermarka_url":"","product_orgin_url":""},"yoast_head":"<!-- This site is optimized with the Yoast SEO plugin v23.9 - https:\/\/yoast.com\/wordpress\/plugins\/seo\/ -->\n<title>Hydrauliczny hamulec r\u0119czny - CYBUL<\/title>\n<meta name=\"robots\" content=\"index, follow, max-snippet:-1, max-image-preview:large, max-video-preview:-1\" \/>\n<link rel=\"canonical\" href=\"https:\/\/cybul.eu\/pl\/sklep\/hydrauliczny-hamulec-reczny\/\" \/>\n<meta property=\"og:locale\" content=\"pl_PL\" \/>\n<meta property=\"og:type\" content=\"article\" \/>\n<meta property=\"og:title\" content=\"Hydrauliczny hamulec r\u0119czny - CYBUL\" \/>\n<meta property=\"og:description\" content=\"Obowi\u0105zkowe wyposa\u017cenie ka\u017cdego auta wykorzystywanego w motorsporcie\" \/>\n<meta property=\"og:url\" content=\"https:\/\/cybul.eu\/pl\/sklep\/hydrauliczny-hamulec-reczny\/\" \/>\n<meta property=\"og:site_name\" content=\"CYBUL\" \/>\n<meta property=\"article:modified_time\" content=\"2025-06-05T09:56:18+00:00\" \/>\n<meta property=\"og:image\" content=\"https:\/\/cybul.eu\/wp-content\/uploads\/2025\/04\/hydraulic-handbrake.jpg\" \/>\n\t<meta property=\"og:image:width\" content=\"1600\" \/>\n\t<meta property=\"og:image:height\" content=\"1600\" \/>\n\t<meta property=\"og:image:type\" content=\"image\/jpeg\" \/>\n<meta name=\"twitter:card\" content=\"summary_large_image\" \/>\n<script type=\"application\/ld+json\" class=\"yoast-schema-graph\">{\"@context\":\"https:\/\/schema.org\",\"@graph\":[{\"@type\":\"WebPage\",\"@id\":\"https:\/\/cybul.eu\/pl\/sklep\/hydrauliczny-hamulec-reczny\/\",\"url\":\"https:\/\/cybul.eu\/pl\/sklep\/hydrauliczny-hamulec-reczny\/\",\"name\":\"Hydrauliczny hamulec r\u0119czny - CYBUL\",\"isPartOf\":{\"@id\":\"https:\/\/cybul.eu\/pl\/#website\"},\"primaryImageOfPage\":{\"@id\":\"https:\/\/cybul.eu\/pl\/sklep\/hydrauliczny-hamulec-reczny\/#primaryimage\"},\"image\":{\"@id\":\"https:\/\/cybul.eu\/pl\/sklep\/hydrauliczny-hamulec-reczny\/#primaryimage\"},\"thumbnailUrl\":\"https:\/\/cybul.eu\/wp-content\/uploads\/2025\/04\/hydraulic-handbrake.jpg\",\"datePublished\":\"2019-05-15T17:21:17+00:00\",\"dateModified\":\"2025-06-05T09:56:18+00:00\",\"breadcrumb\":{\"@id\":\"https:\/\/cybul.eu\/pl\/sklep\/hydrauliczny-hamulec-reczny\/#breadcrumb\"},\"inLanguage\":\"pl-PL\",\"potentialAction\":[{\"@type\":\"ReadAction\",\"target\":[\"https:\/\/cybul.eu\/pl\/sklep\/hydrauliczny-hamulec-reczny\/\"]}]},{\"@type\":\"ImageObject\",\"inLanguage\":\"pl-PL\",\"@id\":\"https:\/\/cybul.eu\/pl\/sklep\/hydrauliczny-hamulec-reczny\/#primaryimage\",\"url\":\"https:\/\/cybul.eu\/wp-content\/uploads\/2025\/04\/hydraulic-handbrake.jpg\",\"contentUrl\":\"https:\/\/cybul.eu\/wp-content\/uploads\/2025\/04\/hydraulic-handbrake.jpg\",\"width\":1600,\"height\":1600},{\"@type\":\"BreadcrumbList\",\"@id\":\"https:\/\/cybul.eu\/pl\/sklep\/hydrauliczny-hamulec-reczny\/#breadcrumb\",\"itemListElement\":[{\"@type\":\"ListItem\",\"position\":1,\"name\":\"Strona g\u0142\u00f3wna\",\"item\":\"https:\/\/cybul.eu\/pl\/\"},{\"@type\":\"ListItem\",\"position\":2,\"name\":\"Sklep\",\"item\":\"https:\/\/cybul.eu\/pl\/sklep\/\"},{\"@type\":\"ListItem\",\"position\":3,\"name\":\"Hydrauliczny hamulec r\u0119czny\"}]},{\"@type\":\"WebSite\",\"@id\":\"https:\/\/cybul.eu\/pl\/#website\",\"url\":\"https:\/\/cybul.eu\/pl\/\",\"name\":\"CYBUL\",\"description\":\"\",\"potentialAction\":[{\"@type\":\"SearchAction\",\"target\":{\"@type\":\"EntryPoint\",\"urlTemplate\":\"https:\/\/cybul.eu\/pl\/?s={search_term_string}\"},\"query-input\":{\"@type\":\"PropertyValueSpecification\",\"valueRequired\":true,\"valueName\":\"search_term_string\"}}],\"inLanguage\":\"pl-PL\"}]}<\/script>\n<!-- \/ Yoast SEO plugin. -->","yoast_head_json":{"title":"Hydrauliczny hamulec r\u0119czny - CYBUL","robots":{"index":"index","follow":"follow","max-snippet":"max-snippet:-1","max-image-preview":"max-image-preview:large","max-video-preview":"max-video-preview:-1"},"canonical":"https:\/\/cybul.eu\/pl\/sklep\/hydrauliczny-hamulec-reczny\/","og_locale":"pl_PL","og_type":"article","og_title":"Hydrauliczny hamulec r\u0119czny - CYBUL","og_description":"Obowi\u0105zkowe wyposa\u017cenie ka\u017cdego auta wykorzystywanego w motorsporcie","og_url":"https:\/\/cybul.eu\/pl\/sklep\/hydrauliczny-hamulec-reczny\/","og_site_name":"CYBUL","article_modified_time":"2025-06-05T09:56:18+00:00","og_image":[{"width":1600,"height":1600,"url":"https:\/\/cybul.eu\/wp-content\/uploads\/2025\/04\/hydraulic-handbrake.jpg","type":"image\/jpeg"}],"twitter_card":"summary_large_image","schema":{"@context":"https:\/\/schema.org","@graph":[{"@type":"WebPage","@id":"https:\/\/cybul.eu\/pl\/sklep\/hydrauliczny-hamulec-reczny\/","url":"https:\/\/cybul.eu\/pl\/sklep\/hydrauliczny-hamulec-reczny\/","name":"Hydrauliczny hamulec r\u0119czny - CYBUL","isPartOf":{"@id":"https:\/\/cybul.eu\/pl\/#website"},"primaryImageOfPage":{"@id":"https:\/\/cybul.eu\/pl\/sklep\/hydrauliczny-hamulec-reczny\/#primaryimage"},"image":{"@id":"https:\/\/cybul.eu\/pl\/sklep\/hydrauliczny-hamulec-reczny\/#primaryimage"},"thumbnailUrl":"https:\/\/cybul.eu\/wp-content\/uploads\/2025\/04\/hydraulic-handbrake.jpg","datePublished":"2019-05-15T17:21:17+00:00","dateModified":"2025-06-05T09:56:18+00:00","breadcrumb":{"@id":"https:\/\/cybul.eu\/pl\/sklep\/hydrauliczny-hamulec-reczny\/#breadcrumb"},"inLanguage":"pl-PL","potentialAction":[{"@type":"ReadAction","target":["https:\/\/cybul.eu\/pl\/sklep\/hydrauliczny-hamulec-reczny\/"]}]},{"@type":"ImageObject","inLanguage":"pl-PL","@id":"https:\/\/cybul.eu\/pl\/sklep\/hydrauliczny-hamulec-reczny\/#primaryimage","url":"https:\/\/cybul.eu\/wp-content\/uploads\/2025\/04\/hydraulic-handbrake.jpg","contentUrl":"https:\/\/cybul.eu\/wp-content\/uploads\/2025\/04\/hydraulic-handbrake.jpg","width":1600,"height":1600},{"@type":"BreadcrumbList","@id":"https:\/\/cybul.eu\/pl\/sklep\/hydrauliczny-hamulec-reczny\/#breadcrumb","itemListElement":[{"@type":"ListItem","position":1,"name":"Strona g\u0142\u00f3wna","item":"https:\/\/cybul.eu\/pl\/"},{"@type":"ListItem","position":2,"name":"Sklep","item":"https:\/\/cybul.eu\/pl\/sklep\/"},{"@type":"ListItem","position":3,"name":"Hydrauliczny hamulec r\u0119czny"}]},{"@type":"WebSite","@id":"https:\/\/cybul.eu\/pl\/#website","url":"https:\/\/cybul.eu\/pl\/","name":"CYBUL","description":"","potentialAction":[{"@type":"SearchAction","target":{"@type":"EntryPoint","urlTemplate":"https:\/\/cybul.eu\/pl\/?s={search_term_string}"},"query-input":{"@type":"PropertyValueSpecification","valueRequired":true,"valueName":"search_term_string"}}],"inLanguage":"pl-PL"}]}},"_links":{"self":[{"href":"https:\/\/cybul.eu\/pl\/wp-json\/wp\/v2\/product\/1681","targetHints":{"allow":["GET"]}}],"collection":[{"href":"https:\/\/cybul.eu\/pl\/wp-json\/wp\/v2\/product"}],"about":[{"href":"https:\/\/cybul.eu\/pl\/wp-json\/wp\/v2\/types\/product"}],"replies":[{"embeddable":true,"href":"https:\/\/cybul.eu\/pl\/wp-json\/wp\/v2\/comments?post=1681"}],"wp:featuredmedia":[{"embeddable":true,"href":"https:\/\/cybul.eu\/pl\/wp-json\/wp\/v2\/media\/24502"}],"wp:attachment":[{"href":"https:\/\/cybul.eu\/pl\/wp-json\/wp\/v2\/media?parent=1681"}],"wp:term":[{"taxonomy":"product_cat","embeddable":true,"href":"https:\/\/cybul.eu\/pl\/wp-json\/wp\/v2\/product_cat?post=1681"},{"taxonomy":"product_tag","embeddable":true,"href":"https:\/\/cybul.eu\/pl\/wp-json\/wp\/v2\/product_tag?post=1681"}],"curies":[{"name":"wp","href":"https:\/\/api.w.org\/{rel}","templated":true}]}}