{"id":1669,"date":"2019-05-17T14:04:37","date_gmt":"2019-05-17T12:04:37","guid":{"rendered":"https:\/\/cybul.eu\/shop\/nissan-patrol-przedni-drazek-kierowniczy\/"},"modified":"2025-06-05T11:56:17","modified_gmt":"2025-06-05T09:56:17","slug":"nissan-patrol-przedni-drazek-kierowniczy","status":"publish","type":"product","link":"https:\/\/cybul.eu\/pl\/sklep\/nissan-patrol-przedni-drazek-kierowniczy\/","title":{"rendered":"Nissan Patrol &#8211; przedni dr\u0105\u017cek kierowniczy"},"content":{"rendered":"<p>Wykonany z bezszwowej, precyzyjnej rury o podwy\u017cszonej twardo\u015bci, o wiele wytrzymalszy od seryjnego. Elementy ruchome zosta\u0142y zast\u0105pione chromowo-molibdenowymi uniballami PRE o wytrzyma\u0142o\u015bci ponad 200\u00a0000N \u2013 jest to wielokrotnie wy\u017csza warto\u015b\u0107 ni\u017c w przypadku seryjnego dr\u0105\u017cka. Uniballe odporne na wibracj\u0119, oraz dzia\u0142anie warunk\u00f3w atmosferycznych.<\/p>\n<p>Mocowanie amortyzatora skr\u0119tu szpilka-szpilka. W naszym sklepie dost\u0119pna jest r\u00f3wnie\u017c wersja z mocowaniem oczko-oczko.<\/p>\n<p>W celu zapewnienia wysokiej odporno\u015bci na korozj\u0119 wszystkie elementy toczone zosta\u0142y ocynkowane galwanicznie.<\/p>\n<p>Zestaw w 100% \u201ebolt on\u201d \u2013 monta\u017c nie wymaga modyfikacji zwrotnicy ani w\u0105sa kierowniczego. W zestawie znajduj\u0105 si\u0119 inserty sto\u017ckowe, dr\u0105\u017cek kierowniczy, chromowo-molibdenowe uniballe PRE, tuleje zwi\u0119kszaj\u0105ce zakres pracy uniballa, mocowanie amortyzatora skr\u0119tu, oraz zestaw nakr\u0119tek.<\/p>\n<p>Produkt lakierowany proszkowo na metaliczny grafit. W zestawie znajduj\u0105 si\u0119 dwie ko\u0144c\u00f3wki kierownicze, dr\u0105\u017cek, mocowanie amortyzatora skr\u0119tu i zestaw nakr\u0119tek.<\/p>\n","protected":false},"excerpt":{"rendered":"<p>O wiele wytrzymalszy od seryjnego dr\u0105\u017cka<\/p>\n","protected":false},"featured_media":24510,"comment_status":"open","ping_status":"open","template":"","meta":[],"product_cat":[279,20],"product_tag":[352],"class_list":{"0":"post-1669","1":"product","2":"type-product","3":"status-publish","4":"has-post-thumbnail","6":"product_cat-patrol","7":"product_cat-nissanpl","8":"product_tag-drazki-kierownicze-off-road","10":"first","11":"instock","12":"taxable","13":"shipping-taxable","14":"purchasable","15":"product-type-simple"},"bundled_by":[],"bundle_stock_status":"instock","bundle_stock_quantity":null,"bundle_virtual":false,"bundle_layout":"","bundle_add_to_cart_form_location":"","bundle_editable_in_cart":false,"bundle_sold_individually_context":"","bundle_item_grouping":"","bundle_min_size":"","bundle_max_size":"","bundle_price":[],"bundled_items":[],"bundle_sell_ids":[],"acf":{"zdjecie_bez_watermarka":null,"zdjecie_bez_watermarka_url":"","product_orgin_url":""},"yoast_head":"<!-- This site is optimized with the Yoast SEO plugin v23.9 - https:\/\/yoast.com\/wordpress\/plugins\/seo\/ -->\n<title>Nissan Patrol - przedni dr\u0105\u017cek kierowniczy - CYBUL<\/title>\n<meta name=\"robots\" content=\"index, follow, max-snippet:-1, max-image-preview:large, max-video-preview:-1\" \/>\n<link rel=\"canonical\" href=\"https:\/\/cybul.eu\/pl\/sklep\/nissan-patrol-przedni-drazek-kierowniczy\/\" \/>\n<meta property=\"og:locale\" content=\"pl_PL\" \/>\n<meta property=\"og:type\" content=\"article\" \/>\n<meta property=\"og:title\" content=\"Nissan Patrol - przedni dr\u0105\u017cek kierowniczy - CYBUL\" \/>\n<meta property=\"og:description\" content=\"O wiele wytrzymalszy od seryjnego dr\u0105\u017cka\" \/>\n<meta property=\"og:url\" content=\"https:\/\/cybul.eu\/pl\/sklep\/nissan-patrol-przedni-drazek-kierowniczy\/\" \/>\n<meta property=\"og:site_name\" content=\"CYBUL\" \/>\n<meta property=\"article:modified_time\" content=\"2025-06-05T09:56:17+00:00\" \/>\n<meta property=\"og:image\" content=\"https:\/\/cybul.eu\/wp-content\/uploads\/2025\/04\/NISSAN-PATROL-steering-rod-with-7-8-rod-ends-old-type-mount-of-steering-damper-8.jpg\" \/>\n\t<meta property=\"og:image:width\" content=\"1600\" \/>\n\t<meta property=\"og:image:height\" content=\"1600\" \/>\n\t<meta property=\"og:image:type\" content=\"image\/jpeg\" \/>\n<meta name=\"twitter:card\" content=\"summary_large_image\" \/>\n<meta name=\"twitter:label1\" content=\"Szacowany czas czytania\" \/>\n\t<meta name=\"twitter:data1\" content=\"1 minuta\" \/>\n<script type=\"application\/ld+json\" class=\"yoast-schema-graph\">{\"@context\":\"https:\/\/schema.org\",\"@graph\":[{\"@type\":\"WebPage\",\"@id\":\"https:\/\/cybul.eu\/pl\/sklep\/nissan-patrol-przedni-drazek-kierowniczy\/\",\"url\":\"https:\/\/cybul.eu\/pl\/sklep\/nissan-patrol-przedni-drazek-kierowniczy\/\",\"name\":\"Nissan Patrol - przedni dr\u0105\u017cek kierowniczy - CYBUL\",\"isPartOf\":{\"@id\":\"https:\/\/cybul.eu\/pl\/#website\"},\"primaryImageOfPage\":{\"@id\":\"https:\/\/cybul.eu\/pl\/sklep\/nissan-patrol-przedni-drazek-kierowniczy\/#primaryimage\"},\"image\":{\"@id\":\"https:\/\/cybul.eu\/pl\/sklep\/nissan-patrol-przedni-drazek-kierowniczy\/#primaryimage\"},\"thumbnailUrl\":\"https:\/\/cybul.eu\/wp-content\/uploads\/2025\/04\/NISSAN-PATROL-steering-rod-with-7-8-rod-ends-old-type-mount-of-steering-damper-8.jpg\",\"datePublished\":\"2019-05-17T12:04:37+00:00\",\"dateModified\":\"2025-06-05T09:56:17+00:00\",\"breadcrumb\":{\"@id\":\"https:\/\/cybul.eu\/pl\/sklep\/nissan-patrol-przedni-drazek-kierowniczy\/#breadcrumb\"},\"inLanguage\":\"pl-PL\",\"potentialAction\":[{\"@type\":\"ReadAction\",\"target\":[\"https:\/\/cybul.eu\/pl\/sklep\/nissan-patrol-przedni-drazek-kierowniczy\/\"]}]},{\"@type\":\"ImageObject\",\"inLanguage\":\"pl-PL\",\"@id\":\"https:\/\/cybul.eu\/pl\/sklep\/nissan-patrol-przedni-drazek-kierowniczy\/#primaryimage\",\"url\":\"https:\/\/cybul.eu\/wp-content\/uploads\/2025\/04\/NISSAN-PATROL-steering-rod-with-7-8-rod-ends-old-type-mount-of-steering-damper-8.jpg\",\"contentUrl\":\"https:\/\/cybul.eu\/wp-content\/uploads\/2025\/04\/NISSAN-PATROL-steering-rod-with-7-8-rod-ends-old-type-mount-of-steering-damper-8.jpg\",\"width\":1600,\"height\":1600},{\"@type\":\"BreadcrumbList\",\"@id\":\"https:\/\/cybul.eu\/pl\/sklep\/nissan-patrol-przedni-drazek-kierowniczy\/#breadcrumb\",\"itemListElement\":[{\"@type\":\"ListItem\",\"position\":1,\"name\":\"Strona g\u0142\u00f3wna\",\"item\":\"https:\/\/cybul.eu\/pl\/\"},{\"@type\":\"ListItem\",\"position\":2,\"name\":\"Sklep\",\"item\":\"https:\/\/cybul.eu\/pl\/sklep\/\"},{\"@type\":\"ListItem\",\"position\":3,\"name\":\"Nissan Patrol &#8211; przedni dr\u0105\u017cek kierowniczy\"}]},{\"@type\":\"WebSite\",\"@id\":\"https:\/\/cybul.eu\/pl\/#website\",\"url\":\"https:\/\/cybul.eu\/pl\/\",\"name\":\"CYBUL\",\"description\":\"\",\"potentialAction\":[{\"@type\":\"SearchAction\",\"target\":{\"@type\":\"EntryPoint\",\"urlTemplate\":\"https:\/\/cybul.eu\/pl\/?s={search_term_string}\"},\"query-input\":{\"@type\":\"PropertyValueSpecification\",\"valueRequired\":true,\"valueName\":\"search_term_string\"}}],\"inLanguage\":\"pl-PL\"}]}<\/script>\n<!-- \/ Yoast SEO plugin. -->","yoast_head_json":{"title":"Nissan Patrol - przedni dr\u0105\u017cek kierowniczy - CYBUL","robots":{"index":"index","follow":"follow","max-snippet":"max-snippet:-1","max-image-preview":"max-image-preview:large","max-video-preview":"max-video-preview:-1"},"canonical":"https:\/\/cybul.eu\/pl\/sklep\/nissan-patrol-przedni-drazek-kierowniczy\/","og_locale":"pl_PL","og_type":"article","og_title":"Nissan Patrol - przedni dr\u0105\u017cek kierowniczy - CYBUL","og_description":"O wiele wytrzymalszy od seryjnego dr\u0105\u017cka","og_url":"https:\/\/cybul.eu\/pl\/sklep\/nissan-patrol-przedni-drazek-kierowniczy\/","og_site_name":"CYBUL","article_modified_time":"2025-06-05T09:56:17+00:00","og_image":[{"width":1600,"height":1600,"url":"https:\/\/cybul.eu\/wp-content\/uploads\/2025\/04\/NISSAN-PATROL-steering-rod-with-7-8-rod-ends-old-type-mount-of-steering-damper-8.jpg","type":"image\/jpeg"}],"twitter_card":"summary_large_image","twitter_misc":{"Szacowany czas czytania":"1 minuta"},"schema":{"@context":"https:\/\/schema.org","@graph":[{"@type":"WebPage","@id":"https:\/\/cybul.eu\/pl\/sklep\/nissan-patrol-przedni-drazek-kierowniczy\/","url":"https:\/\/cybul.eu\/pl\/sklep\/nissan-patrol-przedni-drazek-kierowniczy\/","name":"Nissan Patrol - przedni dr\u0105\u017cek kierowniczy - CYBUL","isPartOf":{"@id":"https:\/\/cybul.eu\/pl\/#website"},"primaryImageOfPage":{"@id":"https:\/\/cybul.eu\/pl\/sklep\/nissan-patrol-przedni-drazek-kierowniczy\/#primaryimage"},"image":{"@id":"https:\/\/cybul.eu\/pl\/sklep\/nissan-patrol-przedni-drazek-kierowniczy\/#primaryimage"},"thumbnailUrl":"https:\/\/cybul.eu\/wp-content\/uploads\/2025\/04\/NISSAN-PATROL-steering-rod-with-7-8-rod-ends-old-type-mount-of-steering-damper-8.jpg","datePublished":"2019-05-17T12:04:37+00:00","dateModified":"2025-06-05T09:56:17+00:00","breadcrumb":{"@id":"https:\/\/cybul.eu\/pl\/sklep\/nissan-patrol-przedni-drazek-kierowniczy\/#breadcrumb"},"inLanguage":"pl-PL","potentialAction":[{"@type":"ReadAction","target":["https:\/\/cybul.eu\/pl\/sklep\/nissan-patrol-przedni-drazek-kierowniczy\/"]}]},{"@type":"ImageObject","inLanguage":"pl-PL","@id":"https:\/\/cybul.eu\/pl\/sklep\/nissan-patrol-przedni-drazek-kierowniczy\/#primaryimage","url":"https:\/\/cybul.eu\/wp-content\/uploads\/2025\/04\/NISSAN-PATROL-steering-rod-with-7-8-rod-ends-old-type-mount-of-steering-damper-8.jpg","contentUrl":"https:\/\/cybul.eu\/wp-content\/uploads\/2025\/04\/NISSAN-PATROL-steering-rod-with-7-8-rod-ends-old-type-mount-of-steering-damper-8.jpg","width":1600,"height":1600},{"@type":"BreadcrumbList","@id":"https:\/\/cybul.eu\/pl\/sklep\/nissan-patrol-przedni-drazek-kierowniczy\/#breadcrumb","itemListElement":[{"@type":"ListItem","position":1,"name":"Strona g\u0142\u00f3wna","item":"https:\/\/cybul.eu\/pl\/"},{"@type":"ListItem","position":2,"name":"Sklep","item":"https:\/\/cybul.eu\/pl\/sklep\/"},{"@type":"ListItem","position":3,"name":"Nissan Patrol &#8211; przedni dr\u0105\u017cek kierowniczy"}]},{"@type":"WebSite","@id":"https:\/\/cybul.eu\/pl\/#website","url":"https:\/\/cybul.eu\/pl\/","name":"CYBUL","description":"","potentialAction":[{"@type":"SearchAction","target":{"@type":"EntryPoint","urlTemplate":"https:\/\/cybul.eu\/pl\/?s={search_term_string}"},"query-input":{"@type":"PropertyValueSpecification","valueRequired":true,"valueName":"search_term_string"}}],"inLanguage":"pl-PL"}]}},"_links":{"self":[{"href":"https:\/\/cybul.eu\/pl\/wp-json\/wp\/v2\/product\/1669","targetHints":{"allow":["GET"]}}],"collection":[{"href":"https:\/\/cybul.eu\/pl\/wp-json\/wp\/v2\/product"}],"about":[{"href":"https:\/\/cybul.eu\/pl\/wp-json\/wp\/v2\/types\/product"}],"replies":[{"embeddable":true,"href":"https:\/\/cybul.eu\/pl\/wp-json\/wp\/v2\/comments?post=1669"}],"wp:featuredmedia":[{"embeddable":true,"href":"https:\/\/cybul.eu\/pl\/wp-json\/wp\/v2\/media\/24510"}],"wp:attachment":[{"href":"https:\/\/cybul.eu\/pl\/wp-json\/wp\/v2\/media?parent=1669"}],"wp:term":[{"taxonomy":"product_cat","embeddable":true,"href":"https:\/\/cybul.eu\/pl\/wp-json\/wp\/v2\/product_cat?post=1669"},{"taxonomy":"product_tag","embeddable":true,"href":"https:\/\/cybul.eu\/pl\/wp-json\/wp\/v2\/product_tag?post=1669"}],"curies":[{"name":"wp","href":"https:\/\/api.w.org\/{rel}","templated":true}]}}