{"id":1666,"date":"2019-05-17T14:16:28","date_gmt":"2019-05-17T12:16:28","guid":{"rendered":"https:\/\/cybul.eu\/shop\/nissan-patrol-tylny-drazek-kierowniczy\/"},"modified":"2025-06-05T11:56:12","modified_gmt":"2025-06-05T09:56:12","slug":"nissan-patrol-tylny-drazek-kierowniczy","status":"publish","type":"product","link":"https:\/\/cybul.eu\/pl\/sklep\/nissan-patrol-tylny-drazek-kierowniczy\/","title":{"rendered":"Nissan Patrol &#8211; tylny dr\u0105\u017cek kierowniczy"},"content":{"rendered":"<p>Wykonany z bezszwowej, precyzyjnej rury o podwy\u017cszonej twardo\u015bci, o wiele wytrzymalszy od seryjnego. Elementy ruchome zosta\u0142y zast\u0105pione chromowo-molibdenowymi uniballami PRE o wytrzyma\u0142o\u015bci ponad 200\u00a0000N \u2013 jest to wielokrotnie wy\u017csza warto\u015b\u0107 ni\u017c w przypadku seryjnego dr\u0105\u017cka.<\/p>\n<p>Zestaw w 100% \u201ebolt on\u201d \u2013 monta\u017c nie wymaga modyfikacji zwrotnicy ani w\u0105sa kierowniczego. Regulacja d\u0142ugo\u015bci dr\u0105\u017cka odbywa si\u0119 na zasadzie \u015bruby rzymskiej, dzi\u0119ki czemu ustawienie zbiezno\u015bci jest mo\u017cliwe niezale\u017cnie od stopnia podniesienia auta \u201ena samochodzie\u201d.<\/p>\n<p>W zestawie znajduj\u0105 si\u0119 inserty sto\u017ckowe cynkowane galwanicznie, dr\u0105\u017cek kierowniczy, chromowo-molibdenowe uniballe PRE, tuleje redukuj\u0105ce do uniballa, mocowanie amortyzatora skr\u0119tu, oraz zestaw nakr\u0119tek.<\/p>\n<p>Produkt lakierowany proszkowo na metaliczny grafit. W zestawie znajduj\u0105 si\u0119 dwie ko\u0144c\u00f3wki kierownicze, dr\u0105\u017cek, mocowanie amortyzatora skr\u0119tu i zestaw nakr\u0119tek.<\/p>\n","protected":false},"excerpt":{"rendered":"<p>O wiele wytrzymalszy od seryjnego dr\u0105\u017cka<\/p>\n","protected":false},"featured_media":24516,"comment_status":"open","ping_status":"open","template":"","meta":[],"product_cat":[279,20],"product_tag":[352],"class_list":{"0":"post-1666","1":"product","2":"type-product","3":"status-publish","4":"has-post-thumbnail","6":"product_cat-patrol","7":"product_cat-nissanpl","8":"product_tag-drazki-kierownicze-off-road","10":"first","11":"instock","12":"taxable","13":"shipping-taxable","14":"purchasable","15":"product-type-simple"},"bundled_by":[],"bundle_stock_status":"instock","bundle_stock_quantity":null,"bundle_virtual":false,"bundle_layout":"","bundle_add_to_cart_form_location":"","bundle_editable_in_cart":false,"bundle_sold_individually_context":"","bundle_item_grouping":"","bundle_min_size":"","bundle_max_size":"","bundle_price":[],"bundled_items":[],"bundle_sell_ids":[],"acf":{"zdjecie_bez_watermarka":null,"zdjecie_bez_watermarka_url":"","product_orgin_url":""},"yoast_head":"<!-- This site is optimized with the Yoast SEO plugin v23.9 - https:\/\/yoast.com\/wordpress\/plugins\/seo\/ -->\n<title>Nissan Patrol - tylny dr\u0105\u017cek kierowniczy - CYBUL<\/title>\n<meta name=\"robots\" content=\"index, follow, max-snippet:-1, max-image-preview:large, max-video-preview:-1\" \/>\n<link rel=\"canonical\" href=\"https:\/\/cybul.eu\/pl\/sklep\/nissan-patrol-tylny-drazek-kierowniczy\/\" \/>\n<meta property=\"og:locale\" content=\"pl_PL\" \/>\n<meta property=\"og:type\" content=\"article\" \/>\n<meta property=\"og:title\" content=\"Nissan Patrol - tylny dr\u0105\u017cek kierowniczy - CYBUL\" \/>\n<meta property=\"og:description\" content=\"O wiele wytrzymalszy od seryjnego dr\u0105\u017cka\" \/>\n<meta property=\"og:url\" content=\"https:\/\/cybul.eu\/pl\/sklep\/nissan-patrol-tylny-drazek-kierowniczy\/\" \/>\n<meta property=\"og:site_name\" content=\"CYBUL\" \/>\n<meta property=\"article:modified_time\" content=\"2025-06-05T09:56:12+00:00\" \/>\n<meta property=\"og:image\" content=\"https:\/\/cybul.eu\/wp-content\/uploads\/2025\/04\/NISSAN-PATROL-Drazek-kier-tyl-uniball-NISSAN-PATROL-REAR-DRAG-LINK-UNIBALL.jpg\" \/>\n\t<meta property=\"og:image:width\" content=\"1600\" \/>\n\t<meta property=\"og:image:height\" content=\"1600\" \/>\n\t<meta property=\"og:image:type\" content=\"image\/jpeg\" \/>\n<meta name=\"twitter:card\" content=\"summary_large_image\" \/>\n<meta name=\"twitter:label1\" content=\"Szacowany czas czytania\" \/>\n\t<meta name=\"twitter:data1\" content=\"1 minuta\" \/>\n<script type=\"application\/ld+json\" class=\"yoast-schema-graph\">{\"@context\":\"https:\/\/schema.org\",\"@graph\":[{\"@type\":\"WebPage\",\"@id\":\"https:\/\/cybul.eu\/pl\/sklep\/nissan-patrol-tylny-drazek-kierowniczy\/\",\"url\":\"https:\/\/cybul.eu\/pl\/sklep\/nissan-patrol-tylny-drazek-kierowniczy\/\",\"name\":\"Nissan Patrol - tylny dr\u0105\u017cek kierowniczy - CYBUL\",\"isPartOf\":{\"@id\":\"https:\/\/cybul.eu\/pl\/#website\"},\"primaryImageOfPage\":{\"@id\":\"https:\/\/cybul.eu\/pl\/sklep\/nissan-patrol-tylny-drazek-kierowniczy\/#primaryimage\"},\"image\":{\"@id\":\"https:\/\/cybul.eu\/pl\/sklep\/nissan-patrol-tylny-drazek-kierowniczy\/#primaryimage\"},\"thumbnailUrl\":\"https:\/\/cybul.eu\/wp-content\/uploads\/2025\/04\/NISSAN-PATROL-Drazek-kier-tyl-uniball-NISSAN-PATROL-REAR-DRAG-LINK-UNIBALL.jpg\",\"datePublished\":\"2019-05-17T12:16:28+00:00\",\"dateModified\":\"2025-06-05T09:56:12+00:00\",\"breadcrumb\":{\"@id\":\"https:\/\/cybul.eu\/pl\/sklep\/nissan-patrol-tylny-drazek-kierowniczy\/#breadcrumb\"},\"inLanguage\":\"pl-PL\",\"potentialAction\":[{\"@type\":\"ReadAction\",\"target\":[\"https:\/\/cybul.eu\/pl\/sklep\/nissan-patrol-tylny-drazek-kierowniczy\/\"]}]},{\"@type\":\"ImageObject\",\"inLanguage\":\"pl-PL\",\"@id\":\"https:\/\/cybul.eu\/pl\/sklep\/nissan-patrol-tylny-drazek-kierowniczy\/#primaryimage\",\"url\":\"https:\/\/cybul.eu\/wp-content\/uploads\/2025\/04\/NISSAN-PATROL-Drazek-kier-tyl-uniball-NISSAN-PATROL-REAR-DRAG-LINK-UNIBALL.jpg\",\"contentUrl\":\"https:\/\/cybul.eu\/wp-content\/uploads\/2025\/04\/NISSAN-PATROL-Drazek-kier-tyl-uniball-NISSAN-PATROL-REAR-DRAG-LINK-UNIBALL.jpg\",\"width\":1600,\"height\":1600},{\"@type\":\"BreadcrumbList\",\"@id\":\"https:\/\/cybul.eu\/pl\/sklep\/nissan-patrol-tylny-drazek-kierowniczy\/#breadcrumb\",\"itemListElement\":[{\"@type\":\"ListItem\",\"position\":1,\"name\":\"Strona g\u0142\u00f3wna\",\"item\":\"https:\/\/cybul.eu\/pl\/\"},{\"@type\":\"ListItem\",\"position\":2,\"name\":\"Sklep\",\"item\":\"https:\/\/cybul.eu\/pl\/sklep\/\"},{\"@type\":\"ListItem\",\"position\":3,\"name\":\"Nissan Patrol &#8211; tylny dr\u0105\u017cek kierowniczy\"}]},{\"@type\":\"WebSite\",\"@id\":\"https:\/\/cybul.eu\/pl\/#website\",\"url\":\"https:\/\/cybul.eu\/pl\/\",\"name\":\"CYBUL\",\"description\":\"\",\"potentialAction\":[{\"@type\":\"SearchAction\",\"target\":{\"@type\":\"EntryPoint\",\"urlTemplate\":\"https:\/\/cybul.eu\/pl\/?s={search_term_string}\"},\"query-input\":{\"@type\":\"PropertyValueSpecification\",\"valueRequired\":true,\"valueName\":\"search_term_string\"}}],\"inLanguage\":\"pl-PL\"}]}<\/script>\n<!-- \/ Yoast SEO plugin. -->","yoast_head_json":{"title":"Nissan Patrol - tylny dr\u0105\u017cek kierowniczy - CYBUL","robots":{"index":"index","follow":"follow","max-snippet":"max-snippet:-1","max-image-preview":"max-image-preview:large","max-video-preview":"max-video-preview:-1"},"canonical":"https:\/\/cybul.eu\/pl\/sklep\/nissan-patrol-tylny-drazek-kierowniczy\/","og_locale":"pl_PL","og_type":"article","og_title":"Nissan Patrol - tylny dr\u0105\u017cek kierowniczy - CYBUL","og_description":"O wiele wytrzymalszy od seryjnego dr\u0105\u017cka","og_url":"https:\/\/cybul.eu\/pl\/sklep\/nissan-patrol-tylny-drazek-kierowniczy\/","og_site_name":"CYBUL","article_modified_time":"2025-06-05T09:56:12+00:00","og_image":[{"width":1600,"height":1600,"url":"https:\/\/cybul.eu\/wp-content\/uploads\/2025\/04\/NISSAN-PATROL-Drazek-kier-tyl-uniball-NISSAN-PATROL-REAR-DRAG-LINK-UNIBALL.jpg","type":"image\/jpeg"}],"twitter_card":"summary_large_image","twitter_misc":{"Szacowany czas czytania":"1 minuta"},"schema":{"@context":"https:\/\/schema.org","@graph":[{"@type":"WebPage","@id":"https:\/\/cybul.eu\/pl\/sklep\/nissan-patrol-tylny-drazek-kierowniczy\/","url":"https:\/\/cybul.eu\/pl\/sklep\/nissan-patrol-tylny-drazek-kierowniczy\/","name":"Nissan Patrol - tylny dr\u0105\u017cek kierowniczy - CYBUL","isPartOf":{"@id":"https:\/\/cybul.eu\/pl\/#website"},"primaryImageOfPage":{"@id":"https:\/\/cybul.eu\/pl\/sklep\/nissan-patrol-tylny-drazek-kierowniczy\/#primaryimage"},"image":{"@id":"https:\/\/cybul.eu\/pl\/sklep\/nissan-patrol-tylny-drazek-kierowniczy\/#primaryimage"},"thumbnailUrl":"https:\/\/cybul.eu\/wp-content\/uploads\/2025\/04\/NISSAN-PATROL-Drazek-kier-tyl-uniball-NISSAN-PATROL-REAR-DRAG-LINK-UNIBALL.jpg","datePublished":"2019-05-17T12:16:28+00:00","dateModified":"2025-06-05T09:56:12+00:00","breadcrumb":{"@id":"https:\/\/cybul.eu\/pl\/sklep\/nissan-patrol-tylny-drazek-kierowniczy\/#breadcrumb"},"inLanguage":"pl-PL","potentialAction":[{"@type":"ReadAction","target":["https:\/\/cybul.eu\/pl\/sklep\/nissan-patrol-tylny-drazek-kierowniczy\/"]}]},{"@type":"ImageObject","inLanguage":"pl-PL","@id":"https:\/\/cybul.eu\/pl\/sklep\/nissan-patrol-tylny-drazek-kierowniczy\/#primaryimage","url":"https:\/\/cybul.eu\/wp-content\/uploads\/2025\/04\/NISSAN-PATROL-Drazek-kier-tyl-uniball-NISSAN-PATROL-REAR-DRAG-LINK-UNIBALL.jpg","contentUrl":"https:\/\/cybul.eu\/wp-content\/uploads\/2025\/04\/NISSAN-PATROL-Drazek-kier-tyl-uniball-NISSAN-PATROL-REAR-DRAG-LINK-UNIBALL.jpg","width":1600,"height":1600},{"@type":"BreadcrumbList","@id":"https:\/\/cybul.eu\/pl\/sklep\/nissan-patrol-tylny-drazek-kierowniczy\/#breadcrumb","itemListElement":[{"@type":"ListItem","position":1,"name":"Strona g\u0142\u00f3wna","item":"https:\/\/cybul.eu\/pl\/"},{"@type":"ListItem","position":2,"name":"Sklep","item":"https:\/\/cybul.eu\/pl\/sklep\/"},{"@type":"ListItem","position":3,"name":"Nissan Patrol &#8211; tylny dr\u0105\u017cek kierowniczy"}]},{"@type":"WebSite","@id":"https:\/\/cybul.eu\/pl\/#website","url":"https:\/\/cybul.eu\/pl\/","name":"CYBUL","description":"","potentialAction":[{"@type":"SearchAction","target":{"@type":"EntryPoint","urlTemplate":"https:\/\/cybul.eu\/pl\/?s={search_term_string}"},"query-input":{"@type":"PropertyValueSpecification","valueRequired":true,"valueName":"search_term_string"}}],"inLanguage":"pl-PL"}]}},"_links":{"self":[{"href":"https:\/\/cybul.eu\/pl\/wp-json\/wp\/v2\/product\/1666","targetHints":{"allow":["GET"]}}],"collection":[{"href":"https:\/\/cybul.eu\/pl\/wp-json\/wp\/v2\/product"}],"about":[{"href":"https:\/\/cybul.eu\/pl\/wp-json\/wp\/v2\/types\/product"}],"replies":[{"embeddable":true,"href":"https:\/\/cybul.eu\/pl\/wp-json\/wp\/v2\/comments?post=1666"}],"wp:featuredmedia":[{"embeddable":true,"href":"https:\/\/cybul.eu\/pl\/wp-json\/wp\/v2\/media\/24516"}],"wp:attachment":[{"href":"https:\/\/cybul.eu\/pl\/wp-json\/wp\/v2\/media?parent=1666"}],"wp:term":[{"taxonomy":"product_cat","embeddable":true,"href":"https:\/\/cybul.eu\/pl\/wp-json\/wp\/v2\/product_cat?post=1666"},{"taxonomy":"product_tag","embeddable":true,"href":"https:\/\/cybul.eu\/pl\/wp-json\/wp\/v2\/product_tag?post=1666"}],"curies":[{"name":"wp","href":"https:\/\/api.w.org\/{rel}","templated":true}]}}