{"id":1665,"date":"2019-05-17T14:32:14","date_gmt":"2019-05-17T12:32:14","guid":{"rendered":"https:\/\/cybul.eu\/shop\/nissan-patrol-przedni-drazek-panharda\/"},"modified":"2025-06-05T11:56:11","modified_gmt":"2025-06-05T09:56:11","slug":"nissan-patrol-przedni-drazek-panharda","status":"publish","type":"product","link":"https:\/\/cybul.eu\/pl\/sklep\/nissan-patrol-przedni-drazek-panharda\/","title":{"rendered":"Nissan Patrol &#8211; przedni dr\u0105\u017cek Panharda przed 2000r. z poli"},"content":{"rendered":"<p>Umo\u017cliwia wyregulowanie po\u0142o\u017cenia mostu prawo-lewo. Jest to niezb\u0119dne w ka\u017cdym samochodzie z podniesionym zawieszeniem \u2013 podczas \u201eliftu\u201d most jest \u015bci\u0105gany w bok. Korekta jego po\u0142o\u017cenia jest niezb\u0119dna, do zachowania poprawnych w\u0142a\u015bciwo\u015bci jezdnych.<\/p>\n<p>Przeznaczony do Patrol&#8217;a wyprodukowanego przed 2000r. Posiada mniejsz\u0105 tulej\u0119 przy ramie. W naszym sklepie znajd\u0105 Pa\u0144stwo r\u00f3wnie\u017c dr\u0105\u017cek Panharda do wersji produkowanej od 2000r.<\/p>\n<p>Wykonany z wa\u0142ka o podwy\u017cszonej twardo\u015bci, lakierowany proszkowo na metaliczny grafit.<\/p>\n<p>W zestawie z tulejami poliuretanowymi o twardo\u015bci 95ShA.<\/p>\n","protected":false},"excerpt":{"rendered":"<p>Umo\u017cliwia regulacj\u0119 po\u0142o\u017cenia mostu prawo-lewo<\/p>\n","protected":false},"featured_media":24518,"comment_status":"open","ping_status":"open","template":"","meta":[],"product_cat":[279,20],"product_tag":[349,350],"class_list":{"0":"post-1665","1":"product","2":"type-product","3":"status-publish","4":"has-post-thumbnail","6":"product_cat-patrol","7":"product_cat-nissanpl","8":"product_tag-track-bar-pl","9":"product_tag-drazek-panharda","11":"first","12":"instock","13":"taxable","14":"shipping-taxable","15":"purchasable","16":"product-type-simple"},"bundled_by":[],"bundle_stock_status":"instock","bundle_stock_quantity":null,"bundle_virtual":false,"bundle_layout":"","bundle_add_to_cart_form_location":"","bundle_editable_in_cart":false,"bundle_sold_individually_context":"","bundle_item_grouping":"","bundle_min_size":"","bundle_max_size":"","bundle_price":[],"bundled_items":[],"bundle_sell_ids":[],"acf":{"zdjecie_bez_watermarka":null,"zdjecie_bez_watermarka_url":"","product_orgin_url":""},"yoast_head":"<!-- This site is optimized with the Yoast SEO plugin v23.9 - https:\/\/yoast.com\/wordpress\/plugins\/seo\/ -->\n<title>Nissan Patrol - przedni dr\u0105\u017cek Panharda przed 2000r. z poli - CYBUL<\/title>\n<meta name=\"robots\" content=\"index, follow, max-snippet:-1, max-image-preview:large, max-video-preview:-1\" \/>\n<link rel=\"canonical\" href=\"https:\/\/cybul.eu\/pl\/sklep\/nissan-patrol-przedni-drazek-panharda\/\" \/>\n<meta property=\"og:locale\" content=\"pl_PL\" \/>\n<meta property=\"og:type\" content=\"article\" \/>\n<meta property=\"og:title\" content=\"Nissan Patrol - przedni dr\u0105\u017cek Panharda przed 2000r. z poli - CYBUL\" \/>\n<meta property=\"og:description\" content=\"Umo\u017cliwia regulacj\u0119 po\u0142o\u017cenia mostu prawo-lewo\" \/>\n<meta property=\"og:url\" content=\"https:\/\/cybul.eu\/pl\/sklep\/nissan-patrol-przedni-drazek-panharda\/\" \/>\n<meta property=\"og:site_name\" content=\"CYBUL\" \/>\n<meta property=\"article:modified_time\" content=\"2025-06-05T09:56:11+00:00\" \/>\n<meta property=\"og:image\" content=\"https:\/\/cybul.eu\/wp-content\/uploads\/2025\/04\/Patrol-PANHARD-PRZEDNI-NISSAN-PATROL-FRONT-PANHARD.jpg\" \/>\n\t<meta property=\"og:image:width\" content=\"1600\" \/>\n\t<meta property=\"og:image:height\" content=\"1600\" \/>\n\t<meta property=\"og:image:type\" content=\"image\/jpeg\" \/>\n<meta name=\"twitter:card\" content=\"summary_large_image\" \/>\n<script type=\"application\/ld+json\" class=\"yoast-schema-graph\">{\"@context\":\"https:\/\/schema.org\",\"@graph\":[{\"@type\":\"WebPage\",\"@id\":\"https:\/\/cybul.eu\/pl\/sklep\/nissan-patrol-przedni-drazek-panharda\/\",\"url\":\"https:\/\/cybul.eu\/pl\/sklep\/nissan-patrol-przedni-drazek-panharda\/\",\"name\":\"Nissan Patrol - przedni dr\u0105\u017cek Panharda przed 2000r. z poli - CYBUL\",\"isPartOf\":{\"@id\":\"https:\/\/cybul.eu\/pl\/#website\"},\"primaryImageOfPage\":{\"@id\":\"https:\/\/cybul.eu\/pl\/sklep\/nissan-patrol-przedni-drazek-panharda\/#primaryimage\"},\"image\":{\"@id\":\"https:\/\/cybul.eu\/pl\/sklep\/nissan-patrol-przedni-drazek-panharda\/#primaryimage\"},\"thumbnailUrl\":\"https:\/\/cybul.eu\/wp-content\/uploads\/2025\/04\/Patrol-PANHARD-PRZEDNI-NISSAN-PATROL-FRONT-PANHARD.jpg\",\"datePublished\":\"2019-05-17T12:32:14+00:00\",\"dateModified\":\"2025-06-05T09:56:11+00:00\",\"breadcrumb\":{\"@id\":\"https:\/\/cybul.eu\/pl\/sklep\/nissan-patrol-przedni-drazek-panharda\/#breadcrumb\"},\"inLanguage\":\"pl-PL\",\"potentialAction\":[{\"@type\":\"ReadAction\",\"target\":[\"https:\/\/cybul.eu\/pl\/sklep\/nissan-patrol-przedni-drazek-panharda\/\"]}]},{\"@type\":\"ImageObject\",\"inLanguage\":\"pl-PL\",\"@id\":\"https:\/\/cybul.eu\/pl\/sklep\/nissan-patrol-przedni-drazek-panharda\/#primaryimage\",\"url\":\"https:\/\/cybul.eu\/wp-content\/uploads\/2025\/04\/Patrol-PANHARD-PRZEDNI-NISSAN-PATROL-FRONT-PANHARD.jpg\",\"contentUrl\":\"https:\/\/cybul.eu\/wp-content\/uploads\/2025\/04\/Patrol-PANHARD-PRZEDNI-NISSAN-PATROL-FRONT-PANHARD.jpg\",\"width\":1600,\"height\":1600},{\"@type\":\"BreadcrumbList\",\"@id\":\"https:\/\/cybul.eu\/pl\/sklep\/nissan-patrol-przedni-drazek-panharda\/#breadcrumb\",\"itemListElement\":[{\"@type\":\"ListItem\",\"position\":1,\"name\":\"Strona g\u0142\u00f3wna\",\"item\":\"https:\/\/cybul.eu\/pl\/\"},{\"@type\":\"ListItem\",\"position\":2,\"name\":\"Sklep\",\"item\":\"https:\/\/cybul.eu\/pl\/sklep\/\"},{\"@type\":\"ListItem\",\"position\":3,\"name\":\"Nissan Patrol &#8211; przedni dr\u0105\u017cek Panharda przed 2000r. z poli\"}]},{\"@type\":\"WebSite\",\"@id\":\"https:\/\/cybul.eu\/pl\/#website\",\"url\":\"https:\/\/cybul.eu\/pl\/\",\"name\":\"CYBUL\",\"description\":\"\",\"potentialAction\":[{\"@type\":\"SearchAction\",\"target\":{\"@type\":\"EntryPoint\",\"urlTemplate\":\"https:\/\/cybul.eu\/pl\/?s={search_term_string}\"},\"query-input\":{\"@type\":\"PropertyValueSpecification\",\"valueRequired\":true,\"valueName\":\"search_term_string\"}}],\"inLanguage\":\"pl-PL\"}]}<\/script>\n<!-- \/ Yoast SEO plugin. -->","yoast_head_json":{"title":"Nissan Patrol - przedni dr\u0105\u017cek Panharda przed 2000r. z poli - CYBUL","robots":{"index":"index","follow":"follow","max-snippet":"max-snippet:-1","max-image-preview":"max-image-preview:large","max-video-preview":"max-video-preview:-1"},"canonical":"https:\/\/cybul.eu\/pl\/sklep\/nissan-patrol-przedni-drazek-panharda\/","og_locale":"pl_PL","og_type":"article","og_title":"Nissan Patrol - przedni dr\u0105\u017cek Panharda przed 2000r. z poli - CYBUL","og_description":"Umo\u017cliwia regulacj\u0119 po\u0142o\u017cenia mostu prawo-lewo","og_url":"https:\/\/cybul.eu\/pl\/sklep\/nissan-patrol-przedni-drazek-panharda\/","og_site_name":"CYBUL","article_modified_time":"2025-06-05T09:56:11+00:00","og_image":[{"width":1600,"height":1600,"url":"https:\/\/cybul.eu\/wp-content\/uploads\/2025\/04\/Patrol-PANHARD-PRZEDNI-NISSAN-PATROL-FRONT-PANHARD.jpg","type":"image\/jpeg"}],"twitter_card":"summary_large_image","schema":{"@context":"https:\/\/schema.org","@graph":[{"@type":"WebPage","@id":"https:\/\/cybul.eu\/pl\/sklep\/nissan-patrol-przedni-drazek-panharda\/","url":"https:\/\/cybul.eu\/pl\/sklep\/nissan-patrol-przedni-drazek-panharda\/","name":"Nissan Patrol - przedni dr\u0105\u017cek Panharda przed 2000r. z poli - CYBUL","isPartOf":{"@id":"https:\/\/cybul.eu\/pl\/#website"},"primaryImageOfPage":{"@id":"https:\/\/cybul.eu\/pl\/sklep\/nissan-patrol-przedni-drazek-panharda\/#primaryimage"},"image":{"@id":"https:\/\/cybul.eu\/pl\/sklep\/nissan-patrol-przedni-drazek-panharda\/#primaryimage"},"thumbnailUrl":"https:\/\/cybul.eu\/wp-content\/uploads\/2025\/04\/Patrol-PANHARD-PRZEDNI-NISSAN-PATROL-FRONT-PANHARD.jpg","datePublished":"2019-05-17T12:32:14+00:00","dateModified":"2025-06-05T09:56:11+00:00","breadcrumb":{"@id":"https:\/\/cybul.eu\/pl\/sklep\/nissan-patrol-przedni-drazek-panharda\/#breadcrumb"},"inLanguage":"pl-PL","potentialAction":[{"@type":"ReadAction","target":["https:\/\/cybul.eu\/pl\/sklep\/nissan-patrol-przedni-drazek-panharda\/"]}]},{"@type":"ImageObject","inLanguage":"pl-PL","@id":"https:\/\/cybul.eu\/pl\/sklep\/nissan-patrol-przedni-drazek-panharda\/#primaryimage","url":"https:\/\/cybul.eu\/wp-content\/uploads\/2025\/04\/Patrol-PANHARD-PRZEDNI-NISSAN-PATROL-FRONT-PANHARD.jpg","contentUrl":"https:\/\/cybul.eu\/wp-content\/uploads\/2025\/04\/Patrol-PANHARD-PRZEDNI-NISSAN-PATROL-FRONT-PANHARD.jpg","width":1600,"height":1600},{"@type":"BreadcrumbList","@id":"https:\/\/cybul.eu\/pl\/sklep\/nissan-patrol-przedni-drazek-panharda\/#breadcrumb","itemListElement":[{"@type":"ListItem","position":1,"name":"Strona g\u0142\u00f3wna","item":"https:\/\/cybul.eu\/pl\/"},{"@type":"ListItem","position":2,"name":"Sklep","item":"https:\/\/cybul.eu\/pl\/sklep\/"},{"@type":"ListItem","position":3,"name":"Nissan Patrol &#8211; przedni dr\u0105\u017cek Panharda przed 2000r. z poli"}]},{"@type":"WebSite","@id":"https:\/\/cybul.eu\/pl\/#website","url":"https:\/\/cybul.eu\/pl\/","name":"CYBUL","description":"","potentialAction":[{"@type":"SearchAction","target":{"@type":"EntryPoint","urlTemplate":"https:\/\/cybul.eu\/pl\/?s={search_term_string}"},"query-input":{"@type":"PropertyValueSpecification","valueRequired":true,"valueName":"search_term_string"}}],"inLanguage":"pl-PL"}]}},"_links":{"self":[{"href":"https:\/\/cybul.eu\/pl\/wp-json\/wp\/v2\/product\/1665","targetHints":{"allow":["GET"]}}],"collection":[{"href":"https:\/\/cybul.eu\/pl\/wp-json\/wp\/v2\/product"}],"about":[{"href":"https:\/\/cybul.eu\/pl\/wp-json\/wp\/v2\/types\/product"}],"replies":[{"embeddable":true,"href":"https:\/\/cybul.eu\/pl\/wp-json\/wp\/v2\/comments?post=1665"}],"wp:featuredmedia":[{"embeddable":true,"href":"https:\/\/cybul.eu\/pl\/wp-json\/wp\/v2\/media\/24518"}],"wp:attachment":[{"href":"https:\/\/cybul.eu\/pl\/wp-json\/wp\/v2\/media?parent=1665"}],"wp:term":[{"taxonomy":"product_cat","embeddable":true,"href":"https:\/\/cybul.eu\/pl\/wp-json\/wp\/v2\/product_cat?post=1665"},{"taxonomy":"product_tag","embeddable":true,"href":"https:\/\/cybul.eu\/pl\/wp-json\/wp\/v2\/product_tag?post=1665"}],"curies":[{"name":"wp","href":"https:\/\/api.w.org\/{rel}","templated":true}]}}