{"id":1656,"date":"2019-05-20T14:24:21","date_gmt":"2019-05-20T12:24:21","guid":{"rendered":"https:\/\/cybul.eu\/shop\/butterfly-brace-do-mazda-mx5-na-nb\/"},"modified":"2025-06-05T11:56:10","modified_gmt":"2025-06-05T09:56:10","slug":"butterfly-brace-do-mazda-mx5-na-nb","status":"publish","type":"product","link":"https:\/\/cybul.eu\/pl\/sklep\/butterfly-brace-do-mazda-mx5-na-nb\/","title":{"rendered":"Butterfly brace do Mazda MX5 NA NB"},"content":{"rendered":"<p>Produkt zaprojektowany z my\u015bl\u0105 o usztywnieniu podwozia w Twojej MX5. \u0141\u0105czy pod\u0142u\u017cnice ze sob\u0105 pod tunelem. Jest to miejsce, kt\u00f3re najbardziej &#8222;pracuje&#8221; podczas dynamicznej jazdy.<\/p>\n<p>Butterfly brace zwi\u0119ksza sztywno\u015b\u0107 nadwozia o ponad 20%. R\u00f3\u017cnica jest znacz\u0105ca. Poprawia si\u0119 reakcja na ruch kierownic\u0105 i zwi\u0119ksza si\u0119 czucie drogi.<\/p>\n<p>Ten produkt jest dodatkiem do Frame rails&#8217;\u00f3w naszej produkcji. Je\u015bli jaki\u015b czas temu kupi\u0142e\u0107 od nas FR i chcia\u0142 by\u015b dodatkowo usztywni\u0107 swoj\u0105 Miat\u0119, teraz masz tak\u0105 mo\u017cliwo\u015b\u0107!<\/p>\n<p>Wyci\u0119te laserem ze stali nierdzewnej o grubo\u015bci 2mm, gi\u0119te na prasie CNC. W zestawie znajduje si\u0119 zestaw \u015brub i nakr\u0119tek potrzebnych do monta\u017cu.<\/p>\n<p>Przykr\u0119cane do nadwozia w miejscu mocowa\u0144 frame rails&#8217;\u00f3w<\/p>\n","protected":false},"excerpt":{"rendered":"<p>Zwi\u0119ksza sztywno\u015b\u0107 nadwozia o ponad 20%<\/p>\n","protected":false},"featured_media":24542,"comment_status":"open","ping_status":"open","template":"","meta":[],"product_cat":[387,388,284],"product_tag":[346,347],"class_list":{"0":"post-1656","1":"product","2":"type-product","3":"status-publish","4":"has-post-thumbnail","6":"product_cat-mx5-na-pl","7":"product_cat-mx5-nb-pl","8":"product_cat-mazda-pl","9":"product_tag-mx5-pl","10":"product_tag-mx5-podwozie-i-nadwozie","12":"first","13":"instock","14":"taxable","15":"shipping-taxable","16":"purchasable","17":"product-type-simple"},"bundled_by":[],"bundle_stock_status":"instock","bundle_stock_quantity":null,"bundle_virtual":false,"bundle_layout":"","bundle_add_to_cart_form_location":"","bundle_editable_in_cart":false,"bundle_sold_individually_context":"","bundle_item_grouping":"","bundle_min_size":"","bundle_max_size":"","bundle_price":[],"bundled_items":[],"bundle_sell_ids":[],"acf":{"zdjecie_bez_watermarka":null,"zdjecie_bez_watermarka_url":"","product_orgin_url":""},"yoast_head":"<!-- This site is optimized with the Yoast SEO plugin v23.9 - https:\/\/yoast.com\/wordpress\/plugins\/seo\/ -->\n<title>Butterfly brace do Mazda MX5 NA NB - CYBUL<\/title>\n<meta name=\"robots\" content=\"index, follow, max-snippet:-1, max-image-preview:large, max-video-preview:-1\" \/>\n<link rel=\"canonical\" href=\"https:\/\/cybul.eu\/pl\/sklep\/butterfly-brace-do-mazda-mx5-na-nb\/\" \/>\n<meta property=\"og:locale\" content=\"pl_PL\" \/>\n<meta property=\"og:type\" content=\"article\" \/>\n<meta property=\"og:title\" content=\"Butterfly brace do Mazda MX5 NA NB - CYBUL\" \/>\n<meta property=\"og:description\" content=\"Zwi\u0119ksza sztywno\u015b\u0107 nadwozia o ponad 20%\" \/>\n<meta property=\"og:url\" content=\"https:\/\/cybul.eu\/pl\/sklep\/butterfly-brace-do-mazda-mx5-na-nb\/\" \/>\n<meta property=\"og:site_name\" content=\"CYBUL\" \/>\n<meta property=\"article:modified_time\" content=\"2025-06-05T09:56:10+00:00\" \/>\n<meta property=\"og:image\" content=\"https:\/\/cybul.eu\/wp-content\/uploads\/2025\/04\/Mazda-MX5-X-brace.jpg\" \/>\n\t<meta property=\"og:image:width\" content=\"800\" \/>\n\t<meta property=\"og:image:height\" content=\"800\" \/>\n\t<meta property=\"og:image:type\" content=\"image\/jpeg\" \/>\n<meta name=\"twitter:card\" content=\"summary_large_image\" \/>\n<meta name=\"twitter:label1\" content=\"Szacowany czas czytania\" \/>\n\t<meta name=\"twitter:data1\" content=\"1 minuta\" \/>\n<script type=\"application\/ld+json\" class=\"yoast-schema-graph\">{\"@context\":\"https:\/\/schema.org\",\"@graph\":[{\"@type\":\"WebPage\",\"@id\":\"https:\/\/cybul.eu\/pl\/sklep\/butterfly-brace-do-mazda-mx5-na-nb\/\",\"url\":\"https:\/\/cybul.eu\/pl\/sklep\/butterfly-brace-do-mazda-mx5-na-nb\/\",\"name\":\"Butterfly brace do Mazda MX5 NA NB - CYBUL\",\"isPartOf\":{\"@id\":\"https:\/\/cybul.eu\/pl\/#website\"},\"primaryImageOfPage\":{\"@id\":\"https:\/\/cybul.eu\/pl\/sklep\/butterfly-brace-do-mazda-mx5-na-nb\/#primaryimage\"},\"image\":{\"@id\":\"https:\/\/cybul.eu\/pl\/sklep\/butterfly-brace-do-mazda-mx5-na-nb\/#primaryimage\"},\"thumbnailUrl\":\"https:\/\/cybul.eu\/wp-content\/uploads\/2025\/04\/Mazda-MX5-X-brace.jpg\",\"datePublished\":\"2019-05-20T12:24:21+00:00\",\"dateModified\":\"2025-06-05T09:56:10+00:00\",\"breadcrumb\":{\"@id\":\"https:\/\/cybul.eu\/pl\/sklep\/butterfly-brace-do-mazda-mx5-na-nb\/#breadcrumb\"},\"inLanguage\":\"pl-PL\",\"potentialAction\":[{\"@type\":\"ReadAction\",\"target\":[\"https:\/\/cybul.eu\/pl\/sklep\/butterfly-brace-do-mazda-mx5-na-nb\/\"]}]},{\"@type\":\"ImageObject\",\"inLanguage\":\"pl-PL\",\"@id\":\"https:\/\/cybul.eu\/pl\/sklep\/butterfly-brace-do-mazda-mx5-na-nb\/#primaryimage\",\"url\":\"https:\/\/cybul.eu\/wp-content\/uploads\/2025\/04\/Mazda-MX5-X-brace.jpg\",\"contentUrl\":\"https:\/\/cybul.eu\/wp-content\/uploads\/2025\/04\/Mazda-MX5-X-brace.jpg\",\"width\":800,\"height\":800},{\"@type\":\"BreadcrumbList\",\"@id\":\"https:\/\/cybul.eu\/pl\/sklep\/butterfly-brace-do-mazda-mx5-na-nb\/#breadcrumb\",\"itemListElement\":[{\"@type\":\"ListItem\",\"position\":1,\"name\":\"Strona g\u0142\u00f3wna\",\"item\":\"https:\/\/cybul.eu\/pl\/\"},{\"@type\":\"ListItem\",\"position\":2,\"name\":\"Sklep\",\"item\":\"https:\/\/cybul.eu\/pl\/sklep\/\"},{\"@type\":\"ListItem\",\"position\":3,\"name\":\"Butterfly brace do Mazda MX5 NA NB\"}]},{\"@type\":\"WebSite\",\"@id\":\"https:\/\/cybul.eu\/pl\/#website\",\"url\":\"https:\/\/cybul.eu\/pl\/\",\"name\":\"CYBUL\",\"description\":\"\",\"potentialAction\":[{\"@type\":\"SearchAction\",\"target\":{\"@type\":\"EntryPoint\",\"urlTemplate\":\"https:\/\/cybul.eu\/pl\/?s={search_term_string}\"},\"query-input\":{\"@type\":\"PropertyValueSpecification\",\"valueRequired\":true,\"valueName\":\"search_term_string\"}}],\"inLanguage\":\"pl-PL\"}]}<\/script>\n<!-- \/ Yoast SEO plugin. -->","yoast_head_json":{"title":"Butterfly brace do Mazda MX5 NA NB - CYBUL","robots":{"index":"index","follow":"follow","max-snippet":"max-snippet:-1","max-image-preview":"max-image-preview:large","max-video-preview":"max-video-preview:-1"},"canonical":"https:\/\/cybul.eu\/pl\/sklep\/butterfly-brace-do-mazda-mx5-na-nb\/","og_locale":"pl_PL","og_type":"article","og_title":"Butterfly brace do Mazda MX5 NA NB - CYBUL","og_description":"Zwi\u0119ksza sztywno\u015b\u0107 nadwozia o ponad 20%","og_url":"https:\/\/cybul.eu\/pl\/sklep\/butterfly-brace-do-mazda-mx5-na-nb\/","og_site_name":"CYBUL","article_modified_time":"2025-06-05T09:56:10+00:00","og_image":[{"width":800,"height":800,"url":"https:\/\/cybul.eu\/wp-content\/uploads\/2025\/04\/Mazda-MX5-X-brace.jpg","type":"image\/jpeg"}],"twitter_card":"summary_large_image","twitter_misc":{"Szacowany czas czytania":"1 minuta"},"schema":{"@context":"https:\/\/schema.org","@graph":[{"@type":"WebPage","@id":"https:\/\/cybul.eu\/pl\/sklep\/butterfly-brace-do-mazda-mx5-na-nb\/","url":"https:\/\/cybul.eu\/pl\/sklep\/butterfly-brace-do-mazda-mx5-na-nb\/","name":"Butterfly brace do Mazda MX5 NA NB - CYBUL","isPartOf":{"@id":"https:\/\/cybul.eu\/pl\/#website"},"primaryImageOfPage":{"@id":"https:\/\/cybul.eu\/pl\/sklep\/butterfly-brace-do-mazda-mx5-na-nb\/#primaryimage"},"image":{"@id":"https:\/\/cybul.eu\/pl\/sklep\/butterfly-brace-do-mazda-mx5-na-nb\/#primaryimage"},"thumbnailUrl":"https:\/\/cybul.eu\/wp-content\/uploads\/2025\/04\/Mazda-MX5-X-brace.jpg","datePublished":"2019-05-20T12:24:21+00:00","dateModified":"2025-06-05T09:56:10+00:00","breadcrumb":{"@id":"https:\/\/cybul.eu\/pl\/sklep\/butterfly-brace-do-mazda-mx5-na-nb\/#breadcrumb"},"inLanguage":"pl-PL","potentialAction":[{"@type":"ReadAction","target":["https:\/\/cybul.eu\/pl\/sklep\/butterfly-brace-do-mazda-mx5-na-nb\/"]}]},{"@type":"ImageObject","inLanguage":"pl-PL","@id":"https:\/\/cybul.eu\/pl\/sklep\/butterfly-brace-do-mazda-mx5-na-nb\/#primaryimage","url":"https:\/\/cybul.eu\/wp-content\/uploads\/2025\/04\/Mazda-MX5-X-brace.jpg","contentUrl":"https:\/\/cybul.eu\/wp-content\/uploads\/2025\/04\/Mazda-MX5-X-brace.jpg","width":800,"height":800},{"@type":"BreadcrumbList","@id":"https:\/\/cybul.eu\/pl\/sklep\/butterfly-brace-do-mazda-mx5-na-nb\/#breadcrumb","itemListElement":[{"@type":"ListItem","position":1,"name":"Strona g\u0142\u00f3wna","item":"https:\/\/cybul.eu\/pl\/"},{"@type":"ListItem","position":2,"name":"Sklep","item":"https:\/\/cybul.eu\/pl\/sklep\/"},{"@type":"ListItem","position":3,"name":"Butterfly brace do Mazda MX5 NA NB"}]},{"@type":"WebSite","@id":"https:\/\/cybul.eu\/pl\/#website","url":"https:\/\/cybul.eu\/pl\/","name":"CYBUL","description":"","potentialAction":[{"@type":"SearchAction","target":{"@type":"EntryPoint","urlTemplate":"https:\/\/cybul.eu\/pl\/?s={search_term_string}"},"query-input":{"@type":"PropertyValueSpecification","valueRequired":true,"valueName":"search_term_string"}}],"inLanguage":"pl-PL"}]}},"_links":{"self":[{"href":"https:\/\/cybul.eu\/pl\/wp-json\/wp\/v2\/product\/1656","targetHints":{"allow":["GET"]}}],"collection":[{"href":"https:\/\/cybul.eu\/pl\/wp-json\/wp\/v2\/product"}],"about":[{"href":"https:\/\/cybul.eu\/pl\/wp-json\/wp\/v2\/types\/product"}],"replies":[{"embeddable":true,"href":"https:\/\/cybul.eu\/pl\/wp-json\/wp\/v2\/comments?post=1656"}],"wp:featuredmedia":[{"embeddable":true,"href":"https:\/\/cybul.eu\/pl\/wp-json\/wp\/v2\/media\/24542"}],"wp:attachment":[{"href":"https:\/\/cybul.eu\/pl\/wp-json\/wp\/v2\/media?parent=1656"}],"wp:term":[{"taxonomy":"product_cat","embeddable":true,"href":"https:\/\/cybul.eu\/pl\/wp-json\/wp\/v2\/product_cat?post=1656"},{"taxonomy":"product_tag","embeddable":true,"href":"https:\/\/cybul.eu\/pl\/wp-json\/wp\/v2\/product_tag?post=1656"}],"curies":[{"name":"wp","href":"https:\/\/api.w.org\/{rel}","templated":true}]}}