{"id":15721,"date":"2024-06-20T17:25:44","date_gmt":"2024-06-20T15:25:44","guid":{"rendered":"https:\/\/cybul.eu\/shop\/zestaw-sprzegla-xtreme-performance-mazda-mx-5-na-kmz22506-1c\/"},"modified":"2024-06-20T17:25:50","modified_gmt":"2024-06-20T15:25:50","slug":"zestaw-sprzegla-xtreme-performance-mazda-mx-5-na-kmz22506-1c","status":"publish","type":"product","link":"https:\/\/cybul.eu\/pl\/sklep\/zestaw-sprzegla-xtreme-performance-mazda-mx-5-na-kmz22506-1c\/","title":{"rendered":"ZESTAW SPRZ\u0118G\u0141A XTREME PERFORMANCE MAZDA MX-5 NA &#8211; KMZ22506-1C"},"content":{"rendered":"<p><strong>Zestaw sprz\u0119g\u0142a Xtreme Performance Mazda MX-5 NA &#8211; KMZ22506-1C<\/strong><\/p>\n<p>Numer katalogowy: <strong>KMZ22506-1C<\/strong><\/p>\n<p><strong>Pasuje do:<\/strong><\/p>\n<p>&#8211; MAZDA MX-5 I (NA) 1.8 (NA8C) 1993.01-1998.04 BP (DOHC), BPF1, BP-ZE 1840 Petrol 96 kW 130 BHP<\/p>\n<p>Specyfikacja:<br \/>\n<strong>\u015arednica tarczy sprz\u0119g\u0142a (mm): <\/strong>225<\/p>\n<p><strong>Ilo\u015b\u0107 z\u0119b\u00f3w: <\/strong>22<br \/>\n<strong>\u015arednica wieloklinu sprz\u0119g\u0142a (mm): <\/strong>24.5<br \/>\n<strong>Moment obrotowy (Nm): <\/strong>450<br \/>\n<strong>Skok ko\u0142a zamachowego: <\/strong>-20.0mm<br \/>\n<strong>Konstrukcja: <\/strong>Single Plate<br \/>\n<strong>Biuletyn techniczny: <\/strong><br \/>\n<strong>Si\u0142a docisku: <\/strong><br \/>\n<strong>Rekomendowane do: <\/strong>Track &#8211; Stage 2<\/p>\n<p><style scoped=\"\">li::marker {color: #CC0099;}<\/style>\n<\/p>\n<div style=\"color: #CC0099;font-size: 23px;\"><b>Xtreme Performance &#8211; Cushioned Ceramic kit \/-1C<\/b><\/div>\n<p><b>Recommended for: Motorsport Applications<\/b><\/p>\n<p>These kits are available with cushioned ceramic friction discs and are designed for motorsport applications where higher heat and torque capacity is required. These can also be used in some road applications.<\/p>\n<div style=\"color: #CC0099;\"><b>Specifications:<\/b><\/div>\n<ul>\n<li>Torque capacity <b>450Nm<\/b><\/li>\n<li>Clamp load <b>Increased<\/b> over standard<\/li>\n<li>Cushioned Ceramic Friction Disc<\/li>\n<li>Heavy Duty Pressure Plate<\/li>\n<li>Kit contains <b>everything you need<\/b> for a successful installation + accessories<\/li>\n<\/ul>\n<p>The Xtreme Clutch cushioned ceramic range of upgrades offers exceptional heat capacity and torque capacity whilst providing cushioning between the friction surfaces of the disc, ensuring excellent driveability. The discs still retain the sprung hub that helps to reduce shock loading. These kits are commonly used in vehicles that are used on the road occasionally but mainly focused on track applications.<\/p>\n<div style=\"color: #CC0099;\"><b>Xtreme Performance<\/b><\/div>\n<p>At Xtreme Clutch, we strive to offer a variety of clutch options for each vehicle to ensure a clutch solution is available for every vehicle application. Whether you are modifying a road vehicle or building a race car from scratch, we have the clutch solution for you. Our upgrades are divided into different stages depending on the friction disc material and the number of friction discs.<\/p>\n<div style=\"color: #CC0099;\"><b>What&#8217;s in the Box?<\/b><\/div>\n<p>Xtreme Performance upgrade kits are available with everything you need for a successful installation + accessories you may want to upgrade or replace while the gearbox is out of the vehicle.<\/p>\n","protected":false},"excerpt":{"rendered":"<li>Torque capacity <b>450Nm<\/b><\/li>\n","protected":false},"featured_media":15530,"comment_status":"closed","ping_status":"open","template":"","meta":[],"product_cat":[387,284],"product_tag":[],"class_list":{"0":"post-15721","1":"product","2":"type-product","3":"status-publish","4":"has-post-thumbnail","6":"product_cat-mx5-na-pl","7":"product_cat-mazda-pl","9":"first","10":"instock","11":"taxable","12":"shipping-taxable","13":"purchasable","14":"product-type-simple"},"bundled_by":[],"bundle_stock_status":"instock","bundle_stock_quantity":null,"bundle_virtual":false,"bundle_layout":"","bundle_add_to_cart_form_location":"","bundle_editable_in_cart":false,"bundle_sold_individually_context":"","bundle_item_grouping":"","bundle_min_size":"","bundle_max_size":"","bundle_price":[],"bundled_items":[],"bundle_sell_ids":[],"acf":{"zdjecie_bez_watermarka":null,"zdjecie_bez_watermarka_url":"","product_orgin_url":"https:\/\/inter-rally.pl\/product-eng-185506-Zestaw-sprzegla-Xtreme-Performance-Mazda-MX-5-NA-KMZ22506-1C.html"},"yoast_head":"<!-- This site is optimized with the Yoast SEO plugin v23.9 - https:\/\/yoast.com\/wordpress\/plugins\/seo\/ -->\n<title>ZESTAW SPRZ\u0118G\u0141A XTREME PERFORMANCE MAZDA MX-5 NA - KMZ22506-1C - CYBUL<\/title>\n<meta name=\"robots\" content=\"index, follow, max-snippet:-1, max-image-preview:large, max-video-preview:-1\" \/>\n<link rel=\"canonical\" href=\"https:\/\/cybul.eu\/pl\/sklep\/zestaw-sprzegla-xtreme-performance-mazda-mx-5-na-kmz22506-1c\/\" \/>\n<meta property=\"og:locale\" content=\"pl_PL\" \/>\n<meta property=\"og:type\" content=\"article\" \/>\n<meta property=\"og:title\" content=\"ZESTAW SPRZ\u0118G\u0141A XTREME PERFORMANCE MAZDA MX-5 NA - KMZ22506-1C - CYBUL\" \/>\n<meta property=\"og:description\" content=\"Torque capacity 450Nm\" \/>\n<meta property=\"og:url\" content=\"https:\/\/cybul.eu\/pl\/sklep\/zestaw-sprzegla-xtreme-performance-mazda-mx-5-na-kmz22506-1c\/\" \/>\n<meta property=\"og:site_name\" content=\"CYBUL\" \/>\n<meta property=\"article:modified_time\" content=\"2024-06-20T15:25:50+00:00\" \/>\n<meta property=\"og:image\" content=\"https:\/\/cybul.eu\/wp-content\/uploads\/2024\/06\/pol_pl_Zestaw-sprzegla-Xtreme-Performance-Mazda-MX-5-NA-KMZ22506-1C-185506_1.jpg\" \/>\n\t<meta property=\"og:image:width\" content=\"900\" \/>\n\t<meta property=\"og:image:height\" content=\"600\" \/>\n\t<meta property=\"og:image:type\" content=\"image\/jpeg\" \/>\n<meta name=\"twitter:card\" content=\"summary_large_image\" \/>\n<meta name=\"twitter:label1\" content=\"Szacowany czas czytania\" \/>\n\t<meta name=\"twitter:data1\" content=\"2 minuty\" \/>\n<script type=\"application\/ld+json\" class=\"yoast-schema-graph\">{\"@context\":\"https:\/\/schema.org\",\"@graph\":[{\"@type\":\"WebPage\",\"@id\":\"https:\/\/cybul.eu\/pl\/sklep\/zestaw-sprzegla-xtreme-performance-mazda-mx-5-na-kmz22506-1c\/\",\"url\":\"https:\/\/cybul.eu\/pl\/sklep\/zestaw-sprzegla-xtreme-performance-mazda-mx-5-na-kmz22506-1c\/\",\"name\":\"ZESTAW SPRZ\u0118G\u0141A XTREME PERFORMANCE MAZDA MX-5 NA - KMZ22506-1C - CYBUL\",\"isPartOf\":{\"@id\":\"https:\/\/cybul.eu\/pl\/#website\"},\"primaryImageOfPage\":{\"@id\":\"https:\/\/cybul.eu\/pl\/sklep\/zestaw-sprzegla-xtreme-performance-mazda-mx-5-na-kmz22506-1c\/#primaryimage\"},\"image\":{\"@id\":\"https:\/\/cybul.eu\/pl\/sklep\/zestaw-sprzegla-xtreme-performance-mazda-mx-5-na-kmz22506-1c\/#primaryimage\"},\"thumbnailUrl\":\"https:\/\/cybul.eu\/wp-content\/uploads\/2024\/06\/pol_pl_Zestaw-sprzegla-Xtreme-Performance-Mazda-MX-5-NA-KMZ22506-1C-185506_1.jpg\",\"datePublished\":\"2024-06-20T15:25:44+00:00\",\"dateModified\":\"2024-06-20T15:25:50+00:00\",\"breadcrumb\":{\"@id\":\"https:\/\/cybul.eu\/pl\/sklep\/zestaw-sprzegla-xtreme-performance-mazda-mx-5-na-kmz22506-1c\/#breadcrumb\"},\"inLanguage\":\"pl-PL\",\"potentialAction\":[{\"@type\":\"ReadAction\",\"target\":[\"https:\/\/cybul.eu\/pl\/sklep\/zestaw-sprzegla-xtreme-performance-mazda-mx-5-na-kmz22506-1c\/\"]}]},{\"@type\":\"ImageObject\",\"inLanguage\":\"pl-PL\",\"@id\":\"https:\/\/cybul.eu\/pl\/sklep\/zestaw-sprzegla-xtreme-performance-mazda-mx-5-na-kmz22506-1c\/#primaryimage\",\"url\":\"https:\/\/cybul.eu\/wp-content\/uploads\/2024\/06\/pol_pl_Zestaw-sprzegla-Xtreme-Performance-Mazda-MX-5-NA-KMZ22506-1C-185506_1.jpg\",\"contentUrl\":\"https:\/\/cybul.eu\/wp-content\/uploads\/2024\/06\/pol_pl_Zestaw-sprzegla-Xtreme-Performance-Mazda-MX-5-NA-KMZ22506-1C-185506_1.jpg\",\"width\":900,\"height\":600},{\"@type\":\"BreadcrumbList\",\"@id\":\"https:\/\/cybul.eu\/pl\/sklep\/zestaw-sprzegla-xtreme-performance-mazda-mx-5-na-kmz22506-1c\/#breadcrumb\",\"itemListElement\":[{\"@type\":\"ListItem\",\"position\":1,\"name\":\"Strona g\u0142\u00f3wna\",\"item\":\"https:\/\/cybul.eu\/pl\/\"},{\"@type\":\"ListItem\",\"position\":2,\"name\":\"Sklep\",\"item\":\"https:\/\/cybul.eu\/pl\/sklep\/\"},{\"@type\":\"ListItem\",\"position\":3,\"name\":\"ZESTAW SPRZ\u0118G\u0141A XTREME PERFORMANCE MAZDA MX-5 NA &#8211; KMZ22506-1C\"}]},{\"@type\":\"WebSite\",\"@id\":\"https:\/\/cybul.eu\/pl\/#website\",\"url\":\"https:\/\/cybul.eu\/pl\/\",\"name\":\"CYBUL\",\"description\":\"\",\"potentialAction\":[{\"@type\":\"SearchAction\",\"target\":{\"@type\":\"EntryPoint\",\"urlTemplate\":\"https:\/\/cybul.eu\/pl\/?s={search_term_string}\"},\"query-input\":{\"@type\":\"PropertyValueSpecification\",\"valueRequired\":true,\"valueName\":\"search_term_string\"}}],\"inLanguage\":\"pl-PL\"}]}<\/script>\n<!-- \/ Yoast SEO plugin. -->","yoast_head_json":{"title":"ZESTAW SPRZ\u0118G\u0141A XTREME PERFORMANCE MAZDA MX-5 NA - KMZ22506-1C - CYBUL","robots":{"index":"index","follow":"follow","max-snippet":"max-snippet:-1","max-image-preview":"max-image-preview:large","max-video-preview":"max-video-preview:-1"},"canonical":"https:\/\/cybul.eu\/pl\/sklep\/zestaw-sprzegla-xtreme-performance-mazda-mx-5-na-kmz22506-1c\/","og_locale":"pl_PL","og_type":"article","og_title":"ZESTAW SPRZ\u0118G\u0141A XTREME PERFORMANCE MAZDA MX-5 NA - KMZ22506-1C - CYBUL","og_description":"Torque capacity 450Nm","og_url":"https:\/\/cybul.eu\/pl\/sklep\/zestaw-sprzegla-xtreme-performance-mazda-mx-5-na-kmz22506-1c\/","og_site_name":"CYBUL","article_modified_time":"2024-06-20T15:25:50+00:00","og_image":[{"width":900,"height":600,"url":"https:\/\/cybul.eu\/wp-content\/uploads\/2024\/06\/pol_pl_Zestaw-sprzegla-Xtreme-Performance-Mazda-MX-5-NA-KMZ22506-1C-185506_1.jpg","type":"image\/jpeg"}],"twitter_card":"summary_large_image","twitter_misc":{"Szacowany czas czytania":"2 minuty"},"schema":{"@context":"https:\/\/schema.org","@graph":[{"@type":"WebPage","@id":"https:\/\/cybul.eu\/pl\/sklep\/zestaw-sprzegla-xtreme-performance-mazda-mx-5-na-kmz22506-1c\/","url":"https:\/\/cybul.eu\/pl\/sklep\/zestaw-sprzegla-xtreme-performance-mazda-mx-5-na-kmz22506-1c\/","name":"ZESTAW SPRZ\u0118G\u0141A XTREME PERFORMANCE MAZDA MX-5 NA - KMZ22506-1C - CYBUL","isPartOf":{"@id":"https:\/\/cybul.eu\/pl\/#website"},"primaryImageOfPage":{"@id":"https:\/\/cybul.eu\/pl\/sklep\/zestaw-sprzegla-xtreme-performance-mazda-mx-5-na-kmz22506-1c\/#primaryimage"},"image":{"@id":"https:\/\/cybul.eu\/pl\/sklep\/zestaw-sprzegla-xtreme-performance-mazda-mx-5-na-kmz22506-1c\/#primaryimage"},"thumbnailUrl":"https:\/\/cybul.eu\/wp-content\/uploads\/2024\/06\/pol_pl_Zestaw-sprzegla-Xtreme-Performance-Mazda-MX-5-NA-KMZ22506-1C-185506_1.jpg","datePublished":"2024-06-20T15:25:44+00:00","dateModified":"2024-06-20T15:25:50+00:00","breadcrumb":{"@id":"https:\/\/cybul.eu\/pl\/sklep\/zestaw-sprzegla-xtreme-performance-mazda-mx-5-na-kmz22506-1c\/#breadcrumb"},"inLanguage":"pl-PL","potentialAction":[{"@type":"ReadAction","target":["https:\/\/cybul.eu\/pl\/sklep\/zestaw-sprzegla-xtreme-performance-mazda-mx-5-na-kmz22506-1c\/"]}]},{"@type":"ImageObject","inLanguage":"pl-PL","@id":"https:\/\/cybul.eu\/pl\/sklep\/zestaw-sprzegla-xtreme-performance-mazda-mx-5-na-kmz22506-1c\/#primaryimage","url":"https:\/\/cybul.eu\/wp-content\/uploads\/2024\/06\/pol_pl_Zestaw-sprzegla-Xtreme-Performance-Mazda-MX-5-NA-KMZ22506-1C-185506_1.jpg","contentUrl":"https:\/\/cybul.eu\/wp-content\/uploads\/2024\/06\/pol_pl_Zestaw-sprzegla-Xtreme-Performance-Mazda-MX-5-NA-KMZ22506-1C-185506_1.jpg","width":900,"height":600},{"@type":"BreadcrumbList","@id":"https:\/\/cybul.eu\/pl\/sklep\/zestaw-sprzegla-xtreme-performance-mazda-mx-5-na-kmz22506-1c\/#breadcrumb","itemListElement":[{"@type":"ListItem","position":1,"name":"Strona g\u0142\u00f3wna","item":"https:\/\/cybul.eu\/pl\/"},{"@type":"ListItem","position":2,"name":"Sklep","item":"https:\/\/cybul.eu\/pl\/sklep\/"},{"@type":"ListItem","position":3,"name":"ZESTAW SPRZ\u0118G\u0141A XTREME PERFORMANCE MAZDA MX-5 NA &#8211; KMZ22506-1C"}]},{"@type":"WebSite","@id":"https:\/\/cybul.eu\/pl\/#website","url":"https:\/\/cybul.eu\/pl\/","name":"CYBUL","description":"","potentialAction":[{"@type":"SearchAction","target":{"@type":"EntryPoint","urlTemplate":"https:\/\/cybul.eu\/pl\/?s={search_term_string}"},"query-input":{"@type":"PropertyValueSpecification","valueRequired":true,"valueName":"search_term_string"}}],"inLanguage":"pl-PL"}]}},"_links":{"self":[{"href":"https:\/\/cybul.eu\/pl\/wp-json\/wp\/v2\/product\/15721","targetHints":{"allow":["GET"]}}],"collection":[{"href":"https:\/\/cybul.eu\/pl\/wp-json\/wp\/v2\/product"}],"about":[{"href":"https:\/\/cybul.eu\/pl\/wp-json\/wp\/v2\/types\/product"}],"replies":[{"embeddable":true,"href":"https:\/\/cybul.eu\/pl\/wp-json\/wp\/v2\/comments?post=15721"}],"wp:featuredmedia":[{"embeddable":true,"href":"https:\/\/cybul.eu\/pl\/wp-json\/wp\/v2\/media\/15530"}],"wp:attachment":[{"href":"https:\/\/cybul.eu\/pl\/wp-json\/wp\/v2\/media?parent=15721"}],"wp:term":[{"taxonomy":"product_cat","embeddable":true,"href":"https:\/\/cybul.eu\/pl\/wp-json\/wp\/v2\/product_cat?post=15721"},{"taxonomy":"product_tag","embeddable":true,"href":"https:\/\/cybul.eu\/pl\/wp-json\/wp\/v2\/product_tag?post=15721"}],"curies":[{"name":"wp","href":"https:\/\/api.w.org\/{rel}","templated":true}]}}