{"id":15714,"date":"2024-06-20T17:25:44","date_gmt":"2024-06-20T15:25:44","guid":{"rendered":"https:\/\/cybul.eu\/shop\/zestaw-sprzegla-xtreme-motorsport-mazda-mx-5-na-kmz18506-2e\/"},"modified":"2024-06-20T17:25:45","modified_gmt":"2024-06-20T15:25:45","slug":"zestaw-sprzegla-xtreme-motorsport-mazda-mx-5-na-kmz18506-2e","status":"publish","type":"product","link":"https:\/\/cybul.eu\/pl\/sklep\/zestaw-sprzegla-xtreme-motorsport-mazda-mx-5-na-kmz18506-2e\/","title":{"rendered":"ZESTAW SPRZ\u0118G\u0141A XTREME MOTORSPORT MAZDA MX-5 NA &#8211; KMZ18506-2E"},"content":{"rendered":"<p><strong>Zestaw sprz\u0119g\u0142a Xtreme Motorsport Mazda MX-5 NA &#8211; KMZ18506-2E<\/strong><\/p>\n<p>Numer katalogowy: <strong>KMZ18506-2E<\/strong><\/p>\n<p><strong>Pasuje do:<\/strong><\/p>\n<p>&#8211; MAZDA MX-5 I (NA) 1.8 (NA8C) 1993.01-1998.04 BP (DOHC), BPF1, BP-ZE 1840 Petrol 96 kW 130 BHP<\/p>\n<p>Specyfikacja:<br \/>\n<strong>\u015arednica tarczy sprz\u0119g\u0142a (mm): <\/strong>184<\/p>\n<p><strong>Ilo\u015b\u0107 z\u0119b\u00f3w: <\/strong>22<br \/>\n<strong>\u015arednica wieloklinu sprz\u0119g\u0142a (mm): <\/strong>24.5<br \/>\n<strong>Moment obrotowy (Nm): <\/strong>1220<br \/>\n<strong>Skok ko\u0142a zamachowego: <\/strong><br \/>\n<strong>Konstrukcja: <\/strong>Twin Plate<br \/>\n<strong>Biuletyn techniczny: <\/strong><br \/>\n<strong>Si\u0142a docisku: <\/strong><br \/>\n<strong>Rekomendowane do: <\/strong>Motorsport<\/p>\n<p><style scoped=\"\"> li::marker { color: #CC0099; } <\/style>\n<\/p>\n<div style=\"color: #CC0099;font-size: 23px;\"><b>Xtreme Motorsport 200mm twin plate<\/b><\/div>\n<p><b>The Xtreme 200mm Race Clutch was developed with a focus on those interested in a cost-effective alternative compared to other race style clutch kits on the market but without having to compromise on quality.The 200mm Race Clutch Kits consist of a Billet Flywheel, Solid-centered Ceramic Clutch Plates, Cover assembly, Thrust Bearing &amp; Carrier \/ or the Internal Concentric Slave Cylinder (CSC). <\/p>\n<div style=\"display: flex; justify-content: space-between;\">\n<div>\n<h3 style=\"color: #CC0099;font-size: 23px;\">Product Features:<\/h3>\n<ul style=\"font-size:15px; float:left;\">\n<li>Torque capacity <b>1200Nm<\/b><\/li>\n<li>Kit contains <b>everything you need<\/b> for a successful installation + accessories<\/li>\n<li>Rigid driven discs (individual hubs)<\/li>\n<li>Push type billet alloy cover<\/li>\n<li>4140 Chromoly pressure &amp; intermediate plates<\/li>\n<li>Hardened steel wear posts<\/li>\n<li>Low inertia<\/li>\n<li>Serviceable components<\/li>\n<li>SFI certified design<\/li>\n<\/ul>\n<\/div>\n<p> <img decoding=\"async\" src=\"https:\/\/cybul.eu\/wp-content\/uploads\/2024\/06\/xPlate200mm-2E.jpg\" style=\"width:200px; max-height: 240px; float:left;\"> <\/p>\n<div style=\"width: 100%; display: flex; justify-content: flex-end;\"><img decoding=\"async\" src=\"https:\/\/cybul.eu\/wp-content\/uploads\/2024\/06\/xClutch200mm-2E.jpg\" style=\"width:250px;\"><\/div>\n<\/div>\n<style type=\"text\/css\">.table { margin: 0 auto; border-collapse: collapse; font-size: 12px; width: 100%; } .table tr td { border: 1px solid silver; text-align: center; font-size: 12px; } .xtc { background-color: #f8f8f8; }<\/style>\n<div style=\"display: flex;\">\n<div><img decoding=\"async\" src=\"https:\/\/cybul.eu\/wp-content\/uploads\/2024\/06\/xtechSpec2.jpg\" style=\"width:350px; height: 100%;\"><\/div>\n<table class=\"table\">\n<tbody>\n<tr>\n<td class=\"xtc\">Clamping Force<\/td>\n<td>1000kg<\/td>\n<\/tr>\n<tr>\n<td class=\"xtc\">Torque Rating<\/td>\n<td>1200Nm<\/td>\n<\/tr>\n<tr>\n<td class=\"xtc\">Bearing Contact Diameter<\/td>\n<td>44-52mm<\/td>\n<\/tr>\n<tr>\n<td class=\"xtc\">Bearing Load (@ 48mm)<\/td>\n<td>218kg<\/td>\n<\/tr>\n<tr>\n<td class=\"xtc\">Release Travel Required<\/td>\n<td>6mm<\/td>\n<\/tr>\n<tr>\n<td class=\"xtc\">Assembly Mass (without flywheel)<\/td>\n<td>7kg<\/td>\n<\/tr>\n<tr>\n<td class=\"xtc\">Disc Set Static Mass<\/td>\n<td>1.75kg<\/td>\n<\/tr>\n<tr>\n<td class=\"xtc\">Friction Thickness New<\/td>\n<td>7mm (0.275&amp;quot;)<\/td>\n<\/tr>\n<tr>\n<td class=\"xtc\">Friction Thickness Worn<\/td>\n<td>6.48mm (0.255&amp;quot;)<\/td>\n<\/tr>\n<\/tbody>\n<\/table>\n<\/div>\n<p><\/b><\/p>\n","protected":false},"excerpt":{"rendered":"<li>Torque capacity <b>1200Nm<\/b><\/li>\n","protected":false},"featured_media":15507,"comment_status":"closed","ping_status":"open","template":"","meta":[],"product_cat":[387,284],"product_tag":[],"class_list":{"0":"post-15714","1":"product","2":"type-product","3":"status-publish","4":"has-post-thumbnail","6":"product_cat-mx5-na-pl","7":"product_cat-mazda-pl","9":"first","10":"instock","11":"taxable","12":"shipping-taxable","13":"purchasable","14":"product-type-simple"},"bundled_by":[],"bundle_stock_status":"instock","bundle_stock_quantity":null,"bundle_virtual":false,"bundle_layout":"","bundle_add_to_cart_form_location":"","bundle_editable_in_cart":false,"bundle_sold_individually_context":"","bundle_item_grouping":"","bundle_min_size":"","bundle_max_size":"","bundle_price":[],"bundled_items":[],"bundle_sell_ids":[],"acf":{"zdjecie_bez_watermarka":null,"zdjecie_bez_watermarka_url":"","product_orgin_url":"https:\/\/inter-rally.pl\/product-eng-185118-Zestaw-sprzegla-Xtreme-Motorsport-Mazda-MX-5-NA-KMZ18506-2E.html"},"yoast_head":"<!-- This site is optimized with the Yoast SEO plugin v23.9 - https:\/\/yoast.com\/wordpress\/plugins\/seo\/ -->\n<title>ZESTAW SPRZ\u0118G\u0141A XTREME MOTORSPORT MAZDA MX-5 NA - KMZ18506-2E - CYBUL<\/title>\n<meta name=\"robots\" content=\"index, follow, max-snippet:-1, max-image-preview:large, max-video-preview:-1\" \/>\n<link rel=\"canonical\" href=\"https:\/\/cybul.eu\/pl\/sklep\/zestaw-sprzegla-xtreme-motorsport-mazda-mx-5-na-kmz18506-2e\/\" \/>\n<meta property=\"og:locale\" content=\"pl_PL\" \/>\n<meta property=\"og:type\" content=\"article\" \/>\n<meta property=\"og:title\" content=\"ZESTAW SPRZ\u0118G\u0141A XTREME MOTORSPORT MAZDA MX-5 NA - KMZ18506-2E - CYBUL\" \/>\n<meta property=\"og:description\" content=\"Torque capacity 1200Nm\" \/>\n<meta property=\"og:url\" content=\"https:\/\/cybul.eu\/pl\/sklep\/zestaw-sprzegla-xtreme-motorsport-mazda-mx-5-na-kmz18506-2e\/\" \/>\n<meta property=\"og:site_name\" content=\"CYBUL\" \/>\n<meta property=\"article:modified_time\" content=\"2024-06-20T15:25:45+00:00\" \/>\n<meta property=\"og:image\" content=\"https:\/\/cybul.eu\/wp-content\/uploads\/2024\/06\/pol_pl_Zestaw-sprzegla-Xtreme-Motorsport-Mazda-MX-5-NA-KMZ18506-2E-185118_1.jpg\" \/>\n\t<meta property=\"og:image:width\" content=\"900\" \/>\n\t<meta property=\"og:image:height\" content=\"600\" \/>\n\t<meta property=\"og:image:type\" content=\"image\/jpeg\" \/>\n<meta name=\"twitter:card\" content=\"summary_large_image\" \/>\n<meta name=\"twitter:label1\" content=\"Szacowany czas czytania\" \/>\n\t<meta name=\"twitter:data1\" content=\"1 minuta\" \/>\n<script type=\"application\/ld+json\" class=\"yoast-schema-graph\">{\"@context\":\"https:\/\/schema.org\",\"@graph\":[{\"@type\":\"WebPage\",\"@id\":\"https:\/\/cybul.eu\/pl\/sklep\/zestaw-sprzegla-xtreme-motorsport-mazda-mx-5-na-kmz18506-2e\/\",\"url\":\"https:\/\/cybul.eu\/pl\/sklep\/zestaw-sprzegla-xtreme-motorsport-mazda-mx-5-na-kmz18506-2e\/\",\"name\":\"ZESTAW SPRZ\u0118G\u0141A XTREME MOTORSPORT MAZDA MX-5 NA - KMZ18506-2E - CYBUL\",\"isPartOf\":{\"@id\":\"https:\/\/cybul.eu\/pl\/#website\"},\"primaryImageOfPage\":{\"@id\":\"https:\/\/cybul.eu\/pl\/sklep\/zestaw-sprzegla-xtreme-motorsport-mazda-mx-5-na-kmz18506-2e\/#primaryimage\"},\"image\":{\"@id\":\"https:\/\/cybul.eu\/pl\/sklep\/zestaw-sprzegla-xtreme-motorsport-mazda-mx-5-na-kmz18506-2e\/#primaryimage\"},\"thumbnailUrl\":\"https:\/\/cybul.eu\/wp-content\/uploads\/2024\/06\/pol_pl_Zestaw-sprzegla-Xtreme-Motorsport-Mazda-MX-5-NA-KMZ18506-2E-185118_1.jpg\",\"datePublished\":\"2024-06-20T15:25:44+00:00\",\"dateModified\":\"2024-06-20T15:25:45+00:00\",\"breadcrumb\":{\"@id\":\"https:\/\/cybul.eu\/pl\/sklep\/zestaw-sprzegla-xtreme-motorsport-mazda-mx-5-na-kmz18506-2e\/#breadcrumb\"},\"inLanguage\":\"pl-PL\",\"potentialAction\":[{\"@type\":\"ReadAction\",\"target\":[\"https:\/\/cybul.eu\/pl\/sklep\/zestaw-sprzegla-xtreme-motorsport-mazda-mx-5-na-kmz18506-2e\/\"]}]},{\"@type\":\"ImageObject\",\"inLanguage\":\"pl-PL\",\"@id\":\"https:\/\/cybul.eu\/pl\/sklep\/zestaw-sprzegla-xtreme-motorsport-mazda-mx-5-na-kmz18506-2e\/#primaryimage\",\"url\":\"https:\/\/cybul.eu\/wp-content\/uploads\/2024\/06\/pol_pl_Zestaw-sprzegla-Xtreme-Motorsport-Mazda-MX-5-NA-KMZ18506-2E-185118_1.jpg\",\"contentUrl\":\"https:\/\/cybul.eu\/wp-content\/uploads\/2024\/06\/pol_pl_Zestaw-sprzegla-Xtreme-Motorsport-Mazda-MX-5-NA-KMZ18506-2E-185118_1.jpg\",\"width\":900,\"height\":600},{\"@type\":\"BreadcrumbList\",\"@id\":\"https:\/\/cybul.eu\/pl\/sklep\/zestaw-sprzegla-xtreme-motorsport-mazda-mx-5-na-kmz18506-2e\/#breadcrumb\",\"itemListElement\":[{\"@type\":\"ListItem\",\"position\":1,\"name\":\"Strona g\u0142\u00f3wna\",\"item\":\"https:\/\/cybul.eu\/pl\/\"},{\"@type\":\"ListItem\",\"position\":2,\"name\":\"Sklep\",\"item\":\"https:\/\/cybul.eu\/pl\/sklep\/\"},{\"@type\":\"ListItem\",\"position\":3,\"name\":\"ZESTAW SPRZ\u0118G\u0141A XTREME MOTORSPORT MAZDA MX-5 NA &#8211; KMZ18506-2E\"}]},{\"@type\":\"WebSite\",\"@id\":\"https:\/\/cybul.eu\/pl\/#website\",\"url\":\"https:\/\/cybul.eu\/pl\/\",\"name\":\"CYBUL\",\"description\":\"\",\"potentialAction\":[{\"@type\":\"SearchAction\",\"target\":{\"@type\":\"EntryPoint\",\"urlTemplate\":\"https:\/\/cybul.eu\/pl\/?s={search_term_string}\"},\"query-input\":{\"@type\":\"PropertyValueSpecification\",\"valueRequired\":true,\"valueName\":\"search_term_string\"}}],\"inLanguage\":\"pl-PL\"}]}<\/script>\n<!-- \/ Yoast SEO plugin. -->","yoast_head_json":{"title":"ZESTAW SPRZ\u0118G\u0141A XTREME MOTORSPORT MAZDA MX-5 NA - KMZ18506-2E - CYBUL","robots":{"index":"index","follow":"follow","max-snippet":"max-snippet:-1","max-image-preview":"max-image-preview:large","max-video-preview":"max-video-preview:-1"},"canonical":"https:\/\/cybul.eu\/pl\/sklep\/zestaw-sprzegla-xtreme-motorsport-mazda-mx-5-na-kmz18506-2e\/","og_locale":"pl_PL","og_type":"article","og_title":"ZESTAW SPRZ\u0118G\u0141A XTREME MOTORSPORT MAZDA MX-5 NA - KMZ18506-2E - CYBUL","og_description":"Torque capacity 1200Nm","og_url":"https:\/\/cybul.eu\/pl\/sklep\/zestaw-sprzegla-xtreme-motorsport-mazda-mx-5-na-kmz18506-2e\/","og_site_name":"CYBUL","article_modified_time":"2024-06-20T15:25:45+00:00","og_image":[{"width":900,"height":600,"url":"https:\/\/cybul.eu\/wp-content\/uploads\/2024\/06\/pol_pl_Zestaw-sprzegla-Xtreme-Motorsport-Mazda-MX-5-NA-KMZ18506-2E-185118_1.jpg","type":"image\/jpeg"}],"twitter_card":"summary_large_image","twitter_misc":{"Szacowany czas czytania":"1 minuta"},"schema":{"@context":"https:\/\/schema.org","@graph":[{"@type":"WebPage","@id":"https:\/\/cybul.eu\/pl\/sklep\/zestaw-sprzegla-xtreme-motorsport-mazda-mx-5-na-kmz18506-2e\/","url":"https:\/\/cybul.eu\/pl\/sklep\/zestaw-sprzegla-xtreme-motorsport-mazda-mx-5-na-kmz18506-2e\/","name":"ZESTAW SPRZ\u0118G\u0141A XTREME MOTORSPORT MAZDA MX-5 NA - KMZ18506-2E - CYBUL","isPartOf":{"@id":"https:\/\/cybul.eu\/pl\/#website"},"primaryImageOfPage":{"@id":"https:\/\/cybul.eu\/pl\/sklep\/zestaw-sprzegla-xtreme-motorsport-mazda-mx-5-na-kmz18506-2e\/#primaryimage"},"image":{"@id":"https:\/\/cybul.eu\/pl\/sklep\/zestaw-sprzegla-xtreme-motorsport-mazda-mx-5-na-kmz18506-2e\/#primaryimage"},"thumbnailUrl":"https:\/\/cybul.eu\/wp-content\/uploads\/2024\/06\/pol_pl_Zestaw-sprzegla-Xtreme-Motorsport-Mazda-MX-5-NA-KMZ18506-2E-185118_1.jpg","datePublished":"2024-06-20T15:25:44+00:00","dateModified":"2024-06-20T15:25:45+00:00","breadcrumb":{"@id":"https:\/\/cybul.eu\/pl\/sklep\/zestaw-sprzegla-xtreme-motorsport-mazda-mx-5-na-kmz18506-2e\/#breadcrumb"},"inLanguage":"pl-PL","potentialAction":[{"@type":"ReadAction","target":["https:\/\/cybul.eu\/pl\/sklep\/zestaw-sprzegla-xtreme-motorsport-mazda-mx-5-na-kmz18506-2e\/"]}]},{"@type":"ImageObject","inLanguage":"pl-PL","@id":"https:\/\/cybul.eu\/pl\/sklep\/zestaw-sprzegla-xtreme-motorsport-mazda-mx-5-na-kmz18506-2e\/#primaryimage","url":"https:\/\/cybul.eu\/wp-content\/uploads\/2024\/06\/pol_pl_Zestaw-sprzegla-Xtreme-Motorsport-Mazda-MX-5-NA-KMZ18506-2E-185118_1.jpg","contentUrl":"https:\/\/cybul.eu\/wp-content\/uploads\/2024\/06\/pol_pl_Zestaw-sprzegla-Xtreme-Motorsport-Mazda-MX-5-NA-KMZ18506-2E-185118_1.jpg","width":900,"height":600},{"@type":"BreadcrumbList","@id":"https:\/\/cybul.eu\/pl\/sklep\/zestaw-sprzegla-xtreme-motorsport-mazda-mx-5-na-kmz18506-2e\/#breadcrumb","itemListElement":[{"@type":"ListItem","position":1,"name":"Strona g\u0142\u00f3wna","item":"https:\/\/cybul.eu\/pl\/"},{"@type":"ListItem","position":2,"name":"Sklep","item":"https:\/\/cybul.eu\/pl\/sklep\/"},{"@type":"ListItem","position":3,"name":"ZESTAW SPRZ\u0118G\u0141A XTREME MOTORSPORT MAZDA MX-5 NA &#8211; KMZ18506-2E"}]},{"@type":"WebSite","@id":"https:\/\/cybul.eu\/pl\/#website","url":"https:\/\/cybul.eu\/pl\/","name":"CYBUL","description":"","potentialAction":[{"@type":"SearchAction","target":{"@type":"EntryPoint","urlTemplate":"https:\/\/cybul.eu\/pl\/?s={search_term_string}"},"query-input":{"@type":"PropertyValueSpecification","valueRequired":true,"valueName":"search_term_string"}}],"inLanguage":"pl-PL"}]}},"_links":{"self":[{"href":"https:\/\/cybul.eu\/pl\/wp-json\/wp\/v2\/product\/15714","targetHints":{"allow":["GET"]}}],"collection":[{"href":"https:\/\/cybul.eu\/pl\/wp-json\/wp\/v2\/product"}],"about":[{"href":"https:\/\/cybul.eu\/pl\/wp-json\/wp\/v2\/types\/product"}],"replies":[{"embeddable":true,"href":"https:\/\/cybul.eu\/pl\/wp-json\/wp\/v2\/comments?post=15714"}],"wp:featuredmedia":[{"embeddable":true,"href":"https:\/\/cybul.eu\/pl\/wp-json\/wp\/v2\/media\/15507"}],"wp:attachment":[{"href":"https:\/\/cybul.eu\/pl\/wp-json\/wp\/v2\/media?parent=15714"}],"wp:term":[{"taxonomy":"product_cat","embeddable":true,"href":"https:\/\/cybul.eu\/pl\/wp-json\/wp\/v2\/product_cat?post=15714"},{"taxonomy":"product_tag","embeddable":true,"href":"https:\/\/cybul.eu\/pl\/wp-json\/wp\/v2\/product_tag?post=15714"}],"curies":[{"name":"wp","href":"https:\/\/api.w.org\/{rel}","templated":true}]}}