{"id":15707,"date":"2024-06-20T17:25:18","date_gmt":"2024-06-20T15:25:18","guid":{"rendered":"https:\/\/cybul.eu\/shop\/zawieszenie-gwintowane-mts-technik-street-mazda-mx-5-i-na-09-89-04-98\/"},"modified":"2024-06-20T17:25:27","modified_gmt":"2024-06-20T15:25:27","slug":"zawieszenie-gwintowane-mts-technik-street-mazda-mx-5-i-na-09-89-04-98","status":"publish","type":"product","link":"https:\/\/cybul.eu\/pl\/sklep\/zawieszenie-gwintowane-mts-technik-street-mazda-mx-5-i-na-09-89-04-98\/","title":{"rendered":"ZAWIESZENIE GWINTOWANE MTS TECHNIK STREET MAZDA MX-5 I (NA) 09\/89 &#8211; 04\/98"},"content":{"rendered":"<p>Nord Performance (w\u0142a\u015bciciel marki MTS Technik) to firma in\u017cynieryjno-produkcyjna wyspecjalizowana w dostarczaniu element\u00f3w uk\u0142ad\u00f3w zawiesze\u0144 i amortyzacji.<br \/>\nStawiaj\u0105 na jasne i proste filary biznesowe, a ich celem jest znale\u017a\u0107 si\u0119 w gronie trzech najwi\u0119kszych producent\u00f3w sportowych zawiesze\u0144 na \u015bwiecie i dostarcza\u0107 Klientom niezawodny produkt przewy\u017cszaj\u0105cy ich oczekiwania zapewniaj\u0105c wyj\u0105tkowe doznania w obs\u0142udze Klienta.<\/p>\n<p>&nbsp;<\/p>\n<p><strong>Zawieszenie gwintowane MTS Technik Street Mazda MX-5 I (NA)<\/strong><\/p>\n<p>&nbsp;<\/p>\n<p>Zawieszenie z serii Street to domy\u015blna konfiguracja in\u017cynier\u00f3w MTS Technik, gwarantuje szeroki zakres obni\u017cenia i balans pomi\u0119dzy komfortem a sztywno\u015bci\u0105.<\/p>\n<p>&nbsp;<\/p>\n<p><strong>Silnik:<\/strong> 1.6 Turbo \/ 1.6 \/ 1.8<\/p>\n<p><strong>Rok produkcji:<\/strong> 09\/89 &#8211; 04\/98<\/p>\n<p><strong>Dodatkowe informacje:<\/strong> <\/p>\n<p><strong>Obni\u017cenie prz\u00f3d:<\/strong> 35 &#8211; 65 mm<\/p>\n<p><strong>Obni\u017cenie ty\u0142:<\/strong>&nbsp;35 &#8211; 65 mm<\/p>\n<p><strong>Max. obci\u0105\u017cenia osi przedniej:<\/strong> 655 kg<\/p>\n<p><strong>Max. obci\u0105\u017cenia osi tylnej:<\/strong>&nbsp;665 kg<\/p>\n<p><strong>Numer katalogowy:<\/strong>&nbsp;MTSGWMA01<\/p>\n<p><strong>Numer katalogowy (stary):<\/strong> 61552001<\/p>\n<p><strong>Certyfikat:<\/strong> T\u00dcV<\/p>\n<p>&nbsp;<\/p>\n<p><strong>Uwagi:<\/strong><\/p>\n<p>2 &#8211; Przednia i tylna o\u015b z regulacj\u0105 wysoko\u015bci (nagwintowane kolumny amortyzator\u00f3w).<br \/>\n21 &#8211; W przypadku seryjnego zawieszenia sportowego warto\u015b\u0107 obni\u017cenia podawana w niniejszym katalogu zmniejsza si\u0119 o warto\u015b\u0107 seryjnego obni\u017cenia.<br \/>\n24 &#8211; Podczas monta\u017cu zawieszenia nale\u017cy skontrolowa\u0107 odleg\u0142o\u015b\u0107 felgi\/opony od kolumny amortyzatora. Minimalny dozwolony odst\u0119p to  5mm (0,2 inch). W innym przypadku, zastosowa\u0107 certyfikowane dystanse.<\/p>\n<p><b>Zdj\u0119cie pogl\u0105dowe!<\/b><\/p>\n","protected":false},"excerpt":{"rendered":"<p>Nord Performance (w\u0142a\u015bciciel marki MTS Technik) to firma in\u017cynieryjno-produkcyjna wyspecjalizowana w dostarczaniu element\u00f3w uk\u0142ad\u00f3w zawiesze\u0144 i amortyzacji.<br \/>\nStawiaj\u0105 na jasne i proste filary biznesowe, a ich celem jest znale\u017a\u0107 si\u0119 w gronie trzech najwi\u0119kszych producent\u00f3w sportowych zawiesze\u0144 na \u015bwiecie i dostarcza\u0107 Klientom niezawodny produkt przewy\u017cszaj\u0105cy ich oczekiwania zapewniaj\u0105c wyj\u0105tkowe doznania w obs\u0142udze Klienta.<\/p>\n","protected":false},"featured_media":15480,"comment_status":"closed","ping_status":"open","template":"","meta":[],"product_cat":[387,284],"product_tag":[],"class_list":{"0":"post-15707","1":"product","2":"type-product","3":"status-publish","4":"has-post-thumbnail","6":"product_cat-mx5-na-pl","7":"product_cat-mazda-pl","9":"first","10":"instock","11":"taxable","12":"shipping-taxable","13":"purchasable","14":"product-type-simple"},"bundled_by":[],"bundle_stock_status":"instock","bundle_stock_quantity":null,"bundle_virtual":false,"bundle_layout":"","bundle_add_to_cart_form_location":"","bundle_editable_in_cart":false,"bundle_sold_individually_context":"","bundle_item_grouping":"","bundle_min_size":"","bundle_max_size":"","bundle_price":[],"bundled_items":[],"bundle_sell_ids":[],"acf":{"zdjecie_bez_watermarka":null,"zdjecie_bez_watermarka_url":"","product_orgin_url":"https:\/\/inter-rally.pl\/product-eng-161245-Zawieszenie-gwintowane-MTS-Technik-Street-Mazda-MX-5-I-NA-09-89-04-98.html"},"yoast_head":"<!-- This site is optimized with the Yoast SEO plugin v23.9 - https:\/\/yoast.com\/wordpress\/plugins\/seo\/ -->\n<title>ZAWIESZENIE GWINTOWANE MTS TECHNIK STREET MAZDA MX-5 I (NA) 09\/89 - 04\/98 - CYBUL<\/title>\n<meta name=\"robots\" content=\"index, follow, max-snippet:-1, max-image-preview:large, max-video-preview:-1\" \/>\n<link rel=\"canonical\" href=\"https:\/\/cybul.eu\/pl\/sklep\/zawieszenie-gwintowane-mts-technik-street-mazda-mx-5-i-na-09-89-04-98\/\" \/>\n<meta property=\"og:locale\" content=\"pl_PL\" \/>\n<meta property=\"og:type\" content=\"article\" \/>\n<meta property=\"og:title\" content=\"ZAWIESZENIE GWINTOWANE MTS TECHNIK STREET MAZDA MX-5 I (NA) 09\/89 - 04\/98 - CYBUL\" \/>\n<meta property=\"og:description\" content=\"Nord Performance (w\u0142a\u015bciciel marki MTS Technik) to firma in\u017cynieryjno-produkcyjna wyspecjalizowana w dostarczaniu element\u00f3w uk\u0142ad\u00f3w zawiesze\u0144 i amortyzacji. Stawiaj\u0105 na jasne i proste filary biznesowe, a ich celem jest znale\u017a\u0107 si\u0119 w gronie trzech najwi\u0119kszych producent\u00f3w sportowych zawiesze\u0144 na \u015bwiecie i dostarcza\u0107 Klientom niezawodny produkt przewy\u017cszaj\u0105cy ich oczekiwania zapewniaj\u0105c wyj\u0105tkowe doznania w obs\u0142udze Klienta.\" \/>\n<meta property=\"og:url\" content=\"https:\/\/cybul.eu\/pl\/sklep\/zawieszenie-gwintowane-mts-technik-street-mazda-mx-5-i-na-09-89-04-98\/\" \/>\n<meta property=\"og:site_name\" content=\"CYBUL\" \/>\n<meta property=\"article:modified_time\" content=\"2024-06-20T15:25:27+00:00\" \/>\n<meta property=\"og:image\" content=\"https:\/\/cybul.eu\/wp-content\/uploads\/2024\/06\/pol_pl_Zawieszenie-gwintowane-MTS-Technik-Street-Mazda-MX-5-I-NA-09-89-04-98-161245_1.jpg\" \/>\n\t<meta property=\"og:image:width\" content=\"900\" \/>\n\t<meta property=\"og:image:height\" content=\"900\" \/>\n\t<meta property=\"og:image:type\" content=\"image\/jpeg\" \/>\n<meta name=\"twitter:card\" content=\"summary_large_image\" \/>\n<meta name=\"twitter:label1\" content=\"Szacowany czas czytania\" \/>\n\t<meta name=\"twitter:data1\" content=\"1 minuta\" \/>\n<script type=\"application\/ld+json\" class=\"yoast-schema-graph\">{\"@context\":\"https:\/\/schema.org\",\"@graph\":[{\"@type\":\"WebPage\",\"@id\":\"https:\/\/cybul.eu\/pl\/sklep\/zawieszenie-gwintowane-mts-technik-street-mazda-mx-5-i-na-09-89-04-98\/\",\"url\":\"https:\/\/cybul.eu\/pl\/sklep\/zawieszenie-gwintowane-mts-technik-street-mazda-mx-5-i-na-09-89-04-98\/\",\"name\":\"ZAWIESZENIE GWINTOWANE MTS TECHNIK STREET MAZDA MX-5 I (NA) 09\/89 - 04\/98 - CYBUL\",\"isPartOf\":{\"@id\":\"https:\/\/cybul.eu\/pl\/#website\"},\"primaryImageOfPage\":{\"@id\":\"https:\/\/cybul.eu\/pl\/sklep\/zawieszenie-gwintowane-mts-technik-street-mazda-mx-5-i-na-09-89-04-98\/#primaryimage\"},\"image\":{\"@id\":\"https:\/\/cybul.eu\/pl\/sklep\/zawieszenie-gwintowane-mts-technik-street-mazda-mx-5-i-na-09-89-04-98\/#primaryimage\"},\"thumbnailUrl\":\"https:\/\/cybul.eu\/wp-content\/uploads\/2024\/06\/pol_pl_Zawieszenie-gwintowane-MTS-Technik-Street-Mazda-MX-5-I-NA-09-89-04-98-161245_1.jpg\",\"datePublished\":\"2024-06-20T15:25:18+00:00\",\"dateModified\":\"2024-06-20T15:25:27+00:00\",\"breadcrumb\":{\"@id\":\"https:\/\/cybul.eu\/pl\/sklep\/zawieszenie-gwintowane-mts-technik-street-mazda-mx-5-i-na-09-89-04-98\/#breadcrumb\"},\"inLanguage\":\"pl-PL\",\"potentialAction\":[{\"@type\":\"ReadAction\",\"target\":[\"https:\/\/cybul.eu\/pl\/sklep\/zawieszenie-gwintowane-mts-technik-street-mazda-mx-5-i-na-09-89-04-98\/\"]}]},{\"@type\":\"ImageObject\",\"inLanguage\":\"pl-PL\",\"@id\":\"https:\/\/cybul.eu\/pl\/sklep\/zawieszenie-gwintowane-mts-technik-street-mazda-mx-5-i-na-09-89-04-98\/#primaryimage\",\"url\":\"https:\/\/cybul.eu\/wp-content\/uploads\/2024\/06\/pol_pl_Zawieszenie-gwintowane-MTS-Technik-Street-Mazda-MX-5-I-NA-09-89-04-98-161245_1.jpg\",\"contentUrl\":\"https:\/\/cybul.eu\/wp-content\/uploads\/2024\/06\/pol_pl_Zawieszenie-gwintowane-MTS-Technik-Street-Mazda-MX-5-I-NA-09-89-04-98-161245_1.jpg\",\"width\":900,\"height\":900},{\"@type\":\"BreadcrumbList\",\"@id\":\"https:\/\/cybul.eu\/pl\/sklep\/zawieszenie-gwintowane-mts-technik-street-mazda-mx-5-i-na-09-89-04-98\/#breadcrumb\",\"itemListElement\":[{\"@type\":\"ListItem\",\"position\":1,\"name\":\"Strona g\u0142\u00f3wna\",\"item\":\"https:\/\/cybul.eu\/pl\/\"},{\"@type\":\"ListItem\",\"position\":2,\"name\":\"Sklep\",\"item\":\"https:\/\/cybul.eu\/pl\/sklep\/\"},{\"@type\":\"ListItem\",\"position\":3,\"name\":\"ZAWIESZENIE GWINTOWANE MTS TECHNIK STREET MAZDA MX-5 I (NA) 09\/89 &#8211; 04\/98\"}]},{\"@type\":\"WebSite\",\"@id\":\"https:\/\/cybul.eu\/pl\/#website\",\"url\":\"https:\/\/cybul.eu\/pl\/\",\"name\":\"CYBUL\",\"description\":\"\",\"potentialAction\":[{\"@type\":\"SearchAction\",\"target\":{\"@type\":\"EntryPoint\",\"urlTemplate\":\"https:\/\/cybul.eu\/pl\/?s={search_term_string}\"},\"query-input\":{\"@type\":\"PropertyValueSpecification\",\"valueRequired\":true,\"valueName\":\"search_term_string\"}}],\"inLanguage\":\"pl-PL\"}]}<\/script>\n<!-- \/ Yoast SEO plugin. -->","yoast_head_json":{"title":"ZAWIESZENIE GWINTOWANE MTS TECHNIK STREET MAZDA MX-5 I (NA) 09\/89 - 04\/98 - CYBUL","robots":{"index":"index","follow":"follow","max-snippet":"max-snippet:-1","max-image-preview":"max-image-preview:large","max-video-preview":"max-video-preview:-1"},"canonical":"https:\/\/cybul.eu\/pl\/sklep\/zawieszenie-gwintowane-mts-technik-street-mazda-mx-5-i-na-09-89-04-98\/","og_locale":"pl_PL","og_type":"article","og_title":"ZAWIESZENIE GWINTOWANE MTS TECHNIK STREET MAZDA MX-5 I (NA) 09\/89 - 04\/98 - CYBUL","og_description":"Nord Performance (w\u0142a\u015bciciel marki MTS Technik) to firma in\u017cynieryjno-produkcyjna wyspecjalizowana w dostarczaniu element\u00f3w uk\u0142ad\u00f3w zawiesze\u0144 i amortyzacji. Stawiaj\u0105 na jasne i proste filary biznesowe, a ich celem jest znale\u017a\u0107 si\u0119 w gronie trzech najwi\u0119kszych producent\u00f3w sportowych zawiesze\u0144 na \u015bwiecie i dostarcza\u0107 Klientom niezawodny produkt przewy\u017cszaj\u0105cy ich oczekiwania zapewniaj\u0105c wyj\u0105tkowe doznania w obs\u0142udze Klienta.","og_url":"https:\/\/cybul.eu\/pl\/sklep\/zawieszenie-gwintowane-mts-technik-street-mazda-mx-5-i-na-09-89-04-98\/","og_site_name":"CYBUL","article_modified_time":"2024-06-20T15:25:27+00:00","og_image":[{"width":900,"height":900,"url":"https:\/\/cybul.eu\/wp-content\/uploads\/2024\/06\/pol_pl_Zawieszenie-gwintowane-MTS-Technik-Street-Mazda-MX-5-I-NA-09-89-04-98-161245_1.jpg","type":"image\/jpeg"}],"twitter_card":"summary_large_image","twitter_misc":{"Szacowany czas czytania":"1 minuta"},"schema":{"@context":"https:\/\/schema.org","@graph":[{"@type":"WebPage","@id":"https:\/\/cybul.eu\/pl\/sklep\/zawieszenie-gwintowane-mts-technik-street-mazda-mx-5-i-na-09-89-04-98\/","url":"https:\/\/cybul.eu\/pl\/sklep\/zawieszenie-gwintowane-mts-technik-street-mazda-mx-5-i-na-09-89-04-98\/","name":"ZAWIESZENIE GWINTOWANE MTS TECHNIK STREET MAZDA MX-5 I (NA) 09\/89 - 04\/98 - CYBUL","isPartOf":{"@id":"https:\/\/cybul.eu\/pl\/#website"},"primaryImageOfPage":{"@id":"https:\/\/cybul.eu\/pl\/sklep\/zawieszenie-gwintowane-mts-technik-street-mazda-mx-5-i-na-09-89-04-98\/#primaryimage"},"image":{"@id":"https:\/\/cybul.eu\/pl\/sklep\/zawieszenie-gwintowane-mts-technik-street-mazda-mx-5-i-na-09-89-04-98\/#primaryimage"},"thumbnailUrl":"https:\/\/cybul.eu\/wp-content\/uploads\/2024\/06\/pol_pl_Zawieszenie-gwintowane-MTS-Technik-Street-Mazda-MX-5-I-NA-09-89-04-98-161245_1.jpg","datePublished":"2024-06-20T15:25:18+00:00","dateModified":"2024-06-20T15:25:27+00:00","breadcrumb":{"@id":"https:\/\/cybul.eu\/pl\/sklep\/zawieszenie-gwintowane-mts-technik-street-mazda-mx-5-i-na-09-89-04-98\/#breadcrumb"},"inLanguage":"pl-PL","potentialAction":[{"@type":"ReadAction","target":["https:\/\/cybul.eu\/pl\/sklep\/zawieszenie-gwintowane-mts-technik-street-mazda-mx-5-i-na-09-89-04-98\/"]}]},{"@type":"ImageObject","inLanguage":"pl-PL","@id":"https:\/\/cybul.eu\/pl\/sklep\/zawieszenie-gwintowane-mts-technik-street-mazda-mx-5-i-na-09-89-04-98\/#primaryimage","url":"https:\/\/cybul.eu\/wp-content\/uploads\/2024\/06\/pol_pl_Zawieszenie-gwintowane-MTS-Technik-Street-Mazda-MX-5-I-NA-09-89-04-98-161245_1.jpg","contentUrl":"https:\/\/cybul.eu\/wp-content\/uploads\/2024\/06\/pol_pl_Zawieszenie-gwintowane-MTS-Technik-Street-Mazda-MX-5-I-NA-09-89-04-98-161245_1.jpg","width":900,"height":900},{"@type":"BreadcrumbList","@id":"https:\/\/cybul.eu\/pl\/sklep\/zawieszenie-gwintowane-mts-technik-street-mazda-mx-5-i-na-09-89-04-98\/#breadcrumb","itemListElement":[{"@type":"ListItem","position":1,"name":"Strona g\u0142\u00f3wna","item":"https:\/\/cybul.eu\/pl\/"},{"@type":"ListItem","position":2,"name":"Sklep","item":"https:\/\/cybul.eu\/pl\/sklep\/"},{"@type":"ListItem","position":3,"name":"ZAWIESZENIE GWINTOWANE MTS TECHNIK STREET MAZDA MX-5 I (NA) 09\/89 &#8211; 04\/98"}]},{"@type":"WebSite","@id":"https:\/\/cybul.eu\/pl\/#website","url":"https:\/\/cybul.eu\/pl\/","name":"CYBUL","description":"","potentialAction":[{"@type":"SearchAction","target":{"@type":"EntryPoint","urlTemplate":"https:\/\/cybul.eu\/pl\/?s={search_term_string}"},"query-input":{"@type":"PropertyValueSpecification","valueRequired":true,"valueName":"search_term_string"}}],"inLanguage":"pl-PL"}]}},"_links":{"self":[{"href":"https:\/\/cybul.eu\/pl\/wp-json\/wp\/v2\/product\/15707","targetHints":{"allow":["GET"]}}],"collection":[{"href":"https:\/\/cybul.eu\/pl\/wp-json\/wp\/v2\/product"}],"about":[{"href":"https:\/\/cybul.eu\/pl\/wp-json\/wp\/v2\/types\/product"}],"replies":[{"embeddable":true,"href":"https:\/\/cybul.eu\/pl\/wp-json\/wp\/v2\/comments?post=15707"}],"wp:featuredmedia":[{"embeddable":true,"href":"https:\/\/cybul.eu\/pl\/wp-json\/wp\/v2\/media\/15480"}],"wp:attachment":[{"href":"https:\/\/cybul.eu\/pl\/wp-json\/wp\/v2\/media?parent=15707"}],"wp:term":[{"taxonomy":"product_cat","embeddable":true,"href":"https:\/\/cybul.eu\/pl\/wp-json\/wp\/v2\/product_cat?post=15707"},{"taxonomy":"product_tag","embeddable":true,"href":"https:\/\/cybul.eu\/pl\/wp-json\/wp\/v2\/product_tag?post=15707"}],"curies":[{"name":"wp","href":"https:\/\/api.w.org\/{rel}","templated":true}]}}