{"id":15609,"date":"2024-06-20T17:22:21","date_gmt":"2024-06-20T15:22:21","guid":{"rendered":"https:\/\/cybul.eu\/shop\/tuleja-wahacza-tylnego-dolnego-zewnetrzna-mpbs-3703821-mazda-mx-5-na-mx-5-nb\/"},"modified":"2024-06-20T17:22:41","modified_gmt":"2024-06-20T15:22:41","slug":"tuleja-wahacza-tylnego-dolnego-zewnetrzna-mpbs-3703821-mazda-mx-5-na-mx-5-nb","status":"publish","type":"product","link":"https:\/\/cybul.eu\/pl\/sklep\/tuleja-wahacza-tylnego-dolnego-zewnetrzna-mpbs-3703821-mazda-mx-5-na-mx-5-nb\/","title":{"rendered":"TULEJA WAHACZA TYLNEGO DOLNEGO ZEWN\u0118TRZNA &#8211; MPBS: 3703821 MAZDA MX-5 NA, MX-5 NB"},"content":{"rendered":"<p><strong>Tuleja wahacza tylnego dolnego zewn\u0119trzna&nbsp;&#8211; MPBS:&nbsp;3703821<\/strong><\/p>\n<p>MPBS KOD:&nbsp;3703821<br \/>Twardo\u015b\u0107: 80ShA lub 90ShA<\/p>\n<p><strong>W sk\u0142ad wchodzi:<\/strong><br \/>&#8211;&nbsp;1szt.&nbsp;Tuleja wahacza tylnego dolnego zewn\u0119trzna &#8211; MPBS:&nbsp;3703821<\/p>\n<p><strong>Liczba sztuk potrzebna na samoch\u00f3d: 4<\/strong><\/p>\n<p><strong>Pasuje do:<\/strong><br \/>&#8211;&nbsp;Mazda NA 1989-1998<br \/>&#8211; Mazda NB 1999-2005<\/p>\n<p><strong>Numery OEM:<br \/><\/strong>&#8211;&nbsp;NA01-28-4B0<\/p>\n","protected":false},"excerpt":{"rendered":"<p><strong>Tuleja wahacza tylnego dolnego zewn\u0119trzna&nbsp;&#8211; MPBS:&nbsp;3703821<\/strong><\/p>\n<p>MPBS KOD:&nbsp;3703821<br \/>Twardo\u015b\u0107: 80ShA lub 90ShA<\/p>\n<p><strong>W sk\u0142ad wchodzi:<\/strong><br \/>&#8211;&nbsp;1szt.&nbsp;Tuleja wahacza tylnego dolnego zewn\u0119trzna &#8211; MPBS:&nbsp;3703821<\/p>\n<p><strong>Liczba sztuk potrzebna na samoch\u00f3d: 4<\/strong><\/p>\n<p><strong>Pasuje do:<\/strong><br \/>&#8211;&nbsp;Mazda NA 1989-1998<br \/>&#8211; Mazda NB 1999-2005<\/p>\n<p><strong>Numery OEM:<br \/><\/strong>&#8211;&nbsp;NA01-28-4B0<\/p>\n","protected":false},"featured_media":15184,"comment_status":"closed","ping_status":"open","template":"","meta":[],"product_cat":[387,284],"product_tag":[],"class_list":{"0":"post-15609","1":"product","2":"type-product","3":"status-publish","4":"has-post-thumbnail","6":"product_cat-mx5-na-pl","7":"product_cat-mazda-pl","9":"first","10":"instock","11":"taxable","12":"shipping-taxable","13":"purchasable","14":"product-type-simple"},"bundled_by":[],"bundle_stock_status":"instock","bundle_stock_quantity":null,"bundle_virtual":false,"bundle_layout":"","bundle_add_to_cart_form_location":"","bundle_editable_in_cart":false,"bundle_sold_individually_context":"","bundle_item_grouping":"","bundle_min_size":"","bundle_max_size":"","bundle_price":[],"bundled_items":[],"bundle_sell_ids":[],"acf":{"zdjecie_bez_watermarka":null,"zdjecie_bez_watermarka_url":"","product_orgin_url":"https:\/\/inter-rally.pl\/product-eng-202058-Tuleja-wahacza-tylnego-dolnego-zewnetrzna-MPBS-3703821-Mazda-MX-5-NA-MX-5-NB.html"},"yoast_head":"<!-- This site is optimized with the Yoast SEO plugin v23.9 - https:\/\/yoast.com\/wordpress\/plugins\/seo\/ -->\n<title>TULEJA WAHACZA TYLNEGO DOLNEGO ZEWN\u0118TRZNA - MPBS: 3703821 MAZDA MX-5 NA, MX-5 NB - CYBUL<\/title>\n<meta name=\"robots\" content=\"index, follow, max-snippet:-1, max-image-preview:large, max-video-preview:-1\" \/>\n<link rel=\"canonical\" href=\"https:\/\/cybul.eu\/pl\/sklep\/tuleja-wahacza-tylnego-dolnego-zewnetrzna-mpbs-3703821-mazda-mx-5-na-mx-5-nb\/\" \/>\n<meta property=\"og:locale\" content=\"pl_PL\" \/>\n<meta property=\"og:type\" content=\"article\" \/>\n<meta property=\"og:title\" content=\"TULEJA WAHACZA TYLNEGO DOLNEGO ZEWN\u0118TRZNA - MPBS: 3703821 MAZDA MX-5 NA, MX-5 NB - CYBUL\" \/>\n<meta property=\"og:description\" content=\"Tuleja wahacza tylnego dolnego zewn\u0119trzna&nbsp;- MPBS:&nbsp;3703821MPBS KOD:&nbsp;3703821Twardo\u015b\u0107: 80ShA lub 90ShAW sk\u0142ad wchodzi:-&nbsp;1szt.&nbsp;Tuleja wahacza tylnego dolnego zewn\u0119trzna - MPBS:&nbsp;3703821Liczba sztuk potrzebna na samoch\u00f3d: 4Pasuje do:-&nbsp;Mazda NA 1989-1998- Mazda NB 1999-2005Numery OEM:-&nbsp;NA01-28-4B0\" \/>\n<meta property=\"og:url\" content=\"https:\/\/cybul.eu\/pl\/sklep\/tuleja-wahacza-tylnego-dolnego-zewnetrzna-mpbs-3703821-mazda-mx-5-na-mx-5-nb\/\" \/>\n<meta property=\"og:site_name\" content=\"CYBUL\" \/>\n<meta property=\"article:modified_time\" content=\"2024-06-20T15:22:41+00:00\" \/>\n<meta property=\"og:image\" content=\"https:\/\/cybul.eu\/wp-content\/uploads\/2024\/06\/pol_pl_Tuleja-wahacza-tylnego-dolnego-zewnetrzna-MPBS-3703821-Mazda-MX-5-NA-MX-5-NB-202058_1.jpg\" \/>\n\t<meta property=\"og:image:width\" content=\"900\" \/>\n\t<meta property=\"og:image:height\" content=\"900\" \/>\n\t<meta property=\"og:image:type\" content=\"image\/jpeg\" \/>\n<meta name=\"twitter:card\" content=\"summary_large_image\" \/>\n<script type=\"application\/ld+json\" class=\"yoast-schema-graph\">{\"@context\":\"https:\/\/schema.org\",\"@graph\":[{\"@type\":\"WebPage\",\"@id\":\"https:\/\/cybul.eu\/pl\/sklep\/tuleja-wahacza-tylnego-dolnego-zewnetrzna-mpbs-3703821-mazda-mx-5-na-mx-5-nb\/\",\"url\":\"https:\/\/cybul.eu\/pl\/sklep\/tuleja-wahacza-tylnego-dolnego-zewnetrzna-mpbs-3703821-mazda-mx-5-na-mx-5-nb\/\",\"name\":\"TULEJA WAHACZA TYLNEGO DOLNEGO ZEWN\u0118TRZNA - MPBS: 3703821 MAZDA MX-5 NA, MX-5 NB - CYBUL\",\"isPartOf\":{\"@id\":\"https:\/\/cybul.eu\/pl\/#website\"},\"primaryImageOfPage\":{\"@id\":\"https:\/\/cybul.eu\/pl\/sklep\/tuleja-wahacza-tylnego-dolnego-zewnetrzna-mpbs-3703821-mazda-mx-5-na-mx-5-nb\/#primaryimage\"},\"image\":{\"@id\":\"https:\/\/cybul.eu\/pl\/sklep\/tuleja-wahacza-tylnego-dolnego-zewnetrzna-mpbs-3703821-mazda-mx-5-na-mx-5-nb\/#primaryimage\"},\"thumbnailUrl\":\"https:\/\/cybul.eu\/wp-content\/uploads\/2024\/06\/pol_pl_Tuleja-wahacza-tylnego-dolnego-zewnetrzna-MPBS-3703821-Mazda-MX-5-NA-MX-5-NB-202058_1.jpg\",\"datePublished\":\"2024-06-20T15:22:21+00:00\",\"dateModified\":\"2024-06-20T15:22:41+00:00\",\"breadcrumb\":{\"@id\":\"https:\/\/cybul.eu\/pl\/sklep\/tuleja-wahacza-tylnego-dolnego-zewnetrzna-mpbs-3703821-mazda-mx-5-na-mx-5-nb\/#breadcrumb\"},\"inLanguage\":\"pl-PL\",\"potentialAction\":[{\"@type\":\"ReadAction\",\"target\":[\"https:\/\/cybul.eu\/pl\/sklep\/tuleja-wahacza-tylnego-dolnego-zewnetrzna-mpbs-3703821-mazda-mx-5-na-mx-5-nb\/\"]}]},{\"@type\":\"ImageObject\",\"inLanguage\":\"pl-PL\",\"@id\":\"https:\/\/cybul.eu\/pl\/sklep\/tuleja-wahacza-tylnego-dolnego-zewnetrzna-mpbs-3703821-mazda-mx-5-na-mx-5-nb\/#primaryimage\",\"url\":\"https:\/\/cybul.eu\/wp-content\/uploads\/2024\/06\/pol_pl_Tuleja-wahacza-tylnego-dolnego-zewnetrzna-MPBS-3703821-Mazda-MX-5-NA-MX-5-NB-202058_1.jpg\",\"contentUrl\":\"https:\/\/cybul.eu\/wp-content\/uploads\/2024\/06\/pol_pl_Tuleja-wahacza-tylnego-dolnego-zewnetrzna-MPBS-3703821-Mazda-MX-5-NA-MX-5-NB-202058_1.jpg\",\"width\":900,\"height\":900},{\"@type\":\"BreadcrumbList\",\"@id\":\"https:\/\/cybul.eu\/pl\/sklep\/tuleja-wahacza-tylnego-dolnego-zewnetrzna-mpbs-3703821-mazda-mx-5-na-mx-5-nb\/#breadcrumb\",\"itemListElement\":[{\"@type\":\"ListItem\",\"position\":1,\"name\":\"Strona g\u0142\u00f3wna\",\"item\":\"https:\/\/cybul.eu\/pl\/\"},{\"@type\":\"ListItem\",\"position\":2,\"name\":\"Sklep\",\"item\":\"https:\/\/cybul.eu\/pl\/sklep\/\"},{\"@type\":\"ListItem\",\"position\":3,\"name\":\"TULEJA WAHACZA TYLNEGO DOLNEGO ZEWN\u0118TRZNA &#8211; MPBS: 3703821 MAZDA MX-5 NA, MX-5 NB\"}]},{\"@type\":\"WebSite\",\"@id\":\"https:\/\/cybul.eu\/pl\/#website\",\"url\":\"https:\/\/cybul.eu\/pl\/\",\"name\":\"CYBUL\",\"description\":\"\",\"potentialAction\":[{\"@type\":\"SearchAction\",\"target\":{\"@type\":\"EntryPoint\",\"urlTemplate\":\"https:\/\/cybul.eu\/pl\/?s={search_term_string}\"},\"query-input\":{\"@type\":\"PropertyValueSpecification\",\"valueRequired\":true,\"valueName\":\"search_term_string\"}}],\"inLanguage\":\"pl-PL\"}]}<\/script>\n<!-- \/ Yoast SEO plugin. -->","yoast_head_json":{"title":"TULEJA WAHACZA TYLNEGO DOLNEGO ZEWN\u0118TRZNA - MPBS: 3703821 MAZDA MX-5 NA, MX-5 NB - CYBUL","robots":{"index":"index","follow":"follow","max-snippet":"max-snippet:-1","max-image-preview":"max-image-preview:large","max-video-preview":"max-video-preview:-1"},"canonical":"https:\/\/cybul.eu\/pl\/sklep\/tuleja-wahacza-tylnego-dolnego-zewnetrzna-mpbs-3703821-mazda-mx-5-na-mx-5-nb\/","og_locale":"pl_PL","og_type":"article","og_title":"TULEJA WAHACZA TYLNEGO DOLNEGO ZEWN\u0118TRZNA - MPBS: 3703821 MAZDA MX-5 NA, MX-5 NB - CYBUL","og_description":"Tuleja wahacza tylnego dolnego zewn\u0119trzna&nbsp;- MPBS:&nbsp;3703821MPBS KOD:&nbsp;3703821Twardo\u015b\u0107: 80ShA lub 90ShAW sk\u0142ad wchodzi:-&nbsp;1szt.&nbsp;Tuleja wahacza tylnego dolnego zewn\u0119trzna - MPBS:&nbsp;3703821Liczba sztuk potrzebna na samoch\u00f3d: 4Pasuje do:-&nbsp;Mazda NA 1989-1998- Mazda NB 1999-2005Numery OEM:-&nbsp;NA01-28-4B0","og_url":"https:\/\/cybul.eu\/pl\/sklep\/tuleja-wahacza-tylnego-dolnego-zewnetrzna-mpbs-3703821-mazda-mx-5-na-mx-5-nb\/","og_site_name":"CYBUL","article_modified_time":"2024-06-20T15:22:41+00:00","og_image":[{"width":900,"height":900,"url":"https:\/\/cybul.eu\/wp-content\/uploads\/2024\/06\/pol_pl_Tuleja-wahacza-tylnego-dolnego-zewnetrzna-MPBS-3703821-Mazda-MX-5-NA-MX-5-NB-202058_1.jpg","type":"image\/jpeg"}],"twitter_card":"summary_large_image","schema":{"@context":"https:\/\/schema.org","@graph":[{"@type":"WebPage","@id":"https:\/\/cybul.eu\/pl\/sklep\/tuleja-wahacza-tylnego-dolnego-zewnetrzna-mpbs-3703821-mazda-mx-5-na-mx-5-nb\/","url":"https:\/\/cybul.eu\/pl\/sklep\/tuleja-wahacza-tylnego-dolnego-zewnetrzna-mpbs-3703821-mazda-mx-5-na-mx-5-nb\/","name":"TULEJA WAHACZA TYLNEGO DOLNEGO ZEWN\u0118TRZNA - MPBS: 3703821 MAZDA MX-5 NA, MX-5 NB - CYBUL","isPartOf":{"@id":"https:\/\/cybul.eu\/pl\/#website"},"primaryImageOfPage":{"@id":"https:\/\/cybul.eu\/pl\/sklep\/tuleja-wahacza-tylnego-dolnego-zewnetrzna-mpbs-3703821-mazda-mx-5-na-mx-5-nb\/#primaryimage"},"image":{"@id":"https:\/\/cybul.eu\/pl\/sklep\/tuleja-wahacza-tylnego-dolnego-zewnetrzna-mpbs-3703821-mazda-mx-5-na-mx-5-nb\/#primaryimage"},"thumbnailUrl":"https:\/\/cybul.eu\/wp-content\/uploads\/2024\/06\/pol_pl_Tuleja-wahacza-tylnego-dolnego-zewnetrzna-MPBS-3703821-Mazda-MX-5-NA-MX-5-NB-202058_1.jpg","datePublished":"2024-06-20T15:22:21+00:00","dateModified":"2024-06-20T15:22:41+00:00","breadcrumb":{"@id":"https:\/\/cybul.eu\/pl\/sklep\/tuleja-wahacza-tylnego-dolnego-zewnetrzna-mpbs-3703821-mazda-mx-5-na-mx-5-nb\/#breadcrumb"},"inLanguage":"pl-PL","potentialAction":[{"@type":"ReadAction","target":["https:\/\/cybul.eu\/pl\/sklep\/tuleja-wahacza-tylnego-dolnego-zewnetrzna-mpbs-3703821-mazda-mx-5-na-mx-5-nb\/"]}]},{"@type":"ImageObject","inLanguage":"pl-PL","@id":"https:\/\/cybul.eu\/pl\/sklep\/tuleja-wahacza-tylnego-dolnego-zewnetrzna-mpbs-3703821-mazda-mx-5-na-mx-5-nb\/#primaryimage","url":"https:\/\/cybul.eu\/wp-content\/uploads\/2024\/06\/pol_pl_Tuleja-wahacza-tylnego-dolnego-zewnetrzna-MPBS-3703821-Mazda-MX-5-NA-MX-5-NB-202058_1.jpg","contentUrl":"https:\/\/cybul.eu\/wp-content\/uploads\/2024\/06\/pol_pl_Tuleja-wahacza-tylnego-dolnego-zewnetrzna-MPBS-3703821-Mazda-MX-5-NA-MX-5-NB-202058_1.jpg","width":900,"height":900},{"@type":"BreadcrumbList","@id":"https:\/\/cybul.eu\/pl\/sklep\/tuleja-wahacza-tylnego-dolnego-zewnetrzna-mpbs-3703821-mazda-mx-5-na-mx-5-nb\/#breadcrumb","itemListElement":[{"@type":"ListItem","position":1,"name":"Strona g\u0142\u00f3wna","item":"https:\/\/cybul.eu\/pl\/"},{"@type":"ListItem","position":2,"name":"Sklep","item":"https:\/\/cybul.eu\/pl\/sklep\/"},{"@type":"ListItem","position":3,"name":"TULEJA WAHACZA TYLNEGO DOLNEGO ZEWN\u0118TRZNA &#8211; MPBS: 3703821 MAZDA MX-5 NA, MX-5 NB"}]},{"@type":"WebSite","@id":"https:\/\/cybul.eu\/pl\/#website","url":"https:\/\/cybul.eu\/pl\/","name":"CYBUL","description":"","potentialAction":[{"@type":"SearchAction","target":{"@type":"EntryPoint","urlTemplate":"https:\/\/cybul.eu\/pl\/?s={search_term_string}"},"query-input":{"@type":"PropertyValueSpecification","valueRequired":true,"valueName":"search_term_string"}}],"inLanguage":"pl-PL"}]}},"_links":{"self":[{"href":"https:\/\/cybul.eu\/pl\/wp-json\/wp\/v2\/product\/15609","targetHints":{"allow":["GET"]}}],"collection":[{"href":"https:\/\/cybul.eu\/pl\/wp-json\/wp\/v2\/product"}],"about":[{"href":"https:\/\/cybul.eu\/pl\/wp-json\/wp\/v2\/types\/product"}],"replies":[{"embeddable":true,"href":"https:\/\/cybul.eu\/pl\/wp-json\/wp\/v2\/comments?post=15609"}],"wp:featuredmedia":[{"embeddable":true,"href":"https:\/\/cybul.eu\/pl\/wp-json\/wp\/v2\/media\/15184"}],"wp:attachment":[{"href":"https:\/\/cybul.eu\/pl\/wp-json\/wp\/v2\/media?parent=15609"}],"wp:term":[{"taxonomy":"product_cat","embeddable":true,"href":"https:\/\/cybul.eu\/pl\/wp-json\/wp\/v2\/product_cat?post=15609"},{"taxonomy":"product_tag","embeddable":true,"href":"https:\/\/cybul.eu\/pl\/wp-json\/wp\/v2\/product_tag?post=15609"}],"curies":[{"name":"wp","href":"https:\/\/api.w.org\/{rel}","templated":true}]}}