{"id":15604,"date":"2024-06-20T17:22:21","date_gmt":"2024-06-20T15:22:21","guid":{"rendered":"https:\/\/cybul.eu\/shop\/tuleja-tylnej-belki-dyferencjalu-mpbs-3703153-mazda-mx-5-namx-5-nb\/"},"modified":"2024-06-20T17:22:37","modified_gmt":"2024-06-20T15:22:37","slug":"tuleja-tylnej-belki-dyferencjalu-mpbs-3703153-mazda-mx-5-namx-5-nb","status":"publish","type":"product","link":"https:\/\/cybul.eu\/pl\/sklep\/tuleja-tylnej-belki-dyferencjalu-mpbs-3703153-mazda-mx-5-namx-5-nb\/","title":{"rendered":"TULEJA TYLNEJ BELKI \/ DYFERENCJA\u0141U &#8211; MPBS: 3703153 MAZDA MX-5 NA,MX-5 NB"},"content":{"rendered":"<p><strong>Tuleja tylnej belki \/ dyferencja\u0142u MPBS: 3703153<\/p>\n<p><\/strong>MPBS KOD: 3703153<\/p>\n<p>Twardo\u015b\u0107: 80ShA lub 90ShA<\/p>\n<p><strong>W sk\u0142ad zestawu wchodz\u0105:<br \/><\/strong>&#8211; 1szt. Tuleja tylnej belki \/ dyferencja\u0142u &#8211; nr. MPBS: 3703153<\/p>\n<p><span style=\"color: #ff0000;\"><strong>Do zamontowania tulei potrzebne s\u0105 oryginalne podk\u0142adki.<\/strong><\/span><\/p>\n<p><strong>Pasuje do:<br \/><\/strong>&#8211; Mazda MX5 NA 1989-1998<br \/>&#8211; Mazda MX5 NB 1998-2005<\/p>\n<p><strong>Numer OEM:<br \/><\/strong>&#8211;&nbsp;NA01-28-890<\/p>\n","protected":false},"excerpt":{"rendered":"<p><strong>Tuleja tylnej belki \/ dyferencja\u0142u MPBS: 3703153<\/p>\n<p><\/strong>MPBS KOD: 3703153<\/p>\n<p>Twardo\u015b\u0107: 80ShA lub 90ShA<\/p>\n<p><strong>W sk\u0142ad zestawu wchodz\u0105:<br \/><\/strong>&#8211; 1szt. Tuleja tylnej belki \/ dyferencja\u0142u &#8211; nr. MPBS: 3703153<\/p>\n<p><span style=\"color: #ff0000;\"><strong>Do zamontowania tulei potrzebne s\u0105 oryginalne podk\u0142adki.<\/strong><\/span><\/p>\n<p><strong>Pasuje do:<br \/><\/strong>&#8211; Mazda MX5 NA 1989-1998<br \/>&#8211; Mazda MX5 NB 1998-2005<\/p>\n<p><strong>Numer OEM:<br \/><\/strong>&#8211;&nbsp;NA01-28-890<\/p>\n","protected":false},"featured_media":15165,"comment_status":"closed","ping_status":"open","template":"","meta":[],"product_cat":[387,284],"product_tag":[],"class_list":{"0":"post-15604","1":"product","2":"type-product","3":"status-publish","4":"has-post-thumbnail","6":"product_cat-mx5-na-pl","7":"product_cat-mazda-pl","9":"first","10":"instock","11":"taxable","12":"shipping-taxable","13":"purchasable","14":"product-type-simple"},"bundled_by":[],"bundle_stock_status":"instock","bundle_stock_quantity":null,"bundle_virtual":false,"bundle_layout":"","bundle_add_to_cart_form_location":"","bundle_editable_in_cart":false,"bundle_sold_individually_context":"","bundle_item_grouping":"","bundle_min_size":"","bundle_max_size":"","bundle_price":[],"bundled_items":[],"bundle_sell_ids":[],"acf":{"zdjecie_bez_watermarka":null,"zdjecie_bez_watermarka_url":"","product_orgin_url":"https:\/\/inter-rally.pl\/product-eng-152309-Tuleja-tylnej-belki-dyferencjalu-MPBS-3703153-Mazda-MX-5-NA-MX-5-NB.html"},"yoast_head":"<!-- This site is optimized with the Yoast SEO plugin v23.9 - https:\/\/yoast.com\/wordpress\/plugins\/seo\/ -->\n<title>TULEJA TYLNEJ BELKI \/ DYFERENCJA\u0141U - MPBS: 3703153 MAZDA MX-5 NA,MX-5 NB - CYBUL<\/title>\n<meta name=\"robots\" content=\"index, follow, max-snippet:-1, max-image-preview:large, max-video-preview:-1\" \/>\n<link rel=\"canonical\" href=\"https:\/\/cybul.eu\/pl\/sklep\/tuleja-tylnej-belki-dyferencjalu-mpbs-3703153-mazda-mx-5-namx-5-nb\/\" \/>\n<meta property=\"og:locale\" content=\"pl_PL\" \/>\n<meta property=\"og:type\" content=\"article\" \/>\n<meta property=\"og:title\" content=\"TULEJA TYLNEJ BELKI \/ DYFERENCJA\u0141U - MPBS: 3703153 MAZDA MX-5 NA,MX-5 NB - CYBUL\" \/>\n<meta property=\"og:description\" content=\"Tuleja tylnej belki \/ dyferencja\u0142u MPBS: 3703153MPBS KOD: 3703153Twardo\u015b\u0107: 80ShA lub 90ShAW sk\u0142ad zestawu wchodz\u0105:- 1szt. Tuleja tylnej belki \/ dyferencja\u0142u - nr. MPBS: 3703153Do zamontowania tulei potrzebne s\u0105 oryginalne podk\u0142adki.Pasuje do:- Mazda MX5 NA 1989-1998- Mazda MX5 NB 1998-2005Numer OEM:-&nbsp;NA01-28-890\" \/>\n<meta property=\"og:url\" content=\"https:\/\/cybul.eu\/pl\/sklep\/tuleja-tylnej-belki-dyferencjalu-mpbs-3703153-mazda-mx-5-namx-5-nb\/\" \/>\n<meta property=\"og:site_name\" content=\"CYBUL\" \/>\n<meta property=\"article:modified_time\" content=\"2024-06-20T15:22:37+00:00\" \/>\n<meta property=\"og:image\" content=\"https:\/\/cybul.eu\/wp-content\/uploads\/2024\/06\/pol_pl_Tuleja-tylnej-belki-dyferencjalu-MPBS-3703153-Mazda-MX-5-NA-MX-5-NB-152309_1.jpg\" \/>\n\t<meta property=\"og:image:width\" content=\"900\" \/>\n\t<meta property=\"og:image:height\" content=\"900\" \/>\n\t<meta property=\"og:image:type\" content=\"image\/jpeg\" \/>\n<meta name=\"twitter:card\" content=\"summary_large_image\" \/>\n<script type=\"application\/ld+json\" class=\"yoast-schema-graph\">{\"@context\":\"https:\/\/schema.org\",\"@graph\":[{\"@type\":\"WebPage\",\"@id\":\"https:\/\/cybul.eu\/pl\/sklep\/tuleja-tylnej-belki-dyferencjalu-mpbs-3703153-mazda-mx-5-namx-5-nb\/\",\"url\":\"https:\/\/cybul.eu\/pl\/sklep\/tuleja-tylnej-belki-dyferencjalu-mpbs-3703153-mazda-mx-5-namx-5-nb\/\",\"name\":\"TULEJA TYLNEJ BELKI \/ DYFERENCJA\u0141U - MPBS: 3703153 MAZDA MX-5 NA,MX-5 NB - CYBUL\",\"isPartOf\":{\"@id\":\"https:\/\/cybul.eu\/pl\/#website\"},\"primaryImageOfPage\":{\"@id\":\"https:\/\/cybul.eu\/pl\/sklep\/tuleja-tylnej-belki-dyferencjalu-mpbs-3703153-mazda-mx-5-namx-5-nb\/#primaryimage\"},\"image\":{\"@id\":\"https:\/\/cybul.eu\/pl\/sklep\/tuleja-tylnej-belki-dyferencjalu-mpbs-3703153-mazda-mx-5-namx-5-nb\/#primaryimage\"},\"thumbnailUrl\":\"https:\/\/cybul.eu\/wp-content\/uploads\/2024\/06\/pol_pl_Tuleja-tylnej-belki-dyferencjalu-MPBS-3703153-Mazda-MX-5-NA-MX-5-NB-152309_1.jpg\",\"datePublished\":\"2024-06-20T15:22:21+00:00\",\"dateModified\":\"2024-06-20T15:22:37+00:00\",\"breadcrumb\":{\"@id\":\"https:\/\/cybul.eu\/pl\/sklep\/tuleja-tylnej-belki-dyferencjalu-mpbs-3703153-mazda-mx-5-namx-5-nb\/#breadcrumb\"},\"inLanguage\":\"pl-PL\",\"potentialAction\":[{\"@type\":\"ReadAction\",\"target\":[\"https:\/\/cybul.eu\/pl\/sklep\/tuleja-tylnej-belki-dyferencjalu-mpbs-3703153-mazda-mx-5-namx-5-nb\/\"]}]},{\"@type\":\"ImageObject\",\"inLanguage\":\"pl-PL\",\"@id\":\"https:\/\/cybul.eu\/pl\/sklep\/tuleja-tylnej-belki-dyferencjalu-mpbs-3703153-mazda-mx-5-namx-5-nb\/#primaryimage\",\"url\":\"https:\/\/cybul.eu\/wp-content\/uploads\/2024\/06\/pol_pl_Tuleja-tylnej-belki-dyferencjalu-MPBS-3703153-Mazda-MX-5-NA-MX-5-NB-152309_1.jpg\",\"contentUrl\":\"https:\/\/cybul.eu\/wp-content\/uploads\/2024\/06\/pol_pl_Tuleja-tylnej-belki-dyferencjalu-MPBS-3703153-Mazda-MX-5-NA-MX-5-NB-152309_1.jpg\",\"width\":900,\"height\":900},{\"@type\":\"BreadcrumbList\",\"@id\":\"https:\/\/cybul.eu\/pl\/sklep\/tuleja-tylnej-belki-dyferencjalu-mpbs-3703153-mazda-mx-5-namx-5-nb\/#breadcrumb\",\"itemListElement\":[{\"@type\":\"ListItem\",\"position\":1,\"name\":\"Strona g\u0142\u00f3wna\",\"item\":\"https:\/\/cybul.eu\/pl\/\"},{\"@type\":\"ListItem\",\"position\":2,\"name\":\"Sklep\",\"item\":\"https:\/\/cybul.eu\/pl\/sklep\/\"},{\"@type\":\"ListItem\",\"position\":3,\"name\":\"TULEJA TYLNEJ BELKI \/ DYFERENCJA\u0141U &#8211; MPBS: 3703153 MAZDA MX-5 NA,MX-5 NB\"}]},{\"@type\":\"WebSite\",\"@id\":\"https:\/\/cybul.eu\/pl\/#website\",\"url\":\"https:\/\/cybul.eu\/pl\/\",\"name\":\"CYBUL\",\"description\":\"\",\"potentialAction\":[{\"@type\":\"SearchAction\",\"target\":{\"@type\":\"EntryPoint\",\"urlTemplate\":\"https:\/\/cybul.eu\/pl\/?s={search_term_string}\"},\"query-input\":{\"@type\":\"PropertyValueSpecification\",\"valueRequired\":true,\"valueName\":\"search_term_string\"}}],\"inLanguage\":\"pl-PL\"}]}<\/script>\n<!-- \/ Yoast SEO plugin. -->","yoast_head_json":{"title":"TULEJA TYLNEJ BELKI \/ DYFERENCJA\u0141U - MPBS: 3703153 MAZDA MX-5 NA,MX-5 NB - CYBUL","robots":{"index":"index","follow":"follow","max-snippet":"max-snippet:-1","max-image-preview":"max-image-preview:large","max-video-preview":"max-video-preview:-1"},"canonical":"https:\/\/cybul.eu\/pl\/sklep\/tuleja-tylnej-belki-dyferencjalu-mpbs-3703153-mazda-mx-5-namx-5-nb\/","og_locale":"pl_PL","og_type":"article","og_title":"TULEJA TYLNEJ BELKI \/ DYFERENCJA\u0141U - MPBS: 3703153 MAZDA MX-5 NA,MX-5 NB - CYBUL","og_description":"Tuleja tylnej belki \/ dyferencja\u0142u MPBS: 3703153MPBS KOD: 3703153Twardo\u015b\u0107: 80ShA lub 90ShAW sk\u0142ad zestawu wchodz\u0105:- 1szt. Tuleja tylnej belki \/ dyferencja\u0142u - nr. MPBS: 3703153Do zamontowania tulei potrzebne s\u0105 oryginalne podk\u0142adki.Pasuje do:- Mazda MX5 NA 1989-1998- Mazda MX5 NB 1998-2005Numer OEM:-&nbsp;NA01-28-890","og_url":"https:\/\/cybul.eu\/pl\/sklep\/tuleja-tylnej-belki-dyferencjalu-mpbs-3703153-mazda-mx-5-namx-5-nb\/","og_site_name":"CYBUL","article_modified_time":"2024-06-20T15:22:37+00:00","og_image":[{"width":900,"height":900,"url":"https:\/\/cybul.eu\/wp-content\/uploads\/2024\/06\/pol_pl_Tuleja-tylnej-belki-dyferencjalu-MPBS-3703153-Mazda-MX-5-NA-MX-5-NB-152309_1.jpg","type":"image\/jpeg"}],"twitter_card":"summary_large_image","schema":{"@context":"https:\/\/schema.org","@graph":[{"@type":"WebPage","@id":"https:\/\/cybul.eu\/pl\/sklep\/tuleja-tylnej-belki-dyferencjalu-mpbs-3703153-mazda-mx-5-namx-5-nb\/","url":"https:\/\/cybul.eu\/pl\/sklep\/tuleja-tylnej-belki-dyferencjalu-mpbs-3703153-mazda-mx-5-namx-5-nb\/","name":"TULEJA TYLNEJ BELKI \/ DYFERENCJA\u0141U - MPBS: 3703153 MAZDA MX-5 NA,MX-5 NB - CYBUL","isPartOf":{"@id":"https:\/\/cybul.eu\/pl\/#website"},"primaryImageOfPage":{"@id":"https:\/\/cybul.eu\/pl\/sklep\/tuleja-tylnej-belki-dyferencjalu-mpbs-3703153-mazda-mx-5-namx-5-nb\/#primaryimage"},"image":{"@id":"https:\/\/cybul.eu\/pl\/sklep\/tuleja-tylnej-belki-dyferencjalu-mpbs-3703153-mazda-mx-5-namx-5-nb\/#primaryimage"},"thumbnailUrl":"https:\/\/cybul.eu\/wp-content\/uploads\/2024\/06\/pol_pl_Tuleja-tylnej-belki-dyferencjalu-MPBS-3703153-Mazda-MX-5-NA-MX-5-NB-152309_1.jpg","datePublished":"2024-06-20T15:22:21+00:00","dateModified":"2024-06-20T15:22:37+00:00","breadcrumb":{"@id":"https:\/\/cybul.eu\/pl\/sklep\/tuleja-tylnej-belki-dyferencjalu-mpbs-3703153-mazda-mx-5-namx-5-nb\/#breadcrumb"},"inLanguage":"pl-PL","potentialAction":[{"@type":"ReadAction","target":["https:\/\/cybul.eu\/pl\/sklep\/tuleja-tylnej-belki-dyferencjalu-mpbs-3703153-mazda-mx-5-namx-5-nb\/"]}]},{"@type":"ImageObject","inLanguage":"pl-PL","@id":"https:\/\/cybul.eu\/pl\/sklep\/tuleja-tylnej-belki-dyferencjalu-mpbs-3703153-mazda-mx-5-namx-5-nb\/#primaryimage","url":"https:\/\/cybul.eu\/wp-content\/uploads\/2024\/06\/pol_pl_Tuleja-tylnej-belki-dyferencjalu-MPBS-3703153-Mazda-MX-5-NA-MX-5-NB-152309_1.jpg","contentUrl":"https:\/\/cybul.eu\/wp-content\/uploads\/2024\/06\/pol_pl_Tuleja-tylnej-belki-dyferencjalu-MPBS-3703153-Mazda-MX-5-NA-MX-5-NB-152309_1.jpg","width":900,"height":900},{"@type":"BreadcrumbList","@id":"https:\/\/cybul.eu\/pl\/sklep\/tuleja-tylnej-belki-dyferencjalu-mpbs-3703153-mazda-mx-5-namx-5-nb\/#breadcrumb","itemListElement":[{"@type":"ListItem","position":1,"name":"Strona g\u0142\u00f3wna","item":"https:\/\/cybul.eu\/pl\/"},{"@type":"ListItem","position":2,"name":"Sklep","item":"https:\/\/cybul.eu\/pl\/sklep\/"},{"@type":"ListItem","position":3,"name":"TULEJA TYLNEJ BELKI \/ DYFERENCJA\u0141U &#8211; MPBS: 3703153 MAZDA MX-5 NA,MX-5 NB"}]},{"@type":"WebSite","@id":"https:\/\/cybul.eu\/pl\/#website","url":"https:\/\/cybul.eu\/pl\/","name":"CYBUL","description":"","potentialAction":[{"@type":"SearchAction","target":{"@type":"EntryPoint","urlTemplate":"https:\/\/cybul.eu\/pl\/?s={search_term_string}"},"query-input":{"@type":"PropertyValueSpecification","valueRequired":true,"valueName":"search_term_string"}}],"inLanguage":"pl-PL"}]}},"_links":{"self":[{"href":"https:\/\/cybul.eu\/pl\/wp-json\/wp\/v2\/product\/15604","targetHints":{"allow":["GET"]}}],"collection":[{"href":"https:\/\/cybul.eu\/pl\/wp-json\/wp\/v2\/product"}],"about":[{"href":"https:\/\/cybul.eu\/pl\/wp-json\/wp\/v2\/types\/product"}],"replies":[{"embeddable":true,"href":"https:\/\/cybul.eu\/pl\/wp-json\/wp\/v2\/comments?post=15604"}],"wp:featuredmedia":[{"embeddable":true,"href":"https:\/\/cybul.eu\/pl\/wp-json\/wp\/v2\/media\/15165"}],"wp:attachment":[{"href":"https:\/\/cybul.eu\/pl\/wp-json\/wp\/v2\/media?parent=15604"}],"wp:term":[{"taxonomy":"product_cat","embeddable":true,"href":"https:\/\/cybul.eu\/pl\/wp-json\/wp\/v2\/product_cat?post=15604"},{"taxonomy":"product_tag","embeddable":true,"href":"https:\/\/cybul.eu\/pl\/wp-json\/wp\/v2\/product_tag?post=15604"}],"curies":[{"name":"wp","href":"https:\/\/api.w.org\/{rel}","templated":true}]}}