{"id":15596,"date":"2024-06-20T17:22:21","date_gmt":"2024-06-20T15:22:21","guid":{"rendered":"https:\/\/cybul.eu\/shop\/tarcza-hamulcowa-przednia-dba-street-series-plain-dba530-mazda-121-323-estate-mx5-mk1-na\/"},"modified":"2024-06-20T17:22:25","modified_gmt":"2024-06-20T15:22:25","slug":"tarcza-hamulcowa-przednia-dba-street-series-plain-dba530-mazda-121-323-estate-mx5-mk1-na","status":"publish","type":"product","link":"https:\/\/cybul.eu\/pl\/sklep\/tarcza-hamulcowa-przednia-dba-street-series-plain-dba530-mazda-121-323-estate-mx5-mk1-na\/","title":{"rendered":"TARCZA HAMULCOWA PRZEDNIA DBA STREET SERIES &#8211; PLAIN &#8211; DBA530 MAZDA 121 323 ESTATE MX5 MK1 NA"},"content":{"rendered":"<p><b>Tarcza hamulcowa DBA Street Series &#8211; plain<\/b><\/p>\n<p>Numer katalogowy: <b>DBA530<\/b><\/p>\n<p><b>O\u015b: <\/b>przednia<\/p>\n<p><b>\u015arednica [mm]: <\/b>235<\/p>\n<p><b>Typ tarczy: <\/b>Kangaroo Paw<\/p>\n<p><b>Ilo\u015b\u0107 otwor\u00f3w: <\/b>4<\/p>\n<p><b>\u015arednica wewn\u0119trzna [mm]: <\/b>55<\/p>\n<p><b>Minimalna grubo\u015b\u0107 [mm]: <\/b>16<\/p>\n<p><b>Grubo\u015b\u0107 [mm]: <\/b>18<\/p>\n<p><b>Wysoko\u015b\u0107 [mm]: <\/b>45.5<\/p>\n<p><b>Waga 1 sztuki (kg): <\/b>4<\/p>\n<p><b>Cena za 1 sztuk\u0119.<\/b><\/p>\n<p><img decoding=\"async\" style=\"display: block; margin-left: auto; margin-right: auto;\" src=\"\/data\/include\/cms\/DBA\/DBA-tabela-tarcze-pl.jpg\" border=\"0\" alt=\"\" width=\"100%\" class=\"slb\"><\/p>\n<p>Ponad czterdzie\u015bci lat do\u015bwiadczenia w produkcji i niezr\u00f3wnanej wiedzy dzi\u0119ki badaniom i rozwojowi, marka DBA zyska\u0142a pozycj\u0119 najbardziej utytu\u0142owanego australijskiego producenta i \u015bwiatowego lidera w produkcji tarcz hamulcowych.<\/p>\n<p>Dzi\u0119ki ci\u0105g\u0142emu doskonaleniu technologii i pragnieniu innowacji, DBA uda\u0142o si\u0119 zdefiniowa\u0107 na nowo i dostarczy\u0107 tarcze hamulcowe dla najr\u00f3\u017cniejszych zastosowa\u0144 w pojazdach i w szerokim wachlarzu warunk\u00f3w. W przypadku tarcz hamulcowych, jak w przypadku wszystkich element\u00f3w bezpiecze\u0144stwa, nie mo\u017ce by\u0107 skr\u00f3t\u00f3w. Kierowcy na ca\u0142ym \u015bwiecie ceni\u0105 produkty DBA za konsekwencj\u0119, niezawodno\u015b\u0107 i doskona\u0142e osi\u0105gi. DBA gwarantuje to poprzez konstruowanie hamulc\u00f3w tarczowych, kt\u00f3re s\u0105 znacznie lepsze od hamulc\u00f3w standardowych i zamiennik\u00f3w. Jak? DBA stawia sobie za cel zapewnienie wysokiej jako\u015bci, dok\u0142adno\u015bci, najlepszych metali i urz\u0105dze\u0144 produkcyjnych, kt\u00f3re umo\u017cliwiaj\u0105 produkcj\u0119 najwy\u017cszej jako\u015bci tarcz hamulcowych.<\/p>\n<p><b>Pasuje do:<\/b><\/p>\n<p>&#8211; MAZDA3231.3 BA1 (1995-1998) Brake Pads: DB406 Brake Caliper: Sumitomo<\/p>\n<p>&#8211; MAZDA3231.3 BG1 (1989-1991) Brake Pads: DB406 Brake Caliper: Sumitomo<\/p>\n<p>&#8211; MAZDA3231.3 BG1 (1991-1995) Brake Pads: DB406 Brake Caliper: Sumitomo<\/p>\n<p>&#8211; MAZDA1211.3 DB &#8211; Manual (1991-1996) Brake Pads: DB406 Brake Caliper: Sumitomo<\/p>\n<p>&#8211; MAZDAMX5 (Mk1) (NA)1.6 (1989-1998) Brake Pads: DB1178 Brake Caliper: Sumitomo<\/p>\n<p>&#8211; MAZDA3231.6 BG1 (1989-1991) Brake Pads: DB406 Brake Caliper: Sumitomo<\/p>\n<p>&#8211; MAZDA3231.6 BG1 (1991-1994) Brake Pads: DB406 Brake Caliper: Sumitomo<\/p>\n<p>&#8211; MAZDA3231.7 D (1989-1993) Brake Pads: DB1158 Brake Caliper: Sumitomo<\/p>\n<p>&#8211; MAZDA323 Estate1.7 D (1989-1993) Brake Pads: DB1158 Brake Caliper: Sumitomo<\/p>\n","protected":false},"excerpt":{"rendered":"<p><b>Tarcza hamulcowa DBA Street Series &#8211; plain<\/b><\/p>\n","protected":false},"featured_media":0,"comment_status":"closed","ping_status":"open","template":"","meta":[],"product_cat":[387,284],"product_tag":[],"class_list":{"0":"post-15596","1":"product","2":"type-product","3":"status-publish","5":"product_cat-mx5-na-pl","6":"product_cat-mazda-pl","8":"first","9":"instock","10":"taxable","11":"shipping-taxable","12":"purchasable","13":"product-type-simple"},"bundled_by":[],"bundle_stock_status":"instock","bundle_stock_quantity":null,"bundle_virtual":false,"bundle_layout":"","bundle_add_to_cart_form_location":"","bundle_editable_in_cart":false,"bundle_sold_individually_context":"","bundle_item_grouping":"","bundle_min_size":"","bundle_max_size":"","bundle_price":[],"bundled_items":[],"bundle_sell_ids":[],"acf":{"zdjecie_bez_watermarka":null,"zdjecie_bez_watermarka_url":"","product_orgin_url":"https:\/\/inter-rally.pl\/product-eng-174576-Tarcza-hamulcowa-przednia-DBA-Street-Series-plain-DBA530-MAZDA-121-323-Estate-MX5-Mk1-NA.html"},"yoast_head":"<!-- This site is optimized with the Yoast SEO plugin v23.9 - https:\/\/yoast.com\/wordpress\/plugins\/seo\/ -->\n<title>TARCZA HAMULCOWA PRZEDNIA DBA STREET SERIES - PLAIN - DBA530 MAZDA 121 323 ESTATE MX5 MK1 NA - CYBUL<\/title>\n<meta name=\"robots\" content=\"index, follow, max-snippet:-1, max-image-preview:large, max-video-preview:-1\" \/>\n<link rel=\"canonical\" href=\"https:\/\/cybul.eu\/pl\/sklep\/tarcza-hamulcowa-przednia-dba-street-series-plain-dba530-mazda-121-323-estate-mx5-mk1-na\/\" \/>\n<meta property=\"og:locale\" content=\"pl_PL\" \/>\n<meta property=\"og:type\" content=\"article\" \/>\n<meta property=\"og:title\" content=\"TARCZA HAMULCOWA PRZEDNIA DBA STREET SERIES - PLAIN - DBA530 MAZDA 121 323 ESTATE MX5 MK1 NA - CYBUL\" \/>\n<meta property=\"og:description\" content=\"Tarcza hamulcowa DBA Street Series - plain\" \/>\n<meta property=\"og:url\" content=\"https:\/\/cybul.eu\/pl\/sklep\/tarcza-hamulcowa-przednia-dba-street-series-plain-dba530-mazda-121-323-estate-mx5-mk1-na\/\" \/>\n<meta property=\"og:site_name\" content=\"CYBUL\" \/>\n<meta property=\"article:modified_time\" content=\"2024-06-20T15:22:25+00:00\" \/>\n<meta name=\"twitter:card\" content=\"summary_large_image\" \/>\n<meta name=\"twitter:label1\" content=\"Szacowany czas czytania\" \/>\n\t<meta name=\"twitter:data1\" content=\"1 minuta\" \/>\n<script type=\"application\/ld+json\" class=\"yoast-schema-graph\">{\"@context\":\"https:\/\/schema.org\",\"@graph\":[{\"@type\":\"WebPage\",\"@id\":\"https:\/\/cybul.eu\/pl\/sklep\/tarcza-hamulcowa-przednia-dba-street-series-plain-dba530-mazda-121-323-estate-mx5-mk1-na\/\",\"url\":\"https:\/\/cybul.eu\/pl\/sklep\/tarcza-hamulcowa-przednia-dba-street-series-plain-dba530-mazda-121-323-estate-mx5-mk1-na\/\",\"name\":\"TARCZA HAMULCOWA PRZEDNIA DBA STREET SERIES - PLAIN - DBA530 MAZDA 121 323 ESTATE MX5 MK1 NA - CYBUL\",\"isPartOf\":{\"@id\":\"https:\/\/cybul.eu\/pl\/#website\"},\"datePublished\":\"2024-06-20T15:22:21+00:00\",\"dateModified\":\"2024-06-20T15:22:25+00:00\",\"breadcrumb\":{\"@id\":\"https:\/\/cybul.eu\/pl\/sklep\/tarcza-hamulcowa-przednia-dba-street-series-plain-dba530-mazda-121-323-estate-mx5-mk1-na\/#breadcrumb\"},\"inLanguage\":\"pl-PL\",\"potentialAction\":[{\"@type\":\"ReadAction\",\"target\":[\"https:\/\/cybul.eu\/pl\/sklep\/tarcza-hamulcowa-przednia-dba-street-series-plain-dba530-mazda-121-323-estate-mx5-mk1-na\/\"]}]},{\"@type\":\"BreadcrumbList\",\"@id\":\"https:\/\/cybul.eu\/pl\/sklep\/tarcza-hamulcowa-przednia-dba-street-series-plain-dba530-mazda-121-323-estate-mx5-mk1-na\/#breadcrumb\",\"itemListElement\":[{\"@type\":\"ListItem\",\"position\":1,\"name\":\"Strona g\u0142\u00f3wna\",\"item\":\"https:\/\/cybul.eu\/pl\/\"},{\"@type\":\"ListItem\",\"position\":2,\"name\":\"Sklep\",\"item\":\"https:\/\/cybul.eu\/pl\/sklep\/\"},{\"@type\":\"ListItem\",\"position\":3,\"name\":\"TARCZA HAMULCOWA PRZEDNIA DBA STREET SERIES &#8211; PLAIN &#8211; DBA530 MAZDA 121 323 ESTATE MX5 MK1 NA\"}]},{\"@type\":\"WebSite\",\"@id\":\"https:\/\/cybul.eu\/pl\/#website\",\"url\":\"https:\/\/cybul.eu\/pl\/\",\"name\":\"CYBUL\",\"description\":\"\",\"potentialAction\":[{\"@type\":\"SearchAction\",\"target\":{\"@type\":\"EntryPoint\",\"urlTemplate\":\"https:\/\/cybul.eu\/pl\/?s={search_term_string}\"},\"query-input\":{\"@type\":\"PropertyValueSpecification\",\"valueRequired\":true,\"valueName\":\"search_term_string\"}}],\"inLanguage\":\"pl-PL\"}]}<\/script>\n<!-- \/ Yoast SEO plugin. -->","yoast_head_json":{"title":"TARCZA HAMULCOWA PRZEDNIA DBA STREET SERIES - PLAIN - DBA530 MAZDA 121 323 ESTATE MX5 MK1 NA - CYBUL","robots":{"index":"index","follow":"follow","max-snippet":"max-snippet:-1","max-image-preview":"max-image-preview:large","max-video-preview":"max-video-preview:-1"},"canonical":"https:\/\/cybul.eu\/pl\/sklep\/tarcza-hamulcowa-przednia-dba-street-series-plain-dba530-mazda-121-323-estate-mx5-mk1-na\/","og_locale":"pl_PL","og_type":"article","og_title":"TARCZA HAMULCOWA PRZEDNIA DBA STREET SERIES - PLAIN - DBA530 MAZDA 121 323 ESTATE MX5 MK1 NA - CYBUL","og_description":"Tarcza hamulcowa DBA Street Series - plain","og_url":"https:\/\/cybul.eu\/pl\/sklep\/tarcza-hamulcowa-przednia-dba-street-series-plain-dba530-mazda-121-323-estate-mx5-mk1-na\/","og_site_name":"CYBUL","article_modified_time":"2024-06-20T15:22:25+00:00","twitter_card":"summary_large_image","twitter_misc":{"Szacowany czas czytania":"1 minuta"},"schema":{"@context":"https:\/\/schema.org","@graph":[{"@type":"WebPage","@id":"https:\/\/cybul.eu\/pl\/sklep\/tarcza-hamulcowa-przednia-dba-street-series-plain-dba530-mazda-121-323-estate-mx5-mk1-na\/","url":"https:\/\/cybul.eu\/pl\/sklep\/tarcza-hamulcowa-przednia-dba-street-series-plain-dba530-mazda-121-323-estate-mx5-mk1-na\/","name":"TARCZA HAMULCOWA PRZEDNIA DBA STREET SERIES - PLAIN - DBA530 MAZDA 121 323 ESTATE MX5 MK1 NA - CYBUL","isPartOf":{"@id":"https:\/\/cybul.eu\/pl\/#website"},"datePublished":"2024-06-20T15:22:21+00:00","dateModified":"2024-06-20T15:22:25+00:00","breadcrumb":{"@id":"https:\/\/cybul.eu\/pl\/sklep\/tarcza-hamulcowa-przednia-dba-street-series-plain-dba530-mazda-121-323-estate-mx5-mk1-na\/#breadcrumb"},"inLanguage":"pl-PL","potentialAction":[{"@type":"ReadAction","target":["https:\/\/cybul.eu\/pl\/sklep\/tarcza-hamulcowa-przednia-dba-street-series-plain-dba530-mazda-121-323-estate-mx5-mk1-na\/"]}]},{"@type":"BreadcrumbList","@id":"https:\/\/cybul.eu\/pl\/sklep\/tarcza-hamulcowa-przednia-dba-street-series-plain-dba530-mazda-121-323-estate-mx5-mk1-na\/#breadcrumb","itemListElement":[{"@type":"ListItem","position":1,"name":"Strona g\u0142\u00f3wna","item":"https:\/\/cybul.eu\/pl\/"},{"@type":"ListItem","position":2,"name":"Sklep","item":"https:\/\/cybul.eu\/pl\/sklep\/"},{"@type":"ListItem","position":3,"name":"TARCZA HAMULCOWA PRZEDNIA DBA STREET SERIES &#8211; PLAIN &#8211; DBA530 MAZDA 121 323 ESTATE MX5 MK1 NA"}]},{"@type":"WebSite","@id":"https:\/\/cybul.eu\/pl\/#website","url":"https:\/\/cybul.eu\/pl\/","name":"CYBUL","description":"","potentialAction":[{"@type":"SearchAction","target":{"@type":"EntryPoint","urlTemplate":"https:\/\/cybul.eu\/pl\/?s={search_term_string}"},"query-input":{"@type":"PropertyValueSpecification","valueRequired":true,"valueName":"search_term_string"}}],"inLanguage":"pl-PL"}]}},"_links":{"self":[{"href":"https:\/\/cybul.eu\/pl\/wp-json\/wp\/v2\/product\/15596","targetHints":{"allow":["GET"]}}],"collection":[{"href":"https:\/\/cybul.eu\/pl\/wp-json\/wp\/v2\/product"}],"about":[{"href":"https:\/\/cybul.eu\/pl\/wp-json\/wp\/v2\/types\/product"}],"replies":[{"embeddable":true,"href":"https:\/\/cybul.eu\/pl\/wp-json\/wp\/v2\/comments?post=15596"}],"wp:attachment":[{"href":"https:\/\/cybul.eu\/pl\/wp-json\/wp\/v2\/media?parent=15596"}],"wp:term":[{"taxonomy":"product_cat","embeddable":true,"href":"https:\/\/cybul.eu\/pl\/wp-json\/wp\/v2\/product_cat?post=15596"},{"taxonomy":"product_tag","embeddable":true,"href":"https:\/\/cybul.eu\/pl\/wp-json\/wp\/v2\/product_tag?post=15596"}],"curies":[{"name":"wp","href":"https:\/\/api.w.org\/{rel}","templated":true}]}}