{"id":15581,"date":"2024-06-20T17:21:40","date_gmt":"2024-06-20T15:21:40","guid":{"rendered":"https:\/\/cybul.eu\/shop\/sprezyny-obnizajace-hr-mazda-mx-5\/"},"modified":"2024-06-20T17:21:52","modified_gmt":"2024-06-20T15:21:52","slug":"sprezyny-obnizajace-hr-mazda-mx-5","status":"publish","type":"product","link":"https:\/\/cybul.eu\/pl\/sklep\/sprezyny-obnizajace-hr-mazda-mx-5\/","title":{"rendered":"SPR\u0118\u017bYNY OBNI\u017bAJ\u0104CE H&#038;R MAZDA MX 5"},"content":{"rendered":"<p>Spr\u0119\u017cyny obni\u017caj\u0105ce H&amp;R Mazda MX 5  <\/p>\n<p>Rocznik: 90&gt;98<\/p>\n<p>Nap\u0119d 4WD: NIE<\/p>\n<p>Nap\u0119d 2WD: TAK<\/p>\n<p>Nap\u0119d ABE: NIE<\/p>\n<p>Index spr\u0119\u017cyny (prz\u00f3d): VA 29839 VA<\/p>\n<p>Index spr\u0119\u017cyny (ty\u0142): HA 29839 HA<\/p>\n<p>Obni\u017cenie osi przedniej o (mm): 40<\/p>\n<p>Obni\u017cenie osi tylnej o (mm): 40<\/p>\n<p>Max. obci\u0105\u017cenia osi przedniej do (kg): <\/p>\n<p>Max. obci\u0105\u017cenia osi przedniej od (kg): <\/p>\n<p>Max. obci\u0105\u017cenia osi tylnej do (kg): <\/p>\n<p>Max. obci\u0105\u017cenia osi tylnej od (kg): <\/p>\n<p>Adnotacje: (Eunos, Roadster)(Miata)<\/p>\n<p>Uwagi 1: nie dotyczy<\/p>\n<p>Uwagi 2: nie dotyczy<\/p>\n<p>Uwagi 3: nie dotyczy<\/p>\n","protected":false},"excerpt":{"rendered":"<p>Spr\u0119\u017cyny obni\u017caj\u0105ce H&amp;R Mazda MX 5  <\/p>\n","protected":false},"featured_media":15092,"comment_status":"closed","ping_status":"open","template":"","meta":[],"product_cat":[387,284],"product_tag":[],"class_list":{"0":"post-15581","1":"product","2":"type-product","3":"status-publish","4":"has-post-thumbnail","6":"product_cat-mx5-na-pl","7":"product_cat-mazda-pl","9":"first","10":"instock","11":"taxable","12":"shipping-taxable","13":"purchasable","14":"product-type-simple"},"bundled_by":[],"bundle_stock_status":"instock","bundle_stock_quantity":null,"bundle_virtual":false,"bundle_layout":"","bundle_add_to_cart_form_location":"","bundle_editable_in_cart":false,"bundle_sold_individually_context":"","bundle_item_grouping":"","bundle_min_size":"","bundle_max_size":"","bundle_price":[],"bundled_items":[],"bundle_sell_ids":[],"acf":{"zdjecie_bez_watermarka":null,"zdjecie_bez_watermarka_url":"","product_orgin_url":"https:\/\/inter-rally.pl\/product-eng-31719-Sprezyny-obnizajace-H-R-Mazda-MX-5.html"},"yoast_head":"<!-- This site is optimized with the Yoast SEO plugin v23.9 - https:\/\/yoast.com\/wordpress\/plugins\/seo\/ -->\n<title>SPR\u0118\u017bYNY OBNI\u017bAJ\u0104CE H&amp;R MAZDA MX 5 - CYBUL<\/title>\n<meta name=\"robots\" content=\"index, follow, max-snippet:-1, max-image-preview:large, max-video-preview:-1\" \/>\n<link rel=\"canonical\" href=\"https:\/\/cybul.eu\/pl\/sklep\/sprezyny-obnizajace-hr-mazda-mx-5\/\" \/>\n<meta property=\"og:locale\" content=\"pl_PL\" \/>\n<meta property=\"og:type\" content=\"article\" \/>\n<meta property=\"og:title\" content=\"SPR\u0118\u017bYNY OBNI\u017bAJ\u0104CE H&amp;R MAZDA MX 5 - CYBUL\" \/>\n<meta property=\"og:description\" content=\"Spr\u0119\u017cyny obni\u017caj\u0105ce H&amp;R Mazda MX 5\" \/>\n<meta property=\"og:url\" content=\"https:\/\/cybul.eu\/pl\/sklep\/sprezyny-obnizajace-hr-mazda-mx-5\/\" \/>\n<meta property=\"og:site_name\" content=\"CYBUL\" \/>\n<meta property=\"article:modified_time\" content=\"2024-06-20T15:21:52+00:00\" \/>\n<meta property=\"og:image\" content=\"https:\/\/cybul.eu\/wp-content\/uploads\/2024\/06\/pol_pl_Sprezyny-obnizajace-H-R-Mazda-MX-5-31719_1.jpg\" \/>\n\t<meta property=\"og:image:width\" content=\"900\" \/>\n\t<meta property=\"og:image:height\" content=\"574\" \/>\n\t<meta property=\"og:image:type\" content=\"image\/jpeg\" \/>\n<meta name=\"twitter:card\" content=\"summary_large_image\" \/>\n<script type=\"application\/ld+json\" class=\"yoast-schema-graph\">{\"@context\":\"https:\/\/schema.org\",\"@graph\":[{\"@type\":\"WebPage\",\"@id\":\"https:\/\/cybul.eu\/pl\/sklep\/sprezyny-obnizajace-hr-mazda-mx-5\/\",\"url\":\"https:\/\/cybul.eu\/pl\/sklep\/sprezyny-obnizajace-hr-mazda-mx-5\/\",\"name\":\"SPR\u0118\u017bYNY OBNI\u017bAJ\u0104CE H&R MAZDA MX 5 - CYBUL\",\"isPartOf\":{\"@id\":\"https:\/\/cybul.eu\/pl\/#website\"},\"primaryImageOfPage\":{\"@id\":\"https:\/\/cybul.eu\/pl\/sklep\/sprezyny-obnizajace-hr-mazda-mx-5\/#primaryimage\"},\"image\":{\"@id\":\"https:\/\/cybul.eu\/pl\/sklep\/sprezyny-obnizajace-hr-mazda-mx-5\/#primaryimage\"},\"thumbnailUrl\":\"https:\/\/cybul.eu\/wp-content\/uploads\/2024\/06\/pol_pl_Sprezyny-obnizajace-H-R-Mazda-MX-5-31719_1.jpg\",\"datePublished\":\"2024-06-20T15:21:40+00:00\",\"dateModified\":\"2024-06-20T15:21:52+00:00\",\"breadcrumb\":{\"@id\":\"https:\/\/cybul.eu\/pl\/sklep\/sprezyny-obnizajace-hr-mazda-mx-5\/#breadcrumb\"},\"inLanguage\":\"pl-PL\",\"potentialAction\":[{\"@type\":\"ReadAction\",\"target\":[\"https:\/\/cybul.eu\/pl\/sklep\/sprezyny-obnizajace-hr-mazda-mx-5\/\"]}]},{\"@type\":\"ImageObject\",\"inLanguage\":\"pl-PL\",\"@id\":\"https:\/\/cybul.eu\/pl\/sklep\/sprezyny-obnizajace-hr-mazda-mx-5\/#primaryimage\",\"url\":\"https:\/\/cybul.eu\/wp-content\/uploads\/2024\/06\/pol_pl_Sprezyny-obnizajace-H-R-Mazda-MX-5-31719_1.jpg\",\"contentUrl\":\"https:\/\/cybul.eu\/wp-content\/uploads\/2024\/06\/pol_pl_Sprezyny-obnizajace-H-R-Mazda-MX-5-31719_1.jpg\",\"width\":900,\"height\":574},{\"@type\":\"BreadcrumbList\",\"@id\":\"https:\/\/cybul.eu\/pl\/sklep\/sprezyny-obnizajace-hr-mazda-mx-5\/#breadcrumb\",\"itemListElement\":[{\"@type\":\"ListItem\",\"position\":1,\"name\":\"Strona g\u0142\u00f3wna\",\"item\":\"https:\/\/cybul.eu\/pl\/\"},{\"@type\":\"ListItem\",\"position\":2,\"name\":\"Sklep\",\"item\":\"https:\/\/cybul.eu\/pl\/sklep\/\"},{\"@type\":\"ListItem\",\"position\":3,\"name\":\"SPR\u0118\u017bYNY OBNI\u017bAJ\u0104CE H&#038;R MAZDA MX 5\"}]},{\"@type\":\"WebSite\",\"@id\":\"https:\/\/cybul.eu\/pl\/#website\",\"url\":\"https:\/\/cybul.eu\/pl\/\",\"name\":\"CYBUL\",\"description\":\"\",\"potentialAction\":[{\"@type\":\"SearchAction\",\"target\":{\"@type\":\"EntryPoint\",\"urlTemplate\":\"https:\/\/cybul.eu\/pl\/?s={search_term_string}\"},\"query-input\":{\"@type\":\"PropertyValueSpecification\",\"valueRequired\":true,\"valueName\":\"search_term_string\"}}],\"inLanguage\":\"pl-PL\"}]}<\/script>\n<!-- \/ Yoast SEO plugin. -->","yoast_head_json":{"title":"SPR\u0118\u017bYNY OBNI\u017bAJ\u0104CE H&R MAZDA MX 5 - CYBUL","robots":{"index":"index","follow":"follow","max-snippet":"max-snippet:-1","max-image-preview":"max-image-preview:large","max-video-preview":"max-video-preview:-1"},"canonical":"https:\/\/cybul.eu\/pl\/sklep\/sprezyny-obnizajace-hr-mazda-mx-5\/","og_locale":"pl_PL","og_type":"article","og_title":"SPR\u0118\u017bYNY OBNI\u017bAJ\u0104CE H&R MAZDA MX 5 - CYBUL","og_description":"Spr\u0119\u017cyny obni\u017caj\u0105ce H&amp;R Mazda MX 5","og_url":"https:\/\/cybul.eu\/pl\/sklep\/sprezyny-obnizajace-hr-mazda-mx-5\/","og_site_name":"CYBUL","article_modified_time":"2024-06-20T15:21:52+00:00","og_image":[{"width":900,"height":574,"url":"https:\/\/cybul.eu\/wp-content\/uploads\/2024\/06\/pol_pl_Sprezyny-obnizajace-H-R-Mazda-MX-5-31719_1.jpg","type":"image\/jpeg"}],"twitter_card":"summary_large_image","schema":{"@context":"https:\/\/schema.org","@graph":[{"@type":"WebPage","@id":"https:\/\/cybul.eu\/pl\/sklep\/sprezyny-obnizajace-hr-mazda-mx-5\/","url":"https:\/\/cybul.eu\/pl\/sklep\/sprezyny-obnizajace-hr-mazda-mx-5\/","name":"SPR\u0118\u017bYNY OBNI\u017bAJ\u0104CE H&R MAZDA MX 5 - CYBUL","isPartOf":{"@id":"https:\/\/cybul.eu\/pl\/#website"},"primaryImageOfPage":{"@id":"https:\/\/cybul.eu\/pl\/sklep\/sprezyny-obnizajace-hr-mazda-mx-5\/#primaryimage"},"image":{"@id":"https:\/\/cybul.eu\/pl\/sklep\/sprezyny-obnizajace-hr-mazda-mx-5\/#primaryimage"},"thumbnailUrl":"https:\/\/cybul.eu\/wp-content\/uploads\/2024\/06\/pol_pl_Sprezyny-obnizajace-H-R-Mazda-MX-5-31719_1.jpg","datePublished":"2024-06-20T15:21:40+00:00","dateModified":"2024-06-20T15:21:52+00:00","breadcrumb":{"@id":"https:\/\/cybul.eu\/pl\/sklep\/sprezyny-obnizajace-hr-mazda-mx-5\/#breadcrumb"},"inLanguage":"pl-PL","potentialAction":[{"@type":"ReadAction","target":["https:\/\/cybul.eu\/pl\/sklep\/sprezyny-obnizajace-hr-mazda-mx-5\/"]}]},{"@type":"ImageObject","inLanguage":"pl-PL","@id":"https:\/\/cybul.eu\/pl\/sklep\/sprezyny-obnizajace-hr-mazda-mx-5\/#primaryimage","url":"https:\/\/cybul.eu\/wp-content\/uploads\/2024\/06\/pol_pl_Sprezyny-obnizajace-H-R-Mazda-MX-5-31719_1.jpg","contentUrl":"https:\/\/cybul.eu\/wp-content\/uploads\/2024\/06\/pol_pl_Sprezyny-obnizajace-H-R-Mazda-MX-5-31719_1.jpg","width":900,"height":574},{"@type":"BreadcrumbList","@id":"https:\/\/cybul.eu\/pl\/sklep\/sprezyny-obnizajace-hr-mazda-mx-5\/#breadcrumb","itemListElement":[{"@type":"ListItem","position":1,"name":"Strona g\u0142\u00f3wna","item":"https:\/\/cybul.eu\/pl\/"},{"@type":"ListItem","position":2,"name":"Sklep","item":"https:\/\/cybul.eu\/pl\/sklep\/"},{"@type":"ListItem","position":3,"name":"SPR\u0118\u017bYNY OBNI\u017bAJ\u0104CE H&#038;R MAZDA MX 5"}]},{"@type":"WebSite","@id":"https:\/\/cybul.eu\/pl\/#website","url":"https:\/\/cybul.eu\/pl\/","name":"CYBUL","description":"","potentialAction":[{"@type":"SearchAction","target":{"@type":"EntryPoint","urlTemplate":"https:\/\/cybul.eu\/pl\/?s={search_term_string}"},"query-input":{"@type":"PropertyValueSpecification","valueRequired":true,"valueName":"search_term_string"}}],"inLanguage":"pl-PL"}]}},"_links":{"self":[{"href":"https:\/\/cybul.eu\/pl\/wp-json\/wp\/v2\/product\/15581","targetHints":{"allow":["GET"]}}],"collection":[{"href":"https:\/\/cybul.eu\/pl\/wp-json\/wp\/v2\/product"}],"about":[{"href":"https:\/\/cybul.eu\/pl\/wp-json\/wp\/v2\/types\/product"}],"replies":[{"embeddable":true,"href":"https:\/\/cybul.eu\/pl\/wp-json\/wp\/v2\/comments?post=15581"}],"wp:featuredmedia":[{"embeddable":true,"href":"https:\/\/cybul.eu\/pl\/wp-json\/wp\/v2\/media\/15092"}],"wp:attachment":[{"href":"https:\/\/cybul.eu\/pl\/wp-json\/wp\/v2\/media?parent=15581"}],"wp:term":[{"taxonomy":"product_cat","embeddable":true,"href":"https:\/\/cybul.eu\/pl\/wp-json\/wp\/v2\/product_cat?post=15581"},{"taxonomy":"product_tag","embeddable":true,"href":"https:\/\/cybul.eu\/pl\/wp-json\/wp\/v2\/product_tag?post=15581"}],"curies":[{"name":"wp","href":"https:\/\/api.w.org\/{rel}","templated":true}]}}