{"id":15580,"date":"2024-06-20T17:21:40","date_gmt":"2024-06-20T15:21:40","guid":{"rendered":"https:\/\/cybul.eu\/shop\/sprezyny-obnizajace-eibach-pro-kit-mazda-mx-5-i-na-09-89-04-98\/"},"modified":"2024-06-20T17:21:52","modified_gmt":"2024-06-20T15:21:52","slug":"sprezyny-obnizajace-eibach-pro-kit-mazda-mx-5-i-na-09-89-04-98","status":"publish","type":"product","link":"https:\/\/cybul.eu\/pl\/sklep\/sprezyny-obnizajace-eibach-pro-kit-mazda-mx-5-i-na-09-89-04-98\/","title":{"rendered":"SPR\u0118\u017bYNY OBNI\u017bAJ\u0104CE EIBACH PRO-KIT MAZDA MX-5 I (NA) 09.89-04.98"},"content":{"rendered":"<p><b>Marka:<\/b> Mazda<\/p>\n<p><b>Model: <\/b>MX-5 I (NA)<\/p>\n<p><b>Silnik: <\/b>1.6, 1.6 Turbo, 1.8<\/p>\n<p><b>Rocznik: <\/b>09.89-04.98<\/p>\n<p><b>Max. dopuszczalne obci\u0105\u017cenie osi przedniej (kg): <\/b>625<\/p>\n<p><b>Max. dopuszczalne obci\u0105\u017cenie osi tylnej (kg): <\/b>645<\/p>\n<p><b>Index: <\/b>E5517-140<\/p>\n<p><b>Obni\u017cenie prz\u00f3d: <\/b>25 mm<\/p>\n<p><b>Obni\u017cenie ty\u0142: <\/b>25 mm<\/p>\n<p><b>Index spr\u0119\u017cyny przedniej: <\/b>F5517001<\/p>\n<p><b>Index spr\u0119\u017cyny tylnej: <\/b>F5517002<\/p>\n<p><b>Index element\u00f3w dodatkowych: <\/b><\/p>\n<p><b>Certyfikat: <\/b>T<\/p>\n<p><\/p>\n<p><b>Uwagi: <\/b><\/p>\n<ul>\n<li>Bez systemu samopoziomowania (nivo).<\/li>\n<li>Poza modelami z nap\u0119dem 4&#215;4 (4WD).<\/li>\n<\/ul>\n","protected":false},"excerpt":{"rendered":"<li>Bez systemu samopoziomowania (nivo).<\/li>\n","protected":false},"featured_media":15089,"comment_status":"closed","ping_status":"open","template":"","meta":[],"product_cat":[387,284],"product_tag":[],"class_list":{"0":"post-15580","1":"product","2":"type-product","3":"status-publish","4":"has-post-thumbnail","6":"product_cat-mx5-na-pl","7":"product_cat-mazda-pl","9":"first","10":"instock","11":"taxable","12":"shipping-taxable","13":"purchasable","14":"product-type-simple"},"bundled_by":[],"bundle_stock_status":"instock","bundle_stock_quantity":null,"bundle_virtual":false,"bundle_layout":"","bundle_add_to_cart_form_location":"","bundle_editable_in_cart":false,"bundle_sold_individually_context":"","bundle_item_grouping":"","bundle_min_size":"","bundle_max_size":"","bundle_price":[],"bundled_items":[],"bundle_sell_ids":[],"acf":{"zdjecie_bez_watermarka":null,"zdjecie_bez_watermarka_url":"","product_orgin_url":"https:\/\/inter-rally.pl\/product-eng-21104-Sprezyny-obnizajace-Eibach-Pro-Kit-Mazda-MX-5-I-NA-09-89-04-98.html"},"yoast_head":"<!-- This site is optimized with the Yoast SEO plugin v23.9 - https:\/\/yoast.com\/wordpress\/plugins\/seo\/ -->\n<title>SPR\u0118\u017bYNY OBNI\u017bAJ\u0104CE EIBACH PRO-KIT MAZDA MX-5 I (NA) 09.89-04.98 - CYBUL<\/title>\n<meta name=\"robots\" content=\"index, follow, max-snippet:-1, max-image-preview:large, max-video-preview:-1\" \/>\n<link rel=\"canonical\" href=\"https:\/\/cybul.eu\/pl\/sklep\/sprezyny-obnizajace-eibach-pro-kit-mazda-mx-5-i-na-09-89-04-98\/\" \/>\n<meta property=\"og:locale\" content=\"pl_PL\" \/>\n<meta property=\"og:type\" content=\"article\" \/>\n<meta property=\"og:title\" content=\"SPR\u0118\u017bYNY OBNI\u017bAJ\u0104CE EIBACH PRO-KIT MAZDA MX-5 I (NA) 09.89-04.98 - CYBUL\" \/>\n<meta property=\"og:description\" content=\"Bez systemu samopoziomowania (nivo).\" \/>\n<meta property=\"og:url\" content=\"https:\/\/cybul.eu\/pl\/sklep\/sprezyny-obnizajace-eibach-pro-kit-mazda-mx-5-i-na-09-89-04-98\/\" \/>\n<meta property=\"og:site_name\" content=\"CYBUL\" \/>\n<meta property=\"article:modified_time\" content=\"2024-06-20T15:21:52+00:00\" \/>\n<meta property=\"og:image\" content=\"https:\/\/cybul.eu\/wp-content\/uploads\/2024\/06\/pol_pl_Sprezyny-obnizajace-Eibach-Pro-Kit-Mazda-MX-5-I-NA-09-89-04-98-21104_1.jpg\" \/>\n\t<meta property=\"og:image:width\" content=\"900\" \/>\n\t<meta property=\"og:image:height\" content=\"675\" \/>\n\t<meta property=\"og:image:type\" content=\"image\/jpeg\" \/>\n<meta name=\"twitter:card\" content=\"summary_large_image\" \/>\n<script type=\"application\/ld+json\" class=\"yoast-schema-graph\">{\"@context\":\"https:\/\/schema.org\",\"@graph\":[{\"@type\":\"WebPage\",\"@id\":\"https:\/\/cybul.eu\/pl\/sklep\/sprezyny-obnizajace-eibach-pro-kit-mazda-mx-5-i-na-09-89-04-98\/\",\"url\":\"https:\/\/cybul.eu\/pl\/sklep\/sprezyny-obnizajace-eibach-pro-kit-mazda-mx-5-i-na-09-89-04-98\/\",\"name\":\"SPR\u0118\u017bYNY OBNI\u017bAJ\u0104CE EIBACH PRO-KIT MAZDA MX-5 I (NA) 09.89-04.98 - CYBUL\",\"isPartOf\":{\"@id\":\"https:\/\/cybul.eu\/pl\/#website\"},\"primaryImageOfPage\":{\"@id\":\"https:\/\/cybul.eu\/pl\/sklep\/sprezyny-obnizajace-eibach-pro-kit-mazda-mx-5-i-na-09-89-04-98\/#primaryimage\"},\"image\":{\"@id\":\"https:\/\/cybul.eu\/pl\/sklep\/sprezyny-obnizajace-eibach-pro-kit-mazda-mx-5-i-na-09-89-04-98\/#primaryimage\"},\"thumbnailUrl\":\"https:\/\/cybul.eu\/wp-content\/uploads\/2024\/06\/pol_pl_Sprezyny-obnizajace-Eibach-Pro-Kit-Mazda-MX-5-I-NA-09-89-04-98-21104_1.jpg\",\"datePublished\":\"2024-06-20T15:21:40+00:00\",\"dateModified\":\"2024-06-20T15:21:52+00:00\",\"breadcrumb\":{\"@id\":\"https:\/\/cybul.eu\/pl\/sklep\/sprezyny-obnizajace-eibach-pro-kit-mazda-mx-5-i-na-09-89-04-98\/#breadcrumb\"},\"inLanguage\":\"pl-PL\",\"potentialAction\":[{\"@type\":\"ReadAction\",\"target\":[\"https:\/\/cybul.eu\/pl\/sklep\/sprezyny-obnizajace-eibach-pro-kit-mazda-mx-5-i-na-09-89-04-98\/\"]}]},{\"@type\":\"ImageObject\",\"inLanguage\":\"pl-PL\",\"@id\":\"https:\/\/cybul.eu\/pl\/sklep\/sprezyny-obnizajace-eibach-pro-kit-mazda-mx-5-i-na-09-89-04-98\/#primaryimage\",\"url\":\"https:\/\/cybul.eu\/wp-content\/uploads\/2024\/06\/pol_pl_Sprezyny-obnizajace-Eibach-Pro-Kit-Mazda-MX-5-I-NA-09-89-04-98-21104_1.jpg\",\"contentUrl\":\"https:\/\/cybul.eu\/wp-content\/uploads\/2024\/06\/pol_pl_Sprezyny-obnizajace-Eibach-Pro-Kit-Mazda-MX-5-I-NA-09-89-04-98-21104_1.jpg\",\"width\":900,\"height\":675},{\"@type\":\"BreadcrumbList\",\"@id\":\"https:\/\/cybul.eu\/pl\/sklep\/sprezyny-obnizajace-eibach-pro-kit-mazda-mx-5-i-na-09-89-04-98\/#breadcrumb\",\"itemListElement\":[{\"@type\":\"ListItem\",\"position\":1,\"name\":\"Strona g\u0142\u00f3wna\",\"item\":\"https:\/\/cybul.eu\/pl\/\"},{\"@type\":\"ListItem\",\"position\":2,\"name\":\"Sklep\",\"item\":\"https:\/\/cybul.eu\/pl\/sklep\/\"},{\"@type\":\"ListItem\",\"position\":3,\"name\":\"SPR\u0118\u017bYNY OBNI\u017bAJ\u0104CE EIBACH PRO-KIT MAZDA MX-5 I (NA) 09.89-04.98\"}]},{\"@type\":\"WebSite\",\"@id\":\"https:\/\/cybul.eu\/pl\/#website\",\"url\":\"https:\/\/cybul.eu\/pl\/\",\"name\":\"CYBUL\",\"description\":\"\",\"potentialAction\":[{\"@type\":\"SearchAction\",\"target\":{\"@type\":\"EntryPoint\",\"urlTemplate\":\"https:\/\/cybul.eu\/pl\/?s={search_term_string}\"},\"query-input\":{\"@type\":\"PropertyValueSpecification\",\"valueRequired\":true,\"valueName\":\"search_term_string\"}}],\"inLanguage\":\"pl-PL\"}]}<\/script>\n<!-- \/ Yoast SEO plugin. -->","yoast_head_json":{"title":"SPR\u0118\u017bYNY OBNI\u017bAJ\u0104CE EIBACH PRO-KIT MAZDA MX-5 I (NA) 09.89-04.98 - CYBUL","robots":{"index":"index","follow":"follow","max-snippet":"max-snippet:-1","max-image-preview":"max-image-preview:large","max-video-preview":"max-video-preview:-1"},"canonical":"https:\/\/cybul.eu\/pl\/sklep\/sprezyny-obnizajace-eibach-pro-kit-mazda-mx-5-i-na-09-89-04-98\/","og_locale":"pl_PL","og_type":"article","og_title":"SPR\u0118\u017bYNY OBNI\u017bAJ\u0104CE EIBACH PRO-KIT MAZDA MX-5 I (NA) 09.89-04.98 - CYBUL","og_description":"Bez systemu samopoziomowania (nivo).","og_url":"https:\/\/cybul.eu\/pl\/sklep\/sprezyny-obnizajace-eibach-pro-kit-mazda-mx-5-i-na-09-89-04-98\/","og_site_name":"CYBUL","article_modified_time":"2024-06-20T15:21:52+00:00","og_image":[{"width":900,"height":675,"url":"https:\/\/cybul.eu\/wp-content\/uploads\/2024\/06\/pol_pl_Sprezyny-obnizajace-Eibach-Pro-Kit-Mazda-MX-5-I-NA-09-89-04-98-21104_1.jpg","type":"image\/jpeg"}],"twitter_card":"summary_large_image","schema":{"@context":"https:\/\/schema.org","@graph":[{"@type":"WebPage","@id":"https:\/\/cybul.eu\/pl\/sklep\/sprezyny-obnizajace-eibach-pro-kit-mazda-mx-5-i-na-09-89-04-98\/","url":"https:\/\/cybul.eu\/pl\/sklep\/sprezyny-obnizajace-eibach-pro-kit-mazda-mx-5-i-na-09-89-04-98\/","name":"SPR\u0118\u017bYNY OBNI\u017bAJ\u0104CE EIBACH PRO-KIT MAZDA MX-5 I (NA) 09.89-04.98 - CYBUL","isPartOf":{"@id":"https:\/\/cybul.eu\/pl\/#website"},"primaryImageOfPage":{"@id":"https:\/\/cybul.eu\/pl\/sklep\/sprezyny-obnizajace-eibach-pro-kit-mazda-mx-5-i-na-09-89-04-98\/#primaryimage"},"image":{"@id":"https:\/\/cybul.eu\/pl\/sklep\/sprezyny-obnizajace-eibach-pro-kit-mazda-mx-5-i-na-09-89-04-98\/#primaryimage"},"thumbnailUrl":"https:\/\/cybul.eu\/wp-content\/uploads\/2024\/06\/pol_pl_Sprezyny-obnizajace-Eibach-Pro-Kit-Mazda-MX-5-I-NA-09-89-04-98-21104_1.jpg","datePublished":"2024-06-20T15:21:40+00:00","dateModified":"2024-06-20T15:21:52+00:00","breadcrumb":{"@id":"https:\/\/cybul.eu\/pl\/sklep\/sprezyny-obnizajace-eibach-pro-kit-mazda-mx-5-i-na-09-89-04-98\/#breadcrumb"},"inLanguage":"pl-PL","potentialAction":[{"@type":"ReadAction","target":["https:\/\/cybul.eu\/pl\/sklep\/sprezyny-obnizajace-eibach-pro-kit-mazda-mx-5-i-na-09-89-04-98\/"]}]},{"@type":"ImageObject","inLanguage":"pl-PL","@id":"https:\/\/cybul.eu\/pl\/sklep\/sprezyny-obnizajace-eibach-pro-kit-mazda-mx-5-i-na-09-89-04-98\/#primaryimage","url":"https:\/\/cybul.eu\/wp-content\/uploads\/2024\/06\/pol_pl_Sprezyny-obnizajace-Eibach-Pro-Kit-Mazda-MX-5-I-NA-09-89-04-98-21104_1.jpg","contentUrl":"https:\/\/cybul.eu\/wp-content\/uploads\/2024\/06\/pol_pl_Sprezyny-obnizajace-Eibach-Pro-Kit-Mazda-MX-5-I-NA-09-89-04-98-21104_1.jpg","width":900,"height":675},{"@type":"BreadcrumbList","@id":"https:\/\/cybul.eu\/pl\/sklep\/sprezyny-obnizajace-eibach-pro-kit-mazda-mx-5-i-na-09-89-04-98\/#breadcrumb","itemListElement":[{"@type":"ListItem","position":1,"name":"Strona g\u0142\u00f3wna","item":"https:\/\/cybul.eu\/pl\/"},{"@type":"ListItem","position":2,"name":"Sklep","item":"https:\/\/cybul.eu\/pl\/sklep\/"},{"@type":"ListItem","position":3,"name":"SPR\u0118\u017bYNY OBNI\u017bAJ\u0104CE EIBACH PRO-KIT MAZDA MX-5 I (NA) 09.89-04.98"}]},{"@type":"WebSite","@id":"https:\/\/cybul.eu\/pl\/#website","url":"https:\/\/cybul.eu\/pl\/","name":"CYBUL","description":"","potentialAction":[{"@type":"SearchAction","target":{"@type":"EntryPoint","urlTemplate":"https:\/\/cybul.eu\/pl\/?s={search_term_string}"},"query-input":{"@type":"PropertyValueSpecification","valueRequired":true,"valueName":"search_term_string"}}],"inLanguage":"pl-PL"}]}},"_links":{"self":[{"href":"https:\/\/cybul.eu\/pl\/wp-json\/wp\/v2\/product\/15580","targetHints":{"allow":["GET"]}}],"collection":[{"href":"https:\/\/cybul.eu\/pl\/wp-json\/wp\/v2\/product"}],"about":[{"href":"https:\/\/cybul.eu\/pl\/wp-json\/wp\/v2\/types\/product"}],"replies":[{"embeddable":true,"href":"https:\/\/cybul.eu\/pl\/wp-json\/wp\/v2\/comments?post=15580"}],"wp:featuredmedia":[{"embeddable":true,"href":"https:\/\/cybul.eu\/pl\/wp-json\/wp\/v2\/media\/15089"}],"wp:attachment":[{"href":"https:\/\/cybul.eu\/pl\/wp-json\/wp\/v2\/media?parent=15580"}],"wp:term":[{"taxonomy":"product_cat","embeddable":true,"href":"https:\/\/cybul.eu\/pl\/wp-json\/wp\/v2\/product_cat?post=15580"},{"taxonomy":"product_tag","embeddable":true,"href":"https:\/\/cybul.eu\/pl\/wp-json\/wp\/v2\/product_tag?post=15580"}],"curies":[{"name":"wp","href":"https:\/\/api.w.org\/{rel}","templated":true}]}}