{"id":15577,"date":"2024-06-20T17:21:40","date_gmt":"2024-06-20T15:21:40","guid":{"rendered":"https:\/\/cybul.eu\/shop\/przewod-sprzegla-w-oplocie-mazda-mx-5-na-nb-2\/"},"modified":"2024-06-20T17:21:49","modified_gmt":"2024-06-20T15:21:49","slug":"przewod-sprzegla-w-oplocie-mazda-mx-5-na-nb-2","status":"publish","type":"product","link":"https:\/\/cybul.eu\/pl\/sklep\/przewod-sprzegla-w-oplocie-mazda-mx-5-na-nb-2\/","title":{"rendered":"PRZEW\u00d3D SPRZ\u0118G\u0141A W OPLOCIE MAZDA MX-5 NA\/NB"},"content":{"rendered":"<p>Przew\u00f3d sprz\u0119g\u0142a w oplocie stalowym Mazda MX-5 NA\/NB<\/p>\n<p><b>Marka: <\/b>Mazda<\/p>\n<p><b>Model: <\/b>MX-5 NA\/NB<\/p>\n<p><b>Wariant: <\/b>Wszystkie modele<\/p>\n<p><b>Lata produkcji: <\/b>1990-2005<\/p>\n<p><b>Numer katalogowy: <\/b>CCK045<\/p>\n<p><b>Uwagi: <\/b>Przew\u00f3d od pompy hamulcowej do wysprz\u0119glika<\/p>\n<p><span style=\"text-decoration: underline;\"><strong>Zdj\u0119cia produktu s\u0105 pogl\u0105dowe i nie odzwierciedlaj\u0105 jego rzeczywistego wygl\u0105du.<\/strong><\/span><\/p>\n<p><\/p>\n<p>&nbsp;<strong>Przewody sprz\u0119g\u0142a zawieraj\u0105:<\/strong><\/p>\n<p><strong>&nbsp;<\/strong><\/p>\n<ul>\n<li>Przew\u00f3d teflonowy w stalowym oplocie<\/li>\n<li>Nierdzewne ko\u0144c\u00f3wki<\/li>\n<li>Nierdzewne \u015bruby (w zale\u017cno\u015bci od modelu)<\/li>\n<li>Podk\u0142adki miedziane<\/li>\n<li>Instrukcj\u0119<\/li>\n<li>Do\u017cywotni\u0105 gwarancj\u0119\n<\/li>\n<\/ul>\n<p style=\"text-align: center;\">&nbsp;<\/p>\n<p><strong>Przewody HEL Performance wyst\u0119puj\u0105 w 13 r\u00f3\u017cnych kolorach:<br \/><img loading=\"lazy\" decoding=\"async\" src=\"\/data\/include\/cms\/Hel\/helo2.jpg\" border=\"0\" width=\"600\" height=\"388\"><br \/><\/strong><\/p>\n<p>&nbsp;<\/p>\n<table style=\"height: 207px;\" border=\"0\" width=\"726\">\n<caption><strong>SPECYFIKACJA TECHNICZNA:<\/p>\n<p><\/strong><\/caption>\n<tbody>\n<tr>\n<td><strong>Rdze\u0144 przewodu:<\/strong><\/td>\n<td>PTFE<\/td>\n<\/tr>\n<tr>\n<td><strong>Poszycie zewn\u0119trzne przewodu:<\/strong><\/td>\n<td><span>Stal nierdzewna 303\/304 i os\u0142ona z tworzywa wtopiona w oplot<\/span><\/td>\n<\/tr>\n<tr>\n<td><strong>Materia\u0142 ko\u0144c\u00f3wek:<\/strong><\/td>\n<td><span>Stal nierdzewna 303\/304<\/span><\/td>\n<\/tr>\n<tr>\n<td><strong>Temperatura robocza:<\/strong><\/td>\n<td><span>od -70\u00b0C do 260\u00b0C<\/span><\/td>\n<\/tr>\n<tr>\n<td><strong>\u015arednica wewn\u0119trzna:<\/strong><\/td>\n<td><span>3,5 mm<\/span><\/td>\n<\/tr>\n<tr>\n<td><strong>\u015arednica zewn\u0119trzna:<\/strong><\/td>\n<td><span>7,5 mm<\/span><\/td>\n<\/tr>\n<tr>\n<td><strong>Maksymalne ci\u015bnienie robocze:<\/strong><\/td>\n<td><span>290 Bar (4206 PSI)<\/span><\/td>\n<\/tr>\n<tr>\n<td><strong>Ci\u015bnienie rozrywaj\u0105ce:<\/strong><\/td>\n<td><span>870 Bar (12618 PSI<\/span><\/td>\n<\/tr>\n<tr>\n<td><strong>Minimalny promie\u0144 gi\u0119cia:<\/strong><\/td>\n<td><span>38 mm<\/span><\/td>\n<\/tr>\n<\/tbody>\n<\/table>\n","protected":false},"excerpt":{"rendered":"<li>Przew\u00f3d teflonowy w stalowym oplocie<\/li>\n","protected":false},"featured_media":15074,"comment_status":"closed","ping_status":"open","template":"","meta":[],"product_cat":[387,284],"product_tag":[],"class_list":{"0":"post-15577","1":"product","2":"type-product","3":"status-publish","4":"has-post-thumbnail","6":"product_cat-mx5-na-pl","7":"product_cat-mazda-pl","9":"first","10":"instock","11":"taxable","12":"shipping-taxable","13":"purchasable","14":"product-type-simple"},"bundled_by":[],"bundle_stock_status":"instock","bundle_stock_quantity":null,"bundle_virtual":false,"bundle_layout":"","bundle_add_to_cart_form_location":"","bundle_editable_in_cart":false,"bundle_sold_individually_context":"","bundle_item_grouping":"","bundle_min_size":"","bundle_max_size":"","bundle_price":[],"bundled_items":[],"bundle_sell_ids":[],"acf":{"zdjecie_bez_watermarka":null,"zdjecie_bez_watermarka_url":"","product_orgin_url":"https:\/\/inter-rally.pl\/product-eng-112635-Przewod-sprzegla-w-oplocie-Mazda-MX-5-NA-NB.html"},"yoast_head":"<!-- This site is optimized with the Yoast SEO plugin v23.9 - https:\/\/yoast.com\/wordpress\/plugins\/seo\/ -->\n<title>PRZEW\u00d3D SPRZ\u0118G\u0141A W OPLOCIE MAZDA MX-5 NA\/NB - CYBUL<\/title>\n<meta name=\"robots\" content=\"index, follow, max-snippet:-1, max-image-preview:large, max-video-preview:-1\" \/>\n<link rel=\"canonical\" href=\"https:\/\/cybul.eu\/pl\/sklep\/przewod-sprzegla-w-oplocie-mazda-mx-5-na-nb-2\/\" \/>\n<meta property=\"og:locale\" content=\"pl_PL\" \/>\n<meta property=\"og:type\" content=\"article\" \/>\n<meta property=\"og:title\" content=\"PRZEW\u00d3D SPRZ\u0118G\u0141A W OPLOCIE MAZDA MX-5 NA\/NB - CYBUL\" \/>\n<meta property=\"og:description\" content=\"Przew\u00f3d teflonowy w stalowym oplocie\" \/>\n<meta property=\"og:url\" content=\"https:\/\/cybul.eu\/pl\/sklep\/przewod-sprzegla-w-oplocie-mazda-mx-5-na-nb-2\/\" \/>\n<meta property=\"og:site_name\" content=\"CYBUL\" \/>\n<meta property=\"article:modified_time\" content=\"2024-06-20T15:21:49+00:00\" \/>\n<meta property=\"og:image\" content=\"https:\/\/cybul.eu\/wp-content\/uploads\/2024\/06\/pol_pl_Przewod-sprzegla-w-oplocie-Mazda-MX-5-NA-NB-112635_1.jpg\" \/>\n\t<meta property=\"og:image:width\" content=\"855\" \/>\n\t<meta property=\"og:image:height\" content=\"899\" \/>\n\t<meta property=\"og:image:type\" content=\"image\/jpeg\" \/>\n<meta name=\"twitter:card\" content=\"summary_large_image\" \/>\n<meta name=\"twitter:label1\" content=\"Szacowany czas czytania\" \/>\n\t<meta name=\"twitter:data1\" content=\"1 minuta\" \/>\n<script type=\"application\/ld+json\" class=\"yoast-schema-graph\">{\"@context\":\"https:\/\/schema.org\",\"@graph\":[{\"@type\":\"WebPage\",\"@id\":\"https:\/\/cybul.eu\/pl\/sklep\/przewod-sprzegla-w-oplocie-mazda-mx-5-na-nb-2\/\",\"url\":\"https:\/\/cybul.eu\/pl\/sklep\/przewod-sprzegla-w-oplocie-mazda-mx-5-na-nb-2\/\",\"name\":\"PRZEW\u00d3D SPRZ\u0118G\u0141A W OPLOCIE MAZDA MX-5 NA\/NB - CYBUL\",\"isPartOf\":{\"@id\":\"https:\/\/cybul.eu\/pl\/#website\"},\"primaryImageOfPage\":{\"@id\":\"https:\/\/cybul.eu\/pl\/sklep\/przewod-sprzegla-w-oplocie-mazda-mx-5-na-nb-2\/#primaryimage\"},\"image\":{\"@id\":\"https:\/\/cybul.eu\/pl\/sklep\/przewod-sprzegla-w-oplocie-mazda-mx-5-na-nb-2\/#primaryimage\"},\"thumbnailUrl\":\"https:\/\/cybul.eu\/wp-content\/uploads\/2024\/06\/pol_pl_Przewod-sprzegla-w-oplocie-Mazda-MX-5-NA-NB-112635_1.jpg\",\"datePublished\":\"2024-06-20T15:21:40+00:00\",\"dateModified\":\"2024-06-20T15:21:49+00:00\",\"breadcrumb\":{\"@id\":\"https:\/\/cybul.eu\/pl\/sklep\/przewod-sprzegla-w-oplocie-mazda-mx-5-na-nb-2\/#breadcrumb\"},\"inLanguage\":\"pl-PL\",\"potentialAction\":[{\"@type\":\"ReadAction\",\"target\":[\"https:\/\/cybul.eu\/pl\/sklep\/przewod-sprzegla-w-oplocie-mazda-mx-5-na-nb-2\/\"]}]},{\"@type\":\"ImageObject\",\"inLanguage\":\"pl-PL\",\"@id\":\"https:\/\/cybul.eu\/pl\/sklep\/przewod-sprzegla-w-oplocie-mazda-mx-5-na-nb-2\/#primaryimage\",\"url\":\"https:\/\/cybul.eu\/wp-content\/uploads\/2024\/06\/pol_pl_Przewod-sprzegla-w-oplocie-Mazda-MX-5-NA-NB-112635_1.jpg\",\"contentUrl\":\"https:\/\/cybul.eu\/wp-content\/uploads\/2024\/06\/pol_pl_Przewod-sprzegla-w-oplocie-Mazda-MX-5-NA-NB-112635_1.jpg\",\"width\":855,\"height\":899},{\"@type\":\"BreadcrumbList\",\"@id\":\"https:\/\/cybul.eu\/pl\/sklep\/przewod-sprzegla-w-oplocie-mazda-mx-5-na-nb-2\/#breadcrumb\",\"itemListElement\":[{\"@type\":\"ListItem\",\"position\":1,\"name\":\"Strona g\u0142\u00f3wna\",\"item\":\"https:\/\/cybul.eu\/pl\/\"},{\"@type\":\"ListItem\",\"position\":2,\"name\":\"Sklep\",\"item\":\"https:\/\/cybul.eu\/pl\/sklep\/\"},{\"@type\":\"ListItem\",\"position\":3,\"name\":\"PRZEW\u00d3D SPRZ\u0118G\u0141A W OPLOCIE MAZDA MX-5 NA\/NB\"}]},{\"@type\":\"WebSite\",\"@id\":\"https:\/\/cybul.eu\/pl\/#website\",\"url\":\"https:\/\/cybul.eu\/pl\/\",\"name\":\"CYBUL\",\"description\":\"\",\"potentialAction\":[{\"@type\":\"SearchAction\",\"target\":{\"@type\":\"EntryPoint\",\"urlTemplate\":\"https:\/\/cybul.eu\/pl\/?s={search_term_string}\"},\"query-input\":{\"@type\":\"PropertyValueSpecification\",\"valueRequired\":true,\"valueName\":\"search_term_string\"}}],\"inLanguage\":\"pl-PL\"}]}<\/script>\n<!-- \/ Yoast SEO plugin. -->","yoast_head_json":{"title":"PRZEW\u00d3D SPRZ\u0118G\u0141A W OPLOCIE MAZDA MX-5 NA\/NB - CYBUL","robots":{"index":"index","follow":"follow","max-snippet":"max-snippet:-1","max-image-preview":"max-image-preview:large","max-video-preview":"max-video-preview:-1"},"canonical":"https:\/\/cybul.eu\/pl\/sklep\/przewod-sprzegla-w-oplocie-mazda-mx-5-na-nb-2\/","og_locale":"pl_PL","og_type":"article","og_title":"PRZEW\u00d3D SPRZ\u0118G\u0141A W OPLOCIE MAZDA MX-5 NA\/NB - CYBUL","og_description":"Przew\u00f3d teflonowy w stalowym oplocie","og_url":"https:\/\/cybul.eu\/pl\/sklep\/przewod-sprzegla-w-oplocie-mazda-mx-5-na-nb-2\/","og_site_name":"CYBUL","article_modified_time":"2024-06-20T15:21:49+00:00","og_image":[{"width":855,"height":899,"url":"https:\/\/cybul.eu\/wp-content\/uploads\/2024\/06\/pol_pl_Przewod-sprzegla-w-oplocie-Mazda-MX-5-NA-NB-112635_1.jpg","type":"image\/jpeg"}],"twitter_card":"summary_large_image","twitter_misc":{"Szacowany czas czytania":"1 minuta"},"schema":{"@context":"https:\/\/schema.org","@graph":[{"@type":"WebPage","@id":"https:\/\/cybul.eu\/pl\/sklep\/przewod-sprzegla-w-oplocie-mazda-mx-5-na-nb-2\/","url":"https:\/\/cybul.eu\/pl\/sklep\/przewod-sprzegla-w-oplocie-mazda-mx-5-na-nb-2\/","name":"PRZEW\u00d3D SPRZ\u0118G\u0141A W OPLOCIE MAZDA MX-5 NA\/NB - CYBUL","isPartOf":{"@id":"https:\/\/cybul.eu\/pl\/#website"},"primaryImageOfPage":{"@id":"https:\/\/cybul.eu\/pl\/sklep\/przewod-sprzegla-w-oplocie-mazda-mx-5-na-nb-2\/#primaryimage"},"image":{"@id":"https:\/\/cybul.eu\/pl\/sklep\/przewod-sprzegla-w-oplocie-mazda-mx-5-na-nb-2\/#primaryimage"},"thumbnailUrl":"https:\/\/cybul.eu\/wp-content\/uploads\/2024\/06\/pol_pl_Przewod-sprzegla-w-oplocie-Mazda-MX-5-NA-NB-112635_1.jpg","datePublished":"2024-06-20T15:21:40+00:00","dateModified":"2024-06-20T15:21:49+00:00","breadcrumb":{"@id":"https:\/\/cybul.eu\/pl\/sklep\/przewod-sprzegla-w-oplocie-mazda-mx-5-na-nb-2\/#breadcrumb"},"inLanguage":"pl-PL","potentialAction":[{"@type":"ReadAction","target":["https:\/\/cybul.eu\/pl\/sklep\/przewod-sprzegla-w-oplocie-mazda-mx-5-na-nb-2\/"]}]},{"@type":"ImageObject","inLanguage":"pl-PL","@id":"https:\/\/cybul.eu\/pl\/sklep\/przewod-sprzegla-w-oplocie-mazda-mx-5-na-nb-2\/#primaryimage","url":"https:\/\/cybul.eu\/wp-content\/uploads\/2024\/06\/pol_pl_Przewod-sprzegla-w-oplocie-Mazda-MX-5-NA-NB-112635_1.jpg","contentUrl":"https:\/\/cybul.eu\/wp-content\/uploads\/2024\/06\/pol_pl_Przewod-sprzegla-w-oplocie-Mazda-MX-5-NA-NB-112635_1.jpg","width":855,"height":899},{"@type":"BreadcrumbList","@id":"https:\/\/cybul.eu\/pl\/sklep\/przewod-sprzegla-w-oplocie-mazda-mx-5-na-nb-2\/#breadcrumb","itemListElement":[{"@type":"ListItem","position":1,"name":"Strona g\u0142\u00f3wna","item":"https:\/\/cybul.eu\/pl\/"},{"@type":"ListItem","position":2,"name":"Sklep","item":"https:\/\/cybul.eu\/pl\/sklep\/"},{"@type":"ListItem","position":3,"name":"PRZEW\u00d3D SPRZ\u0118G\u0141A W OPLOCIE MAZDA MX-5 NA\/NB"}]},{"@type":"WebSite","@id":"https:\/\/cybul.eu\/pl\/#website","url":"https:\/\/cybul.eu\/pl\/","name":"CYBUL","description":"","potentialAction":[{"@type":"SearchAction","target":{"@type":"EntryPoint","urlTemplate":"https:\/\/cybul.eu\/pl\/?s={search_term_string}"},"query-input":{"@type":"PropertyValueSpecification","valueRequired":true,"valueName":"search_term_string"}}],"inLanguage":"pl-PL"}]}},"_links":{"self":[{"href":"https:\/\/cybul.eu\/pl\/wp-json\/wp\/v2\/product\/15577","targetHints":{"allow":["GET"]}}],"collection":[{"href":"https:\/\/cybul.eu\/pl\/wp-json\/wp\/v2\/product"}],"about":[{"href":"https:\/\/cybul.eu\/pl\/wp-json\/wp\/v2\/types\/product"}],"replies":[{"embeddable":true,"href":"https:\/\/cybul.eu\/pl\/wp-json\/wp\/v2\/comments?post=15577"}],"wp:featuredmedia":[{"embeddable":true,"href":"https:\/\/cybul.eu\/pl\/wp-json\/wp\/v2\/media\/15074"}],"wp:attachment":[{"href":"https:\/\/cybul.eu\/pl\/wp-json\/wp\/v2\/media?parent=15577"}],"wp:term":[{"taxonomy":"product_cat","embeddable":true,"href":"https:\/\/cybul.eu\/pl\/wp-json\/wp\/v2\/product_cat?post=15577"},{"taxonomy":"product_tag","embeddable":true,"href":"https:\/\/cybul.eu\/pl\/wp-json\/wp\/v2\/product_tag?post=15577"}],"curies":[{"name":"wp","href":"https:\/\/api.w.org\/{rel}","templated":true}]}}