{"id":15575,"date":"2024-06-20T17:21:40","date_gmt":"2024-06-20T15:21:40","guid":{"rendered":"https:\/\/cybul.eu\/shop\/przewody-hamulcowe-w-oplocie-mazda-mx5-tma0101-4p\/"},"modified":"2024-06-20T17:21:45","modified_gmt":"2024-06-20T15:21:45","slug":"przewody-hamulcowe-w-oplocie-mazda-mx5-tma0101-4p","status":"publish","type":"product","link":"https:\/\/cybul.eu\/pl\/sklep\/przewody-hamulcowe-w-oplocie-mazda-mx5-tma0101-4p\/","title":{"rendered":"PRZEWODY HAMULCOWE W OPLOCIE MAZDA MX5 &#8211; TMA0101-4P"},"content":{"rendered":"<p>Przewody hamulcowe w oplocie Mazda MX5<\/p>\n<p>Numer katalogowy: TMA0101-4P<\/p>\n<p>Marka:&nbsp;Mazda<\/p>\n<p>Model: MX5<\/p>\n<p>Ilo\u015b\u0107 przewod\u00f3w w komplecie: 4<\/p>\n<p>Info 1: NA + NB od &#8217;89- +Block <\/p>\n<p>Info 2: <\/p>\n<p>Gwarancja: do\u017cywotnia<\/p>\n<p>Zdj\u0119cia: pogl\u0105dowe<\/p>\n<p>Zestaw przewod\u00f3w ze stali nierdzewnej Goodridge z ocynkowanymi ko\u0144c\u00f3wkami. S\u0105 to przewody najwy\u017cszej jako\u015bci, sk\u0142adaj\u0105ce si\u0119 z przewody elastycznego PTFE oraz oplotu ze stali nierdzewnej. Poprawiaj\u0105 jako\u015b\u0107 hamowania, eliminuj\u0105 p\u0119cznienie przewod\u00f3w jak w przypadku oryginalnych w\u0119\u017cy gumowych oraz s\u0105 odporne na korozj\u0119 i przetarcia. Zestaw zapewnia nie tylko niezawodno\u015b\u0107 uk\u0142adu hamulcowego ale te\u017c poprawia jego wygl\u0105d wizualny. <\/p>\n","protected":false},"excerpt":{"rendered":"<p>Przewody hamulcowe w oplocie Mazda MX5<\/p>\n","protected":false},"featured_media":15062,"comment_status":"closed","ping_status":"open","template":"","meta":[],"product_cat":[387,284],"product_tag":[],"class_list":{"0":"post-15575","1":"product","2":"type-product","3":"status-publish","4":"has-post-thumbnail","6":"product_cat-mx5-na-pl","7":"product_cat-mazda-pl","9":"first","10":"instock","11":"taxable","12":"shipping-taxable","13":"purchasable","14":"product-type-simple"},"bundled_by":[],"bundle_stock_status":"instock","bundle_stock_quantity":null,"bundle_virtual":false,"bundle_layout":"","bundle_add_to_cart_form_location":"","bundle_editable_in_cart":false,"bundle_sold_individually_context":"","bundle_item_grouping":"","bundle_min_size":"","bundle_max_size":"","bundle_price":[],"bundled_items":[],"bundle_sell_ids":[],"acf":{"zdjecie_bez_watermarka":null,"zdjecie_bez_watermarka_url":"","product_orgin_url":"https:\/\/inter-rally.pl\/product-eng-48442-Przewody-hamulcowe-w-oplocie-Mazda-MX5-TMA0101-4P.html"},"yoast_head":"<!-- This site is optimized with the Yoast SEO plugin v23.9 - https:\/\/yoast.com\/wordpress\/plugins\/seo\/ -->\n<title>PRZEWODY HAMULCOWE W OPLOCIE MAZDA MX5 - TMA0101-4P - CYBUL<\/title>\n<meta name=\"robots\" content=\"index, follow, max-snippet:-1, max-image-preview:large, max-video-preview:-1\" \/>\n<link rel=\"canonical\" href=\"https:\/\/cybul.eu\/pl\/sklep\/przewody-hamulcowe-w-oplocie-mazda-mx5-tma0101-4p\/\" \/>\n<meta property=\"og:locale\" content=\"pl_PL\" \/>\n<meta property=\"og:type\" content=\"article\" \/>\n<meta property=\"og:title\" content=\"PRZEWODY HAMULCOWE W OPLOCIE MAZDA MX5 - TMA0101-4P - CYBUL\" \/>\n<meta property=\"og:description\" content=\"Przewody hamulcowe w oplocie Mazda MX5\" \/>\n<meta property=\"og:url\" content=\"https:\/\/cybul.eu\/pl\/sklep\/przewody-hamulcowe-w-oplocie-mazda-mx5-tma0101-4p\/\" \/>\n<meta property=\"og:site_name\" content=\"CYBUL\" \/>\n<meta property=\"article:modified_time\" content=\"2024-06-20T15:21:45+00:00\" \/>\n<meta property=\"og:image\" content=\"https:\/\/cybul.eu\/wp-content\/uploads\/2024\/06\/pol_pl_Przewody-hamulcowe-w-oplocie-Mazda-MX5-TMA0101-4P-48442_1.jpg\" \/>\n\t<meta property=\"og:image:width\" content=\"250\" \/>\n\t<meta property=\"og:image:height\" content=\"250\" \/>\n\t<meta property=\"og:image:type\" content=\"image\/jpeg\" \/>\n<meta name=\"twitter:card\" content=\"summary_large_image\" \/>\n<meta name=\"twitter:label1\" content=\"Szacowany czas czytania\" \/>\n\t<meta name=\"twitter:data1\" content=\"1 minuta\" \/>\n<script type=\"application\/ld+json\" class=\"yoast-schema-graph\">{\"@context\":\"https:\/\/schema.org\",\"@graph\":[{\"@type\":\"WebPage\",\"@id\":\"https:\/\/cybul.eu\/pl\/sklep\/przewody-hamulcowe-w-oplocie-mazda-mx5-tma0101-4p\/\",\"url\":\"https:\/\/cybul.eu\/pl\/sklep\/przewody-hamulcowe-w-oplocie-mazda-mx5-tma0101-4p\/\",\"name\":\"PRZEWODY HAMULCOWE W OPLOCIE MAZDA MX5 - TMA0101-4P - CYBUL\",\"isPartOf\":{\"@id\":\"https:\/\/cybul.eu\/pl\/#website\"},\"primaryImageOfPage\":{\"@id\":\"https:\/\/cybul.eu\/pl\/sklep\/przewody-hamulcowe-w-oplocie-mazda-mx5-tma0101-4p\/#primaryimage\"},\"image\":{\"@id\":\"https:\/\/cybul.eu\/pl\/sklep\/przewody-hamulcowe-w-oplocie-mazda-mx5-tma0101-4p\/#primaryimage\"},\"thumbnailUrl\":\"https:\/\/cybul.eu\/wp-content\/uploads\/2024\/06\/pol_pl_Przewody-hamulcowe-w-oplocie-Mazda-MX5-TMA0101-4P-48442_1.jpg\",\"datePublished\":\"2024-06-20T15:21:40+00:00\",\"dateModified\":\"2024-06-20T15:21:45+00:00\",\"breadcrumb\":{\"@id\":\"https:\/\/cybul.eu\/pl\/sklep\/przewody-hamulcowe-w-oplocie-mazda-mx5-tma0101-4p\/#breadcrumb\"},\"inLanguage\":\"pl-PL\",\"potentialAction\":[{\"@type\":\"ReadAction\",\"target\":[\"https:\/\/cybul.eu\/pl\/sklep\/przewody-hamulcowe-w-oplocie-mazda-mx5-tma0101-4p\/\"]}]},{\"@type\":\"ImageObject\",\"inLanguage\":\"pl-PL\",\"@id\":\"https:\/\/cybul.eu\/pl\/sklep\/przewody-hamulcowe-w-oplocie-mazda-mx5-tma0101-4p\/#primaryimage\",\"url\":\"https:\/\/cybul.eu\/wp-content\/uploads\/2024\/06\/pol_pl_Przewody-hamulcowe-w-oplocie-Mazda-MX5-TMA0101-4P-48442_1.jpg\",\"contentUrl\":\"https:\/\/cybul.eu\/wp-content\/uploads\/2024\/06\/pol_pl_Przewody-hamulcowe-w-oplocie-Mazda-MX5-TMA0101-4P-48442_1.jpg\",\"width\":250,\"height\":250},{\"@type\":\"BreadcrumbList\",\"@id\":\"https:\/\/cybul.eu\/pl\/sklep\/przewody-hamulcowe-w-oplocie-mazda-mx5-tma0101-4p\/#breadcrumb\",\"itemListElement\":[{\"@type\":\"ListItem\",\"position\":1,\"name\":\"Strona g\u0142\u00f3wna\",\"item\":\"https:\/\/cybul.eu\/pl\/\"},{\"@type\":\"ListItem\",\"position\":2,\"name\":\"Sklep\",\"item\":\"https:\/\/cybul.eu\/pl\/sklep\/\"},{\"@type\":\"ListItem\",\"position\":3,\"name\":\"PRZEWODY HAMULCOWE W OPLOCIE MAZDA MX5 &#8211; TMA0101-4P\"}]},{\"@type\":\"WebSite\",\"@id\":\"https:\/\/cybul.eu\/pl\/#website\",\"url\":\"https:\/\/cybul.eu\/pl\/\",\"name\":\"CYBUL\",\"description\":\"\",\"potentialAction\":[{\"@type\":\"SearchAction\",\"target\":{\"@type\":\"EntryPoint\",\"urlTemplate\":\"https:\/\/cybul.eu\/pl\/?s={search_term_string}\"},\"query-input\":{\"@type\":\"PropertyValueSpecification\",\"valueRequired\":true,\"valueName\":\"search_term_string\"}}],\"inLanguage\":\"pl-PL\"}]}<\/script>\n<!-- \/ Yoast SEO plugin. -->","yoast_head_json":{"title":"PRZEWODY HAMULCOWE W OPLOCIE MAZDA MX5 - TMA0101-4P - CYBUL","robots":{"index":"index","follow":"follow","max-snippet":"max-snippet:-1","max-image-preview":"max-image-preview:large","max-video-preview":"max-video-preview:-1"},"canonical":"https:\/\/cybul.eu\/pl\/sklep\/przewody-hamulcowe-w-oplocie-mazda-mx5-tma0101-4p\/","og_locale":"pl_PL","og_type":"article","og_title":"PRZEWODY HAMULCOWE W OPLOCIE MAZDA MX5 - TMA0101-4P - CYBUL","og_description":"Przewody hamulcowe w oplocie Mazda MX5","og_url":"https:\/\/cybul.eu\/pl\/sklep\/przewody-hamulcowe-w-oplocie-mazda-mx5-tma0101-4p\/","og_site_name":"CYBUL","article_modified_time":"2024-06-20T15:21:45+00:00","og_image":[{"width":250,"height":250,"url":"https:\/\/cybul.eu\/wp-content\/uploads\/2024\/06\/pol_pl_Przewody-hamulcowe-w-oplocie-Mazda-MX5-TMA0101-4P-48442_1.jpg","type":"image\/jpeg"}],"twitter_card":"summary_large_image","twitter_misc":{"Szacowany czas czytania":"1 minuta"},"schema":{"@context":"https:\/\/schema.org","@graph":[{"@type":"WebPage","@id":"https:\/\/cybul.eu\/pl\/sklep\/przewody-hamulcowe-w-oplocie-mazda-mx5-tma0101-4p\/","url":"https:\/\/cybul.eu\/pl\/sklep\/przewody-hamulcowe-w-oplocie-mazda-mx5-tma0101-4p\/","name":"PRZEWODY HAMULCOWE W OPLOCIE MAZDA MX5 - TMA0101-4P - CYBUL","isPartOf":{"@id":"https:\/\/cybul.eu\/pl\/#website"},"primaryImageOfPage":{"@id":"https:\/\/cybul.eu\/pl\/sklep\/przewody-hamulcowe-w-oplocie-mazda-mx5-tma0101-4p\/#primaryimage"},"image":{"@id":"https:\/\/cybul.eu\/pl\/sklep\/przewody-hamulcowe-w-oplocie-mazda-mx5-tma0101-4p\/#primaryimage"},"thumbnailUrl":"https:\/\/cybul.eu\/wp-content\/uploads\/2024\/06\/pol_pl_Przewody-hamulcowe-w-oplocie-Mazda-MX5-TMA0101-4P-48442_1.jpg","datePublished":"2024-06-20T15:21:40+00:00","dateModified":"2024-06-20T15:21:45+00:00","breadcrumb":{"@id":"https:\/\/cybul.eu\/pl\/sklep\/przewody-hamulcowe-w-oplocie-mazda-mx5-tma0101-4p\/#breadcrumb"},"inLanguage":"pl-PL","potentialAction":[{"@type":"ReadAction","target":["https:\/\/cybul.eu\/pl\/sklep\/przewody-hamulcowe-w-oplocie-mazda-mx5-tma0101-4p\/"]}]},{"@type":"ImageObject","inLanguage":"pl-PL","@id":"https:\/\/cybul.eu\/pl\/sklep\/przewody-hamulcowe-w-oplocie-mazda-mx5-tma0101-4p\/#primaryimage","url":"https:\/\/cybul.eu\/wp-content\/uploads\/2024\/06\/pol_pl_Przewody-hamulcowe-w-oplocie-Mazda-MX5-TMA0101-4P-48442_1.jpg","contentUrl":"https:\/\/cybul.eu\/wp-content\/uploads\/2024\/06\/pol_pl_Przewody-hamulcowe-w-oplocie-Mazda-MX5-TMA0101-4P-48442_1.jpg","width":250,"height":250},{"@type":"BreadcrumbList","@id":"https:\/\/cybul.eu\/pl\/sklep\/przewody-hamulcowe-w-oplocie-mazda-mx5-tma0101-4p\/#breadcrumb","itemListElement":[{"@type":"ListItem","position":1,"name":"Strona g\u0142\u00f3wna","item":"https:\/\/cybul.eu\/pl\/"},{"@type":"ListItem","position":2,"name":"Sklep","item":"https:\/\/cybul.eu\/pl\/sklep\/"},{"@type":"ListItem","position":3,"name":"PRZEWODY HAMULCOWE W OPLOCIE MAZDA MX5 &#8211; TMA0101-4P"}]},{"@type":"WebSite","@id":"https:\/\/cybul.eu\/pl\/#website","url":"https:\/\/cybul.eu\/pl\/","name":"CYBUL","description":"","potentialAction":[{"@type":"SearchAction","target":{"@type":"EntryPoint","urlTemplate":"https:\/\/cybul.eu\/pl\/?s={search_term_string}"},"query-input":{"@type":"PropertyValueSpecification","valueRequired":true,"valueName":"search_term_string"}}],"inLanguage":"pl-PL"}]}},"_links":{"self":[{"href":"https:\/\/cybul.eu\/pl\/wp-json\/wp\/v2\/product\/15575","targetHints":{"allow":["GET"]}}],"collection":[{"href":"https:\/\/cybul.eu\/pl\/wp-json\/wp\/v2\/product"}],"about":[{"href":"https:\/\/cybul.eu\/pl\/wp-json\/wp\/v2\/types\/product"}],"replies":[{"embeddable":true,"href":"https:\/\/cybul.eu\/pl\/wp-json\/wp\/v2\/comments?post=15575"}],"wp:featuredmedia":[{"embeddable":true,"href":"https:\/\/cybul.eu\/pl\/wp-json\/wp\/v2\/media\/15062"}],"wp:attachment":[{"href":"https:\/\/cybul.eu\/pl\/wp-json\/wp\/v2\/media?parent=15575"}],"wp:term":[{"taxonomy":"product_cat","embeddable":true,"href":"https:\/\/cybul.eu\/pl\/wp-json\/wp\/v2\/product_cat?post=15575"},{"taxonomy":"product_tag","embeddable":true,"href":"https:\/\/cybul.eu\/pl\/wp-json\/wp\/v2\/product_tag?post=15575"}],"curies":[{"name":"wp","href":"https:\/\/api.w.org\/{rel}","templated":true}]}}