{"id":15570,"date":"2024-06-20T17:21:07","date_gmt":"2024-06-20T15:21:07","guid":{"rendered":"https:\/\/cybul.eu\/shop\/laczniki-stabilizatorow-whiteline-w22515\/"},"modified":"2024-06-20T17:21:23","modified_gmt":"2024-06-20T15:21:23","slug":"laczniki-stabilizatorow-whiteline-w22515","status":"publish","type":"product","link":"https:\/\/cybul.eu\/pl\/sklep\/laczniki-stabilizatorow-whiteline-w22515\/","title":{"rendered":"\u0141\u0104CZNIKI STABILIZATOR\u00d3W WHITELINE &#8211; W22515"},"content":{"rendered":"<p><strong>\u0141\u0105cznik stabilizatora Whiteline<\/strong><\/p>\n<p>Firma <strong>Whiteline<\/strong> cieszy si\u0119 \u015bwiatow\u0105 renom\u0105 jako wiod\u0105cy producent cz\u0119\u015bci zamiennych do zawiesze\u0144, kt\u00f3re zwi\u0119kszaj\u0105 precyzj\u0119 kierowania i przyczepno\u015b\u0107. Sk\u0142adaj\u0105ce si\u0119 z regulowanych stabilizator\u00f3w, spr\u0119\u017cyn obni\u017caj\u0105cych, \u0142\u0105cznik\u00f3w stabilizatora oraz tulei zawieszenia produkty <strong>Whiteline<\/strong> zapewniaj\u0105 warsztatom, tunerom, entuzjastom i kierowcom innowacyjne rozwi\u0105zania problem\u00f3w z zawieszeniem. Zapewniaj\u0105 sprawdzon\u0105 wydajno\u015b\u0107 kt\u00f3ra przek\u0142ada si\u0119 na doskona\u0142e wyniki w r\u00f3\u017cnych dyscyplinach motorsportu na ca\u0142ym \u015bwiecie.<\/p>\n<p>Kod produktu: <strong>W22515<\/strong><\/p>\n<p><strong>Pasuje do:<\/strong><\/p>\n<p>&#8211; EUNOS ROADSTER NA 1989-1997<\/p>\n<p>&#8211; EUNOS ROADSTER NA 1989-1997<\/p>\n<p>&#8211; MAZDA MX-5 NA 1989-1997<\/p>\n<p>&#8211; MAZDA MX-5 NA 1989-1997<\/p>\n<p>O\u015b monta\u017cu: Prz\u00f3d<\/p>\n<p>Regulacja: brak<\/p>\n<p>Uwagi: <\/p>\n<p>Zestaw zawiera: 4 Bushings, 4 Tubes, Grease<\/p>\n<p><strong>Gwarancja: 3 lata<\/strong><\/p>\n","protected":false},"excerpt":{"rendered":"<p><strong>\u0141\u0105cznik stabilizatora Whiteline<\/strong><\/p>\n","protected":false},"featured_media":15013,"comment_status":"closed","ping_status":"open","template":"","meta":[],"product_cat":[387,284],"product_tag":[],"class_list":{"0":"post-15570","1":"product","2":"type-product","3":"status-publish","4":"has-post-thumbnail","6":"product_cat-mx5-na-pl","7":"product_cat-mazda-pl","9":"first","10":"instock","11":"taxable","12":"shipping-taxable","13":"purchasable","14":"product-type-simple"},"bundled_by":[],"bundle_stock_status":"instock","bundle_stock_quantity":null,"bundle_virtual":false,"bundle_layout":"","bundle_add_to_cart_form_location":"","bundle_editable_in_cart":false,"bundle_sold_individually_context":"","bundle_item_grouping":"","bundle_min_size":"","bundle_max_size":"","bundle_price":[],"bundled_items":[],"bundle_sell_ids":[],"acf":{"zdjecie_bez_watermarka":null,"zdjecie_bez_watermarka_url":"","product_orgin_url":"https:\/\/inter-rally.pl\/product-eng-183539-Laczniki-stabilizatorow-Whiteline-W22515.html"},"yoast_head":"<!-- This site is optimized with the Yoast SEO plugin v23.9 - https:\/\/yoast.com\/wordpress\/plugins\/seo\/ -->\n<title>\u0141\u0104CZNIKI STABILIZATOR\u00d3W WHITELINE - W22515 - CYBUL<\/title>\n<meta name=\"robots\" content=\"index, follow, max-snippet:-1, max-image-preview:large, max-video-preview:-1\" \/>\n<link rel=\"canonical\" href=\"https:\/\/cybul.eu\/pl\/sklep\/laczniki-stabilizatorow-whiteline-w22515\/\" \/>\n<meta property=\"og:locale\" content=\"pl_PL\" \/>\n<meta property=\"og:type\" content=\"article\" \/>\n<meta property=\"og:title\" content=\"\u0141\u0104CZNIKI STABILIZATOR\u00d3W WHITELINE - W22515 - CYBUL\" \/>\n<meta property=\"og:description\" content=\"\u0141\u0105cznik stabilizatora Whiteline\" \/>\n<meta property=\"og:url\" content=\"https:\/\/cybul.eu\/pl\/sklep\/laczniki-stabilizatorow-whiteline-w22515\/\" \/>\n<meta property=\"og:site_name\" content=\"CYBUL\" \/>\n<meta property=\"article:modified_time\" content=\"2024-06-20T15:21:23+00:00\" \/>\n<meta property=\"og:image\" content=\"https:\/\/cybul.eu\/wp-content\/uploads\/2024\/06\/pol_pl_Laczniki-stabilizatorow-Whiteline-W22515-183539_1.jpg\" \/>\n\t<meta property=\"og:image:width\" content=\"413\" \/>\n\t<meta property=\"og:image:height\" content=\"295\" \/>\n\t<meta property=\"og:image:type\" content=\"image\/jpeg\" \/>\n<meta name=\"twitter:card\" content=\"summary_large_image\" \/>\n<meta name=\"twitter:label1\" content=\"Szacowany czas czytania\" \/>\n\t<meta name=\"twitter:data1\" content=\"1 minuta\" \/>\n<script type=\"application\/ld+json\" class=\"yoast-schema-graph\">{\"@context\":\"https:\/\/schema.org\",\"@graph\":[{\"@type\":\"WebPage\",\"@id\":\"https:\/\/cybul.eu\/pl\/sklep\/laczniki-stabilizatorow-whiteline-w22515\/\",\"url\":\"https:\/\/cybul.eu\/pl\/sklep\/laczniki-stabilizatorow-whiteline-w22515\/\",\"name\":\"\u0141\u0104CZNIKI STABILIZATOR\u00d3W WHITELINE - W22515 - CYBUL\",\"isPartOf\":{\"@id\":\"https:\/\/cybul.eu\/pl\/#website\"},\"primaryImageOfPage\":{\"@id\":\"https:\/\/cybul.eu\/pl\/sklep\/laczniki-stabilizatorow-whiteline-w22515\/#primaryimage\"},\"image\":{\"@id\":\"https:\/\/cybul.eu\/pl\/sklep\/laczniki-stabilizatorow-whiteline-w22515\/#primaryimage\"},\"thumbnailUrl\":\"https:\/\/cybul.eu\/wp-content\/uploads\/2024\/06\/pol_pl_Laczniki-stabilizatorow-Whiteline-W22515-183539_1.jpg\",\"datePublished\":\"2024-06-20T15:21:07+00:00\",\"dateModified\":\"2024-06-20T15:21:23+00:00\",\"breadcrumb\":{\"@id\":\"https:\/\/cybul.eu\/pl\/sklep\/laczniki-stabilizatorow-whiteline-w22515\/#breadcrumb\"},\"inLanguage\":\"pl-PL\",\"potentialAction\":[{\"@type\":\"ReadAction\",\"target\":[\"https:\/\/cybul.eu\/pl\/sklep\/laczniki-stabilizatorow-whiteline-w22515\/\"]}]},{\"@type\":\"ImageObject\",\"inLanguage\":\"pl-PL\",\"@id\":\"https:\/\/cybul.eu\/pl\/sklep\/laczniki-stabilizatorow-whiteline-w22515\/#primaryimage\",\"url\":\"https:\/\/cybul.eu\/wp-content\/uploads\/2024\/06\/pol_pl_Laczniki-stabilizatorow-Whiteline-W22515-183539_1.jpg\",\"contentUrl\":\"https:\/\/cybul.eu\/wp-content\/uploads\/2024\/06\/pol_pl_Laczniki-stabilizatorow-Whiteline-W22515-183539_1.jpg\",\"width\":413,\"height\":295},{\"@type\":\"BreadcrumbList\",\"@id\":\"https:\/\/cybul.eu\/pl\/sklep\/laczniki-stabilizatorow-whiteline-w22515\/#breadcrumb\",\"itemListElement\":[{\"@type\":\"ListItem\",\"position\":1,\"name\":\"Strona g\u0142\u00f3wna\",\"item\":\"https:\/\/cybul.eu\/pl\/\"},{\"@type\":\"ListItem\",\"position\":2,\"name\":\"Sklep\",\"item\":\"https:\/\/cybul.eu\/pl\/sklep\/\"},{\"@type\":\"ListItem\",\"position\":3,\"name\":\"\u0141\u0104CZNIKI STABILIZATOR\u00d3W WHITELINE &#8211; W22515\"}]},{\"@type\":\"WebSite\",\"@id\":\"https:\/\/cybul.eu\/pl\/#website\",\"url\":\"https:\/\/cybul.eu\/pl\/\",\"name\":\"CYBUL\",\"description\":\"\",\"potentialAction\":[{\"@type\":\"SearchAction\",\"target\":{\"@type\":\"EntryPoint\",\"urlTemplate\":\"https:\/\/cybul.eu\/pl\/?s={search_term_string}\"},\"query-input\":{\"@type\":\"PropertyValueSpecification\",\"valueRequired\":true,\"valueName\":\"search_term_string\"}}],\"inLanguage\":\"pl-PL\"}]}<\/script>\n<!-- \/ Yoast SEO plugin. -->","yoast_head_json":{"title":"\u0141\u0104CZNIKI STABILIZATOR\u00d3W WHITELINE - W22515 - CYBUL","robots":{"index":"index","follow":"follow","max-snippet":"max-snippet:-1","max-image-preview":"max-image-preview:large","max-video-preview":"max-video-preview:-1"},"canonical":"https:\/\/cybul.eu\/pl\/sklep\/laczniki-stabilizatorow-whiteline-w22515\/","og_locale":"pl_PL","og_type":"article","og_title":"\u0141\u0104CZNIKI STABILIZATOR\u00d3W WHITELINE - W22515 - CYBUL","og_description":"\u0141\u0105cznik stabilizatora Whiteline","og_url":"https:\/\/cybul.eu\/pl\/sklep\/laczniki-stabilizatorow-whiteline-w22515\/","og_site_name":"CYBUL","article_modified_time":"2024-06-20T15:21:23+00:00","og_image":[{"width":413,"height":295,"url":"https:\/\/cybul.eu\/wp-content\/uploads\/2024\/06\/pol_pl_Laczniki-stabilizatorow-Whiteline-W22515-183539_1.jpg","type":"image\/jpeg"}],"twitter_card":"summary_large_image","twitter_misc":{"Szacowany czas czytania":"1 minuta"},"schema":{"@context":"https:\/\/schema.org","@graph":[{"@type":"WebPage","@id":"https:\/\/cybul.eu\/pl\/sklep\/laczniki-stabilizatorow-whiteline-w22515\/","url":"https:\/\/cybul.eu\/pl\/sklep\/laczniki-stabilizatorow-whiteline-w22515\/","name":"\u0141\u0104CZNIKI STABILIZATOR\u00d3W WHITELINE - W22515 - CYBUL","isPartOf":{"@id":"https:\/\/cybul.eu\/pl\/#website"},"primaryImageOfPage":{"@id":"https:\/\/cybul.eu\/pl\/sklep\/laczniki-stabilizatorow-whiteline-w22515\/#primaryimage"},"image":{"@id":"https:\/\/cybul.eu\/pl\/sklep\/laczniki-stabilizatorow-whiteline-w22515\/#primaryimage"},"thumbnailUrl":"https:\/\/cybul.eu\/wp-content\/uploads\/2024\/06\/pol_pl_Laczniki-stabilizatorow-Whiteline-W22515-183539_1.jpg","datePublished":"2024-06-20T15:21:07+00:00","dateModified":"2024-06-20T15:21:23+00:00","breadcrumb":{"@id":"https:\/\/cybul.eu\/pl\/sklep\/laczniki-stabilizatorow-whiteline-w22515\/#breadcrumb"},"inLanguage":"pl-PL","potentialAction":[{"@type":"ReadAction","target":["https:\/\/cybul.eu\/pl\/sklep\/laczniki-stabilizatorow-whiteline-w22515\/"]}]},{"@type":"ImageObject","inLanguage":"pl-PL","@id":"https:\/\/cybul.eu\/pl\/sklep\/laczniki-stabilizatorow-whiteline-w22515\/#primaryimage","url":"https:\/\/cybul.eu\/wp-content\/uploads\/2024\/06\/pol_pl_Laczniki-stabilizatorow-Whiteline-W22515-183539_1.jpg","contentUrl":"https:\/\/cybul.eu\/wp-content\/uploads\/2024\/06\/pol_pl_Laczniki-stabilizatorow-Whiteline-W22515-183539_1.jpg","width":413,"height":295},{"@type":"BreadcrumbList","@id":"https:\/\/cybul.eu\/pl\/sklep\/laczniki-stabilizatorow-whiteline-w22515\/#breadcrumb","itemListElement":[{"@type":"ListItem","position":1,"name":"Strona g\u0142\u00f3wna","item":"https:\/\/cybul.eu\/pl\/"},{"@type":"ListItem","position":2,"name":"Sklep","item":"https:\/\/cybul.eu\/pl\/sklep\/"},{"@type":"ListItem","position":3,"name":"\u0141\u0104CZNIKI STABILIZATOR\u00d3W WHITELINE &#8211; W22515"}]},{"@type":"WebSite","@id":"https:\/\/cybul.eu\/pl\/#website","url":"https:\/\/cybul.eu\/pl\/","name":"CYBUL","description":"","potentialAction":[{"@type":"SearchAction","target":{"@type":"EntryPoint","urlTemplate":"https:\/\/cybul.eu\/pl\/?s={search_term_string}"},"query-input":{"@type":"PropertyValueSpecification","valueRequired":true,"valueName":"search_term_string"}}],"inLanguage":"pl-PL"}]}},"_links":{"self":[{"href":"https:\/\/cybul.eu\/pl\/wp-json\/wp\/v2\/product\/15570","targetHints":{"allow":["GET"]}}],"collection":[{"href":"https:\/\/cybul.eu\/pl\/wp-json\/wp\/v2\/product"}],"about":[{"href":"https:\/\/cybul.eu\/pl\/wp-json\/wp\/v2\/types\/product"}],"replies":[{"embeddable":true,"href":"https:\/\/cybul.eu\/pl\/wp-json\/wp\/v2\/comments?post=15570"}],"wp:featuredmedia":[{"embeddable":true,"href":"https:\/\/cybul.eu\/pl\/wp-json\/wp\/v2\/media\/15013"}],"wp:attachment":[{"href":"https:\/\/cybul.eu\/pl\/wp-json\/wp\/v2\/media?parent=15570"}],"wp:term":[{"taxonomy":"product_cat","embeddable":true,"href":"https:\/\/cybul.eu\/pl\/wp-json\/wp\/v2\/product_cat?post=15570"},{"taxonomy":"product_tag","embeddable":true,"href":"https:\/\/cybul.eu\/pl\/wp-json\/wp\/v2\/product_tag?post=15570"}],"curies":[{"name":"wp","href":"https:\/\/api.w.org\/{rel}","templated":true}]}}