{"id":15566,"date":"2024-06-20T17:21:07","date_gmt":"2024-06-20T15:21:07","guid":{"rendered":"https:\/\/cybul.eu\/shop\/kute-tloki-wiseco-zestaw-mazda-mx-5-miata-protege-1-8l-16v-4cc-8\/"},"modified":"2024-06-20T17:21:19","modified_gmt":"2024-06-20T15:21:19","slug":"kute-tloki-wiseco-zestaw-mazda-mx-5-miata-protege-1-8l-16v-4cc-8","status":"publish","type":"product","link":"https:\/\/cybul.eu\/pl\/sklep\/kute-tloki-wiseco-zestaw-mazda-mx-5-miata-protege-1-8l-16v-4cc-8\/","title":{"rendered":"KUTE T\u0141OKI WISECO &#8211; ZESTAW MAZDA MX-5\/MIATA\/PROTEGE 1.8L 16V (-4CC) 8"},"content":{"rendered":"<p>Zestaw t\u0142oka Wiseco Mazda MX-5\/Miata\/Protege 1.8L 16V (-4cc) 8<\/p>\n<p> Producent: Wiseco<\/p>\n<p> Grupa produkt\u00f3w: T\u0142oki<\/p>\n<p> Kod produktu: K553M84<\/p>\n<p> Specyfikacja produktu:<\/p>\n<ul>\n<li> Otw\u00f3r &#8211; Nominalny: 84,00<\/li>\n<li> Otw\u00f3r &#8211; Nadwymiar: 1,00<\/li>\n<li> Wysoko\u015b\u0107 kompresji: 30,50<\/li>\n<li> Wsp\u00f3\u0142czynnik kompresji \u2013 rzeczywisty: 8,5:1<\/li>\n<li> Kraj pochodzenia: USA<\/li>\n<li> Prze\u015bwit pok\u0142adu: 0,50-<\/li>\n<li> Obj\u0119to\u015b\u0107 kopu\u0142y: -4,0<\/li>\n<li> Rodzaj materia\u0142u: 2618<\/li>\n<li> \u015arednica sworznia t\u0142okowego: 20,00<\/li>\n<li> Zestaw pier\u015bcieni w zestawie: 8400XX<\/li>\n<li> Waga &#8211; Nominalna: 309<\/li>\n<\/ul>\n<p> Kompatybilne modele:<\/p>\n<ul>\n<li> Mazda 1.8L 16v &#8211; BP<\/li>\n<\/ul>\n","protected":false},"excerpt":{"rendered":"<li> Otw\u00f3r &#8211; Nominalny: 84,00<\/li>\n","protected":false},"featured_media":14959,"comment_status":"closed","ping_status":"open","template":"","meta":[],"product_cat":[387,284],"product_tag":[],"class_list":{"0":"post-15566","1":"product","2":"type-product","3":"status-publish","4":"has-post-thumbnail","6":"product_cat-mx5-na-pl","7":"product_cat-mazda-pl","9":"first","10":"instock","11":"taxable","12":"shipping-taxable","13":"purchasable","14":"product-type-simple"},"bundled_by":[],"bundle_stock_status":"instock","bundle_stock_quantity":null,"bundle_virtual":false,"bundle_layout":"","bundle_add_to_cart_form_location":"","bundle_editable_in_cart":false,"bundle_sold_individually_context":"","bundle_item_grouping":"","bundle_min_size":"","bundle_max_size":"","bundle_price":[],"bundled_items":[],"bundle_sell_ids":[],"acf":{"zdjecie_bez_watermarka":null,"zdjecie_bez_watermarka_url":"","product_orgin_url":"https:\/\/inter-rally.pl\/product-eng-195404-Kute-tloki-Wiseco-zestaw-Mazda-MX-5-Miata-Protege-1-8L-16V-4cc-8.html"},"yoast_head":"<!-- This site is optimized with the Yoast SEO plugin v23.9 - https:\/\/yoast.com\/wordpress\/plugins\/seo\/ -->\n<title>KUTE T\u0141OKI WISECO - ZESTAW MAZDA MX-5\/MIATA\/PROTEGE 1.8L 16V (-4CC) 8 - CYBUL<\/title>\n<meta name=\"robots\" content=\"index, follow, max-snippet:-1, max-image-preview:large, max-video-preview:-1\" \/>\n<link rel=\"canonical\" href=\"https:\/\/cybul.eu\/pl\/sklep\/kute-tloki-wiseco-zestaw-mazda-mx-5-miata-protege-1-8l-16v-4cc-8\/\" \/>\n<meta property=\"og:locale\" content=\"pl_PL\" \/>\n<meta property=\"og:type\" content=\"article\" \/>\n<meta property=\"og:title\" content=\"KUTE T\u0141OKI WISECO - ZESTAW MAZDA MX-5\/MIATA\/PROTEGE 1.8L 16V (-4CC) 8 - CYBUL\" \/>\n<meta property=\"og:description\" content=\"Otw\u00f3r - Nominalny: 84,00\" \/>\n<meta property=\"og:url\" content=\"https:\/\/cybul.eu\/pl\/sklep\/kute-tloki-wiseco-zestaw-mazda-mx-5-miata-protege-1-8l-16v-4cc-8\/\" \/>\n<meta property=\"og:site_name\" content=\"CYBUL\" \/>\n<meta property=\"article:modified_time\" content=\"2024-06-20T15:21:19+00:00\" \/>\n<meta property=\"og:image\" content=\"https:\/\/cybul.eu\/wp-content\/uploads\/2024\/06\/pol_pl_Kute-tloki-Wiseco-zestaw-Mazda-MX-5-Miata-Protege-1-8L-16V-4cc-8-195404_1.jpg\" \/>\n\t<meta property=\"og:image:width\" content=\"886\" \/>\n\t<meta property=\"og:image:height\" content=\"675\" \/>\n\t<meta property=\"og:image:type\" content=\"image\/jpeg\" \/>\n<meta name=\"twitter:card\" content=\"summary_large_image\" \/>\n<script type=\"application\/ld+json\" class=\"yoast-schema-graph\">{\"@context\":\"https:\/\/schema.org\",\"@graph\":[{\"@type\":\"WebPage\",\"@id\":\"https:\/\/cybul.eu\/pl\/sklep\/kute-tloki-wiseco-zestaw-mazda-mx-5-miata-protege-1-8l-16v-4cc-8\/\",\"url\":\"https:\/\/cybul.eu\/pl\/sklep\/kute-tloki-wiseco-zestaw-mazda-mx-5-miata-protege-1-8l-16v-4cc-8\/\",\"name\":\"KUTE T\u0141OKI WISECO - ZESTAW MAZDA MX-5\/MIATA\/PROTEGE 1.8L 16V (-4CC) 8 - CYBUL\",\"isPartOf\":{\"@id\":\"https:\/\/cybul.eu\/pl\/#website\"},\"primaryImageOfPage\":{\"@id\":\"https:\/\/cybul.eu\/pl\/sklep\/kute-tloki-wiseco-zestaw-mazda-mx-5-miata-protege-1-8l-16v-4cc-8\/#primaryimage\"},\"image\":{\"@id\":\"https:\/\/cybul.eu\/pl\/sklep\/kute-tloki-wiseco-zestaw-mazda-mx-5-miata-protege-1-8l-16v-4cc-8\/#primaryimage\"},\"thumbnailUrl\":\"https:\/\/cybul.eu\/wp-content\/uploads\/2024\/06\/pol_pl_Kute-tloki-Wiseco-zestaw-Mazda-MX-5-Miata-Protege-1-8L-16V-4cc-8-195404_1.jpg\",\"datePublished\":\"2024-06-20T15:21:07+00:00\",\"dateModified\":\"2024-06-20T15:21:19+00:00\",\"breadcrumb\":{\"@id\":\"https:\/\/cybul.eu\/pl\/sklep\/kute-tloki-wiseco-zestaw-mazda-mx-5-miata-protege-1-8l-16v-4cc-8\/#breadcrumb\"},\"inLanguage\":\"pl-PL\",\"potentialAction\":[{\"@type\":\"ReadAction\",\"target\":[\"https:\/\/cybul.eu\/pl\/sklep\/kute-tloki-wiseco-zestaw-mazda-mx-5-miata-protege-1-8l-16v-4cc-8\/\"]}]},{\"@type\":\"ImageObject\",\"inLanguage\":\"pl-PL\",\"@id\":\"https:\/\/cybul.eu\/pl\/sklep\/kute-tloki-wiseco-zestaw-mazda-mx-5-miata-protege-1-8l-16v-4cc-8\/#primaryimage\",\"url\":\"https:\/\/cybul.eu\/wp-content\/uploads\/2024\/06\/pol_pl_Kute-tloki-Wiseco-zestaw-Mazda-MX-5-Miata-Protege-1-8L-16V-4cc-8-195404_1.jpg\",\"contentUrl\":\"https:\/\/cybul.eu\/wp-content\/uploads\/2024\/06\/pol_pl_Kute-tloki-Wiseco-zestaw-Mazda-MX-5-Miata-Protege-1-8L-16V-4cc-8-195404_1.jpg\",\"width\":886,\"height\":675},{\"@type\":\"BreadcrumbList\",\"@id\":\"https:\/\/cybul.eu\/pl\/sklep\/kute-tloki-wiseco-zestaw-mazda-mx-5-miata-protege-1-8l-16v-4cc-8\/#breadcrumb\",\"itemListElement\":[{\"@type\":\"ListItem\",\"position\":1,\"name\":\"Strona g\u0142\u00f3wna\",\"item\":\"https:\/\/cybul.eu\/pl\/\"},{\"@type\":\"ListItem\",\"position\":2,\"name\":\"Sklep\",\"item\":\"https:\/\/cybul.eu\/pl\/sklep\/\"},{\"@type\":\"ListItem\",\"position\":3,\"name\":\"KUTE T\u0141OKI WISECO &#8211; ZESTAW MAZDA MX-5\/MIATA\/PROTEGE 1.8L 16V (-4CC) 8\"}]},{\"@type\":\"WebSite\",\"@id\":\"https:\/\/cybul.eu\/pl\/#website\",\"url\":\"https:\/\/cybul.eu\/pl\/\",\"name\":\"CYBUL\",\"description\":\"\",\"potentialAction\":[{\"@type\":\"SearchAction\",\"target\":{\"@type\":\"EntryPoint\",\"urlTemplate\":\"https:\/\/cybul.eu\/pl\/?s={search_term_string}\"},\"query-input\":{\"@type\":\"PropertyValueSpecification\",\"valueRequired\":true,\"valueName\":\"search_term_string\"}}],\"inLanguage\":\"pl-PL\"}]}<\/script>\n<!-- \/ Yoast SEO plugin. -->","yoast_head_json":{"title":"KUTE T\u0141OKI WISECO - ZESTAW MAZDA MX-5\/MIATA\/PROTEGE 1.8L 16V (-4CC) 8 - CYBUL","robots":{"index":"index","follow":"follow","max-snippet":"max-snippet:-1","max-image-preview":"max-image-preview:large","max-video-preview":"max-video-preview:-1"},"canonical":"https:\/\/cybul.eu\/pl\/sklep\/kute-tloki-wiseco-zestaw-mazda-mx-5-miata-protege-1-8l-16v-4cc-8\/","og_locale":"pl_PL","og_type":"article","og_title":"KUTE T\u0141OKI WISECO - ZESTAW MAZDA MX-5\/MIATA\/PROTEGE 1.8L 16V (-4CC) 8 - CYBUL","og_description":"Otw\u00f3r - Nominalny: 84,00","og_url":"https:\/\/cybul.eu\/pl\/sklep\/kute-tloki-wiseco-zestaw-mazda-mx-5-miata-protege-1-8l-16v-4cc-8\/","og_site_name":"CYBUL","article_modified_time":"2024-06-20T15:21:19+00:00","og_image":[{"width":886,"height":675,"url":"https:\/\/cybul.eu\/wp-content\/uploads\/2024\/06\/pol_pl_Kute-tloki-Wiseco-zestaw-Mazda-MX-5-Miata-Protege-1-8L-16V-4cc-8-195404_1.jpg","type":"image\/jpeg"}],"twitter_card":"summary_large_image","schema":{"@context":"https:\/\/schema.org","@graph":[{"@type":"WebPage","@id":"https:\/\/cybul.eu\/pl\/sklep\/kute-tloki-wiseco-zestaw-mazda-mx-5-miata-protege-1-8l-16v-4cc-8\/","url":"https:\/\/cybul.eu\/pl\/sklep\/kute-tloki-wiseco-zestaw-mazda-mx-5-miata-protege-1-8l-16v-4cc-8\/","name":"KUTE T\u0141OKI WISECO - ZESTAW MAZDA MX-5\/MIATA\/PROTEGE 1.8L 16V (-4CC) 8 - CYBUL","isPartOf":{"@id":"https:\/\/cybul.eu\/pl\/#website"},"primaryImageOfPage":{"@id":"https:\/\/cybul.eu\/pl\/sklep\/kute-tloki-wiseco-zestaw-mazda-mx-5-miata-protege-1-8l-16v-4cc-8\/#primaryimage"},"image":{"@id":"https:\/\/cybul.eu\/pl\/sklep\/kute-tloki-wiseco-zestaw-mazda-mx-5-miata-protege-1-8l-16v-4cc-8\/#primaryimage"},"thumbnailUrl":"https:\/\/cybul.eu\/wp-content\/uploads\/2024\/06\/pol_pl_Kute-tloki-Wiseco-zestaw-Mazda-MX-5-Miata-Protege-1-8L-16V-4cc-8-195404_1.jpg","datePublished":"2024-06-20T15:21:07+00:00","dateModified":"2024-06-20T15:21:19+00:00","breadcrumb":{"@id":"https:\/\/cybul.eu\/pl\/sklep\/kute-tloki-wiseco-zestaw-mazda-mx-5-miata-protege-1-8l-16v-4cc-8\/#breadcrumb"},"inLanguage":"pl-PL","potentialAction":[{"@type":"ReadAction","target":["https:\/\/cybul.eu\/pl\/sklep\/kute-tloki-wiseco-zestaw-mazda-mx-5-miata-protege-1-8l-16v-4cc-8\/"]}]},{"@type":"ImageObject","inLanguage":"pl-PL","@id":"https:\/\/cybul.eu\/pl\/sklep\/kute-tloki-wiseco-zestaw-mazda-mx-5-miata-protege-1-8l-16v-4cc-8\/#primaryimage","url":"https:\/\/cybul.eu\/wp-content\/uploads\/2024\/06\/pol_pl_Kute-tloki-Wiseco-zestaw-Mazda-MX-5-Miata-Protege-1-8L-16V-4cc-8-195404_1.jpg","contentUrl":"https:\/\/cybul.eu\/wp-content\/uploads\/2024\/06\/pol_pl_Kute-tloki-Wiseco-zestaw-Mazda-MX-5-Miata-Protege-1-8L-16V-4cc-8-195404_1.jpg","width":886,"height":675},{"@type":"BreadcrumbList","@id":"https:\/\/cybul.eu\/pl\/sklep\/kute-tloki-wiseco-zestaw-mazda-mx-5-miata-protege-1-8l-16v-4cc-8\/#breadcrumb","itemListElement":[{"@type":"ListItem","position":1,"name":"Strona g\u0142\u00f3wna","item":"https:\/\/cybul.eu\/pl\/"},{"@type":"ListItem","position":2,"name":"Sklep","item":"https:\/\/cybul.eu\/pl\/sklep\/"},{"@type":"ListItem","position":3,"name":"KUTE T\u0141OKI WISECO &#8211; ZESTAW MAZDA MX-5\/MIATA\/PROTEGE 1.8L 16V (-4CC) 8"}]},{"@type":"WebSite","@id":"https:\/\/cybul.eu\/pl\/#website","url":"https:\/\/cybul.eu\/pl\/","name":"CYBUL","description":"","potentialAction":[{"@type":"SearchAction","target":{"@type":"EntryPoint","urlTemplate":"https:\/\/cybul.eu\/pl\/?s={search_term_string}"},"query-input":{"@type":"PropertyValueSpecification","valueRequired":true,"valueName":"search_term_string"}}],"inLanguage":"pl-PL"}]}},"_links":{"self":[{"href":"https:\/\/cybul.eu\/pl\/wp-json\/wp\/v2\/product\/15566","targetHints":{"allow":["GET"]}}],"collection":[{"href":"https:\/\/cybul.eu\/pl\/wp-json\/wp\/v2\/product"}],"about":[{"href":"https:\/\/cybul.eu\/pl\/wp-json\/wp\/v2\/types\/product"}],"replies":[{"embeddable":true,"href":"https:\/\/cybul.eu\/pl\/wp-json\/wp\/v2\/comments?post=15566"}],"wp:featuredmedia":[{"embeddable":true,"href":"https:\/\/cybul.eu\/pl\/wp-json\/wp\/v2\/media\/14959"}],"wp:attachment":[{"href":"https:\/\/cybul.eu\/pl\/wp-json\/wp\/v2\/media?parent=15566"}],"wp:term":[{"taxonomy":"product_cat","embeddable":true,"href":"https:\/\/cybul.eu\/pl\/wp-json\/wp\/v2\/product_cat?post=15566"},{"taxonomy":"product_tag","embeddable":true,"href":"https:\/\/cybul.eu\/pl\/wp-json\/wp\/v2\/product_tag?post=15566"}],"curies":[{"name":"wp","href":"https:\/\/api.w.org\/{rel}","templated":true}]}}