{"id":15561,"date":"2024-06-20T17:21:07","date_gmt":"2024-06-20T15:21:07","guid":{"rendered":"https:\/\/cybul.eu\/shop\/klocki-hamulcowe-tylne-dba-brake-pads-street-series-ceramic-db1291ss-mazda-323-lantis-mx5-mk1-na-mk2-nb\/"},"modified":"2024-06-20T17:21:13","modified_gmt":"2024-06-20T15:21:13","slug":"klocki-hamulcowe-tylne-dba-brake-pads-street-series-ceramic-db1291ss-mazda-323-lantis-mx5-mk1-na-mk2-nb","status":"publish","type":"product","link":"https:\/\/cybul.eu\/pl\/sklep\/klocki-hamulcowe-tylne-dba-brake-pads-street-series-ceramic-db1291ss-mazda-323-lantis-mx5-mk1-na-mk2-nb\/","title":{"rendered":"KLOCKI HAMULCOWE TYLNE DBA BRAKE PADS STREET SERIES CERAMIC &#8211; DB1291SS MAZDA 323 LANTIS MX5 MK1 NA MK2 NB"},"content":{"rendered":"<p><b>Klocki hamulcowe DBA Brake Pads Street Series Ceramic<\/b><\/p>\n<p>Numer katalogowy: <b>DB1291SS<\/b><\/p>\n<p><b>O\u015b: <\/b>tylne<\/p>\n<p><b>Primary FMSI: <\/b>7514-D663<\/p>\n<p><b>Set Contains: <\/b>4 Pads<\/p>\n<p><b>Width [mm]: <\/b>102.1<\/p>\n<p><b>Wysoko\u015b\u0107 [mm]: <\/b>43.0<\/p>\n<p><b>Pad Grubo\u015b\u0107 [mm]: <\/b>12.1<\/p>\n<p><b>Waga 1 sztuki (kg): <\/b>1<\/p>\n<p><b>Cena za 1 sztuk\u0119.<\/b><\/p>\n<p><img decoding=\"async\" style=\"display: block; margin-left: auto; margin-right: auto;\" src=\"\/data\/include\/cms\/DBA\/DBA-tabela-klocki-pl.jpg\" border=\"0\" alt=\"\" width=\"100%\" class=\"slb\"><\/p>\n<p>Ponad czterdzie\u015bci lat do\u015bwiadczenia w produkcji i niezr\u00f3wnanej wiedzy dzi\u0119ki badaniom i rozwojowi, marka DBA zyska\u0142a pozycj\u0119 najbardziej utytu\u0142owanego australijskiego producenta i \u015bwiatowego lidera w produkcji tarcz hamulcowych.<\/p>\n<p>Dzi\u0119ki ci\u0105g\u0142emu doskonaleniu technologii i pragnieniu innowacji, DBA uda\u0142o si\u0119 zdefiniowa\u0107 na nowo i dostarczy\u0107 tarcze hamulcowe dla najr\u00f3\u017cniejszych zastosowa\u0144 w pojazdach i w szerokim wachlarzu warunk\u00f3w. W przypadku tarcz hamulcowych, jak w przypadku wszystkich element\u00f3w bezpiecze\u0144stwa, nie mo\u017ce by\u0107 skr\u00f3t\u00f3w. Kierowcy na ca\u0142ym \u015bwiecie ceni\u0105 produkty DBA za konsekwencj\u0119, niezawodno\u015b\u0107 i doskona\u0142e osi\u0105gi. DBA gwarantuje to poprzez konstruowanie hamulc\u00f3w tarczowych, kt\u00f3re s\u0105 znacznie lepsze od hamulc\u00f3w standardowych i zamiennik\u00f3w. Jak? DBA stawia sobie za cel zapewnienie wysokiej jako\u015bci, dok\u0142adno\u015bci, najlepszych metali i urz\u0105dze\u0144 produkcyjnych, kt\u00f3re umo\u017cliwiaj\u0105 produkcj\u0119 najwy\u017cszej jako\u015bci tarcz hamulcowych.<\/p>\n<p><b>Pasuje do:<\/b><\/p>\n<p>&#8211; MAZDAMX5 (Mk2) (NB)1.6 (1998-2005) Brake Disc: DBA536 Brake Caliper: Akebono<\/p>\n<p>&#8211; MAZDAMX5 (Mk1) (NA)1.8 (1994-1998) Brake Disc: DBA536 Brake Caliper: Akebono<\/p>\n<p>&#8211; MAZDAMX5 (Mk2) (NB)1.8 (1998-2005) Brake Disc: DBA536 Brake Caliper: Akebono<\/p>\n<p>&#8211; MAZDALantis2.0 (1993-1997) Brake Caliper: Akebono<\/p>\n<p>&#8211; MAZDA3232.0 BA1 (1994-1998) Brake Caliper: Akebono<\/p>\n","protected":false},"excerpt":{"rendered":"<p><b>Klocki hamulcowe DBA Brake Pads Street Series Ceramic<\/b><\/p>\n","protected":false},"featured_media":14922,"comment_status":"closed","ping_status":"open","template":"","meta":[],"product_cat":[387,284],"product_tag":[],"class_list":{"0":"post-15561","1":"product","2":"type-product","3":"status-publish","4":"has-post-thumbnail","6":"product_cat-mx5-na-pl","7":"product_cat-mazda-pl","9":"first","10":"instock","11":"taxable","12":"shipping-taxable","13":"purchasable","14":"product-type-simple"},"bundled_by":[],"bundle_stock_status":"instock","bundle_stock_quantity":null,"bundle_virtual":false,"bundle_layout":"","bundle_add_to_cart_form_location":"","bundle_editable_in_cart":false,"bundle_sold_individually_context":"","bundle_item_grouping":"","bundle_min_size":"","bundle_max_size":"","bundle_price":[],"bundled_items":[],"bundle_sell_ids":[],"acf":{"zdjecie_bez_watermarka":null,"zdjecie_bez_watermarka_url":"","product_orgin_url":"https:\/\/inter-rally.pl\/product-eng-169923-Klocki-hamulcowe-tylne-DBA-Brake-Pads-Street-Series-Ceramic-DB1291SS-MAZDA-323-Lantis-MX5-Mk1-NA-Mk2-NB.html"},"yoast_head":"<!-- This site is optimized with the Yoast SEO plugin v23.9 - https:\/\/yoast.com\/wordpress\/plugins\/seo\/ -->\n<title>KLOCKI HAMULCOWE TYLNE DBA BRAKE PADS STREET SERIES CERAMIC - DB1291SS MAZDA 323 LANTIS MX5 MK1 NA MK2 NB - CYBUL<\/title>\n<meta name=\"robots\" content=\"index, follow, max-snippet:-1, max-image-preview:large, max-video-preview:-1\" \/>\n<link rel=\"canonical\" href=\"https:\/\/cybul.eu\/pl\/sklep\/klocki-hamulcowe-tylne-dba-brake-pads-street-series-ceramic-db1291ss-mazda-323-lantis-mx5-mk1-na-mk2-nb\/\" \/>\n<meta property=\"og:locale\" content=\"pl_PL\" \/>\n<meta property=\"og:type\" content=\"article\" \/>\n<meta property=\"og:title\" content=\"KLOCKI HAMULCOWE TYLNE DBA BRAKE PADS STREET SERIES CERAMIC - DB1291SS MAZDA 323 LANTIS MX5 MK1 NA MK2 NB - CYBUL\" \/>\n<meta property=\"og:description\" content=\"Klocki hamulcowe DBA Brake Pads Street Series Ceramic\" \/>\n<meta property=\"og:url\" content=\"https:\/\/cybul.eu\/pl\/sklep\/klocki-hamulcowe-tylne-dba-brake-pads-street-series-ceramic-db1291ss-mazda-323-lantis-mx5-mk1-na-mk2-nb\/\" \/>\n<meta property=\"og:site_name\" content=\"CYBUL\" \/>\n<meta property=\"article:modified_time\" content=\"2024-06-20T15:21:13+00:00\" \/>\n<meta property=\"og:image\" content=\"https:\/\/cybul.eu\/wp-content\/uploads\/2024\/06\/pol_pl_Klocki-hamulcowe-tylne-DBA-Brake-Pads-Street-Series-Ceramic-DB1291SS-MAZDA-323-Lantis-MX5-Mk1-NA-Mk2-NB-169923_1.png\" \/>\n\t<meta property=\"og:image:width\" content=\"900\" \/>\n\t<meta property=\"og:image:height\" content=\"509\" \/>\n\t<meta property=\"og:image:type\" content=\"image\/png\" \/>\n<meta name=\"twitter:card\" content=\"summary_large_image\" \/>\n<meta name=\"twitter:label1\" content=\"Szacowany czas czytania\" \/>\n\t<meta name=\"twitter:data1\" content=\"1 minuta\" \/>\n<script type=\"application\/ld+json\" class=\"yoast-schema-graph\">{\"@context\":\"https:\/\/schema.org\",\"@graph\":[{\"@type\":\"WebPage\",\"@id\":\"https:\/\/cybul.eu\/pl\/sklep\/klocki-hamulcowe-tylne-dba-brake-pads-street-series-ceramic-db1291ss-mazda-323-lantis-mx5-mk1-na-mk2-nb\/\",\"url\":\"https:\/\/cybul.eu\/pl\/sklep\/klocki-hamulcowe-tylne-dba-brake-pads-street-series-ceramic-db1291ss-mazda-323-lantis-mx5-mk1-na-mk2-nb\/\",\"name\":\"KLOCKI HAMULCOWE TYLNE DBA BRAKE PADS STREET SERIES CERAMIC - DB1291SS MAZDA 323 LANTIS MX5 MK1 NA MK2 NB - CYBUL\",\"isPartOf\":{\"@id\":\"https:\/\/cybul.eu\/pl\/#website\"},\"primaryImageOfPage\":{\"@id\":\"https:\/\/cybul.eu\/pl\/sklep\/klocki-hamulcowe-tylne-dba-brake-pads-street-series-ceramic-db1291ss-mazda-323-lantis-mx5-mk1-na-mk2-nb\/#primaryimage\"},\"image\":{\"@id\":\"https:\/\/cybul.eu\/pl\/sklep\/klocki-hamulcowe-tylne-dba-brake-pads-street-series-ceramic-db1291ss-mazda-323-lantis-mx5-mk1-na-mk2-nb\/#primaryimage\"},\"thumbnailUrl\":\"https:\/\/cybul.eu\/wp-content\/uploads\/2024\/06\/pol_pl_Klocki-hamulcowe-tylne-DBA-Brake-Pads-Street-Series-Ceramic-DB1291SS-MAZDA-323-Lantis-MX5-Mk1-NA-Mk2-NB-169923_1.png\",\"datePublished\":\"2024-06-20T15:21:07+00:00\",\"dateModified\":\"2024-06-20T15:21:13+00:00\",\"breadcrumb\":{\"@id\":\"https:\/\/cybul.eu\/pl\/sklep\/klocki-hamulcowe-tylne-dba-brake-pads-street-series-ceramic-db1291ss-mazda-323-lantis-mx5-mk1-na-mk2-nb\/#breadcrumb\"},\"inLanguage\":\"pl-PL\",\"potentialAction\":[{\"@type\":\"ReadAction\",\"target\":[\"https:\/\/cybul.eu\/pl\/sklep\/klocki-hamulcowe-tylne-dba-brake-pads-street-series-ceramic-db1291ss-mazda-323-lantis-mx5-mk1-na-mk2-nb\/\"]}]},{\"@type\":\"ImageObject\",\"inLanguage\":\"pl-PL\",\"@id\":\"https:\/\/cybul.eu\/pl\/sklep\/klocki-hamulcowe-tylne-dba-brake-pads-street-series-ceramic-db1291ss-mazda-323-lantis-mx5-mk1-na-mk2-nb\/#primaryimage\",\"url\":\"https:\/\/cybul.eu\/wp-content\/uploads\/2024\/06\/pol_pl_Klocki-hamulcowe-tylne-DBA-Brake-Pads-Street-Series-Ceramic-DB1291SS-MAZDA-323-Lantis-MX5-Mk1-NA-Mk2-NB-169923_1.png\",\"contentUrl\":\"https:\/\/cybul.eu\/wp-content\/uploads\/2024\/06\/pol_pl_Klocki-hamulcowe-tylne-DBA-Brake-Pads-Street-Series-Ceramic-DB1291SS-MAZDA-323-Lantis-MX5-Mk1-NA-Mk2-NB-169923_1.png\",\"width\":900,\"height\":509},{\"@type\":\"BreadcrumbList\",\"@id\":\"https:\/\/cybul.eu\/pl\/sklep\/klocki-hamulcowe-tylne-dba-brake-pads-street-series-ceramic-db1291ss-mazda-323-lantis-mx5-mk1-na-mk2-nb\/#breadcrumb\",\"itemListElement\":[{\"@type\":\"ListItem\",\"position\":1,\"name\":\"Strona g\u0142\u00f3wna\",\"item\":\"https:\/\/cybul.eu\/pl\/\"},{\"@type\":\"ListItem\",\"position\":2,\"name\":\"Sklep\",\"item\":\"https:\/\/cybul.eu\/pl\/sklep\/\"},{\"@type\":\"ListItem\",\"position\":3,\"name\":\"KLOCKI HAMULCOWE TYLNE DBA BRAKE PADS STREET SERIES CERAMIC &#8211; DB1291SS MAZDA 323 LANTIS MX5 MK1 NA MK2 NB\"}]},{\"@type\":\"WebSite\",\"@id\":\"https:\/\/cybul.eu\/pl\/#website\",\"url\":\"https:\/\/cybul.eu\/pl\/\",\"name\":\"CYBUL\",\"description\":\"\",\"potentialAction\":[{\"@type\":\"SearchAction\",\"target\":{\"@type\":\"EntryPoint\",\"urlTemplate\":\"https:\/\/cybul.eu\/pl\/?s={search_term_string}\"},\"query-input\":{\"@type\":\"PropertyValueSpecification\",\"valueRequired\":true,\"valueName\":\"search_term_string\"}}],\"inLanguage\":\"pl-PL\"}]}<\/script>\n<!-- \/ Yoast SEO plugin. -->","yoast_head_json":{"title":"KLOCKI HAMULCOWE TYLNE DBA BRAKE PADS STREET SERIES CERAMIC - DB1291SS MAZDA 323 LANTIS MX5 MK1 NA MK2 NB - CYBUL","robots":{"index":"index","follow":"follow","max-snippet":"max-snippet:-1","max-image-preview":"max-image-preview:large","max-video-preview":"max-video-preview:-1"},"canonical":"https:\/\/cybul.eu\/pl\/sklep\/klocki-hamulcowe-tylne-dba-brake-pads-street-series-ceramic-db1291ss-mazda-323-lantis-mx5-mk1-na-mk2-nb\/","og_locale":"pl_PL","og_type":"article","og_title":"KLOCKI HAMULCOWE TYLNE DBA BRAKE PADS STREET SERIES CERAMIC - DB1291SS MAZDA 323 LANTIS MX5 MK1 NA MK2 NB - CYBUL","og_description":"Klocki hamulcowe DBA Brake Pads Street Series Ceramic","og_url":"https:\/\/cybul.eu\/pl\/sklep\/klocki-hamulcowe-tylne-dba-brake-pads-street-series-ceramic-db1291ss-mazda-323-lantis-mx5-mk1-na-mk2-nb\/","og_site_name":"CYBUL","article_modified_time":"2024-06-20T15:21:13+00:00","og_image":[{"width":900,"height":509,"url":"https:\/\/cybul.eu\/wp-content\/uploads\/2024\/06\/pol_pl_Klocki-hamulcowe-tylne-DBA-Brake-Pads-Street-Series-Ceramic-DB1291SS-MAZDA-323-Lantis-MX5-Mk1-NA-Mk2-NB-169923_1.png","type":"image\/png"}],"twitter_card":"summary_large_image","twitter_misc":{"Szacowany czas czytania":"1 minuta"},"schema":{"@context":"https:\/\/schema.org","@graph":[{"@type":"WebPage","@id":"https:\/\/cybul.eu\/pl\/sklep\/klocki-hamulcowe-tylne-dba-brake-pads-street-series-ceramic-db1291ss-mazda-323-lantis-mx5-mk1-na-mk2-nb\/","url":"https:\/\/cybul.eu\/pl\/sklep\/klocki-hamulcowe-tylne-dba-brake-pads-street-series-ceramic-db1291ss-mazda-323-lantis-mx5-mk1-na-mk2-nb\/","name":"KLOCKI HAMULCOWE TYLNE DBA BRAKE PADS STREET SERIES CERAMIC - DB1291SS MAZDA 323 LANTIS MX5 MK1 NA MK2 NB - CYBUL","isPartOf":{"@id":"https:\/\/cybul.eu\/pl\/#website"},"primaryImageOfPage":{"@id":"https:\/\/cybul.eu\/pl\/sklep\/klocki-hamulcowe-tylne-dba-brake-pads-street-series-ceramic-db1291ss-mazda-323-lantis-mx5-mk1-na-mk2-nb\/#primaryimage"},"image":{"@id":"https:\/\/cybul.eu\/pl\/sklep\/klocki-hamulcowe-tylne-dba-brake-pads-street-series-ceramic-db1291ss-mazda-323-lantis-mx5-mk1-na-mk2-nb\/#primaryimage"},"thumbnailUrl":"https:\/\/cybul.eu\/wp-content\/uploads\/2024\/06\/pol_pl_Klocki-hamulcowe-tylne-DBA-Brake-Pads-Street-Series-Ceramic-DB1291SS-MAZDA-323-Lantis-MX5-Mk1-NA-Mk2-NB-169923_1.png","datePublished":"2024-06-20T15:21:07+00:00","dateModified":"2024-06-20T15:21:13+00:00","breadcrumb":{"@id":"https:\/\/cybul.eu\/pl\/sklep\/klocki-hamulcowe-tylne-dba-brake-pads-street-series-ceramic-db1291ss-mazda-323-lantis-mx5-mk1-na-mk2-nb\/#breadcrumb"},"inLanguage":"pl-PL","potentialAction":[{"@type":"ReadAction","target":["https:\/\/cybul.eu\/pl\/sklep\/klocki-hamulcowe-tylne-dba-brake-pads-street-series-ceramic-db1291ss-mazda-323-lantis-mx5-mk1-na-mk2-nb\/"]}]},{"@type":"ImageObject","inLanguage":"pl-PL","@id":"https:\/\/cybul.eu\/pl\/sklep\/klocki-hamulcowe-tylne-dba-brake-pads-street-series-ceramic-db1291ss-mazda-323-lantis-mx5-mk1-na-mk2-nb\/#primaryimage","url":"https:\/\/cybul.eu\/wp-content\/uploads\/2024\/06\/pol_pl_Klocki-hamulcowe-tylne-DBA-Brake-Pads-Street-Series-Ceramic-DB1291SS-MAZDA-323-Lantis-MX5-Mk1-NA-Mk2-NB-169923_1.png","contentUrl":"https:\/\/cybul.eu\/wp-content\/uploads\/2024\/06\/pol_pl_Klocki-hamulcowe-tylne-DBA-Brake-Pads-Street-Series-Ceramic-DB1291SS-MAZDA-323-Lantis-MX5-Mk1-NA-Mk2-NB-169923_1.png","width":900,"height":509},{"@type":"BreadcrumbList","@id":"https:\/\/cybul.eu\/pl\/sklep\/klocki-hamulcowe-tylne-dba-brake-pads-street-series-ceramic-db1291ss-mazda-323-lantis-mx5-mk1-na-mk2-nb\/#breadcrumb","itemListElement":[{"@type":"ListItem","position":1,"name":"Strona g\u0142\u00f3wna","item":"https:\/\/cybul.eu\/pl\/"},{"@type":"ListItem","position":2,"name":"Sklep","item":"https:\/\/cybul.eu\/pl\/sklep\/"},{"@type":"ListItem","position":3,"name":"KLOCKI HAMULCOWE TYLNE DBA BRAKE PADS STREET SERIES CERAMIC &#8211; DB1291SS MAZDA 323 LANTIS MX5 MK1 NA MK2 NB"}]},{"@type":"WebSite","@id":"https:\/\/cybul.eu\/pl\/#website","url":"https:\/\/cybul.eu\/pl\/","name":"CYBUL","description":"","potentialAction":[{"@type":"SearchAction","target":{"@type":"EntryPoint","urlTemplate":"https:\/\/cybul.eu\/pl\/?s={search_term_string}"},"query-input":{"@type":"PropertyValueSpecification","valueRequired":true,"valueName":"search_term_string"}}],"inLanguage":"pl-PL"}]}},"_links":{"self":[{"href":"https:\/\/cybul.eu\/pl\/wp-json\/wp\/v2\/product\/15561","targetHints":{"allow":["GET"]}}],"collection":[{"href":"https:\/\/cybul.eu\/pl\/wp-json\/wp\/v2\/product"}],"about":[{"href":"https:\/\/cybul.eu\/pl\/wp-json\/wp\/v2\/types\/product"}],"replies":[{"embeddable":true,"href":"https:\/\/cybul.eu\/pl\/wp-json\/wp\/v2\/comments?post=15561"}],"wp:featuredmedia":[{"embeddable":true,"href":"https:\/\/cybul.eu\/pl\/wp-json\/wp\/v2\/media\/14922"}],"wp:attachment":[{"href":"https:\/\/cybul.eu\/pl\/wp-json\/wp\/v2\/media?parent=15561"}],"wp:term":[{"taxonomy":"product_cat","embeddable":true,"href":"https:\/\/cybul.eu\/pl\/wp-json\/wp\/v2\/product_cat?post=15561"},{"taxonomy":"product_tag","embeddable":true,"href":"https:\/\/cybul.eu\/pl\/wp-json\/wp\/v2\/product_tag?post=15561"}],"curies":[{"name":"wp","href":"https:\/\/api.w.org\/{rel}","templated":true}]}}