{"id":15556,"date":"2024-06-20T17:21:07","date_gmt":"2024-06-20T15:21:07","guid":{"rendered":"https:\/\/cybul.eu\/shop\/klocki-hamulcowe-carbone-lorraine-rc6e-mazda-mx-5-na-1-8i-nb-1-6i-16v-1-8i-16v-90-00\/"},"modified":"2024-06-20T17:21:09","modified_gmt":"2024-06-20T15:21:09","slug":"klocki-hamulcowe-carbone-lorraine-rc6e-mazda-mx-5-na-1-8i-nb-1-6i-16v-1-8i-16v-90-00","status":"publish","type":"product","link":"https:\/\/cybul.eu\/pl\/sklep\/klocki-hamulcowe-carbone-lorraine-rc6e-mazda-mx-5-na-1-8i-nb-1-6i-16v-1-8i-16v-90-00\/","title":{"rendered":"KLOCKI HAMULCOWE CARBONE LORRAINE RC6E &#8211; MAZDA MX-5 NA 1.8I\/NB 1.6I 16V ,1.8I 16V (90-00)"},"content":{"rendered":"<p>Francuska firma Carbone Lorraine jest liderem w opracowywaniu innowacyjnych technologii klock\u00f3w hamulcowych do r\u00f3\u017cnych mi\u0119dzynarodowych serii wy\u015bcigowych. Klocki hamulcowe CL zosta\u0142y opracowane na podstawie do\u015bwiadcze\u0144 zdobytych przez najbardziej wymagaj\u0105ce firmy na \u015bwiecie, takie jak producent samolot\u00f3w Airbus. Klocki hamulcowe Carbone Lorraine s\u0105 stosowane przez zespo\u0142y rajdowe i wy\u015bcigowe, znajduj\u0105ce si\u0119 na najwy\u017cszym \u015bwiatowym poziomie.<\/p>\n<p><\/p>\n<p><b>Klocki hamulcowe Carbone Lorraine do: Mazda MX-5<\/b><\/p>\n<p><\/p>\n<p><b>Index: 4107RC6E<\/b><\/p>\n<p><b>Mieszanka:<\/b> RC6E<\/p>\n<p><b>Marka:<\/b> Mazda<\/p>\n<p><b>Model:<\/b> MX-5 NA 1.8i\/NB  1.6i 16V ,1.8i 16V<\/p>\n<p><b>Rok produkcji:<\/b> 90-00<\/p>\n<p><b>O\u015b:<\/b> Prz\u00f3d<\/p>\n<p><\/p>\n<p><b>Numery zamiennik\u00f3w innych producent\u00f3w:<\/b><\/p>\n<p><\/p>\n<p><b>Klocki CL Brakes nie posiadaj\u0105 homologacji drogowej. S\u0105 przeznaczone tylko do u\u017cytku w motorsporcie!<\/b><\/p>\n<p><\/p>\n<p><b>Mieszanki:<\/b><\/p>\n<p><\/p>\n<p><b>&#8211; RC5:<\/b> Zosta\u0142a zaprojektowana z my\u015bl\u0105 o lekkich autach oraz do jazdy po nawierzchni z nisk\u0105 przyczepno\u015bci\u0105 (\u017cwir, b\u0142oto, \u015bnieg itp.). Klocki RC5 nie wymagaj\u0105 dogrzewania wi\u0119c zapewniaj\u0105 wysok\u0105 skuteczno\u015b\u0107 od najni\u017cszych temperatur do ponad 1000\u00b0C.<\/p>\n<p><\/p>\n<p><b>&#8211; RC6:<\/b> Mieszanka RC6 zosta\u0142a opracowana do stosowania w wszelkiego rodzaju sportach motorowych. Sprawdzaj\u0105 si\u0119 r\u00f3wnie\u017c w wy\u015bcigach d\u0142ugodystansowych. Klocki RC6 r\u00f3wnie\u017c nie wymagaj\u0105 dogrzewania, wi\u0119c zapewniaj\u0105 wysok\u0105 skuteczno\u015b\u0107 od najni\u017cszych temperatur do ponad 1000\u00b0C.<\/p>\n<p><\/p>\n<p><b>&#8211; RC6E:<\/b> Zaprojektowana z my\u015bl\u0105 o wy\u015bcigach d\u0142ugodystansowych. Specjalna mieszanka zapewnia bardzo niskie zu\u017cycie klocka przy jednoczesnym zachowaniu skuteczno\u015bci hamowania.<\/p>\n<p><\/p>\n<p><b>&#8211; RC8:<\/b> Klocki w mieszance RC8 zapewniaj\u0105 najwy\u017cszy wsp\u00f3\u0142czynnik tarcia i u\u017cywane s\u0105 na najwy\u017cszych szczeblach sport\u00f3w motorowych, np WRC, WTCC czy NASCAR. S\u0105 przeznaczone do ekstremalnych warunk\u00f3w wy\u015bcigowych i rajdowych. Zapewniaj\u0105 doskona\u0142\u0105 skuteczno\u015b\u0107 do ponad 1100\u00b0C.<\/p>\n<p><\/p>\n<p><b>&#8211; RC8R:<\/b> RC8R to mieszanka RC8 z dodatkowymi naci\u0119ciami, kt\u00f3re zapewniaj\u0105 zwi\u0119kszony przep\u0142yw powietrza, a co za tym idzie popraw\u0119 ch\u0142odzenia hamulc\u00f3w. Zmiejszona jest r\u00f3wnie\u017c powierzchnia styku z zaciskiem hamulcowym aby zmniejszy\u0107 przewodzenie ciep\u0142a mi\u0119dzy powierzchniami.<\/p>\n","protected":false},"excerpt":{"rendered":"<p>Francuska firma Carbone Lorraine jest liderem w opracowywaniu innowacyjnych technologii klock\u00f3w hamulcowych do r\u00f3\u017cnych mi\u0119dzynarodowych serii wy\u015bcigowych. Klocki hamulcowe CL zosta\u0142y opracowane na podstawie do\u015bwiadcze\u0144 zdobytych przez najbardziej wymagaj\u0105ce firmy na \u015bwiecie, takie jak producent samolot\u00f3w Airbus. Klocki hamulcowe Carbone Lorraine s\u0105 stosowane przez zespo\u0142y rajdowe i wy\u015bcigowe, znajduj\u0105ce si\u0119 na najwy\u017cszym \u015bwiatowym poziomie.<\/p>\n","protected":false},"featured_media":14905,"comment_status":"closed","ping_status":"open","template":"","meta":[],"product_cat":[387,284],"product_tag":[],"class_list":{"0":"post-15556","1":"product","2":"type-product","3":"status-publish","4":"has-post-thumbnail","6":"product_cat-mx5-na-pl","7":"product_cat-mazda-pl","9":"first","10":"instock","11":"taxable","12":"shipping-taxable","13":"purchasable","14":"product-type-simple"},"bundled_by":[],"bundle_stock_status":"instock","bundle_stock_quantity":null,"bundle_virtual":false,"bundle_layout":"","bundle_add_to_cart_form_location":"","bundle_editable_in_cart":false,"bundle_sold_individually_context":"","bundle_item_grouping":"","bundle_min_size":"","bundle_max_size":"","bundle_price":[],"bundled_items":[],"bundle_sell_ids":[],"acf":{"zdjecie_bez_watermarka":null,"zdjecie_bez_watermarka_url":"","product_orgin_url":"https:\/\/inter-rally.pl\/product-eng-108842-Klocki-hamulcowe-Carbone-Lorraine-RC6E-Mazda-MX-5-NA-1-8i-NB-1-6i-16V-1-8i-16V-90-00.html"},"yoast_head":"<!-- This site is optimized with the Yoast SEO plugin v23.9 - https:\/\/yoast.com\/wordpress\/plugins\/seo\/ -->\n<title>KLOCKI HAMULCOWE CARBONE LORRAINE RC6E - MAZDA MX-5 NA 1.8I\/NB 1.6I 16V ,1.8I 16V (90-00) - CYBUL<\/title>\n<meta name=\"robots\" content=\"index, follow, max-snippet:-1, max-image-preview:large, max-video-preview:-1\" \/>\n<link rel=\"canonical\" href=\"https:\/\/cybul.eu\/pl\/sklep\/klocki-hamulcowe-carbone-lorraine-rc6e-mazda-mx-5-na-1-8i-nb-1-6i-16v-1-8i-16v-90-00\/\" \/>\n<meta property=\"og:locale\" content=\"pl_PL\" \/>\n<meta property=\"og:type\" content=\"article\" \/>\n<meta property=\"og:title\" content=\"KLOCKI HAMULCOWE CARBONE LORRAINE RC6E - MAZDA MX-5 NA 1.8I\/NB 1.6I 16V ,1.8I 16V (90-00) - CYBUL\" \/>\n<meta property=\"og:description\" content=\"Francuska firma Carbone Lorraine jest liderem w opracowywaniu innowacyjnych technologii klock\u00f3w hamulcowych do r\u00f3\u017cnych mi\u0119dzynarodowych serii wy\u015bcigowych. Klocki hamulcowe CL zosta\u0142y opracowane na podstawie do\u015bwiadcze\u0144 zdobytych przez najbardziej wymagaj\u0105ce firmy na \u015bwiecie, takie jak producent samolot\u00f3w Airbus. Klocki hamulcowe Carbone Lorraine s\u0105 stosowane przez zespo\u0142y rajdowe i wy\u015bcigowe, znajduj\u0105ce si\u0119 na najwy\u017cszym \u015bwiatowym poziomie.\" \/>\n<meta property=\"og:url\" content=\"https:\/\/cybul.eu\/pl\/sklep\/klocki-hamulcowe-carbone-lorraine-rc6e-mazda-mx-5-na-1-8i-nb-1-6i-16v-1-8i-16v-90-00\/\" \/>\n<meta property=\"og:site_name\" content=\"CYBUL\" \/>\n<meta property=\"article:modified_time\" content=\"2024-06-20T15:21:09+00:00\" \/>\n<meta property=\"og:image\" content=\"https:\/\/cybul.eu\/wp-content\/uploads\/2024\/06\/pol_pl_Klocki-hamulcowe-Carbone-Lorraine-RC6E-Mazda-MX-5-NA-1-8i-NB-1-6i-16V-1-8i-16V-90-00-108842_1.jpg\" \/>\n\t<meta property=\"og:image:width\" content=\"900\" \/>\n\t<meta property=\"og:image:height\" content=\"900\" \/>\n\t<meta property=\"og:image:type\" content=\"image\/jpeg\" \/>\n<meta name=\"twitter:card\" content=\"summary_large_image\" \/>\n<meta name=\"twitter:label1\" content=\"Szacowany czas czytania\" \/>\n\t<meta name=\"twitter:data1\" content=\"2 minuty\" \/>\n<script type=\"application\/ld+json\" class=\"yoast-schema-graph\">{\"@context\":\"https:\/\/schema.org\",\"@graph\":[{\"@type\":\"WebPage\",\"@id\":\"https:\/\/cybul.eu\/pl\/sklep\/klocki-hamulcowe-carbone-lorraine-rc6e-mazda-mx-5-na-1-8i-nb-1-6i-16v-1-8i-16v-90-00\/\",\"url\":\"https:\/\/cybul.eu\/pl\/sklep\/klocki-hamulcowe-carbone-lorraine-rc6e-mazda-mx-5-na-1-8i-nb-1-6i-16v-1-8i-16v-90-00\/\",\"name\":\"KLOCKI HAMULCOWE CARBONE LORRAINE RC6E - MAZDA MX-5 NA 1.8I\/NB 1.6I 16V ,1.8I 16V (90-00) - CYBUL\",\"isPartOf\":{\"@id\":\"https:\/\/cybul.eu\/pl\/#website\"},\"primaryImageOfPage\":{\"@id\":\"https:\/\/cybul.eu\/pl\/sklep\/klocki-hamulcowe-carbone-lorraine-rc6e-mazda-mx-5-na-1-8i-nb-1-6i-16v-1-8i-16v-90-00\/#primaryimage\"},\"image\":{\"@id\":\"https:\/\/cybul.eu\/pl\/sklep\/klocki-hamulcowe-carbone-lorraine-rc6e-mazda-mx-5-na-1-8i-nb-1-6i-16v-1-8i-16v-90-00\/#primaryimage\"},\"thumbnailUrl\":\"https:\/\/cybul.eu\/wp-content\/uploads\/2024\/06\/pol_pl_Klocki-hamulcowe-Carbone-Lorraine-RC6E-Mazda-MX-5-NA-1-8i-NB-1-6i-16V-1-8i-16V-90-00-108842_1.jpg\",\"datePublished\":\"2024-06-20T15:21:07+00:00\",\"dateModified\":\"2024-06-20T15:21:09+00:00\",\"breadcrumb\":{\"@id\":\"https:\/\/cybul.eu\/pl\/sklep\/klocki-hamulcowe-carbone-lorraine-rc6e-mazda-mx-5-na-1-8i-nb-1-6i-16v-1-8i-16v-90-00\/#breadcrumb\"},\"inLanguage\":\"pl-PL\",\"potentialAction\":[{\"@type\":\"ReadAction\",\"target\":[\"https:\/\/cybul.eu\/pl\/sklep\/klocki-hamulcowe-carbone-lorraine-rc6e-mazda-mx-5-na-1-8i-nb-1-6i-16v-1-8i-16v-90-00\/\"]}]},{\"@type\":\"ImageObject\",\"inLanguage\":\"pl-PL\",\"@id\":\"https:\/\/cybul.eu\/pl\/sklep\/klocki-hamulcowe-carbone-lorraine-rc6e-mazda-mx-5-na-1-8i-nb-1-6i-16v-1-8i-16v-90-00\/#primaryimage\",\"url\":\"https:\/\/cybul.eu\/wp-content\/uploads\/2024\/06\/pol_pl_Klocki-hamulcowe-Carbone-Lorraine-RC6E-Mazda-MX-5-NA-1-8i-NB-1-6i-16V-1-8i-16V-90-00-108842_1.jpg\",\"contentUrl\":\"https:\/\/cybul.eu\/wp-content\/uploads\/2024\/06\/pol_pl_Klocki-hamulcowe-Carbone-Lorraine-RC6E-Mazda-MX-5-NA-1-8i-NB-1-6i-16V-1-8i-16V-90-00-108842_1.jpg\",\"width\":900,\"height\":900},{\"@type\":\"BreadcrumbList\",\"@id\":\"https:\/\/cybul.eu\/pl\/sklep\/klocki-hamulcowe-carbone-lorraine-rc6e-mazda-mx-5-na-1-8i-nb-1-6i-16v-1-8i-16v-90-00\/#breadcrumb\",\"itemListElement\":[{\"@type\":\"ListItem\",\"position\":1,\"name\":\"Strona g\u0142\u00f3wna\",\"item\":\"https:\/\/cybul.eu\/pl\/\"},{\"@type\":\"ListItem\",\"position\":2,\"name\":\"Sklep\",\"item\":\"https:\/\/cybul.eu\/pl\/sklep\/\"},{\"@type\":\"ListItem\",\"position\":3,\"name\":\"KLOCKI HAMULCOWE CARBONE LORRAINE RC6E &#8211; MAZDA MX-5 NA 1.8I\/NB 1.6I 16V ,1.8I 16V (90-00)\"}]},{\"@type\":\"WebSite\",\"@id\":\"https:\/\/cybul.eu\/pl\/#website\",\"url\":\"https:\/\/cybul.eu\/pl\/\",\"name\":\"CYBUL\",\"description\":\"\",\"potentialAction\":[{\"@type\":\"SearchAction\",\"target\":{\"@type\":\"EntryPoint\",\"urlTemplate\":\"https:\/\/cybul.eu\/pl\/?s={search_term_string}\"},\"query-input\":{\"@type\":\"PropertyValueSpecification\",\"valueRequired\":true,\"valueName\":\"search_term_string\"}}],\"inLanguage\":\"pl-PL\"}]}<\/script>\n<!-- \/ Yoast SEO plugin. -->","yoast_head_json":{"title":"KLOCKI HAMULCOWE CARBONE LORRAINE RC6E - MAZDA MX-5 NA 1.8I\/NB 1.6I 16V ,1.8I 16V (90-00) - CYBUL","robots":{"index":"index","follow":"follow","max-snippet":"max-snippet:-1","max-image-preview":"max-image-preview:large","max-video-preview":"max-video-preview:-1"},"canonical":"https:\/\/cybul.eu\/pl\/sklep\/klocki-hamulcowe-carbone-lorraine-rc6e-mazda-mx-5-na-1-8i-nb-1-6i-16v-1-8i-16v-90-00\/","og_locale":"pl_PL","og_type":"article","og_title":"KLOCKI HAMULCOWE CARBONE LORRAINE RC6E - MAZDA MX-5 NA 1.8I\/NB 1.6I 16V ,1.8I 16V (90-00) - CYBUL","og_description":"Francuska firma Carbone Lorraine jest liderem w opracowywaniu innowacyjnych technologii klock\u00f3w hamulcowych do r\u00f3\u017cnych mi\u0119dzynarodowych serii wy\u015bcigowych. Klocki hamulcowe CL zosta\u0142y opracowane na podstawie do\u015bwiadcze\u0144 zdobytych przez najbardziej wymagaj\u0105ce firmy na \u015bwiecie, takie jak producent samolot\u00f3w Airbus. Klocki hamulcowe Carbone Lorraine s\u0105 stosowane przez zespo\u0142y rajdowe i wy\u015bcigowe, znajduj\u0105ce si\u0119 na najwy\u017cszym \u015bwiatowym poziomie.","og_url":"https:\/\/cybul.eu\/pl\/sklep\/klocki-hamulcowe-carbone-lorraine-rc6e-mazda-mx-5-na-1-8i-nb-1-6i-16v-1-8i-16v-90-00\/","og_site_name":"CYBUL","article_modified_time":"2024-06-20T15:21:09+00:00","og_image":[{"width":900,"height":900,"url":"https:\/\/cybul.eu\/wp-content\/uploads\/2024\/06\/pol_pl_Klocki-hamulcowe-Carbone-Lorraine-RC6E-Mazda-MX-5-NA-1-8i-NB-1-6i-16V-1-8i-16V-90-00-108842_1.jpg","type":"image\/jpeg"}],"twitter_card":"summary_large_image","twitter_misc":{"Szacowany czas czytania":"2 minuty"},"schema":{"@context":"https:\/\/schema.org","@graph":[{"@type":"WebPage","@id":"https:\/\/cybul.eu\/pl\/sklep\/klocki-hamulcowe-carbone-lorraine-rc6e-mazda-mx-5-na-1-8i-nb-1-6i-16v-1-8i-16v-90-00\/","url":"https:\/\/cybul.eu\/pl\/sklep\/klocki-hamulcowe-carbone-lorraine-rc6e-mazda-mx-5-na-1-8i-nb-1-6i-16v-1-8i-16v-90-00\/","name":"KLOCKI HAMULCOWE CARBONE LORRAINE RC6E - MAZDA MX-5 NA 1.8I\/NB 1.6I 16V ,1.8I 16V (90-00) - CYBUL","isPartOf":{"@id":"https:\/\/cybul.eu\/pl\/#website"},"primaryImageOfPage":{"@id":"https:\/\/cybul.eu\/pl\/sklep\/klocki-hamulcowe-carbone-lorraine-rc6e-mazda-mx-5-na-1-8i-nb-1-6i-16v-1-8i-16v-90-00\/#primaryimage"},"image":{"@id":"https:\/\/cybul.eu\/pl\/sklep\/klocki-hamulcowe-carbone-lorraine-rc6e-mazda-mx-5-na-1-8i-nb-1-6i-16v-1-8i-16v-90-00\/#primaryimage"},"thumbnailUrl":"https:\/\/cybul.eu\/wp-content\/uploads\/2024\/06\/pol_pl_Klocki-hamulcowe-Carbone-Lorraine-RC6E-Mazda-MX-5-NA-1-8i-NB-1-6i-16V-1-8i-16V-90-00-108842_1.jpg","datePublished":"2024-06-20T15:21:07+00:00","dateModified":"2024-06-20T15:21:09+00:00","breadcrumb":{"@id":"https:\/\/cybul.eu\/pl\/sklep\/klocki-hamulcowe-carbone-lorraine-rc6e-mazda-mx-5-na-1-8i-nb-1-6i-16v-1-8i-16v-90-00\/#breadcrumb"},"inLanguage":"pl-PL","potentialAction":[{"@type":"ReadAction","target":["https:\/\/cybul.eu\/pl\/sklep\/klocki-hamulcowe-carbone-lorraine-rc6e-mazda-mx-5-na-1-8i-nb-1-6i-16v-1-8i-16v-90-00\/"]}]},{"@type":"ImageObject","inLanguage":"pl-PL","@id":"https:\/\/cybul.eu\/pl\/sklep\/klocki-hamulcowe-carbone-lorraine-rc6e-mazda-mx-5-na-1-8i-nb-1-6i-16v-1-8i-16v-90-00\/#primaryimage","url":"https:\/\/cybul.eu\/wp-content\/uploads\/2024\/06\/pol_pl_Klocki-hamulcowe-Carbone-Lorraine-RC6E-Mazda-MX-5-NA-1-8i-NB-1-6i-16V-1-8i-16V-90-00-108842_1.jpg","contentUrl":"https:\/\/cybul.eu\/wp-content\/uploads\/2024\/06\/pol_pl_Klocki-hamulcowe-Carbone-Lorraine-RC6E-Mazda-MX-5-NA-1-8i-NB-1-6i-16V-1-8i-16V-90-00-108842_1.jpg","width":900,"height":900},{"@type":"BreadcrumbList","@id":"https:\/\/cybul.eu\/pl\/sklep\/klocki-hamulcowe-carbone-lorraine-rc6e-mazda-mx-5-na-1-8i-nb-1-6i-16v-1-8i-16v-90-00\/#breadcrumb","itemListElement":[{"@type":"ListItem","position":1,"name":"Strona g\u0142\u00f3wna","item":"https:\/\/cybul.eu\/pl\/"},{"@type":"ListItem","position":2,"name":"Sklep","item":"https:\/\/cybul.eu\/pl\/sklep\/"},{"@type":"ListItem","position":3,"name":"KLOCKI HAMULCOWE CARBONE LORRAINE RC6E &#8211; MAZDA MX-5 NA 1.8I\/NB 1.6I 16V ,1.8I 16V (90-00)"}]},{"@type":"WebSite","@id":"https:\/\/cybul.eu\/pl\/#website","url":"https:\/\/cybul.eu\/pl\/","name":"CYBUL","description":"","potentialAction":[{"@type":"SearchAction","target":{"@type":"EntryPoint","urlTemplate":"https:\/\/cybul.eu\/pl\/?s={search_term_string}"},"query-input":{"@type":"PropertyValueSpecification","valueRequired":true,"valueName":"search_term_string"}}],"inLanguage":"pl-PL"}]}},"_links":{"self":[{"href":"https:\/\/cybul.eu\/pl\/wp-json\/wp\/v2\/product\/15556","targetHints":{"allow":["GET"]}}],"collection":[{"href":"https:\/\/cybul.eu\/pl\/wp-json\/wp\/v2\/product"}],"about":[{"href":"https:\/\/cybul.eu\/pl\/wp-json\/wp\/v2\/types\/product"}],"replies":[{"embeddable":true,"href":"https:\/\/cybul.eu\/pl\/wp-json\/wp\/v2\/comments?post=15556"}],"wp:featuredmedia":[{"embeddable":true,"href":"https:\/\/cybul.eu\/pl\/wp-json\/wp\/v2\/media\/14905"}],"wp:attachment":[{"href":"https:\/\/cybul.eu\/pl\/wp-json\/wp\/v2\/media?parent=15556"}],"wp:term":[{"taxonomy":"product_cat","embeddable":true,"href":"https:\/\/cybul.eu\/pl\/wp-json\/wp\/v2\/product_cat?post=15556"},{"taxonomy":"product_tag","embeddable":true,"href":"https:\/\/cybul.eu\/pl\/wp-json\/wp\/v2\/product_tag?post=15556"}],"curies":[{"name":"wp","href":"https:\/\/api.w.org\/{rel}","templated":true}]}}