{"id":15550,"date":"2024-06-20T17:20:40","date_gmt":"2024-06-20T15:20:40","guid":{"rendered":"https:\/\/cybul.eu\/shop\/dystanse-irp-mazda-mx-5-i-na-09-89-04-98-11\/"},"modified":"2024-06-20T17:20:53","modified_gmt":"2024-06-20T15:20:53","slug":"dystanse-irp-mazda-mx-5-i-na-09-89-04-98-11","status":"publish","type":"product","link":"https:\/\/cybul.eu\/pl\/sklep\/dystanse-irp-mazda-mx-5-i-na-09-89-04-98-11\/","title":{"rendered":"DYSTANSE IRP MAZDA MX 5 I (NA) 09.89-04.98"},"content":{"rendered":"<p><b>Dystanse IRP Mazda MX 5 I (NA)<\/b><\/p>\n<p><\/p>\n<p><b>Marka:<\/b> Mazda<\/p>\n<p><b>Model:<\/b> MX 5 I (NA)<\/p>\n<p><b>Lata produkcji:<\/b> 09.89-04.98<\/p>\n<p><\/p>\n<p><b>Poszerzenie osi (mm):<\/b> 100<\/p>\n<p><b>Grubo\u015b\u0107 dystansu (mm):<\/b> 50<\/p>\n<p><b>Rozstaw \u015brub:<\/b> 100\/4<\/p>\n<p><b>\u015arednica otworu centruj\u0105cego (mm):<\/b> 54<\/p>\n<p><b>Gwint oryginalnych \u015brub:<\/b> M12x1,5<\/p>\n<p><\/p>\n<p><b>Cena dotyczy kompletu na jedn\u0105 o\u015b (2 szt.)<\/b><\/p>\n<p>&#8211; Dystanse podsiadaj\u0105 pier\u015bcie\u0144 centruj\u0105cy<br \/>\n&#8211; Bardzo wytrzyma\u0142e, przetestowane w sporcie<br \/>\n&#8211; Wykonane z duraluminium PA6, bardzo lekkie<br \/>\n&#8211; U\u017cywaj\u0105c dystans\u00f3w zmniejszamy ET<br \/>\n&#8211; Poprawiaj\u0105 wygl\u0105d wizualny auta oraz w\u0142a\u015bciwo\u015bci jezdne oraz przyczepno\u015b\u0107 szczeg\u00f3lnie w zakr\u0119tach<\/p>\n<p><\/p>\n<p><b> Dystanse przykr\u0119cane do piasty. \u015aruby \/ nakr\u0119tki w zestawie.<\/b><\/p>\n","protected":false},"excerpt":{"rendered":"<p><b>Dystanse IRP Mazda MX 5 I (NA)<\/b><\/p>\n","protected":false},"featured_media":14887,"comment_status":"closed","ping_status":"open","template":"","meta":[],"product_cat":[387,284],"product_tag":[],"class_list":{"0":"post-15550","1":"product","2":"type-product","3":"status-publish","4":"has-post-thumbnail","6":"product_cat-mx5-na-pl","7":"product_cat-mazda-pl","9":"first","10":"instock","11":"taxable","12":"shipping-taxable","13":"purchasable","14":"product-type-simple"},"bundled_by":[],"bundle_stock_status":"instock","bundle_stock_quantity":null,"bundle_virtual":false,"bundle_layout":"","bundle_add_to_cart_form_location":"","bundle_editable_in_cart":false,"bundle_sold_individually_context":"","bundle_item_grouping":"","bundle_min_size":"","bundle_max_size":"","bundle_price":[],"bundled_items":[],"bundle_sell_ids":[],"acf":{"zdjecie_bez_watermarka":null,"zdjecie_bez_watermarka_url":"","product_orgin_url":"https:\/\/inter-rally.pl\/product-eng-125842-Dystanse-IRP-Mazda-MX-5-I-NA-09-89-04-98.html"},"yoast_head":"<!-- This site is optimized with the Yoast SEO plugin v23.9 - https:\/\/yoast.com\/wordpress\/plugins\/seo\/ -->\n<title>DYSTANSE IRP MAZDA MX 5 I (NA) 09.89-04.98 - CYBUL<\/title>\n<meta name=\"robots\" content=\"index, follow, max-snippet:-1, max-image-preview:large, max-video-preview:-1\" \/>\n<link rel=\"canonical\" href=\"https:\/\/cybul.eu\/pl\/sklep\/dystanse-irp-mazda-mx-5-i-na-09-89-04-98-11\/\" \/>\n<meta property=\"og:locale\" content=\"pl_PL\" \/>\n<meta property=\"og:type\" content=\"article\" \/>\n<meta property=\"og:title\" content=\"DYSTANSE IRP MAZDA MX 5 I (NA) 09.89-04.98 - CYBUL\" \/>\n<meta property=\"og:description\" content=\"Dystanse IRP Mazda MX 5 I (NA)\" \/>\n<meta property=\"og:url\" content=\"https:\/\/cybul.eu\/pl\/sklep\/dystanse-irp-mazda-mx-5-i-na-09-89-04-98-11\/\" \/>\n<meta property=\"og:site_name\" content=\"CYBUL\" \/>\n<meta property=\"article:modified_time\" content=\"2024-06-20T15:20:53+00:00\" \/>\n<meta property=\"og:image\" content=\"https:\/\/cybul.eu\/wp-content\/uploads\/2024\/06\/pol_pl_Dystanse-IRP-Mazda-MX-5-I-NA-09-89-04-98-125842_1.jpg\" \/>\n\t<meta property=\"og:image:width\" content=\"900\" \/>\n\t<meta property=\"og:image:height\" content=\"900\" \/>\n\t<meta property=\"og:image:type\" content=\"image\/jpeg\" \/>\n<meta name=\"twitter:card\" content=\"summary_large_image\" \/>\n<script type=\"application\/ld+json\" class=\"yoast-schema-graph\">{\"@context\":\"https:\/\/schema.org\",\"@graph\":[{\"@type\":\"WebPage\",\"@id\":\"https:\/\/cybul.eu\/pl\/sklep\/dystanse-irp-mazda-mx-5-i-na-09-89-04-98-11\/\",\"url\":\"https:\/\/cybul.eu\/pl\/sklep\/dystanse-irp-mazda-mx-5-i-na-09-89-04-98-11\/\",\"name\":\"DYSTANSE IRP MAZDA MX 5 I (NA) 09.89-04.98 - CYBUL\",\"isPartOf\":{\"@id\":\"https:\/\/cybul.eu\/pl\/#website\"},\"primaryImageOfPage\":{\"@id\":\"https:\/\/cybul.eu\/pl\/sklep\/dystanse-irp-mazda-mx-5-i-na-09-89-04-98-11\/#primaryimage\"},\"image\":{\"@id\":\"https:\/\/cybul.eu\/pl\/sklep\/dystanse-irp-mazda-mx-5-i-na-09-89-04-98-11\/#primaryimage\"},\"thumbnailUrl\":\"https:\/\/cybul.eu\/wp-content\/uploads\/2024\/06\/pol_pl_Dystanse-IRP-Mazda-MX-5-I-NA-09-89-04-98-125842_1.jpg\",\"datePublished\":\"2024-06-20T15:20:40+00:00\",\"dateModified\":\"2024-06-20T15:20:53+00:00\",\"breadcrumb\":{\"@id\":\"https:\/\/cybul.eu\/pl\/sklep\/dystanse-irp-mazda-mx-5-i-na-09-89-04-98-11\/#breadcrumb\"},\"inLanguage\":\"pl-PL\",\"potentialAction\":[{\"@type\":\"ReadAction\",\"target\":[\"https:\/\/cybul.eu\/pl\/sklep\/dystanse-irp-mazda-mx-5-i-na-09-89-04-98-11\/\"]}]},{\"@type\":\"ImageObject\",\"inLanguage\":\"pl-PL\",\"@id\":\"https:\/\/cybul.eu\/pl\/sklep\/dystanse-irp-mazda-mx-5-i-na-09-89-04-98-11\/#primaryimage\",\"url\":\"https:\/\/cybul.eu\/wp-content\/uploads\/2024\/06\/pol_pl_Dystanse-IRP-Mazda-MX-5-I-NA-09-89-04-98-125842_1.jpg\",\"contentUrl\":\"https:\/\/cybul.eu\/wp-content\/uploads\/2024\/06\/pol_pl_Dystanse-IRP-Mazda-MX-5-I-NA-09-89-04-98-125842_1.jpg\",\"width\":900,\"height\":900},{\"@type\":\"BreadcrumbList\",\"@id\":\"https:\/\/cybul.eu\/pl\/sklep\/dystanse-irp-mazda-mx-5-i-na-09-89-04-98-11\/#breadcrumb\",\"itemListElement\":[{\"@type\":\"ListItem\",\"position\":1,\"name\":\"Strona g\u0142\u00f3wna\",\"item\":\"https:\/\/cybul.eu\/pl\/\"},{\"@type\":\"ListItem\",\"position\":2,\"name\":\"Sklep\",\"item\":\"https:\/\/cybul.eu\/pl\/sklep\/\"},{\"@type\":\"ListItem\",\"position\":3,\"name\":\"DYSTANSE IRP MAZDA MX 5 I (NA) 09.89-04.98\"}]},{\"@type\":\"WebSite\",\"@id\":\"https:\/\/cybul.eu\/pl\/#website\",\"url\":\"https:\/\/cybul.eu\/pl\/\",\"name\":\"CYBUL\",\"description\":\"\",\"potentialAction\":[{\"@type\":\"SearchAction\",\"target\":{\"@type\":\"EntryPoint\",\"urlTemplate\":\"https:\/\/cybul.eu\/pl\/?s={search_term_string}\"},\"query-input\":{\"@type\":\"PropertyValueSpecification\",\"valueRequired\":true,\"valueName\":\"search_term_string\"}}],\"inLanguage\":\"pl-PL\"}]}<\/script>\n<!-- \/ Yoast SEO plugin. -->","yoast_head_json":{"title":"DYSTANSE IRP MAZDA MX 5 I (NA) 09.89-04.98 - CYBUL","robots":{"index":"index","follow":"follow","max-snippet":"max-snippet:-1","max-image-preview":"max-image-preview:large","max-video-preview":"max-video-preview:-1"},"canonical":"https:\/\/cybul.eu\/pl\/sklep\/dystanse-irp-mazda-mx-5-i-na-09-89-04-98-11\/","og_locale":"pl_PL","og_type":"article","og_title":"DYSTANSE IRP MAZDA MX 5 I (NA) 09.89-04.98 - CYBUL","og_description":"Dystanse IRP Mazda MX 5 I (NA)","og_url":"https:\/\/cybul.eu\/pl\/sklep\/dystanse-irp-mazda-mx-5-i-na-09-89-04-98-11\/","og_site_name":"CYBUL","article_modified_time":"2024-06-20T15:20:53+00:00","og_image":[{"width":900,"height":900,"url":"https:\/\/cybul.eu\/wp-content\/uploads\/2024\/06\/pol_pl_Dystanse-IRP-Mazda-MX-5-I-NA-09-89-04-98-125842_1.jpg","type":"image\/jpeg"}],"twitter_card":"summary_large_image","schema":{"@context":"https:\/\/schema.org","@graph":[{"@type":"WebPage","@id":"https:\/\/cybul.eu\/pl\/sklep\/dystanse-irp-mazda-mx-5-i-na-09-89-04-98-11\/","url":"https:\/\/cybul.eu\/pl\/sklep\/dystanse-irp-mazda-mx-5-i-na-09-89-04-98-11\/","name":"DYSTANSE IRP MAZDA MX 5 I (NA) 09.89-04.98 - CYBUL","isPartOf":{"@id":"https:\/\/cybul.eu\/pl\/#website"},"primaryImageOfPage":{"@id":"https:\/\/cybul.eu\/pl\/sklep\/dystanse-irp-mazda-mx-5-i-na-09-89-04-98-11\/#primaryimage"},"image":{"@id":"https:\/\/cybul.eu\/pl\/sklep\/dystanse-irp-mazda-mx-5-i-na-09-89-04-98-11\/#primaryimage"},"thumbnailUrl":"https:\/\/cybul.eu\/wp-content\/uploads\/2024\/06\/pol_pl_Dystanse-IRP-Mazda-MX-5-I-NA-09-89-04-98-125842_1.jpg","datePublished":"2024-06-20T15:20:40+00:00","dateModified":"2024-06-20T15:20:53+00:00","breadcrumb":{"@id":"https:\/\/cybul.eu\/pl\/sklep\/dystanse-irp-mazda-mx-5-i-na-09-89-04-98-11\/#breadcrumb"},"inLanguage":"pl-PL","potentialAction":[{"@type":"ReadAction","target":["https:\/\/cybul.eu\/pl\/sklep\/dystanse-irp-mazda-mx-5-i-na-09-89-04-98-11\/"]}]},{"@type":"ImageObject","inLanguage":"pl-PL","@id":"https:\/\/cybul.eu\/pl\/sklep\/dystanse-irp-mazda-mx-5-i-na-09-89-04-98-11\/#primaryimage","url":"https:\/\/cybul.eu\/wp-content\/uploads\/2024\/06\/pol_pl_Dystanse-IRP-Mazda-MX-5-I-NA-09-89-04-98-125842_1.jpg","contentUrl":"https:\/\/cybul.eu\/wp-content\/uploads\/2024\/06\/pol_pl_Dystanse-IRP-Mazda-MX-5-I-NA-09-89-04-98-125842_1.jpg","width":900,"height":900},{"@type":"BreadcrumbList","@id":"https:\/\/cybul.eu\/pl\/sklep\/dystanse-irp-mazda-mx-5-i-na-09-89-04-98-11\/#breadcrumb","itemListElement":[{"@type":"ListItem","position":1,"name":"Strona g\u0142\u00f3wna","item":"https:\/\/cybul.eu\/pl\/"},{"@type":"ListItem","position":2,"name":"Sklep","item":"https:\/\/cybul.eu\/pl\/sklep\/"},{"@type":"ListItem","position":3,"name":"DYSTANSE IRP MAZDA MX 5 I (NA) 09.89-04.98"}]},{"@type":"WebSite","@id":"https:\/\/cybul.eu\/pl\/#website","url":"https:\/\/cybul.eu\/pl\/","name":"CYBUL","description":"","potentialAction":[{"@type":"SearchAction","target":{"@type":"EntryPoint","urlTemplate":"https:\/\/cybul.eu\/pl\/?s={search_term_string}"},"query-input":{"@type":"PropertyValueSpecification","valueRequired":true,"valueName":"search_term_string"}}],"inLanguage":"pl-PL"}]}},"_links":{"self":[{"href":"https:\/\/cybul.eu\/pl\/wp-json\/wp\/v2\/product\/15550","targetHints":{"allow":["GET"]}}],"collection":[{"href":"https:\/\/cybul.eu\/pl\/wp-json\/wp\/v2\/product"}],"about":[{"href":"https:\/\/cybul.eu\/pl\/wp-json\/wp\/v2\/types\/product"}],"replies":[{"embeddable":true,"href":"https:\/\/cybul.eu\/pl\/wp-json\/wp\/v2\/comments?post=15550"}],"wp:featuredmedia":[{"embeddable":true,"href":"https:\/\/cybul.eu\/pl\/wp-json\/wp\/v2\/media\/14887"}],"wp:attachment":[{"href":"https:\/\/cybul.eu\/pl\/wp-json\/wp\/v2\/media?parent=15550"}],"wp:term":[{"taxonomy":"product_cat","embeddable":true,"href":"https:\/\/cybul.eu\/pl\/wp-json\/wp\/v2\/product_cat?post=15550"},{"taxonomy":"product_tag","embeddable":true,"href":"https:\/\/cybul.eu\/pl\/wp-json\/wp\/v2\/product_tag?post=15550"}],"curies":[{"name":"wp","href":"https:\/\/api.w.org\/{rel}","templated":true}]}}