{"id":15536,"date":"2024-06-20T17:20:40","date_gmt":"2024-06-20T15:20:40","guid":{"rendered":"https:\/\/cybul.eu\/shop\/carbonowe-panele-na-drzwi-mazda-mx5-na\/"},"modified":"2024-06-20T17:20:42","modified_gmt":"2024-06-20T15:20:42","slug":"carbonowe-panele-na-drzwi-mazda-mx5-na","status":"publish","type":"product","link":"https:\/\/cybul.eu\/pl\/sklep\/carbonowe-panele-na-drzwi-mazda-mx5-na\/","title":{"rendered":"CARBONOWE PANELE NA DRZWI MAZDA MX5 NA"},"content":{"rendered":"<p>Carbonowe panele, s\u0142u\u017c\u0105 do za\u015blepienia otwor\u00f3w technologicznych w nadwoziu, zast\u0119puj\u0105 seryjne tapicerki znacz\u0105co redukuj\u0105c mas\u0119.<\/p>\n<p>Dedykowanie do&nbsp;Mazda MX5 NA<\/p>\n<p>W sk\u0142ad zestawu wchodz\u0105:<br \/>&#8211; 2 panele na prz\u00f3d<\/p>\n<p>Technologia: Infuzja + wypalenie w piecu<\/p>\n<p>BARDZO WYSOKA JAKO\u015a\u0106 PRODUKTU<\/p>\n","protected":false},"excerpt":{"rendered":"<p>Carbonowe panele, s\u0142u\u017c\u0105 do za\u015blepienia otwor\u00f3w technologicznych w nadwoziu, zast\u0119puj\u0105 seryjne tapicerki znacz\u0105co redukuj\u0105c mas\u0119.<\/p>\n<p>Dedykowanie do&nbsp;Mazda MX5 NA<\/p>\n<p>W sk\u0142ad zestawu wchodz\u0105:<br \/>&#8211; 2 panele na prz\u00f3d<\/p>\n<p>Technologia: Infuzja + wypalenie w piecu<\/p>\n<p>BARDZO WYSOKA JAKO\u015a\u0106 PRODUKTU<\/p>\n","protected":false},"featured_media":14837,"comment_status":"closed","ping_status":"open","template":"","meta":[],"product_cat":[387,284],"product_tag":[],"class_list":{"0":"post-15536","1":"product","2":"type-product","3":"status-publish","4":"has-post-thumbnail","6":"product_cat-mx5-na-pl","7":"product_cat-mazda-pl","9":"first","10":"instock","11":"taxable","12":"shipping-taxable","13":"purchasable","14":"product-type-simple"},"bundled_by":[],"bundle_stock_status":"instock","bundle_stock_quantity":null,"bundle_virtual":false,"bundle_layout":"","bundle_add_to_cart_form_location":"","bundle_editable_in_cart":false,"bundle_sold_individually_context":"","bundle_item_grouping":"","bundle_min_size":"","bundle_max_size":"","bundle_price":[],"bundled_items":[],"bundle_sell_ids":[],"acf":{"zdjecie_bez_watermarka":null,"zdjecie_bez_watermarka_url":"","product_orgin_url":"https:\/\/inter-rally.pl\/product-eng-155050-Carbonowe-panele-na-drzwi-Mazda-MX5-NA.html"},"yoast_head":"<!-- This site is optimized with the Yoast SEO plugin v23.9 - https:\/\/yoast.com\/wordpress\/plugins\/seo\/ -->\n<title>CARBONOWE PANELE NA DRZWI MAZDA MX5 NA - CYBUL<\/title>\n<meta name=\"robots\" content=\"index, follow, max-snippet:-1, max-image-preview:large, max-video-preview:-1\" \/>\n<link rel=\"canonical\" href=\"https:\/\/cybul.eu\/pl\/sklep\/carbonowe-panele-na-drzwi-mazda-mx5-na\/\" \/>\n<meta property=\"og:locale\" content=\"pl_PL\" \/>\n<meta property=\"og:type\" content=\"article\" \/>\n<meta property=\"og:title\" content=\"CARBONOWE PANELE NA DRZWI MAZDA MX5 NA - CYBUL\" \/>\n<meta property=\"og:description\" content=\"Carbonowe panele, s\u0142u\u017c\u0105 do za\u015blepienia otwor\u00f3w technologicznych w nadwoziu, zast\u0119puj\u0105 seryjne tapicerki znacz\u0105co redukuj\u0105c mas\u0119.Dedykowanie do&nbsp;Mazda MX5 NAW sk\u0142ad zestawu wchodz\u0105:- 2 panele na prz\u00f3dTechnologia: Infuzja + wypalenie w piecuBARDZO WYSOKA JAKO\u015a\u0106 PRODUKTU\" \/>\n<meta property=\"og:url\" content=\"https:\/\/cybul.eu\/pl\/sklep\/carbonowe-panele-na-drzwi-mazda-mx5-na\/\" \/>\n<meta property=\"og:site_name\" content=\"CYBUL\" \/>\n<meta property=\"article:modified_time\" content=\"2024-06-20T15:20:42+00:00\" \/>\n<meta property=\"og:image\" content=\"https:\/\/cybul.eu\/wp-content\/uploads\/2024\/06\/pol_pl_Carbonowe-panele-na-drzwi-Mazda-MX5-NA-155050_1.jpg\" \/>\n\t<meta property=\"og:image:width\" content=\"900\" \/>\n\t<meta property=\"og:image:height\" content=\"675\" \/>\n\t<meta property=\"og:image:type\" content=\"image\/jpeg\" \/>\n<meta name=\"twitter:card\" content=\"summary_large_image\" \/>\n<script type=\"application\/ld+json\" class=\"yoast-schema-graph\">{\"@context\":\"https:\/\/schema.org\",\"@graph\":[{\"@type\":\"WebPage\",\"@id\":\"https:\/\/cybul.eu\/pl\/sklep\/carbonowe-panele-na-drzwi-mazda-mx5-na\/\",\"url\":\"https:\/\/cybul.eu\/pl\/sklep\/carbonowe-panele-na-drzwi-mazda-mx5-na\/\",\"name\":\"CARBONOWE PANELE NA DRZWI MAZDA MX5 NA - CYBUL\",\"isPartOf\":{\"@id\":\"https:\/\/cybul.eu\/pl\/#website\"},\"primaryImageOfPage\":{\"@id\":\"https:\/\/cybul.eu\/pl\/sklep\/carbonowe-panele-na-drzwi-mazda-mx5-na\/#primaryimage\"},\"image\":{\"@id\":\"https:\/\/cybul.eu\/pl\/sklep\/carbonowe-panele-na-drzwi-mazda-mx5-na\/#primaryimage\"},\"thumbnailUrl\":\"https:\/\/cybul.eu\/wp-content\/uploads\/2024\/06\/pol_pl_Carbonowe-panele-na-drzwi-Mazda-MX5-NA-155050_1.jpg\",\"datePublished\":\"2024-06-20T15:20:40+00:00\",\"dateModified\":\"2024-06-20T15:20:42+00:00\",\"breadcrumb\":{\"@id\":\"https:\/\/cybul.eu\/pl\/sklep\/carbonowe-panele-na-drzwi-mazda-mx5-na\/#breadcrumb\"},\"inLanguage\":\"pl-PL\",\"potentialAction\":[{\"@type\":\"ReadAction\",\"target\":[\"https:\/\/cybul.eu\/pl\/sklep\/carbonowe-panele-na-drzwi-mazda-mx5-na\/\"]}]},{\"@type\":\"ImageObject\",\"inLanguage\":\"pl-PL\",\"@id\":\"https:\/\/cybul.eu\/pl\/sklep\/carbonowe-panele-na-drzwi-mazda-mx5-na\/#primaryimage\",\"url\":\"https:\/\/cybul.eu\/wp-content\/uploads\/2024\/06\/pol_pl_Carbonowe-panele-na-drzwi-Mazda-MX5-NA-155050_1.jpg\",\"contentUrl\":\"https:\/\/cybul.eu\/wp-content\/uploads\/2024\/06\/pol_pl_Carbonowe-panele-na-drzwi-Mazda-MX5-NA-155050_1.jpg\",\"width\":900,\"height\":675},{\"@type\":\"BreadcrumbList\",\"@id\":\"https:\/\/cybul.eu\/pl\/sklep\/carbonowe-panele-na-drzwi-mazda-mx5-na\/#breadcrumb\",\"itemListElement\":[{\"@type\":\"ListItem\",\"position\":1,\"name\":\"Strona g\u0142\u00f3wna\",\"item\":\"https:\/\/cybul.eu\/pl\/\"},{\"@type\":\"ListItem\",\"position\":2,\"name\":\"Sklep\",\"item\":\"https:\/\/cybul.eu\/pl\/sklep\/\"},{\"@type\":\"ListItem\",\"position\":3,\"name\":\"CARBONOWE PANELE NA DRZWI MAZDA MX5 NA\"}]},{\"@type\":\"WebSite\",\"@id\":\"https:\/\/cybul.eu\/pl\/#website\",\"url\":\"https:\/\/cybul.eu\/pl\/\",\"name\":\"CYBUL\",\"description\":\"\",\"potentialAction\":[{\"@type\":\"SearchAction\",\"target\":{\"@type\":\"EntryPoint\",\"urlTemplate\":\"https:\/\/cybul.eu\/pl\/?s={search_term_string}\"},\"query-input\":{\"@type\":\"PropertyValueSpecification\",\"valueRequired\":true,\"valueName\":\"search_term_string\"}}],\"inLanguage\":\"pl-PL\"}]}<\/script>\n<!-- \/ Yoast SEO plugin. -->","yoast_head_json":{"title":"CARBONOWE PANELE NA DRZWI MAZDA MX5 NA - CYBUL","robots":{"index":"index","follow":"follow","max-snippet":"max-snippet:-1","max-image-preview":"max-image-preview:large","max-video-preview":"max-video-preview:-1"},"canonical":"https:\/\/cybul.eu\/pl\/sklep\/carbonowe-panele-na-drzwi-mazda-mx5-na\/","og_locale":"pl_PL","og_type":"article","og_title":"CARBONOWE PANELE NA DRZWI MAZDA MX5 NA - CYBUL","og_description":"Carbonowe panele, s\u0142u\u017c\u0105 do za\u015blepienia otwor\u00f3w technologicznych w nadwoziu, zast\u0119puj\u0105 seryjne tapicerki znacz\u0105co redukuj\u0105c mas\u0119.Dedykowanie do&nbsp;Mazda MX5 NAW sk\u0142ad zestawu wchodz\u0105:- 2 panele na prz\u00f3dTechnologia: Infuzja + wypalenie w piecuBARDZO WYSOKA JAKO\u015a\u0106 PRODUKTU","og_url":"https:\/\/cybul.eu\/pl\/sklep\/carbonowe-panele-na-drzwi-mazda-mx5-na\/","og_site_name":"CYBUL","article_modified_time":"2024-06-20T15:20:42+00:00","og_image":[{"width":900,"height":675,"url":"https:\/\/cybul.eu\/wp-content\/uploads\/2024\/06\/pol_pl_Carbonowe-panele-na-drzwi-Mazda-MX5-NA-155050_1.jpg","type":"image\/jpeg"}],"twitter_card":"summary_large_image","schema":{"@context":"https:\/\/schema.org","@graph":[{"@type":"WebPage","@id":"https:\/\/cybul.eu\/pl\/sklep\/carbonowe-panele-na-drzwi-mazda-mx5-na\/","url":"https:\/\/cybul.eu\/pl\/sklep\/carbonowe-panele-na-drzwi-mazda-mx5-na\/","name":"CARBONOWE PANELE NA DRZWI MAZDA MX5 NA - CYBUL","isPartOf":{"@id":"https:\/\/cybul.eu\/pl\/#website"},"primaryImageOfPage":{"@id":"https:\/\/cybul.eu\/pl\/sklep\/carbonowe-panele-na-drzwi-mazda-mx5-na\/#primaryimage"},"image":{"@id":"https:\/\/cybul.eu\/pl\/sklep\/carbonowe-panele-na-drzwi-mazda-mx5-na\/#primaryimage"},"thumbnailUrl":"https:\/\/cybul.eu\/wp-content\/uploads\/2024\/06\/pol_pl_Carbonowe-panele-na-drzwi-Mazda-MX5-NA-155050_1.jpg","datePublished":"2024-06-20T15:20:40+00:00","dateModified":"2024-06-20T15:20:42+00:00","breadcrumb":{"@id":"https:\/\/cybul.eu\/pl\/sklep\/carbonowe-panele-na-drzwi-mazda-mx5-na\/#breadcrumb"},"inLanguage":"pl-PL","potentialAction":[{"@type":"ReadAction","target":["https:\/\/cybul.eu\/pl\/sklep\/carbonowe-panele-na-drzwi-mazda-mx5-na\/"]}]},{"@type":"ImageObject","inLanguage":"pl-PL","@id":"https:\/\/cybul.eu\/pl\/sklep\/carbonowe-panele-na-drzwi-mazda-mx5-na\/#primaryimage","url":"https:\/\/cybul.eu\/wp-content\/uploads\/2024\/06\/pol_pl_Carbonowe-panele-na-drzwi-Mazda-MX5-NA-155050_1.jpg","contentUrl":"https:\/\/cybul.eu\/wp-content\/uploads\/2024\/06\/pol_pl_Carbonowe-panele-na-drzwi-Mazda-MX5-NA-155050_1.jpg","width":900,"height":675},{"@type":"BreadcrumbList","@id":"https:\/\/cybul.eu\/pl\/sklep\/carbonowe-panele-na-drzwi-mazda-mx5-na\/#breadcrumb","itemListElement":[{"@type":"ListItem","position":1,"name":"Strona g\u0142\u00f3wna","item":"https:\/\/cybul.eu\/pl\/"},{"@type":"ListItem","position":2,"name":"Sklep","item":"https:\/\/cybul.eu\/pl\/sklep\/"},{"@type":"ListItem","position":3,"name":"CARBONOWE PANELE NA DRZWI MAZDA MX5 NA"}]},{"@type":"WebSite","@id":"https:\/\/cybul.eu\/pl\/#website","url":"https:\/\/cybul.eu\/pl\/","name":"CYBUL","description":"","potentialAction":[{"@type":"SearchAction","target":{"@type":"EntryPoint","urlTemplate":"https:\/\/cybul.eu\/pl\/?s={search_term_string}"},"query-input":{"@type":"PropertyValueSpecification","valueRequired":true,"valueName":"search_term_string"}}],"inLanguage":"pl-PL"}]}},"_links":{"self":[{"href":"https:\/\/cybul.eu\/pl\/wp-json\/wp\/v2\/product\/15536","targetHints":{"allow":["GET"]}}],"collection":[{"href":"https:\/\/cybul.eu\/pl\/wp-json\/wp\/v2\/product"}],"about":[{"href":"https:\/\/cybul.eu\/pl\/wp-json\/wp\/v2\/types\/product"}],"replies":[{"embeddable":true,"href":"https:\/\/cybul.eu\/pl\/wp-json\/wp\/v2\/comments?post=15536"}],"wp:featuredmedia":[{"embeddable":true,"href":"https:\/\/cybul.eu\/pl\/wp-json\/wp\/v2\/media\/14837"}],"wp:attachment":[{"href":"https:\/\/cybul.eu\/pl\/wp-json\/wp\/v2\/media?parent=15536"}],"wp:term":[{"taxonomy":"product_cat","embeddable":true,"href":"https:\/\/cybul.eu\/pl\/wp-json\/wp\/v2\/product_cat?post=15536"},{"taxonomy":"product_tag","embeddable":true,"href":"https:\/\/cybul.eu\/pl\/wp-json\/wp\/v2\/product_tag?post=15536"}],"curies":[{"name":"wp","href":"https:\/\/api.w.org\/{rel}","templated":true}]}}