{"id":14784,"date":"2024-06-11T22:45:49","date_gmt":"2024-06-11T20:45:49","guid":{"rendered":"https:\/\/cybul.eu\/shop\/pasek-do-kolnierza-hans\/"},"modified":"2024-06-11T22:45:51","modified_gmt":"2024-06-11T20:45:51","slug":"pasek-do-kolnierza-hans","status":"publish","type":"product","link":"https:\/\/cybul.eu\/pl\/sklep\/pasek-do-kolnierza-hans\/","title":{"rendered":"PASEK DO KO\u0141NIERZA HANS"},"content":{"rendered":"<p><strong>Pasek do ko\u0142nierza HANS<\/strong><\/p>\n<p>Homologacja <strong>FIA 8858-2010<\/strong><\/p>\n<p>Pozwala na wi\u0119ksz\u0105 swobod\u0119 ruchu w warunkach wy\u015bcigowych, zachowuj\u0105c bezpiecze\u0144stwo i wydajno\u015b\u0107 systemu HANS\u00ae.<br \/>Mo\u017ce by\u0107 u\u017cywany do dowolnego urz\u0105dzenia HANS\u00ae<\/p>\n<p>Ka\u017cdy ko\u0142nierz HANS<span>\u00ae<\/span> standardowo wyposa\u017cony jest w pasek d\u0142ugo\u015bci 18&#8243;. <\/p>\n<p>W zestawie uchwyty, pasek, \u015bruby i z\u0142\u0105cza do klips\u00f3w.<\/p>\n<p><strong>Dost\u0119pne w trzech d\u0142ugo\u015bciach:<\/strong><br \/>&#8211; 17&#8243; (432 mm)<br \/>&#8211; 18&#8243; (457 mm) &#8211; standardowa d\u0142ugo\u015b\u0107<br \/>&#8211; 19&#8243; (483 mm)<\/p>\n","protected":false},"excerpt":{"rendered":"<p><strong>Pasek do ko\u0142nierza HANS<\/strong><\/p>\n<p>Homologacja <strong>FIA 8858-2010<\/strong><\/p>\n<p>Pozwala na wi\u0119ksz\u0105 swobod\u0119 ruchu w warunkach wy\u015bcigowych, zachowuj\u0105c bezpiecze\u0144stwo i wydajno\u015b\u0107 systemu HANS\u00ae.<br \/>Mo\u017ce by\u0107 u\u017cywany do dowolnego urz\u0105dzenia HANS\u00ae<\/p>\n<p>Ka\u017cdy ko\u0142nierz HANS<span>\u00ae<\/span> standardowo wyposa\u017cony jest w pasek d\u0142ugo\u015bci 18&#8243;. <\/p>\n<p>W zestawie uchwyty, pasek, \u015bruby i z\u0142\u0105cza do klips\u00f3w.<\/p>\n<p><strong>Dost\u0119pne w trzech d\u0142ugo\u015bciach:<\/strong><br \/>&#8211; 17&#8243; (432 mm)<br \/>&#8211; 18&#8243; (457 mm) &#8211; standardowa d\u0142ugo\u015b\u0107<br \/>&#8211; 19&#8243; (483 mm)<\/p>\n","protected":false},"featured_media":14766,"comment_status":"closed","ping_status":"open","template":"","meta":[],"product_cat":[588,582],"product_tag":[],"class_list":{"0":"post-14784","1":"product","2":"type-product","3":"status-publish","4":"has-post-thumbnail","6":"product_cat-kolnierze-akcesoria","7":"product_cat-kolnierze-hans","9":"first","10":"instock","11":"taxable","12":"shipping-taxable","13":"purchasable","14":"product-type-simple"},"bundled_by":[],"bundle_stock_status":"instock","bundle_stock_quantity":null,"bundle_virtual":false,"bundle_layout":"","bundle_add_to_cart_form_location":"","bundle_editable_in_cart":false,"bundle_sold_individually_context":"","bundle_item_grouping":"","bundle_min_size":"","bundle_max_size":"","bundle_price":[],"bundled_items":[],"bundle_sell_ids":[],"acf":{"zdjecie_bez_watermarka":null,"zdjecie_bez_watermarka_url":"","product_orgin_url":"https:\/\/inter-rally.pl\/product-eng-57162-Pasek-do-kolnierza-HANS.html"},"yoast_head":"<!-- This site is optimized with the Yoast SEO plugin v23.9 - https:\/\/yoast.com\/wordpress\/plugins\/seo\/ -->\n<title>PASEK DO KO\u0141NIERZA HANS - CYBUL<\/title>\n<meta name=\"robots\" content=\"index, follow, max-snippet:-1, max-image-preview:large, max-video-preview:-1\" \/>\n<link rel=\"canonical\" href=\"https:\/\/cybul.eu\/pl\/sklep\/pasek-do-kolnierza-hans\/\" \/>\n<meta property=\"og:locale\" content=\"pl_PL\" \/>\n<meta property=\"og:type\" content=\"article\" \/>\n<meta property=\"og:title\" content=\"PASEK DO KO\u0141NIERZA HANS - CYBUL\" \/>\n<meta property=\"og:description\" content=\"Pasek do ko\u0142nierza HANSHomologacja FIA 8858-2010Pozwala na wi\u0119ksz\u0105 swobod\u0119 ruchu w warunkach wy\u015bcigowych, zachowuj\u0105c bezpiecze\u0144stwo i wydajno\u015b\u0107 systemu HANS\u00ae.Mo\u017ce by\u0107 u\u017cywany do dowolnego urz\u0105dzenia HANS\u00aeKa\u017cdy ko\u0142nierz HANS\u00ae standardowo wyposa\u017cony jest w pasek d\u0142ugo\u015bci 18&quot;. W zestawie uchwyty, pasek, \u015bruby i z\u0142\u0105cza do klips\u00f3w.Dost\u0119pne w trzech d\u0142ugo\u015bciach:- 17&quot; (432 mm)- 18&quot; (457 mm) - standardowa d\u0142ugo\u015b\u0107- 19&quot; (483 mm)\" \/>\n<meta property=\"og:url\" content=\"https:\/\/cybul.eu\/pl\/sklep\/pasek-do-kolnierza-hans\/\" \/>\n<meta property=\"og:site_name\" content=\"CYBUL\" \/>\n<meta property=\"article:modified_time\" content=\"2024-06-11T20:45:51+00:00\" \/>\n<meta property=\"og:image\" content=\"https:\/\/cybul.eu\/wp-content\/uploads\/2024\/06\/pol_pl_Pasek-do-kolnierza-HANS-57162_1.jpg\" \/>\n\t<meta property=\"og:image:width\" content=\"900\" \/>\n\t<meta property=\"og:image:height\" content=\"900\" \/>\n\t<meta property=\"og:image:type\" content=\"image\/jpeg\" \/>\n<meta name=\"twitter:card\" content=\"summary_large_image\" \/>\n<script type=\"application\/ld+json\" class=\"yoast-schema-graph\">{\"@context\":\"https:\/\/schema.org\",\"@graph\":[{\"@type\":\"WebPage\",\"@id\":\"https:\/\/cybul.eu\/pl\/sklep\/pasek-do-kolnierza-hans\/\",\"url\":\"https:\/\/cybul.eu\/pl\/sklep\/pasek-do-kolnierza-hans\/\",\"name\":\"PASEK DO KO\u0141NIERZA HANS - CYBUL\",\"isPartOf\":{\"@id\":\"https:\/\/cybul.eu\/pl\/#website\"},\"primaryImageOfPage\":{\"@id\":\"https:\/\/cybul.eu\/pl\/sklep\/pasek-do-kolnierza-hans\/#primaryimage\"},\"image\":{\"@id\":\"https:\/\/cybul.eu\/pl\/sklep\/pasek-do-kolnierza-hans\/#primaryimage\"},\"thumbnailUrl\":\"https:\/\/cybul.eu\/wp-content\/uploads\/2024\/06\/pol_pl_Pasek-do-kolnierza-HANS-57162_1.jpg\",\"datePublished\":\"2024-06-11T20:45:49+00:00\",\"dateModified\":\"2024-06-11T20:45:51+00:00\",\"breadcrumb\":{\"@id\":\"https:\/\/cybul.eu\/pl\/sklep\/pasek-do-kolnierza-hans\/#breadcrumb\"},\"inLanguage\":\"pl-PL\",\"potentialAction\":[{\"@type\":\"ReadAction\",\"target\":[\"https:\/\/cybul.eu\/pl\/sklep\/pasek-do-kolnierza-hans\/\"]}]},{\"@type\":\"ImageObject\",\"inLanguage\":\"pl-PL\",\"@id\":\"https:\/\/cybul.eu\/pl\/sklep\/pasek-do-kolnierza-hans\/#primaryimage\",\"url\":\"https:\/\/cybul.eu\/wp-content\/uploads\/2024\/06\/pol_pl_Pasek-do-kolnierza-HANS-57162_1.jpg\",\"contentUrl\":\"https:\/\/cybul.eu\/wp-content\/uploads\/2024\/06\/pol_pl_Pasek-do-kolnierza-HANS-57162_1.jpg\",\"width\":900,\"height\":900},{\"@type\":\"BreadcrumbList\",\"@id\":\"https:\/\/cybul.eu\/pl\/sklep\/pasek-do-kolnierza-hans\/#breadcrumb\",\"itemListElement\":[{\"@type\":\"ListItem\",\"position\":1,\"name\":\"Strona g\u0142\u00f3wna\",\"item\":\"https:\/\/cybul.eu\/pl\/\"},{\"@type\":\"ListItem\",\"position\":2,\"name\":\"Sklep\",\"item\":\"https:\/\/cybul.eu\/pl\/sklep\/\"},{\"@type\":\"ListItem\",\"position\":3,\"name\":\"PASEK DO KO\u0141NIERZA HANS\"}]},{\"@type\":\"WebSite\",\"@id\":\"https:\/\/cybul.eu\/pl\/#website\",\"url\":\"https:\/\/cybul.eu\/pl\/\",\"name\":\"CYBUL\",\"description\":\"\",\"potentialAction\":[{\"@type\":\"SearchAction\",\"target\":{\"@type\":\"EntryPoint\",\"urlTemplate\":\"https:\/\/cybul.eu\/pl\/?s={search_term_string}\"},\"query-input\":{\"@type\":\"PropertyValueSpecification\",\"valueRequired\":true,\"valueName\":\"search_term_string\"}}],\"inLanguage\":\"pl-PL\"}]}<\/script>\n<!-- \/ Yoast SEO plugin. -->","yoast_head_json":{"title":"PASEK DO KO\u0141NIERZA HANS - CYBUL","robots":{"index":"index","follow":"follow","max-snippet":"max-snippet:-1","max-image-preview":"max-image-preview:large","max-video-preview":"max-video-preview:-1"},"canonical":"https:\/\/cybul.eu\/pl\/sklep\/pasek-do-kolnierza-hans\/","og_locale":"pl_PL","og_type":"article","og_title":"PASEK DO KO\u0141NIERZA HANS - CYBUL","og_description":"Pasek do ko\u0142nierza HANSHomologacja FIA 8858-2010Pozwala na wi\u0119ksz\u0105 swobod\u0119 ruchu w warunkach wy\u015bcigowych, zachowuj\u0105c bezpiecze\u0144stwo i wydajno\u015b\u0107 systemu HANS\u00ae.Mo\u017ce by\u0107 u\u017cywany do dowolnego urz\u0105dzenia HANS\u00aeKa\u017cdy ko\u0142nierz HANS\u00ae standardowo wyposa\u017cony jest w pasek d\u0142ugo\u015bci 18\". W zestawie uchwyty, pasek, \u015bruby i z\u0142\u0105cza do klips\u00f3w.Dost\u0119pne w trzech d\u0142ugo\u015bciach:- 17\" (432 mm)- 18\" (457 mm) - standardowa d\u0142ugo\u015b\u0107- 19\" (483 mm)","og_url":"https:\/\/cybul.eu\/pl\/sklep\/pasek-do-kolnierza-hans\/","og_site_name":"CYBUL","article_modified_time":"2024-06-11T20:45:51+00:00","og_image":[{"width":900,"height":900,"url":"https:\/\/cybul.eu\/wp-content\/uploads\/2024\/06\/pol_pl_Pasek-do-kolnierza-HANS-57162_1.jpg","type":"image\/jpeg"}],"twitter_card":"summary_large_image","schema":{"@context":"https:\/\/schema.org","@graph":[{"@type":"WebPage","@id":"https:\/\/cybul.eu\/pl\/sklep\/pasek-do-kolnierza-hans\/","url":"https:\/\/cybul.eu\/pl\/sklep\/pasek-do-kolnierza-hans\/","name":"PASEK DO KO\u0141NIERZA HANS - CYBUL","isPartOf":{"@id":"https:\/\/cybul.eu\/pl\/#website"},"primaryImageOfPage":{"@id":"https:\/\/cybul.eu\/pl\/sklep\/pasek-do-kolnierza-hans\/#primaryimage"},"image":{"@id":"https:\/\/cybul.eu\/pl\/sklep\/pasek-do-kolnierza-hans\/#primaryimage"},"thumbnailUrl":"https:\/\/cybul.eu\/wp-content\/uploads\/2024\/06\/pol_pl_Pasek-do-kolnierza-HANS-57162_1.jpg","datePublished":"2024-06-11T20:45:49+00:00","dateModified":"2024-06-11T20:45:51+00:00","breadcrumb":{"@id":"https:\/\/cybul.eu\/pl\/sklep\/pasek-do-kolnierza-hans\/#breadcrumb"},"inLanguage":"pl-PL","potentialAction":[{"@type":"ReadAction","target":["https:\/\/cybul.eu\/pl\/sklep\/pasek-do-kolnierza-hans\/"]}]},{"@type":"ImageObject","inLanguage":"pl-PL","@id":"https:\/\/cybul.eu\/pl\/sklep\/pasek-do-kolnierza-hans\/#primaryimage","url":"https:\/\/cybul.eu\/wp-content\/uploads\/2024\/06\/pol_pl_Pasek-do-kolnierza-HANS-57162_1.jpg","contentUrl":"https:\/\/cybul.eu\/wp-content\/uploads\/2024\/06\/pol_pl_Pasek-do-kolnierza-HANS-57162_1.jpg","width":900,"height":900},{"@type":"BreadcrumbList","@id":"https:\/\/cybul.eu\/pl\/sklep\/pasek-do-kolnierza-hans\/#breadcrumb","itemListElement":[{"@type":"ListItem","position":1,"name":"Strona g\u0142\u00f3wna","item":"https:\/\/cybul.eu\/pl\/"},{"@type":"ListItem","position":2,"name":"Sklep","item":"https:\/\/cybul.eu\/pl\/sklep\/"},{"@type":"ListItem","position":3,"name":"PASEK DO KO\u0141NIERZA HANS"}]},{"@type":"WebSite","@id":"https:\/\/cybul.eu\/pl\/#website","url":"https:\/\/cybul.eu\/pl\/","name":"CYBUL","description":"","potentialAction":[{"@type":"SearchAction","target":{"@type":"EntryPoint","urlTemplate":"https:\/\/cybul.eu\/pl\/?s={search_term_string}"},"query-input":{"@type":"PropertyValueSpecification","valueRequired":true,"valueName":"search_term_string"}}],"inLanguage":"pl-PL"}]}},"_links":{"self":[{"href":"https:\/\/cybul.eu\/pl\/wp-json\/wp\/v2\/product\/14784","targetHints":{"allow":["GET"]}}],"collection":[{"href":"https:\/\/cybul.eu\/pl\/wp-json\/wp\/v2\/product"}],"about":[{"href":"https:\/\/cybul.eu\/pl\/wp-json\/wp\/v2\/types\/product"}],"replies":[{"embeddable":true,"href":"https:\/\/cybul.eu\/pl\/wp-json\/wp\/v2\/comments?post=14784"}],"wp:featuredmedia":[{"embeddable":true,"href":"https:\/\/cybul.eu\/pl\/wp-json\/wp\/v2\/media\/14766"}],"wp:attachment":[{"href":"https:\/\/cybul.eu\/pl\/wp-json\/wp\/v2\/media?parent=14784"}],"wp:term":[{"taxonomy":"product_cat","embeddable":true,"href":"https:\/\/cybul.eu\/pl\/wp-json\/wp\/v2\/product_cat?post=14784"},{"taxonomy":"product_tag","embeddable":true,"href":"https:\/\/cybul.eu\/pl\/wp-json\/wp\/v2\/product_tag?post=14784"}],"curies":[{"name":"wp","href":"https:\/\/api.w.org\/{rel}","templated":true}]}}