{"id":14612,"date":"2024-06-11T22:27:50","date_gmt":"2024-06-11T20:27:50","guid":{"rendered":"https:\/\/cybul.eu\/shop\/kolnierz-hans-stand21-club-20\/"},"modified":"2024-06-11T22:27:50","modified_gmt":"2024-06-11T20:27:50","slug":"kolnierz-hans-stand21-club-20","status":"publish","type":"product","link":"https:\/\/cybul.eu\/pl\/sklep\/kolnierz-hans-stand21-club-20\/","title":{"rendered":"KO\u0141NIERZ HANS STAND21 CLUB 20\u00b0"},"content":{"rendered":"<p><strong>Ko\u0142nierz HANS Stand21 Club 20\u00b0<\/p>\n<p><\/strong>Ko\u0142nierz HANS Stand21 Club to idealne rozwi\u0105zanie dla pocz\u0105tkuj\u0105cych, kt\u00f3rzy poszukuj\u0105 taniego i solidnego ko\u0142nierza HANS. Zosta\u0142 wykonany z termoplastiku o strukturze plastra miodu, dzi\u0119ki czemu jest bardzo wytrzyma\u0142y i zapewnia maksymalne bezpiecze\u0144stwo.<\/p>\n<p>&#8211; Homologacja <strong>FIA&nbsp;8858-2010<\/strong><\/p>\n<p>&#8211; Dost\u0119pny w dw\u00f3ch rozmiarach:<\/p>\n<p>&nbsp;&nbsp;<strong>M &#8211; szeroko\u015b\u0107 ko\u0142nierza od 38 do 45,5 cm<\/strong><\/p>\n<p><strong>&nbsp; L &#8211; szeroko\u015b\u0107 ko\u0142nierza od 45,5 cm<\/strong><\/p>\n<p>Waga ko\u0142nierza: ok. <strong>960g<\/strong>.<\/p>\n","protected":false},"excerpt":{"rendered":"<p><strong>Ko\u0142nierz HANS Stand21 Club 20\u00b0<\/p>\n<p><\/strong>Ko\u0142nierz HANS Stand21 Club to idealne rozwi\u0105zanie dla pocz\u0105tkuj\u0105cych, kt\u00f3rzy poszukuj\u0105 taniego i solidnego ko\u0142nierza HANS. Zosta\u0142 wykonany z termoplastiku o strukturze plastra miodu, dzi\u0119ki czemu jest bardzo wytrzyma\u0142y i zapewnia maksymalne bezpiecze\u0144stwo.<\/p>\n<p>&#8211; Homologacja <strong>FIA&nbsp;8858-2010<\/strong><\/p>\n","protected":false},"featured_media":14510,"comment_status":"closed","ping_status":"open","template":"","meta":[],"product_cat":[584,582],"product_tag":[],"class_list":{"0":"post-14612","1":"product","2":"type-product","3":"status-publish","4":"has-post-thumbnail","6":"product_cat-kolnierze-hans-pl","7":"product_cat-kolnierze-hans","9":"first","10":"instock","11":"taxable","12":"shipping-taxable","13":"purchasable","14":"product-type-simple"},"bundled_by":[],"bundle_stock_status":"instock","bundle_stock_quantity":null,"bundle_virtual":false,"bundle_layout":"","bundle_add_to_cart_form_location":"","bundle_editable_in_cart":false,"bundle_sold_individually_context":"","bundle_item_grouping":"","bundle_min_size":"","bundle_max_size":"","bundle_price":[],"bundled_items":[],"bundle_sell_ids":[],"acf":{"zdjecie_bez_watermarka":null,"zdjecie_bez_watermarka_url":"","product_orgin_url":"https:\/\/inter-rally.pl\/product-eng-1095-Kolnierz-HANS-Stand21-Club-20.html"},"yoast_head":"<!-- This site is optimized with the Yoast SEO plugin v23.9 - https:\/\/yoast.com\/wordpress\/plugins\/seo\/ -->\n<title>KO\u0141NIERZ HANS STAND21 CLUB 20\u00b0 - CYBUL<\/title>\n<meta name=\"robots\" content=\"index, follow, max-snippet:-1, max-image-preview:large, max-video-preview:-1\" \/>\n<link rel=\"canonical\" href=\"https:\/\/cybul.eu\/pl\/sklep\/kolnierz-hans-stand21-club-20\/\" \/>\n<meta property=\"og:locale\" content=\"pl_PL\" \/>\n<meta property=\"og:type\" content=\"article\" \/>\n<meta property=\"og:title\" content=\"KO\u0141NIERZ HANS STAND21 CLUB 20\u00b0 - CYBUL\" \/>\n<meta property=\"og:description\" content=\"Ko\u0142nierz HANS Stand21 Club 20\u00b0Ko\u0142nierz HANS Stand21 Club to idealne rozwi\u0105zanie dla pocz\u0105tkuj\u0105cych, kt\u00f3rzy poszukuj\u0105 taniego i solidnego ko\u0142nierza HANS. Zosta\u0142 wykonany z termoplastiku o strukturze plastra miodu, dzi\u0119ki czemu jest bardzo wytrzyma\u0142y i zapewnia maksymalne bezpiecze\u0144stwo.- Homologacja FIA&nbsp;8858-2010\" \/>\n<meta property=\"og:url\" content=\"https:\/\/cybul.eu\/pl\/sklep\/kolnierz-hans-stand21-club-20\/\" \/>\n<meta property=\"og:site_name\" content=\"CYBUL\" \/>\n<meta property=\"og:image\" content=\"https:\/\/cybul.eu\/wp-content\/uploads\/2024\/06\/pol_pl_Kolnierz-HANS-Stand21-Club-20-1095_2.jpg\" \/>\n\t<meta property=\"og:image:width\" content=\"858\" \/>\n\t<meta property=\"og:image:height\" content=\"845\" \/>\n\t<meta property=\"og:image:type\" content=\"image\/jpeg\" \/>\n<meta name=\"twitter:card\" content=\"summary_large_image\" \/>\n<script type=\"application\/ld+json\" class=\"yoast-schema-graph\">{\"@context\":\"https:\/\/schema.org\",\"@graph\":[{\"@type\":\"WebPage\",\"@id\":\"https:\/\/cybul.eu\/pl\/sklep\/kolnierz-hans-stand21-club-20\/\",\"url\":\"https:\/\/cybul.eu\/pl\/sklep\/kolnierz-hans-stand21-club-20\/\",\"name\":\"KO\u0141NIERZ HANS STAND21 CLUB 20\u00b0 - CYBUL\",\"isPartOf\":{\"@id\":\"https:\/\/cybul.eu\/pl\/#website\"},\"primaryImageOfPage\":{\"@id\":\"https:\/\/cybul.eu\/pl\/sklep\/kolnierz-hans-stand21-club-20\/#primaryimage\"},\"image\":{\"@id\":\"https:\/\/cybul.eu\/pl\/sklep\/kolnierz-hans-stand21-club-20\/#primaryimage\"},\"thumbnailUrl\":\"https:\/\/cybul.eu\/wp-content\/uploads\/2024\/06\/pol_pl_Kolnierz-HANS-Stand21-Club-20-1095_2.jpg\",\"datePublished\":\"2024-06-11T20:27:50+00:00\",\"dateModified\":\"2024-06-11T20:27:50+00:00\",\"breadcrumb\":{\"@id\":\"https:\/\/cybul.eu\/pl\/sklep\/kolnierz-hans-stand21-club-20\/#breadcrumb\"},\"inLanguage\":\"pl-PL\",\"potentialAction\":[{\"@type\":\"ReadAction\",\"target\":[\"https:\/\/cybul.eu\/pl\/sklep\/kolnierz-hans-stand21-club-20\/\"]}]},{\"@type\":\"ImageObject\",\"inLanguage\":\"pl-PL\",\"@id\":\"https:\/\/cybul.eu\/pl\/sklep\/kolnierz-hans-stand21-club-20\/#primaryimage\",\"url\":\"https:\/\/cybul.eu\/wp-content\/uploads\/2024\/06\/pol_pl_Kolnierz-HANS-Stand21-Club-20-1095_2.jpg\",\"contentUrl\":\"https:\/\/cybul.eu\/wp-content\/uploads\/2024\/06\/pol_pl_Kolnierz-HANS-Stand21-Club-20-1095_2.jpg\",\"width\":858,\"height\":845},{\"@type\":\"BreadcrumbList\",\"@id\":\"https:\/\/cybul.eu\/pl\/sklep\/kolnierz-hans-stand21-club-20\/#breadcrumb\",\"itemListElement\":[{\"@type\":\"ListItem\",\"position\":1,\"name\":\"Strona g\u0142\u00f3wna\",\"item\":\"https:\/\/cybul.eu\/pl\/\"},{\"@type\":\"ListItem\",\"position\":2,\"name\":\"Sklep\",\"item\":\"https:\/\/cybul.eu\/pl\/sklep\/\"},{\"@type\":\"ListItem\",\"position\":3,\"name\":\"KO\u0141NIERZ HANS STAND21 CLUB 20\u00b0\"}]},{\"@type\":\"WebSite\",\"@id\":\"https:\/\/cybul.eu\/pl\/#website\",\"url\":\"https:\/\/cybul.eu\/pl\/\",\"name\":\"CYBUL\",\"description\":\"\",\"potentialAction\":[{\"@type\":\"SearchAction\",\"target\":{\"@type\":\"EntryPoint\",\"urlTemplate\":\"https:\/\/cybul.eu\/pl\/?s={search_term_string}\"},\"query-input\":{\"@type\":\"PropertyValueSpecification\",\"valueRequired\":true,\"valueName\":\"search_term_string\"}}],\"inLanguage\":\"pl-PL\"}]}<\/script>\n<!-- \/ Yoast SEO plugin. -->","yoast_head_json":{"title":"KO\u0141NIERZ HANS STAND21 CLUB 20\u00b0 - CYBUL","robots":{"index":"index","follow":"follow","max-snippet":"max-snippet:-1","max-image-preview":"max-image-preview:large","max-video-preview":"max-video-preview:-1"},"canonical":"https:\/\/cybul.eu\/pl\/sklep\/kolnierz-hans-stand21-club-20\/","og_locale":"pl_PL","og_type":"article","og_title":"KO\u0141NIERZ HANS STAND21 CLUB 20\u00b0 - CYBUL","og_description":"Ko\u0142nierz HANS Stand21 Club 20\u00b0Ko\u0142nierz HANS Stand21 Club to idealne rozwi\u0105zanie dla pocz\u0105tkuj\u0105cych, kt\u00f3rzy poszukuj\u0105 taniego i solidnego ko\u0142nierza HANS. Zosta\u0142 wykonany z termoplastiku o strukturze plastra miodu, dzi\u0119ki czemu jest bardzo wytrzyma\u0142y i zapewnia maksymalne bezpiecze\u0144stwo.- Homologacja FIA&nbsp;8858-2010","og_url":"https:\/\/cybul.eu\/pl\/sklep\/kolnierz-hans-stand21-club-20\/","og_site_name":"CYBUL","og_image":[{"width":858,"height":845,"url":"https:\/\/cybul.eu\/wp-content\/uploads\/2024\/06\/pol_pl_Kolnierz-HANS-Stand21-Club-20-1095_2.jpg","type":"image\/jpeg"}],"twitter_card":"summary_large_image","schema":{"@context":"https:\/\/schema.org","@graph":[{"@type":"WebPage","@id":"https:\/\/cybul.eu\/pl\/sklep\/kolnierz-hans-stand21-club-20\/","url":"https:\/\/cybul.eu\/pl\/sklep\/kolnierz-hans-stand21-club-20\/","name":"KO\u0141NIERZ HANS STAND21 CLUB 20\u00b0 - CYBUL","isPartOf":{"@id":"https:\/\/cybul.eu\/pl\/#website"},"primaryImageOfPage":{"@id":"https:\/\/cybul.eu\/pl\/sklep\/kolnierz-hans-stand21-club-20\/#primaryimage"},"image":{"@id":"https:\/\/cybul.eu\/pl\/sklep\/kolnierz-hans-stand21-club-20\/#primaryimage"},"thumbnailUrl":"https:\/\/cybul.eu\/wp-content\/uploads\/2024\/06\/pol_pl_Kolnierz-HANS-Stand21-Club-20-1095_2.jpg","datePublished":"2024-06-11T20:27:50+00:00","dateModified":"2024-06-11T20:27:50+00:00","breadcrumb":{"@id":"https:\/\/cybul.eu\/pl\/sklep\/kolnierz-hans-stand21-club-20\/#breadcrumb"},"inLanguage":"pl-PL","potentialAction":[{"@type":"ReadAction","target":["https:\/\/cybul.eu\/pl\/sklep\/kolnierz-hans-stand21-club-20\/"]}]},{"@type":"ImageObject","inLanguage":"pl-PL","@id":"https:\/\/cybul.eu\/pl\/sklep\/kolnierz-hans-stand21-club-20\/#primaryimage","url":"https:\/\/cybul.eu\/wp-content\/uploads\/2024\/06\/pol_pl_Kolnierz-HANS-Stand21-Club-20-1095_2.jpg","contentUrl":"https:\/\/cybul.eu\/wp-content\/uploads\/2024\/06\/pol_pl_Kolnierz-HANS-Stand21-Club-20-1095_2.jpg","width":858,"height":845},{"@type":"BreadcrumbList","@id":"https:\/\/cybul.eu\/pl\/sklep\/kolnierz-hans-stand21-club-20\/#breadcrumb","itemListElement":[{"@type":"ListItem","position":1,"name":"Strona g\u0142\u00f3wna","item":"https:\/\/cybul.eu\/pl\/"},{"@type":"ListItem","position":2,"name":"Sklep","item":"https:\/\/cybul.eu\/pl\/sklep\/"},{"@type":"ListItem","position":3,"name":"KO\u0141NIERZ HANS STAND21 CLUB 20\u00b0"}]},{"@type":"WebSite","@id":"https:\/\/cybul.eu\/pl\/#website","url":"https:\/\/cybul.eu\/pl\/","name":"CYBUL","description":"","potentialAction":[{"@type":"SearchAction","target":{"@type":"EntryPoint","urlTemplate":"https:\/\/cybul.eu\/pl\/?s={search_term_string}"},"query-input":{"@type":"PropertyValueSpecification","valueRequired":true,"valueName":"search_term_string"}}],"inLanguage":"pl-PL"}]}},"_links":{"self":[{"href":"https:\/\/cybul.eu\/pl\/wp-json\/wp\/v2\/product\/14612","targetHints":{"allow":["GET"]}}],"collection":[{"href":"https:\/\/cybul.eu\/pl\/wp-json\/wp\/v2\/product"}],"about":[{"href":"https:\/\/cybul.eu\/pl\/wp-json\/wp\/v2\/types\/product"}],"replies":[{"embeddable":true,"href":"https:\/\/cybul.eu\/pl\/wp-json\/wp\/v2\/comments?post=14612"}],"wp:featuredmedia":[{"embeddable":true,"href":"https:\/\/cybul.eu\/pl\/wp-json\/wp\/v2\/media\/14510"}],"wp:attachment":[{"href":"https:\/\/cybul.eu\/pl\/wp-json\/wp\/v2\/media?parent=14612"}],"wp:term":[{"taxonomy":"product_cat","embeddable":true,"href":"https:\/\/cybul.eu\/pl\/wp-json\/wp\/v2\/product_cat?post=14612"},{"taxonomy":"product_tag","embeddable":true,"href":"https:\/\/cybul.eu\/pl\/wp-json\/wp\/v2\/product_tag?post=14612"}],"curies":[{"name":"wp","href":"https:\/\/api.w.org\/{rel}","templated":true}]}}