{"id":14500,"date":"2024-06-11T22:12:59","date_gmt":"2024-06-11T20:12:59","guid":{"rendered":"https:\/\/cybul.eu\/shop\/bokserki-meskie-wyscigowe-sparco\/"},"modified":"2024-06-11T22:13:02","modified_gmt":"2024-06-11T20:13:02","slug":"bokserki-meskie-wyscigowe-sparco","status":"publish","type":"product","link":"https:\/\/cybul.eu\/pl\/sklep\/bokserki-meskie-wyscigowe-sparco\/","title":{"rendered":"BOKSERKI M\u0118SKIE WY\u015aCIGOWE SPARCO"},"content":{"rendered":"<p><strong>Bokserki m\u0119skie wy\u015bcigowe Sparco<\/p>\n<p><\/strong><\/p>\n<p>Bokserki firmy Sparco s\u0105 wykonane z materia\u0142u trudnopalnego i s\u0105 przeznaczone do noszenia w po\u0142\u0105czeniu z kalesonami zatwierdzonymi przez FIA. Od 2023 roku wiele mi\u0119dzynarodowych serii wy\u015bcig\u00f3w FIA b\u0119dzie wymaga\u0142o stosowania bielizny trudnopalnej.<\/p>\n<p>Spe\u0142niaj\u0105 homologacj\u0119 FIA do wy\u015bcig\u00f3w mi\u0119dzynarodowych od 2023 roku<br \/>Wykonane z materia\u0142u trudnopalnego<br \/>Zaprojektowane do noszenia w po\u0142\u0105czeniu z kalesonami zatwierdzonymi przez FIA<\/p>\n<p><strong><br \/><\/strong>Homologacja&nbsp;<strong>FIA 8856-2018<\/strong> tylko w przypadku noszenia z kalesonami zatwierdzonymi przez <strong>FIA 8856-2018<\/p>\n<p><span>Rozmiary:<br \/><\/span><\/strong>XS &#8211;&nbsp;70-77cm talia<br \/>S\/M &#8211;&nbsp;&nbsp;78-93cm talia<br \/>L\/XL &#8211;&nbsp;94-109cm talia<br \/>XXL &#8211;&nbsp;110-121cm talia<strong><br \/><\/strong><\/p>\n","protected":false},"excerpt":{"rendered":"<p><strong>Bokserki m\u0119skie wy\u015bcigowe Sparco<\/p>\n<p><\/strong><\/p>\n","protected":false},"featured_media":14441,"comment_status":"closed","ping_status":"open","template":"","meta":[],"product_cat":[580,560],"product_tag":[],"class_list":{"0":"post-14500","1":"product","2":"type-product","3":"status-publish","4":"has-post-thumbnail","6":"product_cat-bielizna","7":"product_cat-odziez-rajdowa-fia","9":"first","10":"instock","11":"taxable","12":"shipping-taxable","13":"purchasable","14":"product-type-simple"},"bundled_by":[],"bundle_stock_status":"instock","bundle_stock_quantity":null,"bundle_virtual":false,"bundle_layout":"","bundle_add_to_cart_form_location":"","bundle_editable_in_cart":false,"bundle_sold_individually_context":"","bundle_item_grouping":"","bundle_min_size":"","bundle_max_size":"","bundle_price":[],"bundled_items":[],"bundle_sell_ids":[],"acf":{"zdjecie_bez_watermarka":null,"zdjecie_bez_watermarka_url":"","product_orgin_url":"https:\/\/inter-rally.pl\/product-eng-203838-Bokserki-meskie-wyscigowe-Sparco.html"},"yoast_head":"<!-- This site is optimized with the Yoast SEO plugin v23.9 - https:\/\/yoast.com\/wordpress\/plugins\/seo\/ -->\n<title>BOKSERKI M\u0118SKIE WY\u015aCIGOWE SPARCO - CYBUL<\/title>\n<meta name=\"robots\" content=\"index, follow, max-snippet:-1, max-image-preview:large, max-video-preview:-1\" \/>\n<link rel=\"canonical\" href=\"https:\/\/cybul.eu\/pl\/sklep\/bokserki-meskie-wyscigowe-sparco\/\" \/>\n<meta property=\"og:locale\" content=\"pl_PL\" \/>\n<meta property=\"og:type\" content=\"article\" \/>\n<meta property=\"og:title\" content=\"BOKSERKI M\u0118SKIE WY\u015aCIGOWE SPARCO - CYBUL\" \/>\n<meta property=\"og:description\" content=\"Bokserki m\u0119skie wy\u015bcigowe Sparco\" \/>\n<meta property=\"og:url\" content=\"https:\/\/cybul.eu\/pl\/sklep\/bokserki-meskie-wyscigowe-sparco\/\" \/>\n<meta property=\"og:site_name\" content=\"CYBUL\" \/>\n<meta property=\"article:modified_time\" content=\"2024-06-11T20:13:02+00:00\" \/>\n<meta property=\"og:image\" content=\"https:\/\/cybul.eu\/wp-content\/uploads\/2024\/06\/pol_pl_Bokserki-meskie-wyscigowe-Sparco-203838_1.jpg\" \/>\n\t<meta property=\"og:image:width\" content=\"900\" \/>\n\t<meta property=\"og:image:height\" content=\"900\" \/>\n\t<meta property=\"og:image:type\" content=\"image\/jpeg\" \/>\n<meta name=\"twitter:card\" content=\"summary_large_image\" \/>\n<meta name=\"twitter:label1\" content=\"Szacowany czas czytania\" \/>\n\t<meta name=\"twitter:data1\" content=\"1 minuta\" \/>\n<script type=\"application\/ld+json\" class=\"yoast-schema-graph\">{\"@context\":\"https:\/\/schema.org\",\"@graph\":[{\"@type\":\"WebPage\",\"@id\":\"https:\/\/cybul.eu\/pl\/sklep\/bokserki-meskie-wyscigowe-sparco\/\",\"url\":\"https:\/\/cybul.eu\/pl\/sklep\/bokserki-meskie-wyscigowe-sparco\/\",\"name\":\"BOKSERKI M\u0118SKIE WY\u015aCIGOWE SPARCO - CYBUL\",\"isPartOf\":{\"@id\":\"https:\/\/cybul.eu\/pl\/#website\"},\"primaryImageOfPage\":{\"@id\":\"https:\/\/cybul.eu\/pl\/sklep\/bokserki-meskie-wyscigowe-sparco\/#primaryimage\"},\"image\":{\"@id\":\"https:\/\/cybul.eu\/pl\/sklep\/bokserki-meskie-wyscigowe-sparco\/#primaryimage\"},\"thumbnailUrl\":\"https:\/\/cybul.eu\/wp-content\/uploads\/2024\/06\/pol_pl_Bokserki-meskie-wyscigowe-Sparco-203838_1.jpg\",\"datePublished\":\"2024-06-11T20:12:59+00:00\",\"dateModified\":\"2024-06-11T20:13:02+00:00\",\"breadcrumb\":{\"@id\":\"https:\/\/cybul.eu\/pl\/sklep\/bokserki-meskie-wyscigowe-sparco\/#breadcrumb\"},\"inLanguage\":\"pl-PL\",\"potentialAction\":[{\"@type\":\"ReadAction\",\"target\":[\"https:\/\/cybul.eu\/pl\/sklep\/bokserki-meskie-wyscigowe-sparco\/\"]}]},{\"@type\":\"ImageObject\",\"inLanguage\":\"pl-PL\",\"@id\":\"https:\/\/cybul.eu\/pl\/sklep\/bokserki-meskie-wyscigowe-sparco\/#primaryimage\",\"url\":\"https:\/\/cybul.eu\/wp-content\/uploads\/2024\/06\/pol_pl_Bokserki-meskie-wyscigowe-Sparco-203838_1.jpg\",\"contentUrl\":\"https:\/\/cybul.eu\/wp-content\/uploads\/2024\/06\/pol_pl_Bokserki-meskie-wyscigowe-Sparco-203838_1.jpg\",\"width\":900,\"height\":900},{\"@type\":\"BreadcrumbList\",\"@id\":\"https:\/\/cybul.eu\/pl\/sklep\/bokserki-meskie-wyscigowe-sparco\/#breadcrumb\",\"itemListElement\":[{\"@type\":\"ListItem\",\"position\":1,\"name\":\"Strona g\u0142\u00f3wna\",\"item\":\"https:\/\/cybul.eu\/pl\/\"},{\"@type\":\"ListItem\",\"position\":2,\"name\":\"Sklep\",\"item\":\"https:\/\/cybul.eu\/pl\/sklep\/\"},{\"@type\":\"ListItem\",\"position\":3,\"name\":\"BOKSERKI M\u0118SKIE WY\u015aCIGOWE SPARCO\"}]},{\"@type\":\"WebSite\",\"@id\":\"https:\/\/cybul.eu\/pl\/#website\",\"url\":\"https:\/\/cybul.eu\/pl\/\",\"name\":\"CYBUL\",\"description\":\"\",\"potentialAction\":[{\"@type\":\"SearchAction\",\"target\":{\"@type\":\"EntryPoint\",\"urlTemplate\":\"https:\/\/cybul.eu\/pl\/?s={search_term_string}\"},\"query-input\":{\"@type\":\"PropertyValueSpecification\",\"valueRequired\":true,\"valueName\":\"search_term_string\"}}],\"inLanguage\":\"pl-PL\"}]}<\/script>\n<!-- \/ Yoast SEO plugin. -->","yoast_head_json":{"title":"BOKSERKI M\u0118SKIE WY\u015aCIGOWE SPARCO - CYBUL","robots":{"index":"index","follow":"follow","max-snippet":"max-snippet:-1","max-image-preview":"max-image-preview:large","max-video-preview":"max-video-preview:-1"},"canonical":"https:\/\/cybul.eu\/pl\/sklep\/bokserki-meskie-wyscigowe-sparco\/","og_locale":"pl_PL","og_type":"article","og_title":"BOKSERKI M\u0118SKIE WY\u015aCIGOWE SPARCO - CYBUL","og_description":"Bokserki m\u0119skie wy\u015bcigowe Sparco","og_url":"https:\/\/cybul.eu\/pl\/sklep\/bokserki-meskie-wyscigowe-sparco\/","og_site_name":"CYBUL","article_modified_time":"2024-06-11T20:13:02+00:00","og_image":[{"width":900,"height":900,"url":"https:\/\/cybul.eu\/wp-content\/uploads\/2024\/06\/pol_pl_Bokserki-meskie-wyscigowe-Sparco-203838_1.jpg","type":"image\/jpeg"}],"twitter_card":"summary_large_image","twitter_misc":{"Szacowany czas czytania":"1 minuta"},"schema":{"@context":"https:\/\/schema.org","@graph":[{"@type":"WebPage","@id":"https:\/\/cybul.eu\/pl\/sklep\/bokserki-meskie-wyscigowe-sparco\/","url":"https:\/\/cybul.eu\/pl\/sklep\/bokserki-meskie-wyscigowe-sparco\/","name":"BOKSERKI M\u0118SKIE WY\u015aCIGOWE SPARCO - CYBUL","isPartOf":{"@id":"https:\/\/cybul.eu\/pl\/#website"},"primaryImageOfPage":{"@id":"https:\/\/cybul.eu\/pl\/sklep\/bokserki-meskie-wyscigowe-sparco\/#primaryimage"},"image":{"@id":"https:\/\/cybul.eu\/pl\/sklep\/bokserki-meskie-wyscigowe-sparco\/#primaryimage"},"thumbnailUrl":"https:\/\/cybul.eu\/wp-content\/uploads\/2024\/06\/pol_pl_Bokserki-meskie-wyscigowe-Sparco-203838_1.jpg","datePublished":"2024-06-11T20:12:59+00:00","dateModified":"2024-06-11T20:13:02+00:00","breadcrumb":{"@id":"https:\/\/cybul.eu\/pl\/sklep\/bokserki-meskie-wyscigowe-sparco\/#breadcrumb"},"inLanguage":"pl-PL","potentialAction":[{"@type":"ReadAction","target":["https:\/\/cybul.eu\/pl\/sklep\/bokserki-meskie-wyscigowe-sparco\/"]}]},{"@type":"ImageObject","inLanguage":"pl-PL","@id":"https:\/\/cybul.eu\/pl\/sklep\/bokserki-meskie-wyscigowe-sparco\/#primaryimage","url":"https:\/\/cybul.eu\/wp-content\/uploads\/2024\/06\/pol_pl_Bokserki-meskie-wyscigowe-Sparco-203838_1.jpg","contentUrl":"https:\/\/cybul.eu\/wp-content\/uploads\/2024\/06\/pol_pl_Bokserki-meskie-wyscigowe-Sparco-203838_1.jpg","width":900,"height":900},{"@type":"BreadcrumbList","@id":"https:\/\/cybul.eu\/pl\/sklep\/bokserki-meskie-wyscigowe-sparco\/#breadcrumb","itemListElement":[{"@type":"ListItem","position":1,"name":"Strona g\u0142\u00f3wna","item":"https:\/\/cybul.eu\/pl\/"},{"@type":"ListItem","position":2,"name":"Sklep","item":"https:\/\/cybul.eu\/pl\/sklep\/"},{"@type":"ListItem","position":3,"name":"BOKSERKI M\u0118SKIE WY\u015aCIGOWE SPARCO"}]},{"@type":"WebSite","@id":"https:\/\/cybul.eu\/pl\/#website","url":"https:\/\/cybul.eu\/pl\/","name":"CYBUL","description":"","potentialAction":[{"@type":"SearchAction","target":{"@type":"EntryPoint","urlTemplate":"https:\/\/cybul.eu\/pl\/?s={search_term_string}"},"query-input":{"@type":"PropertyValueSpecification","valueRequired":true,"valueName":"search_term_string"}}],"inLanguage":"pl-PL"}]}},"_links":{"self":[{"href":"https:\/\/cybul.eu\/pl\/wp-json\/wp\/v2\/product\/14500","targetHints":{"allow":["GET"]}}],"collection":[{"href":"https:\/\/cybul.eu\/pl\/wp-json\/wp\/v2\/product"}],"about":[{"href":"https:\/\/cybul.eu\/pl\/wp-json\/wp\/v2\/types\/product"}],"replies":[{"embeddable":true,"href":"https:\/\/cybul.eu\/pl\/wp-json\/wp\/v2\/comments?post=14500"}],"wp:featuredmedia":[{"embeddable":true,"href":"https:\/\/cybul.eu\/pl\/wp-json\/wp\/v2\/media\/14441"}],"wp:attachment":[{"href":"https:\/\/cybul.eu\/pl\/wp-json\/wp\/v2\/media?parent=14500"}],"wp:term":[{"taxonomy":"product_cat","embeddable":true,"href":"https:\/\/cybul.eu\/pl\/wp-json\/wp\/v2\/product_cat?post=14500"},{"taxonomy":"product_tag","embeddable":true,"href":"https:\/\/cybul.eu\/pl\/wp-json\/wp\/v2\/product_tag?post=14500"}],"curies":[{"name":"wp","href":"https:\/\/api.w.org\/{rel}","templated":true}]}}