{"id":14367,"date":"2024-06-11T21:38:57","date_gmt":"2024-06-11T19:38:57","guid":{"rendered":"https:\/\/cybul.eu\/shop\/zestaw-omp-tecnica-evo-czarny\/"},"modified":"2024-06-11T21:39:10","modified_gmt":"2024-06-11T19:39:10","slug":"zestaw-omp-tecnica-evo-czarny","status":"publish","type":"product","link":"https:\/\/cybul.eu\/pl\/sklep\/zestaw-omp-tecnica-evo-czarny\/","title":{"rendered":"ZESTAW OMP TECNICA EVO CZARNY"},"content":{"rendered":"<p><strong>Zestaw OMP Tecnica Evo czarny<\/p>\n<p><\/strong><strong><span>Homologacja:<\/span><strong><span>&nbsp;<\/span>FIA 8856-2018<br \/><\/strong><br \/><\/strong>Zestaw OMP Tecnica Evo to bielizna wykonana z 2 warstw ognioodpornego materia\u0142u Nomex,&nbsp;dzi\u0119ki czemu posiada najnowsz\u0105 homologacj\u0119 FIA 8856-2018. Ultra p\u0142askie szwy eliminuj\u0105ce punkty ucisku, co zwi\u0119ksza wygod\u0119 noszenia i zmniejsza zm\u0119czenie.<br \/><span>Zaawansowany wz\u00f3r szycia zosta\u0142 zaprojektowany, aby zoptymalizowa\u0107 cyrkulacj\u0119 krwi i zredukowa\u0107 punkty nacisku co obni\u017ca ryzyko skurcz\u00f3w.<\/span><br \/><span>Bielizna posiada&nbsp;nowoczesne wstawki &#8222;3D cube&#8221;, kt\u00f3re s\u0105 stosowane w obszarach o wysokim poziomie pocenia, aby zoptymalizowa\u0107 przep\u0142yw powietrza i pom\u00f3c w regulacji temperatury cia\u0142a.<\/span><\/p>\n<p><span>&#8211; Niepalny Nomex zapewnia wysoki poziom ochrony<\/span><br \/><span>&#8211;&nbsp;Bezszwowa konstrukcja zapewniaj\u0105ca doskona\u0142y poziom komfortu oraz zmniejszone zm\u0119czenie<\/span><br \/><span>&#8211;&nbsp;Wstawki &#8222;3D Cube&#8221; w kluczowych miejscach pomagaj\u0105 regulowa\u0107 temperatur\u0119 cia\u0142a i ograniczaj\u0105 pocenie si\u0119<\/span><\/p>\n<p>&nbsp;<\/p>\n","protected":false},"excerpt":{"rendered":"<p><strong>Zestaw OMP Tecnica Evo czarny<\/p>\n<p><\/strong><strong><span>Homologacja:<\/span><strong><span>&nbsp;<\/span>FIA 8856-2018<br \/><\/strong><br \/><\/strong>Zestaw OMP Tecnica Evo to bielizna wykonana z 2 warstw ognioodpornego materia\u0142u Nomex,&nbsp;dzi\u0119ki czemu posiada najnowsz\u0105 homologacj\u0119 FIA 8856-2018. Ultra p\u0142askie szwy eliminuj\u0105ce punkty ucisku, co zwi\u0119ksza wygod\u0119 noszenia i zmniejsza zm\u0119czenie.<br \/><span>Zaawansowany wz\u00f3r szycia zosta\u0142 zaprojektowany, aby zoptymalizowa\u0107 cyrkulacj\u0119 krwi i zredukowa\u0107 punkty nacisku co obni\u017ca ryzyko skurcz\u00f3w.<\/span><br \/><span>Bielizna posiada&nbsp;nowoczesne wstawki &#8222;3D cube&#8221;, kt\u00f3re s\u0105 stosowane w obszarach o wysokim poziomie pocenia, aby zoptymalizowa\u0107 przep\u0142yw powietrza i pom\u00f3c w regulacji temperatury cia\u0142a.<\/span><\/p>\n<p><span>&#8211; Niepalny Nomex zapewnia wysoki poziom ochrony<\/span><br \/><span>&#8211;&nbsp;Bezszwowa konstrukcja zapewniaj\u0105ca doskona\u0142y poziom komfortu oraz zmniejszone zm\u0119czenie<\/span><br \/><span>&#8211;&nbsp;Wstawki &#8222;3D Cube&#8221; w kluczowych miejscach pomagaj\u0105 regulowa\u0107 temperatur\u0119 cia\u0142a i ograniczaj\u0105 pocenie si\u0119<\/span><\/p>\n","protected":false},"featured_media":14303,"comment_status":"closed","ping_status":"open","template":"","meta":[],"product_cat":[576,560],"product_tag":[],"class_list":{"0":"post-14367","1":"product","2":"type-product","3":"status-publish","4":"has-post-thumbnail","6":"product_cat-zestawy-bielizny","7":"product_cat-odziez-rajdowa-fia","9":"first","10":"instock","11":"taxable","12":"shipping-taxable","13":"purchasable","14":"product-type-simple"},"bundled_by":[],"bundle_stock_status":"instock","bundle_stock_quantity":null,"bundle_virtual":false,"bundle_layout":"","bundle_add_to_cart_form_location":"","bundle_editable_in_cart":false,"bundle_sold_individually_context":"","bundle_item_grouping":"","bundle_min_size":"","bundle_max_size":"","bundle_price":[],"bundled_items":[],"bundle_sell_ids":[],"acf":{"zdjecie_bez_watermarka":null,"zdjecie_bez_watermarka_url":"","product_orgin_url":"https:\/\/inter-rally.pl\/product-eng-203901-Zestaw-OMP-Tecnica-Evo-czarny.html"},"yoast_head":"<!-- This site is optimized with the Yoast SEO plugin v23.9 - https:\/\/yoast.com\/wordpress\/plugins\/seo\/ -->\n<title>ZESTAW OMP TECNICA EVO CZARNY - CYBUL<\/title>\n<meta name=\"robots\" content=\"index, follow, max-snippet:-1, max-image-preview:large, max-video-preview:-1\" \/>\n<link rel=\"canonical\" href=\"https:\/\/cybul.eu\/pl\/sklep\/zestaw-omp-tecnica-evo-czarny\/\" \/>\n<meta property=\"og:locale\" content=\"pl_PL\" \/>\n<meta property=\"og:type\" content=\"article\" \/>\n<meta property=\"og:title\" content=\"ZESTAW OMP TECNICA EVO CZARNY - CYBUL\" \/>\n<meta property=\"og:description\" content=\"Zestaw OMP Tecnica Evo czarnyHomologacja:&nbsp;FIA 8856-2018Zestaw OMP Tecnica Evo to bielizna wykonana z 2 warstw ognioodpornego materia\u0142u Nomex,&nbsp;dzi\u0119ki czemu posiada najnowsz\u0105 homologacj\u0119 FIA 8856-2018. Ultra p\u0142askie szwy eliminuj\u0105ce punkty ucisku, co zwi\u0119ksza wygod\u0119 noszenia i zmniejsza zm\u0119czenie.Zaawansowany wz\u00f3r szycia zosta\u0142 zaprojektowany, aby zoptymalizowa\u0107 cyrkulacj\u0119 krwi i zredukowa\u0107 punkty nacisku co obni\u017ca ryzyko skurcz\u00f3w.Bielizna posiada&nbsp;nowoczesne wstawki &quot;3D cube&quot;, kt\u00f3re s\u0105 stosowane w obszarach o wysokim poziomie pocenia, aby zoptymalizowa\u0107 przep\u0142yw powietrza i pom\u00f3c w regulacji temperatury cia\u0142a.- Niepalny Nomex zapewnia wysoki poziom ochrony-&nbsp;Bezszwowa konstrukcja zapewniaj\u0105ca doskona\u0142y poziom komfortu oraz zmniejszone zm\u0119czenie-&nbsp;Wstawki &quot;3D Cube&quot; w kluczowych miejscach pomagaj\u0105 regulowa\u0107 temperatur\u0119 cia\u0142a i ograniczaj\u0105 pocenie si\u0119\" \/>\n<meta property=\"og:url\" content=\"https:\/\/cybul.eu\/pl\/sklep\/zestaw-omp-tecnica-evo-czarny\/\" \/>\n<meta property=\"og:site_name\" content=\"CYBUL\" \/>\n<meta property=\"article:modified_time\" content=\"2024-06-11T19:39:10+00:00\" \/>\n<meta property=\"og:image\" content=\"https:\/\/cybul.eu\/wp-content\/uploads\/2024\/06\/pol_pl_Zestaw-OMP-Tecnica-Evo-czarny-203901_1.jpg\" \/>\n\t<meta property=\"og:image:width\" content=\"900\" \/>\n\t<meta property=\"og:image:height\" content=\"900\" \/>\n\t<meta property=\"og:image:type\" content=\"image\/jpeg\" \/>\n<meta name=\"twitter:card\" content=\"summary_large_image\" \/>\n<meta name=\"twitter:label1\" content=\"Szacowany czas czytania\" \/>\n\t<meta name=\"twitter:data1\" content=\"1 minuta\" \/>\n<script type=\"application\/ld+json\" class=\"yoast-schema-graph\">{\"@context\":\"https:\/\/schema.org\",\"@graph\":[{\"@type\":\"WebPage\",\"@id\":\"https:\/\/cybul.eu\/pl\/sklep\/zestaw-omp-tecnica-evo-czarny\/\",\"url\":\"https:\/\/cybul.eu\/pl\/sklep\/zestaw-omp-tecnica-evo-czarny\/\",\"name\":\"ZESTAW OMP TECNICA EVO CZARNY - CYBUL\",\"isPartOf\":{\"@id\":\"https:\/\/cybul.eu\/pl\/#website\"},\"primaryImageOfPage\":{\"@id\":\"https:\/\/cybul.eu\/pl\/sklep\/zestaw-omp-tecnica-evo-czarny\/#primaryimage\"},\"image\":{\"@id\":\"https:\/\/cybul.eu\/pl\/sklep\/zestaw-omp-tecnica-evo-czarny\/#primaryimage\"},\"thumbnailUrl\":\"https:\/\/cybul.eu\/wp-content\/uploads\/2024\/06\/pol_pl_Zestaw-OMP-Tecnica-Evo-czarny-203901_1.jpg\",\"datePublished\":\"2024-06-11T19:38:57+00:00\",\"dateModified\":\"2024-06-11T19:39:10+00:00\",\"breadcrumb\":{\"@id\":\"https:\/\/cybul.eu\/pl\/sklep\/zestaw-omp-tecnica-evo-czarny\/#breadcrumb\"},\"inLanguage\":\"pl-PL\",\"potentialAction\":[{\"@type\":\"ReadAction\",\"target\":[\"https:\/\/cybul.eu\/pl\/sklep\/zestaw-omp-tecnica-evo-czarny\/\"]}]},{\"@type\":\"ImageObject\",\"inLanguage\":\"pl-PL\",\"@id\":\"https:\/\/cybul.eu\/pl\/sklep\/zestaw-omp-tecnica-evo-czarny\/#primaryimage\",\"url\":\"https:\/\/cybul.eu\/wp-content\/uploads\/2024\/06\/pol_pl_Zestaw-OMP-Tecnica-Evo-czarny-203901_1.jpg\",\"contentUrl\":\"https:\/\/cybul.eu\/wp-content\/uploads\/2024\/06\/pol_pl_Zestaw-OMP-Tecnica-Evo-czarny-203901_1.jpg\",\"width\":900,\"height\":900},{\"@type\":\"BreadcrumbList\",\"@id\":\"https:\/\/cybul.eu\/pl\/sklep\/zestaw-omp-tecnica-evo-czarny\/#breadcrumb\",\"itemListElement\":[{\"@type\":\"ListItem\",\"position\":1,\"name\":\"Strona g\u0142\u00f3wna\",\"item\":\"https:\/\/cybul.eu\/pl\/\"},{\"@type\":\"ListItem\",\"position\":2,\"name\":\"Sklep\",\"item\":\"https:\/\/cybul.eu\/pl\/sklep\/\"},{\"@type\":\"ListItem\",\"position\":3,\"name\":\"ZESTAW OMP TECNICA EVO CZARNY\"}]},{\"@type\":\"WebSite\",\"@id\":\"https:\/\/cybul.eu\/pl\/#website\",\"url\":\"https:\/\/cybul.eu\/pl\/\",\"name\":\"CYBUL\",\"description\":\"\",\"potentialAction\":[{\"@type\":\"SearchAction\",\"target\":{\"@type\":\"EntryPoint\",\"urlTemplate\":\"https:\/\/cybul.eu\/pl\/?s={search_term_string}\"},\"query-input\":{\"@type\":\"PropertyValueSpecification\",\"valueRequired\":true,\"valueName\":\"search_term_string\"}}],\"inLanguage\":\"pl-PL\"}]}<\/script>\n<!-- \/ Yoast SEO plugin. -->","yoast_head_json":{"title":"ZESTAW OMP TECNICA EVO CZARNY - CYBUL","robots":{"index":"index","follow":"follow","max-snippet":"max-snippet:-1","max-image-preview":"max-image-preview:large","max-video-preview":"max-video-preview:-1"},"canonical":"https:\/\/cybul.eu\/pl\/sklep\/zestaw-omp-tecnica-evo-czarny\/","og_locale":"pl_PL","og_type":"article","og_title":"ZESTAW OMP TECNICA EVO CZARNY - CYBUL","og_description":"Zestaw OMP Tecnica Evo czarnyHomologacja:&nbsp;FIA 8856-2018Zestaw OMP Tecnica Evo to bielizna wykonana z 2 warstw ognioodpornego materia\u0142u Nomex,&nbsp;dzi\u0119ki czemu posiada najnowsz\u0105 homologacj\u0119 FIA 8856-2018. Ultra p\u0142askie szwy eliminuj\u0105ce punkty ucisku, co zwi\u0119ksza wygod\u0119 noszenia i zmniejsza zm\u0119czenie.Zaawansowany wz\u00f3r szycia zosta\u0142 zaprojektowany, aby zoptymalizowa\u0107 cyrkulacj\u0119 krwi i zredukowa\u0107 punkty nacisku co obni\u017ca ryzyko skurcz\u00f3w.Bielizna posiada&nbsp;nowoczesne wstawki \"3D cube\", kt\u00f3re s\u0105 stosowane w obszarach o wysokim poziomie pocenia, aby zoptymalizowa\u0107 przep\u0142yw powietrza i pom\u00f3c w regulacji temperatury cia\u0142a.- Niepalny Nomex zapewnia wysoki poziom ochrony-&nbsp;Bezszwowa konstrukcja zapewniaj\u0105ca doskona\u0142y poziom komfortu oraz zmniejszone zm\u0119czenie-&nbsp;Wstawki \"3D Cube\" w kluczowych miejscach pomagaj\u0105 regulowa\u0107 temperatur\u0119 cia\u0142a i ograniczaj\u0105 pocenie si\u0119","og_url":"https:\/\/cybul.eu\/pl\/sklep\/zestaw-omp-tecnica-evo-czarny\/","og_site_name":"CYBUL","article_modified_time":"2024-06-11T19:39:10+00:00","og_image":[{"width":900,"height":900,"url":"https:\/\/cybul.eu\/wp-content\/uploads\/2024\/06\/pol_pl_Zestaw-OMP-Tecnica-Evo-czarny-203901_1.jpg","type":"image\/jpeg"}],"twitter_card":"summary_large_image","twitter_misc":{"Szacowany czas czytania":"1 minuta"},"schema":{"@context":"https:\/\/schema.org","@graph":[{"@type":"WebPage","@id":"https:\/\/cybul.eu\/pl\/sklep\/zestaw-omp-tecnica-evo-czarny\/","url":"https:\/\/cybul.eu\/pl\/sklep\/zestaw-omp-tecnica-evo-czarny\/","name":"ZESTAW OMP TECNICA EVO CZARNY - CYBUL","isPartOf":{"@id":"https:\/\/cybul.eu\/pl\/#website"},"primaryImageOfPage":{"@id":"https:\/\/cybul.eu\/pl\/sklep\/zestaw-omp-tecnica-evo-czarny\/#primaryimage"},"image":{"@id":"https:\/\/cybul.eu\/pl\/sklep\/zestaw-omp-tecnica-evo-czarny\/#primaryimage"},"thumbnailUrl":"https:\/\/cybul.eu\/wp-content\/uploads\/2024\/06\/pol_pl_Zestaw-OMP-Tecnica-Evo-czarny-203901_1.jpg","datePublished":"2024-06-11T19:38:57+00:00","dateModified":"2024-06-11T19:39:10+00:00","breadcrumb":{"@id":"https:\/\/cybul.eu\/pl\/sklep\/zestaw-omp-tecnica-evo-czarny\/#breadcrumb"},"inLanguage":"pl-PL","potentialAction":[{"@type":"ReadAction","target":["https:\/\/cybul.eu\/pl\/sklep\/zestaw-omp-tecnica-evo-czarny\/"]}]},{"@type":"ImageObject","inLanguage":"pl-PL","@id":"https:\/\/cybul.eu\/pl\/sklep\/zestaw-omp-tecnica-evo-czarny\/#primaryimage","url":"https:\/\/cybul.eu\/wp-content\/uploads\/2024\/06\/pol_pl_Zestaw-OMP-Tecnica-Evo-czarny-203901_1.jpg","contentUrl":"https:\/\/cybul.eu\/wp-content\/uploads\/2024\/06\/pol_pl_Zestaw-OMP-Tecnica-Evo-czarny-203901_1.jpg","width":900,"height":900},{"@type":"BreadcrumbList","@id":"https:\/\/cybul.eu\/pl\/sklep\/zestaw-omp-tecnica-evo-czarny\/#breadcrumb","itemListElement":[{"@type":"ListItem","position":1,"name":"Strona g\u0142\u00f3wna","item":"https:\/\/cybul.eu\/pl\/"},{"@type":"ListItem","position":2,"name":"Sklep","item":"https:\/\/cybul.eu\/pl\/sklep\/"},{"@type":"ListItem","position":3,"name":"ZESTAW OMP TECNICA EVO CZARNY"}]},{"@type":"WebSite","@id":"https:\/\/cybul.eu\/pl\/#website","url":"https:\/\/cybul.eu\/pl\/","name":"CYBUL","description":"","potentialAction":[{"@type":"SearchAction","target":{"@type":"EntryPoint","urlTemplate":"https:\/\/cybul.eu\/pl\/?s={search_term_string}"},"query-input":{"@type":"PropertyValueSpecification","valueRequired":true,"valueName":"search_term_string"}}],"inLanguage":"pl-PL"}]}},"_links":{"self":[{"href":"https:\/\/cybul.eu\/pl\/wp-json\/wp\/v2\/product\/14367","targetHints":{"allow":["GET"]}}],"collection":[{"href":"https:\/\/cybul.eu\/pl\/wp-json\/wp\/v2\/product"}],"about":[{"href":"https:\/\/cybul.eu\/pl\/wp-json\/wp\/v2\/types\/product"}],"replies":[{"embeddable":true,"href":"https:\/\/cybul.eu\/pl\/wp-json\/wp\/v2\/comments?post=14367"}],"wp:featuredmedia":[{"embeddable":true,"href":"https:\/\/cybul.eu\/pl\/wp-json\/wp\/v2\/media\/14303"}],"wp:attachment":[{"href":"https:\/\/cybul.eu\/pl\/wp-json\/wp\/v2\/media?parent=14367"}],"wp:term":[{"taxonomy":"product_cat","embeddable":true,"href":"https:\/\/cybul.eu\/pl\/wp-json\/wp\/v2\/product_cat?post=14367"},{"taxonomy":"product_tag","embeddable":true,"href":"https:\/\/cybul.eu\/pl\/wp-json\/wp\/v2\/product_tag?post=14367"}],"curies":[{"name":"wp","href":"https:\/\/api.w.org\/{rel}","templated":true}]}}