{"id":14362,"date":"2024-06-11T21:38:57","date_gmt":"2024-06-11T19:38:57","guid":{"rendered":"https:\/\/cybul.eu\/shop\/zestaw-bielizny-rrs-flex-fia-czarny\/"},"modified":"2024-06-11T21:39:05","modified_gmt":"2024-06-11T19:39:05","slug":"zestaw-bielizny-rrs-flex-fia-czarny","status":"publish","type":"product","link":"https:\/\/cybul.eu\/pl\/sklep\/zestaw-bielizny-rrs-flex-fia-czarny\/","title":{"rendered":"ZESTAW BIELIZNY RRS FLEX\u00ae &#8211; FIA &#8211; CZARNY"},"content":{"rendered":"<div class=\"n56174_desc\">\n<p><strong>Zestaw bielizny RRS Flex\u00ae FIA<\/strong><\/p>\n<p><span>Homologacja:<\/span><strong>&nbsp;FIA 8856-2018<br \/><\/strong><br \/><span>Zapewnia optymaln\u0105 ochron\u0119 przeciwpo\u017carow\u0105 i ciepln\u0105 jednocze\u015bnie zachowuj\u0105c przewiewno\u015b\u0107.<\/span><br \/><span>Jest to mo\u017cliwe dzi\u0119ki zastosowaniu po\u0142\u0105czenia dw\u00f3ch materia\u0142\u00f3w, aramidu i wiskozy (syntetyczny jedwab).<\/span><br \/><span>Zaprojektowana w spos\u00f3b zapewniaj\u0105cy najwy\u017cszy komfort, przewiewno\u015b\u0107 oraz bezpiecze\u0144stwo.<\/span><br \/><span>Odzie\u017c z serii Flex wyr\u00f3\u017cnia si\u0119 od zwyk\u0142ej odzie\u017cy z Nomexu tym, \u017ce jest l\u017cejsza, bardziej elastyczna i przyjemniejsza w dotyku.<\/span><br \/><span>Idealny stosunek ceny do jako\u015bci.<\/span><\/p>\n<p><span>W sk\u0142ad zestawu wchodz\u0105:<\/span><\/p>\n<p><span>Balaklawa &#8211; m<\/span><span>ateria\u0142:&nbsp;<\/span><strong>Aramid 100%<br \/><\/strong><span>Golf &#8211; m<\/span><span>ateria\u0142:&nbsp;<\/span><strong>Aramid 100%<\/strong><br \/><span>Kalesony &#8211; m<\/span><span>ateria\u0142:&nbsp;<strong>Aramid 50%, Wiskoza 50%<\/strong><\/span><\/p>\n<\/div>\n","protected":false},"excerpt":{"rendered":"<p><strong>Zestaw bielizny RRS Flex\u00ae FIA<\/strong><\/p>\n<p><span>Homologacja:<\/span><strong>&nbsp;FIA 8856-2018<br \/><\/strong><br \/><span>Zapewnia optymaln\u0105 ochron\u0119 przeciwpo\u017carow\u0105 i ciepln\u0105 jednocze\u015bnie zachowuj\u0105c przewiewno\u015b\u0107.<\/span><br \/><span>Jest to mo\u017cliwe dzi\u0119ki zastosowaniu po\u0142\u0105czenia dw\u00f3ch materia\u0142\u00f3w, aramidu i wiskozy (syntetyczny jedwab).<\/span><br \/><span>Zaprojektowana w spos\u00f3b zapewniaj\u0105cy najwy\u017cszy komfort, przewiewno\u015b\u0107 oraz bezpiecze\u0144stwo.<\/span><br \/><span>Odzie\u017c z serii Flex wyr\u00f3\u017cnia si\u0119 od zwyk\u0142ej odzie\u017cy z Nomexu tym, \u017ce jest l\u017cejsza, bardziej elastyczna i przyjemniejsza w dotyku.<\/span><br \/><span>Idealny stosunek ceny do jako\u015bci.<\/span><\/p>\n<p><span>W sk\u0142ad zestawu wchodz\u0105:<\/span><\/p>\n<p><span>Balaklawa &#8211; m<\/span><span>ateria\u0142:&nbsp;<\/span><strong>Aramid 100%<br \/><\/strong><span>Golf &#8211; m<\/span><span>ateria\u0142:&nbsp;<\/span><strong>Aramid 100%<\/strong><br \/><span>Kalesony &#8211; m<\/span><span>ateria\u0142:&nbsp;<strong>Aramid 50%, Wiskoza 50%<\/strong><\/span><\/p>\n","protected":false},"featured_media":14284,"comment_status":"closed","ping_status":"open","template":"","meta":[],"product_cat":[576,560],"product_tag":[],"class_list":{"0":"post-14362","1":"product","2":"type-product","3":"status-publish","4":"has-post-thumbnail","6":"product_cat-zestawy-bielizny","7":"product_cat-odziez-rajdowa-fia","9":"first","10":"instock","11":"taxable","12":"shipping-taxable","13":"purchasable","14":"product-type-simple"},"bundled_by":[],"bundle_stock_status":"instock","bundle_stock_quantity":null,"bundle_virtual":false,"bundle_layout":"","bundle_add_to_cart_form_location":"","bundle_editable_in_cart":false,"bundle_sold_individually_context":"","bundle_item_grouping":"","bundle_min_size":"","bundle_max_size":"","bundle_price":[],"bundled_items":[],"bundle_sell_ids":[],"acf":{"zdjecie_bez_watermarka":null,"zdjecie_bez_watermarka_url":"","product_orgin_url":"https:\/\/inter-rally.pl\/product-eng-34306-Zestaw-bielizny-RRS-Flex-R-FIA-czarny.html"},"yoast_head":"<!-- This site is optimized with the Yoast SEO plugin v23.9 - https:\/\/yoast.com\/wordpress\/plugins\/seo\/ -->\n<title>ZESTAW BIELIZNY RRS FLEX\u00ae - FIA - CZARNY - CYBUL<\/title>\n<meta name=\"robots\" content=\"index, follow, max-snippet:-1, max-image-preview:large, max-video-preview:-1\" \/>\n<link rel=\"canonical\" href=\"https:\/\/cybul.eu\/pl\/sklep\/zestaw-bielizny-rrs-flex-fia-czarny\/\" \/>\n<meta property=\"og:locale\" content=\"pl_PL\" \/>\n<meta property=\"og:type\" content=\"article\" \/>\n<meta property=\"og:title\" content=\"ZESTAW BIELIZNY RRS FLEX\u00ae - FIA - CZARNY - CYBUL\" \/>\n<meta property=\"og:description\" content=\"Zestaw bielizny RRS Flex\u00ae FIAHomologacja:&nbsp;FIA 8856-2018Zapewnia optymaln\u0105 ochron\u0119 przeciwpo\u017carow\u0105 i ciepln\u0105 jednocze\u015bnie zachowuj\u0105c przewiewno\u015b\u0107.Jest to mo\u017cliwe dzi\u0119ki zastosowaniu po\u0142\u0105czenia dw\u00f3ch materia\u0142\u00f3w, aramidu i wiskozy (syntetyczny jedwab).Zaprojektowana w spos\u00f3b zapewniaj\u0105cy najwy\u017cszy komfort, przewiewno\u015b\u0107 oraz bezpiecze\u0144stwo.Odzie\u017c z serii Flex wyr\u00f3\u017cnia si\u0119 od zwyk\u0142ej odzie\u017cy z Nomexu tym, \u017ce jest l\u017cejsza, bardziej elastyczna i przyjemniejsza w dotyku.Idealny stosunek ceny do jako\u015bci.W sk\u0142ad zestawu wchodz\u0105:Balaklawa - materia\u0142:&nbsp;Aramid 100%Golf - materia\u0142:&nbsp;Aramid 100%Kalesony - materia\u0142:&nbsp;Aramid 50%, Wiskoza 50%\" \/>\n<meta property=\"og:url\" content=\"https:\/\/cybul.eu\/pl\/sklep\/zestaw-bielizny-rrs-flex-fia-czarny\/\" \/>\n<meta property=\"og:site_name\" content=\"CYBUL\" \/>\n<meta property=\"article:modified_time\" content=\"2024-06-11T19:39:05+00:00\" \/>\n<meta property=\"og:image\" content=\"https:\/\/cybul.eu\/wp-content\/uploads\/2024\/06\/pol_pl_Zestaw-bielizny-RRS-Flex-R-FIA-czarny-34306_1.jpg\" \/>\n\t<meta property=\"og:image:width\" content=\"900\" \/>\n\t<meta property=\"og:image:height\" content=\"900\" \/>\n\t<meta property=\"og:image:type\" content=\"image\/jpeg\" \/>\n<meta name=\"twitter:card\" content=\"summary_large_image\" \/>\n<meta name=\"twitter:label1\" content=\"Szacowany czas czytania\" \/>\n\t<meta name=\"twitter:data1\" content=\"1 minuta\" \/>\n<script type=\"application\/ld+json\" class=\"yoast-schema-graph\">{\"@context\":\"https:\/\/schema.org\",\"@graph\":[{\"@type\":\"WebPage\",\"@id\":\"https:\/\/cybul.eu\/pl\/sklep\/zestaw-bielizny-rrs-flex-fia-czarny\/\",\"url\":\"https:\/\/cybul.eu\/pl\/sklep\/zestaw-bielizny-rrs-flex-fia-czarny\/\",\"name\":\"ZESTAW BIELIZNY RRS FLEX\u00ae - FIA - CZARNY - CYBUL\",\"isPartOf\":{\"@id\":\"https:\/\/cybul.eu\/pl\/#website\"},\"primaryImageOfPage\":{\"@id\":\"https:\/\/cybul.eu\/pl\/sklep\/zestaw-bielizny-rrs-flex-fia-czarny\/#primaryimage\"},\"image\":{\"@id\":\"https:\/\/cybul.eu\/pl\/sklep\/zestaw-bielizny-rrs-flex-fia-czarny\/#primaryimage\"},\"thumbnailUrl\":\"https:\/\/cybul.eu\/wp-content\/uploads\/2024\/06\/pol_pl_Zestaw-bielizny-RRS-Flex-R-FIA-czarny-34306_1.jpg\",\"datePublished\":\"2024-06-11T19:38:57+00:00\",\"dateModified\":\"2024-06-11T19:39:05+00:00\",\"breadcrumb\":{\"@id\":\"https:\/\/cybul.eu\/pl\/sklep\/zestaw-bielizny-rrs-flex-fia-czarny\/#breadcrumb\"},\"inLanguage\":\"pl-PL\",\"potentialAction\":[{\"@type\":\"ReadAction\",\"target\":[\"https:\/\/cybul.eu\/pl\/sklep\/zestaw-bielizny-rrs-flex-fia-czarny\/\"]}]},{\"@type\":\"ImageObject\",\"inLanguage\":\"pl-PL\",\"@id\":\"https:\/\/cybul.eu\/pl\/sklep\/zestaw-bielizny-rrs-flex-fia-czarny\/#primaryimage\",\"url\":\"https:\/\/cybul.eu\/wp-content\/uploads\/2024\/06\/pol_pl_Zestaw-bielizny-RRS-Flex-R-FIA-czarny-34306_1.jpg\",\"contentUrl\":\"https:\/\/cybul.eu\/wp-content\/uploads\/2024\/06\/pol_pl_Zestaw-bielizny-RRS-Flex-R-FIA-czarny-34306_1.jpg\",\"width\":900,\"height\":900},{\"@type\":\"BreadcrumbList\",\"@id\":\"https:\/\/cybul.eu\/pl\/sklep\/zestaw-bielizny-rrs-flex-fia-czarny\/#breadcrumb\",\"itemListElement\":[{\"@type\":\"ListItem\",\"position\":1,\"name\":\"Strona g\u0142\u00f3wna\",\"item\":\"https:\/\/cybul.eu\/pl\/\"},{\"@type\":\"ListItem\",\"position\":2,\"name\":\"Sklep\",\"item\":\"https:\/\/cybul.eu\/pl\/sklep\/\"},{\"@type\":\"ListItem\",\"position\":3,\"name\":\"ZESTAW BIELIZNY RRS FLEX\u00ae &#8211; FIA &#8211; CZARNY\"}]},{\"@type\":\"WebSite\",\"@id\":\"https:\/\/cybul.eu\/pl\/#website\",\"url\":\"https:\/\/cybul.eu\/pl\/\",\"name\":\"CYBUL\",\"description\":\"\",\"potentialAction\":[{\"@type\":\"SearchAction\",\"target\":{\"@type\":\"EntryPoint\",\"urlTemplate\":\"https:\/\/cybul.eu\/pl\/?s={search_term_string}\"},\"query-input\":{\"@type\":\"PropertyValueSpecification\",\"valueRequired\":true,\"valueName\":\"search_term_string\"}}],\"inLanguage\":\"pl-PL\"}]}<\/script>\n<!-- \/ Yoast SEO plugin. -->","yoast_head_json":{"title":"ZESTAW BIELIZNY RRS FLEX\u00ae - FIA - CZARNY - CYBUL","robots":{"index":"index","follow":"follow","max-snippet":"max-snippet:-1","max-image-preview":"max-image-preview:large","max-video-preview":"max-video-preview:-1"},"canonical":"https:\/\/cybul.eu\/pl\/sklep\/zestaw-bielizny-rrs-flex-fia-czarny\/","og_locale":"pl_PL","og_type":"article","og_title":"ZESTAW BIELIZNY RRS FLEX\u00ae - FIA - CZARNY - CYBUL","og_description":"Zestaw bielizny RRS Flex\u00ae FIAHomologacja:&nbsp;FIA 8856-2018Zapewnia optymaln\u0105 ochron\u0119 przeciwpo\u017carow\u0105 i ciepln\u0105 jednocze\u015bnie zachowuj\u0105c przewiewno\u015b\u0107.Jest to mo\u017cliwe dzi\u0119ki zastosowaniu po\u0142\u0105czenia dw\u00f3ch materia\u0142\u00f3w, aramidu i wiskozy (syntetyczny jedwab).Zaprojektowana w spos\u00f3b zapewniaj\u0105cy najwy\u017cszy komfort, przewiewno\u015b\u0107 oraz bezpiecze\u0144stwo.Odzie\u017c z serii Flex wyr\u00f3\u017cnia si\u0119 od zwyk\u0142ej odzie\u017cy z Nomexu tym, \u017ce jest l\u017cejsza, bardziej elastyczna i przyjemniejsza w dotyku.Idealny stosunek ceny do jako\u015bci.W sk\u0142ad zestawu wchodz\u0105:Balaklawa - materia\u0142:&nbsp;Aramid 100%Golf - materia\u0142:&nbsp;Aramid 100%Kalesony - materia\u0142:&nbsp;Aramid 50%, Wiskoza 50%","og_url":"https:\/\/cybul.eu\/pl\/sklep\/zestaw-bielizny-rrs-flex-fia-czarny\/","og_site_name":"CYBUL","article_modified_time":"2024-06-11T19:39:05+00:00","og_image":[{"width":900,"height":900,"url":"https:\/\/cybul.eu\/wp-content\/uploads\/2024\/06\/pol_pl_Zestaw-bielizny-RRS-Flex-R-FIA-czarny-34306_1.jpg","type":"image\/jpeg"}],"twitter_card":"summary_large_image","twitter_misc":{"Szacowany czas czytania":"1 minuta"},"schema":{"@context":"https:\/\/schema.org","@graph":[{"@type":"WebPage","@id":"https:\/\/cybul.eu\/pl\/sklep\/zestaw-bielizny-rrs-flex-fia-czarny\/","url":"https:\/\/cybul.eu\/pl\/sklep\/zestaw-bielizny-rrs-flex-fia-czarny\/","name":"ZESTAW BIELIZNY RRS FLEX\u00ae - FIA - CZARNY - CYBUL","isPartOf":{"@id":"https:\/\/cybul.eu\/pl\/#website"},"primaryImageOfPage":{"@id":"https:\/\/cybul.eu\/pl\/sklep\/zestaw-bielizny-rrs-flex-fia-czarny\/#primaryimage"},"image":{"@id":"https:\/\/cybul.eu\/pl\/sklep\/zestaw-bielizny-rrs-flex-fia-czarny\/#primaryimage"},"thumbnailUrl":"https:\/\/cybul.eu\/wp-content\/uploads\/2024\/06\/pol_pl_Zestaw-bielizny-RRS-Flex-R-FIA-czarny-34306_1.jpg","datePublished":"2024-06-11T19:38:57+00:00","dateModified":"2024-06-11T19:39:05+00:00","breadcrumb":{"@id":"https:\/\/cybul.eu\/pl\/sklep\/zestaw-bielizny-rrs-flex-fia-czarny\/#breadcrumb"},"inLanguage":"pl-PL","potentialAction":[{"@type":"ReadAction","target":["https:\/\/cybul.eu\/pl\/sklep\/zestaw-bielizny-rrs-flex-fia-czarny\/"]}]},{"@type":"ImageObject","inLanguage":"pl-PL","@id":"https:\/\/cybul.eu\/pl\/sklep\/zestaw-bielizny-rrs-flex-fia-czarny\/#primaryimage","url":"https:\/\/cybul.eu\/wp-content\/uploads\/2024\/06\/pol_pl_Zestaw-bielizny-RRS-Flex-R-FIA-czarny-34306_1.jpg","contentUrl":"https:\/\/cybul.eu\/wp-content\/uploads\/2024\/06\/pol_pl_Zestaw-bielizny-RRS-Flex-R-FIA-czarny-34306_1.jpg","width":900,"height":900},{"@type":"BreadcrumbList","@id":"https:\/\/cybul.eu\/pl\/sklep\/zestaw-bielizny-rrs-flex-fia-czarny\/#breadcrumb","itemListElement":[{"@type":"ListItem","position":1,"name":"Strona g\u0142\u00f3wna","item":"https:\/\/cybul.eu\/pl\/"},{"@type":"ListItem","position":2,"name":"Sklep","item":"https:\/\/cybul.eu\/pl\/sklep\/"},{"@type":"ListItem","position":3,"name":"ZESTAW BIELIZNY RRS FLEX\u00ae &#8211; FIA &#8211; CZARNY"}]},{"@type":"WebSite","@id":"https:\/\/cybul.eu\/pl\/#website","url":"https:\/\/cybul.eu\/pl\/","name":"CYBUL","description":"","potentialAction":[{"@type":"SearchAction","target":{"@type":"EntryPoint","urlTemplate":"https:\/\/cybul.eu\/pl\/?s={search_term_string}"},"query-input":{"@type":"PropertyValueSpecification","valueRequired":true,"valueName":"search_term_string"}}],"inLanguage":"pl-PL"}]}},"_links":{"self":[{"href":"https:\/\/cybul.eu\/pl\/wp-json\/wp\/v2\/product\/14362","targetHints":{"allow":["GET"]}}],"collection":[{"href":"https:\/\/cybul.eu\/pl\/wp-json\/wp\/v2\/product"}],"about":[{"href":"https:\/\/cybul.eu\/pl\/wp-json\/wp\/v2\/types\/product"}],"replies":[{"embeddable":true,"href":"https:\/\/cybul.eu\/pl\/wp-json\/wp\/v2\/comments?post=14362"}],"wp:featuredmedia":[{"embeddable":true,"href":"https:\/\/cybul.eu\/pl\/wp-json\/wp\/v2\/media\/14284"}],"wp:attachment":[{"href":"https:\/\/cybul.eu\/pl\/wp-json\/wp\/v2\/media?parent=14362"}],"wp:term":[{"taxonomy":"product_cat","embeddable":true,"href":"https:\/\/cybul.eu\/pl\/wp-json\/wp\/v2\/product_cat?post=14362"},{"taxonomy":"product_tag","embeddable":true,"href":"https:\/\/cybul.eu\/pl\/wp-json\/wp\/v2\/product_tag?post=14362"}],"curies":[{"name":"wp","href":"https:\/\/api.w.org\/{rel}","templated":true}]}}