{"id":14249,"date":"2024-06-11T21:26:08","date_gmt":"2024-06-11T19:26:08","guid":{"rendered":"https:\/\/cybul.eu\/shop\/skarpety-sparco-shield-rw-9-2\/"},"modified":"2024-06-11T21:26:18","modified_gmt":"2024-06-11T19:26:18","slug":"skarpety-sparco-shield-rw-9-2","status":"publish","type":"product","link":"https:\/\/cybul.eu\/pl\/sklep\/skarpety-sparco-shield-rw-9-2\/","title":{"rendered":"SKARPETY SPARCO SHIELD RW-9"},"content":{"rendered":"<p><strong>Skarpety Sparco Shield RW-9<\/p>\n<p><\/strong>Homologacja<strong> <strong>FIA 8856-2000&nbsp;<span style=\"color: #ff0000;\">(Wa\u017cna do 2028 roku)<\/span><\/p>\n<p><\/strong><\/strong>Bardzo wygodne oraz przyjemne w dotyku skarpety zapewniaj\u0105 komfort u\u017cytkowania i uczucie ch\u0142odu.<br \/>Zaawansowana technologia chemiczna sprawia, \u017ce podczas noszenia wydzielany jest specjalny aktywny sk\u0142adnik zawieraj\u0105cy mentol i jony srebra.<br \/>Mentol, znany z w\u0142a\u015bciwo\u015bci ch\u0142odz\u0105cych, zapewnia u\u017cytkownikowi wysoki komfort u\u017cytkowania.<br \/>Jony srebra i mentol zapewniaj\u0105 wysoki poziom \u015bwie\u017co\u015bci.<\/p>\n","protected":false},"excerpt":{"rendered":"<p><strong>Skarpety Sparco Shield RW-9<\/p>\n<p><\/strong>Homologacja<strong> <strong>FIA 8856-2000&nbsp;<span style=\"color: #ff0000;\">(Wa\u017cna do 2028 roku)<\/span><\/p>\n<p><\/strong><\/strong>Bardzo wygodne oraz przyjemne w dotyku skarpety zapewniaj\u0105 komfort u\u017cytkowania i uczucie ch\u0142odu.<br \/>Zaawansowana technologia chemiczna sprawia, \u017ce podczas noszenia wydzielany jest specjalny aktywny sk\u0142adnik zawieraj\u0105cy mentol i jony srebra.<br \/>Mentol, znany z w\u0142a\u015bciwo\u015bci ch\u0142odz\u0105cych, zapewnia u\u017cytkownikowi wysoki komfort u\u017cytkowania.<br \/>Jony srebra i mentol zapewniaj\u0105 wysoki poziom \u015bwie\u017co\u015bci.<\/p>\n","protected":false},"featured_media":14224,"comment_status":"closed","ping_status":"open","template":"","meta":[],"product_cat":[574,560],"product_tag":[],"class_list":{"0":"post-14249","1":"product","2":"type-product","3":"status-publish","4":"has-post-thumbnail","6":"product_cat-skarpety","7":"product_cat-odziez-rajdowa-fia","9":"first","10":"instock","11":"taxable","12":"shipping-taxable","13":"purchasable","14":"product-type-simple"},"bundled_by":[],"bundle_stock_status":"instock","bundle_stock_quantity":null,"bundle_virtual":false,"bundle_layout":"","bundle_add_to_cart_form_location":"","bundle_editable_in_cart":false,"bundle_sold_individually_context":"","bundle_item_grouping":"","bundle_min_size":"","bundle_max_size":"","bundle_price":[],"bundled_items":[],"bundle_sell_ids":[],"acf":{"zdjecie_bez_watermarka":null,"zdjecie_bez_watermarka_url":"","product_orgin_url":"https:\/\/inter-rally.pl\/product-eng-959-Skarpety-Sparco-Shield-RW-9.html"},"yoast_head":"<!-- This site is optimized with the Yoast SEO plugin v23.9 - https:\/\/yoast.com\/wordpress\/plugins\/seo\/ -->\n<title>SKARPETY SPARCO SHIELD RW-9 - CYBUL<\/title>\n<meta name=\"robots\" content=\"index, follow, max-snippet:-1, max-image-preview:large, max-video-preview:-1\" \/>\n<link rel=\"canonical\" href=\"https:\/\/cybul.eu\/pl\/sklep\/skarpety-sparco-shield-rw-9-2\/\" \/>\n<meta property=\"og:locale\" content=\"pl_PL\" \/>\n<meta property=\"og:type\" content=\"article\" \/>\n<meta property=\"og:title\" content=\"SKARPETY SPARCO SHIELD RW-9 - CYBUL\" \/>\n<meta property=\"og:description\" content=\"Skarpety Sparco Shield RW-9Homologacja FIA 8856-2000&nbsp;(Wa\u017cna do 2028 roku)Bardzo wygodne oraz przyjemne w dotyku skarpety zapewniaj\u0105 komfort u\u017cytkowania i uczucie ch\u0142odu.Zaawansowana technologia chemiczna sprawia, \u017ce podczas noszenia wydzielany jest specjalny aktywny sk\u0142adnik zawieraj\u0105cy mentol i jony srebra.Mentol, znany z w\u0142a\u015bciwo\u015bci ch\u0142odz\u0105cych, zapewnia u\u017cytkownikowi wysoki komfort u\u017cytkowania.Jony srebra i mentol zapewniaj\u0105 wysoki poziom \u015bwie\u017co\u015bci.\" \/>\n<meta property=\"og:url\" content=\"https:\/\/cybul.eu\/pl\/sklep\/skarpety-sparco-shield-rw-9-2\/\" \/>\n<meta property=\"og:site_name\" content=\"CYBUL\" \/>\n<meta property=\"article:modified_time\" content=\"2024-06-11T19:26:18+00:00\" \/>\n<meta property=\"og:image\" content=\"https:\/\/cybul.eu\/wp-content\/uploads\/2024\/06\/pol_pl_Skarpety-Sparco-Shield-RW-9-959_1.jpg\" \/>\n\t<meta property=\"og:image:width\" content=\"900\" \/>\n\t<meta property=\"og:image:height\" content=\"900\" \/>\n\t<meta property=\"og:image:type\" content=\"image\/jpeg\" \/>\n<meta name=\"twitter:card\" content=\"summary_large_image\" \/>\n<script type=\"application\/ld+json\" class=\"yoast-schema-graph\">{\"@context\":\"https:\/\/schema.org\",\"@graph\":[{\"@type\":\"WebPage\",\"@id\":\"https:\/\/cybul.eu\/pl\/sklep\/skarpety-sparco-shield-rw-9-2\/\",\"url\":\"https:\/\/cybul.eu\/pl\/sklep\/skarpety-sparco-shield-rw-9-2\/\",\"name\":\"SKARPETY SPARCO SHIELD RW-9 - CYBUL\",\"isPartOf\":{\"@id\":\"https:\/\/cybul.eu\/pl\/#website\"},\"primaryImageOfPage\":{\"@id\":\"https:\/\/cybul.eu\/pl\/sklep\/skarpety-sparco-shield-rw-9-2\/#primaryimage\"},\"image\":{\"@id\":\"https:\/\/cybul.eu\/pl\/sklep\/skarpety-sparco-shield-rw-9-2\/#primaryimage\"},\"thumbnailUrl\":\"https:\/\/cybul.eu\/wp-content\/uploads\/2024\/06\/pol_pl_Skarpety-Sparco-Shield-RW-9-959_1.jpg\",\"datePublished\":\"2024-06-11T19:26:08+00:00\",\"dateModified\":\"2024-06-11T19:26:18+00:00\",\"breadcrumb\":{\"@id\":\"https:\/\/cybul.eu\/pl\/sklep\/skarpety-sparco-shield-rw-9-2\/#breadcrumb\"},\"inLanguage\":\"pl-PL\",\"potentialAction\":[{\"@type\":\"ReadAction\",\"target\":[\"https:\/\/cybul.eu\/pl\/sklep\/skarpety-sparco-shield-rw-9-2\/\"]}]},{\"@type\":\"ImageObject\",\"inLanguage\":\"pl-PL\",\"@id\":\"https:\/\/cybul.eu\/pl\/sklep\/skarpety-sparco-shield-rw-9-2\/#primaryimage\",\"url\":\"https:\/\/cybul.eu\/wp-content\/uploads\/2024\/06\/pol_pl_Skarpety-Sparco-Shield-RW-9-959_1.jpg\",\"contentUrl\":\"https:\/\/cybul.eu\/wp-content\/uploads\/2024\/06\/pol_pl_Skarpety-Sparco-Shield-RW-9-959_1.jpg\",\"width\":900,\"height\":900},{\"@type\":\"BreadcrumbList\",\"@id\":\"https:\/\/cybul.eu\/pl\/sklep\/skarpety-sparco-shield-rw-9-2\/#breadcrumb\",\"itemListElement\":[{\"@type\":\"ListItem\",\"position\":1,\"name\":\"Strona g\u0142\u00f3wna\",\"item\":\"https:\/\/cybul.eu\/pl\/\"},{\"@type\":\"ListItem\",\"position\":2,\"name\":\"Sklep\",\"item\":\"https:\/\/cybul.eu\/pl\/sklep\/\"},{\"@type\":\"ListItem\",\"position\":3,\"name\":\"SKARPETY SPARCO SHIELD RW-9\"}]},{\"@type\":\"WebSite\",\"@id\":\"https:\/\/cybul.eu\/pl\/#website\",\"url\":\"https:\/\/cybul.eu\/pl\/\",\"name\":\"CYBUL\",\"description\":\"\",\"potentialAction\":[{\"@type\":\"SearchAction\",\"target\":{\"@type\":\"EntryPoint\",\"urlTemplate\":\"https:\/\/cybul.eu\/pl\/?s={search_term_string}\"},\"query-input\":{\"@type\":\"PropertyValueSpecification\",\"valueRequired\":true,\"valueName\":\"search_term_string\"}}],\"inLanguage\":\"pl-PL\"}]}<\/script>\n<!-- \/ Yoast SEO plugin. -->","yoast_head_json":{"title":"SKARPETY SPARCO SHIELD RW-9 - CYBUL","robots":{"index":"index","follow":"follow","max-snippet":"max-snippet:-1","max-image-preview":"max-image-preview:large","max-video-preview":"max-video-preview:-1"},"canonical":"https:\/\/cybul.eu\/pl\/sklep\/skarpety-sparco-shield-rw-9-2\/","og_locale":"pl_PL","og_type":"article","og_title":"SKARPETY SPARCO SHIELD RW-9 - CYBUL","og_description":"Skarpety Sparco Shield RW-9Homologacja FIA 8856-2000&nbsp;(Wa\u017cna do 2028 roku)Bardzo wygodne oraz przyjemne w dotyku skarpety zapewniaj\u0105 komfort u\u017cytkowania i uczucie ch\u0142odu.Zaawansowana technologia chemiczna sprawia, \u017ce podczas noszenia wydzielany jest specjalny aktywny sk\u0142adnik zawieraj\u0105cy mentol i jony srebra.Mentol, znany z w\u0142a\u015bciwo\u015bci ch\u0142odz\u0105cych, zapewnia u\u017cytkownikowi wysoki komfort u\u017cytkowania.Jony srebra i mentol zapewniaj\u0105 wysoki poziom \u015bwie\u017co\u015bci.","og_url":"https:\/\/cybul.eu\/pl\/sklep\/skarpety-sparco-shield-rw-9-2\/","og_site_name":"CYBUL","article_modified_time":"2024-06-11T19:26:18+00:00","og_image":[{"width":900,"height":900,"url":"https:\/\/cybul.eu\/wp-content\/uploads\/2024\/06\/pol_pl_Skarpety-Sparco-Shield-RW-9-959_1.jpg","type":"image\/jpeg"}],"twitter_card":"summary_large_image","schema":{"@context":"https:\/\/schema.org","@graph":[{"@type":"WebPage","@id":"https:\/\/cybul.eu\/pl\/sklep\/skarpety-sparco-shield-rw-9-2\/","url":"https:\/\/cybul.eu\/pl\/sklep\/skarpety-sparco-shield-rw-9-2\/","name":"SKARPETY SPARCO SHIELD RW-9 - CYBUL","isPartOf":{"@id":"https:\/\/cybul.eu\/pl\/#website"},"primaryImageOfPage":{"@id":"https:\/\/cybul.eu\/pl\/sklep\/skarpety-sparco-shield-rw-9-2\/#primaryimage"},"image":{"@id":"https:\/\/cybul.eu\/pl\/sklep\/skarpety-sparco-shield-rw-9-2\/#primaryimage"},"thumbnailUrl":"https:\/\/cybul.eu\/wp-content\/uploads\/2024\/06\/pol_pl_Skarpety-Sparco-Shield-RW-9-959_1.jpg","datePublished":"2024-06-11T19:26:08+00:00","dateModified":"2024-06-11T19:26:18+00:00","breadcrumb":{"@id":"https:\/\/cybul.eu\/pl\/sklep\/skarpety-sparco-shield-rw-9-2\/#breadcrumb"},"inLanguage":"pl-PL","potentialAction":[{"@type":"ReadAction","target":["https:\/\/cybul.eu\/pl\/sklep\/skarpety-sparco-shield-rw-9-2\/"]}]},{"@type":"ImageObject","inLanguage":"pl-PL","@id":"https:\/\/cybul.eu\/pl\/sklep\/skarpety-sparco-shield-rw-9-2\/#primaryimage","url":"https:\/\/cybul.eu\/wp-content\/uploads\/2024\/06\/pol_pl_Skarpety-Sparco-Shield-RW-9-959_1.jpg","contentUrl":"https:\/\/cybul.eu\/wp-content\/uploads\/2024\/06\/pol_pl_Skarpety-Sparco-Shield-RW-9-959_1.jpg","width":900,"height":900},{"@type":"BreadcrumbList","@id":"https:\/\/cybul.eu\/pl\/sklep\/skarpety-sparco-shield-rw-9-2\/#breadcrumb","itemListElement":[{"@type":"ListItem","position":1,"name":"Strona g\u0142\u00f3wna","item":"https:\/\/cybul.eu\/pl\/"},{"@type":"ListItem","position":2,"name":"Sklep","item":"https:\/\/cybul.eu\/pl\/sklep\/"},{"@type":"ListItem","position":3,"name":"SKARPETY SPARCO SHIELD RW-9"}]},{"@type":"WebSite","@id":"https:\/\/cybul.eu\/pl\/#website","url":"https:\/\/cybul.eu\/pl\/","name":"CYBUL","description":"","potentialAction":[{"@type":"SearchAction","target":{"@type":"EntryPoint","urlTemplate":"https:\/\/cybul.eu\/pl\/?s={search_term_string}"},"query-input":{"@type":"PropertyValueSpecification","valueRequired":true,"valueName":"search_term_string"}}],"inLanguage":"pl-PL"}]}},"_links":{"self":[{"href":"https:\/\/cybul.eu\/pl\/wp-json\/wp\/v2\/product\/14249","targetHints":{"allow":["GET"]}}],"collection":[{"href":"https:\/\/cybul.eu\/pl\/wp-json\/wp\/v2\/product"}],"about":[{"href":"https:\/\/cybul.eu\/pl\/wp-json\/wp\/v2\/types\/product"}],"replies":[{"embeddable":true,"href":"https:\/\/cybul.eu\/pl\/wp-json\/wp\/v2\/comments?post=14249"}],"wp:featuredmedia":[{"embeddable":true,"href":"https:\/\/cybul.eu\/pl\/wp-json\/wp\/v2\/media\/14224"}],"wp:attachment":[{"href":"https:\/\/cybul.eu\/pl\/wp-json\/wp\/v2\/media?parent=14249"}],"wp:term":[{"taxonomy":"product_cat","embeddable":true,"href":"https:\/\/cybul.eu\/pl\/wp-json\/wp\/v2\/product_cat?post=14249"},{"taxonomy":"product_tag","embeddable":true,"href":"https:\/\/cybul.eu\/pl\/wp-json\/wp\/v2\/product_tag?post=14249"}],"curies":[{"name":"wp","href":"https:\/\/api.w.org\/{rel}","templated":true}]}}