{"id":13909,"date":"2024-06-11T21:01:12","date_gmt":"2024-06-11T19:01:12","guid":{"rendered":"https:\/\/cybul.eu\/shop\/golf-alpinestars-race-v3-2\/"},"modified":"2024-06-11T21:01:20","modified_gmt":"2024-06-11T19:01:20","slug":"golf-alpinestars-race-v3-2","status":"publish","type":"product","link":"https:\/\/cybul.eu\/pl\/sklep\/golf-alpinestars-race-v3-2\/","title":{"rendered":"GOLF ALPINESTARS RACE V3"},"content":{"rendered":"<div><strong>Golf Alpinestars Race V3<\/p>\n<p><\/strong>Homologacja: <strong>FIA 8856-2018<\/strong><\/p>\n<p>Golf&nbsp;Race V3 firmy Alpinestars zosta\u0142 zaprojektowany tak, aby zapewni\u0107 wy\u017cszy poziom ochrony przed ciep\u0142em i p\u0142omieniem, a tak\u017ce \u015bcis\u0142e i wygodne dopasowanie.<\/p>\n<p>Zbudowany z materia\u0142u Lenzing FR, kt\u00f3ry zapewnia wyj\u0105tkow\u0105 odporno\u015b\u0107 na ciep\u0142o i p\u0142omie\u0144, aby zapewni\u0107 maksymalne bezpiecze\u0144stwo<br \/>Elastan zawarty w materiale pozwala na rozci\u0105ganie co zmniejsza ograniczenia ruchu<br \/>Mi\u0119kki w dotyku materia\u0142 minimalizuje podra\u017cnienia sk\u00f3ry<\/div>\n<div><strong>Tabela rozmiar\u00f3w:<\/strong><br \/><img loading=\"lazy\" decoding=\"async\" style=\"display: block; margin-left: auto; margin-right: auto;\" src=\"\/data\/include\/cms\/Alpinestars\/tabela_bielizna.jpg\" border=\"0\" alt=\"\" width=\"657\" height=\"391\"><\/div>\n","protected":false},"excerpt":{"rendered":"<p>Golf Alpinestars Race V3 Homologacja: FIA 8856-2018 Golf&nbsp;Race V3 firmy Alpinestars zosta\u0142 zaprojektowany tak, aby zapewni\u0107 wy\u017cszy poziom ochrony przed ciep\u0142em i p\u0142omieniem, a tak\u017ce \u015bcis\u0142e i wygodne dopasowanie. Zbudowany z materia\u0142u Lenzing FR, kt\u00f3ry zapewnia wyj\u0105tkow\u0105 odporno\u015b\u0107 na ciep\u0142o i p\u0142omie\u0144, aby zapewni\u0107 maksymalne bezpiecze\u0144stwoElastan zawarty w materiale pozwala na rozci\u0105ganie co zmniejsza ograniczenia [&#8230;]\n","protected":false},"featured_media":13771,"comment_status":"closed","ping_status":"open","template":"","meta":[],"product_cat":[570,560],"product_tag":[],"class_list":{"0":"post-13909","1":"product","2":"type-product","3":"status-publish","4":"has-post-thumbnail","6":"product_cat-golfy","7":"product_cat-odziez-rajdowa-fia","9":"first","10":"instock","11":"taxable","12":"shipping-taxable","13":"purchasable","14":"product-type-simple"},"bundled_by":[],"bundle_stock_status":"instock","bundle_stock_quantity":null,"bundle_virtual":false,"bundle_layout":"","bundle_add_to_cart_form_location":"","bundle_editable_in_cart":false,"bundle_sold_individually_context":"","bundle_item_grouping":"","bundle_min_size":"","bundle_max_size":"","bundle_price":[],"bundled_items":[],"bundle_sell_ids":[],"acf":{"zdjecie_bez_watermarka":null,"zdjecie_bez_watermarka_url":"","product_orgin_url":"https:\/\/inter-rally.pl\/product-eng-9770-Golf-Alpinestars-Race-V3.html"},"yoast_head":"<!-- This site is optimized with the Yoast SEO plugin v23.9 - https:\/\/yoast.com\/wordpress\/plugins\/seo\/ -->\n<title>GOLF ALPINESTARS RACE V3 - CYBUL<\/title>\n<meta name=\"robots\" content=\"index, follow, max-snippet:-1, max-image-preview:large, max-video-preview:-1\" \/>\n<link rel=\"canonical\" href=\"https:\/\/cybul.eu\/pl\/sklep\/golf-alpinestars-race-v3-2\/\" \/>\n<meta property=\"og:locale\" content=\"pl_PL\" \/>\n<meta property=\"og:type\" content=\"article\" \/>\n<meta property=\"og:title\" content=\"GOLF ALPINESTARS RACE V3 - CYBUL\" \/>\n<meta property=\"og:description\" content=\"Golf Alpinestars Race V3 Homologacja: FIA 8856-2018 Golf&nbsp;Race V3 firmy Alpinestars zosta\u0142 zaprojektowany tak, aby zapewni\u0107 wy\u017cszy poziom ochrony przed ciep\u0142em i p\u0142omieniem, a tak\u017ce \u015bcis\u0142e i wygodne dopasowanie. Zbudowany z materia\u0142u Lenzing FR, kt\u00f3ry zapewnia wyj\u0105tkow\u0105 odporno\u015b\u0107 na ciep\u0142o i p\u0142omie\u0144, aby zapewni\u0107 maksymalne bezpiecze\u0144stwoElastan zawarty w materiale pozwala na rozci\u0105ganie co zmniejsza ograniczenia [...]\" \/>\n<meta property=\"og:url\" content=\"https:\/\/cybul.eu\/pl\/sklep\/golf-alpinestars-race-v3-2\/\" \/>\n<meta property=\"og:site_name\" content=\"CYBUL\" \/>\n<meta property=\"article:modified_time\" content=\"2024-06-11T19:01:20+00:00\" \/>\n<meta property=\"og:image\" content=\"https:\/\/cybul.eu\/wp-content\/uploads\/2024\/06\/pol_pl_Golf-Alpinestars-Race-V3-9770_4.jpg\" \/>\n\t<meta property=\"og:image:width\" content=\"900\" \/>\n\t<meta property=\"og:image:height\" content=\"900\" \/>\n\t<meta property=\"og:image:type\" content=\"image\/jpeg\" \/>\n<meta name=\"twitter:card\" content=\"summary_large_image\" \/>\n<script type=\"application\/ld+json\" class=\"yoast-schema-graph\">{\"@context\":\"https:\/\/schema.org\",\"@graph\":[{\"@type\":\"WebPage\",\"@id\":\"https:\/\/cybul.eu\/pl\/sklep\/golf-alpinestars-race-v3-2\/\",\"url\":\"https:\/\/cybul.eu\/pl\/sklep\/golf-alpinestars-race-v3-2\/\",\"name\":\"GOLF ALPINESTARS RACE V3 - CYBUL\",\"isPartOf\":{\"@id\":\"https:\/\/cybul.eu\/pl\/#website\"},\"primaryImageOfPage\":{\"@id\":\"https:\/\/cybul.eu\/pl\/sklep\/golf-alpinestars-race-v3-2\/#primaryimage\"},\"image\":{\"@id\":\"https:\/\/cybul.eu\/pl\/sklep\/golf-alpinestars-race-v3-2\/#primaryimage\"},\"thumbnailUrl\":\"https:\/\/cybul.eu\/wp-content\/uploads\/2024\/06\/pol_pl_Golf-Alpinestars-Race-V3-9770_4.jpg\",\"datePublished\":\"2024-06-11T19:01:12+00:00\",\"dateModified\":\"2024-06-11T19:01:20+00:00\",\"breadcrumb\":{\"@id\":\"https:\/\/cybul.eu\/pl\/sklep\/golf-alpinestars-race-v3-2\/#breadcrumb\"},\"inLanguage\":\"pl-PL\",\"potentialAction\":[{\"@type\":\"ReadAction\",\"target\":[\"https:\/\/cybul.eu\/pl\/sklep\/golf-alpinestars-race-v3-2\/\"]}]},{\"@type\":\"ImageObject\",\"inLanguage\":\"pl-PL\",\"@id\":\"https:\/\/cybul.eu\/pl\/sklep\/golf-alpinestars-race-v3-2\/#primaryimage\",\"url\":\"https:\/\/cybul.eu\/wp-content\/uploads\/2024\/06\/pol_pl_Golf-Alpinestars-Race-V3-9770_4.jpg\",\"contentUrl\":\"https:\/\/cybul.eu\/wp-content\/uploads\/2024\/06\/pol_pl_Golf-Alpinestars-Race-V3-9770_4.jpg\",\"width\":900,\"height\":900},{\"@type\":\"BreadcrumbList\",\"@id\":\"https:\/\/cybul.eu\/pl\/sklep\/golf-alpinestars-race-v3-2\/#breadcrumb\",\"itemListElement\":[{\"@type\":\"ListItem\",\"position\":1,\"name\":\"Strona g\u0142\u00f3wna\",\"item\":\"https:\/\/cybul.eu\/pl\/\"},{\"@type\":\"ListItem\",\"position\":2,\"name\":\"Sklep\",\"item\":\"https:\/\/cybul.eu\/pl\/sklep\/\"},{\"@type\":\"ListItem\",\"position\":3,\"name\":\"GOLF ALPINESTARS RACE V3\"}]},{\"@type\":\"WebSite\",\"@id\":\"https:\/\/cybul.eu\/pl\/#website\",\"url\":\"https:\/\/cybul.eu\/pl\/\",\"name\":\"CYBUL\",\"description\":\"\",\"potentialAction\":[{\"@type\":\"SearchAction\",\"target\":{\"@type\":\"EntryPoint\",\"urlTemplate\":\"https:\/\/cybul.eu\/pl\/?s={search_term_string}\"},\"query-input\":{\"@type\":\"PropertyValueSpecification\",\"valueRequired\":true,\"valueName\":\"search_term_string\"}}],\"inLanguage\":\"pl-PL\"}]}<\/script>\n<!-- \/ Yoast SEO plugin. -->","yoast_head_json":{"title":"GOLF ALPINESTARS RACE V3 - CYBUL","robots":{"index":"index","follow":"follow","max-snippet":"max-snippet:-1","max-image-preview":"max-image-preview:large","max-video-preview":"max-video-preview:-1"},"canonical":"https:\/\/cybul.eu\/pl\/sklep\/golf-alpinestars-race-v3-2\/","og_locale":"pl_PL","og_type":"article","og_title":"GOLF ALPINESTARS RACE V3 - CYBUL","og_description":"Golf Alpinestars Race V3 Homologacja: FIA 8856-2018 Golf&nbsp;Race V3 firmy Alpinestars zosta\u0142 zaprojektowany tak, aby zapewni\u0107 wy\u017cszy poziom ochrony przed ciep\u0142em i p\u0142omieniem, a tak\u017ce \u015bcis\u0142e i wygodne dopasowanie. Zbudowany z materia\u0142u Lenzing FR, kt\u00f3ry zapewnia wyj\u0105tkow\u0105 odporno\u015b\u0107 na ciep\u0142o i p\u0142omie\u0144, aby zapewni\u0107 maksymalne bezpiecze\u0144stwoElastan zawarty w materiale pozwala na rozci\u0105ganie co zmniejsza ograniczenia [...]","og_url":"https:\/\/cybul.eu\/pl\/sklep\/golf-alpinestars-race-v3-2\/","og_site_name":"CYBUL","article_modified_time":"2024-06-11T19:01:20+00:00","og_image":[{"width":900,"height":900,"url":"https:\/\/cybul.eu\/wp-content\/uploads\/2024\/06\/pol_pl_Golf-Alpinestars-Race-V3-9770_4.jpg","type":"image\/jpeg"}],"twitter_card":"summary_large_image","schema":{"@context":"https:\/\/schema.org","@graph":[{"@type":"WebPage","@id":"https:\/\/cybul.eu\/pl\/sklep\/golf-alpinestars-race-v3-2\/","url":"https:\/\/cybul.eu\/pl\/sklep\/golf-alpinestars-race-v3-2\/","name":"GOLF ALPINESTARS RACE V3 - CYBUL","isPartOf":{"@id":"https:\/\/cybul.eu\/pl\/#website"},"primaryImageOfPage":{"@id":"https:\/\/cybul.eu\/pl\/sklep\/golf-alpinestars-race-v3-2\/#primaryimage"},"image":{"@id":"https:\/\/cybul.eu\/pl\/sklep\/golf-alpinestars-race-v3-2\/#primaryimage"},"thumbnailUrl":"https:\/\/cybul.eu\/wp-content\/uploads\/2024\/06\/pol_pl_Golf-Alpinestars-Race-V3-9770_4.jpg","datePublished":"2024-06-11T19:01:12+00:00","dateModified":"2024-06-11T19:01:20+00:00","breadcrumb":{"@id":"https:\/\/cybul.eu\/pl\/sklep\/golf-alpinestars-race-v3-2\/#breadcrumb"},"inLanguage":"pl-PL","potentialAction":[{"@type":"ReadAction","target":["https:\/\/cybul.eu\/pl\/sklep\/golf-alpinestars-race-v3-2\/"]}]},{"@type":"ImageObject","inLanguage":"pl-PL","@id":"https:\/\/cybul.eu\/pl\/sklep\/golf-alpinestars-race-v3-2\/#primaryimage","url":"https:\/\/cybul.eu\/wp-content\/uploads\/2024\/06\/pol_pl_Golf-Alpinestars-Race-V3-9770_4.jpg","contentUrl":"https:\/\/cybul.eu\/wp-content\/uploads\/2024\/06\/pol_pl_Golf-Alpinestars-Race-V3-9770_4.jpg","width":900,"height":900},{"@type":"BreadcrumbList","@id":"https:\/\/cybul.eu\/pl\/sklep\/golf-alpinestars-race-v3-2\/#breadcrumb","itemListElement":[{"@type":"ListItem","position":1,"name":"Strona g\u0142\u00f3wna","item":"https:\/\/cybul.eu\/pl\/"},{"@type":"ListItem","position":2,"name":"Sklep","item":"https:\/\/cybul.eu\/pl\/sklep\/"},{"@type":"ListItem","position":3,"name":"GOLF ALPINESTARS RACE V3"}]},{"@type":"WebSite","@id":"https:\/\/cybul.eu\/pl\/#website","url":"https:\/\/cybul.eu\/pl\/","name":"CYBUL","description":"","potentialAction":[{"@type":"SearchAction","target":{"@type":"EntryPoint","urlTemplate":"https:\/\/cybul.eu\/pl\/?s={search_term_string}"},"query-input":{"@type":"PropertyValueSpecification","valueRequired":true,"valueName":"search_term_string"}}],"inLanguage":"pl-PL"}]}},"_links":{"self":[{"href":"https:\/\/cybul.eu\/pl\/wp-json\/wp\/v2\/product\/13909","targetHints":{"allow":["GET"]}}],"collection":[{"href":"https:\/\/cybul.eu\/pl\/wp-json\/wp\/v2\/product"}],"about":[{"href":"https:\/\/cybul.eu\/pl\/wp-json\/wp\/v2\/types\/product"}],"replies":[{"embeddable":true,"href":"https:\/\/cybul.eu\/pl\/wp-json\/wp\/v2\/comments?post=13909"}],"wp:featuredmedia":[{"embeddable":true,"href":"https:\/\/cybul.eu\/pl\/wp-json\/wp\/v2\/media\/13771"}],"wp:attachment":[{"href":"https:\/\/cybul.eu\/pl\/wp-json\/wp\/v2\/media?parent=13909"}],"wp:term":[{"taxonomy":"product_cat","embeddable":true,"href":"https:\/\/cybul.eu\/pl\/wp-json\/wp\/v2\/product_cat?post=13909"},{"taxonomy":"product_tag","embeddable":true,"href":"https:\/\/cybul.eu\/pl\/wp-json\/wp\/v2\/product_tag?post=13909"}],"curies":[{"name":"wp","href":"https:\/\/api.w.org\/{rel}","templated":true}]}}