{"id":13901,"date":"2024-06-11T21:01:12","date_gmt":"2024-06-11T19:01:12","guid":{"rendered":"https:\/\/cybul.eu\/shop\/golf-sparco-rw-4\/"},"modified":"2024-06-11T21:01:15","modified_gmt":"2024-06-11T19:01:15","slug":"golf-sparco-rw-4","status":"publish","type":"product","link":"https:\/\/cybul.eu\/pl\/sklep\/golf-sparco-rw-4\/","title":{"rendered":"GOLF SPARCO RW-4"},"content":{"rendered":"<p><strong>Golf Sparco RW-4<\/strong><\/p>\n<p>Homologacja: <strong>FIA 8856-2018<br \/><\/strong><br \/>Wykonane z mi\u0119kkiego w dotyku, ognioodpornego materia\u0142u, kt\u00f3ry zapewnia bardziej regularne, wygodne dopasowanie z wysokim poziomem ochrony przed gor\u0105cem i p\u0142omieniami.<\/p>\n<p>&#8211; Wysoce wygodny, mi\u0119kki w dotyku materia\u0142<br \/>&#8211;&nbsp;Swobodny kszta\u0142t dla bardziej regularnego dopasowania<br \/>&#8211;&nbsp;Wysoki poziom ochrony przed gor\u0105cem i p\u0142omieniem<\/p>\n<p><strong>Wymiary:<\/strong><br \/><strong>S<\/strong> &#8211; 90-97cm klatka piersiowa<br \/><strong>M<\/strong> &#8211;&nbsp;98-105cm&nbsp;<span>klatka piersiowa<\/span><br \/><strong>L<\/strong> &#8211;&nbsp;106-113cm&nbsp;<span>klatka piersiowa<\/span><br \/><strong>XL<\/strong> &#8211; 114-121cm&nbsp;<span>klatka piersiowa<\/span><br \/><strong>XXL<\/strong> &#8211;&nbsp;122-129cm&nbsp;<span>klatka piersiowa<\/span><\/p>\n","protected":false},"excerpt":{"rendered":"<p><strong>Golf Sparco RW-4<\/strong><\/p>\n<p>Homologacja: <strong>FIA 8856-2018<br \/><\/strong><br \/>Wykonane z mi\u0119kkiego w dotyku, ognioodpornego materia\u0142u, kt\u00f3ry zapewnia bardziej regularne, wygodne dopasowanie z wysokim poziomem ochrony przed gor\u0105cem i p\u0142omieniami.<\/p>\n<p>&#8211; Wysoce wygodny, mi\u0119kki w dotyku materia\u0142<br \/>&#8211;&nbsp;Swobodny kszta\u0142t dla bardziej regularnego dopasowania<br \/>&#8211;&nbsp;Wysoki poziom ochrony przed gor\u0105cem i p\u0142omieniem<\/p>\n<p><strong>Wymiary:<\/strong><br \/><strong>S<\/strong> &#8211; 90-97cm klatka piersiowa<br \/><strong>M<\/strong> &#8211;&nbsp;98-105cm&nbsp;<span>klatka piersiowa<\/span><br \/><strong>L<\/strong> &#8211;&nbsp;106-113cm&nbsp;<span>klatka piersiowa<\/span><br \/><strong>XL<\/strong> &#8211; 114-121cm&nbsp;<span>klatka piersiowa<\/span><br \/><strong>XXL<\/strong> &#8211;&nbsp;122-129cm&nbsp;<span>klatka piersiowa<\/span><\/p>\n","protected":false},"featured_media":13737,"comment_status":"closed","ping_status":"open","template":"","meta":[],"product_cat":[570,560],"product_tag":[],"class_list":{"0":"post-13901","1":"product","2":"type-product","3":"status-publish","4":"has-post-thumbnail","6":"product_cat-golfy","7":"product_cat-odziez-rajdowa-fia","9":"first","10":"instock","11":"taxable","12":"shipping-taxable","13":"purchasable","14":"product-type-simple"},"bundled_by":[],"bundle_stock_status":"instock","bundle_stock_quantity":null,"bundle_virtual":false,"bundle_layout":"","bundle_add_to_cart_form_location":"","bundle_editable_in_cart":false,"bundle_sold_individually_context":"","bundle_item_grouping":"","bundle_min_size":"","bundle_max_size":"","bundle_price":[],"bundled_items":[],"bundle_sell_ids":[],"acf":{"zdjecie_bez_watermarka":null,"zdjecie_bez_watermarka_url":"","product_orgin_url":"https:\/\/inter-rally.pl\/product-eng-1-Golf-Sparco-RW-4.html"},"yoast_head":"<!-- This site is optimized with the Yoast SEO plugin v23.9 - https:\/\/yoast.com\/wordpress\/plugins\/seo\/ -->\n<title>GOLF SPARCO RW-4 - CYBUL<\/title>\n<meta name=\"robots\" content=\"index, follow, max-snippet:-1, max-image-preview:large, max-video-preview:-1\" \/>\n<link rel=\"canonical\" href=\"https:\/\/cybul.eu\/pl\/sklep\/golf-sparco-rw-4\/\" \/>\n<meta property=\"og:locale\" content=\"pl_PL\" \/>\n<meta property=\"og:type\" content=\"article\" \/>\n<meta property=\"og:title\" content=\"GOLF SPARCO RW-4 - CYBUL\" \/>\n<meta property=\"og:description\" content=\"Golf Sparco RW-4Homologacja: FIA 8856-2018Wykonane z mi\u0119kkiego w dotyku, ognioodpornego materia\u0142u, kt\u00f3ry zapewnia bardziej regularne, wygodne dopasowanie z wysokim poziomem ochrony przed gor\u0105cem i p\u0142omieniami.- Wysoce wygodny, mi\u0119kki w dotyku materia\u0142-&nbsp;Swobodny kszta\u0142t dla bardziej regularnego dopasowania-&nbsp;Wysoki poziom ochrony przed gor\u0105cem i p\u0142omieniemWymiary:S - 90-97cm klatka piersiowaM -&nbsp;98-105cm&nbsp;klatka piersiowaL -&nbsp;106-113cm&nbsp;klatka piersiowaXL - 114-121cm&nbsp;klatka piersiowaXXL -&nbsp;122-129cm&nbsp;klatka piersiowa\" \/>\n<meta property=\"og:url\" content=\"https:\/\/cybul.eu\/pl\/sklep\/golf-sparco-rw-4\/\" \/>\n<meta property=\"og:site_name\" content=\"CYBUL\" \/>\n<meta property=\"article:modified_time\" content=\"2024-06-11T19:01:15+00:00\" \/>\n<meta property=\"og:image\" content=\"https:\/\/cybul.eu\/wp-content\/uploads\/2024\/06\/pol_pl_Golf-Sparco-RW-4-1_1.jpg\" \/>\n\t<meta property=\"og:image:width\" content=\"900\" \/>\n\t<meta property=\"og:image:height\" content=\"900\" \/>\n\t<meta property=\"og:image:type\" content=\"image\/jpeg\" \/>\n<meta name=\"twitter:card\" content=\"summary_large_image\" \/>\n<script type=\"application\/ld+json\" class=\"yoast-schema-graph\">{\"@context\":\"https:\/\/schema.org\",\"@graph\":[{\"@type\":\"WebPage\",\"@id\":\"https:\/\/cybul.eu\/pl\/sklep\/golf-sparco-rw-4\/\",\"url\":\"https:\/\/cybul.eu\/pl\/sklep\/golf-sparco-rw-4\/\",\"name\":\"GOLF SPARCO RW-4 - CYBUL\",\"isPartOf\":{\"@id\":\"https:\/\/cybul.eu\/pl\/#website\"},\"primaryImageOfPage\":{\"@id\":\"https:\/\/cybul.eu\/pl\/sklep\/golf-sparco-rw-4\/#primaryimage\"},\"image\":{\"@id\":\"https:\/\/cybul.eu\/pl\/sklep\/golf-sparco-rw-4\/#primaryimage\"},\"thumbnailUrl\":\"https:\/\/cybul.eu\/wp-content\/uploads\/2024\/06\/pol_pl_Golf-Sparco-RW-4-1_1.jpg\",\"datePublished\":\"2024-06-11T19:01:12+00:00\",\"dateModified\":\"2024-06-11T19:01:15+00:00\",\"breadcrumb\":{\"@id\":\"https:\/\/cybul.eu\/pl\/sklep\/golf-sparco-rw-4\/#breadcrumb\"},\"inLanguage\":\"pl-PL\",\"potentialAction\":[{\"@type\":\"ReadAction\",\"target\":[\"https:\/\/cybul.eu\/pl\/sklep\/golf-sparco-rw-4\/\"]}]},{\"@type\":\"ImageObject\",\"inLanguage\":\"pl-PL\",\"@id\":\"https:\/\/cybul.eu\/pl\/sklep\/golf-sparco-rw-4\/#primaryimage\",\"url\":\"https:\/\/cybul.eu\/wp-content\/uploads\/2024\/06\/pol_pl_Golf-Sparco-RW-4-1_1.jpg\",\"contentUrl\":\"https:\/\/cybul.eu\/wp-content\/uploads\/2024\/06\/pol_pl_Golf-Sparco-RW-4-1_1.jpg\",\"width\":900,\"height\":900},{\"@type\":\"BreadcrumbList\",\"@id\":\"https:\/\/cybul.eu\/pl\/sklep\/golf-sparco-rw-4\/#breadcrumb\",\"itemListElement\":[{\"@type\":\"ListItem\",\"position\":1,\"name\":\"Strona g\u0142\u00f3wna\",\"item\":\"https:\/\/cybul.eu\/pl\/\"},{\"@type\":\"ListItem\",\"position\":2,\"name\":\"Sklep\",\"item\":\"https:\/\/cybul.eu\/pl\/sklep\/\"},{\"@type\":\"ListItem\",\"position\":3,\"name\":\"GOLF SPARCO RW-4\"}]},{\"@type\":\"WebSite\",\"@id\":\"https:\/\/cybul.eu\/pl\/#website\",\"url\":\"https:\/\/cybul.eu\/pl\/\",\"name\":\"CYBUL\",\"description\":\"\",\"potentialAction\":[{\"@type\":\"SearchAction\",\"target\":{\"@type\":\"EntryPoint\",\"urlTemplate\":\"https:\/\/cybul.eu\/pl\/?s={search_term_string}\"},\"query-input\":{\"@type\":\"PropertyValueSpecification\",\"valueRequired\":true,\"valueName\":\"search_term_string\"}}],\"inLanguage\":\"pl-PL\"}]}<\/script>\n<!-- \/ Yoast SEO plugin. -->","yoast_head_json":{"title":"GOLF SPARCO RW-4 - CYBUL","robots":{"index":"index","follow":"follow","max-snippet":"max-snippet:-1","max-image-preview":"max-image-preview:large","max-video-preview":"max-video-preview:-1"},"canonical":"https:\/\/cybul.eu\/pl\/sklep\/golf-sparco-rw-4\/","og_locale":"pl_PL","og_type":"article","og_title":"GOLF SPARCO RW-4 - CYBUL","og_description":"Golf Sparco RW-4Homologacja: FIA 8856-2018Wykonane z mi\u0119kkiego w dotyku, ognioodpornego materia\u0142u, kt\u00f3ry zapewnia bardziej regularne, wygodne dopasowanie z wysokim poziomem ochrony przed gor\u0105cem i p\u0142omieniami.- Wysoce wygodny, mi\u0119kki w dotyku materia\u0142-&nbsp;Swobodny kszta\u0142t dla bardziej regularnego dopasowania-&nbsp;Wysoki poziom ochrony przed gor\u0105cem i p\u0142omieniemWymiary:S - 90-97cm klatka piersiowaM -&nbsp;98-105cm&nbsp;klatka piersiowaL -&nbsp;106-113cm&nbsp;klatka piersiowaXL - 114-121cm&nbsp;klatka piersiowaXXL -&nbsp;122-129cm&nbsp;klatka piersiowa","og_url":"https:\/\/cybul.eu\/pl\/sklep\/golf-sparco-rw-4\/","og_site_name":"CYBUL","article_modified_time":"2024-06-11T19:01:15+00:00","og_image":[{"width":900,"height":900,"url":"https:\/\/cybul.eu\/wp-content\/uploads\/2024\/06\/pol_pl_Golf-Sparco-RW-4-1_1.jpg","type":"image\/jpeg"}],"twitter_card":"summary_large_image","schema":{"@context":"https:\/\/schema.org","@graph":[{"@type":"WebPage","@id":"https:\/\/cybul.eu\/pl\/sklep\/golf-sparco-rw-4\/","url":"https:\/\/cybul.eu\/pl\/sklep\/golf-sparco-rw-4\/","name":"GOLF SPARCO RW-4 - CYBUL","isPartOf":{"@id":"https:\/\/cybul.eu\/pl\/#website"},"primaryImageOfPage":{"@id":"https:\/\/cybul.eu\/pl\/sklep\/golf-sparco-rw-4\/#primaryimage"},"image":{"@id":"https:\/\/cybul.eu\/pl\/sklep\/golf-sparco-rw-4\/#primaryimage"},"thumbnailUrl":"https:\/\/cybul.eu\/wp-content\/uploads\/2024\/06\/pol_pl_Golf-Sparco-RW-4-1_1.jpg","datePublished":"2024-06-11T19:01:12+00:00","dateModified":"2024-06-11T19:01:15+00:00","breadcrumb":{"@id":"https:\/\/cybul.eu\/pl\/sklep\/golf-sparco-rw-4\/#breadcrumb"},"inLanguage":"pl-PL","potentialAction":[{"@type":"ReadAction","target":["https:\/\/cybul.eu\/pl\/sklep\/golf-sparco-rw-4\/"]}]},{"@type":"ImageObject","inLanguage":"pl-PL","@id":"https:\/\/cybul.eu\/pl\/sklep\/golf-sparco-rw-4\/#primaryimage","url":"https:\/\/cybul.eu\/wp-content\/uploads\/2024\/06\/pol_pl_Golf-Sparco-RW-4-1_1.jpg","contentUrl":"https:\/\/cybul.eu\/wp-content\/uploads\/2024\/06\/pol_pl_Golf-Sparco-RW-4-1_1.jpg","width":900,"height":900},{"@type":"BreadcrumbList","@id":"https:\/\/cybul.eu\/pl\/sklep\/golf-sparco-rw-4\/#breadcrumb","itemListElement":[{"@type":"ListItem","position":1,"name":"Strona g\u0142\u00f3wna","item":"https:\/\/cybul.eu\/pl\/"},{"@type":"ListItem","position":2,"name":"Sklep","item":"https:\/\/cybul.eu\/pl\/sklep\/"},{"@type":"ListItem","position":3,"name":"GOLF SPARCO RW-4"}]},{"@type":"WebSite","@id":"https:\/\/cybul.eu\/pl\/#website","url":"https:\/\/cybul.eu\/pl\/","name":"CYBUL","description":"","potentialAction":[{"@type":"SearchAction","target":{"@type":"EntryPoint","urlTemplate":"https:\/\/cybul.eu\/pl\/?s={search_term_string}"},"query-input":{"@type":"PropertyValueSpecification","valueRequired":true,"valueName":"search_term_string"}}],"inLanguage":"pl-PL"}]}},"_links":{"self":[{"href":"https:\/\/cybul.eu\/pl\/wp-json\/wp\/v2\/product\/13901","targetHints":{"allow":["GET"]}}],"collection":[{"href":"https:\/\/cybul.eu\/pl\/wp-json\/wp\/v2\/product"}],"about":[{"href":"https:\/\/cybul.eu\/pl\/wp-json\/wp\/v2\/types\/product"}],"replies":[{"embeddable":true,"href":"https:\/\/cybul.eu\/pl\/wp-json\/wp\/v2\/comments?post=13901"}],"wp:featuredmedia":[{"embeddable":true,"href":"https:\/\/cybul.eu\/pl\/wp-json\/wp\/v2\/media\/13737"}],"wp:attachment":[{"href":"https:\/\/cybul.eu\/pl\/wp-json\/wp\/v2\/media?parent=13901"}],"wp:term":[{"taxonomy":"product_cat","embeddable":true,"href":"https:\/\/cybul.eu\/pl\/wp-json\/wp\/v2\/product_cat?post=13901"},{"taxonomy":"product_tag","embeddable":true,"href":"https:\/\/cybul.eu\/pl\/wp-json\/wp\/v2\/product_tag?post=13901"}],"curies":[{"name":"wp","href":"https:\/\/api.w.org\/{rel}","templated":true}]}}