{"id":13900,"date":"2024-06-11T21:01:12","date_gmt":"2024-06-11T19:01:12","guid":{"rendered":"https:\/\/cybul.eu\/shop\/golf-rrs-one-fia-czarny\/"},"modified":"2024-06-11T21:01:14","modified_gmt":"2024-06-11T19:01:14","slug":"golf-rrs-one-fia-czarny","status":"publish","type":"product","link":"https:\/\/cybul.eu\/pl\/sklep\/golf-rrs-one-fia-czarny\/","title":{"rendered":"GOLF RRS ONE FIA CZARNY"},"content":{"rendered":"<p><strong>Golf&nbsp;RRS&nbsp;ONE FIA<\/p>\n<p><\/strong>Homologacja:<strong> FIA 8856-2018<\/strong><\/p>\n<p>&nbsp;<\/p>\n<p>Golf&nbsp;RRS ONE dopasowuje si\u0119 do kszta\u0142tu cia\u0142a, nie eksponuj\u0105c \u017cadnych zagniece\u0144.<br \/>S\u0105 wygodne i mi\u0119kkie w dotyku, a wierzchni materia\u0142 ma bardzo dobr\u0105 zdolno\u015b\u0107 wch\u0142aniania potu.<br \/>Ten homologowany golf&nbsp;z d\u0142ugimi r\u0119kawami RRS ONE zosta\u0142 zaprojektowany ze sportowym wygl\u0105dem i du\u017c\u0105 lekko\u015bci\u0105 dla wygody kierowcy.<\/p>\n<p>Bielizna RRS ONE FIA jest wykonana z materia\u0142u, kt\u00f3ry gwarantuje wygod\u0119 i elastyczno\u015b\u0107 produktu, a jednocze\u015bnie ma w\u0142a\u015bciwo\u015bci ognioodporne podobne do Nomexu.<\/p>\n","protected":false},"excerpt":{"rendered":"<p><strong>Golf&nbsp;RRS&nbsp;ONE FIA<\/p>\n<p><\/strong>Homologacja:<strong> FIA 8856-2018<\/strong><\/p>\n","protected":false},"featured_media":13730,"comment_status":"closed","ping_status":"open","template":"","meta":[],"product_cat":[570,560],"product_tag":[],"class_list":{"0":"post-13900","1":"product","2":"type-product","3":"status-publish","4":"has-post-thumbnail","6":"product_cat-golfy","7":"product_cat-odziez-rajdowa-fia","9":"first","10":"instock","11":"taxable","12":"shipping-taxable","13":"purchasable","14":"product-type-simple"},"bundled_by":[],"bundle_stock_status":"instock","bundle_stock_quantity":null,"bundle_virtual":false,"bundle_layout":"","bundle_add_to_cart_form_location":"","bundle_editable_in_cart":false,"bundle_sold_individually_context":"","bundle_item_grouping":"","bundle_min_size":"","bundle_max_size":"","bundle_price":[],"bundled_items":[],"bundle_sell_ids":[],"acf":{"zdjecie_bez_watermarka":null,"zdjecie_bez_watermarka_url":"","product_orgin_url":"https:\/\/inter-rally.pl\/product-eng-177419-Golf-RRS-ONE-FIA-Czarny.html"},"yoast_head":"<!-- This site is optimized with the Yoast SEO plugin v23.9 - https:\/\/yoast.com\/wordpress\/plugins\/seo\/ -->\n<title>GOLF RRS ONE FIA CZARNY - CYBUL<\/title>\n<meta name=\"robots\" content=\"index, follow, max-snippet:-1, max-image-preview:large, max-video-preview:-1\" \/>\n<link rel=\"canonical\" href=\"https:\/\/cybul.eu\/pl\/sklep\/golf-rrs-one-fia-czarny\/\" \/>\n<meta property=\"og:locale\" content=\"pl_PL\" \/>\n<meta property=\"og:type\" content=\"article\" \/>\n<meta property=\"og:title\" content=\"GOLF RRS ONE FIA CZARNY - CYBUL\" \/>\n<meta property=\"og:description\" content=\"Golf&nbsp;RRS&nbsp;ONE FIAHomologacja: FIA 8856-2018\" \/>\n<meta property=\"og:url\" content=\"https:\/\/cybul.eu\/pl\/sklep\/golf-rrs-one-fia-czarny\/\" \/>\n<meta property=\"og:site_name\" content=\"CYBUL\" \/>\n<meta property=\"article:modified_time\" content=\"2024-06-11T19:01:14+00:00\" \/>\n<meta property=\"og:image\" content=\"https:\/\/cybul.eu\/wp-content\/uploads\/2024\/06\/pol_pl_Golf-RRS-ONE-FIA-Czarny-177419_1.jpg\" \/>\n\t<meta property=\"og:image:width\" content=\"900\" \/>\n\t<meta property=\"og:image:height\" content=\"900\" \/>\n\t<meta property=\"og:image:type\" content=\"image\/jpeg\" \/>\n<meta name=\"twitter:card\" content=\"summary_large_image\" \/>\n<script type=\"application\/ld+json\" class=\"yoast-schema-graph\">{\"@context\":\"https:\/\/schema.org\",\"@graph\":[{\"@type\":\"WebPage\",\"@id\":\"https:\/\/cybul.eu\/pl\/sklep\/golf-rrs-one-fia-czarny\/\",\"url\":\"https:\/\/cybul.eu\/pl\/sklep\/golf-rrs-one-fia-czarny\/\",\"name\":\"GOLF RRS ONE FIA CZARNY - CYBUL\",\"isPartOf\":{\"@id\":\"https:\/\/cybul.eu\/pl\/#website\"},\"primaryImageOfPage\":{\"@id\":\"https:\/\/cybul.eu\/pl\/sklep\/golf-rrs-one-fia-czarny\/#primaryimage\"},\"image\":{\"@id\":\"https:\/\/cybul.eu\/pl\/sklep\/golf-rrs-one-fia-czarny\/#primaryimage\"},\"thumbnailUrl\":\"https:\/\/cybul.eu\/wp-content\/uploads\/2024\/06\/pol_pl_Golf-RRS-ONE-FIA-Czarny-177419_1.jpg\",\"datePublished\":\"2024-06-11T19:01:12+00:00\",\"dateModified\":\"2024-06-11T19:01:14+00:00\",\"breadcrumb\":{\"@id\":\"https:\/\/cybul.eu\/pl\/sklep\/golf-rrs-one-fia-czarny\/#breadcrumb\"},\"inLanguage\":\"pl-PL\",\"potentialAction\":[{\"@type\":\"ReadAction\",\"target\":[\"https:\/\/cybul.eu\/pl\/sklep\/golf-rrs-one-fia-czarny\/\"]}]},{\"@type\":\"ImageObject\",\"inLanguage\":\"pl-PL\",\"@id\":\"https:\/\/cybul.eu\/pl\/sklep\/golf-rrs-one-fia-czarny\/#primaryimage\",\"url\":\"https:\/\/cybul.eu\/wp-content\/uploads\/2024\/06\/pol_pl_Golf-RRS-ONE-FIA-Czarny-177419_1.jpg\",\"contentUrl\":\"https:\/\/cybul.eu\/wp-content\/uploads\/2024\/06\/pol_pl_Golf-RRS-ONE-FIA-Czarny-177419_1.jpg\",\"width\":900,\"height\":900},{\"@type\":\"BreadcrumbList\",\"@id\":\"https:\/\/cybul.eu\/pl\/sklep\/golf-rrs-one-fia-czarny\/#breadcrumb\",\"itemListElement\":[{\"@type\":\"ListItem\",\"position\":1,\"name\":\"Strona g\u0142\u00f3wna\",\"item\":\"https:\/\/cybul.eu\/pl\/\"},{\"@type\":\"ListItem\",\"position\":2,\"name\":\"Sklep\",\"item\":\"https:\/\/cybul.eu\/pl\/sklep\/\"},{\"@type\":\"ListItem\",\"position\":3,\"name\":\"GOLF RRS ONE FIA CZARNY\"}]},{\"@type\":\"WebSite\",\"@id\":\"https:\/\/cybul.eu\/pl\/#website\",\"url\":\"https:\/\/cybul.eu\/pl\/\",\"name\":\"CYBUL\",\"description\":\"\",\"potentialAction\":[{\"@type\":\"SearchAction\",\"target\":{\"@type\":\"EntryPoint\",\"urlTemplate\":\"https:\/\/cybul.eu\/pl\/?s={search_term_string}\"},\"query-input\":{\"@type\":\"PropertyValueSpecification\",\"valueRequired\":true,\"valueName\":\"search_term_string\"}}],\"inLanguage\":\"pl-PL\"}]}<\/script>\n<!-- \/ Yoast SEO plugin. -->","yoast_head_json":{"title":"GOLF RRS ONE FIA CZARNY - CYBUL","robots":{"index":"index","follow":"follow","max-snippet":"max-snippet:-1","max-image-preview":"max-image-preview:large","max-video-preview":"max-video-preview:-1"},"canonical":"https:\/\/cybul.eu\/pl\/sklep\/golf-rrs-one-fia-czarny\/","og_locale":"pl_PL","og_type":"article","og_title":"GOLF RRS ONE FIA CZARNY - CYBUL","og_description":"Golf&nbsp;RRS&nbsp;ONE FIAHomologacja: FIA 8856-2018","og_url":"https:\/\/cybul.eu\/pl\/sklep\/golf-rrs-one-fia-czarny\/","og_site_name":"CYBUL","article_modified_time":"2024-06-11T19:01:14+00:00","og_image":[{"width":900,"height":900,"url":"https:\/\/cybul.eu\/wp-content\/uploads\/2024\/06\/pol_pl_Golf-RRS-ONE-FIA-Czarny-177419_1.jpg","type":"image\/jpeg"}],"twitter_card":"summary_large_image","schema":{"@context":"https:\/\/schema.org","@graph":[{"@type":"WebPage","@id":"https:\/\/cybul.eu\/pl\/sklep\/golf-rrs-one-fia-czarny\/","url":"https:\/\/cybul.eu\/pl\/sklep\/golf-rrs-one-fia-czarny\/","name":"GOLF RRS ONE FIA CZARNY - CYBUL","isPartOf":{"@id":"https:\/\/cybul.eu\/pl\/#website"},"primaryImageOfPage":{"@id":"https:\/\/cybul.eu\/pl\/sklep\/golf-rrs-one-fia-czarny\/#primaryimage"},"image":{"@id":"https:\/\/cybul.eu\/pl\/sklep\/golf-rrs-one-fia-czarny\/#primaryimage"},"thumbnailUrl":"https:\/\/cybul.eu\/wp-content\/uploads\/2024\/06\/pol_pl_Golf-RRS-ONE-FIA-Czarny-177419_1.jpg","datePublished":"2024-06-11T19:01:12+00:00","dateModified":"2024-06-11T19:01:14+00:00","breadcrumb":{"@id":"https:\/\/cybul.eu\/pl\/sklep\/golf-rrs-one-fia-czarny\/#breadcrumb"},"inLanguage":"pl-PL","potentialAction":[{"@type":"ReadAction","target":["https:\/\/cybul.eu\/pl\/sklep\/golf-rrs-one-fia-czarny\/"]}]},{"@type":"ImageObject","inLanguage":"pl-PL","@id":"https:\/\/cybul.eu\/pl\/sklep\/golf-rrs-one-fia-czarny\/#primaryimage","url":"https:\/\/cybul.eu\/wp-content\/uploads\/2024\/06\/pol_pl_Golf-RRS-ONE-FIA-Czarny-177419_1.jpg","contentUrl":"https:\/\/cybul.eu\/wp-content\/uploads\/2024\/06\/pol_pl_Golf-RRS-ONE-FIA-Czarny-177419_1.jpg","width":900,"height":900},{"@type":"BreadcrumbList","@id":"https:\/\/cybul.eu\/pl\/sklep\/golf-rrs-one-fia-czarny\/#breadcrumb","itemListElement":[{"@type":"ListItem","position":1,"name":"Strona g\u0142\u00f3wna","item":"https:\/\/cybul.eu\/pl\/"},{"@type":"ListItem","position":2,"name":"Sklep","item":"https:\/\/cybul.eu\/pl\/sklep\/"},{"@type":"ListItem","position":3,"name":"GOLF RRS ONE FIA CZARNY"}]},{"@type":"WebSite","@id":"https:\/\/cybul.eu\/pl\/#website","url":"https:\/\/cybul.eu\/pl\/","name":"CYBUL","description":"","potentialAction":[{"@type":"SearchAction","target":{"@type":"EntryPoint","urlTemplate":"https:\/\/cybul.eu\/pl\/?s={search_term_string}"},"query-input":{"@type":"PropertyValueSpecification","valueRequired":true,"valueName":"search_term_string"}}],"inLanguage":"pl-PL"}]}},"_links":{"self":[{"href":"https:\/\/cybul.eu\/pl\/wp-json\/wp\/v2\/product\/13900","targetHints":{"allow":["GET"]}}],"collection":[{"href":"https:\/\/cybul.eu\/pl\/wp-json\/wp\/v2\/product"}],"about":[{"href":"https:\/\/cybul.eu\/pl\/wp-json\/wp\/v2\/types\/product"}],"replies":[{"embeddable":true,"href":"https:\/\/cybul.eu\/pl\/wp-json\/wp\/v2\/comments?post=13900"}],"wp:featuredmedia":[{"embeddable":true,"href":"https:\/\/cybul.eu\/pl\/wp-json\/wp\/v2\/media\/13730"}],"wp:attachment":[{"href":"https:\/\/cybul.eu\/pl\/wp-json\/wp\/v2\/media?parent=13900"}],"wp:term":[{"taxonomy":"product_cat","embeddable":true,"href":"https:\/\/cybul.eu\/pl\/wp-json\/wp\/v2\/product_cat?post=13900"},{"taxonomy":"product_tag","embeddable":true,"href":"https:\/\/cybul.eu\/pl\/wp-json\/wp\/v2\/product_tag?post=13900"}],"curies":[{"name":"wp","href":"https:\/\/api.w.org\/{rel}","templated":true}]}}