{"id":13711,"date":"2024-06-11T20:51:09","date_gmt":"2024-06-11T18:51:09","guid":{"rendered":"https:\/\/cybul.eu\/shop\/balaklawa-sparco-rw-10-shield-pro-2\/"},"modified":"2024-06-11T20:51:15","modified_gmt":"2024-06-11T18:51:15","slug":"balaklawa-sparco-rw-10-shield-pro-2","status":"publish","type":"product","link":"https:\/\/cybul.eu\/pl\/sklep\/balaklawa-sparco-rw-10-shield-pro-2\/","title":{"rendered":"BALAKLAWA SPARCO RW-10 SHIELD PRO"},"content":{"rendered":"<p><strong>Balaklawa Sparco RW-10 Shield Pro<\/p>\n<p><\/strong>Homologacja:<strong> FIA 8856-2018<\/p>\n<p><\/strong>Kominiarka&nbsp;Sparco RW-10 ma ultra p\u0142askie szwy z ca\u0142kowicie bezszwowym przodem, aby zmniejszy\u0107 punkty nacisku. Dzi\u0119ki temu jest niezwykle wygodna, a tak\u017ce zmniejsza uczucie zm\u0119czenia.<\/p>\n<p>&#8211;&nbsp;Dwuwarstwowa techniczna lekka tkanina zapewnia wysoki poziom ochrony przed ciep\u0142em i p\u0142omieniami<br \/>&#8211; Wyj\u0105tkowo p\u0142askie szwy z bezszwowym przodem dla zminimalizowania punkt\u00f3w nacisku<br \/>&#8211; Lekki materia\u0142 poprawiaj\u0105cy komfort<br \/>&#8211; Nadrukowane logo, aby ograniczy\u0107 wag\u0119 do minimum<\/p>\n","protected":false},"excerpt":{"rendered":"<p><strong>Balaklawa Sparco RW-10 Shield Pro<\/p>\n<p><\/strong>Homologacja:<strong> FIA 8856-2018<\/p>\n<p><\/strong>Kominiarka&nbsp;Sparco RW-10 ma ultra p\u0142askie szwy z ca\u0142kowicie bezszwowym przodem, aby zmniejszy\u0107 punkty nacisku. Dzi\u0119ki temu jest niezwykle wygodna, a tak\u017ce zmniejsza uczucie zm\u0119czenia.<\/p>\n<p>&#8211;&nbsp;Dwuwarstwowa techniczna lekka tkanina zapewnia wysoki poziom ochrony przed ciep\u0142em i p\u0142omieniami<br \/>&#8211; Wyj\u0105tkowo p\u0142askie szwy z bezszwowym przodem dla zminimalizowania punkt\u00f3w nacisku<br \/>&#8211; Lekki materia\u0142 poprawiaj\u0105cy komfort<br \/>&#8211; Nadrukowane logo, aby ograniczy\u0107 wag\u0119 do minimum<\/p>\n","protected":false},"featured_media":13628,"comment_status":"closed","ping_status":"open","template":"","meta":[],"product_cat":[568,560],"product_tag":[],"class_list":{"0":"post-13711","1":"product","2":"type-product","3":"status-publish","4":"has-post-thumbnail","6":"product_cat-balaklawy","7":"product_cat-odziez-rajdowa-fia","9":"first","10":"instock","11":"taxable","12":"shipping-taxable","13":"purchasable","14":"product-type-simple"},"bundled_by":[],"bundle_stock_status":"instock","bundle_stock_quantity":null,"bundle_virtual":false,"bundle_layout":"","bundle_add_to_cart_form_location":"","bundle_editable_in_cart":false,"bundle_sold_individually_context":"","bundle_item_grouping":"","bundle_min_size":"","bundle_max_size":"","bundle_price":[],"bundled_items":[],"bundle_sell_ids":[],"acf":{"zdjecie_bez_watermarka":null,"zdjecie_bez_watermarka_url":"","product_orgin_url":"https:\/\/inter-rally.pl\/product-eng-1219-Balaklawa-Sparco-RW-10-Shield-Pro.html"},"yoast_head":"<!-- This site is optimized with the Yoast SEO plugin v23.9 - https:\/\/yoast.com\/wordpress\/plugins\/seo\/ -->\n<title>BALAKLAWA SPARCO RW-10 SHIELD PRO - CYBUL<\/title>\n<meta name=\"robots\" content=\"index, follow, max-snippet:-1, max-image-preview:large, max-video-preview:-1\" \/>\n<link rel=\"canonical\" href=\"https:\/\/cybul.eu\/pl\/sklep\/balaklawa-sparco-rw-10-shield-pro-2\/\" \/>\n<meta property=\"og:locale\" content=\"pl_PL\" \/>\n<meta property=\"og:type\" content=\"article\" \/>\n<meta property=\"og:title\" content=\"BALAKLAWA SPARCO RW-10 SHIELD PRO - CYBUL\" \/>\n<meta property=\"og:description\" content=\"Balaklawa Sparco RW-10 Shield ProHomologacja: FIA 8856-2018Kominiarka&nbsp;Sparco RW-10 ma ultra p\u0142askie szwy z ca\u0142kowicie bezszwowym przodem, aby zmniejszy\u0107 punkty nacisku. Dzi\u0119ki temu jest niezwykle wygodna, a tak\u017ce zmniejsza uczucie zm\u0119czenia.-&nbsp;Dwuwarstwowa techniczna lekka tkanina zapewnia wysoki poziom ochrony przed ciep\u0142em i p\u0142omieniami- Wyj\u0105tkowo p\u0142askie szwy z bezszwowym przodem dla zminimalizowania punkt\u00f3w nacisku- Lekki materia\u0142 poprawiaj\u0105cy komfort- Nadrukowane logo, aby ograniczy\u0107 wag\u0119 do minimum\" \/>\n<meta property=\"og:url\" content=\"https:\/\/cybul.eu\/pl\/sklep\/balaklawa-sparco-rw-10-shield-pro-2\/\" \/>\n<meta property=\"og:site_name\" content=\"CYBUL\" \/>\n<meta property=\"article:modified_time\" content=\"2024-06-11T18:51:15+00:00\" \/>\n<meta property=\"og:image\" content=\"https:\/\/cybul.eu\/wp-content\/uploads\/2024\/06\/pol_pl_Balaklawa-Sparco-RW-10-Shield-Pro-1219_1.jpg\" \/>\n\t<meta property=\"og:image:width\" content=\"900\" \/>\n\t<meta property=\"og:image:height\" content=\"900\" \/>\n\t<meta property=\"og:image:type\" content=\"image\/jpeg\" \/>\n<meta name=\"twitter:card\" content=\"summary_large_image\" \/>\n<script type=\"application\/ld+json\" class=\"yoast-schema-graph\">{\"@context\":\"https:\/\/schema.org\",\"@graph\":[{\"@type\":\"WebPage\",\"@id\":\"https:\/\/cybul.eu\/pl\/sklep\/balaklawa-sparco-rw-10-shield-pro-2\/\",\"url\":\"https:\/\/cybul.eu\/pl\/sklep\/balaklawa-sparco-rw-10-shield-pro-2\/\",\"name\":\"BALAKLAWA SPARCO RW-10 SHIELD PRO - CYBUL\",\"isPartOf\":{\"@id\":\"https:\/\/cybul.eu\/pl\/#website\"},\"primaryImageOfPage\":{\"@id\":\"https:\/\/cybul.eu\/pl\/sklep\/balaklawa-sparco-rw-10-shield-pro-2\/#primaryimage\"},\"image\":{\"@id\":\"https:\/\/cybul.eu\/pl\/sklep\/balaklawa-sparco-rw-10-shield-pro-2\/#primaryimage\"},\"thumbnailUrl\":\"https:\/\/cybul.eu\/wp-content\/uploads\/2024\/06\/pol_pl_Balaklawa-Sparco-RW-10-Shield-Pro-1219_1.jpg\",\"datePublished\":\"2024-06-11T18:51:09+00:00\",\"dateModified\":\"2024-06-11T18:51:15+00:00\",\"breadcrumb\":{\"@id\":\"https:\/\/cybul.eu\/pl\/sklep\/balaklawa-sparco-rw-10-shield-pro-2\/#breadcrumb\"},\"inLanguage\":\"pl-PL\",\"potentialAction\":[{\"@type\":\"ReadAction\",\"target\":[\"https:\/\/cybul.eu\/pl\/sklep\/balaklawa-sparco-rw-10-shield-pro-2\/\"]}]},{\"@type\":\"ImageObject\",\"inLanguage\":\"pl-PL\",\"@id\":\"https:\/\/cybul.eu\/pl\/sklep\/balaklawa-sparco-rw-10-shield-pro-2\/#primaryimage\",\"url\":\"https:\/\/cybul.eu\/wp-content\/uploads\/2024\/06\/pol_pl_Balaklawa-Sparco-RW-10-Shield-Pro-1219_1.jpg\",\"contentUrl\":\"https:\/\/cybul.eu\/wp-content\/uploads\/2024\/06\/pol_pl_Balaklawa-Sparco-RW-10-Shield-Pro-1219_1.jpg\",\"width\":900,\"height\":900},{\"@type\":\"BreadcrumbList\",\"@id\":\"https:\/\/cybul.eu\/pl\/sklep\/balaklawa-sparco-rw-10-shield-pro-2\/#breadcrumb\",\"itemListElement\":[{\"@type\":\"ListItem\",\"position\":1,\"name\":\"Strona g\u0142\u00f3wna\",\"item\":\"https:\/\/cybul.eu\/pl\/\"},{\"@type\":\"ListItem\",\"position\":2,\"name\":\"Sklep\",\"item\":\"https:\/\/cybul.eu\/pl\/sklep\/\"},{\"@type\":\"ListItem\",\"position\":3,\"name\":\"BALAKLAWA SPARCO RW-10 SHIELD PRO\"}]},{\"@type\":\"WebSite\",\"@id\":\"https:\/\/cybul.eu\/pl\/#website\",\"url\":\"https:\/\/cybul.eu\/pl\/\",\"name\":\"CYBUL\",\"description\":\"\",\"potentialAction\":[{\"@type\":\"SearchAction\",\"target\":{\"@type\":\"EntryPoint\",\"urlTemplate\":\"https:\/\/cybul.eu\/pl\/?s={search_term_string}\"},\"query-input\":{\"@type\":\"PropertyValueSpecification\",\"valueRequired\":true,\"valueName\":\"search_term_string\"}}],\"inLanguage\":\"pl-PL\"}]}<\/script>\n<!-- \/ Yoast SEO plugin. -->","yoast_head_json":{"title":"BALAKLAWA SPARCO RW-10 SHIELD PRO - CYBUL","robots":{"index":"index","follow":"follow","max-snippet":"max-snippet:-1","max-image-preview":"max-image-preview:large","max-video-preview":"max-video-preview:-1"},"canonical":"https:\/\/cybul.eu\/pl\/sklep\/balaklawa-sparco-rw-10-shield-pro-2\/","og_locale":"pl_PL","og_type":"article","og_title":"BALAKLAWA SPARCO RW-10 SHIELD PRO - CYBUL","og_description":"Balaklawa Sparco RW-10 Shield ProHomologacja: FIA 8856-2018Kominiarka&nbsp;Sparco RW-10 ma ultra p\u0142askie szwy z ca\u0142kowicie bezszwowym przodem, aby zmniejszy\u0107 punkty nacisku. Dzi\u0119ki temu jest niezwykle wygodna, a tak\u017ce zmniejsza uczucie zm\u0119czenia.-&nbsp;Dwuwarstwowa techniczna lekka tkanina zapewnia wysoki poziom ochrony przed ciep\u0142em i p\u0142omieniami- Wyj\u0105tkowo p\u0142askie szwy z bezszwowym przodem dla zminimalizowania punkt\u00f3w nacisku- Lekki materia\u0142 poprawiaj\u0105cy komfort- Nadrukowane logo, aby ograniczy\u0107 wag\u0119 do minimum","og_url":"https:\/\/cybul.eu\/pl\/sklep\/balaklawa-sparco-rw-10-shield-pro-2\/","og_site_name":"CYBUL","article_modified_time":"2024-06-11T18:51:15+00:00","og_image":[{"width":900,"height":900,"url":"https:\/\/cybul.eu\/wp-content\/uploads\/2024\/06\/pol_pl_Balaklawa-Sparco-RW-10-Shield-Pro-1219_1.jpg","type":"image\/jpeg"}],"twitter_card":"summary_large_image","schema":{"@context":"https:\/\/schema.org","@graph":[{"@type":"WebPage","@id":"https:\/\/cybul.eu\/pl\/sklep\/balaklawa-sparco-rw-10-shield-pro-2\/","url":"https:\/\/cybul.eu\/pl\/sklep\/balaklawa-sparco-rw-10-shield-pro-2\/","name":"BALAKLAWA SPARCO RW-10 SHIELD PRO - CYBUL","isPartOf":{"@id":"https:\/\/cybul.eu\/pl\/#website"},"primaryImageOfPage":{"@id":"https:\/\/cybul.eu\/pl\/sklep\/balaklawa-sparco-rw-10-shield-pro-2\/#primaryimage"},"image":{"@id":"https:\/\/cybul.eu\/pl\/sklep\/balaklawa-sparco-rw-10-shield-pro-2\/#primaryimage"},"thumbnailUrl":"https:\/\/cybul.eu\/wp-content\/uploads\/2024\/06\/pol_pl_Balaklawa-Sparco-RW-10-Shield-Pro-1219_1.jpg","datePublished":"2024-06-11T18:51:09+00:00","dateModified":"2024-06-11T18:51:15+00:00","breadcrumb":{"@id":"https:\/\/cybul.eu\/pl\/sklep\/balaklawa-sparco-rw-10-shield-pro-2\/#breadcrumb"},"inLanguage":"pl-PL","potentialAction":[{"@type":"ReadAction","target":["https:\/\/cybul.eu\/pl\/sklep\/balaklawa-sparco-rw-10-shield-pro-2\/"]}]},{"@type":"ImageObject","inLanguage":"pl-PL","@id":"https:\/\/cybul.eu\/pl\/sklep\/balaklawa-sparco-rw-10-shield-pro-2\/#primaryimage","url":"https:\/\/cybul.eu\/wp-content\/uploads\/2024\/06\/pol_pl_Balaklawa-Sparco-RW-10-Shield-Pro-1219_1.jpg","contentUrl":"https:\/\/cybul.eu\/wp-content\/uploads\/2024\/06\/pol_pl_Balaklawa-Sparco-RW-10-Shield-Pro-1219_1.jpg","width":900,"height":900},{"@type":"BreadcrumbList","@id":"https:\/\/cybul.eu\/pl\/sklep\/balaklawa-sparco-rw-10-shield-pro-2\/#breadcrumb","itemListElement":[{"@type":"ListItem","position":1,"name":"Strona g\u0142\u00f3wna","item":"https:\/\/cybul.eu\/pl\/"},{"@type":"ListItem","position":2,"name":"Sklep","item":"https:\/\/cybul.eu\/pl\/sklep\/"},{"@type":"ListItem","position":3,"name":"BALAKLAWA SPARCO RW-10 SHIELD PRO"}]},{"@type":"WebSite","@id":"https:\/\/cybul.eu\/pl\/#website","url":"https:\/\/cybul.eu\/pl\/","name":"CYBUL","description":"","potentialAction":[{"@type":"SearchAction","target":{"@type":"EntryPoint","urlTemplate":"https:\/\/cybul.eu\/pl\/?s={search_term_string}"},"query-input":{"@type":"PropertyValueSpecification","valueRequired":true,"valueName":"search_term_string"}}],"inLanguage":"pl-PL"}]}},"_links":{"self":[{"href":"https:\/\/cybul.eu\/pl\/wp-json\/wp\/v2\/product\/13711","targetHints":{"allow":["GET"]}}],"collection":[{"href":"https:\/\/cybul.eu\/pl\/wp-json\/wp\/v2\/product"}],"about":[{"href":"https:\/\/cybul.eu\/pl\/wp-json\/wp\/v2\/types\/product"}],"replies":[{"embeddable":true,"href":"https:\/\/cybul.eu\/pl\/wp-json\/wp\/v2\/comments?post=13711"}],"wp:featuredmedia":[{"embeddable":true,"href":"https:\/\/cybul.eu\/pl\/wp-json\/wp\/v2\/media\/13628"}],"wp:attachment":[{"href":"https:\/\/cybul.eu\/pl\/wp-json\/wp\/v2\/media?parent=13711"}],"wp:term":[{"taxonomy":"product_cat","embeddable":true,"href":"https:\/\/cybul.eu\/pl\/wp-json\/wp\/v2\/product_cat?post=13711"},{"taxonomy":"product_tag","embeddable":true,"href":"https:\/\/cybul.eu\/pl\/wp-json\/wp\/v2\/product_tag?post=13711"}],"curies":[{"name":"wp","href":"https:\/\/api.w.org\/{rel}","templated":true}]}}