{"id":13708,"date":"2024-06-11T20:51:09","date_gmt":"2024-06-11T18:51:09","guid":{"rendered":"https:\/\/cybul.eu\/shop\/balaklawa-sabelt-ui-600-2\/"},"modified":"2024-06-11T20:51:13","modified_gmt":"2024-06-11T18:51:13","slug":"balaklawa-sabelt-ui-600-2","status":"publish","type":"product","link":"https:\/\/cybul.eu\/pl\/sklep\/balaklawa-sabelt-ui-600-2\/","title":{"rendered":"BALAKLAWA SABELT UI-600"},"content":{"rendered":"<p><strong>Balaklawa Sabelt UI-600<\/p>\n<p><\/strong>Homologacja:<strong> FIA 8856-2018<br \/><\/strong><br \/>Nowa linia bielizny zaprojektowana zosta\u0142a by by\u0142a lekka, wytrzyma\u0142a i bardzo wygodna.<br \/>Zastosowano naturalne w\u0142\u00f3kno Lenzing FR, kt\u00f3re doskonale ch\u0142onie wilgo\u0107 oraz ch\u0142odzi, oraz modakryl i elastan, kt\u00f3re zapewniaj\u0105&nbsp;elastyczno\u015b\u0107. Taka budowa sprawia, \u017ce ta linia bielizny jest najwygodniejsza i najbardziej innowacyjna z ca\u0142ej kolekcji.<br \/>Bezszwowa&nbsp;konstrukcja zapewnia maksymaln\u0105 wygod\u0119, wysok\u0105 odporno\u015b\u0107 na zu\u017cycie&nbsp;i&nbsp;lekko\u015b\u0107.<strong><\/p>\n<p><span style=\"color: #ff0000;\">Wyprodukowana we W\u0142oszech<\/span><br \/><\/strong><\/p>\n","protected":false},"excerpt":{"rendered":"<p><strong>Balaklawa Sabelt UI-600<\/p>\n<p><\/strong>Homologacja:<strong> FIA 8856-2018<br \/><\/strong><br \/>Nowa linia bielizny zaprojektowana zosta\u0142a by by\u0142a lekka, wytrzyma\u0142a i bardzo wygodna.<br \/>Zastosowano naturalne w\u0142\u00f3kno Lenzing FR, kt\u00f3re doskonale ch\u0142onie wilgo\u0107 oraz ch\u0142odzi, oraz modakryl i elastan, kt\u00f3re zapewniaj\u0105&nbsp;elastyczno\u015b\u0107. Taka budowa sprawia, \u017ce ta linia bielizny jest najwygodniejsza i najbardziej innowacyjna z ca\u0142ej kolekcji.<br \/>Bezszwowa&nbsp;konstrukcja zapewnia maksymaln\u0105 wygod\u0119, wysok\u0105 odporno\u015b\u0107 na zu\u017cycie&nbsp;i&nbsp;lekko\u015b\u0107.<strong><\/p>\n<p><span style=\"color: #ff0000;\">Wyprodukowana we W\u0142oszech<\/span><br \/><\/strong><\/p>\n","protected":false},"featured_media":13619,"comment_status":"closed","ping_status":"open","template":"","meta":[],"product_cat":[568,560],"product_tag":[],"class_list":{"0":"post-13708","1":"product","2":"type-product","3":"status-publish","4":"has-post-thumbnail","6":"product_cat-balaklawy","7":"product_cat-odziez-rajdowa-fia","9":"first","10":"instock","11":"taxable","12":"shipping-taxable","13":"purchasable","14":"product-type-simple"},"bundled_by":[],"bundle_stock_status":"instock","bundle_stock_quantity":null,"bundle_virtual":false,"bundle_layout":"","bundle_add_to_cart_form_location":"","bundle_editable_in_cart":false,"bundle_sold_individually_context":"","bundle_item_grouping":"","bundle_min_size":"","bundle_max_size":"","bundle_price":[],"bundled_items":[],"bundle_sell_ids":[],"acf":{"zdjecie_bez_watermarka":null,"zdjecie_bez_watermarka_url":"","product_orgin_url":"https:\/\/inter-rally.pl\/product-eng-57333-Balaklawa-Sabelt-UI-600.html"},"yoast_head":"<!-- This site is optimized with the Yoast SEO plugin v23.9 - https:\/\/yoast.com\/wordpress\/plugins\/seo\/ -->\n<title>BALAKLAWA SABELT UI-600 - CYBUL<\/title>\n<meta name=\"robots\" content=\"index, follow, max-snippet:-1, max-image-preview:large, max-video-preview:-1\" \/>\n<link rel=\"canonical\" href=\"https:\/\/cybul.eu\/pl\/sklep\/balaklawa-sabelt-ui-600-2\/\" \/>\n<meta property=\"og:locale\" content=\"pl_PL\" \/>\n<meta property=\"og:type\" content=\"article\" \/>\n<meta property=\"og:title\" content=\"BALAKLAWA SABELT UI-600 - CYBUL\" \/>\n<meta property=\"og:description\" content=\"Balaklawa Sabelt UI-600Homologacja: FIA 8856-2018Nowa linia bielizny zaprojektowana zosta\u0142a by by\u0142a lekka, wytrzyma\u0142a i bardzo wygodna.Zastosowano naturalne w\u0142\u00f3kno Lenzing FR, kt\u00f3re doskonale ch\u0142onie wilgo\u0107 oraz ch\u0142odzi, oraz modakryl i elastan, kt\u00f3re zapewniaj\u0105&nbsp;elastyczno\u015b\u0107. Taka budowa sprawia, \u017ce ta linia bielizny jest najwygodniejsza i najbardziej innowacyjna z ca\u0142ej kolekcji.Bezszwowa&nbsp;konstrukcja zapewnia maksymaln\u0105 wygod\u0119, wysok\u0105 odporno\u015b\u0107 na zu\u017cycie&nbsp;i&nbsp;lekko\u015b\u0107.Wyprodukowana we W\u0142oszech\" \/>\n<meta property=\"og:url\" content=\"https:\/\/cybul.eu\/pl\/sklep\/balaklawa-sabelt-ui-600-2\/\" \/>\n<meta property=\"og:site_name\" content=\"CYBUL\" \/>\n<meta property=\"article:modified_time\" content=\"2024-06-11T18:51:13+00:00\" \/>\n<meta property=\"og:image\" content=\"https:\/\/cybul.eu\/wp-content\/uploads\/2024\/06\/pol_pl_Balaklawa-Sabelt-UI-600-57333_1.jpg\" \/>\n\t<meta property=\"og:image:width\" content=\"900\" \/>\n\t<meta property=\"og:image:height\" content=\"900\" \/>\n\t<meta property=\"og:image:type\" content=\"image\/jpeg\" \/>\n<meta name=\"twitter:card\" content=\"summary_large_image\" \/>\n<script type=\"application\/ld+json\" class=\"yoast-schema-graph\">{\"@context\":\"https:\/\/schema.org\",\"@graph\":[{\"@type\":\"WebPage\",\"@id\":\"https:\/\/cybul.eu\/pl\/sklep\/balaklawa-sabelt-ui-600-2\/\",\"url\":\"https:\/\/cybul.eu\/pl\/sklep\/balaklawa-sabelt-ui-600-2\/\",\"name\":\"BALAKLAWA SABELT UI-600 - CYBUL\",\"isPartOf\":{\"@id\":\"https:\/\/cybul.eu\/pl\/#website\"},\"primaryImageOfPage\":{\"@id\":\"https:\/\/cybul.eu\/pl\/sklep\/balaklawa-sabelt-ui-600-2\/#primaryimage\"},\"image\":{\"@id\":\"https:\/\/cybul.eu\/pl\/sklep\/balaklawa-sabelt-ui-600-2\/#primaryimage\"},\"thumbnailUrl\":\"https:\/\/cybul.eu\/wp-content\/uploads\/2024\/06\/pol_pl_Balaklawa-Sabelt-UI-600-57333_1.jpg\",\"datePublished\":\"2024-06-11T18:51:09+00:00\",\"dateModified\":\"2024-06-11T18:51:13+00:00\",\"breadcrumb\":{\"@id\":\"https:\/\/cybul.eu\/pl\/sklep\/balaklawa-sabelt-ui-600-2\/#breadcrumb\"},\"inLanguage\":\"pl-PL\",\"potentialAction\":[{\"@type\":\"ReadAction\",\"target\":[\"https:\/\/cybul.eu\/pl\/sklep\/balaklawa-sabelt-ui-600-2\/\"]}]},{\"@type\":\"ImageObject\",\"inLanguage\":\"pl-PL\",\"@id\":\"https:\/\/cybul.eu\/pl\/sklep\/balaklawa-sabelt-ui-600-2\/#primaryimage\",\"url\":\"https:\/\/cybul.eu\/wp-content\/uploads\/2024\/06\/pol_pl_Balaklawa-Sabelt-UI-600-57333_1.jpg\",\"contentUrl\":\"https:\/\/cybul.eu\/wp-content\/uploads\/2024\/06\/pol_pl_Balaklawa-Sabelt-UI-600-57333_1.jpg\",\"width\":900,\"height\":900},{\"@type\":\"BreadcrumbList\",\"@id\":\"https:\/\/cybul.eu\/pl\/sklep\/balaklawa-sabelt-ui-600-2\/#breadcrumb\",\"itemListElement\":[{\"@type\":\"ListItem\",\"position\":1,\"name\":\"Strona g\u0142\u00f3wna\",\"item\":\"https:\/\/cybul.eu\/pl\/\"},{\"@type\":\"ListItem\",\"position\":2,\"name\":\"Sklep\",\"item\":\"https:\/\/cybul.eu\/pl\/sklep\/\"},{\"@type\":\"ListItem\",\"position\":3,\"name\":\"BALAKLAWA SABELT UI-600\"}]},{\"@type\":\"WebSite\",\"@id\":\"https:\/\/cybul.eu\/pl\/#website\",\"url\":\"https:\/\/cybul.eu\/pl\/\",\"name\":\"CYBUL\",\"description\":\"\",\"potentialAction\":[{\"@type\":\"SearchAction\",\"target\":{\"@type\":\"EntryPoint\",\"urlTemplate\":\"https:\/\/cybul.eu\/pl\/?s={search_term_string}\"},\"query-input\":{\"@type\":\"PropertyValueSpecification\",\"valueRequired\":true,\"valueName\":\"search_term_string\"}}],\"inLanguage\":\"pl-PL\"}]}<\/script>\n<!-- \/ Yoast SEO plugin. -->","yoast_head_json":{"title":"BALAKLAWA SABELT UI-600 - CYBUL","robots":{"index":"index","follow":"follow","max-snippet":"max-snippet:-1","max-image-preview":"max-image-preview:large","max-video-preview":"max-video-preview:-1"},"canonical":"https:\/\/cybul.eu\/pl\/sklep\/balaklawa-sabelt-ui-600-2\/","og_locale":"pl_PL","og_type":"article","og_title":"BALAKLAWA SABELT UI-600 - CYBUL","og_description":"Balaklawa Sabelt UI-600Homologacja: FIA 8856-2018Nowa linia bielizny zaprojektowana zosta\u0142a by by\u0142a lekka, wytrzyma\u0142a i bardzo wygodna.Zastosowano naturalne w\u0142\u00f3kno Lenzing FR, kt\u00f3re doskonale ch\u0142onie wilgo\u0107 oraz ch\u0142odzi, oraz modakryl i elastan, kt\u00f3re zapewniaj\u0105&nbsp;elastyczno\u015b\u0107. Taka budowa sprawia, \u017ce ta linia bielizny jest najwygodniejsza i najbardziej innowacyjna z ca\u0142ej kolekcji.Bezszwowa&nbsp;konstrukcja zapewnia maksymaln\u0105 wygod\u0119, wysok\u0105 odporno\u015b\u0107 na zu\u017cycie&nbsp;i&nbsp;lekko\u015b\u0107.Wyprodukowana we W\u0142oszech","og_url":"https:\/\/cybul.eu\/pl\/sklep\/balaklawa-sabelt-ui-600-2\/","og_site_name":"CYBUL","article_modified_time":"2024-06-11T18:51:13+00:00","og_image":[{"width":900,"height":900,"url":"https:\/\/cybul.eu\/wp-content\/uploads\/2024\/06\/pol_pl_Balaklawa-Sabelt-UI-600-57333_1.jpg","type":"image\/jpeg"}],"twitter_card":"summary_large_image","schema":{"@context":"https:\/\/schema.org","@graph":[{"@type":"WebPage","@id":"https:\/\/cybul.eu\/pl\/sklep\/balaklawa-sabelt-ui-600-2\/","url":"https:\/\/cybul.eu\/pl\/sklep\/balaklawa-sabelt-ui-600-2\/","name":"BALAKLAWA SABELT UI-600 - CYBUL","isPartOf":{"@id":"https:\/\/cybul.eu\/pl\/#website"},"primaryImageOfPage":{"@id":"https:\/\/cybul.eu\/pl\/sklep\/balaklawa-sabelt-ui-600-2\/#primaryimage"},"image":{"@id":"https:\/\/cybul.eu\/pl\/sklep\/balaklawa-sabelt-ui-600-2\/#primaryimage"},"thumbnailUrl":"https:\/\/cybul.eu\/wp-content\/uploads\/2024\/06\/pol_pl_Balaklawa-Sabelt-UI-600-57333_1.jpg","datePublished":"2024-06-11T18:51:09+00:00","dateModified":"2024-06-11T18:51:13+00:00","breadcrumb":{"@id":"https:\/\/cybul.eu\/pl\/sklep\/balaklawa-sabelt-ui-600-2\/#breadcrumb"},"inLanguage":"pl-PL","potentialAction":[{"@type":"ReadAction","target":["https:\/\/cybul.eu\/pl\/sklep\/balaklawa-sabelt-ui-600-2\/"]}]},{"@type":"ImageObject","inLanguage":"pl-PL","@id":"https:\/\/cybul.eu\/pl\/sklep\/balaklawa-sabelt-ui-600-2\/#primaryimage","url":"https:\/\/cybul.eu\/wp-content\/uploads\/2024\/06\/pol_pl_Balaklawa-Sabelt-UI-600-57333_1.jpg","contentUrl":"https:\/\/cybul.eu\/wp-content\/uploads\/2024\/06\/pol_pl_Balaklawa-Sabelt-UI-600-57333_1.jpg","width":900,"height":900},{"@type":"BreadcrumbList","@id":"https:\/\/cybul.eu\/pl\/sklep\/balaklawa-sabelt-ui-600-2\/#breadcrumb","itemListElement":[{"@type":"ListItem","position":1,"name":"Strona g\u0142\u00f3wna","item":"https:\/\/cybul.eu\/pl\/"},{"@type":"ListItem","position":2,"name":"Sklep","item":"https:\/\/cybul.eu\/pl\/sklep\/"},{"@type":"ListItem","position":3,"name":"BALAKLAWA SABELT UI-600"}]},{"@type":"WebSite","@id":"https:\/\/cybul.eu\/pl\/#website","url":"https:\/\/cybul.eu\/pl\/","name":"CYBUL","description":"","potentialAction":[{"@type":"SearchAction","target":{"@type":"EntryPoint","urlTemplate":"https:\/\/cybul.eu\/pl\/?s={search_term_string}"},"query-input":{"@type":"PropertyValueSpecification","valueRequired":true,"valueName":"search_term_string"}}],"inLanguage":"pl-PL"}]}},"_links":{"self":[{"href":"https:\/\/cybul.eu\/pl\/wp-json\/wp\/v2\/product\/13708","targetHints":{"allow":["GET"]}}],"collection":[{"href":"https:\/\/cybul.eu\/pl\/wp-json\/wp\/v2\/product"}],"about":[{"href":"https:\/\/cybul.eu\/pl\/wp-json\/wp\/v2\/types\/product"}],"replies":[{"embeddable":true,"href":"https:\/\/cybul.eu\/pl\/wp-json\/wp\/v2\/comments?post=13708"}],"wp:featuredmedia":[{"embeddable":true,"href":"https:\/\/cybul.eu\/pl\/wp-json\/wp\/v2\/media\/13619"}],"wp:attachment":[{"href":"https:\/\/cybul.eu\/pl\/wp-json\/wp\/v2\/media?parent=13708"}],"wp:term":[{"taxonomy":"product_cat","embeddable":true,"href":"https:\/\/cybul.eu\/pl\/wp-json\/wp\/v2\/product_cat?post=13708"},{"taxonomy":"product_tag","embeddable":true,"href":"https:\/\/cybul.eu\/pl\/wp-json\/wp\/v2\/product_tag?post=13708"}],"curies":[{"name":"wp","href":"https:\/\/api.w.org\/{rel}","templated":true}]}}