{"id":13677,"date":"2024-06-11T20:48:03","date_gmt":"2024-06-11T18:48:03","guid":{"rendered":"https:\/\/cybul.eu\/shop\/rekawice-alpinestars-tech-1-zx-v4\/"},"modified":"2024-06-11T20:48:15","modified_gmt":"2024-06-11T18:48:15","slug":"rekawice-alpinestars-tech-1-zx-v4","status":"publish","type":"product","link":"https:\/\/cybul.eu\/pl\/sklep\/rekawice-alpinestars-tech-1-zx-v4\/","title":{"rendered":"R\u0118KAWICE ALPINESTARS TECH-1 ZX V4"},"content":{"rendered":"<p><strong>R\u0119kawice Alpinestars Tech-1 ZX V4<\/strong><\/p>\n<p>Homologacja: <strong>FIA 8856-2018<\/strong><\/p>\n<p>Najnowsza wersja najbardziej zaawansowanych r\u0119kawic Alpinestars. Stworzone s\u0105 z innowacyjnych materia\u0142\u00f3w zapewniaj\u0105cych lekko\u015b\u0107, przyczepno\u015b\u0107 i mobilno\u015b\u0107. Dwuwarstwowy materia\u0142 o strukturze plastra miodu zapewnia doskona\u0142\u0105 przewiewno\u015b\u0107 oraz ochron\u0119 przed ogniem. Posiadaj\u0105 nowo opracowane wewn\u0119trzne silikonowe wstawki zapewniaj\u0105ce doskona\u0142\u0105 przyczepno\u015b\u0107 i wyczucie. Szwy zewn\u0119trzne zapewniaj\u0105ce maksymalny komfort u\u017cytkowania.<\/p>\n<p>&#8211; Dwuwarstwowy materia\u0142 o strukturze plastra miodu<br \/>&#8211; Szwy zewn\u0119trzne<br \/>&#8211; Przyczepne silikonowe wstawki<br \/>&#8211; Elastyczny pasek na nadgarstku<br \/>&#8211; Bardzo wysoki komfort u\u017cytkowania<\/p>\n<p><img loading=\"lazy\" decoding=\"async\" style=\"display: block; margin-left: auto; margin-right: auto;\" src=\"\/data\/include\/cms\/Alpinestars\/rekawice_alpinestars2017.jpg\" border=\"0\" alt=\"\" width=\"707\" height=\"367\"><\/p>\n","protected":false},"excerpt":{"rendered":"<p><strong>R\u0119kawice Alpinestars Tech-1 ZX V4<\/strong><\/p>\n<p>Homologacja: <strong>FIA 8856-2018<\/strong><\/p>\n<p>Najnowsza wersja najbardziej zaawansowanych r\u0119kawic Alpinestars. Stworzone s\u0105 z innowacyjnych materia\u0142\u00f3w zapewniaj\u0105cych lekko\u015b\u0107, przyczepno\u015b\u0107 i mobilno\u015b\u0107. Dwuwarstwowy materia\u0142 o strukturze plastra miodu zapewnia doskona\u0142\u0105 przewiewno\u015b\u0107 oraz ochron\u0119 przed ogniem. Posiadaj\u0105 nowo opracowane wewn\u0119trzne silikonowe wstawki zapewniaj\u0105ce doskona\u0142\u0105 przyczepno\u015b\u0107 i wyczucie. Szwy zewn\u0119trzne zapewniaj\u0105ce maksymalny komfort u\u017cytkowania.<\/p>\n<p>&#8211; Dwuwarstwowy materia\u0142 o strukturze plastra miodu<br \/>&#8211; Szwy zewn\u0119trzne<br \/>&#8211; Przyczepne silikonowe wstawki<br \/>&#8211; Elastyczny pasek na nadgarstku<br \/>&#8211; Bardzo wysoki komfort u\u017cytkowania<\/p>\n","protected":false},"featured_media":13470,"comment_status":"closed","ping_status":"open","template":"","meta":[],"product_cat":[566,560],"product_tag":[],"class_list":{"0":"post-13677","1":"product","2":"type-product","3":"status-publish","4":"has-post-thumbnail","6":"product_cat-rekawice-rajdowe","7":"product_cat-odziez-rajdowa-fia","9":"first","10":"instock","11":"taxable","12":"shipping-taxable","13":"purchasable","14":"product-type-simple"},"bundled_by":[],"bundle_stock_status":"instock","bundle_stock_quantity":null,"bundle_virtual":false,"bundle_layout":"","bundle_add_to_cart_form_location":"","bundle_editable_in_cart":false,"bundle_sold_individually_context":"","bundle_item_grouping":"","bundle_min_size":"","bundle_max_size":"","bundle_price":[],"bundled_items":[],"bundle_sell_ids":[],"acf":{"zdjecie_bez_watermarka":null,"zdjecie_bez_watermarka_url":"","product_orgin_url":"https:\/\/inter-rally.pl\/product-eng-202109-Rekawice-Alpinestars-Tech-1-ZX-V4.html"},"yoast_head":"<!-- This site is optimized with the Yoast SEO plugin v23.9 - https:\/\/yoast.com\/wordpress\/plugins\/seo\/ -->\n<title>R\u0118KAWICE ALPINESTARS TECH-1 ZX V4 - CYBUL<\/title>\n<meta name=\"robots\" content=\"index, follow, max-snippet:-1, max-image-preview:large, max-video-preview:-1\" \/>\n<link rel=\"canonical\" href=\"https:\/\/cybul.eu\/pl\/sklep\/rekawice-alpinestars-tech-1-zx-v4\/\" \/>\n<meta property=\"og:locale\" content=\"pl_PL\" \/>\n<meta property=\"og:type\" content=\"article\" \/>\n<meta property=\"og:title\" content=\"R\u0118KAWICE ALPINESTARS TECH-1 ZX V4 - CYBUL\" \/>\n<meta property=\"og:description\" content=\"R\u0119kawice Alpinestars Tech-1 ZX V4Homologacja: FIA 8856-2018Najnowsza wersja najbardziej zaawansowanych r\u0119kawic Alpinestars. Stworzone s\u0105 z innowacyjnych materia\u0142\u00f3w zapewniaj\u0105cych lekko\u015b\u0107, przyczepno\u015b\u0107 i mobilno\u015b\u0107. Dwuwarstwowy materia\u0142 o strukturze plastra miodu zapewnia doskona\u0142\u0105 przewiewno\u015b\u0107 oraz ochron\u0119 przed ogniem. Posiadaj\u0105 nowo opracowane wewn\u0119trzne silikonowe wstawki zapewniaj\u0105ce doskona\u0142\u0105 przyczepno\u015b\u0107 i wyczucie. Szwy zewn\u0119trzne zapewniaj\u0105ce maksymalny komfort u\u017cytkowania.- Dwuwarstwowy materia\u0142 o strukturze plastra miodu- Szwy zewn\u0119trzne- Przyczepne silikonowe wstawki- Elastyczny pasek na nadgarstku- Bardzo wysoki komfort u\u017cytkowania\" \/>\n<meta property=\"og:url\" content=\"https:\/\/cybul.eu\/pl\/sklep\/rekawice-alpinestars-tech-1-zx-v4\/\" \/>\n<meta property=\"og:site_name\" content=\"CYBUL\" \/>\n<meta property=\"article:modified_time\" content=\"2024-06-11T18:48:15+00:00\" \/>\n<meta property=\"og:image\" content=\"https:\/\/cybul.eu\/wp-content\/uploads\/2024\/06\/pol_pl_Rekawice-Alpinestars-Tech-1-ZX-V4-202109_1.jpg\" \/>\n\t<meta property=\"og:image:width\" content=\"900\" \/>\n\t<meta property=\"og:image:height\" content=\"900\" \/>\n\t<meta property=\"og:image:type\" content=\"image\/jpeg\" \/>\n<meta name=\"twitter:card\" content=\"summary_large_image\" \/>\n<script type=\"application\/ld+json\" class=\"yoast-schema-graph\">{\"@context\":\"https:\/\/schema.org\",\"@graph\":[{\"@type\":\"WebPage\",\"@id\":\"https:\/\/cybul.eu\/pl\/sklep\/rekawice-alpinestars-tech-1-zx-v4\/\",\"url\":\"https:\/\/cybul.eu\/pl\/sklep\/rekawice-alpinestars-tech-1-zx-v4\/\",\"name\":\"R\u0118KAWICE ALPINESTARS TECH-1 ZX V4 - CYBUL\",\"isPartOf\":{\"@id\":\"https:\/\/cybul.eu\/pl\/#website\"},\"primaryImageOfPage\":{\"@id\":\"https:\/\/cybul.eu\/pl\/sklep\/rekawice-alpinestars-tech-1-zx-v4\/#primaryimage\"},\"image\":{\"@id\":\"https:\/\/cybul.eu\/pl\/sklep\/rekawice-alpinestars-tech-1-zx-v4\/#primaryimage\"},\"thumbnailUrl\":\"https:\/\/cybul.eu\/wp-content\/uploads\/2024\/06\/pol_pl_Rekawice-Alpinestars-Tech-1-ZX-V4-202109_1.jpg\",\"datePublished\":\"2024-06-11T18:48:03+00:00\",\"dateModified\":\"2024-06-11T18:48:15+00:00\",\"breadcrumb\":{\"@id\":\"https:\/\/cybul.eu\/pl\/sklep\/rekawice-alpinestars-tech-1-zx-v4\/#breadcrumb\"},\"inLanguage\":\"pl-PL\",\"potentialAction\":[{\"@type\":\"ReadAction\",\"target\":[\"https:\/\/cybul.eu\/pl\/sklep\/rekawice-alpinestars-tech-1-zx-v4\/\"]}]},{\"@type\":\"ImageObject\",\"inLanguage\":\"pl-PL\",\"@id\":\"https:\/\/cybul.eu\/pl\/sklep\/rekawice-alpinestars-tech-1-zx-v4\/#primaryimage\",\"url\":\"https:\/\/cybul.eu\/wp-content\/uploads\/2024\/06\/pol_pl_Rekawice-Alpinestars-Tech-1-ZX-V4-202109_1.jpg\",\"contentUrl\":\"https:\/\/cybul.eu\/wp-content\/uploads\/2024\/06\/pol_pl_Rekawice-Alpinestars-Tech-1-ZX-V4-202109_1.jpg\",\"width\":900,\"height\":900},{\"@type\":\"BreadcrumbList\",\"@id\":\"https:\/\/cybul.eu\/pl\/sklep\/rekawice-alpinestars-tech-1-zx-v4\/#breadcrumb\",\"itemListElement\":[{\"@type\":\"ListItem\",\"position\":1,\"name\":\"Strona g\u0142\u00f3wna\",\"item\":\"https:\/\/cybul.eu\/pl\/\"},{\"@type\":\"ListItem\",\"position\":2,\"name\":\"Sklep\",\"item\":\"https:\/\/cybul.eu\/pl\/sklep\/\"},{\"@type\":\"ListItem\",\"position\":3,\"name\":\"R\u0118KAWICE ALPINESTARS TECH-1 ZX V4\"}]},{\"@type\":\"WebSite\",\"@id\":\"https:\/\/cybul.eu\/pl\/#website\",\"url\":\"https:\/\/cybul.eu\/pl\/\",\"name\":\"CYBUL\",\"description\":\"\",\"potentialAction\":[{\"@type\":\"SearchAction\",\"target\":{\"@type\":\"EntryPoint\",\"urlTemplate\":\"https:\/\/cybul.eu\/pl\/?s={search_term_string}\"},\"query-input\":{\"@type\":\"PropertyValueSpecification\",\"valueRequired\":true,\"valueName\":\"search_term_string\"}}],\"inLanguage\":\"pl-PL\"}]}<\/script>\n<!-- \/ Yoast SEO plugin. -->","yoast_head_json":{"title":"R\u0118KAWICE ALPINESTARS TECH-1 ZX V4 - CYBUL","robots":{"index":"index","follow":"follow","max-snippet":"max-snippet:-1","max-image-preview":"max-image-preview:large","max-video-preview":"max-video-preview:-1"},"canonical":"https:\/\/cybul.eu\/pl\/sklep\/rekawice-alpinestars-tech-1-zx-v4\/","og_locale":"pl_PL","og_type":"article","og_title":"R\u0118KAWICE ALPINESTARS TECH-1 ZX V4 - CYBUL","og_description":"R\u0119kawice Alpinestars Tech-1 ZX V4Homologacja: FIA 8856-2018Najnowsza wersja najbardziej zaawansowanych r\u0119kawic Alpinestars. Stworzone s\u0105 z innowacyjnych materia\u0142\u00f3w zapewniaj\u0105cych lekko\u015b\u0107, przyczepno\u015b\u0107 i mobilno\u015b\u0107. Dwuwarstwowy materia\u0142 o strukturze plastra miodu zapewnia doskona\u0142\u0105 przewiewno\u015b\u0107 oraz ochron\u0119 przed ogniem. Posiadaj\u0105 nowo opracowane wewn\u0119trzne silikonowe wstawki zapewniaj\u0105ce doskona\u0142\u0105 przyczepno\u015b\u0107 i wyczucie. Szwy zewn\u0119trzne zapewniaj\u0105ce maksymalny komfort u\u017cytkowania.- Dwuwarstwowy materia\u0142 o strukturze plastra miodu- Szwy zewn\u0119trzne- Przyczepne silikonowe wstawki- Elastyczny pasek na nadgarstku- Bardzo wysoki komfort u\u017cytkowania","og_url":"https:\/\/cybul.eu\/pl\/sklep\/rekawice-alpinestars-tech-1-zx-v4\/","og_site_name":"CYBUL","article_modified_time":"2024-06-11T18:48:15+00:00","og_image":[{"width":900,"height":900,"url":"https:\/\/cybul.eu\/wp-content\/uploads\/2024\/06\/pol_pl_Rekawice-Alpinestars-Tech-1-ZX-V4-202109_1.jpg","type":"image\/jpeg"}],"twitter_card":"summary_large_image","schema":{"@context":"https:\/\/schema.org","@graph":[{"@type":"WebPage","@id":"https:\/\/cybul.eu\/pl\/sklep\/rekawice-alpinestars-tech-1-zx-v4\/","url":"https:\/\/cybul.eu\/pl\/sklep\/rekawice-alpinestars-tech-1-zx-v4\/","name":"R\u0118KAWICE ALPINESTARS TECH-1 ZX V4 - CYBUL","isPartOf":{"@id":"https:\/\/cybul.eu\/pl\/#website"},"primaryImageOfPage":{"@id":"https:\/\/cybul.eu\/pl\/sklep\/rekawice-alpinestars-tech-1-zx-v4\/#primaryimage"},"image":{"@id":"https:\/\/cybul.eu\/pl\/sklep\/rekawice-alpinestars-tech-1-zx-v4\/#primaryimage"},"thumbnailUrl":"https:\/\/cybul.eu\/wp-content\/uploads\/2024\/06\/pol_pl_Rekawice-Alpinestars-Tech-1-ZX-V4-202109_1.jpg","datePublished":"2024-06-11T18:48:03+00:00","dateModified":"2024-06-11T18:48:15+00:00","breadcrumb":{"@id":"https:\/\/cybul.eu\/pl\/sklep\/rekawice-alpinestars-tech-1-zx-v4\/#breadcrumb"},"inLanguage":"pl-PL","potentialAction":[{"@type":"ReadAction","target":["https:\/\/cybul.eu\/pl\/sklep\/rekawice-alpinestars-tech-1-zx-v4\/"]}]},{"@type":"ImageObject","inLanguage":"pl-PL","@id":"https:\/\/cybul.eu\/pl\/sklep\/rekawice-alpinestars-tech-1-zx-v4\/#primaryimage","url":"https:\/\/cybul.eu\/wp-content\/uploads\/2024\/06\/pol_pl_Rekawice-Alpinestars-Tech-1-ZX-V4-202109_1.jpg","contentUrl":"https:\/\/cybul.eu\/wp-content\/uploads\/2024\/06\/pol_pl_Rekawice-Alpinestars-Tech-1-ZX-V4-202109_1.jpg","width":900,"height":900},{"@type":"BreadcrumbList","@id":"https:\/\/cybul.eu\/pl\/sklep\/rekawice-alpinestars-tech-1-zx-v4\/#breadcrumb","itemListElement":[{"@type":"ListItem","position":1,"name":"Strona g\u0142\u00f3wna","item":"https:\/\/cybul.eu\/pl\/"},{"@type":"ListItem","position":2,"name":"Sklep","item":"https:\/\/cybul.eu\/pl\/sklep\/"},{"@type":"ListItem","position":3,"name":"R\u0118KAWICE ALPINESTARS TECH-1 ZX V4"}]},{"@type":"WebSite","@id":"https:\/\/cybul.eu\/pl\/#website","url":"https:\/\/cybul.eu\/pl\/","name":"CYBUL","description":"","potentialAction":[{"@type":"SearchAction","target":{"@type":"EntryPoint","urlTemplate":"https:\/\/cybul.eu\/pl\/?s={search_term_string}"},"query-input":{"@type":"PropertyValueSpecification","valueRequired":true,"valueName":"search_term_string"}}],"inLanguage":"pl-PL"}]}},"_links":{"self":[{"href":"https:\/\/cybul.eu\/pl\/wp-json\/wp\/v2\/product\/13677","targetHints":{"allow":["GET"]}}],"collection":[{"href":"https:\/\/cybul.eu\/pl\/wp-json\/wp\/v2\/product"}],"about":[{"href":"https:\/\/cybul.eu\/pl\/wp-json\/wp\/v2\/types\/product"}],"replies":[{"embeddable":true,"href":"https:\/\/cybul.eu\/pl\/wp-json\/wp\/v2\/comments?post=13677"}],"wp:featuredmedia":[{"embeddable":true,"href":"https:\/\/cybul.eu\/pl\/wp-json\/wp\/v2\/media\/13470"}],"wp:attachment":[{"href":"https:\/\/cybul.eu\/pl\/wp-json\/wp\/v2\/media?parent=13677"}],"wp:term":[{"taxonomy":"product_cat","embeddable":true,"href":"https:\/\/cybul.eu\/pl\/wp-json\/wp\/v2\/product_cat?post=13677"},{"taxonomy":"product_tag","embeddable":true,"href":"https:\/\/cybul.eu\/pl\/wp-json\/wp\/v2\/product_tag?post=13677"}],"curies":[{"name":"wp","href":"https:\/\/api.w.org\/{rel}","templated":true}]}}