{"id":13665,"date":"2024-06-11T20:47:28","date_gmt":"2024-06-11T18:47:28","guid":{"rendered":"https:\/\/cybul.eu\/shop\/rekawice-sparco-lap\/"},"modified":"2024-06-11T20:47:49","modified_gmt":"2024-06-11T18:47:49","slug":"rekawice-sparco-lap","status":"publish","type":"product","link":"https:\/\/cybul.eu\/pl\/sklep\/rekawice-sparco-lap\/","title":{"rendered":"R\u0118KAWICE SPARCO LAP"},"content":{"rendered":"<p><strong>R\u0119kawice Sparco Lap<\/p>\n<p><\/strong>Homologacja:<strong> FIA 8856-2018<\/p>\n<p><\/strong>R\u0119kawice wy\u015bcigowe Sparco Lap zosta\u0142y przeprojektowane i ulepszone, aby spe\u0142ni\u0107 bardziej rygorystyczn\u0105 homologacj\u0119 FIA 8856-2018. Charakteryzuj\u0105 si\u0119 technik\u0105 dzielonego szycia, kt\u00f3ra oferuje zewn\u0119trzne szwy w wewn\u0119trznych palcach z zewn\u0119trznymi szwami na zewn\u0105trz. Poprawia to zar\u00f3wno komfort, jak i zr\u0119czno\u015b\u0107.<\/p>\n<p>&#8211;&nbsp;Przeprojektowany silikonowy, drukowany uchwyt na d\u0142oni i palcach zapewnia optymalny chwyt<br \/>&#8211;&nbsp;Wst\u0119pnie zakrzywione palce zmniejszaj\u0105 zbijanie si\u0119 materia\u0142u i punkty nacisku<br \/>&#8211;&nbsp;Elastyczny nadgarstek z paskiem na rzep dla bezpiecznego i wygodnego dopasowania<\/p>\n<p>Dost\u0119pne w czterech kolorach.<\/p>\n<p><img loading=\"lazy\" decoding=\"async\" style=\"display: block; margin-left: auto; margin-right: auto;\" src=\"\/data\/include\/cms\/rozmiary\/Sparco\/2018\/tabela_rekawice.jpg\" border=\"0\" alt=\"\" width=\"800\" height=\"97\"><\/p>\n","protected":false},"excerpt":{"rendered":"<p><strong>R\u0119kawice Sparco Lap<\/p>\n<p><\/strong>Homologacja:<strong> FIA 8856-2018<\/p>\n<p><\/strong>R\u0119kawice wy\u015bcigowe Sparco Lap zosta\u0142y przeprojektowane i ulepszone, aby spe\u0142ni\u0107 bardziej rygorystyczn\u0105 homologacj\u0119 FIA 8856-2018. Charakteryzuj\u0105 si\u0119 technik\u0105 dzielonego szycia, kt\u00f3ra oferuje zewn\u0119trzne szwy w wewn\u0119trznych palcach z zewn\u0119trznymi szwami na zewn\u0105trz. Poprawia to zar\u00f3wno komfort, jak i zr\u0119czno\u015b\u0107.<\/p>\n<p>&#8211;&nbsp;Przeprojektowany silikonowy, drukowany uchwyt na d\u0142oni i palcach zapewnia optymalny chwyt<br \/>&#8211;&nbsp;Wst\u0119pnie zakrzywione palce zmniejszaj\u0105 zbijanie si\u0119 materia\u0142u i punkty nacisku<br \/>&#8211;&nbsp;Elastyczny nadgarstek z paskiem na rzep dla bezpiecznego i wygodnego dopasowania<\/p>\n<p>Dost\u0119pne w czterech kolorach.<\/p>\n<p><img loading=\"lazy\" decoding=\"async\" style=\"display: block; margin-left: auto; margin-right: auto;\" src=\"\/data\/include\/cms\/rozmiary\/Sparco\/2018\/tabela_rekawice.jpg\" border=\"0\" alt=\"\" width=\"800\" height=\"97\"><\/p>\n","protected":false},"featured_media":13340,"comment_status":"closed","ping_status":"open","template":"","meta":[],"product_cat":[566,560],"product_tag":[],"class_list":{"0":"post-13665","1":"product","2":"type-product","3":"status-publish","4":"has-post-thumbnail","6":"product_cat-rekawice-rajdowe","7":"product_cat-odziez-rajdowa-fia","9":"first","10":"instock","11":"taxable","12":"shipping-taxable","13":"purchasable","14":"product-type-simple"},"bundled_by":[],"bundle_stock_status":"instock","bundle_stock_quantity":null,"bundle_virtual":false,"bundle_layout":"","bundle_add_to_cart_form_location":"","bundle_editable_in_cart":false,"bundle_sold_individually_context":"","bundle_item_grouping":"","bundle_min_size":"","bundle_max_size":"","bundle_price":[],"bundled_items":[],"bundle_sell_ids":[],"acf":{"zdjecie_bez_watermarka":null,"zdjecie_bez_watermarka_url":"","product_orgin_url":"https:\/\/inter-rally.pl\/product-eng-663-Rekawice-Sparco-Lap.html"},"yoast_head":"<!-- This site is optimized with the Yoast SEO plugin v23.9 - https:\/\/yoast.com\/wordpress\/plugins\/seo\/ -->\n<title>R\u0118KAWICE SPARCO LAP - CYBUL<\/title>\n<meta name=\"robots\" content=\"index, follow, max-snippet:-1, max-image-preview:large, max-video-preview:-1\" \/>\n<link rel=\"canonical\" href=\"https:\/\/cybul.eu\/pl\/sklep\/rekawice-sparco-lap\/\" \/>\n<meta property=\"og:locale\" content=\"pl_PL\" \/>\n<meta property=\"og:type\" content=\"article\" \/>\n<meta property=\"og:title\" content=\"R\u0118KAWICE SPARCO LAP - CYBUL\" \/>\n<meta property=\"og:description\" content=\"R\u0119kawice Sparco LapHomologacja: FIA 8856-2018R\u0119kawice wy\u015bcigowe Sparco Lap zosta\u0142y przeprojektowane i ulepszone, aby spe\u0142ni\u0107 bardziej rygorystyczn\u0105 homologacj\u0119 FIA 8856-2018. Charakteryzuj\u0105 si\u0119 technik\u0105 dzielonego szycia, kt\u00f3ra oferuje zewn\u0119trzne szwy w wewn\u0119trznych palcach z zewn\u0119trznymi szwami na zewn\u0105trz. Poprawia to zar\u00f3wno komfort, jak i zr\u0119czno\u015b\u0107.-&nbsp;Przeprojektowany silikonowy, drukowany uchwyt na d\u0142oni i palcach zapewnia optymalny chwyt-&nbsp;Wst\u0119pnie zakrzywione palce zmniejszaj\u0105 zbijanie si\u0119 materia\u0142u i punkty nacisku-&nbsp;Elastyczny nadgarstek z paskiem na rzep dla bezpiecznego i wygodnego dopasowaniaDost\u0119pne w czterech kolorach.\" \/>\n<meta property=\"og:url\" content=\"https:\/\/cybul.eu\/pl\/sklep\/rekawice-sparco-lap\/\" \/>\n<meta property=\"og:site_name\" content=\"CYBUL\" \/>\n<meta property=\"article:modified_time\" content=\"2024-06-11T18:47:49+00:00\" \/>\n<meta property=\"og:image\" content=\"https:\/\/cybul.eu\/wp-content\/uploads\/2024\/06\/pol_pl_Rekawice-Sparco-Lap-663_4.jpg\" \/>\n\t<meta property=\"og:image:width\" content=\"900\" \/>\n\t<meta property=\"og:image:height\" content=\"900\" \/>\n\t<meta property=\"og:image:type\" content=\"image\/jpeg\" \/>\n<meta name=\"twitter:card\" content=\"summary_large_image\" \/>\n<script type=\"application\/ld+json\" class=\"yoast-schema-graph\">{\"@context\":\"https:\/\/schema.org\",\"@graph\":[{\"@type\":\"WebPage\",\"@id\":\"https:\/\/cybul.eu\/pl\/sklep\/rekawice-sparco-lap\/\",\"url\":\"https:\/\/cybul.eu\/pl\/sklep\/rekawice-sparco-lap\/\",\"name\":\"R\u0118KAWICE SPARCO LAP - CYBUL\",\"isPartOf\":{\"@id\":\"https:\/\/cybul.eu\/pl\/#website\"},\"primaryImageOfPage\":{\"@id\":\"https:\/\/cybul.eu\/pl\/sklep\/rekawice-sparco-lap\/#primaryimage\"},\"image\":{\"@id\":\"https:\/\/cybul.eu\/pl\/sklep\/rekawice-sparco-lap\/#primaryimage\"},\"thumbnailUrl\":\"https:\/\/cybul.eu\/wp-content\/uploads\/2024\/06\/pol_pl_Rekawice-Sparco-Lap-663_4.jpg\",\"datePublished\":\"2024-06-11T18:47:28+00:00\",\"dateModified\":\"2024-06-11T18:47:49+00:00\",\"breadcrumb\":{\"@id\":\"https:\/\/cybul.eu\/pl\/sklep\/rekawice-sparco-lap\/#breadcrumb\"},\"inLanguage\":\"pl-PL\",\"potentialAction\":[{\"@type\":\"ReadAction\",\"target\":[\"https:\/\/cybul.eu\/pl\/sklep\/rekawice-sparco-lap\/\"]}]},{\"@type\":\"ImageObject\",\"inLanguage\":\"pl-PL\",\"@id\":\"https:\/\/cybul.eu\/pl\/sklep\/rekawice-sparco-lap\/#primaryimage\",\"url\":\"https:\/\/cybul.eu\/wp-content\/uploads\/2024\/06\/pol_pl_Rekawice-Sparco-Lap-663_4.jpg\",\"contentUrl\":\"https:\/\/cybul.eu\/wp-content\/uploads\/2024\/06\/pol_pl_Rekawice-Sparco-Lap-663_4.jpg\",\"width\":900,\"height\":900},{\"@type\":\"BreadcrumbList\",\"@id\":\"https:\/\/cybul.eu\/pl\/sklep\/rekawice-sparco-lap\/#breadcrumb\",\"itemListElement\":[{\"@type\":\"ListItem\",\"position\":1,\"name\":\"Strona g\u0142\u00f3wna\",\"item\":\"https:\/\/cybul.eu\/pl\/\"},{\"@type\":\"ListItem\",\"position\":2,\"name\":\"Sklep\",\"item\":\"https:\/\/cybul.eu\/pl\/sklep\/\"},{\"@type\":\"ListItem\",\"position\":3,\"name\":\"R\u0118KAWICE SPARCO LAP\"}]},{\"@type\":\"WebSite\",\"@id\":\"https:\/\/cybul.eu\/pl\/#website\",\"url\":\"https:\/\/cybul.eu\/pl\/\",\"name\":\"CYBUL\",\"description\":\"\",\"potentialAction\":[{\"@type\":\"SearchAction\",\"target\":{\"@type\":\"EntryPoint\",\"urlTemplate\":\"https:\/\/cybul.eu\/pl\/?s={search_term_string}\"},\"query-input\":{\"@type\":\"PropertyValueSpecification\",\"valueRequired\":true,\"valueName\":\"search_term_string\"}}],\"inLanguage\":\"pl-PL\"}]}<\/script>\n<!-- \/ Yoast SEO plugin. -->","yoast_head_json":{"title":"R\u0118KAWICE SPARCO LAP - CYBUL","robots":{"index":"index","follow":"follow","max-snippet":"max-snippet:-1","max-image-preview":"max-image-preview:large","max-video-preview":"max-video-preview:-1"},"canonical":"https:\/\/cybul.eu\/pl\/sklep\/rekawice-sparco-lap\/","og_locale":"pl_PL","og_type":"article","og_title":"R\u0118KAWICE SPARCO LAP - CYBUL","og_description":"R\u0119kawice Sparco LapHomologacja: FIA 8856-2018R\u0119kawice wy\u015bcigowe Sparco Lap zosta\u0142y przeprojektowane i ulepszone, aby spe\u0142ni\u0107 bardziej rygorystyczn\u0105 homologacj\u0119 FIA 8856-2018. Charakteryzuj\u0105 si\u0119 technik\u0105 dzielonego szycia, kt\u00f3ra oferuje zewn\u0119trzne szwy w wewn\u0119trznych palcach z zewn\u0119trznymi szwami na zewn\u0105trz. Poprawia to zar\u00f3wno komfort, jak i zr\u0119czno\u015b\u0107.-&nbsp;Przeprojektowany silikonowy, drukowany uchwyt na d\u0142oni i palcach zapewnia optymalny chwyt-&nbsp;Wst\u0119pnie zakrzywione palce zmniejszaj\u0105 zbijanie si\u0119 materia\u0142u i punkty nacisku-&nbsp;Elastyczny nadgarstek z paskiem na rzep dla bezpiecznego i wygodnego dopasowaniaDost\u0119pne w czterech kolorach.","og_url":"https:\/\/cybul.eu\/pl\/sklep\/rekawice-sparco-lap\/","og_site_name":"CYBUL","article_modified_time":"2024-06-11T18:47:49+00:00","og_image":[{"width":900,"height":900,"url":"https:\/\/cybul.eu\/wp-content\/uploads\/2024\/06\/pol_pl_Rekawice-Sparco-Lap-663_4.jpg","type":"image\/jpeg"}],"twitter_card":"summary_large_image","schema":{"@context":"https:\/\/schema.org","@graph":[{"@type":"WebPage","@id":"https:\/\/cybul.eu\/pl\/sklep\/rekawice-sparco-lap\/","url":"https:\/\/cybul.eu\/pl\/sklep\/rekawice-sparco-lap\/","name":"R\u0118KAWICE SPARCO LAP - CYBUL","isPartOf":{"@id":"https:\/\/cybul.eu\/pl\/#website"},"primaryImageOfPage":{"@id":"https:\/\/cybul.eu\/pl\/sklep\/rekawice-sparco-lap\/#primaryimage"},"image":{"@id":"https:\/\/cybul.eu\/pl\/sklep\/rekawice-sparco-lap\/#primaryimage"},"thumbnailUrl":"https:\/\/cybul.eu\/wp-content\/uploads\/2024\/06\/pol_pl_Rekawice-Sparco-Lap-663_4.jpg","datePublished":"2024-06-11T18:47:28+00:00","dateModified":"2024-06-11T18:47:49+00:00","breadcrumb":{"@id":"https:\/\/cybul.eu\/pl\/sklep\/rekawice-sparco-lap\/#breadcrumb"},"inLanguage":"pl-PL","potentialAction":[{"@type":"ReadAction","target":["https:\/\/cybul.eu\/pl\/sklep\/rekawice-sparco-lap\/"]}]},{"@type":"ImageObject","inLanguage":"pl-PL","@id":"https:\/\/cybul.eu\/pl\/sklep\/rekawice-sparco-lap\/#primaryimage","url":"https:\/\/cybul.eu\/wp-content\/uploads\/2024\/06\/pol_pl_Rekawice-Sparco-Lap-663_4.jpg","contentUrl":"https:\/\/cybul.eu\/wp-content\/uploads\/2024\/06\/pol_pl_Rekawice-Sparco-Lap-663_4.jpg","width":900,"height":900},{"@type":"BreadcrumbList","@id":"https:\/\/cybul.eu\/pl\/sklep\/rekawice-sparco-lap\/#breadcrumb","itemListElement":[{"@type":"ListItem","position":1,"name":"Strona g\u0142\u00f3wna","item":"https:\/\/cybul.eu\/pl\/"},{"@type":"ListItem","position":2,"name":"Sklep","item":"https:\/\/cybul.eu\/pl\/sklep\/"},{"@type":"ListItem","position":3,"name":"R\u0118KAWICE SPARCO LAP"}]},{"@type":"WebSite","@id":"https:\/\/cybul.eu\/pl\/#website","url":"https:\/\/cybul.eu\/pl\/","name":"CYBUL","description":"","potentialAction":[{"@type":"SearchAction","target":{"@type":"EntryPoint","urlTemplate":"https:\/\/cybul.eu\/pl\/?s={search_term_string}"},"query-input":{"@type":"PropertyValueSpecification","valueRequired":true,"valueName":"search_term_string"}}],"inLanguage":"pl-PL"}]}},"_links":{"self":[{"href":"https:\/\/cybul.eu\/pl\/wp-json\/wp\/v2\/product\/13665","targetHints":{"allow":["GET"]}}],"collection":[{"href":"https:\/\/cybul.eu\/pl\/wp-json\/wp\/v2\/product"}],"about":[{"href":"https:\/\/cybul.eu\/pl\/wp-json\/wp\/v2\/types\/product"}],"replies":[{"embeddable":true,"href":"https:\/\/cybul.eu\/pl\/wp-json\/wp\/v2\/comments?post=13665"}],"wp:featuredmedia":[{"embeddable":true,"href":"https:\/\/cybul.eu\/pl\/wp-json\/wp\/v2\/media\/13340"}],"wp:attachment":[{"href":"https:\/\/cybul.eu\/pl\/wp-json\/wp\/v2\/media?parent=13665"}],"wp:term":[{"taxonomy":"product_cat","embeddable":true,"href":"https:\/\/cybul.eu\/pl\/wp-json\/wp\/v2\/product_cat?post=13665"},{"taxonomy":"product_tag","embeddable":true,"href":"https:\/\/cybul.eu\/pl\/wp-json\/wp\/v2\/product_tag?post=13665"}],"curies":[{"name":"wp","href":"https:\/\/api.w.org\/{rel}","templated":true}]}}