{"id":13661,"date":"2024-06-11T20:47:28","date_gmt":"2024-06-11T18:47:28","guid":{"rendered":"https:\/\/cybul.eu\/shop\/rekawice-sparco-futura\/"},"modified":"2024-06-11T20:47:45","modified_gmt":"2024-06-11T18:47:45","slug":"rekawice-sparco-futura","status":"publish","type":"product","link":"https:\/\/cybul.eu\/pl\/sklep\/rekawice-sparco-futura\/","title":{"rendered":"R\u0118KAWICE SPARCO FUTURA"},"content":{"rendered":"<p><strong>R\u0119kawice Sparco&nbsp;Futura<\/p>\n<p><\/strong>Homologacja: <strong>FIA 8856-2018<br \/><\/strong><br \/>R\u0119kawice wy\u015bcigowe Futura firmy Sparco wykorzystuj\u0105 najnowsz\u0105 technologi\u0119 &#8222;Full Efficiency&#8221;. Ta nowa technologia wykorzystuje materia\u0142y pochodz\u0105ce z recyklingu innych produkt\u00f3w Sparco, zapewniaj\u0105c minimaln\u0105 ilo\u015b\u0107 odpad\u00f3w w procesie produkcyjnym bez wp\u0142ywu na poziom bezpiecze\u0144stwa produkt\u00f3w.<br \/>Sparco Futura maj\u0105 zewn\u0119trzne szwy na palcach, kt\u00f3re zmniejszaj\u0105 punkty nacisku, poprawiaj\u0105c komfort i zmniejszaj\u0105c zm\u0119czenie. Silikonowy nadruk na d\u0142oni i palcach zapewnia wysoki poziom przyczepno\u015bci i kontroli, a elastyczny nadgarstek zapewnia bezpieczne dopasowanie i \u0142atwe zak\u0142adanie.<\/p>\n<p><img loading=\"lazy\" decoding=\"async\" style=\"display: block; margin-left: auto; margin-right: auto;\" src=\"\/data\/include\/cms\/Sabelt\/rozmiary_rkawic.jpg\" border=\"0\" alt=\"\" width=\"580\" height=\"239\"><\/p>\n","protected":false},"excerpt":{"rendered":"<p><strong>R\u0119kawice Sparco&nbsp;Futura<\/p>\n<p><\/strong>Homologacja: <strong>FIA 8856-2018<br \/><\/strong><br \/>R\u0119kawice wy\u015bcigowe Futura firmy Sparco wykorzystuj\u0105 najnowsz\u0105 technologi\u0119 &#8222;Full Efficiency&#8221;. Ta nowa technologia wykorzystuje materia\u0142y pochodz\u0105ce z recyklingu innych produkt\u00f3w Sparco, zapewniaj\u0105c minimaln\u0105 ilo\u015b\u0107 odpad\u00f3w w procesie produkcyjnym bez wp\u0142ywu na poziom bezpiecze\u0144stwa produkt\u00f3w.<br \/>Sparco Futura maj\u0105 zewn\u0119trzne szwy na palcach, kt\u00f3re zmniejszaj\u0105 punkty nacisku, poprawiaj\u0105c komfort i zmniejszaj\u0105c zm\u0119czenie. Silikonowy nadruk na d\u0142oni i palcach zapewnia wysoki poziom przyczepno\u015bci i kontroli, a elastyczny nadgarstek zapewnia bezpieczne dopasowanie i \u0142atwe zak\u0142adanie.<\/p>\n<p><img loading=\"lazy\" decoding=\"async\" style=\"display: block; margin-left: auto; margin-right: auto;\" src=\"\/data\/include\/cms\/Sabelt\/rozmiary_rkawic.jpg\" border=\"0\" alt=\"\" width=\"580\" height=\"239\"><\/p>\n","protected":false},"featured_media":13300,"comment_status":"closed","ping_status":"open","template":"","meta":[],"product_cat":[566,560],"product_tag":[],"class_list":{"0":"post-13661","1":"product","2":"type-product","3":"status-publish","4":"has-post-thumbnail","6":"product_cat-rekawice-rajdowe","7":"product_cat-odziez-rajdowa-fia","9":"first","10":"instock","11":"taxable","12":"shipping-taxable","13":"purchasable","14":"product-type-simple"},"bundled_by":[],"bundle_stock_status":"instock","bundle_stock_quantity":null,"bundle_virtual":false,"bundle_layout":"","bundle_add_to_cart_form_location":"","bundle_editable_in_cart":false,"bundle_sold_individually_context":"","bundle_item_grouping":"","bundle_min_size":"","bundle_max_size":"","bundle_price":[],"bundled_items":[],"bundle_sell_ids":[],"acf":{"zdjecie_bez_watermarka":null,"zdjecie_bez_watermarka_url":"","product_orgin_url":"https:\/\/inter-rally.pl\/product-eng-163285-Rekawice-Sparco-Futura.html"},"yoast_head":"<!-- This site is optimized with the Yoast SEO plugin v23.9 - https:\/\/yoast.com\/wordpress\/plugins\/seo\/ -->\n<title>R\u0118KAWICE SPARCO FUTURA - CYBUL<\/title>\n<meta name=\"robots\" content=\"index, follow, max-snippet:-1, max-image-preview:large, max-video-preview:-1\" \/>\n<link rel=\"canonical\" href=\"https:\/\/cybul.eu\/pl\/sklep\/rekawice-sparco-futura\/\" \/>\n<meta property=\"og:locale\" content=\"pl_PL\" \/>\n<meta property=\"og:type\" content=\"article\" \/>\n<meta property=\"og:title\" content=\"R\u0118KAWICE SPARCO FUTURA - CYBUL\" \/>\n<meta property=\"og:description\" content=\"R\u0119kawice Sparco&nbsp;FuturaHomologacja: FIA 8856-2018R\u0119kawice wy\u015bcigowe Futura firmy Sparco wykorzystuj\u0105 najnowsz\u0105 technologi\u0119 &quot;Full Efficiency&quot;. Ta nowa technologia wykorzystuje materia\u0142y pochodz\u0105ce z recyklingu innych produkt\u00f3w Sparco, zapewniaj\u0105c minimaln\u0105 ilo\u015b\u0107 odpad\u00f3w w procesie produkcyjnym bez wp\u0142ywu na poziom bezpiecze\u0144stwa produkt\u00f3w.Sparco Futura maj\u0105 zewn\u0119trzne szwy na palcach, kt\u00f3re zmniejszaj\u0105 punkty nacisku, poprawiaj\u0105c komfort i zmniejszaj\u0105c zm\u0119czenie. Silikonowy nadruk na d\u0142oni i palcach zapewnia wysoki poziom przyczepno\u015bci i kontroli, a elastyczny nadgarstek zapewnia bezpieczne dopasowanie i \u0142atwe zak\u0142adanie.\" \/>\n<meta property=\"og:url\" content=\"https:\/\/cybul.eu\/pl\/sklep\/rekawice-sparco-futura\/\" \/>\n<meta property=\"og:site_name\" content=\"CYBUL\" \/>\n<meta property=\"article:modified_time\" content=\"2024-06-11T18:47:45+00:00\" \/>\n<meta property=\"og:image\" content=\"https:\/\/cybul.eu\/wp-content\/uploads\/2024\/06\/pol_pl_Rekawice-Sparco-Futura-163285_3.jpg\" \/>\n\t<meta property=\"og:image:width\" content=\"900\" \/>\n\t<meta property=\"og:image:height\" content=\"900\" \/>\n\t<meta property=\"og:image:type\" content=\"image\/jpeg\" \/>\n<meta name=\"twitter:card\" content=\"summary_large_image\" \/>\n<script type=\"application\/ld+json\" class=\"yoast-schema-graph\">{\"@context\":\"https:\/\/schema.org\",\"@graph\":[{\"@type\":\"WebPage\",\"@id\":\"https:\/\/cybul.eu\/pl\/sklep\/rekawice-sparco-futura\/\",\"url\":\"https:\/\/cybul.eu\/pl\/sklep\/rekawice-sparco-futura\/\",\"name\":\"R\u0118KAWICE SPARCO FUTURA - CYBUL\",\"isPartOf\":{\"@id\":\"https:\/\/cybul.eu\/pl\/#website\"},\"primaryImageOfPage\":{\"@id\":\"https:\/\/cybul.eu\/pl\/sklep\/rekawice-sparco-futura\/#primaryimage\"},\"image\":{\"@id\":\"https:\/\/cybul.eu\/pl\/sklep\/rekawice-sparco-futura\/#primaryimage\"},\"thumbnailUrl\":\"https:\/\/cybul.eu\/wp-content\/uploads\/2024\/06\/pol_pl_Rekawice-Sparco-Futura-163285_3.jpg\",\"datePublished\":\"2024-06-11T18:47:28+00:00\",\"dateModified\":\"2024-06-11T18:47:45+00:00\",\"breadcrumb\":{\"@id\":\"https:\/\/cybul.eu\/pl\/sklep\/rekawice-sparco-futura\/#breadcrumb\"},\"inLanguage\":\"pl-PL\",\"potentialAction\":[{\"@type\":\"ReadAction\",\"target\":[\"https:\/\/cybul.eu\/pl\/sklep\/rekawice-sparco-futura\/\"]}]},{\"@type\":\"ImageObject\",\"inLanguage\":\"pl-PL\",\"@id\":\"https:\/\/cybul.eu\/pl\/sklep\/rekawice-sparco-futura\/#primaryimage\",\"url\":\"https:\/\/cybul.eu\/wp-content\/uploads\/2024\/06\/pol_pl_Rekawice-Sparco-Futura-163285_3.jpg\",\"contentUrl\":\"https:\/\/cybul.eu\/wp-content\/uploads\/2024\/06\/pol_pl_Rekawice-Sparco-Futura-163285_3.jpg\",\"width\":900,\"height\":900},{\"@type\":\"BreadcrumbList\",\"@id\":\"https:\/\/cybul.eu\/pl\/sklep\/rekawice-sparco-futura\/#breadcrumb\",\"itemListElement\":[{\"@type\":\"ListItem\",\"position\":1,\"name\":\"Strona g\u0142\u00f3wna\",\"item\":\"https:\/\/cybul.eu\/pl\/\"},{\"@type\":\"ListItem\",\"position\":2,\"name\":\"Sklep\",\"item\":\"https:\/\/cybul.eu\/pl\/sklep\/\"},{\"@type\":\"ListItem\",\"position\":3,\"name\":\"R\u0118KAWICE SPARCO FUTURA\"}]},{\"@type\":\"WebSite\",\"@id\":\"https:\/\/cybul.eu\/pl\/#website\",\"url\":\"https:\/\/cybul.eu\/pl\/\",\"name\":\"CYBUL\",\"description\":\"\",\"potentialAction\":[{\"@type\":\"SearchAction\",\"target\":{\"@type\":\"EntryPoint\",\"urlTemplate\":\"https:\/\/cybul.eu\/pl\/?s={search_term_string}\"},\"query-input\":{\"@type\":\"PropertyValueSpecification\",\"valueRequired\":true,\"valueName\":\"search_term_string\"}}],\"inLanguage\":\"pl-PL\"}]}<\/script>\n<!-- \/ Yoast SEO plugin. -->","yoast_head_json":{"title":"R\u0118KAWICE SPARCO FUTURA - CYBUL","robots":{"index":"index","follow":"follow","max-snippet":"max-snippet:-1","max-image-preview":"max-image-preview:large","max-video-preview":"max-video-preview:-1"},"canonical":"https:\/\/cybul.eu\/pl\/sklep\/rekawice-sparco-futura\/","og_locale":"pl_PL","og_type":"article","og_title":"R\u0118KAWICE SPARCO FUTURA - CYBUL","og_description":"R\u0119kawice Sparco&nbsp;FuturaHomologacja: FIA 8856-2018R\u0119kawice wy\u015bcigowe Futura firmy Sparco wykorzystuj\u0105 najnowsz\u0105 technologi\u0119 \"Full Efficiency\". Ta nowa technologia wykorzystuje materia\u0142y pochodz\u0105ce z recyklingu innych produkt\u00f3w Sparco, zapewniaj\u0105c minimaln\u0105 ilo\u015b\u0107 odpad\u00f3w w procesie produkcyjnym bez wp\u0142ywu na poziom bezpiecze\u0144stwa produkt\u00f3w.Sparco Futura maj\u0105 zewn\u0119trzne szwy na palcach, kt\u00f3re zmniejszaj\u0105 punkty nacisku, poprawiaj\u0105c komfort i zmniejszaj\u0105c zm\u0119czenie. Silikonowy nadruk na d\u0142oni i palcach zapewnia wysoki poziom przyczepno\u015bci i kontroli, a elastyczny nadgarstek zapewnia bezpieczne dopasowanie i \u0142atwe zak\u0142adanie.","og_url":"https:\/\/cybul.eu\/pl\/sklep\/rekawice-sparco-futura\/","og_site_name":"CYBUL","article_modified_time":"2024-06-11T18:47:45+00:00","og_image":[{"width":900,"height":900,"url":"https:\/\/cybul.eu\/wp-content\/uploads\/2024\/06\/pol_pl_Rekawice-Sparco-Futura-163285_3.jpg","type":"image\/jpeg"}],"twitter_card":"summary_large_image","schema":{"@context":"https:\/\/schema.org","@graph":[{"@type":"WebPage","@id":"https:\/\/cybul.eu\/pl\/sklep\/rekawice-sparco-futura\/","url":"https:\/\/cybul.eu\/pl\/sklep\/rekawice-sparco-futura\/","name":"R\u0118KAWICE SPARCO FUTURA - CYBUL","isPartOf":{"@id":"https:\/\/cybul.eu\/pl\/#website"},"primaryImageOfPage":{"@id":"https:\/\/cybul.eu\/pl\/sklep\/rekawice-sparco-futura\/#primaryimage"},"image":{"@id":"https:\/\/cybul.eu\/pl\/sklep\/rekawice-sparco-futura\/#primaryimage"},"thumbnailUrl":"https:\/\/cybul.eu\/wp-content\/uploads\/2024\/06\/pol_pl_Rekawice-Sparco-Futura-163285_3.jpg","datePublished":"2024-06-11T18:47:28+00:00","dateModified":"2024-06-11T18:47:45+00:00","breadcrumb":{"@id":"https:\/\/cybul.eu\/pl\/sklep\/rekawice-sparco-futura\/#breadcrumb"},"inLanguage":"pl-PL","potentialAction":[{"@type":"ReadAction","target":["https:\/\/cybul.eu\/pl\/sklep\/rekawice-sparco-futura\/"]}]},{"@type":"ImageObject","inLanguage":"pl-PL","@id":"https:\/\/cybul.eu\/pl\/sklep\/rekawice-sparco-futura\/#primaryimage","url":"https:\/\/cybul.eu\/wp-content\/uploads\/2024\/06\/pol_pl_Rekawice-Sparco-Futura-163285_3.jpg","contentUrl":"https:\/\/cybul.eu\/wp-content\/uploads\/2024\/06\/pol_pl_Rekawice-Sparco-Futura-163285_3.jpg","width":900,"height":900},{"@type":"BreadcrumbList","@id":"https:\/\/cybul.eu\/pl\/sklep\/rekawice-sparco-futura\/#breadcrumb","itemListElement":[{"@type":"ListItem","position":1,"name":"Strona g\u0142\u00f3wna","item":"https:\/\/cybul.eu\/pl\/"},{"@type":"ListItem","position":2,"name":"Sklep","item":"https:\/\/cybul.eu\/pl\/sklep\/"},{"@type":"ListItem","position":3,"name":"R\u0118KAWICE SPARCO FUTURA"}]},{"@type":"WebSite","@id":"https:\/\/cybul.eu\/pl\/#website","url":"https:\/\/cybul.eu\/pl\/","name":"CYBUL","description":"","potentialAction":[{"@type":"SearchAction","target":{"@type":"EntryPoint","urlTemplate":"https:\/\/cybul.eu\/pl\/?s={search_term_string}"},"query-input":{"@type":"PropertyValueSpecification","valueRequired":true,"valueName":"search_term_string"}}],"inLanguage":"pl-PL"}]}},"_links":{"self":[{"href":"https:\/\/cybul.eu\/pl\/wp-json\/wp\/v2\/product\/13661","targetHints":{"allow":["GET"]}}],"collection":[{"href":"https:\/\/cybul.eu\/pl\/wp-json\/wp\/v2\/product"}],"about":[{"href":"https:\/\/cybul.eu\/pl\/wp-json\/wp\/v2\/types\/product"}],"replies":[{"embeddable":true,"href":"https:\/\/cybul.eu\/pl\/wp-json\/wp\/v2\/comments?post=13661"}],"wp:featuredmedia":[{"embeddable":true,"href":"https:\/\/cybul.eu\/pl\/wp-json\/wp\/v2\/media\/13300"}],"wp:attachment":[{"href":"https:\/\/cybul.eu\/pl\/wp-json\/wp\/v2\/media?parent=13661"}],"wp:term":[{"taxonomy":"product_cat","embeddable":true,"href":"https:\/\/cybul.eu\/pl\/wp-json\/wp\/v2\/product_cat?post=13661"},{"taxonomy":"product_tag","embeddable":true,"href":"https:\/\/cybul.eu\/pl\/wp-json\/wp\/v2\/product_tag?post=13661"}],"curies":[{"name":"wp","href":"https:\/\/api.w.org\/{rel}","templated":true}]}}