{"id":13650,"date":"2024-06-11T20:47:28","date_gmt":"2024-06-11T18:47:28","guid":{"rendered":"https:\/\/cybul.eu\/shop\/rekawice-omp-sport\/"},"modified":"2024-06-11T20:47:32","modified_gmt":"2024-06-11T18:47:32","slug":"rekawice-omp-sport","status":"publish","type":"product","link":"https:\/\/cybul.eu\/pl\/sklep\/rekawice-omp-sport\/","title":{"rendered":"R\u0118KAWICE OMP SPORT"},"content":{"rendered":"<p><strong>R\u0119kawice rajdowe OMP&nbsp;Sport<\/p>\n<p><\/strong>Homologacja:<strong> FIA 8856-2018<\/p>\n<p><\/strong>Nowa model podstawowych r\u0119kawic firmy OMP. R\u0119kawice OMP Sport s\u0105 kierowane do kierowc\u00f3w ograniczonym bud\u017cecie. Posiadaj najnowsz\u0105 homologacj\u0119 FIA, dzi\u0119ki czemu zapewniaj\u0105 doskona\u0142\u0105 ochron\u0119 przed ogniem.<br \/>R\u0119kawice posiadaj\u0105 silikonowe wstawki na d\u0142oniach i palcach poprawiaj\u0105ce przyczepno\u015b\u0107 do kierownicy.<\/p>\n<p>&#8211; Nowoczesny design<br \/>&#8211; Silikonowe wstawki<br \/>&#8211; Szwy wewn\u0119trzne<\/p>\n","protected":false},"excerpt":{"rendered":"<p><strong>R\u0119kawice rajdowe OMP&nbsp;Sport<\/p>\n<p><\/strong>Homologacja:<strong> FIA 8856-2018<\/p>\n<p><\/strong>Nowa model podstawowych r\u0119kawic firmy OMP. R\u0119kawice OMP Sport s\u0105 kierowane do kierowc\u00f3w ograniczonym bud\u017cecie. Posiadaj najnowsz\u0105 homologacj\u0119 FIA, dzi\u0119ki czemu zapewniaj\u0105 doskona\u0142\u0105 ochron\u0119 przed ogniem.<br \/>R\u0119kawice posiadaj\u0105 silikonowe wstawki na d\u0142oniach i palcach poprawiaj\u0105ce przyczepno\u015b\u0107 do kierownicy.<\/p>\n<p>&#8211; Nowoczesny design<br \/>&#8211; Silikonowe wstawki<br \/>&#8211; Szwy wewn\u0119trzne<\/p>\n","protected":false},"featured_media":13187,"comment_status":"closed","ping_status":"open","template":"","meta":[],"product_cat":[566,560],"product_tag":[],"class_list":{"0":"post-13650","1":"product","2":"type-product","3":"status-publish","4":"has-post-thumbnail","6":"product_cat-rekawice-rajdowe","7":"product_cat-odziez-rajdowa-fia","9":"first","10":"instock","11":"taxable","12":"shipping-taxable","13":"purchasable","14":"product-type-simple"},"bundled_by":[],"bundle_stock_status":"instock","bundle_stock_quantity":null,"bundle_virtual":false,"bundle_layout":"","bundle_add_to_cart_form_location":"","bundle_editable_in_cart":false,"bundle_sold_individually_context":"","bundle_item_grouping":"","bundle_min_size":"","bundle_max_size":"","bundle_price":[],"bundled_items":[],"bundle_sell_ids":[],"acf":{"zdjecie_bez_watermarka":null,"zdjecie_bez_watermarka_url":"","product_orgin_url":"https:\/\/inter-rally.pl\/product-eng-202150-Rekawice-OMP-Sport.html"},"yoast_head":"<!-- This site is optimized with the Yoast SEO plugin v23.9 - https:\/\/yoast.com\/wordpress\/plugins\/seo\/ -->\n<title>R\u0118KAWICE OMP SPORT - CYBUL<\/title>\n<meta name=\"robots\" content=\"index, follow, max-snippet:-1, max-image-preview:large, max-video-preview:-1\" \/>\n<link rel=\"canonical\" href=\"https:\/\/cybul.eu\/pl\/sklep\/rekawice-omp-sport\/\" \/>\n<meta property=\"og:locale\" content=\"pl_PL\" \/>\n<meta property=\"og:type\" content=\"article\" \/>\n<meta property=\"og:title\" content=\"R\u0118KAWICE OMP SPORT - CYBUL\" \/>\n<meta property=\"og:description\" content=\"R\u0119kawice rajdowe OMP&nbsp;SportHomologacja: FIA 8856-2018Nowa model podstawowych r\u0119kawic firmy OMP. R\u0119kawice OMP Sport s\u0105 kierowane do kierowc\u00f3w ograniczonym bud\u017cecie. Posiadaj najnowsz\u0105 homologacj\u0119 FIA, dzi\u0119ki czemu zapewniaj\u0105 doskona\u0142\u0105 ochron\u0119 przed ogniem.R\u0119kawice posiadaj\u0105 silikonowe wstawki na d\u0142oniach i palcach poprawiaj\u0105ce przyczepno\u015b\u0107 do kierownicy.- Nowoczesny design- Silikonowe wstawki- Szwy wewn\u0119trzne\" \/>\n<meta property=\"og:url\" content=\"https:\/\/cybul.eu\/pl\/sklep\/rekawice-omp-sport\/\" \/>\n<meta property=\"og:site_name\" content=\"CYBUL\" \/>\n<meta property=\"article:modified_time\" content=\"2024-06-11T18:47:32+00:00\" \/>\n<meta property=\"og:image\" content=\"https:\/\/cybul.eu\/wp-content\/uploads\/2024\/06\/pol_pl_Rekawice-OMP-Sport-202150_1.jpg\" \/>\n\t<meta property=\"og:image:width\" content=\"900\" \/>\n\t<meta property=\"og:image:height\" content=\"900\" \/>\n\t<meta property=\"og:image:type\" content=\"image\/jpeg\" \/>\n<meta name=\"twitter:card\" content=\"summary_large_image\" \/>\n<script type=\"application\/ld+json\" class=\"yoast-schema-graph\">{\"@context\":\"https:\/\/schema.org\",\"@graph\":[{\"@type\":\"WebPage\",\"@id\":\"https:\/\/cybul.eu\/pl\/sklep\/rekawice-omp-sport\/\",\"url\":\"https:\/\/cybul.eu\/pl\/sklep\/rekawice-omp-sport\/\",\"name\":\"R\u0118KAWICE OMP SPORT - CYBUL\",\"isPartOf\":{\"@id\":\"https:\/\/cybul.eu\/pl\/#website\"},\"primaryImageOfPage\":{\"@id\":\"https:\/\/cybul.eu\/pl\/sklep\/rekawice-omp-sport\/#primaryimage\"},\"image\":{\"@id\":\"https:\/\/cybul.eu\/pl\/sklep\/rekawice-omp-sport\/#primaryimage\"},\"thumbnailUrl\":\"https:\/\/cybul.eu\/wp-content\/uploads\/2024\/06\/pol_pl_Rekawice-OMP-Sport-202150_1.jpg\",\"datePublished\":\"2024-06-11T18:47:28+00:00\",\"dateModified\":\"2024-06-11T18:47:32+00:00\",\"breadcrumb\":{\"@id\":\"https:\/\/cybul.eu\/pl\/sklep\/rekawice-omp-sport\/#breadcrumb\"},\"inLanguage\":\"pl-PL\",\"potentialAction\":[{\"@type\":\"ReadAction\",\"target\":[\"https:\/\/cybul.eu\/pl\/sklep\/rekawice-omp-sport\/\"]}]},{\"@type\":\"ImageObject\",\"inLanguage\":\"pl-PL\",\"@id\":\"https:\/\/cybul.eu\/pl\/sklep\/rekawice-omp-sport\/#primaryimage\",\"url\":\"https:\/\/cybul.eu\/wp-content\/uploads\/2024\/06\/pol_pl_Rekawice-OMP-Sport-202150_1.jpg\",\"contentUrl\":\"https:\/\/cybul.eu\/wp-content\/uploads\/2024\/06\/pol_pl_Rekawice-OMP-Sport-202150_1.jpg\",\"width\":900,\"height\":900},{\"@type\":\"BreadcrumbList\",\"@id\":\"https:\/\/cybul.eu\/pl\/sklep\/rekawice-omp-sport\/#breadcrumb\",\"itemListElement\":[{\"@type\":\"ListItem\",\"position\":1,\"name\":\"Strona g\u0142\u00f3wna\",\"item\":\"https:\/\/cybul.eu\/pl\/\"},{\"@type\":\"ListItem\",\"position\":2,\"name\":\"Sklep\",\"item\":\"https:\/\/cybul.eu\/pl\/sklep\/\"},{\"@type\":\"ListItem\",\"position\":3,\"name\":\"R\u0118KAWICE OMP SPORT\"}]},{\"@type\":\"WebSite\",\"@id\":\"https:\/\/cybul.eu\/pl\/#website\",\"url\":\"https:\/\/cybul.eu\/pl\/\",\"name\":\"CYBUL\",\"description\":\"\",\"potentialAction\":[{\"@type\":\"SearchAction\",\"target\":{\"@type\":\"EntryPoint\",\"urlTemplate\":\"https:\/\/cybul.eu\/pl\/?s={search_term_string}\"},\"query-input\":{\"@type\":\"PropertyValueSpecification\",\"valueRequired\":true,\"valueName\":\"search_term_string\"}}],\"inLanguage\":\"pl-PL\"}]}<\/script>\n<!-- \/ Yoast SEO plugin. -->","yoast_head_json":{"title":"R\u0118KAWICE OMP SPORT - CYBUL","robots":{"index":"index","follow":"follow","max-snippet":"max-snippet:-1","max-image-preview":"max-image-preview:large","max-video-preview":"max-video-preview:-1"},"canonical":"https:\/\/cybul.eu\/pl\/sklep\/rekawice-omp-sport\/","og_locale":"pl_PL","og_type":"article","og_title":"R\u0118KAWICE OMP SPORT - CYBUL","og_description":"R\u0119kawice rajdowe OMP&nbsp;SportHomologacja: FIA 8856-2018Nowa model podstawowych r\u0119kawic firmy OMP. R\u0119kawice OMP Sport s\u0105 kierowane do kierowc\u00f3w ograniczonym bud\u017cecie. Posiadaj najnowsz\u0105 homologacj\u0119 FIA, dzi\u0119ki czemu zapewniaj\u0105 doskona\u0142\u0105 ochron\u0119 przed ogniem.R\u0119kawice posiadaj\u0105 silikonowe wstawki na d\u0142oniach i palcach poprawiaj\u0105ce przyczepno\u015b\u0107 do kierownicy.- Nowoczesny design- Silikonowe wstawki- Szwy wewn\u0119trzne","og_url":"https:\/\/cybul.eu\/pl\/sklep\/rekawice-omp-sport\/","og_site_name":"CYBUL","article_modified_time":"2024-06-11T18:47:32+00:00","og_image":[{"width":900,"height":900,"url":"https:\/\/cybul.eu\/wp-content\/uploads\/2024\/06\/pol_pl_Rekawice-OMP-Sport-202150_1.jpg","type":"image\/jpeg"}],"twitter_card":"summary_large_image","schema":{"@context":"https:\/\/schema.org","@graph":[{"@type":"WebPage","@id":"https:\/\/cybul.eu\/pl\/sklep\/rekawice-omp-sport\/","url":"https:\/\/cybul.eu\/pl\/sklep\/rekawice-omp-sport\/","name":"R\u0118KAWICE OMP SPORT - CYBUL","isPartOf":{"@id":"https:\/\/cybul.eu\/pl\/#website"},"primaryImageOfPage":{"@id":"https:\/\/cybul.eu\/pl\/sklep\/rekawice-omp-sport\/#primaryimage"},"image":{"@id":"https:\/\/cybul.eu\/pl\/sklep\/rekawice-omp-sport\/#primaryimage"},"thumbnailUrl":"https:\/\/cybul.eu\/wp-content\/uploads\/2024\/06\/pol_pl_Rekawice-OMP-Sport-202150_1.jpg","datePublished":"2024-06-11T18:47:28+00:00","dateModified":"2024-06-11T18:47:32+00:00","breadcrumb":{"@id":"https:\/\/cybul.eu\/pl\/sklep\/rekawice-omp-sport\/#breadcrumb"},"inLanguage":"pl-PL","potentialAction":[{"@type":"ReadAction","target":["https:\/\/cybul.eu\/pl\/sklep\/rekawice-omp-sport\/"]}]},{"@type":"ImageObject","inLanguage":"pl-PL","@id":"https:\/\/cybul.eu\/pl\/sklep\/rekawice-omp-sport\/#primaryimage","url":"https:\/\/cybul.eu\/wp-content\/uploads\/2024\/06\/pol_pl_Rekawice-OMP-Sport-202150_1.jpg","contentUrl":"https:\/\/cybul.eu\/wp-content\/uploads\/2024\/06\/pol_pl_Rekawice-OMP-Sport-202150_1.jpg","width":900,"height":900},{"@type":"BreadcrumbList","@id":"https:\/\/cybul.eu\/pl\/sklep\/rekawice-omp-sport\/#breadcrumb","itemListElement":[{"@type":"ListItem","position":1,"name":"Strona g\u0142\u00f3wna","item":"https:\/\/cybul.eu\/pl\/"},{"@type":"ListItem","position":2,"name":"Sklep","item":"https:\/\/cybul.eu\/pl\/sklep\/"},{"@type":"ListItem","position":3,"name":"R\u0118KAWICE OMP SPORT"}]},{"@type":"WebSite","@id":"https:\/\/cybul.eu\/pl\/#website","url":"https:\/\/cybul.eu\/pl\/","name":"CYBUL","description":"","potentialAction":[{"@type":"SearchAction","target":{"@type":"EntryPoint","urlTemplate":"https:\/\/cybul.eu\/pl\/?s={search_term_string}"},"query-input":{"@type":"PropertyValueSpecification","valueRequired":true,"valueName":"search_term_string"}}],"inLanguage":"pl-PL"}]}},"_links":{"self":[{"href":"https:\/\/cybul.eu\/pl\/wp-json\/wp\/v2\/product\/13650","targetHints":{"allow":["GET"]}}],"collection":[{"href":"https:\/\/cybul.eu\/pl\/wp-json\/wp\/v2\/product"}],"about":[{"href":"https:\/\/cybul.eu\/pl\/wp-json\/wp\/v2\/types\/product"}],"replies":[{"embeddable":true,"href":"https:\/\/cybul.eu\/pl\/wp-json\/wp\/v2\/comments?post=13650"}],"wp:featuredmedia":[{"embeddable":true,"href":"https:\/\/cybul.eu\/pl\/wp-json\/wp\/v2\/media\/13187"}],"wp:attachment":[{"href":"https:\/\/cybul.eu\/pl\/wp-json\/wp\/v2\/media?parent=13650"}],"wp:term":[{"taxonomy":"product_cat","embeddable":true,"href":"https:\/\/cybul.eu\/pl\/wp-json\/wp\/v2\/product_cat?post=13650"},{"taxonomy":"product_tag","embeddable":true,"href":"https:\/\/cybul.eu\/pl\/wp-json\/wp\/v2\/product_tag?post=13650"}],"curies":[{"name":"wp","href":"https:\/\/api.w.org\/{rel}","templated":true}]}}