{"id":13140,"date":"2024-06-11T17:15:42","date_gmt":"2024-06-11T15:15:42","guid":{"rendered":"https:\/\/cybul.eu\/shop\/kombinezon-alpinestars-gp-tech-v3\/"},"modified":"2024-06-11T17:15:43","modified_gmt":"2024-06-11T15:15:43","slug":"kombinezon-alpinestars-gp-tech-v3","status":"publish","type":"product","link":"https:\/\/cybul.eu\/pl\/sklep\/kombinezon-alpinestars-gp-tech-v3\/","title":{"rendered":"KOMBINEZON ALPINESTARS GP TECH V3"},"content":{"rendered":"<p><strong>Kombinezon Alpinestars GP Tech V3<\/p>\n<p><\/strong>Homologacja:<strong> FIA 8856-2018<\/strong><strong><\/p>\n<p><\/strong>Ultralekka konstrukcja wykonana z 3 warstw Nomexu (325g<span>\/m\u00b2<\/span>), kt\u00f3ra \u015bwietnie reguluje temperatur\u0119 cia\u0142a i zapobiega nadmiernej potliwo\u015bci\/wilgoci. Kombinezon posiada anatomiczne panele na plecach, l\u0119d\u017awiach, w kroku i kolanach zapewniaj\u0105 elastyczno\u015b\u0107 i dopasowanie w trakcie jazdy. Op\u0142ywowe R\u0119kawy oraz cie\u0144szy materia\u0142 pod pachami zapewniaj\u0105 swobod\u0119 ruchu, za\u015b nogawki&nbsp; pozwalaj\u0105 na optymalna ergonomi\u0119. Ko\u0142nierz wykonany zosta\u0142 z mi\u0119kkiej tkaniny dla zapewnienia komfortu. Klasyczne pagony Alpinestars z systemem HANS.<\/p>\n<p>&#8211; 3-warstwowy Nomex<br \/>&#8211; Gramatura: 325g\/m\u00b2<br \/>&#8211; Reguluje temperatur\u0119 cia\u0142a<br \/>&#8211; Opatentowany rozci\u0105gliwy panel na plecach<br \/>&#8211; Op\u0142ywowe r\u0119kawy<br \/>&#8211; Torba na kombinezon GRATIS<\/p>\n<p><img loading=\"lazy\" decoding=\"async\" style=\"display: block; margin-left: auto; margin-right: auto;\" src=\"\/data\/include\/cms\/Alpinestars\/alpinestars_rozmiary2017.jpg\" border=\"0\" alt=\"\" width=\"657\" height=\"525\"><\/p>\n","protected":false},"excerpt":{"rendered":"<p><strong>Kombinezon Alpinestars GP Tech V3<\/p>\n<p><\/strong>Homologacja:<strong> FIA 8856-2018<\/strong><strong><\/p>\n<p><\/strong>Ultralekka konstrukcja wykonana z 3 warstw Nomexu (325g<span>\/m\u00b2<\/span>), kt\u00f3ra \u015bwietnie reguluje temperatur\u0119 cia\u0142a i zapobiega nadmiernej potliwo\u015bci\/wilgoci. Kombinezon posiada anatomiczne panele na plecach, l\u0119d\u017awiach, w kroku i kolanach zapewniaj\u0105 elastyczno\u015b\u0107 i dopasowanie w trakcie jazdy. Op\u0142ywowe R\u0119kawy oraz cie\u0144szy materia\u0142 pod pachami zapewniaj\u0105 swobod\u0119 ruchu, za\u015b nogawki&nbsp; pozwalaj\u0105 na optymalna ergonomi\u0119. Ko\u0142nierz wykonany zosta\u0142 z mi\u0119kkiej tkaniny dla zapewnienia komfortu. Klasyczne pagony Alpinestars z systemem HANS.<\/p>\n<p>&#8211; 3-warstwowy Nomex<br \/>&#8211; Gramatura: 325g\/m\u00b2<br \/>&#8211; Reguluje temperatur\u0119 cia\u0142a<br \/>&#8211; Opatentowany rozci\u0105gliwy panel na plecach<br \/>&#8211; Op\u0142ywowe r\u0119kawy<br \/>&#8211; Torba na kombinezon GRATIS<\/p>\n<p><img loading=\"lazy\" decoding=\"async\" style=\"display: block; margin-left: auto; margin-right: auto;\" src=\"\/data\/include\/cms\/Alpinestars\/alpinestars_rozmiary2017.jpg\" border=\"0\" alt=\"\" width=\"657\" height=\"525\"><\/p>\n","protected":false},"featured_media":12986,"comment_status":"closed","ping_status":"open","template":"","meta":[],"product_cat":[564,560],"product_tag":[],"class_list":{"0":"post-13140","1":"product","2":"type-product","3":"status-publish","4":"has-post-thumbnail","6":"product_cat-kombinezony-rajdowe","7":"product_cat-odziez-rajdowa-fia","9":"first","10":"instock","11":"taxable","12":"shipping-taxable","13":"purchasable","14":"product-type-simple"},"bundled_by":[],"bundle_stock_status":"instock","bundle_stock_quantity":null,"bundle_virtual":false,"bundle_layout":"","bundle_add_to_cart_form_location":"","bundle_editable_in_cart":false,"bundle_sold_individually_context":"","bundle_item_grouping":"","bundle_min_size":"","bundle_max_size":"","bundle_price":[],"bundled_items":[],"bundle_sell_ids":[],"acf":{"zdjecie_bez_watermarka":null,"zdjecie_bez_watermarka_url":"","product_orgin_url":"https:\/\/inter-rally.pl\/product-eng-1657-Kombinezon-Alpinestars-GP-Tech-V3.html"},"yoast_head":"<!-- This site is optimized with the Yoast SEO plugin v23.9 - https:\/\/yoast.com\/wordpress\/plugins\/seo\/ -->\n<title>KOMBINEZON ALPINESTARS GP TECH V3 - CYBUL<\/title>\n<meta name=\"robots\" content=\"index, follow, max-snippet:-1, max-image-preview:large, max-video-preview:-1\" \/>\n<link rel=\"canonical\" href=\"https:\/\/cybul.eu\/pl\/sklep\/kombinezon-alpinestars-gp-tech-v3\/\" \/>\n<meta property=\"og:locale\" content=\"pl_PL\" \/>\n<meta property=\"og:type\" content=\"article\" \/>\n<meta property=\"og:title\" content=\"KOMBINEZON ALPINESTARS GP TECH V3 - CYBUL\" \/>\n<meta property=\"og:description\" content=\"Kombinezon Alpinestars GP Tech V3Homologacja: FIA 8856-2018Ultralekka konstrukcja wykonana z 3 warstw Nomexu (325g\/m\u00b2), kt\u00f3ra \u015bwietnie reguluje temperatur\u0119 cia\u0142a i zapobiega nadmiernej potliwo\u015bci\/wilgoci. Kombinezon posiada anatomiczne panele na plecach, l\u0119d\u017awiach, w kroku i kolanach zapewniaj\u0105 elastyczno\u015b\u0107 i dopasowanie w trakcie jazdy. Op\u0142ywowe R\u0119kawy oraz cie\u0144szy materia\u0142 pod pachami zapewniaj\u0105 swobod\u0119 ruchu, za\u015b nogawki&nbsp; pozwalaj\u0105 na optymalna ergonomi\u0119. Ko\u0142nierz wykonany zosta\u0142 z mi\u0119kkiej tkaniny dla zapewnienia komfortu. Klasyczne pagony Alpinestars z systemem HANS.- 3-warstwowy Nomex- Gramatura: 325g\/m\u00b2- Reguluje temperatur\u0119 cia\u0142a- Opatentowany rozci\u0105gliwy panel na plecach- Op\u0142ywowe r\u0119kawy- Torba na kombinezon GRATIS\" \/>\n<meta property=\"og:url\" content=\"https:\/\/cybul.eu\/pl\/sklep\/kombinezon-alpinestars-gp-tech-v3\/\" \/>\n<meta property=\"og:site_name\" content=\"CYBUL\" \/>\n<meta property=\"article:modified_time\" content=\"2024-06-11T15:15:43+00:00\" \/>\n<meta property=\"og:image\" content=\"https:\/\/cybul.eu\/wp-content\/uploads\/2024\/06\/pol_pl_Kombinezon-Alpinestars-GP-Tech-V3-1657_2.jpg\" \/>\n\t<meta property=\"og:image:width\" content=\"900\" \/>\n\t<meta property=\"og:image:height\" content=\"900\" \/>\n\t<meta property=\"og:image:type\" content=\"image\/jpeg\" \/>\n<meta name=\"twitter:card\" content=\"summary_large_image\" \/>\n<meta name=\"twitter:label1\" content=\"Szacowany czas czytania\" \/>\n\t<meta name=\"twitter:data1\" content=\"1 minuta\" \/>\n<script type=\"application\/ld+json\" class=\"yoast-schema-graph\">{\"@context\":\"https:\/\/schema.org\",\"@graph\":[{\"@type\":\"WebPage\",\"@id\":\"https:\/\/cybul.eu\/pl\/sklep\/kombinezon-alpinestars-gp-tech-v3\/\",\"url\":\"https:\/\/cybul.eu\/pl\/sklep\/kombinezon-alpinestars-gp-tech-v3\/\",\"name\":\"KOMBINEZON ALPINESTARS GP TECH V3 - CYBUL\",\"isPartOf\":{\"@id\":\"https:\/\/cybul.eu\/pl\/#website\"},\"primaryImageOfPage\":{\"@id\":\"https:\/\/cybul.eu\/pl\/sklep\/kombinezon-alpinestars-gp-tech-v3\/#primaryimage\"},\"image\":{\"@id\":\"https:\/\/cybul.eu\/pl\/sklep\/kombinezon-alpinestars-gp-tech-v3\/#primaryimage\"},\"thumbnailUrl\":\"https:\/\/cybul.eu\/wp-content\/uploads\/2024\/06\/pol_pl_Kombinezon-Alpinestars-GP-Tech-V3-1657_2.jpg\",\"datePublished\":\"2024-06-11T15:15:42+00:00\",\"dateModified\":\"2024-06-11T15:15:43+00:00\",\"breadcrumb\":{\"@id\":\"https:\/\/cybul.eu\/pl\/sklep\/kombinezon-alpinestars-gp-tech-v3\/#breadcrumb\"},\"inLanguage\":\"pl-PL\",\"potentialAction\":[{\"@type\":\"ReadAction\",\"target\":[\"https:\/\/cybul.eu\/pl\/sklep\/kombinezon-alpinestars-gp-tech-v3\/\"]}]},{\"@type\":\"ImageObject\",\"inLanguage\":\"pl-PL\",\"@id\":\"https:\/\/cybul.eu\/pl\/sklep\/kombinezon-alpinestars-gp-tech-v3\/#primaryimage\",\"url\":\"https:\/\/cybul.eu\/wp-content\/uploads\/2024\/06\/pol_pl_Kombinezon-Alpinestars-GP-Tech-V3-1657_2.jpg\",\"contentUrl\":\"https:\/\/cybul.eu\/wp-content\/uploads\/2024\/06\/pol_pl_Kombinezon-Alpinestars-GP-Tech-V3-1657_2.jpg\",\"width\":900,\"height\":900},{\"@type\":\"BreadcrumbList\",\"@id\":\"https:\/\/cybul.eu\/pl\/sklep\/kombinezon-alpinestars-gp-tech-v3\/#breadcrumb\",\"itemListElement\":[{\"@type\":\"ListItem\",\"position\":1,\"name\":\"Strona g\u0142\u00f3wna\",\"item\":\"https:\/\/cybul.eu\/pl\/\"},{\"@type\":\"ListItem\",\"position\":2,\"name\":\"Sklep\",\"item\":\"https:\/\/cybul.eu\/pl\/sklep\/\"},{\"@type\":\"ListItem\",\"position\":3,\"name\":\"KOMBINEZON ALPINESTARS GP TECH V3\"}]},{\"@type\":\"WebSite\",\"@id\":\"https:\/\/cybul.eu\/pl\/#website\",\"url\":\"https:\/\/cybul.eu\/pl\/\",\"name\":\"CYBUL\",\"description\":\"\",\"potentialAction\":[{\"@type\":\"SearchAction\",\"target\":{\"@type\":\"EntryPoint\",\"urlTemplate\":\"https:\/\/cybul.eu\/pl\/?s={search_term_string}\"},\"query-input\":{\"@type\":\"PropertyValueSpecification\",\"valueRequired\":true,\"valueName\":\"search_term_string\"}}],\"inLanguage\":\"pl-PL\"}]}<\/script>\n<!-- \/ Yoast SEO plugin. -->","yoast_head_json":{"title":"KOMBINEZON ALPINESTARS GP TECH V3 - CYBUL","robots":{"index":"index","follow":"follow","max-snippet":"max-snippet:-1","max-image-preview":"max-image-preview:large","max-video-preview":"max-video-preview:-1"},"canonical":"https:\/\/cybul.eu\/pl\/sklep\/kombinezon-alpinestars-gp-tech-v3\/","og_locale":"pl_PL","og_type":"article","og_title":"KOMBINEZON ALPINESTARS GP TECH V3 - CYBUL","og_description":"Kombinezon Alpinestars GP Tech V3Homologacja: FIA 8856-2018Ultralekka konstrukcja wykonana z 3 warstw Nomexu (325g\/m\u00b2), kt\u00f3ra \u015bwietnie reguluje temperatur\u0119 cia\u0142a i zapobiega nadmiernej potliwo\u015bci\/wilgoci. Kombinezon posiada anatomiczne panele na plecach, l\u0119d\u017awiach, w kroku i kolanach zapewniaj\u0105 elastyczno\u015b\u0107 i dopasowanie w trakcie jazdy. Op\u0142ywowe R\u0119kawy oraz cie\u0144szy materia\u0142 pod pachami zapewniaj\u0105 swobod\u0119 ruchu, za\u015b nogawki&nbsp; pozwalaj\u0105 na optymalna ergonomi\u0119. Ko\u0142nierz wykonany zosta\u0142 z mi\u0119kkiej tkaniny dla zapewnienia komfortu. Klasyczne pagony Alpinestars z systemem HANS.- 3-warstwowy Nomex- Gramatura: 325g\/m\u00b2- Reguluje temperatur\u0119 cia\u0142a- Opatentowany rozci\u0105gliwy panel na plecach- Op\u0142ywowe r\u0119kawy- Torba na kombinezon GRATIS","og_url":"https:\/\/cybul.eu\/pl\/sklep\/kombinezon-alpinestars-gp-tech-v3\/","og_site_name":"CYBUL","article_modified_time":"2024-06-11T15:15:43+00:00","og_image":[{"width":900,"height":900,"url":"https:\/\/cybul.eu\/wp-content\/uploads\/2024\/06\/pol_pl_Kombinezon-Alpinestars-GP-Tech-V3-1657_2.jpg","type":"image\/jpeg"}],"twitter_card":"summary_large_image","twitter_misc":{"Szacowany czas czytania":"1 minuta"},"schema":{"@context":"https:\/\/schema.org","@graph":[{"@type":"WebPage","@id":"https:\/\/cybul.eu\/pl\/sklep\/kombinezon-alpinestars-gp-tech-v3\/","url":"https:\/\/cybul.eu\/pl\/sklep\/kombinezon-alpinestars-gp-tech-v3\/","name":"KOMBINEZON ALPINESTARS GP TECH V3 - CYBUL","isPartOf":{"@id":"https:\/\/cybul.eu\/pl\/#website"},"primaryImageOfPage":{"@id":"https:\/\/cybul.eu\/pl\/sklep\/kombinezon-alpinestars-gp-tech-v3\/#primaryimage"},"image":{"@id":"https:\/\/cybul.eu\/pl\/sklep\/kombinezon-alpinestars-gp-tech-v3\/#primaryimage"},"thumbnailUrl":"https:\/\/cybul.eu\/wp-content\/uploads\/2024\/06\/pol_pl_Kombinezon-Alpinestars-GP-Tech-V3-1657_2.jpg","datePublished":"2024-06-11T15:15:42+00:00","dateModified":"2024-06-11T15:15:43+00:00","breadcrumb":{"@id":"https:\/\/cybul.eu\/pl\/sklep\/kombinezon-alpinestars-gp-tech-v3\/#breadcrumb"},"inLanguage":"pl-PL","potentialAction":[{"@type":"ReadAction","target":["https:\/\/cybul.eu\/pl\/sklep\/kombinezon-alpinestars-gp-tech-v3\/"]}]},{"@type":"ImageObject","inLanguage":"pl-PL","@id":"https:\/\/cybul.eu\/pl\/sklep\/kombinezon-alpinestars-gp-tech-v3\/#primaryimage","url":"https:\/\/cybul.eu\/wp-content\/uploads\/2024\/06\/pol_pl_Kombinezon-Alpinestars-GP-Tech-V3-1657_2.jpg","contentUrl":"https:\/\/cybul.eu\/wp-content\/uploads\/2024\/06\/pol_pl_Kombinezon-Alpinestars-GP-Tech-V3-1657_2.jpg","width":900,"height":900},{"@type":"BreadcrumbList","@id":"https:\/\/cybul.eu\/pl\/sklep\/kombinezon-alpinestars-gp-tech-v3\/#breadcrumb","itemListElement":[{"@type":"ListItem","position":1,"name":"Strona g\u0142\u00f3wna","item":"https:\/\/cybul.eu\/pl\/"},{"@type":"ListItem","position":2,"name":"Sklep","item":"https:\/\/cybul.eu\/pl\/sklep\/"},{"@type":"ListItem","position":3,"name":"KOMBINEZON ALPINESTARS GP TECH V3"}]},{"@type":"WebSite","@id":"https:\/\/cybul.eu\/pl\/#website","url":"https:\/\/cybul.eu\/pl\/","name":"CYBUL","description":"","potentialAction":[{"@type":"SearchAction","target":{"@type":"EntryPoint","urlTemplate":"https:\/\/cybul.eu\/pl\/?s={search_term_string}"},"query-input":{"@type":"PropertyValueSpecification","valueRequired":true,"valueName":"search_term_string"}}],"inLanguage":"pl-PL"}]}},"_links":{"self":[{"href":"https:\/\/cybul.eu\/pl\/wp-json\/wp\/v2\/product\/13140","targetHints":{"allow":["GET"]}}],"collection":[{"href":"https:\/\/cybul.eu\/pl\/wp-json\/wp\/v2\/product"}],"about":[{"href":"https:\/\/cybul.eu\/pl\/wp-json\/wp\/v2\/types\/product"}],"replies":[{"embeddable":true,"href":"https:\/\/cybul.eu\/pl\/wp-json\/wp\/v2\/comments?post=13140"}],"wp:featuredmedia":[{"embeddable":true,"href":"https:\/\/cybul.eu\/pl\/wp-json\/wp\/v2\/media\/12986"}],"wp:attachment":[{"href":"https:\/\/cybul.eu\/pl\/wp-json\/wp\/v2\/media?parent=13140"}],"wp:term":[{"taxonomy":"product_cat","embeddable":true,"href":"https:\/\/cybul.eu\/pl\/wp-json\/wp\/v2\/product_cat?post=13140"},{"taxonomy":"product_tag","embeddable":true,"href":"https:\/\/cybul.eu\/pl\/wp-json\/wp\/v2\/product_tag?post=13140"}],"curies":[{"name":"wp","href":"https:\/\/api.w.org\/{rel}","templated":true}]}}