{"id":13138,"date":"2024-06-11T17:14:32","date_gmt":"2024-06-11T15:14:32","guid":{"rendered":"https:\/\/cybul.eu\/shop\/kombinezon-rrs-fia-evo3-pro-light\/"},"modified":"2024-06-11T17:15:18","modified_gmt":"2024-06-11T15:15:18","slug":"kombinezon-rrs-fia-evo3-pro-light","status":"publish","type":"product","link":"https:\/\/cybul.eu\/pl\/sklep\/kombinezon-rrs-fia-evo3-pro-light\/","title":{"rendered":"KOMBINEZON RRS FIA EVO3 PRO LIGHT"},"content":{"rendered":"<p><strong>Kombinezon RRS FIA EVO3 PRO LIGHT<\/strong><\/p>\n<p>Homologacja: <strong>FIA 8856-2018<\/strong><\/p>\n<p>Bia\u0142y kombinezon pilota jest elastyczny oraz ultralekki&nbsp;i wa\u017cy zaledwie 870 g.<br \/>Posiada kliny w ramionach i dolnej cz\u0119\u015bci plec\u00f3w, aby zapewni\u0107 pe\u0142n\u0105 swobod\u0119 ruch\u00f3w podczas jazdy. <br \/>Wykonany z najwy\u017cszej jako\u015bci Nomexu. <br \/>Wewn\u0119trzna warstwa wykonana z bardzo mi\u0119kkiego w\u0142\u00f3kna, kt\u00f3re zapewnia wysoki komfort i bardzo wydajnie odprowadza ciep\u0142o. <br \/>Dodatkowo posiada dwie wewn\u0119trzne p\u0142askie kieszenie. <br \/>Na prawej nogawce znajduje si\u0119 dodatkowa kiesze\u0144 na telefon.<\/p>\n<p>Ilo\u015b\u0107 warstw: <strong>3<\/strong><br \/>Waga: <strong>oko\u0142o&nbsp;0,87 kg<\/strong><\/p>\n<p>Rozmiary: XS &#8211; S &#8211; M &#8211; L &#8211; XL &#8211; XXL &#8211; XXXL<\/p>\n<p>Do ka\u017cdego kombinezonu torba gratis.<\/p>\n","protected":false},"excerpt":{"rendered":"<p><strong>Kombinezon RRS FIA EVO3 PRO LIGHT<\/strong><\/p>\n<p>Homologacja: <strong>FIA 8856-2018<\/strong><\/p>\n<p>Bia\u0142y kombinezon pilota jest elastyczny oraz ultralekki&nbsp;i wa\u017cy zaledwie 870 g.<br \/>Posiada kliny w ramionach i dolnej cz\u0119\u015bci plec\u00f3w, aby zapewni\u0107 pe\u0142n\u0105 swobod\u0119 ruch\u00f3w podczas jazdy. <br \/>Wykonany z najwy\u017cszej jako\u015bci Nomexu. <br \/>Wewn\u0119trzna warstwa wykonana z bardzo mi\u0119kkiego w\u0142\u00f3kna, kt\u00f3re zapewnia wysoki komfort i bardzo wydajnie odprowadza ciep\u0142o. <br \/>Dodatkowo posiada dwie wewn\u0119trzne p\u0142askie kieszenie. <br \/>Na prawej nogawce znajduje si\u0119 dodatkowa kiesze\u0144 na telefon.<\/p>\n<p>Ilo\u015b\u0107 warstw: <strong>3<\/strong><br \/>Waga: <strong>oko\u0142o&nbsp;0,87 kg<\/strong><\/p>\n<p>Rozmiary: XS &#8211; S &#8211; M &#8211; L &#8211; XL &#8211; XXL &#8211; XXXL<\/p>\n","protected":false},"featured_media":12962,"comment_status":"closed","ping_status":"open","template":"","meta":[],"product_cat":[564,560],"product_tag":[],"class_list":{"0":"post-13138","1":"product","2":"type-product","3":"status-publish","4":"has-post-thumbnail","6":"product_cat-kombinezony-rajdowe","7":"product_cat-odziez-rajdowa-fia","9":"first","10":"instock","11":"taxable","12":"shipping-taxable","13":"purchasable","14":"product-type-simple"},"bundled_by":[],"bundle_stock_status":"instock","bundle_stock_quantity":null,"bundle_virtual":false,"bundle_layout":"","bundle_add_to_cart_form_location":"","bundle_editable_in_cart":false,"bundle_sold_individually_context":"","bundle_item_grouping":"","bundle_min_size":"","bundle_max_size":"","bundle_price":[],"bundled_items":[],"bundle_sell_ids":[],"acf":{"zdjecie_bez_watermarka":null,"zdjecie_bez_watermarka_url":"","product_orgin_url":"https:\/\/inter-rally.pl\/product-eng-204195-Kombinezon-RRS-FIA-EVO3-PRO-LIGHT.html"},"yoast_head":"<!-- This site is optimized with the Yoast SEO plugin v23.9 - https:\/\/yoast.com\/wordpress\/plugins\/seo\/ -->\n<title>KOMBINEZON RRS FIA EVO3 PRO LIGHT - CYBUL<\/title>\n<meta name=\"robots\" content=\"index, follow, max-snippet:-1, max-image-preview:large, max-video-preview:-1\" \/>\n<link rel=\"canonical\" href=\"https:\/\/cybul.eu\/pl\/sklep\/kombinezon-rrs-fia-evo3-pro-light\/\" \/>\n<meta property=\"og:locale\" content=\"pl_PL\" \/>\n<meta property=\"og:type\" content=\"article\" \/>\n<meta property=\"og:title\" content=\"KOMBINEZON RRS FIA EVO3 PRO LIGHT - CYBUL\" \/>\n<meta property=\"og:description\" content=\"Kombinezon RRS FIA EVO3 PRO LIGHTHomologacja: FIA 8856-2018Bia\u0142y kombinezon pilota jest elastyczny oraz ultralekki&nbsp;i wa\u017cy zaledwie 870 g.Posiada kliny w ramionach i dolnej cz\u0119\u015bci plec\u00f3w, aby zapewni\u0107 pe\u0142n\u0105 swobod\u0119 ruch\u00f3w podczas jazdy. Wykonany z najwy\u017cszej jako\u015bci Nomexu. Wewn\u0119trzna warstwa wykonana z bardzo mi\u0119kkiego w\u0142\u00f3kna, kt\u00f3re zapewnia wysoki komfort i bardzo wydajnie odprowadza ciep\u0142o. Dodatkowo posiada dwie wewn\u0119trzne p\u0142askie kieszenie. Na prawej nogawce znajduje si\u0119 dodatkowa kiesze\u0144 na telefon.Ilo\u015b\u0107 warstw: 3Waga: oko\u0142o&nbsp;0,87 kgRozmiary: XS - S - M - L - XL - XXL - XXXL\" \/>\n<meta property=\"og:url\" content=\"https:\/\/cybul.eu\/pl\/sklep\/kombinezon-rrs-fia-evo3-pro-light\/\" \/>\n<meta property=\"og:site_name\" content=\"CYBUL\" \/>\n<meta property=\"article:modified_time\" content=\"2024-06-11T15:15:18+00:00\" \/>\n<meta property=\"og:image\" content=\"https:\/\/cybul.eu\/wp-content\/uploads\/2024\/06\/pol_pl_Kombinezon-RRS-FIA-EVO3-PRO-LIGHT-204195_4.jpg\" \/>\n\t<meta property=\"og:image:width\" content=\"900\" \/>\n\t<meta property=\"og:image:height\" content=\"900\" \/>\n\t<meta property=\"og:image:type\" content=\"image\/jpeg\" \/>\n<meta name=\"twitter:card\" content=\"summary_large_image\" \/>\n<meta name=\"twitter:label1\" content=\"Szacowany czas czytania\" \/>\n\t<meta name=\"twitter:data1\" content=\"1 minuta\" \/>\n<script type=\"application\/ld+json\" class=\"yoast-schema-graph\">{\"@context\":\"https:\/\/schema.org\",\"@graph\":[{\"@type\":\"WebPage\",\"@id\":\"https:\/\/cybul.eu\/pl\/sklep\/kombinezon-rrs-fia-evo3-pro-light\/\",\"url\":\"https:\/\/cybul.eu\/pl\/sklep\/kombinezon-rrs-fia-evo3-pro-light\/\",\"name\":\"KOMBINEZON RRS FIA EVO3 PRO LIGHT - CYBUL\",\"isPartOf\":{\"@id\":\"https:\/\/cybul.eu\/pl\/#website\"},\"primaryImageOfPage\":{\"@id\":\"https:\/\/cybul.eu\/pl\/sklep\/kombinezon-rrs-fia-evo3-pro-light\/#primaryimage\"},\"image\":{\"@id\":\"https:\/\/cybul.eu\/pl\/sklep\/kombinezon-rrs-fia-evo3-pro-light\/#primaryimage\"},\"thumbnailUrl\":\"https:\/\/cybul.eu\/wp-content\/uploads\/2024\/06\/pol_pl_Kombinezon-RRS-FIA-EVO3-PRO-LIGHT-204195_4.jpg\",\"datePublished\":\"2024-06-11T15:14:32+00:00\",\"dateModified\":\"2024-06-11T15:15:18+00:00\",\"breadcrumb\":{\"@id\":\"https:\/\/cybul.eu\/pl\/sklep\/kombinezon-rrs-fia-evo3-pro-light\/#breadcrumb\"},\"inLanguage\":\"pl-PL\",\"potentialAction\":[{\"@type\":\"ReadAction\",\"target\":[\"https:\/\/cybul.eu\/pl\/sklep\/kombinezon-rrs-fia-evo3-pro-light\/\"]}]},{\"@type\":\"ImageObject\",\"inLanguage\":\"pl-PL\",\"@id\":\"https:\/\/cybul.eu\/pl\/sklep\/kombinezon-rrs-fia-evo3-pro-light\/#primaryimage\",\"url\":\"https:\/\/cybul.eu\/wp-content\/uploads\/2024\/06\/pol_pl_Kombinezon-RRS-FIA-EVO3-PRO-LIGHT-204195_4.jpg\",\"contentUrl\":\"https:\/\/cybul.eu\/wp-content\/uploads\/2024\/06\/pol_pl_Kombinezon-RRS-FIA-EVO3-PRO-LIGHT-204195_4.jpg\",\"width\":900,\"height\":900},{\"@type\":\"BreadcrumbList\",\"@id\":\"https:\/\/cybul.eu\/pl\/sklep\/kombinezon-rrs-fia-evo3-pro-light\/#breadcrumb\",\"itemListElement\":[{\"@type\":\"ListItem\",\"position\":1,\"name\":\"Strona g\u0142\u00f3wna\",\"item\":\"https:\/\/cybul.eu\/pl\/\"},{\"@type\":\"ListItem\",\"position\":2,\"name\":\"Sklep\",\"item\":\"https:\/\/cybul.eu\/pl\/sklep\/\"},{\"@type\":\"ListItem\",\"position\":3,\"name\":\"KOMBINEZON RRS FIA EVO3 PRO LIGHT\"}]},{\"@type\":\"WebSite\",\"@id\":\"https:\/\/cybul.eu\/pl\/#website\",\"url\":\"https:\/\/cybul.eu\/pl\/\",\"name\":\"CYBUL\",\"description\":\"\",\"potentialAction\":[{\"@type\":\"SearchAction\",\"target\":{\"@type\":\"EntryPoint\",\"urlTemplate\":\"https:\/\/cybul.eu\/pl\/?s={search_term_string}\"},\"query-input\":{\"@type\":\"PropertyValueSpecification\",\"valueRequired\":true,\"valueName\":\"search_term_string\"}}],\"inLanguage\":\"pl-PL\"}]}<\/script>\n<!-- \/ Yoast SEO plugin. -->","yoast_head_json":{"title":"KOMBINEZON RRS FIA EVO3 PRO LIGHT - CYBUL","robots":{"index":"index","follow":"follow","max-snippet":"max-snippet:-1","max-image-preview":"max-image-preview:large","max-video-preview":"max-video-preview:-1"},"canonical":"https:\/\/cybul.eu\/pl\/sklep\/kombinezon-rrs-fia-evo3-pro-light\/","og_locale":"pl_PL","og_type":"article","og_title":"KOMBINEZON RRS FIA EVO3 PRO LIGHT - CYBUL","og_description":"Kombinezon RRS FIA EVO3 PRO LIGHTHomologacja: FIA 8856-2018Bia\u0142y kombinezon pilota jest elastyczny oraz ultralekki&nbsp;i wa\u017cy zaledwie 870 g.Posiada kliny w ramionach i dolnej cz\u0119\u015bci plec\u00f3w, aby zapewni\u0107 pe\u0142n\u0105 swobod\u0119 ruch\u00f3w podczas jazdy. Wykonany z najwy\u017cszej jako\u015bci Nomexu. Wewn\u0119trzna warstwa wykonana z bardzo mi\u0119kkiego w\u0142\u00f3kna, kt\u00f3re zapewnia wysoki komfort i bardzo wydajnie odprowadza ciep\u0142o. Dodatkowo posiada dwie wewn\u0119trzne p\u0142askie kieszenie. Na prawej nogawce znajduje si\u0119 dodatkowa kiesze\u0144 na telefon.Ilo\u015b\u0107 warstw: 3Waga: oko\u0142o&nbsp;0,87 kgRozmiary: XS - S - M - L - XL - XXL - XXXL","og_url":"https:\/\/cybul.eu\/pl\/sklep\/kombinezon-rrs-fia-evo3-pro-light\/","og_site_name":"CYBUL","article_modified_time":"2024-06-11T15:15:18+00:00","og_image":[{"width":900,"height":900,"url":"https:\/\/cybul.eu\/wp-content\/uploads\/2024\/06\/pol_pl_Kombinezon-RRS-FIA-EVO3-PRO-LIGHT-204195_4.jpg","type":"image\/jpeg"}],"twitter_card":"summary_large_image","twitter_misc":{"Szacowany czas czytania":"1 minuta"},"schema":{"@context":"https:\/\/schema.org","@graph":[{"@type":"WebPage","@id":"https:\/\/cybul.eu\/pl\/sklep\/kombinezon-rrs-fia-evo3-pro-light\/","url":"https:\/\/cybul.eu\/pl\/sklep\/kombinezon-rrs-fia-evo3-pro-light\/","name":"KOMBINEZON RRS FIA EVO3 PRO LIGHT - CYBUL","isPartOf":{"@id":"https:\/\/cybul.eu\/pl\/#website"},"primaryImageOfPage":{"@id":"https:\/\/cybul.eu\/pl\/sklep\/kombinezon-rrs-fia-evo3-pro-light\/#primaryimage"},"image":{"@id":"https:\/\/cybul.eu\/pl\/sklep\/kombinezon-rrs-fia-evo3-pro-light\/#primaryimage"},"thumbnailUrl":"https:\/\/cybul.eu\/wp-content\/uploads\/2024\/06\/pol_pl_Kombinezon-RRS-FIA-EVO3-PRO-LIGHT-204195_4.jpg","datePublished":"2024-06-11T15:14:32+00:00","dateModified":"2024-06-11T15:15:18+00:00","breadcrumb":{"@id":"https:\/\/cybul.eu\/pl\/sklep\/kombinezon-rrs-fia-evo3-pro-light\/#breadcrumb"},"inLanguage":"pl-PL","potentialAction":[{"@type":"ReadAction","target":["https:\/\/cybul.eu\/pl\/sklep\/kombinezon-rrs-fia-evo3-pro-light\/"]}]},{"@type":"ImageObject","inLanguage":"pl-PL","@id":"https:\/\/cybul.eu\/pl\/sklep\/kombinezon-rrs-fia-evo3-pro-light\/#primaryimage","url":"https:\/\/cybul.eu\/wp-content\/uploads\/2024\/06\/pol_pl_Kombinezon-RRS-FIA-EVO3-PRO-LIGHT-204195_4.jpg","contentUrl":"https:\/\/cybul.eu\/wp-content\/uploads\/2024\/06\/pol_pl_Kombinezon-RRS-FIA-EVO3-PRO-LIGHT-204195_4.jpg","width":900,"height":900},{"@type":"BreadcrumbList","@id":"https:\/\/cybul.eu\/pl\/sklep\/kombinezon-rrs-fia-evo3-pro-light\/#breadcrumb","itemListElement":[{"@type":"ListItem","position":1,"name":"Strona g\u0142\u00f3wna","item":"https:\/\/cybul.eu\/pl\/"},{"@type":"ListItem","position":2,"name":"Sklep","item":"https:\/\/cybul.eu\/pl\/sklep\/"},{"@type":"ListItem","position":3,"name":"KOMBINEZON RRS FIA EVO3 PRO LIGHT"}]},{"@type":"WebSite","@id":"https:\/\/cybul.eu\/pl\/#website","url":"https:\/\/cybul.eu\/pl\/","name":"CYBUL","description":"","potentialAction":[{"@type":"SearchAction","target":{"@type":"EntryPoint","urlTemplate":"https:\/\/cybul.eu\/pl\/?s={search_term_string}"},"query-input":{"@type":"PropertyValueSpecification","valueRequired":true,"valueName":"search_term_string"}}],"inLanguage":"pl-PL"}]}},"_links":{"self":[{"href":"https:\/\/cybul.eu\/pl\/wp-json\/wp\/v2\/product\/13138","targetHints":{"allow":["GET"]}}],"collection":[{"href":"https:\/\/cybul.eu\/pl\/wp-json\/wp\/v2\/product"}],"about":[{"href":"https:\/\/cybul.eu\/pl\/wp-json\/wp\/v2\/types\/product"}],"replies":[{"embeddable":true,"href":"https:\/\/cybul.eu\/pl\/wp-json\/wp\/v2\/comments?post=13138"}],"wp:featuredmedia":[{"embeddable":true,"href":"https:\/\/cybul.eu\/pl\/wp-json\/wp\/v2\/media\/12962"}],"wp:attachment":[{"href":"https:\/\/cybul.eu\/pl\/wp-json\/wp\/v2\/media?parent=13138"}],"wp:term":[{"taxonomy":"product_cat","embeddable":true,"href":"https:\/\/cybul.eu\/pl\/wp-json\/wp\/v2\/product_cat?post=13138"},{"taxonomy":"product_tag","embeddable":true,"href":"https:\/\/cybul.eu\/pl\/wp-json\/wp\/v2\/product_tag?post=13138"}],"curies":[{"name":"wp","href":"https:\/\/api.w.org\/{rel}","templated":true}]}}