{"id":13130,"date":"2024-06-11T17:14:32","date_gmt":"2024-06-11T15:14:32","guid":{"rendered":"https:\/\/cybul.eu\/shop\/kombinezon-sparco-competition-lady\/"},"modified":"2024-06-11T17:14:49","modified_gmt":"2024-06-11T15:14:49","slug":"kombinezon-sparco-competition-lady","status":"publish","type":"product","link":"https:\/\/cybul.eu\/pl\/sklep\/kombinezon-sparco-competition-lady\/","title":{"rendered":"KOMBINEZON SPARCO COMPETITION LADY"},"content":{"rendered":"<p><strong>Kombinezon Sparco&nbsp;Competition Lady<\/p>\n<p><\/strong>Homologacja:<strong> FIA 8856-2018<\/p>\n<p><\/strong>Przeznaczona dla kobiet wersja kombinezonu Sparco Competition.<br \/>Jest to kombinezon wykonany z trzech warstw materia\u0142u Nomex, ka\u017cda warstwa to materia\u0142 o r\u00f3\u017cnej gramaturze.<br \/>Rezultatem jest tkanina, kt\u00f3ra jest bardzo elastyczna, przewiewna i dobrze le\u017cy na ciele zawodnika.<\/p>\n<p>&#8211; Nowoczesny i agresywny design<br \/>&#8211; Bardzo lekki, nie kr\u0119puje ruch\u00f3w<br \/>&#8211; Przepuszcza wi\u0119cej powietrza<br \/>&#8211; 3 warstwowy<br \/>&#8211;&nbsp;<span>Gramatura:<\/span>&nbsp;300\/330 g\/m\u00b2<\/p>\n<p><img decoding=\"async\" style=\"display: block; margin-left: auto; margin-right: auto;\" class=\"slb\" src=\"\/data\/include\/cms\/rozmiary\/Sparco\/2018\/tabela_kombinezony.jpg\" border=\"0\" alt=\"\" width=\"100%\"><\/p>\n","protected":false},"excerpt":{"rendered":"<p><strong>Kombinezon Sparco&nbsp;Competition Lady<\/p>\n<p><\/strong>Homologacja:<strong> FIA 8856-2018<\/p>\n<p><\/strong>Przeznaczona dla kobiet wersja kombinezonu Sparco Competition.<br \/>Jest to kombinezon wykonany z trzech warstw materia\u0142u Nomex, ka\u017cda warstwa to materia\u0142 o r\u00f3\u017cnej gramaturze.<br \/>Rezultatem jest tkanina, kt\u00f3ra jest bardzo elastyczna, przewiewna i dobrze le\u017cy na ciele zawodnika.<\/p>\n<p>&#8211; Nowoczesny i agresywny design<br \/>&#8211; Bardzo lekki, nie kr\u0119puje ruch\u00f3w<br \/>&#8211; Przepuszcza wi\u0119cej powietrza<br \/>&#8211; 3 warstwowy<br \/>&#8211;&nbsp;<span>Gramatura:<\/span>&nbsp;300\/330 g\/m\u00b2<\/p>\n<p><img decoding=\"async\" style=\"display: block; margin-left: auto; margin-right: auto;\" class=\"slb\" src=\"\/data\/include\/cms\/rozmiary\/Sparco\/2018\/tabela_kombinezony.jpg\" border=\"0\" alt=\"\" width=\"100%\"><\/p>\n","protected":false},"featured_media":12870,"comment_status":"closed","ping_status":"open","template":"","meta":[],"product_cat":[564,560],"product_tag":[],"class_list":{"0":"post-13130","1":"product","2":"type-product","3":"status-publish","4":"has-post-thumbnail","6":"product_cat-kombinezony-rajdowe","7":"product_cat-odziez-rajdowa-fia","9":"first","10":"instock","11":"taxable","12":"shipping-taxable","13":"purchasable","14":"product-type-simple"},"bundled_by":[],"bundle_stock_status":"instock","bundle_stock_quantity":null,"bundle_virtual":false,"bundle_layout":"","bundle_add_to_cart_form_location":"","bundle_editable_in_cart":false,"bundle_sold_individually_context":"","bundle_item_grouping":"","bundle_min_size":"","bundle_max_size":"","bundle_price":[],"bundled_items":[],"bundle_sell_ids":[],"acf":{"zdjecie_bez_watermarka":null,"zdjecie_bez_watermarka_url":"","product_orgin_url":"https:\/\/inter-rally.pl\/product-eng-1042-Kombinezon-Sparco-Competition-Lady.html"},"yoast_head":"<!-- This site is optimized with the Yoast SEO plugin v23.9 - https:\/\/yoast.com\/wordpress\/plugins\/seo\/ -->\n<title>KOMBINEZON SPARCO COMPETITION LADY - CYBUL<\/title>\n<meta name=\"robots\" content=\"index, follow, max-snippet:-1, max-image-preview:large, max-video-preview:-1\" \/>\n<link rel=\"canonical\" href=\"https:\/\/cybul.eu\/pl\/sklep\/kombinezon-sparco-competition-lady\/\" \/>\n<meta property=\"og:locale\" content=\"pl_PL\" \/>\n<meta property=\"og:type\" content=\"article\" \/>\n<meta property=\"og:title\" content=\"KOMBINEZON SPARCO COMPETITION LADY - CYBUL\" \/>\n<meta property=\"og:description\" content=\"Kombinezon Sparco&nbsp;Competition LadyHomologacja: FIA 8856-2018Przeznaczona dla kobiet wersja kombinezonu Sparco Competition.Jest to kombinezon wykonany z trzech warstw materia\u0142u Nomex, ka\u017cda warstwa to materia\u0142 o r\u00f3\u017cnej gramaturze.Rezultatem jest tkanina, kt\u00f3ra jest bardzo elastyczna, przewiewna i dobrze le\u017cy na ciele zawodnika.- Nowoczesny i agresywny design- Bardzo lekki, nie kr\u0119puje ruch\u00f3w- Przepuszcza wi\u0119cej powietrza- 3 warstwowy-&nbsp;Gramatura:&nbsp;300\/330 g\/m\u00b2\" \/>\n<meta property=\"og:url\" content=\"https:\/\/cybul.eu\/pl\/sklep\/kombinezon-sparco-competition-lady\/\" \/>\n<meta property=\"og:site_name\" content=\"CYBUL\" \/>\n<meta property=\"article:modified_time\" content=\"2024-06-11T15:14:49+00:00\" \/>\n<meta property=\"og:image\" content=\"https:\/\/cybul.eu\/wp-content\/uploads\/2024\/06\/pol_pl_Kombinezon-Sparco-Competition-Lady-1042_2.jpg\" \/>\n\t<meta property=\"og:image:width\" content=\"900\" \/>\n\t<meta property=\"og:image:height\" content=\"900\" \/>\n\t<meta property=\"og:image:type\" content=\"image\/jpeg\" \/>\n<meta name=\"twitter:card\" content=\"summary_large_image\" \/>\n<script type=\"application\/ld+json\" class=\"yoast-schema-graph\">{\"@context\":\"https:\/\/schema.org\",\"@graph\":[{\"@type\":\"WebPage\",\"@id\":\"https:\/\/cybul.eu\/pl\/sklep\/kombinezon-sparco-competition-lady\/\",\"url\":\"https:\/\/cybul.eu\/pl\/sklep\/kombinezon-sparco-competition-lady\/\",\"name\":\"KOMBINEZON SPARCO COMPETITION LADY - CYBUL\",\"isPartOf\":{\"@id\":\"https:\/\/cybul.eu\/pl\/#website\"},\"primaryImageOfPage\":{\"@id\":\"https:\/\/cybul.eu\/pl\/sklep\/kombinezon-sparco-competition-lady\/#primaryimage\"},\"image\":{\"@id\":\"https:\/\/cybul.eu\/pl\/sklep\/kombinezon-sparco-competition-lady\/#primaryimage\"},\"thumbnailUrl\":\"https:\/\/cybul.eu\/wp-content\/uploads\/2024\/06\/pol_pl_Kombinezon-Sparco-Competition-Lady-1042_2.jpg\",\"datePublished\":\"2024-06-11T15:14:32+00:00\",\"dateModified\":\"2024-06-11T15:14:49+00:00\",\"breadcrumb\":{\"@id\":\"https:\/\/cybul.eu\/pl\/sklep\/kombinezon-sparco-competition-lady\/#breadcrumb\"},\"inLanguage\":\"pl-PL\",\"potentialAction\":[{\"@type\":\"ReadAction\",\"target\":[\"https:\/\/cybul.eu\/pl\/sklep\/kombinezon-sparco-competition-lady\/\"]}]},{\"@type\":\"ImageObject\",\"inLanguage\":\"pl-PL\",\"@id\":\"https:\/\/cybul.eu\/pl\/sklep\/kombinezon-sparco-competition-lady\/#primaryimage\",\"url\":\"https:\/\/cybul.eu\/wp-content\/uploads\/2024\/06\/pol_pl_Kombinezon-Sparco-Competition-Lady-1042_2.jpg\",\"contentUrl\":\"https:\/\/cybul.eu\/wp-content\/uploads\/2024\/06\/pol_pl_Kombinezon-Sparco-Competition-Lady-1042_2.jpg\",\"width\":900,\"height\":900},{\"@type\":\"BreadcrumbList\",\"@id\":\"https:\/\/cybul.eu\/pl\/sklep\/kombinezon-sparco-competition-lady\/#breadcrumb\",\"itemListElement\":[{\"@type\":\"ListItem\",\"position\":1,\"name\":\"Strona g\u0142\u00f3wna\",\"item\":\"https:\/\/cybul.eu\/pl\/\"},{\"@type\":\"ListItem\",\"position\":2,\"name\":\"Sklep\",\"item\":\"https:\/\/cybul.eu\/pl\/sklep\/\"},{\"@type\":\"ListItem\",\"position\":3,\"name\":\"KOMBINEZON SPARCO COMPETITION LADY\"}]},{\"@type\":\"WebSite\",\"@id\":\"https:\/\/cybul.eu\/pl\/#website\",\"url\":\"https:\/\/cybul.eu\/pl\/\",\"name\":\"CYBUL\",\"description\":\"\",\"potentialAction\":[{\"@type\":\"SearchAction\",\"target\":{\"@type\":\"EntryPoint\",\"urlTemplate\":\"https:\/\/cybul.eu\/pl\/?s={search_term_string}\"},\"query-input\":{\"@type\":\"PropertyValueSpecification\",\"valueRequired\":true,\"valueName\":\"search_term_string\"}}],\"inLanguage\":\"pl-PL\"}]}<\/script>\n<!-- \/ Yoast SEO plugin. -->","yoast_head_json":{"title":"KOMBINEZON SPARCO COMPETITION LADY - CYBUL","robots":{"index":"index","follow":"follow","max-snippet":"max-snippet:-1","max-image-preview":"max-image-preview:large","max-video-preview":"max-video-preview:-1"},"canonical":"https:\/\/cybul.eu\/pl\/sklep\/kombinezon-sparco-competition-lady\/","og_locale":"pl_PL","og_type":"article","og_title":"KOMBINEZON SPARCO COMPETITION LADY - CYBUL","og_description":"Kombinezon Sparco&nbsp;Competition LadyHomologacja: FIA 8856-2018Przeznaczona dla kobiet wersja kombinezonu Sparco Competition.Jest to kombinezon wykonany z trzech warstw materia\u0142u Nomex, ka\u017cda warstwa to materia\u0142 o r\u00f3\u017cnej gramaturze.Rezultatem jest tkanina, kt\u00f3ra jest bardzo elastyczna, przewiewna i dobrze le\u017cy na ciele zawodnika.- Nowoczesny i agresywny design- Bardzo lekki, nie kr\u0119puje ruch\u00f3w- Przepuszcza wi\u0119cej powietrza- 3 warstwowy-&nbsp;Gramatura:&nbsp;300\/330 g\/m\u00b2","og_url":"https:\/\/cybul.eu\/pl\/sklep\/kombinezon-sparco-competition-lady\/","og_site_name":"CYBUL","article_modified_time":"2024-06-11T15:14:49+00:00","og_image":[{"width":900,"height":900,"url":"https:\/\/cybul.eu\/wp-content\/uploads\/2024\/06\/pol_pl_Kombinezon-Sparco-Competition-Lady-1042_2.jpg","type":"image\/jpeg"}],"twitter_card":"summary_large_image","schema":{"@context":"https:\/\/schema.org","@graph":[{"@type":"WebPage","@id":"https:\/\/cybul.eu\/pl\/sklep\/kombinezon-sparco-competition-lady\/","url":"https:\/\/cybul.eu\/pl\/sklep\/kombinezon-sparco-competition-lady\/","name":"KOMBINEZON SPARCO COMPETITION LADY - CYBUL","isPartOf":{"@id":"https:\/\/cybul.eu\/pl\/#website"},"primaryImageOfPage":{"@id":"https:\/\/cybul.eu\/pl\/sklep\/kombinezon-sparco-competition-lady\/#primaryimage"},"image":{"@id":"https:\/\/cybul.eu\/pl\/sklep\/kombinezon-sparco-competition-lady\/#primaryimage"},"thumbnailUrl":"https:\/\/cybul.eu\/wp-content\/uploads\/2024\/06\/pol_pl_Kombinezon-Sparco-Competition-Lady-1042_2.jpg","datePublished":"2024-06-11T15:14:32+00:00","dateModified":"2024-06-11T15:14:49+00:00","breadcrumb":{"@id":"https:\/\/cybul.eu\/pl\/sklep\/kombinezon-sparco-competition-lady\/#breadcrumb"},"inLanguage":"pl-PL","potentialAction":[{"@type":"ReadAction","target":["https:\/\/cybul.eu\/pl\/sklep\/kombinezon-sparco-competition-lady\/"]}]},{"@type":"ImageObject","inLanguage":"pl-PL","@id":"https:\/\/cybul.eu\/pl\/sklep\/kombinezon-sparco-competition-lady\/#primaryimage","url":"https:\/\/cybul.eu\/wp-content\/uploads\/2024\/06\/pol_pl_Kombinezon-Sparco-Competition-Lady-1042_2.jpg","contentUrl":"https:\/\/cybul.eu\/wp-content\/uploads\/2024\/06\/pol_pl_Kombinezon-Sparco-Competition-Lady-1042_2.jpg","width":900,"height":900},{"@type":"BreadcrumbList","@id":"https:\/\/cybul.eu\/pl\/sklep\/kombinezon-sparco-competition-lady\/#breadcrumb","itemListElement":[{"@type":"ListItem","position":1,"name":"Strona g\u0142\u00f3wna","item":"https:\/\/cybul.eu\/pl\/"},{"@type":"ListItem","position":2,"name":"Sklep","item":"https:\/\/cybul.eu\/pl\/sklep\/"},{"@type":"ListItem","position":3,"name":"KOMBINEZON SPARCO COMPETITION LADY"}]},{"@type":"WebSite","@id":"https:\/\/cybul.eu\/pl\/#website","url":"https:\/\/cybul.eu\/pl\/","name":"CYBUL","description":"","potentialAction":[{"@type":"SearchAction","target":{"@type":"EntryPoint","urlTemplate":"https:\/\/cybul.eu\/pl\/?s={search_term_string}"},"query-input":{"@type":"PropertyValueSpecification","valueRequired":true,"valueName":"search_term_string"}}],"inLanguage":"pl-PL"}]}},"_links":{"self":[{"href":"https:\/\/cybul.eu\/pl\/wp-json\/wp\/v2\/product\/13130","targetHints":{"allow":["GET"]}}],"collection":[{"href":"https:\/\/cybul.eu\/pl\/wp-json\/wp\/v2\/product"}],"about":[{"href":"https:\/\/cybul.eu\/pl\/wp-json\/wp\/v2\/types\/product"}],"replies":[{"embeddable":true,"href":"https:\/\/cybul.eu\/pl\/wp-json\/wp\/v2\/comments?post=13130"}],"wp:featuredmedia":[{"embeddable":true,"href":"https:\/\/cybul.eu\/pl\/wp-json\/wp\/v2\/media\/12870"}],"wp:attachment":[{"href":"https:\/\/cybul.eu\/pl\/wp-json\/wp\/v2\/media?parent=13130"}],"wp:term":[{"taxonomy":"product_cat","embeddable":true,"href":"https:\/\/cybul.eu\/pl\/wp-json\/wp\/v2\/product_cat?post=13130"},{"taxonomy":"product_tag","embeddable":true,"href":"https:\/\/cybul.eu\/pl\/wp-json\/wp\/v2\/product_tag?post=13130"}],"curies":[{"name":"wp","href":"https:\/\/api.w.org\/{rel}","templated":true}]}}