{"id":13108,"date":"2024-06-11T17:13:55","date_gmt":"2024-06-11T15:13:55","guid":{"rendered":"https:\/\/cybul.eu\/shop\/kombinezon-rrs-diamond\/"},"modified":"2024-06-11T17:14:06","modified_gmt":"2024-06-11T15:14:06","slug":"kombinezon-rrs-diamond","status":"publish","type":"product","link":"https:\/\/cybul.eu\/pl\/sklep\/kombinezon-rrs-diamond\/","title":{"rendered":"KOMBINEZON RRS DIAMOND"},"content":{"rendered":"<p><strong>Kombinezon RRS Diamond FIA<\/strong><\/p>\n<p>Homologacja: <strong>FIA 8856-2018<\/strong><\/p>\n<p>Podstawowy model kombinezonu rajdowego firmy RRS. Wykonany z Nomexu trzeciej generacji. Wewn\u0119trzna warstwa wykonana z bardzo mi\u0119kkiego w\u0142\u00f3kna, kt\u00f3re zapewnia wysoki komfort i bardzo wydajnie odprowadza ciep\u0142o.<br \/>Doskona\u0142y stosunek jako\u015bci do ceny.<\/p>\n<p>Ilo\u015b\u0107 warstw: <strong>3<\/strong><br \/>Waga: <strong>oko\u0142o 1,4 kg<\/strong><\/p>\n<p>Rozmiary: XS &#8211; S &#8211; M &#8211; L &#8211; XL &#8211; XXL &#8211; XXXL<\/p>\n<p>Do ka\u017cdego kombinezonu torba gratis.<\/p>\n","protected":false},"excerpt":{"rendered":"<p><strong>Kombinezon RRS Diamond FIA<\/strong><\/p>\n<p>Homologacja: <strong>FIA 8856-2018<\/strong><\/p>\n<p>Podstawowy model kombinezonu rajdowego firmy RRS. Wykonany z Nomexu trzeciej generacji. Wewn\u0119trzna warstwa wykonana z bardzo mi\u0119kkiego w\u0142\u00f3kna, kt\u00f3re zapewnia wysoki komfort i bardzo wydajnie odprowadza ciep\u0142o.<br \/>Doskona\u0142y stosunek jako\u015bci do ceny.<\/p>\n<p>Ilo\u015b\u0107 warstw: <strong>3<\/strong><br \/>Waga: <strong>oko\u0142o 1,4 kg<\/strong><\/p>\n<p>Rozmiary: XS &#8211; S &#8211; M &#8211; L &#8211; XL &#8211; XXL &#8211; XXXL<\/p>\n","protected":false},"featured_media":12574,"comment_status":"closed","ping_status":"open","template":"","meta":[],"product_cat":[564,560],"product_tag":[],"class_list":{"0":"post-13108","1":"product","2":"type-product","3":"status-publish","4":"has-post-thumbnail","6":"product_cat-kombinezony-rajdowe","7":"product_cat-odziez-rajdowa-fia","9":"first","10":"instock","11":"taxable","12":"shipping-taxable","13":"purchasable","14":"product-type-simple"},"bundled_by":[],"bundle_stock_status":"instock","bundle_stock_quantity":null,"bundle_virtual":false,"bundle_layout":"","bundle_add_to_cart_form_location":"","bundle_editable_in_cart":false,"bundle_sold_individually_context":"","bundle_item_grouping":"","bundle_min_size":"","bundle_max_size":"","bundle_price":[],"bundled_items":[],"bundle_sell_ids":[],"acf":{"zdjecie_bez_watermarka":null,"zdjecie_bez_watermarka_url":"","product_orgin_url":"https:\/\/inter-rally.pl\/product-eng-8104-Kombinezon-RRS-Diamond.html"},"yoast_head":"<!-- This site is optimized with the Yoast SEO plugin v23.9 - https:\/\/yoast.com\/wordpress\/plugins\/seo\/ -->\n<title>KOMBINEZON RRS DIAMOND - CYBUL<\/title>\n<meta name=\"robots\" content=\"index, follow, max-snippet:-1, max-image-preview:large, max-video-preview:-1\" \/>\n<link rel=\"canonical\" href=\"https:\/\/cybul.eu\/pl\/sklep\/kombinezon-rrs-diamond\/\" \/>\n<meta property=\"og:locale\" content=\"pl_PL\" \/>\n<meta property=\"og:type\" content=\"article\" \/>\n<meta property=\"og:title\" content=\"KOMBINEZON RRS DIAMOND - CYBUL\" \/>\n<meta property=\"og:description\" content=\"Kombinezon RRS Diamond FIAHomologacja: FIA 8856-2018Podstawowy model kombinezonu rajdowego firmy RRS. Wykonany z Nomexu trzeciej generacji. Wewn\u0119trzna warstwa wykonana z bardzo mi\u0119kkiego w\u0142\u00f3kna, kt\u00f3re zapewnia wysoki komfort i bardzo wydajnie odprowadza ciep\u0142o.Doskona\u0142y stosunek jako\u015bci do ceny.Ilo\u015b\u0107 warstw: 3Waga: oko\u0142o 1,4 kgRozmiary: XS - S - M - L - XL - XXL - XXXL\" \/>\n<meta property=\"og:url\" content=\"https:\/\/cybul.eu\/pl\/sklep\/kombinezon-rrs-diamond\/\" \/>\n<meta property=\"og:site_name\" content=\"CYBUL\" \/>\n<meta property=\"article:modified_time\" content=\"2024-06-11T15:14:06+00:00\" \/>\n<meta property=\"og:image\" content=\"https:\/\/cybul.eu\/wp-content\/uploads\/2024\/06\/pol_pl_Kombinezon-RRS-Diamond-8104_1.jpg\" \/>\n\t<meta property=\"og:image:width\" content=\"900\" \/>\n\t<meta property=\"og:image:height\" content=\"900\" \/>\n\t<meta property=\"og:image:type\" content=\"image\/jpeg\" \/>\n<meta name=\"twitter:card\" content=\"summary_large_image\" \/>\n<script type=\"application\/ld+json\" class=\"yoast-schema-graph\">{\"@context\":\"https:\/\/schema.org\",\"@graph\":[{\"@type\":\"WebPage\",\"@id\":\"https:\/\/cybul.eu\/pl\/sklep\/kombinezon-rrs-diamond\/\",\"url\":\"https:\/\/cybul.eu\/pl\/sklep\/kombinezon-rrs-diamond\/\",\"name\":\"KOMBINEZON RRS DIAMOND - CYBUL\",\"isPartOf\":{\"@id\":\"https:\/\/cybul.eu\/pl\/#website\"},\"primaryImageOfPage\":{\"@id\":\"https:\/\/cybul.eu\/pl\/sklep\/kombinezon-rrs-diamond\/#primaryimage\"},\"image\":{\"@id\":\"https:\/\/cybul.eu\/pl\/sklep\/kombinezon-rrs-diamond\/#primaryimage\"},\"thumbnailUrl\":\"https:\/\/cybul.eu\/wp-content\/uploads\/2024\/06\/pol_pl_Kombinezon-RRS-Diamond-8104_1.jpg\",\"datePublished\":\"2024-06-11T15:13:55+00:00\",\"dateModified\":\"2024-06-11T15:14:06+00:00\",\"breadcrumb\":{\"@id\":\"https:\/\/cybul.eu\/pl\/sklep\/kombinezon-rrs-diamond\/#breadcrumb\"},\"inLanguage\":\"pl-PL\",\"potentialAction\":[{\"@type\":\"ReadAction\",\"target\":[\"https:\/\/cybul.eu\/pl\/sklep\/kombinezon-rrs-diamond\/\"]}]},{\"@type\":\"ImageObject\",\"inLanguage\":\"pl-PL\",\"@id\":\"https:\/\/cybul.eu\/pl\/sklep\/kombinezon-rrs-diamond\/#primaryimage\",\"url\":\"https:\/\/cybul.eu\/wp-content\/uploads\/2024\/06\/pol_pl_Kombinezon-RRS-Diamond-8104_1.jpg\",\"contentUrl\":\"https:\/\/cybul.eu\/wp-content\/uploads\/2024\/06\/pol_pl_Kombinezon-RRS-Diamond-8104_1.jpg\",\"width\":900,\"height\":900},{\"@type\":\"BreadcrumbList\",\"@id\":\"https:\/\/cybul.eu\/pl\/sklep\/kombinezon-rrs-diamond\/#breadcrumb\",\"itemListElement\":[{\"@type\":\"ListItem\",\"position\":1,\"name\":\"Strona g\u0142\u00f3wna\",\"item\":\"https:\/\/cybul.eu\/pl\/\"},{\"@type\":\"ListItem\",\"position\":2,\"name\":\"Sklep\",\"item\":\"https:\/\/cybul.eu\/pl\/sklep\/\"},{\"@type\":\"ListItem\",\"position\":3,\"name\":\"KOMBINEZON RRS DIAMOND\"}]},{\"@type\":\"WebSite\",\"@id\":\"https:\/\/cybul.eu\/pl\/#website\",\"url\":\"https:\/\/cybul.eu\/pl\/\",\"name\":\"CYBUL\",\"description\":\"\",\"potentialAction\":[{\"@type\":\"SearchAction\",\"target\":{\"@type\":\"EntryPoint\",\"urlTemplate\":\"https:\/\/cybul.eu\/pl\/?s={search_term_string}\"},\"query-input\":{\"@type\":\"PropertyValueSpecification\",\"valueRequired\":true,\"valueName\":\"search_term_string\"}}],\"inLanguage\":\"pl-PL\"}]}<\/script>\n<!-- \/ Yoast SEO plugin. -->","yoast_head_json":{"title":"KOMBINEZON RRS DIAMOND - CYBUL","robots":{"index":"index","follow":"follow","max-snippet":"max-snippet:-1","max-image-preview":"max-image-preview:large","max-video-preview":"max-video-preview:-1"},"canonical":"https:\/\/cybul.eu\/pl\/sklep\/kombinezon-rrs-diamond\/","og_locale":"pl_PL","og_type":"article","og_title":"KOMBINEZON RRS DIAMOND - CYBUL","og_description":"Kombinezon RRS Diamond FIAHomologacja: FIA 8856-2018Podstawowy model kombinezonu rajdowego firmy RRS. Wykonany z Nomexu trzeciej generacji. Wewn\u0119trzna warstwa wykonana z bardzo mi\u0119kkiego w\u0142\u00f3kna, kt\u00f3re zapewnia wysoki komfort i bardzo wydajnie odprowadza ciep\u0142o.Doskona\u0142y stosunek jako\u015bci do ceny.Ilo\u015b\u0107 warstw: 3Waga: oko\u0142o 1,4 kgRozmiary: XS - S - M - L - XL - XXL - XXXL","og_url":"https:\/\/cybul.eu\/pl\/sklep\/kombinezon-rrs-diamond\/","og_site_name":"CYBUL","article_modified_time":"2024-06-11T15:14:06+00:00","og_image":[{"width":900,"height":900,"url":"https:\/\/cybul.eu\/wp-content\/uploads\/2024\/06\/pol_pl_Kombinezon-RRS-Diamond-8104_1.jpg","type":"image\/jpeg"}],"twitter_card":"summary_large_image","schema":{"@context":"https:\/\/schema.org","@graph":[{"@type":"WebPage","@id":"https:\/\/cybul.eu\/pl\/sklep\/kombinezon-rrs-diamond\/","url":"https:\/\/cybul.eu\/pl\/sklep\/kombinezon-rrs-diamond\/","name":"KOMBINEZON RRS DIAMOND - CYBUL","isPartOf":{"@id":"https:\/\/cybul.eu\/pl\/#website"},"primaryImageOfPage":{"@id":"https:\/\/cybul.eu\/pl\/sklep\/kombinezon-rrs-diamond\/#primaryimage"},"image":{"@id":"https:\/\/cybul.eu\/pl\/sklep\/kombinezon-rrs-diamond\/#primaryimage"},"thumbnailUrl":"https:\/\/cybul.eu\/wp-content\/uploads\/2024\/06\/pol_pl_Kombinezon-RRS-Diamond-8104_1.jpg","datePublished":"2024-06-11T15:13:55+00:00","dateModified":"2024-06-11T15:14:06+00:00","breadcrumb":{"@id":"https:\/\/cybul.eu\/pl\/sklep\/kombinezon-rrs-diamond\/#breadcrumb"},"inLanguage":"pl-PL","potentialAction":[{"@type":"ReadAction","target":["https:\/\/cybul.eu\/pl\/sklep\/kombinezon-rrs-diamond\/"]}]},{"@type":"ImageObject","inLanguage":"pl-PL","@id":"https:\/\/cybul.eu\/pl\/sklep\/kombinezon-rrs-diamond\/#primaryimage","url":"https:\/\/cybul.eu\/wp-content\/uploads\/2024\/06\/pol_pl_Kombinezon-RRS-Diamond-8104_1.jpg","contentUrl":"https:\/\/cybul.eu\/wp-content\/uploads\/2024\/06\/pol_pl_Kombinezon-RRS-Diamond-8104_1.jpg","width":900,"height":900},{"@type":"BreadcrumbList","@id":"https:\/\/cybul.eu\/pl\/sklep\/kombinezon-rrs-diamond\/#breadcrumb","itemListElement":[{"@type":"ListItem","position":1,"name":"Strona g\u0142\u00f3wna","item":"https:\/\/cybul.eu\/pl\/"},{"@type":"ListItem","position":2,"name":"Sklep","item":"https:\/\/cybul.eu\/pl\/sklep\/"},{"@type":"ListItem","position":3,"name":"KOMBINEZON RRS DIAMOND"}]},{"@type":"WebSite","@id":"https:\/\/cybul.eu\/pl\/#website","url":"https:\/\/cybul.eu\/pl\/","name":"CYBUL","description":"","potentialAction":[{"@type":"SearchAction","target":{"@type":"EntryPoint","urlTemplate":"https:\/\/cybul.eu\/pl\/?s={search_term_string}"},"query-input":{"@type":"PropertyValueSpecification","valueRequired":true,"valueName":"search_term_string"}}],"inLanguage":"pl-PL"}]}},"_links":{"self":[{"href":"https:\/\/cybul.eu\/pl\/wp-json\/wp\/v2\/product\/13108","targetHints":{"allow":["GET"]}}],"collection":[{"href":"https:\/\/cybul.eu\/pl\/wp-json\/wp\/v2\/product"}],"about":[{"href":"https:\/\/cybul.eu\/pl\/wp-json\/wp\/v2\/types\/product"}],"replies":[{"embeddable":true,"href":"https:\/\/cybul.eu\/pl\/wp-json\/wp\/v2\/comments?post=13108"}],"wp:featuredmedia":[{"embeddable":true,"href":"https:\/\/cybul.eu\/pl\/wp-json\/wp\/v2\/media\/12574"}],"wp:attachment":[{"href":"https:\/\/cybul.eu\/pl\/wp-json\/wp\/v2\/media?parent=13108"}],"wp:term":[{"taxonomy":"product_cat","embeddable":true,"href":"https:\/\/cybul.eu\/pl\/wp-json\/wp\/v2\/product_cat?post=13108"},{"taxonomy":"product_tag","embeddable":true,"href":"https:\/\/cybul.eu\/pl\/wp-json\/wp\/v2\/product_tag?post=13108"}],"curies":[{"name":"wp","href":"https:\/\/api.w.org\/{rel}","templated":true}]}}