{"id":12461,"date":"2024-06-11T15:57:40","date_gmt":"2024-06-11T13:57:40","guid":{"rendered":"https:\/\/cybul.eu\/shop\/buty-sparco-x-light-4\/"},"modified":"2024-06-11T15:57:46","modified_gmt":"2024-06-11T13:57:46","slug":"buty-sparco-x-light-4","status":"publish","type":"product","link":"https:\/\/cybul.eu\/pl\/sklep\/buty-sparco-x-light-4\/","title":{"rendered":"BUTY SPARCO X-LIGHT+"},"content":{"rendered":"<p><strong>Buty Sparco&nbsp;X-Light+<\/p>\n<p><\/strong>Homologacja:<strong> FIA 8856-2018<\/p>\n<p><\/strong>Najnowszy model but\u00f3w Sparco. Podczas konstruowania projektanci kierowali si\u0119, aby buty by\u0142y mo\u017cliwie jak najl\u017cejsze, jak najbardziej wygodne i oczywi\u015bcie bezpieczne w u\u017cytkowaniu. Posiadaj\u0105 specjalne perforacje zapewniaj\u0105ce wentylacje. Nara\u017cone na uszkodzenia fragmenty wzmocniono specjalnie opracowan\u0105 mieszank\u0105 gumy, dzi\u0119ki temu podeszwa buta pozostaje bardziej cienka, co daje jeszcze lepsze czucie peda\u0142\u00f3w. Dodatkowe wzmocnienie w najbardziej nara\u017conych miejscach. Anatomiczny kszta\u0142t wk\u0142adki buta zapewnia wysoki komfort u\u017cytkowania.<\/p>\n<p>Rozmiary od 39 do 46.<br \/>Dost\u0119pne w pi\u0119ciu wersjach kolorystycznych.<br \/>Waga: oko\u0142o <strong>220 g<\/strong> (rozmiar 42)<\/p>\n<p><img decoding=\"async\" style=\"display: block; margin-left: auto; margin-right: auto;\" src=\"\/data\/include\/cms\/rozmiary\/Sparco\/2021\/sparco-buty-2021.jpg\" border=\"0\" alt=\"\" width=\"1000\"><\/p>\n","protected":false},"excerpt":{"rendered":"<p><strong>Buty Sparco&nbsp;X-Light+<\/p>\n<p><\/strong>Homologacja:<strong> FIA 8856-2018<\/p>\n<p><\/strong>Najnowszy model but\u00f3w Sparco. Podczas konstruowania projektanci kierowali si\u0119, aby buty by\u0142y mo\u017cliwie jak najl\u017cejsze, jak najbardziej wygodne i oczywi\u015bcie bezpieczne w u\u017cytkowaniu. Posiadaj\u0105 specjalne perforacje zapewniaj\u0105ce wentylacje. Nara\u017cone na uszkodzenia fragmenty wzmocniono specjalnie opracowan\u0105 mieszank\u0105 gumy, dzi\u0119ki temu podeszwa buta pozostaje bardziej cienka, co daje jeszcze lepsze czucie peda\u0142\u00f3w. Dodatkowe wzmocnienie w najbardziej nara\u017conych miejscach. Anatomiczny kszta\u0142t wk\u0142adki buta zapewnia wysoki komfort u\u017cytkowania.<\/p>\n<p>Rozmiary od 39 do 46.<br \/>Dost\u0119pne w pi\u0119ciu wersjach kolorystycznych.<br \/>Waga: oko\u0142o <strong>220 g<\/strong> (rozmiar 42)<\/p>\n<p><img decoding=\"async\" style=\"display: block; margin-left: auto; margin-right: auto;\" src=\"\/data\/include\/cms\/rozmiary\/Sparco\/2021\/sparco-buty-2021.jpg\" border=\"0\" alt=\"\" width=\"1000\"><\/p>\n","protected":false},"featured_media":12406,"comment_status":"closed","ping_status":"open","template":"","meta":[],"product_cat":[562,560],"product_tag":[],"class_list":{"0":"post-12461","1":"product","2":"type-product","3":"status-publish","4":"has-post-thumbnail","6":"product_cat-buty-rajdowe-fia","7":"product_cat-odziez-rajdowa-fia","9":"first","10":"instock","11":"taxable","12":"shipping-taxable","13":"purchasable","14":"product-type-simple"},"bundled_by":[],"bundle_stock_status":"instock","bundle_stock_quantity":null,"bundle_virtual":false,"bundle_layout":"","bundle_add_to_cart_form_location":"","bundle_editable_in_cart":false,"bundle_sold_individually_context":"","bundle_item_grouping":"","bundle_min_size":"","bundle_max_size":"","bundle_price":[],"bundled_items":[],"bundle_sell_ids":[],"acf":{"zdjecie_bez_watermarka":null,"zdjecie_bez_watermarka_url":"","product_orgin_url":"https:\/\/inter-rally.pl\/product-eng-1062-Buty-Sparco-X-Light.html"},"yoast_head":"<!-- This site is optimized with the Yoast SEO plugin v23.9 - https:\/\/yoast.com\/wordpress\/plugins\/seo\/ -->\n<title>BUTY SPARCO X-LIGHT+ - CYBUL<\/title>\n<meta name=\"robots\" content=\"index, follow, max-snippet:-1, max-image-preview:large, max-video-preview:-1\" \/>\n<link rel=\"canonical\" href=\"https:\/\/cybul.eu\/pl\/sklep\/buty-sparco-x-light-4\/\" \/>\n<meta property=\"og:locale\" content=\"pl_PL\" \/>\n<meta property=\"og:type\" content=\"article\" \/>\n<meta property=\"og:title\" content=\"BUTY SPARCO X-LIGHT+ - CYBUL\" \/>\n<meta property=\"og:description\" content=\"Buty Sparco&nbsp;X-Light+Homologacja: FIA 8856-2018Najnowszy model but\u00f3w Sparco. Podczas konstruowania projektanci kierowali si\u0119, aby buty by\u0142y mo\u017cliwie jak najl\u017cejsze, jak najbardziej wygodne i oczywi\u015bcie bezpieczne w u\u017cytkowaniu. Posiadaj\u0105 specjalne perforacje zapewniaj\u0105ce wentylacje. Nara\u017cone na uszkodzenia fragmenty wzmocniono specjalnie opracowan\u0105 mieszank\u0105 gumy, dzi\u0119ki temu podeszwa buta pozostaje bardziej cienka, co daje jeszcze lepsze czucie peda\u0142\u00f3w. Dodatkowe wzmocnienie w najbardziej nara\u017conych miejscach. Anatomiczny kszta\u0142t wk\u0142adki buta zapewnia wysoki komfort u\u017cytkowania.Rozmiary od 39 do 46.Dost\u0119pne w pi\u0119ciu wersjach kolorystycznych.Waga: oko\u0142o 220 g (rozmiar 42)\" \/>\n<meta property=\"og:url\" content=\"https:\/\/cybul.eu\/pl\/sklep\/buty-sparco-x-light-4\/\" \/>\n<meta property=\"og:site_name\" content=\"CYBUL\" \/>\n<meta property=\"article:modified_time\" content=\"2024-06-11T13:57:46+00:00\" \/>\n<meta property=\"og:image\" content=\"https:\/\/cybul.eu\/wp-content\/uploads\/2024\/06\/pol_pl_Buty-Sparco-X-Light-1062_3.jpg\" \/>\n\t<meta property=\"og:image:width\" content=\"900\" \/>\n\t<meta property=\"og:image:height\" content=\"900\" \/>\n\t<meta property=\"og:image:type\" content=\"image\/jpeg\" \/>\n<meta name=\"twitter:card\" content=\"summary_large_image\" \/>\n<meta name=\"twitter:label1\" content=\"Szacowany czas czytania\" \/>\n\t<meta name=\"twitter:data1\" content=\"1 minuta\" \/>\n<script type=\"application\/ld+json\" class=\"yoast-schema-graph\">{\"@context\":\"https:\/\/schema.org\",\"@graph\":[{\"@type\":\"WebPage\",\"@id\":\"https:\/\/cybul.eu\/pl\/sklep\/buty-sparco-x-light-4\/\",\"url\":\"https:\/\/cybul.eu\/pl\/sklep\/buty-sparco-x-light-4\/\",\"name\":\"BUTY SPARCO X-LIGHT+ - CYBUL\",\"isPartOf\":{\"@id\":\"https:\/\/cybul.eu\/pl\/#website\"},\"primaryImageOfPage\":{\"@id\":\"https:\/\/cybul.eu\/pl\/sklep\/buty-sparco-x-light-4\/#primaryimage\"},\"image\":{\"@id\":\"https:\/\/cybul.eu\/pl\/sklep\/buty-sparco-x-light-4\/#primaryimage\"},\"thumbnailUrl\":\"https:\/\/cybul.eu\/wp-content\/uploads\/2024\/06\/pol_pl_Buty-Sparco-X-Light-1062_3.jpg\",\"datePublished\":\"2024-06-11T13:57:40+00:00\",\"dateModified\":\"2024-06-11T13:57:46+00:00\",\"breadcrumb\":{\"@id\":\"https:\/\/cybul.eu\/pl\/sklep\/buty-sparco-x-light-4\/#breadcrumb\"},\"inLanguage\":\"pl-PL\",\"potentialAction\":[{\"@type\":\"ReadAction\",\"target\":[\"https:\/\/cybul.eu\/pl\/sklep\/buty-sparco-x-light-4\/\"]}]},{\"@type\":\"ImageObject\",\"inLanguage\":\"pl-PL\",\"@id\":\"https:\/\/cybul.eu\/pl\/sklep\/buty-sparco-x-light-4\/#primaryimage\",\"url\":\"https:\/\/cybul.eu\/wp-content\/uploads\/2024\/06\/pol_pl_Buty-Sparco-X-Light-1062_3.jpg\",\"contentUrl\":\"https:\/\/cybul.eu\/wp-content\/uploads\/2024\/06\/pol_pl_Buty-Sparco-X-Light-1062_3.jpg\",\"width\":900,\"height\":900},{\"@type\":\"BreadcrumbList\",\"@id\":\"https:\/\/cybul.eu\/pl\/sklep\/buty-sparco-x-light-4\/#breadcrumb\",\"itemListElement\":[{\"@type\":\"ListItem\",\"position\":1,\"name\":\"Strona g\u0142\u00f3wna\",\"item\":\"https:\/\/cybul.eu\/pl\/\"},{\"@type\":\"ListItem\",\"position\":2,\"name\":\"Sklep\",\"item\":\"https:\/\/cybul.eu\/pl\/sklep\/\"},{\"@type\":\"ListItem\",\"position\":3,\"name\":\"BUTY SPARCO X-LIGHT+\"}]},{\"@type\":\"WebSite\",\"@id\":\"https:\/\/cybul.eu\/pl\/#website\",\"url\":\"https:\/\/cybul.eu\/pl\/\",\"name\":\"CYBUL\",\"description\":\"\",\"potentialAction\":[{\"@type\":\"SearchAction\",\"target\":{\"@type\":\"EntryPoint\",\"urlTemplate\":\"https:\/\/cybul.eu\/pl\/?s={search_term_string}\"},\"query-input\":{\"@type\":\"PropertyValueSpecification\",\"valueRequired\":true,\"valueName\":\"search_term_string\"}}],\"inLanguage\":\"pl-PL\"}]}<\/script>\n<!-- \/ Yoast SEO plugin. -->","yoast_head_json":{"title":"BUTY SPARCO X-LIGHT+ - CYBUL","robots":{"index":"index","follow":"follow","max-snippet":"max-snippet:-1","max-image-preview":"max-image-preview:large","max-video-preview":"max-video-preview:-1"},"canonical":"https:\/\/cybul.eu\/pl\/sklep\/buty-sparco-x-light-4\/","og_locale":"pl_PL","og_type":"article","og_title":"BUTY SPARCO X-LIGHT+ - CYBUL","og_description":"Buty Sparco&nbsp;X-Light+Homologacja: FIA 8856-2018Najnowszy model but\u00f3w Sparco. Podczas konstruowania projektanci kierowali si\u0119, aby buty by\u0142y mo\u017cliwie jak najl\u017cejsze, jak najbardziej wygodne i oczywi\u015bcie bezpieczne w u\u017cytkowaniu. Posiadaj\u0105 specjalne perforacje zapewniaj\u0105ce wentylacje. Nara\u017cone na uszkodzenia fragmenty wzmocniono specjalnie opracowan\u0105 mieszank\u0105 gumy, dzi\u0119ki temu podeszwa buta pozostaje bardziej cienka, co daje jeszcze lepsze czucie peda\u0142\u00f3w. Dodatkowe wzmocnienie w najbardziej nara\u017conych miejscach. Anatomiczny kszta\u0142t wk\u0142adki buta zapewnia wysoki komfort u\u017cytkowania.Rozmiary od 39 do 46.Dost\u0119pne w pi\u0119ciu wersjach kolorystycznych.Waga: oko\u0142o 220 g (rozmiar 42)","og_url":"https:\/\/cybul.eu\/pl\/sklep\/buty-sparco-x-light-4\/","og_site_name":"CYBUL","article_modified_time":"2024-06-11T13:57:46+00:00","og_image":[{"width":900,"height":900,"url":"https:\/\/cybul.eu\/wp-content\/uploads\/2024\/06\/pol_pl_Buty-Sparco-X-Light-1062_3.jpg","type":"image\/jpeg"}],"twitter_card":"summary_large_image","twitter_misc":{"Szacowany czas czytania":"1 minuta"},"schema":{"@context":"https:\/\/schema.org","@graph":[{"@type":"WebPage","@id":"https:\/\/cybul.eu\/pl\/sklep\/buty-sparco-x-light-4\/","url":"https:\/\/cybul.eu\/pl\/sklep\/buty-sparco-x-light-4\/","name":"BUTY SPARCO X-LIGHT+ - CYBUL","isPartOf":{"@id":"https:\/\/cybul.eu\/pl\/#website"},"primaryImageOfPage":{"@id":"https:\/\/cybul.eu\/pl\/sklep\/buty-sparco-x-light-4\/#primaryimage"},"image":{"@id":"https:\/\/cybul.eu\/pl\/sklep\/buty-sparco-x-light-4\/#primaryimage"},"thumbnailUrl":"https:\/\/cybul.eu\/wp-content\/uploads\/2024\/06\/pol_pl_Buty-Sparco-X-Light-1062_3.jpg","datePublished":"2024-06-11T13:57:40+00:00","dateModified":"2024-06-11T13:57:46+00:00","breadcrumb":{"@id":"https:\/\/cybul.eu\/pl\/sklep\/buty-sparco-x-light-4\/#breadcrumb"},"inLanguage":"pl-PL","potentialAction":[{"@type":"ReadAction","target":["https:\/\/cybul.eu\/pl\/sklep\/buty-sparco-x-light-4\/"]}]},{"@type":"ImageObject","inLanguage":"pl-PL","@id":"https:\/\/cybul.eu\/pl\/sklep\/buty-sparco-x-light-4\/#primaryimage","url":"https:\/\/cybul.eu\/wp-content\/uploads\/2024\/06\/pol_pl_Buty-Sparco-X-Light-1062_3.jpg","contentUrl":"https:\/\/cybul.eu\/wp-content\/uploads\/2024\/06\/pol_pl_Buty-Sparco-X-Light-1062_3.jpg","width":900,"height":900},{"@type":"BreadcrumbList","@id":"https:\/\/cybul.eu\/pl\/sklep\/buty-sparco-x-light-4\/#breadcrumb","itemListElement":[{"@type":"ListItem","position":1,"name":"Strona g\u0142\u00f3wna","item":"https:\/\/cybul.eu\/pl\/"},{"@type":"ListItem","position":2,"name":"Sklep","item":"https:\/\/cybul.eu\/pl\/sklep\/"},{"@type":"ListItem","position":3,"name":"BUTY SPARCO X-LIGHT+"}]},{"@type":"WebSite","@id":"https:\/\/cybul.eu\/pl\/#website","url":"https:\/\/cybul.eu\/pl\/","name":"CYBUL","description":"","potentialAction":[{"@type":"SearchAction","target":{"@type":"EntryPoint","urlTemplate":"https:\/\/cybul.eu\/pl\/?s={search_term_string}"},"query-input":{"@type":"PropertyValueSpecification","valueRequired":true,"valueName":"search_term_string"}}],"inLanguage":"pl-PL"}]}},"_links":{"self":[{"href":"https:\/\/cybul.eu\/pl\/wp-json\/wp\/v2\/product\/12461","targetHints":{"allow":["GET"]}}],"collection":[{"href":"https:\/\/cybul.eu\/pl\/wp-json\/wp\/v2\/product"}],"about":[{"href":"https:\/\/cybul.eu\/pl\/wp-json\/wp\/v2\/types\/product"}],"replies":[{"embeddable":true,"href":"https:\/\/cybul.eu\/pl\/wp-json\/wp\/v2\/comments?post=12461"}],"wp:featuredmedia":[{"embeddable":true,"href":"https:\/\/cybul.eu\/pl\/wp-json\/wp\/v2\/media\/12406"}],"wp:attachment":[{"href":"https:\/\/cybul.eu\/pl\/wp-json\/wp\/v2\/media?parent=12461"}],"wp:term":[{"taxonomy":"product_cat","embeddable":true,"href":"https:\/\/cybul.eu\/pl\/wp-json\/wp\/v2\/product_cat?post=12461"},{"taxonomy":"product_tag","embeddable":true,"href":"https:\/\/cybul.eu\/pl\/wp-json\/wp\/v2\/product_tag?post=12461"}],"curies":[{"name":"wp","href":"https:\/\/api.w.org\/{rel}","templated":true}]}}