{"id":12460,"date":"2024-06-11T15:57:40","date_gmt":"2024-06-11T13:57:40","guid":{"rendered":"https:\/\/cybul.eu\/shop\/buty-sparco-superleggera\/"},"modified":"2024-06-11T15:57:45","modified_gmt":"2024-06-11T13:57:45","slug":"buty-sparco-superleggera","status":"publish","type":"product","link":"https:\/\/cybul.eu\/pl\/sklep\/buty-sparco-superleggera\/","title":{"rendered":"BUTY SPARCO SUPERLEGGERA"},"content":{"rendered":"<p><strong>Buty Sparco Superleggera<\/p>\n<p><\/strong>Homologacja:<strong> FIA 8856-2018<\/p>\n<p><\/strong>Superleggera to ultralekki but wy\u015bcigowy firmy Sparco, kt\u00f3ry jest skonstruowany przy u\u017cyciu drukowanej cholewki z tkaniny trudnopalnej z przezroczystymi silikonowymi wzmocnieniami. Wewn\u0119trzna elastyczna skarpeta zast\u0119puje tradycyjny system j\u0119zyka i zapewnia znacznie lepszy komfort dzi\u0119ki \u015bci\u015blejszemu dopasowaniu.<br \/>Buty wy\u015bcigowe Sparco Superleggera maj\u0105 podeszw\u0119 z prawdziwego w\u0142\u00f3kna w\u0119glowego i gumy z r\u00f3\u017cnym wzorem bie\u017cnika, kt\u00f3ry zapewnia optymaln\u0105 przyczepno\u015b\u0107 i zr\u0119czno\u015b\u0107. Podeszwa posiada r\u00f3wnie\u017c przed\u0142u\u017cony ty\u0142, kt\u00f3ry poprawia wsparcie podczas jazdy. Nadrukowany wz\u00f3r i logo ograniczaj\u0105 wag\u0119 do minimum, a zewn\u0119trzny system sznurowania zapewnia \u015bcis\u0142e i bezpieczne dopasowanie.<\/p>\n<p>&#8211; Elastyczna wewn\u0119trzna skarpeta \u017cakardowa zapewnia lepsze dopasowanie, wi\u0119kszy komfort i przewiewno\u015b\u0107<br \/>&#8211; Silikonowe wzmocnienia w strategicznych miejscach dla ochrony<br \/>&#8211; Elastyczna podeszwa z prawdziwego w\u0142\u00f3kna w\u0119glowego dla redukcji wagi<\/p>\n<p>Waga: oko\u0142o <strong>240 g<\/strong> (<span>rozmiar&nbsp;<\/span>42)<\/p>\n<p><img decoding=\"async\" style=\"display: block; margin-left: auto; margin-right: auto;\" src=\"\/data\/include\/cms\/rozmiary\/Sparco\/2021\/sparco-buty-2021.jpg\" border=\"0\" alt=\"\" width=\"1000\"><\/p>\n","protected":false},"excerpt":{"rendered":"<p><strong>Buty Sparco Superleggera<\/p>\n<p><\/strong>Homologacja:<strong> FIA 8856-2018<\/p>\n<p><\/strong>Superleggera to ultralekki but wy\u015bcigowy firmy Sparco, kt\u00f3ry jest skonstruowany przy u\u017cyciu drukowanej cholewki z tkaniny trudnopalnej z przezroczystymi silikonowymi wzmocnieniami. Wewn\u0119trzna elastyczna skarpeta zast\u0119puje tradycyjny system j\u0119zyka i zapewnia znacznie lepszy komfort dzi\u0119ki \u015bci\u015blejszemu dopasowaniu.<br \/>Buty wy\u015bcigowe Sparco Superleggera maj\u0105 podeszw\u0119 z prawdziwego w\u0142\u00f3kna w\u0119glowego i gumy z r\u00f3\u017cnym wzorem bie\u017cnika, kt\u00f3ry zapewnia optymaln\u0105 przyczepno\u015b\u0107 i zr\u0119czno\u015b\u0107. Podeszwa posiada r\u00f3wnie\u017c przed\u0142u\u017cony ty\u0142, kt\u00f3ry poprawia wsparcie podczas jazdy. Nadrukowany wz\u00f3r i logo ograniczaj\u0105 wag\u0119 do minimum, a zewn\u0119trzny system sznurowania zapewnia \u015bcis\u0142e i bezpieczne dopasowanie.<\/p>\n<p>&#8211; Elastyczna wewn\u0119trzna skarpeta \u017cakardowa zapewnia lepsze dopasowanie, wi\u0119kszy komfort i przewiewno\u015b\u0107<br \/>&#8211; Silikonowe wzmocnienia w strategicznych miejscach dla ochrony<br \/>&#8211; Elastyczna podeszwa z prawdziwego w\u0142\u00f3kna w\u0119glowego dla redukcji wagi<\/p>\n<p>Waga: oko\u0142o <strong>240 g<\/strong> (<span>rozmiar&nbsp;<\/span>42)<\/p>\n<p><img decoding=\"async\" style=\"display: block; margin-left: auto; margin-right: auto;\" src=\"\/data\/include\/cms\/rozmiary\/Sparco\/2021\/sparco-buty-2021.jpg\" border=\"0\" alt=\"\" width=\"1000\"><\/p>\n","protected":false},"featured_media":12397,"comment_status":"closed","ping_status":"open","template":"","meta":[],"product_cat":[562,560],"product_tag":[],"class_list":{"0":"post-12460","1":"product","2":"type-product","3":"status-publish","4":"has-post-thumbnail","6":"product_cat-buty-rajdowe-fia","7":"product_cat-odziez-rajdowa-fia","9":"first","10":"instock","11":"taxable","12":"shipping-taxable","13":"purchasable","14":"product-type-simple"},"bundled_by":[],"bundle_stock_status":"instock","bundle_stock_quantity":null,"bundle_virtual":false,"bundle_layout":"","bundle_add_to_cart_form_location":"","bundle_editable_in_cart":false,"bundle_sold_individually_context":"","bundle_item_grouping":"","bundle_min_size":"","bundle_max_size":"","bundle_price":[],"bundled_items":[],"bundle_sell_ids":[],"acf":{"zdjecie_bez_watermarka":null,"zdjecie_bez_watermarka_url":"","product_orgin_url":"https:\/\/inter-rally.pl\/product-eng-9652-Buty-Sparco-Superleggera.html"},"yoast_head":"<!-- This site is optimized with the Yoast SEO plugin v23.9 - https:\/\/yoast.com\/wordpress\/plugins\/seo\/ -->\n<title>BUTY SPARCO SUPERLEGGERA - CYBUL<\/title>\n<meta name=\"robots\" content=\"index, follow, max-snippet:-1, max-image-preview:large, max-video-preview:-1\" \/>\n<link rel=\"canonical\" href=\"https:\/\/cybul.eu\/pl\/sklep\/buty-sparco-superleggera\/\" \/>\n<meta property=\"og:locale\" content=\"pl_PL\" \/>\n<meta property=\"og:type\" content=\"article\" \/>\n<meta property=\"og:title\" content=\"BUTY SPARCO SUPERLEGGERA - CYBUL\" \/>\n<meta property=\"og:description\" content=\"Buty Sparco SuperleggeraHomologacja: FIA 8856-2018Superleggera to ultralekki but wy\u015bcigowy firmy Sparco, kt\u00f3ry jest skonstruowany przy u\u017cyciu drukowanej cholewki z tkaniny trudnopalnej z przezroczystymi silikonowymi wzmocnieniami. Wewn\u0119trzna elastyczna skarpeta zast\u0119puje tradycyjny system j\u0119zyka i zapewnia znacznie lepszy komfort dzi\u0119ki \u015bci\u015blejszemu dopasowaniu.Buty wy\u015bcigowe Sparco Superleggera maj\u0105 podeszw\u0119 z prawdziwego w\u0142\u00f3kna w\u0119glowego i gumy z r\u00f3\u017cnym wzorem bie\u017cnika, kt\u00f3ry zapewnia optymaln\u0105 przyczepno\u015b\u0107 i zr\u0119czno\u015b\u0107. Podeszwa posiada r\u00f3wnie\u017c przed\u0142u\u017cony ty\u0142, kt\u00f3ry poprawia wsparcie podczas jazdy. Nadrukowany wz\u00f3r i logo ograniczaj\u0105 wag\u0119 do minimum, a zewn\u0119trzny system sznurowania zapewnia \u015bcis\u0142e i bezpieczne dopasowanie.- Elastyczna wewn\u0119trzna skarpeta \u017cakardowa zapewnia lepsze dopasowanie, wi\u0119kszy komfort i przewiewno\u015b\u0107- Silikonowe wzmocnienia w strategicznych miejscach dla ochrony- Elastyczna podeszwa z prawdziwego w\u0142\u00f3kna w\u0119glowego dla redukcji wagiWaga: oko\u0142o 240 g (rozmiar&nbsp;42)\" \/>\n<meta property=\"og:url\" content=\"https:\/\/cybul.eu\/pl\/sklep\/buty-sparco-superleggera\/\" \/>\n<meta property=\"og:site_name\" content=\"CYBUL\" \/>\n<meta property=\"article:modified_time\" content=\"2024-06-11T13:57:45+00:00\" \/>\n<meta property=\"og:image\" content=\"https:\/\/cybul.eu\/wp-content\/uploads\/2024\/06\/pol_pl_Buty-Sparco-Superleggera-9652_1.jpg\" \/>\n\t<meta property=\"og:image:width\" content=\"900\" \/>\n\t<meta property=\"og:image:height\" content=\"900\" \/>\n\t<meta property=\"og:image:type\" content=\"image\/jpeg\" \/>\n<meta name=\"twitter:card\" content=\"summary_large_image\" \/>\n<meta name=\"twitter:label1\" content=\"Szacowany czas czytania\" \/>\n\t<meta name=\"twitter:data1\" content=\"1 minuta\" \/>\n<script type=\"application\/ld+json\" class=\"yoast-schema-graph\">{\"@context\":\"https:\/\/schema.org\",\"@graph\":[{\"@type\":\"WebPage\",\"@id\":\"https:\/\/cybul.eu\/pl\/sklep\/buty-sparco-superleggera\/\",\"url\":\"https:\/\/cybul.eu\/pl\/sklep\/buty-sparco-superleggera\/\",\"name\":\"BUTY SPARCO SUPERLEGGERA - CYBUL\",\"isPartOf\":{\"@id\":\"https:\/\/cybul.eu\/pl\/#website\"},\"primaryImageOfPage\":{\"@id\":\"https:\/\/cybul.eu\/pl\/sklep\/buty-sparco-superleggera\/#primaryimage\"},\"image\":{\"@id\":\"https:\/\/cybul.eu\/pl\/sklep\/buty-sparco-superleggera\/#primaryimage\"},\"thumbnailUrl\":\"https:\/\/cybul.eu\/wp-content\/uploads\/2024\/06\/pol_pl_Buty-Sparco-Superleggera-9652_1.jpg\",\"datePublished\":\"2024-06-11T13:57:40+00:00\",\"dateModified\":\"2024-06-11T13:57:45+00:00\",\"breadcrumb\":{\"@id\":\"https:\/\/cybul.eu\/pl\/sklep\/buty-sparco-superleggera\/#breadcrumb\"},\"inLanguage\":\"pl-PL\",\"potentialAction\":[{\"@type\":\"ReadAction\",\"target\":[\"https:\/\/cybul.eu\/pl\/sklep\/buty-sparco-superleggera\/\"]}]},{\"@type\":\"ImageObject\",\"inLanguage\":\"pl-PL\",\"@id\":\"https:\/\/cybul.eu\/pl\/sklep\/buty-sparco-superleggera\/#primaryimage\",\"url\":\"https:\/\/cybul.eu\/wp-content\/uploads\/2024\/06\/pol_pl_Buty-Sparco-Superleggera-9652_1.jpg\",\"contentUrl\":\"https:\/\/cybul.eu\/wp-content\/uploads\/2024\/06\/pol_pl_Buty-Sparco-Superleggera-9652_1.jpg\",\"width\":900,\"height\":900},{\"@type\":\"BreadcrumbList\",\"@id\":\"https:\/\/cybul.eu\/pl\/sklep\/buty-sparco-superleggera\/#breadcrumb\",\"itemListElement\":[{\"@type\":\"ListItem\",\"position\":1,\"name\":\"Strona g\u0142\u00f3wna\",\"item\":\"https:\/\/cybul.eu\/pl\/\"},{\"@type\":\"ListItem\",\"position\":2,\"name\":\"Sklep\",\"item\":\"https:\/\/cybul.eu\/pl\/sklep\/\"},{\"@type\":\"ListItem\",\"position\":3,\"name\":\"BUTY SPARCO SUPERLEGGERA\"}]},{\"@type\":\"WebSite\",\"@id\":\"https:\/\/cybul.eu\/pl\/#website\",\"url\":\"https:\/\/cybul.eu\/pl\/\",\"name\":\"CYBUL\",\"description\":\"\",\"potentialAction\":[{\"@type\":\"SearchAction\",\"target\":{\"@type\":\"EntryPoint\",\"urlTemplate\":\"https:\/\/cybul.eu\/pl\/?s={search_term_string}\"},\"query-input\":{\"@type\":\"PropertyValueSpecification\",\"valueRequired\":true,\"valueName\":\"search_term_string\"}}],\"inLanguage\":\"pl-PL\"}]}<\/script>\n<!-- \/ Yoast SEO plugin. -->","yoast_head_json":{"title":"BUTY SPARCO SUPERLEGGERA - CYBUL","robots":{"index":"index","follow":"follow","max-snippet":"max-snippet:-1","max-image-preview":"max-image-preview:large","max-video-preview":"max-video-preview:-1"},"canonical":"https:\/\/cybul.eu\/pl\/sklep\/buty-sparco-superleggera\/","og_locale":"pl_PL","og_type":"article","og_title":"BUTY SPARCO SUPERLEGGERA - CYBUL","og_description":"Buty Sparco SuperleggeraHomologacja: FIA 8856-2018Superleggera to ultralekki but wy\u015bcigowy firmy Sparco, kt\u00f3ry jest skonstruowany przy u\u017cyciu drukowanej cholewki z tkaniny trudnopalnej z przezroczystymi silikonowymi wzmocnieniami. Wewn\u0119trzna elastyczna skarpeta zast\u0119puje tradycyjny system j\u0119zyka i zapewnia znacznie lepszy komfort dzi\u0119ki \u015bci\u015blejszemu dopasowaniu.Buty wy\u015bcigowe Sparco Superleggera maj\u0105 podeszw\u0119 z prawdziwego w\u0142\u00f3kna w\u0119glowego i gumy z r\u00f3\u017cnym wzorem bie\u017cnika, kt\u00f3ry zapewnia optymaln\u0105 przyczepno\u015b\u0107 i zr\u0119czno\u015b\u0107. Podeszwa posiada r\u00f3wnie\u017c przed\u0142u\u017cony ty\u0142, kt\u00f3ry poprawia wsparcie podczas jazdy. Nadrukowany wz\u00f3r i logo ograniczaj\u0105 wag\u0119 do minimum, a zewn\u0119trzny system sznurowania zapewnia \u015bcis\u0142e i bezpieczne dopasowanie.- Elastyczna wewn\u0119trzna skarpeta \u017cakardowa zapewnia lepsze dopasowanie, wi\u0119kszy komfort i przewiewno\u015b\u0107- Silikonowe wzmocnienia w strategicznych miejscach dla ochrony- Elastyczna podeszwa z prawdziwego w\u0142\u00f3kna w\u0119glowego dla redukcji wagiWaga: oko\u0142o 240 g (rozmiar&nbsp;42)","og_url":"https:\/\/cybul.eu\/pl\/sklep\/buty-sparco-superleggera\/","og_site_name":"CYBUL","article_modified_time":"2024-06-11T13:57:45+00:00","og_image":[{"width":900,"height":900,"url":"https:\/\/cybul.eu\/wp-content\/uploads\/2024\/06\/pol_pl_Buty-Sparco-Superleggera-9652_1.jpg","type":"image\/jpeg"}],"twitter_card":"summary_large_image","twitter_misc":{"Szacowany czas czytania":"1 minuta"},"schema":{"@context":"https:\/\/schema.org","@graph":[{"@type":"WebPage","@id":"https:\/\/cybul.eu\/pl\/sklep\/buty-sparco-superleggera\/","url":"https:\/\/cybul.eu\/pl\/sklep\/buty-sparco-superleggera\/","name":"BUTY SPARCO SUPERLEGGERA - CYBUL","isPartOf":{"@id":"https:\/\/cybul.eu\/pl\/#website"},"primaryImageOfPage":{"@id":"https:\/\/cybul.eu\/pl\/sklep\/buty-sparco-superleggera\/#primaryimage"},"image":{"@id":"https:\/\/cybul.eu\/pl\/sklep\/buty-sparco-superleggera\/#primaryimage"},"thumbnailUrl":"https:\/\/cybul.eu\/wp-content\/uploads\/2024\/06\/pol_pl_Buty-Sparco-Superleggera-9652_1.jpg","datePublished":"2024-06-11T13:57:40+00:00","dateModified":"2024-06-11T13:57:45+00:00","breadcrumb":{"@id":"https:\/\/cybul.eu\/pl\/sklep\/buty-sparco-superleggera\/#breadcrumb"},"inLanguage":"pl-PL","potentialAction":[{"@type":"ReadAction","target":["https:\/\/cybul.eu\/pl\/sklep\/buty-sparco-superleggera\/"]}]},{"@type":"ImageObject","inLanguage":"pl-PL","@id":"https:\/\/cybul.eu\/pl\/sklep\/buty-sparco-superleggera\/#primaryimage","url":"https:\/\/cybul.eu\/wp-content\/uploads\/2024\/06\/pol_pl_Buty-Sparco-Superleggera-9652_1.jpg","contentUrl":"https:\/\/cybul.eu\/wp-content\/uploads\/2024\/06\/pol_pl_Buty-Sparco-Superleggera-9652_1.jpg","width":900,"height":900},{"@type":"BreadcrumbList","@id":"https:\/\/cybul.eu\/pl\/sklep\/buty-sparco-superleggera\/#breadcrumb","itemListElement":[{"@type":"ListItem","position":1,"name":"Strona g\u0142\u00f3wna","item":"https:\/\/cybul.eu\/pl\/"},{"@type":"ListItem","position":2,"name":"Sklep","item":"https:\/\/cybul.eu\/pl\/sklep\/"},{"@type":"ListItem","position":3,"name":"BUTY SPARCO SUPERLEGGERA"}]},{"@type":"WebSite","@id":"https:\/\/cybul.eu\/pl\/#website","url":"https:\/\/cybul.eu\/pl\/","name":"CYBUL","description":"","potentialAction":[{"@type":"SearchAction","target":{"@type":"EntryPoint","urlTemplate":"https:\/\/cybul.eu\/pl\/?s={search_term_string}"},"query-input":{"@type":"PropertyValueSpecification","valueRequired":true,"valueName":"search_term_string"}}],"inLanguage":"pl-PL"}]}},"_links":{"self":[{"href":"https:\/\/cybul.eu\/pl\/wp-json\/wp\/v2\/product\/12460","targetHints":{"allow":["GET"]}}],"collection":[{"href":"https:\/\/cybul.eu\/pl\/wp-json\/wp\/v2\/product"}],"about":[{"href":"https:\/\/cybul.eu\/pl\/wp-json\/wp\/v2\/types\/product"}],"replies":[{"embeddable":true,"href":"https:\/\/cybul.eu\/pl\/wp-json\/wp\/v2\/comments?post=12460"}],"wp:featuredmedia":[{"embeddable":true,"href":"https:\/\/cybul.eu\/pl\/wp-json\/wp\/v2\/media\/12397"}],"wp:attachment":[{"href":"https:\/\/cybul.eu\/pl\/wp-json\/wp\/v2\/media?parent=12460"}],"wp:term":[{"taxonomy":"product_cat","embeddable":true,"href":"https:\/\/cybul.eu\/pl\/wp-json\/wp\/v2\/product_cat?post=12460"},{"taxonomy":"product_tag","embeddable":true,"href":"https:\/\/cybul.eu\/pl\/wp-json\/wp\/v2\/product_tag?post=12460"}],"curies":[{"name":"wp","href":"https:\/\/api.w.org\/{rel}","templated":true}]}}