{"id":12455,"date":"2024-06-11T15:57:40","date_gmt":"2024-06-11T13:57:40","guid":{"rendered":"https:\/\/cybul.eu\/shop\/buty-sabelt-hero-pro-tb-10-1\/"},"modified":"2024-06-11T15:57:40","modified_gmt":"2024-06-11T13:57:40","slug":"buty-sabelt-hero-pro-tb-10-1","status":"publish","type":"product","link":"https:\/\/cybul.eu\/pl\/sklep\/buty-sabelt-hero-pro-tb-10-1\/","title":{"rendered":"BUTY SABELT HERO PRO TB-10.1"},"content":{"rendered":"<p><strong>Buty Sabelt&nbsp;HERO Pro TB-10.1<\/p>\n<p><\/strong>Homologacja:<strong> FIA 8856-2018<\/p>\n<p><\/strong>Najnowszy model but\u00f3w Sabelt, posiadaj\u0105 najnowsz\u0105 homologacj\u0119 FIA, dzi\u0119ki czemu zapewniaj\u0105 maksymalne bezpiecze\u0144stwo.<br \/>Buty HERO&nbsp;to po\u0142\u0105czenie nomexu i elastycznej,&nbsp;perforowanej&nbsp;sk\u00f3ry. Posiada elastyczne i dopasowane miejsce na kostk\u0119.&nbsp;<\/p>\n<p><strong>Cechy:<br \/><\/strong>&#8211; Materia\u0142 wewn\u0119trzny: Nomex<br \/>&#8211; Nowa gumowa podeszwa zaprojektowana by poprawi\u0107 przyczepno\u015b\u0107<\/p>\n<p><strong><span style=\"color: #ff0000;\">Wyprodukowane we W\u0142oszech<\/p>\n<p><img loading=\"lazy\" decoding=\"async\" style=\"display: block; margin-left: auto; margin-right: auto;\" src=\"\/data\/include\/cms\/rozmiary\/Sabelt\/rozmiarowka.jpg\" border=\"0\" alt=\"\" width=\"714\" height=\"45\"><br \/><\/span><\/strong><\/p>\n","protected":false},"excerpt":{"rendered":"<p><strong>Buty Sabelt&nbsp;HERO Pro TB-10.1<\/p>\n<p><\/strong>Homologacja:<strong> FIA 8856-2018<\/p>\n<p><\/strong>Najnowszy model but\u00f3w Sabelt, posiadaj\u0105 najnowsz\u0105 homologacj\u0119 FIA, dzi\u0119ki czemu zapewniaj\u0105 maksymalne bezpiecze\u0144stwo.<br \/>Buty HERO&nbsp;to po\u0142\u0105czenie nomexu i elastycznej,&nbsp;perforowanej&nbsp;sk\u00f3ry. Posiada elastyczne i dopasowane miejsce na kostk\u0119.&nbsp;<\/p>\n<p><strong>Cechy:<br \/><\/strong>&#8211; Materia\u0142 wewn\u0119trzny: Nomex<br \/>&#8211; Nowa gumowa podeszwa zaprojektowana by poprawi\u0107 przyczepno\u015b\u0107<\/p>\n<p><strong><span style=\"color: #ff0000;\">Wyprodukowane we W\u0142oszech<\/p>\n<p><img loading=\"lazy\" decoding=\"async\" style=\"display: block; margin-left: auto; margin-right: auto;\" src=\"\/data\/include\/cms\/rozmiary\/Sabelt\/rozmiarowka.jpg\" border=\"0\" alt=\"\" width=\"714\" height=\"45\"><br \/><\/span><\/strong><\/p>\n","protected":false},"featured_media":12350,"comment_status":"closed","ping_status":"open","template":"","meta":[],"product_cat":[562,560],"product_tag":[],"class_list":{"0":"post-12455","1":"product","2":"type-product","3":"status-publish","4":"has-post-thumbnail","6":"product_cat-buty-rajdowe-fia","7":"product_cat-odziez-rajdowa-fia","9":"first","10":"instock","11":"taxable","12":"shipping-taxable","13":"purchasable","14":"product-type-simple"},"bundled_by":[],"bundle_stock_status":"instock","bundle_stock_quantity":null,"bundle_virtual":false,"bundle_layout":"","bundle_add_to_cart_form_location":"","bundle_editable_in_cart":false,"bundle_sold_individually_context":"","bundle_item_grouping":"","bundle_min_size":"","bundle_max_size":"","bundle_price":[],"bundled_items":[],"bundle_sell_ids":[],"acf":{"zdjecie_bez_watermarka":null,"zdjecie_bez_watermarka_url":"","product_orgin_url":"https:\/\/inter-rally.pl\/product-eng-50832-Buty-Sabelt-HERO-Pro-TB-10-1.html"},"yoast_head":"<!-- This site is optimized with the Yoast SEO plugin v23.9 - https:\/\/yoast.com\/wordpress\/plugins\/seo\/ -->\n<title>BUTY SABELT HERO PRO TB-10.1 - CYBUL<\/title>\n<meta name=\"robots\" content=\"index, follow, max-snippet:-1, max-image-preview:large, max-video-preview:-1\" \/>\n<link rel=\"canonical\" href=\"https:\/\/cybul.eu\/pl\/sklep\/buty-sabelt-hero-pro-tb-10-1\/\" \/>\n<meta property=\"og:locale\" content=\"pl_PL\" \/>\n<meta property=\"og:type\" content=\"article\" \/>\n<meta property=\"og:title\" content=\"BUTY SABELT HERO PRO TB-10.1 - CYBUL\" \/>\n<meta property=\"og:description\" content=\"Buty Sabelt&nbsp;HERO Pro TB-10.1Homologacja: FIA 8856-2018Najnowszy model but\u00f3w Sabelt, posiadaj\u0105 najnowsz\u0105 homologacj\u0119 FIA, dzi\u0119ki czemu zapewniaj\u0105 maksymalne bezpiecze\u0144stwo.Buty HERO&nbsp;to po\u0142\u0105czenie nomexu i elastycznej,&nbsp;perforowanej&nbsp;sk\u00f3ry. Posiada elastyczne i dopasowane miejsce na kostk\u0119.&nbsp;Cechy:- Materia\u0142 wewn\u0119trzny: Nomex- Nowa gumowa podeszwa zaprojektowana by poprawi\u0107 przyczepno\u015b\u0107Wyprodukowane we W\u0142oszech\" \/>\n<meta property=\"og:url\" content=\"https:\/\/cybul.eu\/pl\/sklep\/buty-sabelt-hero-pro-tb-10-1\/\" \/>\n<meta property=\"og:site_name\" content=\"CYBUL\" \/>\n<meta property=\"og:image\" content=\"https:\/\/cybul.eu\/wp-content\/uploads\/2024\/06\/pol_pl_Buty-Sabelt-HERO-Pro-TB-10-1-50832_1.jpg\" \/>\n\t<meta property=\"og:image:width\" content=\"900\" \/>\n\t<meta property=\"og:image:height\" content=\"900\" \/>\n\t<meta property=\"og:image:type\" content=\"image\/jpeg\" \/>\n<meta name=\"twitter:card\" content=\"summary_large_image\" \/>\n<script type=\"application\/ld+json\" class=\"yoast-schema-graph\">{\"@context\":\"https:\/\/schema.org\",\"@graph\":[{\"@type\":\"WebPage\",\"@id\":\"https:\/\/cybul.eu\/pl\/sklep\/buty-sabelt-hero-pro-tb-10-1\/\",\"url\":\"https:\/\/cybul.eu\/pl\/sklep\/buty-sabelt-hero-pro-tb-10-1\/\",\"name\":\"BUTY SABELT HERO PRO TB-10.1 - CYBUL\",\"isPartOf\":{\"@id\":\"https:\/\/cybul.eu\/pl\/#website\"},\"primaryImageOfPage\":{\"@id\":\"https:\/\/cybul.eu\/pl\/sklep\/buty-sabelt-hero-pro-tb-10-1\/#primaryimage\"},\"image\":{\"@id\":\"https:\/\/cybul.eu\/pl\/sklep\/buty-sabelt-hero-pro-tb-10-1\/#primaryimage\"},\"thumbnailUrl\":\"https:\/\/cybul.eu\/wp-content\/uploads\/2024\/06\/pol_pl_Buty-Sabelt-HERO-Pro-TB-10-1-50832_1.jpg\",\"datePublished\":\"2024-06-11T13:57:40+00:00\",\"dateModified\":\"2024-06-11T13:57:40+00:00\",\"breadcrumb\":{\"@id\":\"https:\/\/cybul.eu\/pl\/sklep\/buty-sabelt-hero-pro-tb-10-1\/#breadcrumb\"},\"inLanguage\":\"pl-PL\",\"potentialAction\":[{\"@type\":\"ReadAction\",\"target\":[\"https:\/\/cybul.eu\/pl\/sklep\/buty-sabelt-hero-pro-tb-10-1\/\"]}]},{\"@type\":\"ImageObject\",\"inLanguage\":\"pl-PL\",\"@id\":\"https:\/\/cybul.eu\/pl\/sklep\/buty-sabelt-hero-pro-tb-10-1\/#primaryimage\",\"url\":\"https:\/\/cybul.eu\/wp-content\/uploads\/2024\/06\/pol_pl_Buty-Sabelt-HERO-Pro-TB-10-1-50832_1.jpg\",\"contentUrl\":\"https:\/\/cybul.eu\/wp-content\/uploads\/2024\/06\/pol_pl_Buty-Sabelt-HERO-Pro-TB-10-1-50832_1.jpg\",\"width\":900,\"height\":900},{\"@type\":\"BreadcrumbList\",\"@id\":\"https:\/\/cybul.eu\/pl\/sklep\/buty-sabelt-hero-pro-tb-10-1\/#breadcrumb\",\"itemListElement\":[{\"@type\":\"ListItem\",\"position\":1,\"name\":\"Strona g\u0142\u00f3wna\",\"item\":\"https:\/\/cybul.eu\/pl\/\"},{\"@type\":\"ListItem\",\"position\":2,\"name\":\"Sklep\",\"item\":\"https:\/\/cybul.eu\/pl\/sklep\/\"},{\"@type\":\"ListItem\",\"position\":3,\"name\":\"BUTY SABELT HERO PRO TB-10.1\"}]},{\"@type\":\"WebSite\",\"@id\":\"https:\/\/cybul.eu\/pl\/#website\",\"url\":\"https:\/\/cybul.eu\/pl\/\",\"name\":\"CYBUL\",\"description\":\"\",\"potentialAction\":[{\"@type\":\"SearchAction\",\"target\":{\"@type\":\"EntryPoint\",\"urlTemplate\":\"https:\/\/cybul.eu\/pl\/?s={search_term_string}\"},\"query-input\":{\"@type\":\"PropertyValueSpecification\",\"valueRequired\":true,\"valueName\":\"search_term_string\"}}],\"inLanguage\":\"pl-PL\"}]}<\/script>\n<!-- \/ Yoast SEO plugin. -->","yoast_head_json":{"title":"BUTY SABELT HERO PRO TB-10.1 - CYBUL","robots":{"index":"index","follow":"follow","max-snippet":"max-snippet:-1","max-image-preview":"max-image-preview:large","max-video-preview":"max-video-preview:-1"},"canonical":"https:\/\/cybul.eu\/pl\/sklep\/buty-sabelt-hero-pro-tb-10-1\/","og_locale":"pl_PL","og_type":"article","og_title":"BUTY SABELT HERO PRO TB-10.1 - CYBUL","og_description":"Buty Sabelt&nbsp;HERO Pro TB-10.1Homologacja: FIA 8856-2018Najnowszy model but\u00f3w Sabelt, posiadaj\u0105 najnowsz\u0105 homologacj\u0119 FIA, dzi\u0119ki czemu zapewniaj\u0105 maksymalne bezpiecze\u0144stwo.Buty HERO&nbsp;to po\u0142\u0105czenie nomexu i elastycznej,&nbsp;perforowanej&nbsp;sk\u00f3ry. Posiada elastyczne i dopasowane miejsce na kostk\u0119.&nbsp;Cechy:- Materia\u0142 wewn\u0119trzny: Nomex- Nowa gumowa podeszwa zaprojektowana by poprawi\u0107 przyczepno\u015b\u0107Wyprodukowane we W\u0142oszech","og_url":"https:\/\/cybul.eu\/pl\/sklep\/buty-sabelt-hero-pro-tb-10-1\/","og_site_name":"CYBUL","og_image":[{"width":900,"height":900,"url":"https:\/\/cybul.eu\/wp-content\/uploads\/2024\/06\/pol_pl_Buty-Sabelt-HERO-Pro-TB-10-1-50832_1.jpg","type":"image\/jpeg"}],"twitter_card":"summary_large_image","schema":{"@context":"https:\/\/schema.org","@graph":[{"@type":"WebPage","@id":"https:\/\/cybul.eu\/pl\/sklep\/buty-sabelt-hero-pro-tb-10-1\/","url":"https:\/\/cybul.eu\/pl\/sklep\/buty-sabelt-hero-pro-tb-10-1\/","name":"BUTY SABELT HERO PRO TB-10.1 - CYBUL","isPartOf":{"@id":"https:\/\/cybul.eu\/pl\/#website"},"primaryImageOfPage":{"@id":"https:\/\/cybul.eu\/pl\/sklep\/buty-sabelt-hero-pro-tb-10-1\/#primaryimage"},"image":{"@id":"https:\/\/cybul.eu\/pl\/sklep\/buty-sabelt-hero-pro-tb-10-1\/#primaryimage"},"thumbnailUrl":"https:\/\/cybul.eu\/wp-content\/uploads\/2024\/06\/pol_pl_Buty-Sabelt-HERO-Pro-TB-10-1-50832_1.jpg","datePublished":"2024-06-11T13:57:40+00:00","dateModified":"2024-06-11T13:57:40+00:00","breadcrumb":{"@id":"https:\/\/cybul.eu\/pl\/sklep\/buty-sabelt-hero-pro-tb-10-1\/#breadcrumb"},"inLanguage":"pl-PL","potentialAction":[{"@type":"ReadAction","target":["https:\/\/cybul.eu\/pl\/sklep\/buty-sabelt-hero-pro-tb-10-1\/"]}]},{"@type":"ImageObject","inLanguage":"pl-PL","@id":"https:\/\/cybul.eu\/pl\/sklep\/buty-sabelt-hero-pro-tb-10-1\/#primaryimage","url":"https:\/\/cybul.eu\/wp-content\/uploads\/2024\/06\/pol_pl_Buty-Sabelt-HERO-Pro-TB-10-1-50832_1.jpg","contentUrl":"https:\/\/cybul.eu\/wp-content\/uploads\/2024\/06\/pol_pl_Buty-Sabelt-HERO-Pro-TB-10-1-50832_1.jpg","width":900,"height":900},{"@type":"BreadcrumbList","@id":"https:\/\/cybul.eu\/pl\/sklep\/buty-sabelt-hero-pro-tb-10-1\/#breadcrumb","itemListElement":[{"@type":"ListItem","position":1,"name":"Strona g\u0142\u00f3wna","item":"https:\/\/cybul.eu\/pl\/"},{"@type":"ListItem","position":2,"name":"Sklep","item":"https:\/\/cybul.eu\/pl\/sklep\/"},{"@type":"ListItem","position":3,"name":"BUTY SABELT HERO PRO TB-10.1"}]},{"@type":"WebSite","@id":"https:\/\/cybul.eu\/pl\/#website","url":"https:\/\/cybul.eu\/pl\/","name":"CYBUL","description":"","potentialAction":[{"@type":"SearchAction","target":{"@type":"EntryPoint","urlTemplate":"https:\/\/cybul.eu\/pl\/?s={search_term_string}"},"query-input":{"@type":"PropertyValueSpecification","valueRequired":true,"valueName":"search_term_string"}}],"inLanguage":"pl-PL"}]}},"_links":{"self":[{"href":"https:\/\/cybul.eu\/pl\/wp-json\/wp\/v2\/product\/12455","targetHints":{"allow":["GET"]}}],"collection":[{"href":"https:\/\/cybul.eu\/pl\/wp-json\/wp\/v2\/product"}],"about":[{"href":"https:\/\/cybul.eu\/pl\/wp-json\/wp\/v2\/types\/product"}],"replies":[{"embeddable":true,"href":"https:\/\/cybul.eu\/pl\/wp-json\/wp\/v2\/comments?post=12455"}],"wp:featuredmedia":[{"embeddable":true,"href":"https:\/\/cybul.eu\/pl\/wp-json\/wp\/v2\/media\/12350"}],"wp:attachment":[{"href":"https:\/\/cybul.eu\/pl\/wp-json\/wp\/v2\/media?parent=12455"}],"wp:term":[{"taxonomy":"product_cat","embeddable":true,"href":"https:\/\/cybul.eu\/pl\/wp-json\/wp\/v2\/product_cat?post=12455"},{"taxonomy":"product_tag","embeddable":true,"href":"https:\/\/cybul.eu\/pl\/wp-json\/wp\/v2\/product_tag?post=12455"}],"curies":[{"name":"wp","href":"https:\/\/api.w.org\/{rel}","templated":true}]}}