{"id":12440,"date":"2024-06-11T15:57:08","date_gmt":"2024-06-11T13:57:08","guid":{"rendered":"https:\/\/cybul.eu\/shop\/buty-kartingowe-omp-ks-xr\/"},"modified":"2024-06-11T15:57:14","modified_gmt":"2024-06-11T13:57:14","slug":"buty-kartingowe-omp-ks-xr","status":"publish","type":"product","link":"https:\/\/cybul.eu\/pl\/sklep\/buty-kartingowe-omp-ks-xr\/","title":{"rendered":"BUTY KARTINGOWE OMP KS-XR"},"content":{"rendered":"<p><strong>Buty kartingowe OMP KS-XR<\/p>\n<p><\/strong>KS-XR to flagowy model kartingowy firmy OMP, kt\u00f3ry zosta\u0142 opracowany, aby zapewni\u0107 najlepszy komfort i wydajno\u015b\u0107<\/p>\n<p>Ekskluzywny system sznurowania rotorowego OMP zapewnia dok\u0142adne i wygodne dopasowanie oraz \u0142atwo\u015b\u0107 zak\u0142adania<br \/>Ultralekka cholewka z perforowanej mikrofibry zapewnia maksymaln\u0105 przepuszczalno\u015b\u0107 powietrza, utrzymuj\u0105c stopy w ch\u0142odzie i redukuj\u0105c pocenie, zapewniaj\u0105c najwy\u017cszy komfort nawet podczas d\u0142u\u017cszych wy\u015bcig\u00f3w<br \/>Tylne miechy kostek zapewniaj\u0105 wsparcie i ochron\u0119, jednocze\u015bnie umo\u017cliwiaj\u0105c wi\u0119kszy ruch, zmniejszaj\u0105c zm\u0119czenie st\u00f3p<br \/>Podeszwa najnowszej generacji gwarantuje najwy\u017cszy poziom czu\u0142o\u015bci i przyczepno\u015bci na peda\u0142ach<br \/>Ochrona przed \u015bcieraniem w obszarze palc\u00f3w zapewnia wi\u0119ksz\u0105 trwa\u0142o\u015b\u0107 but\u00f3w, dzi\u0119ki czemu d\u0142u\u017cej zachowuj\u0105 swoje w\u0142a\u015bciwo\u015bci<\/p>\n<p><strong>Homologacja: FIA 8877-2022<\/strong><\/p>\n","protected":false},"excerpt":{"rendered":"<p><strong>Buty kartingowe OMP KS-XR<\/p>\n<p><\/strong>KS-XR to flagowy model kartingowy firmy OMP, kt\u00f3ry zosta\u0142 opracowany, aby zapewni\u0107 najlepszy komfort i wydajno\u015b\u0107<\/p>\n<p>Ekskluzywny system sznurowania rotorowego OMP zapewnia dok\u0142adne i wygodne dopasowanie oraz \u0142atwo\u015b\u0107 zak\u0142adania<br \/>Ultralekka cholewka z perforowanej mikrofibry zapewnia maksymaln\u0105 przepuszczalno\u015b\u0107 powietrza, utrzymuj\u0105c stopy w ch\u0142odzie i redukuj\u0105c pocenie, zapewniaj\u0105c najwy\u017cszy komfort nawet podczas d\u0142u\u017cszych wy\u015bcig\u00f3w<br \/>Tylne miechy kostek zapewniaj\u0105 wsparcie i ochron\u0119, jednocze\u015bnie umo\u017cliwiaj\u0105c wi\u0119kszy ruch, zmniejszaj\u0105c zm\u0119czenie st\u00f3p<br \/>Podeszwa najnowszej generacji gwarantuje najwy\u017cszy poziom czu\u0142o\u015bci i przyczepno\u015bci na peda\u0142ach<br \/>Ochrona przed \u015bcieraniem w obszarze palc\u00f3w zapewnia wi\u0119ksz\u0105 trwa\u0142o\u015b\u0107 but\u00f3w, dzi\u0119ki czemu d\u0142u\u017cej zachowuj\u0105 swoje w\u0142a\u015bciwo\u015bci<\/p>\n<p><strong>Homologacja: FIA 8877-2022<\/strong><\/p>\n","protected":false},"featured_media":12179,"comment_status":"closed","ping_status":"open","template":"","meta":[],"product_cat":[562,560],"product_tag":[],"class_list":{"0":"post-12440","1":"product","2":"type-product","3":"status-publish","4":"has-post-thumbnail","6":"product_cat-buty-rajdowe-fia","7":"product_cat-odziez-rajdowa-fia","9":"first","10":"instock","11":"taxable","12":"shipping-taxable","13":"purchasable","14":"product-type-simple"},"bundled_by":[],"bundle_stock_status":"instock","bundle_stock_quantity":null,"bundle_virtual":false,"bundle_layout":"","bundle_add_to_cart_form_location":"","bundle_editable_in_cart":false,"bundle_sold_individually_context":"","bundle_item_grouping":"","bundle_min_size":"","bundle_max_size":"","bundle_price":[],"bundled_items":[],"bundle_sell_ids":[],"acf":{"zdjecie_bez_watermarka":null,"zdjecie_bez_watermarka_url":"","product_orgin_url":"https:\/\/inter-rally.pl\/product-eng-202731-Buty-kartingowe-OMP-KS-XR.html"},"yoast_head":"<!-- This site is optimized with the Yoast SEO plugin v23.9 - https:\/\/yoast.com\/wordpress\/plugins\/seo\/ -->\n<title>BUTY KARTINGOWE OMP KS-XR - CYBUL<\/title>\n<meta name=\"robots\" content=\"index, follow, max-snippet:-1, max-image-preview:large, max-video-preview:-1\" \/>\n<link rel=\"canonical\" href=\"https:\/\/cybul.eu\/pl\/sklep\/buty-kartingowe-omp-ks-xr\/\" \/>\n<meta property=\"og:locale\" content=\"pl_PL\" \/>\n<meta property=\"og:type\" content=\"article\" \/>\n<meta property=\"og:title\" content=\"BUTY KARTINGOWE OMP KS-XR - CYBUL\" \/>\n<meta property=\"og:description\" content=\"Buty kartingowe OMP KS-XRKS-XR to flagowy model kartingowy firmy OMP, kt\u00f3ry zosta\u0142 opracowany, aby zapewni\u0107 najlepszy komfort i wydajno\u015b\u0107Ekskluzywny system sznurowania rotorowego OMP zapewnia dok\u0142adne i wygodne dopasowanie oraz \u0142atwo\u015b\u0107 zak\u0142adaniaUltralekka cholewka z perforowanej mikrofibry zapewnia maksymaln\u0105 przepuszczalno\u015b\u0107 powietrza, utrzymuj\u0105c stopy w ch\u0142odzie i redukuj\u0105c pocenie, zapewniaj\u0105c najwy\u017cszy komfort nawet podczas d\u0142u\u017cszych wy\u015bcig\u00f3wTylne miechy kostek zapewniaj\u0105 wsparcie i ochron\u0119, jednocze\u015bnie umo\u017cliwiaj\u0105c wi\u0119kszy ruch, zmniejszaj\u0105c zm\u0119czenie st\u00f3pPodeszwa najnowszej generacji gwarantuje najwy\u017cszy poziom czu\u0142o\u015bci i przyczepno\u015bci na peda\u0142achOchrona przed \u015bcieraniem w obszarze palc\u00f3w zapewnia wi\u0119ksz\u0105 trwa\u0142o\u015b\u0107 but\u00f3w, dzi\u0119ki czemu d\u0142u\u017cej zachowuj\u0105 swoje w\u0142a\u015bciwo\u015bciHomologacja: FIA 8877-2022\" \/>\n<meta property=\"og:url\" content=\"https:\/\/cybul.eu\/pl\/sklep\/buty-kartingowe-omp-ks-xr\/\" \/>\n<meta property=\"og:site_name\" content=\"CYBUL\" \/>\n<meta property=\"article:modified_time\" content=\"2024-06-11T13:57:14+00:00\" \/>\n<meta property=\"og:image\" content=\"https:\/\/cybul.eu\/wp-content\/uploads\/2024\/06\/pol_pl_Buty-kartingowe-OMP-KS-XR-202731_4.jpg\" \/>\n\t<meta property=\"og:image:width\" content=\"900\" \/>\n\t<meta property=\"og:image:height\" content=\"900\" \/>\n\t<meta property=\"og:image:type\" content=\"image\/jpeg\" \/>\n<meta name=\"twitter:card\" content=\"summary_large_image\" \/>\n<meta name=\"twitter:label1\" content=\"Szacowany czas czytania\" \/>\n\t<meta name=\"twitter:data1\" content=\"1 minuta\" \/>\n<script type=\"application\/ld+json\" class=\"yoast-schema-graph\">{\"@context\":\"https:\/\/schema.org\",\"@graph\":[{\"@type\":\"WebPage\",\"@id\":\"https:\/\/cybul.eu\/pl\/sklep\/buty-kartingowe-omp-ks-xr\/\",\"url\":\"https:\/\/cybul.eu\/pl\/sklep\/buty-kartingowe-omp-ks-xr\/\",\"name\":\"BUTY KARTINGOWE OMP KS-XR - CYBUL\",\"isPartOf\":{\"@id\":\"https:\/\/cybul.eu\/pl\/#website\"},\"primaryImageOfPage\":{\"@id\":\"https:\/\/cybul.eu\/pl\/sklep\/buty-kartingowe-omp-ks-xr\/#primaryimage\"},\"image\":{\"@id\":\"https:\/\/cybul.eu\/pl\/sklep\/buty-kartingowe-omp-ks-xr\/#primaryimage\"},\"thumbnailUrl\":\"https:\/\/cybul.eu\/wp-content\/uploads\/2024\/06\/pol_pl_Buty-kartingowe-OMP-KS-XR-202731_4.jpg\",\"datePublished\":\"2024-06-11T13:57:08+00:00\",\"dateModified\":\"2024-06-11T13:57:14+00:00\",\"breadcrumb\":{\"@id\":\"https:\/\/cybul.eu\/pl\/sklep\/buty-kartingowe-omp-ks-xr\/#breadcrumb\"},\"inLanguage\":\"pl-PL\",\"potentialAction\":[{\"@type\":\"ReadAction\",\"target\":[\"https:\/\/cybul.eu\/pl\/sklep\/buty-kartingowe-omp-ks-xr\/\"]}]},{\"@type\":\"ImageObject\",\"inLanguage\":\"pl-PL\",\"@id\":\"https:\/\/cybul.eu\/pl\/sklep\/buty-kartingowe-omp-ks-xr\/#primaryimage\",\"url\":\"https:\/\/cybul.eu\/wp-content\/uploads\/2024\/06\/pol_pl_Buty-kartingowe-OMP-KS-XR-202731_4.jpg\",\"contentUrl\":\"https:\/\/cybul.eu\/wp-content\/uploads\/2024\/06\/pol_pl_Buty-kartingowe-OMP-KS-XR-202731_4.jpg\",\"width\":900,\"height\":900},{\"@type\":\"BreadcrumbList\",\"@id\":\"https:\/\/cybul.eu\/pl\/sklep\/buty-kartingowe-omp-ks-xr\/#breadcrumb\",\"itemListElement\":[{\"@type\":\"ListItem\",\"position\":1,\"name\":\"Strona g\u0142\u00f3wna\",\"item\":\"https:\/\/cybul.eu\/pl\/\"},{\"@type\":\"ListItem\",\"position\":2,\"name\":\"Sklep\",\"item\":\"https:\/\/cybul.eu\/pl\/sklep\/\"},{\"@type\":\"ListItem\",\"position\":3,\"name\":\"BUTY KARTINGOWE OMP KS-XR\"}]},{\"@type\":\"WebSite\",\"@id\":\"https:\/\/cybul.eu\/pl\/#website\",\"url\":\"https:\/\/cybul.eu\/pl\/\",\"name\":\"CYBUL\",\"description\":\"\",\"potentialAction\":[{\"@type\":\"SearchAction\",\"target\":{\"@type\":\"EntryPoint\",\"urlTemplate\":\"https:\/\/cybul.eu\/pl\/?s={search_term_string}\"},\"query-input\":{\"@type\":\"PropertyValueSpecification\",\"valueRequired\":true,\"valueName\":\"search_term_string\"}}],\"inLanguage\":\"pl-PL\"}]}<\/script>\n<!-- \/ Yoast SEO plugin. -->","yoast_head_json":{"title":"BUTY KARTINGOWE OMP KS-XR - CYBUL","robots":{"index":"index","follow":"follow","max-snippet":"max-snippet:-1","max-image-preview":"max-image-preview:large","max-video-preview":"max-video-preview:-1"},"canonical":"https:\/\/cybul.eu\/pl\/sklep\/buty-kartingowe-omp-ks-xr\/","og_locale":"pl_PL","og_type":"article","og_title":"BUTY KARTINGOWE OMP KS-XR - CYBUL","og_description":"Buty kartingowe OMP KS-XRKS-XR to flagowy model kartingowy firmy OMP, kt\u00f3ry zosta\u0142 opracowany, aby zapewni\u0107 najlepszy komfort i wydajno\u015b\u0107Ekskluzywny system sznurowania rotorowego OMP zapewnia dok\u0142adne i wygodne dopasowanie oraz \u0142atwo\u015b\u0107 zak\u0142adaniaUltralekka cholewka z perforowanej mikrofibry zapewnia maksymaln\u0105 przepuszczalno\u015b\u0107 powietrza, utrzymuj\u0105c stopy w ch\u0142odzie i redukuj\u0105c pocenie, zapewniaj\u0105c najwy\u017cszy komfort nawet podczas d\u0142u\u017cszych wy\u015bcig\u00f3wTylne miechy kostek zapewniaj\u0105 wsparcie i ochron\u0119, jednocze\u015bnie umo\u017cliwiaj\u0105c wi\u0119kszy ruch, zmniejszaj\u0105c zm\u0119czenie st\u00f3pPodeszwa najnowszej generacji gwarantuje najwy\u017cszy poziom czu\u0142o\u015bci i przyczepno\u015bci na peda\u0142achOchrona przed \u015bcieraniem w obszarze palc\u00f3w zapewnia wi\u0119ksz\u0105 trwa\u0142o\u015b\u0107 but\u00f3w, dzi\u0119ki czemu d\u0142u\u017cej zachowuj\u0105 swoje w\u0142a\u015bciwo\u015bciHomologacja: FIA 8877-2022","og_url":"https:\/\/cybul.eu\/pl\/sklep\/buty-kartingowe-omp-ks-xr\/","og_site_name":"CYBUL","article_modified_time":"2024-06-11T13:57:14+00:00","og_image":[{"width":900,"height":900,"url":"https:\/\/cybul.eu\/wp-content\/uploads\/2024\/06\/pol_pl_Buty-kartingowe-OMP-KS-XR-202731_4.jpg","type":"image\/jpeg"}],"twitter_card":"summary_large_image","twitter_misc":{"Szacowany czas czytania":"1 minuta"},"schema":{"@context":"https:\/\/schema.org","@graph":[{"@type":"WebPage","@id":"https:\/\/cybul.eu\/pl\/sklep\/buty-kartingowe-omp-ks-xr\/","url":"https:\/\/cybul.eu\/pl\/sklep\/buty-kartingowe-omp-ks-xr\/","name":"BUTY KARTINGOWE OMP KS-XR - CYBUL","isPartOf":{"@id":"https:\/\/cybul.eu\/pl\/#website"},"primaryImageOfPage":{"@id":"https:\/\/cybul.eu\/pl\/sklep\/buty-kartingowe-omp-ks-xr\/#primaryimage"},"image":{"@id":"https:\/\/cybul.eu\/pl\/sklep\/buty-kartingowe-omp-ks-xr\/#primaryimage"},"thumbnailUrl":"https:\/\/cybul.eu\/wp-content\/uploads\/2024\/06\/pol_pl_Buty-kartingowe-OMP-KS-XR-202731_4.jpg","datePublished":"2024-06-11T13:57:08+00:00","dateModified":"2024-06-11T13:57:14+00:00","breadcrumb":{"@id":"https:\/\/cybul.eu\/pl\/sklep\/buty-kartingowe-omp-ks-xr\/#breadcrumb"},"inLanguage":"pl-PL","potentialAction":[{"@type":"ReadAction","target":["https:\/\/cybul.eu\/pl\/sklep\/buty-kartingowe-omp-ks-xr\/"]}]},{"@type":"ImageObject","inLanguage":"pl-PL","@id":"https:\/\/cybul.eu\/pl\/sklep\/buty-kartingowe-omp-ks-xr\/#primaryimage","url":"https:\/\/cybul.eu\/wp-content\/uploads\/2024\/06\/pol_pl_Buty-kartingowe-OMP-KS-XR-202731_4.jpg","contentUrl":"https:\/\/cybul.eu\/wp-content\/uploads\/2024\/06\/pol_pl_Buty-kartingowe-OMP-KS-XR-202731_4.jpg","width":900,"height":900},{"@type":"BreadcrumbList","@id":"https:\/\/cybul.eu\/pl\/sklep\/buty-kartingowe-omp-ks-xr\/#breadcrumb","itemListElement":[{"@type":"ListItem","position":1,"name":"Strona g\u0142\u00f3wna","item":"https:\/\/cybul.eu\/pl\/"},{"@type":"ListItem","position":2,"name":"Sklep","item":"https:\/\/cybul.eu\/pl\/sklep\/"},{"@type":"ListItem","position":3,"name":"BUTY KARTINGOWE OMP KS-XR"}]},{"@type":"WebSite","@id":"https:\/\/cybul.eu\/pl\/#website","url":"https:\/\/cybul.eu\/pl\/","name":"CYBUL","description":"","potentialAction":[{"@type":"SearchAction","target":{"@type":"EntryPoint","urlTemplate":"https:\/\/cybul.eu\/pl\/?s={search_term_string}"},"query-input":{"@type":"PropertyValueSpecification","valueRequired":true,"valueName":"search_term_string"}}],"inLanguage":"pl-PL"}]}},"_links":{"self":[{"href":"https:\/\/cybul.eu\/pl\/wp-json\/wp\/v2\/product\/12440","targetHints":{"allow":["GET"]}}],"collection":[{"href":"https:\/\/cybul.eu\/pl\/wp-json\/wp\/v2\/product"}],"about":[{"href":"https:\/\/cybul.eu\/pl\/wp-json\/wp\/v2\/types\/product"}],"replies":[{"embeddable":true,"href":"https:\/\/cybul.eu\/pl\/wp-json\/wp\/v2\/comments?post=12440"}],"wp:featuredmedia":[{"embeddable":true,"href":"https:\/\/cybul.eu\/pl\/wp-json\/wp\/v2\/media\/12179"}],"wp:attachment":[{"href":"https:\/\/cybul.eu\/pl\/wp-json\/wp\/v2\/media?parent=12440"}],"wp:term":[{"taxonomy":"product_cat","embeddable":true,"href":"https:\/\/cybul.eu\/pl\/wp-json\/wp\/v2\/product_cat?post=12440"},{"taxonomy":"product_tag","embeddable":true,"href":"https:\/\/cybul.eu\/pl\/wp-json\/wp\/v2\/product_tag?post=12440"}],"curies":[{"name":"wp","href":"https:\/\/api.w.org\/{rel}","templated":true}]}}