{"id":12435,"date":"2024-06-11T15:57:08","date_gmt":"2024-06-11T13:57:08","guid":{"rendered":"https:\/\/cybul.eu\/shop\/buty-sabelt-classic-tb-2\/"},"modified":"2024-06-11T15:57:08","modified_gmt":"2024-06-11T13:57:08","slug":"buty-sabelt-classic-tb-2","status":"publish","type":"product","link":"https:\/\/cybul.eu\/pl\/sklep\/buty-sabelt-classic-tb-2\/","title":{"rendered":"BUTY SABELT CLASSIC TB-2"},"content":{"rendered":"<p><strong>Buty zamszowe rajdowe Sabelt CLASSIC TB-2<\/strong><strong><\/p>\n<p><\/strong>Homologacja: <strong>FIA 8856-2018<\/strong><br \/><strong><br \/><\/strong>Profesjonalne buty wy\u015bcigowe dla kierowc\u00f3w wykonane z mi\u0119kkiego zamszu. Wygodne i oddychaj\u0105ce dzi\u0119ki wy\u015bci\u00f3\u0142ce o strukturze plastra miodu 3D opracowanej przez firm\u0119 Sabelt. Classic TB-2 to kultowe buty Sabelt, znane na ca\u0142ym \u015bwiecie ze swojego klasycznego designu, docenianego tak\u017ce w codziennym u\u017cytkowaniu.<\/p>\n<p>Wn\u0119trze wykonane z przewiewnego materia\u0142u o strukturze plastra miodu<br \/>Sznur\u00f3wki wykonane z aramidu<br \/>Podeszwa wykonana w 100% z naturalnej gumy<br \/>Dost\u0119pne w 2 kolorach!<strong><\/p>\n<p><\/strong><strong>Wyprodukowane we W\u0142oszech<\/strong><\/p>\n<p style=\"text-align: center;\"><span style=\"color: #ff0000;\"><span style=\"color: #000000;\">Tabela rozmiarowa:<\/span><\/span><\/p>\n<p><span style=\"color: #ff0000;\"><span style=\"color: #000000;\"><img loading=\"lazy\" decoding=\"async\" style=\"display: block; margin-left: auto; margin-right: auto;\" src=\"\/data\/include\/cms\/rozmiary\/Sabelt\/rozmiarowka.jpg\" border=\"0\" alt=\"\" width=\"714\" height=\"45\"><\/span><\/span><\/p>\n<p>&nbsp;<\/p>\n<p>&nbsp;<\/p>\n","protected":false},"excerpt":{"rendered":"<p><strong>Buty zamszowe rajdowe Sabelt CLASSIC TB-2<\/strong><strong><\/p>\n<p><\/strong>Homologacja: <strong>FIA 8856-2018<\/strong><br \/><strong><br \/><\/strong>Profesjonalne buty wy\u015bcigowe dla kierowc\u00f3w wykonane z mi\u0119kkiego zamszu. Wygodne i oddychaj\u0105ce dzi\u0119ki wy\u015bci\u00f3\u0142ce o strukturze plastra miodu 3D opracowanej przez firm\u0119 Sabelt. Classic TB-2 to kultowe buty Sabelt, znane na ca\u0142ym \u015bwiecie ze swojego klasycznego designu, docenianego tak\u017ce w codziennym u\u017cytkowaniu.<\/p>\n<p>Wn\u0119trze wykonane z przewiewnego materia\u0142u o strukturze plastra miodu<br \/>Sznur\u00f3wki wykonane z aramidu<br \/>Podeszwa wykonana w 100% z naturalnej gumy<br \/>Dost\u0119pne w 2 kolorach!<strong><\/p>\n<p><\/strong><strong>Wyprodukowane we W\u0142oszech<\/strong><\/p>\n","protected":false},"featured_media":12116,"comment_status":"closed","ping_status":"open","template":"","meta":[],"product_cat":[562,560],"product_tag":[],"class_list":{"0":"post-12435","1":"product","2":"type-product","3":"status-publish","4":"has-post-thumbnail","6":"product_cat-buty-rajdowe-fia","7":"product_cat-odziez-rajdowa-fia","9":"first","10":"instock","11":"taxable","12":"shipping-taxable","13":"purchasable","14":"product-type-simple"},"bundled_by":[],"bundle_stock_status":"instock","bundle_stock_quantity":null,"bundle_virtual":false,"bundle_layout":"","bundle_add_to_cart_form_location":"","bundle_editable_in_cart":false,"bundle_sold_individually_context":"","bundle_item_grouping":"","bundle_min_size":"","bundle_max_size":"","bundle_price":[],"bundled_items":[],"bundle_sell_ids":[],"acf":{"zdjecie_bez_watermarka":null,"zdjecie_bez_watermarka_url":"","product_orgin_url":"https:\/\/inter-rally.pl\/product-eng-163214-Buty-Sabelt-CLASSIC-TB-2.html"},"yoast_head":"<!-- This site is optimized with the Yoast SEO plugin v23.9 - https:\/\/yoast.com\/wordpress\/plugins\/seo\/ -->\n<title>BUTY SABELT CLASSIC TB-2 - CYBUL<\/title>\n<meta name=\"robots\" content=\"index, follow, max-snippet:-1, max-image-preview:large, max-video-preview:-1\" \/>\n<link rel=\"canonical\" href=\"https:\/\/cybul.eu\/pl\/sklep\/buty-sabelt-classic-tb-2\/\" \/>\n<meta property=\"og:locale\" content=\"pl_PL\" \/>\n<meta property=\"og:type\" content=\"article\" \/>\n<meta property=\"og:title\" content=\"BUTY SABELT CLASSIC TB-2 - CYBUL\" \/>\n<meta property=\"og:description\" content=\"Buty zamszowe rajdowe Sabelt CLASSIC TB-2Homologacja: FIA 8856-2018Profesjonalne buty wy\u015bcigowe dla kierowc\u00f3w wykonane z mi\u0119kkiego zamszu. Wygodne i oddychaj\u0105ce dzi\u0119ki wy\u015bci\u00f3\u0142ce o strukturze plastra miodu 3D opracowanej przez firm\u0119 Sabelt. Classic TB-2 to kultowe buty Sabelt, znane na ca\u0142ym \u015bwiecie ze swojego klasycznego designu, docenianego tak\u017ce w codziennym u\u017cytkowaniu.Wn\u0119trze wykonane z przewiewnego materia\u0142u o strukturze plastra mioduSznur\u00f3wki wykonane z aramiduPodeszwa wykonana w 100% z naturalnej gumyDost\u0119pne w 2 kolorach!Wyprodukowane we W\u0142oszech\" \/>\n<meta property=\"og:url\" content=\"https:\/\/cybul.eu\/pl\/sklep\/buty-sabelt-classic-tb-2\/\" \/>\n<meta property=\"og:site_name\" content=\"CYBUL\" \/>\n<meta property=\"og:image\" content=\"https:\/\/cybul.eu\/wp-content\/uploads\/2024\/06\/pol_pl_Buty-Sabelt-CLASSIC-TB-2-163214_2.jpg\" \/>\n\t<meta property=\"og:image:width\" content=\"900\" \/>\n\t<meta property=\"og:image:height\" content=\"900\" \/>\n\t<meta property=\"og:image:type\" content=\"image\/jpeg\" \/>\n<meta name=\"twitter:card\" content=\"summary_large_image\" \/>\n<script type=\"application\/ld+json\" class=\"yoast-schema-graph\">{\"@context\":\"https:\/\/schema.org\",\"@graph\":[{\"@type\":\"WebPage\",\"@id\":\"https:\/\/cybul.eu\/pl\/sklep\/buty-sabelt-classic-tb-2\/\",\"url\":\"https:\/\/cybul.eu\/pl\/sklep\/buty-sabelt-classic-tb-2\/\",\"name\":\"BUTY SABELT CLASSIC TB-2 - CYBUL\",\"isPartOf\":{\"@id\":\"https:\/\/cybul.eu\/pl\/#website\"},\"primaryImageOfPage\":{\"@id\":\"https:\/\/cybul.eu\/pl\/sklep\/buty-sabelt-classic-tb-2\/#primaryimage\"},\"image\":{\"@id\":\"https:\/\/cybul.eu\/pl\/sklep\/buty-sabelt-classic-tb-2\/#primaryimage\"},\"thumbnailUrl\":\"https:\/\/cybul.eu\/wp-content\/uploads\/2024\/06\/pol_pl_Buty-Sabelt-CLASSIC-TB-2-163214_2.jpg\",\"datePublished\":\"2024-06-11T13:57:08+00:00\",\"dateModified\":\"2024-06-11T13:57:08+00:00\",\"breadcrumb\":{\"@id\":\"https:\/\/cybul.eu\/pl\/sklep\/buty-sabelt-classic-tb-2\/#breadcrumb\"},\"inLanguage\":\"pl-PL\",\"potentialAction\":[{\"@type\":\"ReadAction\",\"target\":[\"https:\/\/cybul.eu\/pl\/sklep\/buty-sabelt-classic-tb-2\/\"]}]},{\"@type\":\"ImageObject\",\"inLanguage\":\"pl-PL\",\"@id\":\"https:\/\/cybul.eu\/pl\/sklep\/buty-sabelt-classic-tb-2\/#primaryimage\",\"url\":\"https:\/\/cybul.eu\/wp-content\/uploads\/2024\/06\/pol_pl_Buty-Sabelt-CLASSIC-TB-2-163214_2.jpg\",\"contentUrl\":\"https:\/\/cybul.eu\/wp-content\/uploads\/2024\/06\/pol_pl_Buty-Sabelt-CLASSIC-TB-2-163214_2.jpg\",\"width\":900,\"height\":900},{\"@type\":\"BreadcrumbList\",\"@id\":\"https:\/\/cybul.eu\/pl\/sklep\/buty-sabelt-classic-tb-2\/#breadcrumb\",\"itemListElement\":[{\"@type\":\"ListItem\",\"position\":1,\"name\":\"Strona g\u0142\u00f3wna\",\"item\":\"https:\/\/cybul.eu\/pl\/\"},{\"@type\":\"ListItem\",\"position\":2,\"name\":\"Sklep\",\"item\":\"https:\/\/cybul.eu\/pl\/sklep\/\"},{\"@type\":\"ListItem\",\"position\":3,\"name\":\"BUTY SABELT CLASSIC TB-2\"}]},{\"@type\":\"WebSite\",\"@id\":\"https:\/\/cybul.eu\/pl\/#website\",\"url\":\"https:\/\/cybul.eu\/pl\/\",\"name\":\"CYBUL\",\"description\":\"\",\"potentialAction\":[{\"@type\":\"SearchAction\",\"target\":{\"@type\":\"EntryPoint\",\"urlTemplate\":\"https:\/\/cybul.eu\/pl\/?s={search_term_string}\"},\"query-input\":{\"@type\":\"PropertyValueSpecification\",\"valueRequired\":true,\"valueName\":\"search_term_string\"}}],\"inLanguage\":\"pl-PL\"}]}<\/script>\n<!-- \/ Yoast SEO plugin. -->","yoast_head_json":{"title":"BUTY SABELT CLASSIC TB-2 - CYBUL","robots":{"index":"index","follow":"follow","max-snippet":"max-snippet:-1","max-image-preview":"max-image-preview:large","max-video-preview":"max-video-preview:-1"},"canonical":"https:\/\/cybul.eu\/pl\/sklep\/buty-sabelt-classic-tb-2\/","og_locale":"pl_PL","og_type":"article","og_title":"BUTY SABELT CLASSIC TB-2 - CYBUL","og_description":"Buty zamszowe rajdowe Sabelt CLASSIC TB-2Homologacja: FIA 8856-2018Profesjonalne buty wy\u015bcigowe dla kierowc\u00f3w wykonane z mi\u0119kkiego zamszu. Wygodne i oddychaj\u0105ce dzi\u0119ki wy\u015bci\u00f3\u0142ce o strukturze plastra miodu 3D opracowanej przez firm\u0119 Sabelt. Classic TB-2 to kultowe buty Sabelt, znane na ca\u0142ym \u015bwiecie ze swojego klasycznego designu, docenianego tak\u017ce w codziennym u\u017cytkowaniu.Wn\u0119trze wykonane z przewiewnego materia\u0142u o strukturze plastra mioduSznur\u00f3wki wykonane z aramiduPodeszwa wykonana w 100% z naturalnej gumyDost\u0119pne w 2 kolorach!Wyprodukowane we W\u0142oszech","og_url":"https:\/\/cybul.eu\/pl\/sklep\/buty-sabelt-classic-tb-2\/","og_site_name":"CYBUL","og_image":[{"width":900,"height":900,"url":"https:\/\/cybul.eu\/wp-content\/uploads\/2024\/06\/pol_pl_Buty-Sabelt-CLASSIC-TB-2-163214_2.jpg","type":"image\/jpeg"}],"twitter_card":"summary_large_image","schema":{"@context":"https:\/\/schema.org","@graph":[{"@type":"WebPage","@id":"https:\/\/cybul.eu\/pl\/sklep\/buty-sabelt-classic-tb-2\/","url":"https:\/\/cybul.eu\/pl\/sklep\/buty-sabelt-classic-tb-2\/","name":"BUTY SABELT CLASSIC TB-2 - CYBUL","isPartOf":{"@id":"https:\/\/cybul.eu\/pl\/#website"},"primaryImageOfPage":{"@id":"https:\/\/cybul.eu\/pl\/sklep\/buty-sabelt-classic-tb-2\/#primaryimage"},"image":{"@id":"https:\/\/cybul.eu\/pl\/sklep\/buty-sabelt-classic-tb-2\/#primaryimage"},"thumbnailUrl":"https:\/\/cybul.eu\/wp-content\/uploads\/2024\/06\/pol_pl_Buty-Sabelt-CLASSIC-TB-2-163214_2.jpg","datePublished":"2024-06-11T13:57:08+00:00","dateModified":"2024-06-11T13:57:08+00:00","breadcrumb":{"@id":"https:\/\/cybul.eu\/pl\/sklep\/buty-sabelt-classic-tb-2\/#breadcrumb"},"inLanguage":"pl-PL","potentialAction":[{"@type":"ReadAction","target":["https:\/\/cybul.eu\/pl\/sklep\/buty-sabelt-classic-tb-2\/"]}]},{"@type":"ImageObject","inLanguage":"pl-PL","@id":"https:\/\/cybul.eu\/pl\/sklep\/buty-sabelt-classic-tb-2\/#primaryimage","url":"https:\/\/cybul.eu\/wp-content\/uploads\/2024\/06\/pol_pl_Buty-Sabelt-CLASSIC-TB-2-163214_2.jpg","contentUrl":"https:\/\/cybul.eu\/wp-content\/uploads\/2024\/06\/pol_pl_Buty-Sabelt-CLASSIC-TB-2-163214_2.jpg","width":900,"height":900},{"@type":"BreadcrumbList","@id":"https:\/\/cybul.eu\/pl\/sklep\/buty-sabelt-classic-tb-2\/#breadcrumb","itemListElement":[{"@type":"ListItem","position":1,"name":"Strona g\u0142\u00f3wna","item":"https:\/\/cybul.eu\/pl\/"},{"@type":"ListItem","position":2,"name":"Sklep","item":"https:\/\/cybul.eu\/pl\/sklep\/"},{"@type":"ListItem","position":3,"name":"BUTY SABELT CLASSIC TB-2"}]},{"@type":"WebSite","@id":"https:\/\/cybul.eu\/pl\/#website","url":"https:\/\/cybul.eu\/pl\/","name":"CYBUL","description":"","potentialAction":[{"@type":"SearchAction","target":{"@type":"EntryPoint","urlTemplate":"https:\/\/cybul.eu\/pl\/?s={search_term_string}"},"query-input":{"@type":"PropertyValueSpecification","valueRequired":true,"valueName":"search_term_string"}}],"inLanguage":"pl-PL"}]}},"_links":{"self":[{"href":"https:\/\/cybul.eu\/pl\/wp-json\/wp\/v2\/product\/12435","targetHints":{"allow":["GET"]}}],"collection":[{"href":"https:\/\/cybul.eu\/pl\/wp-json\/wp\/v2\/product"}],"about":[{"href":"https:\/\/cybul.eu\/pl\/wp-json\/wp\/v2\/types\/product"}],"replies":[{"embeddable":true,"href":"https:\/\/cybul.eu\/pl\/wp-json\/wp\/v2\/comments?post=12435"}],"wp:featuredmedia":[{"embeddable":true,"href":"https:\/\/cybul.eu\/pl\/wp-json\/wp\/v2\/media\/12116"}],"wp:attachment":[{"href":"https:\/\/cybul.eu\/pl\/wp-json\/wp\/v2\/media?parent=12435"}],"wp:term":[{"taxonomy":"product_cat","embeddable":true,"href":"https:\/\/cybul.eu\/pl\/wp-json\/wp\/v2\/product_cat?post=12435"},{"taxonomy":"product_tag","embeddable":true,"href":"https:\/\/cybul.eu\/pl\/wp-json\/wp\/v2\/product_tag?post=12435"}],"curies":[{"name":"wp","href":"https:\/\/api.w.org\/{rel}","templated":true}]}}