{"id":12431,"date":"2024-06-11T15:56:32","date_gmt":"2024-06-11T13:56:32","guid":{"rendered":"https:\/\/cybul.eu\/shop\/buty-omp-one-tt\/"},"modified":"2024-06-11T15:56:52","modified_gmt":"2024-06-11T13:56:52","slug":"buty-omp-one-tt","status":"publish","type":"product","link":"https:\/\/cybul.eu\/pl\/sklep\/buty-omp-one-tt\/","title":{"rendered":"BUTY OMP ONE TT"},"content":{"rendered":"<p><strong>Buty OMP ONE TT<\/p>\n<p><\/strong>Homologacja:<strong> FIA 8856-2018<\/p>\n<p><\/strong>Nowy model but\u00f3w OMP, wykonany z my\u015bl\u0105 o mechanikach oraz pilotach. Posiada najnowsz\u0105 homologacj\u0119 FIA, dzi\u0119ki temu s\u0105 bardziej wytrzyma\u0142e i zapewniaj\u0105 wi\u0119ksze bezpiecze\u0144stwo.<br \/>Wykonane z wysokiej jako\u015bci sk\u00f3ry, dziurkowane po bokach dla lepszej wentylacji.<br \/>Profesjonalne buty dla mechanika, wykonane przy u\u017cyciu ultra lekkich materia\u0142\u00f3w.<br \/>Specjalnie zaprojektowana, wzmacniana podeszwa zapewnia bardzo dobr\u0105 stabilno\u015b\u0107 oraz przyczepno\u015b\u0107.<br \/>Zapinane na rzep oraz sznurowane.<\/p>\n","protected":false},"excerpt":{"rendered":"<p><strong>Buty OMP ONE TT<\/p>\n<p><\/strong>Homologacja:<strong> FIA 8856-2018<\/p>\n<p><\/strong>Nowy model but\u00f3w OMP, wykonany z my\u015bl\u0105 o mechanikach oraz pilotach. Posiada najnowsz\u0105 homologacj\u0119 FIA, dzi\u0119ki temu s\u0105 bardziej wytrzyma\u0142e i zapewniaj\u0105 wi\u0119ksze bezpiecze\u0144stwo.<br \/>Wykonane z wysokiej jako\u015bci sk\u00f3ry, dziurkowane po bokach dla lepszej wentylacji.<br \/>Profesjonalne buty dla mechanika, wykonane przy u\u017cyciu ultra lekkich materia\u0142\u00f3w.<br \/>Specjalnie zaprojektowana, wzmacniana podeszwa zapewnia bardzo dobr\u0105 stabilno\u015b\u0107 oraz przyczepno\u015b\u0107.<br \/>Zapinane na rzep oraz sznurowane.<\/p>\n","protected":false},"featured_media":12082,"comment_status":"closed","ping_status":"open","template":"","meta":[],"product_cat":[562,560],"product_tag":[],"class_list":{"0":"post-12431","1":"product","2":"type-product","3":"status-publish","4":"has-post-thumbnail","6":"product_cat-buty-rajdowe-fia","7":"product_cat-odziez-rajdowa-fia","9":"first","10":"instock","11":"taxable","12":"shipping-taxable","13":"purchasable","14":"product-type-simple"},"bundled_by":[],"bundle_stock_status":"instock","bundle_stock_quantity":null,"bundle_virtual":false,"bundle_layout":"","bundle_add_to_cart_form_location":"","bundle_editable_in_cart":false,"bundle_sold_individually_context":"","bundle_item_grouping":"","bundle_min_size":"","bundle_max_size":"","bundle_price":[],"bundled_items":[],"bundle_sell_ids":[],"acf":{"zdjecie_bez_watermarka":null,"zdjecie_bez_watermarka_url":"","product_orgin_url":"https:\/\/inter-rally.pl\/product-eng-155000-Buty-OMP-ONE-TT.html"},"yoast_head":"<!-- This site is optimized with the Yoast SEO plugin v23.9 - https:\/\/yoast.com\/wordpress\/plugins\/seo\/ -->\n<title>BUTY OMP ONE TT - CYBUL<\/title>\n<meta name=\"robots\" content=\"index, follow, max-snippet:-1, max-image-preview:large, max-video-preview:-1\" \/>\n<link rel=\"canonical\" href=\"https:\/\/cybul.eu\/pl\/sklep\/buty-omp-one-tt\/\" \/>\n<meta property=\"og:locale\" content=\"pl_PL\" \/>\n<meta property=\"og:type\" content=\"article\" \/>\n<meta property=\"og:title\" content=\"BUTY OMP ONE TT - CYBUL\" \/>\n<meta property=\"og:description\" content=\"Buty OMP ONE TTHomologacja: FIA 8856-2018Nowy model but\u00f3w OMP, wykonany z my\u015bl\u0105 o mechanikach oraz pilotach. Posiada najnowsz\u0105 homologacj\u0119 FIA, dzi\u0119ki temu s\u0105 bardziej wytrzyma\u0142e i zapewniaj\u0105 wi\u0119ksze bezpiecze\u0144stwo.Wykonane z wysokiej jako\u015bci sk\u00f3ry, dziurkowane po bokach dla lepszej wentylacji.Profesjonalne buty dla mechanika, wykonane przy u\u017cyciu ultra lekkich materia\u0142\u00f3w.Specjalnie zaprojektowana, wzmacniana podeszwa zapewnia bardzo dobr\u0105 stabilno\u015b\u0107 oraz przyczepno\u015b\u0107.Zapinane na rzep oraz sznurowane.\" \/>\n<meta property=\"og:url\" content=\"https:\/\/cybul.eu\/pl\/sklep\/buty-omp-one-tt\/\" \/>\n<meta property=\"og:site_name\" content=\"CYBUL\" \/>\n<meta property=\"article:modified_time\" content=\"2024-06-11T13:56:52+00:00\" \/>\n<meta property=\"og:image\" content=\"https:\/\/cybul.eu\/wp-content\/uploads\/2024\/06\/pol_pl_Buty-OMP-ONE-TT-155000_1.jpg\" \/>\n\t<meta property=\"og:image:width\" content=\"900\" \/>\n\t<meta property=\"og:image:height\" content=\"900\" \/>\n\t<meta property=\"og:image:type\" content=\"image\/jpeg\" \/>\n<meta name=\"twitter:card\" content=\"summary_large_image\" \/>\n<script type=\"application\/ld+json\" class=\"yoast-schema-graph\">{\"@context\":\"https:\/\/schema.org\",\"@graph\":[{\"@type\":\"WebPage\",\"@id\":\"https:\/\/cybul.eu\/pl\/sklep\/buty-omp-one-tt\/\",\"url\":\"https:\/\/cybul.eu\/pl\/sklep\/buty-omp-one-tt\/\",\"name\":\"BUTY OMP ONE TT - CYBUL\",\"isPartOf\":{\"@id\":\"https:\/\/cybul.eu\/pl\/#website\"},\"primaryImageOfPage\":{\"@id\":\"https:\/\/cybul.eu\/pl\/sklep\/buty-omp-one-tt\/#primaryimage\"},\"image\":{\"@id\":\"https:\/\/cybul.eu\/pl\/sklep\/buty-omp-one-tt\/#primaryimage\"},\"thumbnailUrl\":\"https:\/\/cybul.eu\/wp-content\/uploads\/2024\/06\/pol_pl_Buty-OMP-ONE-TT-155000_1.jpg\",\"datePublished\":\"2024-06-11T13:56:32+00:00\",\"dateModified\":\"2024-06-11T13:56:52+00:00\",\"breadcrumb\":{\"@id\":\"https:\/\/cybul.eu\/pl\/sklep\/buty-omp-one-tt\/#breadcrumb\"},\"inLanguage\":\"pl-PL\",\"potentialAction\":[{\"@type\":\"ReadAction\",\"target\":[\"https:\/\/cybul.eu\/pl\/sklep\/buty-omp-one-tt\/\"]}]},{\"@type\":\"ImageObject\",\"inLanguage\":\"pl-PL\",\"@id\":\"https:\/\/cybul.eu\/pl\/sklep\/buty-omp-one-tt\/#primaryimage\",\"url\":\"https:\/\/cybul.eu\/wp-content\/uploads\/2024\/06\/pol_pl_Buty-OMP-ONE-TT-155000_1.jpg\",\"contentUrl\":\"https:\/\/cybul.eu\/wp-content\/uploads\/2024\/06\/pol_pl_Buty-OMP-ONE-TT-155000_1.jpg\",\"width\":900,\"height\":900},{\"@type\":\"BreadcrumbList\",\"@id\":\"https:\/\/cybul.eu\/pl\/sklep\/buty-omp-one-tt\/#breadcrumb\",\"itemListElement\":[{\"@type\":\"ListItem\",\"position\":1,\"name\":\"Strona g\u0142\u00f3wna\",\"item\":\"https:\/\/cybul.eu\/pl\/\"},{\"@type\":\"ListItem\",\"position\":2,\"name\":\"Sklep\",\"item\":\"https:\/\/cybul.eu\/pl\/sklep\/\"},{\"@type\":\"ListItem\",\"position\":3,\"name\":\"BUTY OMP ONE TT\"}]},{\"@type\":\"WebSite\",\"@id\":\"https:\/\/cybul.eu\/pl\/#website\",\"url\":\"https:\/\/cybul.eu\/pl\/\",\"name\":\"CYBUL\",\"description\":\"\",\"potentialAction\":[{\"@type\":\"SearchAction\",\"target\":{\"@type\":\"EntryPoint\",\"urlTemplate\":\"https:\/\/cybul.eu\/pl\/?s={search_term_string}\"},\"query-input\":{\"@type\":\"PropertyValueSpecification\",\"valueRequired\":true,\"valueName\":\"search_term_string\"}}],\"inLanguage\":\"pl-PL\"}]}<\/script>\n<!-- \/ Yoast SEO plugin. -->","yoast_head_json":{"title":"BUTY OMP ONE TT - CYBUL","robots":{"index":"index","follow":"follow","max-snippet":"max-snippet:-1","max-image-preview":"max-image-preview:large","max-video-preview":"max-video-preview:-1"},"canonical":"https:\/\/cybul.eu\/pl\/sklep\/buty-omp-one-tt\/","og_locale":"pl_PL","og_type":"article","og_title":"BUTY OMP ONE TT - CYBUL","og_description":"Buty OMP ONE TTHomologacja: FIA 8856-2018Nowy model but\u00f3w OMP, wykonany z my\u015bl\u0105 o mechanikach oraz pilotach. Posiada najnowsz\u0105 homologacj\u0119 FIA, dzi\u0119ki temu s\u0105 bardziej wytrzyma\u0142e i zapewniaj\u0105 wi\u0119ksze bezpiecze\u0144stwo.Wykonane z wysokiej jako\u015bci sk\u00f3ry, dziurkowane po bokach dla lepszej wentylacji.Profesjonalne buty dla mechanika, wykonane przy u\u017cyciu ultra lekkich materia\u0142\u00f3w.Specjalnie zaprojektowana, wzmacniana podeszwa zapewnia bardzo dobr\u0105 stabilno\u015b\u0107 oraz przyczepno\u015b\u0107.Zapinane na rzep oraz sznurowane.","og_url":"https:\/\/cybul.eu\/pl\/sklep\/buty-omp-one-tt\/","og_site_name":"CYBUL","article_modified_time":"2024-06-11T13:56:52+00:00","og_image":[{"width":900,"height":900,"url":"https:\/\/cybul.eu\/wp-content\/uploads\/2024\/06\/pol_pl_Buty-OMP-ONE-TT-155000_1.jpg","type":"image\/jpeg"}],"twitter_card":"summary_large_image","schema":{"@context":"https:\/\/schema.org","@graph":[{"@type":"WebPage","@id":"https:\/\/cybul.eu\/pl\/sklep\/buty-omp-one-tt\/","url":"https:\/\/cybul.eu\/pl\/sklep\/buty-omp-one-tt\/","name":"BUTY OMP ONE TT - CYBUL","isPartOf":{"@id":"https:\/\/cybul.eu\/pl\/#website"},"primaryImageOfPage":{"@id":"https:\/\/cybul.eu\/pl\/sklep\/buty-omp-one-tt\/#primaryimage"},"image":{"@id":"https:\/\/cybul.eu\/pl\/sklep\/buty-omp-one-tt\/#primaryimage"},"thumbnailUrl":"https:\/\/cybul.eu\/wp-content\/uploads\/2024\/06\/pol_pl_Buty-OMP-ONE-TT-155000_1.jpg","datePublished":"2024-06-11T13:56:32+00:00","dateModified":"2024-06-11T13:56:52+00:00","breadcrumb":{"@id":"https:\/\/cybul.eu\/pl\/sklep\/buty-omp-one-tt\/#breadcrumb"},"inLanguage":"pl-PL","potentialAction":[{"@type":"ReadAction","target":["https:\/\/cybul.eu\/pl\/sklep\/buty-omp-one-tt\/"]}]},{"@type":"ImageObject","inLanguage":"pl-PL","@id":"https:\/\/cybul.eu\/pl\/sklep\/buty-omp-one-tt\/#primaryimage","url":"https:\/\/cybul.eu\/wp-content\/uploads\/2024\/06\/pol_pl_Buty-OMP-ONE-TT-155000_1.jpg","contentUrl":"https:\/\/cybul.eu\/wp-content\/uploads\/2024\/06\/pol_pl_Buty-OMP-ONE-TT-155000_1.jpg","width":900,"height":900},{"@type":"BreadcrumbList","@id":"https:\/\/cybul.eu\/pl\/sklep\/buty-omp-one-tt\/#breadcrumb","itemListElement":[{"@type":"ListItem","position":1,"name":"Strona g\u0142\u00f3wna","item":"https:\/\/cybul.eu\/pl\/"},{"@type":"ListItem","position":2,"name":"Sklep","item":"https:\/\/cybul.eu\/pl\/sklep\/"},{"@type":"ListItem","position":3,"name":"BUTY OMP ONE TT"}]},{"@type":"WebSite","@id":"https:\/\/cybul.eu\/pl\/#website","url":"https:\/\/cybul.eu\/pl\/","name":"CYBUL","description":"","potentialAction":[{"@type":"SearchAction","target":{"@type":"EntryPoint","urlTemplate":"https:\/\/cybul.eu\/pl\/?s={search_term_string}"},"query-input":{"@type":"PropertyValueSpecification","valueRequired":true,"valueName":"search_term_string"}}],"inLanguage":"pl-PL"}]}},"_links":{"self":[{"href":"https:\/\/cybul.eu\/pl\/wp-json\/wp\/v2\/product\/12431","targetHints":{"allow":["GET"]}}],"collection":[{"href":"https:\/\/cybul.eu\/pl\/wp-json\/wp\/v2\/product"}],"about":[{"href":"https:\/\/cybul.eu\/pl\/wp-json\/wp\/v2\/types\/product"}],"replies":[{"embeddable":true,"href":"https:\/\/cybul.eu\/pl\/wp-json\/wp\/v2\/comments?post=12431"}],"wp:featuredmedia":[{"embeddable":true,"href":"https:\/\/cybul.eu\/pl\/wp-json\/wp\/v2\/media\/12082"}],"wp:attachment":[{"href":"https:\/\/cybul.eu\/pl\/wp-json\/wp\/v2\/media?parent=12431"}],"wp:term":[{"taxonomy":"product_cat","embeddable":true,"href":"https:\/\/cybul.eu\/pl\/wp-json\/wp\/v2\/product_cat?post=12431"},{"taxonomy":"product_tag","embeddable":true,"href":"https:\/\/cybul.eu\/pl\/wp-json\/wp\/v2\/product_tag?post=12431"}],"curies":[{"name":"wp","href":"https:\/\/api.w.org\/{rel}","templated":true}]}}