{"id":12430,"date":"2024-06-11T15:56:32","date_gmt":"2024-06-11T13:56:32","guid":{"rendered":"https:\/\/cybul.eu\/shop\/buty-skorzane-rajdowe-rrs-prolight-fia-8856-2018\/"},"modified":"2024-06-11T15:56:50","modified_gmt":"2024-06-11T13:56:50","slug":"buty-skorzane-rajdowe-rrs-prolight-fia-8856-2018","status":"publish","type":"product","link":"https:\/\/cybul.eu\/pl\/sklep\/buty-skorzane-rajdowe-rrs-prolight-fia-8856-2018\/","title":{"rendered":"BUTY SK\u00d3RZANE RAJDOWE RRS PROLIGHT FIA 8856-2018"},"content":{"rendered":"<p><strong>Buty sk\u00f3rzane rajdowe RRS Prolight<\/p>\n<p><\/strong>Homologacja:<strong> FIA 8856-2018<\/p>\n<p><\/strong>Buty RRS specjalnie zaprojektowane do u\u017cytku w motorsporcie. Posiadaj\u0105 najnowsz\u0105 homologacj\u0119 FIA. Wykonane z mi\u0119kkiej sk\u00f3ry, kt\u00f3ra zapewnia doskona\u0142\u0105 ochron\u0119 zachowuj\u0105c przewiewno\u015b\u0107. G\u00f3ra zapinana na rzep zapewnia idealne trzymanie kostki, budowa nie blokuj\u0105ca \u015bci\u0119gna Achillesa. Cienka podeszwa o znakomitej przyczepno\u015bci zapewnia komfort oraz doskona\u0142e wyczucie peda\u0142\u00f3w.<\/p>\n<p>Cechy:<br \/>&#8211; materia\u0142 wn\u0119trza: Aramid<br \/>&#8211; cienka gumowa podeszwa z dobr\u0105 przyczepno\u015bci\u0105<br \/>&#8211; rzep usztywniaj\u0105cy kostk\u0119<br \/>&#8211; zaokr\u0105glona pi\u0119ta: swoboda dla \u015bci\u0119gna Achillesa<br \/>&#8211;&nbsp;przewiewny materia\u0142<br \/>&#8211; rozmiary: 36 do 47<\/p>\n","protected":false},"excerpt":{"rendered":"<p><strong>Buty sk\u00f3rzane rajdowe RRS Prolight<\/p>\n<p><\/strong>Homologacja:<strong> FIA 8856-2018<\/p>\n<p><\/strong>Buty RRS specjalnie zaprojektowane do u\u017cytku w motorsporcie. Posiadaj\u0105 najnowsz\u0105 homologacj\u0119 FIA. Wykonane z mi\u0119kkiej sk\u00f3ry, kt\u00f3ra zapewnia doskona\u0142\u0105 ochron\u0119 zachowuj\u0105c przewiewno\u015b\u0107. G\u00f3ra zapinana na rzep zapewnia idealne trzymanie kostki, budowa nie blokuj\u0105ca \u015bci\u0119gna Achillesa. Cienka podeszwa o znakomitej przyczepno\u015bci zapewnia komfort oraz doskona\u0142e wyczucie peda\u0142\u00f3w.<\/p>\n<p>Cechy:<br \/>&#8211; materia\u0142 wn\u0119trza: Aramid<br \/>&#8211; cienka gumowa podeszwa z dobr\u0105 przyczepno\u015bci\u0105<br \/>&#8211; rzep usztywniaj\u0105cy kostk\u0119<br \/>&#8211; zaokr\u0105glona pi\u0119ta: swoboda dla \u015bci\u0119gna Achillesa<br \/>&#8211;&nbsp;przewiewny materia\u0142<br \/>&#8211; rozmiary: 36 do 47<\/p>\n","protected":false},"featured_media":12055,"comment_status":"closed","ping_status":"open","template":"","meta":[],"product_cat":[562,560],"product_tag":[],"class_list":{"0":"post-12430","1":"product","2":"type-product","3":"status-publish","4":"has-post-thumbnail","6":"product_cat-buty-rajdowe-fia","7":"product_cat-odziez-rajdowa-fia","9":"first","10":"instock","11":"taxable","12":"shipping-taxable","13":"purchasable","14":"product-type-simple"},"bundled_by":[],"bundle_stock_status":"instock","bundle_stock_quantity":null,"bundle_virtual":false,"bundle_layout":"","bundle_add_to_cart_form_location":"","bundle_editable_in_cart":false,"bundle_sold_individually_context":"","bundle_item_grouping":"","bundle_min_size":"","bundle_max_size":"","bundle_price":[],"bundled_items":[],"bundle_sell_ids":[],"acf":{"zdjecie_bez_watermarka":null,"zdjecie_bez_watermarka_url":"","product_orgin_url":"https:\/\/inter-rally.pl\/product-eng-203837-Buty-skorzane-rajdowe-RRS-Prolight-FIA-8856-2018.html"},"yoast_head":"<!-- This site is optimized with the Yoast SEO plugin v23.9 - https:\/\/yoast.com\/wordpress\/plugins\/seo\/ -->\n<title>BUTY SK\u00d3RZANE RAJDOWE RRS PROLIGHT FIA 8856-2018 - CYBUL<\/title>\n<meta name=\"robots\" content=\"index, follow, max-snippet:-1, max-image-preview:large, max-video-preview:-1\" \/>\n<link rel=\"canonical\" href=\"https:\/\/cybul.eu\/pl\/sklep\/buty-skorzane-rajdowe-rrs-prolight-fia-8856-2018\/\" \/>\n<meta property=\"og:locale\" content=\"pl_PL\" \/>\n<meta property=\"og:type\" content=\"article\" \/>\n<meta property=\"og:title\" content=\"BUTY SK\u00d3RZANE RAJDOWE RRS PROLIGHT FIA 8856-2018 - CYBUL\" \/>\n<meta property=\"og:description\" content=\"Buty sk\u00f3rzane rajdowe RRS ProlightHomologacja: FIA 8856-2018Buty RRS specjalnie zaprojektowane do u\u017cytku w motorsporcie. Posiadaj\u0105 najnowsz\u0105 homologacj\u0119 FIA. Wykonane z mi\u0119kkiej sk\u00f3ry, kt\u00f3ra zapewnia doskona\u0142\u0105 ochron\u0119 zachowuj\u0105c przewiewno\u015b\u0107. G\u00f3ra zapinana na rzep zapewnia idealne trzymanie kostki, budowa nie blokuj\u0105ca \u015bci\u0119gna Achillesa. Cienka podeszwa o znakomitej przyczepno\u015bci zapewnia komfort oraz doskona\u0142e wyczucie peda\u0142\u00f3w.Cechy:- materia\u0142 wn\u0119trza: Aramid- cienka gumowa podeszwa z dobr\u0105 przyczepno\u015bci\u0105- rzep usztywniaj\u0105cy kostk\u0119- zaokr\u0105glona pi\u0119ta: swoboda dla \u015bci\u0119gna Achillesa-&nbsp;przewiewny materia\u0142- rozmiary: 36 do 47\" \/>\n<meta property=\"og:url\" content=\"https:\/\/cybul.eu\/pl\/sklep\/buty-skorzane-rajdowe-rrs-prolight-fia-8856-2018\/\" \/>\n<meta property=\"og:site_name\" content=\"CYBUL\" \/>\n<meta property=\"article:modified_time\" content=\"2024-06-11T13:56:50+00:00\" \/>\n<meta property=\"og:image\" content=\"https:\/\/cybul.eu\/wp-content\/uploads\/2024\/06\/pol_pl_Buty-skorzane-rajdowe-RRS-Prolight-FIA-8856-2018-203837_5.jpg\" \/>\n\t<meta property=\"og:image:width\" content=\"900\" \/>\n\t<meta property=\"og:image:height\" content=\"900\" \/>\n\t<meta property=\"og:image:type\" content=\"image\/jpeg\" \/>\n<meta name=\"twitter:card\" content=\"summary_large_image\" \/>\n<script type=\"application\/ld+json\" class=\"yoast-schema-graph\">{\"@context\":\"https:\/\/schema.org\",\"@graph\":[{\"@type\":\"WebPage\",\"@id\":\"https:\/\/cybul.eu\/pl\/sklep\/buty-skorzane-rajdowe-rrs-prolight-fia-8856-2018\/\",\"url\":\"https:\/\/cybul.eu\/pl\/sklep\/buty-skorzane-rajdowe-rrs-prolight-fia-8856-2018\/\",\"name\":\"BUTY SK\u00d3RZANE RAJDOWE RRS PROLIGHT FIA 8856-2018 - CYBUL\",\"isPartOf\":{\"@id\":\"https:\/\/cybul.eu\/pl\/#website\"},\"primaryImageOfPage\":{\"@id\":\"https:\/\/cybul.eu\/pl\/sklep\/buty-skorzane-rajdowe-rrs-prolight-fia-8856-2018\/#primaryimage\"},\"image\":{\"@id\":\"https:\/\/cybul.eu\/pl\/sklep\/buty-skorzane-rajdowe-rrs-prolight-fia-8856-2018\/#primaryimage\"},\"thumbnailUrl\":\"https:\/\/cybul.eu\/wp-content\/uploads\/2024\/06\/pol_pl_Buty-skorzane-rajdowe-RRS-Prolight-FIA-8856-2018-203837_5.jpg\",\"datePublished\":\"2024-06-11T13:56:32+00:00\",\"dateModified\":\"2024-06-11T13:56:50+00:00\",\"breadcrumb\":{\"@id\":\"https:\/\/cybul.eu\/pl\/sklep\/buty-skorzane-rajdowe-rrs-prolight-fia-8856-2018\/#breadcrumb\"},\"inLanguage\":\"pl-PL\",\"potentialAction\":[{\"@type\":\"ReadAction\",\"target\":[\"https:\/\/cybul.eu\/pl\/sklep\/buty-skorzane-rajdowe-rrs-prolight-fia-8856-2018\/\"]}]},{\"@type\":\"ImageObject\",\"inLanguage\":\"pl-PL\",\"@id\":\"https:\/\/cybul.eu\/pl\/sklep\/buty-skorzane-rajdowe-rrs-prolight-fia-8856-2018\/#primaryimage\",\"url\":\"https:\/\/cybul.eu\/wp-content\/uploads\/2024\/06\/pol_pl_Buty-skorzane-rajdowe-RRS-Prolight-FIA-8856-2018-203837_5.jpg\",\"contentUrl\":\"https:\/\/cybul.eu\/wp-content\/uploads\/2024\/06\/pol_pl_Buty-skorzane-rajdowe-RRS-Prolight-FIA-8856-2018-203837_5.jpg\",\"width\":900,\"height\":900},{\"@type\":\"BreadcrumbList\",\"@id\":\"https:\/\/cybul.eu\/pl\/sklep\/buty-skorzane-rajdowe-rrs-prolight-fia-8856-2018\/#breadcrumb\",\"itemListElement\":[{\"@type\":\"ListItem\",\"position\":1,\"name\":\"Strona g\u0142\u00f3wna\",\"item\":\"https:\/\/cybul.eu\/pl\/\"},{\"@type\":\"ListItem\",\"position\":2,\"name\":\"Sklep\",\"item\":\"https:\/\/cybul.eu\/pl\/sklep\/\"},{\"@type\":\"ListItem\",\"position\":3,\"name\":\"BUTY SK\u00d3RZANE RAJDOWE RRS PROLIGHT FIA 8856-2018\"}]},{\"@type\":\"WebSite\",\"@id\":\"https:\/\/cybul.eu\/pl\/#website\",\"url\":\"https:\/\/cybul.eu\/pl\/\",\"name\":\"CYBUL\",\"description\":\"\",\"potentialAction\":[{\"@type\":\"SearchAction\",\"target\":{\"@type\":\"EntryPoint\",\"urlTemplate\":\"https:\/\/cybul.eu\/pl\/?s={search_term_string}\"},\"query-input\":{\"@type\":\"PropertyValueSpecification\",\"valueRequired\":true,\"valueName\":\"search_term_string\"}}],\"inLanguage\":\"pl-PL\"}]}<\/script>\n<!-- \/ Yoast SEO plugin. -->","yoast_head_json":{"title":"BUTY SK\u00d3RZANE RAJDOWE RRS PROLIGHT FIA 8856-2018 - CYBUL","robots":{"index":"index","follow":"follow","max-snippet":"max-snippet:-1","max-image-preview":"max-image-preview:large","max-video-preview":"max-video-preview:-1"},"canonical":"https:\/\/cybul.eu\/pl\/sklep\/buty-skorzane-rajdowe-rrs-prolight-fia-8856-2018\/","og_locale":"pl_PL","og_type":"article","og_title":"BUTY SK\u00d3RZANE RAJDOWE RRS PROLIGHT FIA 8856-2018 - CYBUL","og_description":"Buty sk\u00f3rzane rajdowe RRS ProlightHomologacja: FIA 8856-2018Buty RRS specjalnie zaprojektowane do u\u017cytku w motorsporcie. Posiadaj\u0105 najnowsz\u0105 homologacj\u0119 FIA. Wykonane z mi\u0119kkiej sk\u00f3ry, kt\u00f3ra zapewnia doskona\u0142\u0105 ochron\u0119 zachowuj\u0105c przewiewno\u015b\u0107. G\u00f3ra zapinana na rzep zapewnia idealne trzymanie kostki, budowa nie blokuj\u0105ca \u015bci\u0119gna Achillesa. Cienka podeszwa o znakomitej przyczepno\u015bci zapewnia komfort oraz doskona\u0142e wyczucie peda\u0142\u00f3w.Cechy:- materia\u0142 wn\u0119trza: Aramid- cienka gumowa podeszwa z dobr\u0105 przyczepno\u015bci\u0105- rzep usztywniaj\u0105cy kostk\u0119- zaokr\u0105glona pi\u0119ta: swoboda dla \u015bci\u0119gna Achillesa-&nbsp;przewiewny materia\u0142- rozmiary: 36 do 47","og_url":"https:\/\/cybul.eu\/pl\/sklep\/buty-skorzane-rajdowe-rrs-prolight-fia-8856-2018\/","og_site_name":"CYBUL","article_modified_time":"2024-06-11T13:56:50+00:00","og_image":[{"width":900,"height":900,"url":"https:\/\/cybul.eu\/wp-content\/uploads\/2024\/06\/pol_pl_Buty-skorzane-rajdowe-RRS-Prolight-FIA-8856-2018-203837_5.jpg","type":"image\/jpeg"}],"twitter_card":"summary_large_image","schema":{"@context":"https:\/\/schema.org","@graph":[{"@type":"WebPage","@id":"https:\/\/cybul.eu\/pl\/sklep\/buty-skorzane-rajdowe-rrs-prolight-fia-8856-2018\/","url":"https:\/\/cybul.eu\/pl\/sklep\/buty-skorzane-rajdowe-rrs-prolight-fia-8856-2018\/","name":"BUTY SK\u00d3RZANE RAJDOWE RRS PROLIGHT FIA 8856-2018 - CYBUL","isPartOf":{"@id":"https:\/\/cybul.eu\/pl\/#website"},"primaryImageOfPage":{"@id":"https:\/\/cybul.eu\/pl\/sklep\/buty-skorzane-rajdowe-rrs-prolight-fia-8856-2018\/#primaryimage"},"image":{"@id":"https:\/\/cybul.eu\/pl\/sklep\/buty-skorzane-rajdowe-rrs-prolight-fia-8856-2018\/#primaryimage"},"thumbnailUrl":"https:\/\/cybul.eu\/wp-content\/uploads\/2024\/06\/pol_pl_Buty-skorzane-rajdowe-RRS-Prolight-FIA-8856-2018-203837_5.jpg","datePublished":"2024-06-11T13:56:32+00:00","dateModified":"2024-06-11T13:56:50+00:00","breadcrumb":{"@id":"https:\/\/cybul.eu\/pl\/sklep\/buty-skorzane-rajdowe-rrs-prolight-fia-8856-2018\/#breadcrumb"},"inLanguage":"pl-PL","potentialAction":[{"@type":"ReadAction","target":["https:\/\/cybul.eu\/pl\/sklep\/buty-skorzane-rajdowe-rrs-prolight-fia-8856-2018\/"]}]},{"@type":"ImageObject","inLanguage":"pl-PL","@id":"https:\/\/cybul.eu\/pl\/sklep\/buty-skorzane-rajdowe-rrs-prolight-fia-8856-2018\/#primaryimage","url":"https:\/\/cybul.eu\/wp-content\/uploads\/2024\/06\/pol_pl_Buty-skorzane-rajdowe-RRS-Prolight-FIA-8856-2018-203837_5.jpg","contentUrl":"https:\/\/cybul.eu\/wp-content\/uploads\/2024\/06\/pol_pl_Buty-skorzane-rajdowe-RRS-Prolight-FIA-8856-2018-203837_5.jpg","width":900,"height":900},{"@type":"BreadcrumbList","@id":"https:\/\/cybul.eu\/pl\/sklep\/buty-skorzane-rajdowe-rrs-prolight-fia-8856-2018\/#breadcrumb","itemListElement":[{"@type":"ListItem","position":1,"name":"Strona g\u0142\u00f3wna","item":"https:\/\/cybul.eu\/pl\/"},{"@type":"ListItem","position":2,"name":"Sklep","item":"https:\/\/cybul.eu\/pl\/sklep\/"},{"@type":"ListItem","position":3,"name":"BUTY SK\u00d3RZANE RAJDOWE RRS PROLIGHT FIA 8856-2018"}]},{"@type":"WebSite","@id":"https:\/\/cybul.eu\/pl\/#website","url":"https:\/\/cybul.eu\/pl\/","name":"CYBUL","description":"","potentialAction":[{"@type":"SearchAction","target":{"@type":"EntryPoint","urlTemplate":"https:\/\/cybul.eu\/pl\/?s={search_term_string}"},"query-input":{"@type":"PropertyValueSpecification","valueRequired":true,"valueName":"search_term_string"}}],"inLanguage":"pl-PL"}]}},"_links":{"self":[{"href":"https:\/\/cybul.eu\/pl\/wp-json\/wp\/v2\/product\/12430","targetHints":{"allow":["GET"]}}],"collection":[{"href":"https:\/\/cybul.eu\/pl\/wp-json\/wp\/v2\/product"}],"about":[{"href":"https:\/\/cybul.eu\/pl\/wp-json\/wp\/v2\/types\/product"}],"replies":[{"embeddable":true,"href":"https:\/\/cybul.eu\/pl\/wp-json\/wp\/v2\/comments?post=12430"}],"wp:featuredmedia":[{"embeddable":true,"href":"https:\/\/cybul.eu\/pl\/wp-json\/wp\/v2\/media\/12055"}],"wp:attachment":[{"href":"https:\/\/cybul.eu\/pl\/wp-json\/wp\/v2\/media?parent=12430"}],"wp:term":[{"taxonomy":"product_cat","embeddable":true,"href":"https:\/\/cybul.eu\/pl\/wp-json\/wp\/v2\/product_cat?post=12430"},{"taxonomy":"product_tag","embeddable":true,"href":"https:\/\/cybul.eu\/pl\/wp-json\/wp\/v2\/product_tag?post=12430"}],"curies":[{"name":"wp","href":"https:\/\/api.w.org\/{rel}","templated":true}]}}