{"id":11905,"date":"2024-06-11T10:02:20","date_gmt":"2024-06-11T08:02:20","guid":{"rendered":"https:\/\/cybul.eu\/shop\/zestaw-siatki-na-okno-schroth-525-x-467-mm\/"},"modified":"2024-06-11T10:02:23","modified_gmt":"2024-06-11T08:02:23","slug":"zestaw-siatki-na-okno-schroth-525-x-467-mm","status":"publish","type":"product","link":"https:\/\/cybul.eu\/pl\/sklep\/zestaw-siatki-na-okno-schroth-525-x-467-mm\/","title":{"rendered":"ZESTAW SIATKI NA OKNO SCHROTH 525 X 467 MM"},"content":{"rendered":"<p><strong>Zestaw siatki na okno Schroth<\/p>\n<p><\/strong>Homologacja: Zgodna z za\u0142\u0105cznikiem J<\/p>\n<p>Zestaw zawiera:<br \/>&#8211; 1 x Siatka&nbsp;525 mm x 467 mm<br \/>&#8211; 1x Pr\u0119t z klipsem (g\u00f3rny) do szybkiego zdejmowania<br \/>&#8211; 1x Pr\u0119t dolny (z podk\u0142adkami zapobiegaj\u0105cymi zsuni\u0119ciu)<br \/>&#8211; 2 x Pasek regulacyjny<br \/>&#8211; 2 x Uchwyt &#8222;U&#8221;<br \/>&#8211; 8 x Opaska z cybantem (do mocowania do klatki)&nbsp;<\/p>\n","protected":false},"excerpt":{"rendered":"<p><strong>Zestaw siatki na okno Schroth<\/p>\n<p><\/strong>Homologacja: Zgodna z za\u0142\u0105cznikiem J<\/p>\n<p>Zestaw zawiera:<br \/>&#8211; 1 x Siatka&nbsp;525 mm x 467 mm<br \/>&#8211; 1x Pr\u0119t z klipsem (g\u00f3rny) do szybkiego zdejmowania<br \/>&#8211; 1x Pr\u0119t dolny (z podk\u0142adkami zapobiegaj\u0105cymi zsuni\u0119ciu)<br \/>&#8211; 2 x Pasek regulacyjny<br \/>&#8211; 2 x Uchwyt &#8222;U&#8221;<br \/>&#8211; 8 x Opaska z cybantem (do mocowania do klatki)&nbsp;<\/p>\n","protected":false},"featured_media":11880,"comment_status":"closed","ping_status":"open","template":"","meta":[],"product_cat":[558,542],"product_tag":[],"class_list":{"0":"post-11905","1":"product","2":"type-product","3":"status-publish","4":"has-post-thumbnail","6":"product_cat-siatki-na-okna","7":"product_cat-wnetrze","9":"first","10":"instock","11":"taxable","12":"shipping-taxable","13":"purchasable","14":"product-type-simple"},"bundled_by":[],"bundle_stock_status":"instock","bundle_stock_quantity":null,"bundle_virtual":false,"bundle_layout":"","bundle_add_to_cart_form_location":"","bundle_editable_in_cart":false,"bundle_sold_individually_context":"","bundle_item_grouping":"","bundle_min_size":"","bundle_max_size":"","bundle_price":[],"bundled_items":[],"bundle_sell_ids":[],"acf":{"zdjecie_bez_watermarka":null,"zdjecie_bez_watermarka_url":"","product_orgin_url":"https:\/\/inter-rally.pl\/product-eng-78271-Zestaw-siatki-na-okno-Schroth-525-x-467-mm.html"},"yoast_head":"<!-- This site is optimized with the Yoast SEO plugin v23.9 - https:\/\/yoast.com\/wordpress\/plugins\/seo\/ -->\n<title>ZESTAW SIATKI NA OKNO SCHROTH 525 X 467 MM - CYBUL<\/title>\n<meta name=\"robots\" content=\"index, follow, max-snippet:-1, max-image-preview:large, max-video-preview:-1\" \/>\n<link rel=\"canonical\" href=\"https:\/\/cybul.eu\/pl\/sklep\/zestaw-siatki-na-okno-schroth-525-x-467-mm\/\" \/>\n<meta property=\"og:locale\" content=\"pl_PL\" \/>\n<meta property=\"og:type\" content=\"article\" \/>\n<meta property=\"og:title\" content=\"ZESTAW SIATKI NA OKNO SCHROTH 525 X 467 MM - CYBUL\" \/>\n<meta property=\"og:description\" content=\"Zestaw siatki na okno SchrothHomologacja: Zgodna z za\u0142\u0105cznikiem JZestaw zawiera:- 1 x Siatka&nbsp;525 mm x 467 mm- 1x Pr\u0119t z klipsem (g\u00f3rny) do szybkiego zdejmowania- 1x Pr\u0119t dolny (z podk\u0142adkami zapobiegaj\u0105cymi zsuni\u0119ciu)- 2 x Pasek regulacyjny- 2 x Uchwyt &quot;U&quot;- 8 x Opaska z cybantem (do mocowania do klatki)&nbsp;\" \/>\n<meta property=\"og:url\" content=\"https:\/\/cybul.eu\/pl\/sklep\/zestaw-siatki-na-okno-schroth-525-x-467-mm\/\" \/>\n<meta property=\"og:site_name\" content=\"CYBUL\" \/>\n<meta property=\"article:modified_time\" content=\"2024-06-11T08:02:23+00:00\" \/>\n<meta property=\"og:image\" content=\"https:\/\/cybul.eu\/wp-content\/uploads\/2024\/06\/pol_pl_Zestaw-siatki-na-okno-Schroth-525-x-467-mm-78271_1.jpg\" \/>\n\t<meta property=\"og:image:width\" content=\"900\" \/>\n\t<meta property=\"og:image:height\" content=\"900\" \/>\n\t<meta property=\"og:image:type\" content=\"image\/jpeg\" \/>\n<meta name=\"twitter:card\" content=\"summary_large_image\" \/>\n<script type=\"application\/ld+json\" class=\"yoast-schema-graph\">{\"@context\":\"https:\/\/schema.org\",\"@graph\":[{\"@type\":\"WebPage\",\"@id\":\"https:\/\/cybul.eu\/pl\/sklep\/zestaw-siatki-na-okno-schroth-525-x-467-mm\/\",\"url\":\"https:\/\/cybul.eu\/pl\/sklep\/zestaw-siatki-na-okno-schroth-525-x-467-mm\/\",\"name\":\"ZESTAW SIATKI NA OKNO SCHROTH 525 X 467 MM - CYBUL\",\"isPartOf\":{\"@id\":\"https:\/\/cybul.eu\/pl\/#website\"},\"primaryImageOfPage\":{\"@id\":\"https:\/\/cybul.eu\/pl\/sklep\/zestaw-siatki-na-okno-schroth-525-x-467-mm\/#primaryimage\"},\"image\":{\"@id\":\"https:\/\/cybul.eu\/pl\/sklep\/zestaw-siatki-na-okno-schroth-525-x-467-mm\/#primaryimage\"},\"thumbnailUrl\":\"https:\/\/cybul.eu\/wp-content\/uploads\/2024\/06\/pol_pl_Zestaw-siatki-na-okno-Schroth-525-x-467-mm-78271_1.jpg\",\"datePublished\":\"2024-06-11T08:02:20+00:00\",\"dateModified\":\"2024-06-11T08:02:23+00:00\",\"breadcrumb\":{\"@id\":\"https:\/\/cybul.eu\/pl\/sklep\/zestaw-siatki-na-okno-schroth-525-x-467-mm\/#breadcrumb\"},\"inLanguage\":\"pl-PL\",\"potentialAction\":[{\"@type\":\"ReadAction\",\"target\":[\"https:\/\/cybul.eu\/pl\/sklep\/zestaw-siatki-na-okno-schroth-525-x-467-mm\/\"]}]},{\"@type\":\"ImageObject\",\"inLanguage\":\"pl-PL\",\"@id\":\"https:\/\/cybul.eu\/pl\/sklep\/zestaw-siatki-na-okno-schroth-525-x-467-mm\/#primaryimage\",\"url\":\"https:\/\/cybul.eu\/wp-content\/uploads\/2024\/06\/pol_pl_Zestaw-siatki-na-okno-Schroth-525-x-467-mm-78271_1.jpg\",\"contentUrl\":\"https:\/\/cybul.eu\/wp-content\/uploads\/2024\/06\/pol_pl_Zestaw-siatki-na-okno-Schroth-525-x-467-mm-78271_1.jpg\",\"width\":900,\"height\":900},{\"@type\":\"BreadcrumbList\",\"@id\":\"https:\/\/cybul.eu\/pl\/sklep\/zestaw-siatki-na-okno-schroth-525-x-467-mm\/#breadcrumb\",\"itemListElement\":[{\"@type\":\"ListItem\",\"position\":1,\"name\":\"Strona g\u0142\u00f3wna\",\"item\":\"https:\/\/cybul.eu\/pl\/\"},{\"@type\":\"ListItem\",\"position\":2,\"name\":\"Sklep\",\"item\":\"https:\/\/cybul.eu\/pl\/sklep\/\"},{\"@type\":\"ListItem\",\"position\":3,\"name\":\"ZESTAW SIATKI NA OKNO SCHROTH 525 X 467 MM\"}]},{\"@type\":\"WebSite\",\"@id\":\"https:\/\/cybul.eu\/pl\/#website\",\"url\":\"https:\/\/cybul.eu\/pl\/\",\"name\":\"CYBUL\",\"description\":\"\",\"potentialAction\":[{\"@type\":\"SearchAction\",\"target\":{\"@type\":\"EntryPoint\",\"urlTemplate\":\"https:\/\/cybul.eu\/pl\/?s={search_term_string}\"},\"query-input\":{\"@type\":\"PropertyValueSpecification\",\"valueRequired\":true,\"valueName\":\"search_term_string\"}}],\"inLanguage\":\"pl-PL\"}]}<\/script>\n<!-- \/ Yoast SEO plugin. -->","yoast_head_json":{"title":"ZESTAW SIATKI NA OKNO SCHROTH 525 X 467 MM - CYBUL","robots":{"index":"index","follow":"follow","max-snippet":"max-snippet:-1","max-image-preview":"max-image-preview:large","max-video-preview":"max-video-preview:-1"},"canonical":"https:\/\/cybul.eu\/pl\/sklep\/zestaw-siatki-na-okno-schroth-525-x-467-mm\/","og_locale":"pl_PL","og_type":"article","og_title":"ZESTAW SIATKI NA OKNO SCHROTH 525 X 467 MM - CYBUL","og_description":"Zestaw siatki na okno SchrothHomologacja: Zgodna z za\u0142\u0105cznikiem JZestaw zawiera:- 1 x Siatka&nbsp;525 mm x 467 mm- 1x Pr\u0119t z klipsem (g\u00f3rny) do szybkiego zdejmowania- 1x Pr\u0119t dolny (z podk\u0142adkami zapobiegaj\u0105cymi zsuni\u0119ciu)- 2 x Pasek regulacyjny- 2 x Uchwyt \"U\"- 8 x Opaska z cybantem (do mocowania do klatki)&nbsp;","og_url":"https:\/\/cybul.eu\/pl\/sklep\/zestaw-siatki-na-okno-schroth-525-x-467-mm\/","og_site_name":"CYBUL","article_modified_time":"2024-06-11T08:02:23+00:00","og_image":[{"width":900,"height":900,"url":"https:\/\/cybul.eu\/wp-content\/uploads\/2024\/06\/pol_pl_Zestaw-siatki-na-okno-Schroth-525-x-467-mm-78271_1.jpg","type":"image\/jpeg"}],"twitter_card":"summary_large_image","schema":{"@context":"https:\/\/schema.org","@graph":[{"@type":"WebPage","@id":"https:\/\/cybul.eu\/pl\/sklep\/zestaw-siatki-na-okno-schroth-525-x-467-mm\/","url":"https:\/\/cybul.eu\/pl\/sklep\/zestaw-siatki-na-okno-schroth-525-x-467-mm\/","name":"ZESTAW SIATKI NA OKNO SCHROTH 525 X 467 MM - CYBUL","isPartOf":{"@id":"https:\/\/cybul.eu\/pl\/#website"},"primaryImageOfPage":{"@id":"https:\/\/cybul.eu\/pl\/sklep\/zestaw-siatki-na-okno-schroth-525-x-467-mm\/#primaryimage"},"image":{"@id":"https:\/\/cybul.eu\/pl\/sklep\/zestaw-siatki-na-okno-schroth-525-x-467-mm\/#primaryimage"},"thumbnailUrl":"https:\/\/cybul.eu\/wp-content\/uploads\/2024\/06\/pol_pl_Zestaw-siatki-na-okno-Schroth-525-x-467-mm-78271_1.jpg","datePublished":"2024-06-11T08:02:20+00:00","dateModified":"2024-06-11T08:02:23+00:00","breadcrumb":{"@id":"https:\/\/cybul.eu\/pl\/sklep\/zestaw-siatki-na-okno-schroth-525-x-467-mm\/#breadcrumb"},"inLanguage":"pl-PL","potentialAction":[{"@type":"ReadAction","target":["https:\/\/cybul.eu\/pl\/sklep\/zestaw-siatki-na-okno-schroth-525-x-467-mm\/"]}]},{"@type":"ImageObject","inLanguage":"pl-PL","@id":"https:\/\/cybul.eu\/pl\/sklep\/zestaw-siatki-na-okno-schroth-525-x-467-mm\/#primaryimage","url":"https:\/\/cybul.eu\/wp-content\/uploads\/2024\/06\/pol_pl_Zestaw-siatki-na-okno-Schroth-525-x-467-mm-78271_1.jpg","contentUrl":"https:\/\/cybul.eu\/wp-content\/uploads\/2024\/06\/pol_pl_Zestaw-siatki-na-okno-Schroth-525-x-467-mm-78271_1.jpg","width":900,"height":900},{"@type":"BreadcrumbList","@id":"https:\/\/cybul.eu\/pl\/sklep\/zestaw-siatki-na-okno-schroth-525-x-467-mm\/#breadcrumb","itemListElement":[{"@type":"ListItem","position":1,"name":"Strona g\u0142\u00f3wna","item":"https:\/\/cybul.eu\/pl\/"},{"@type":"ListItem","position":2,"name":"Sklep","item":"https:\/\/cybul.eu\/pl\/sklep\/"},{"@type":"ListItem","position":3,"name":"ZESTAW SIATKI NA OKNO SCHROTH 525 X 467 MM"}]},{"@type":"WebSite","@id":"https:\/\/cybul.eu\/pl\/#website","url":"https:\/\/cybul.eu\/pl\/","name":"CYBUL","description":"","potentialAction":[{"@type":"SearchAction","target":{"@type":"EntryPoint","urlTemplate":"https:\/\/cybul.eu\/pl\/?s={search_term_string}"},"query-input":{"@type":"PropertyValueSpecification","valueRequired":true,"valueName":"search_term_string"}}],"inLanguage":"pl-PL"}]}},"_links":{"self":[{"href":"https:\/\/cybul.eu\/pl\/wp-json\/wp\/v2\/product\/11905","targetHints":{"allow":["GET"]}}],"collection":[{"href":"https:\/\/cybul.eu\/pl\/wp-json\/wp\/v2\/product"}],"about":[{"href":"https:\/\/cybul.eu\/pl\/wp-json\/wp\/v2\/types\/product"}],"replies":[{"embeddable":true,"href":"https:\/\/cybul.eu\/pl\/wp-json\/wp\/v2\/comments?post=11905"}],"wp:featuredmedia":[{"embeddable":true,"href":"https:\/\/cybul.eu\/pl\/wp-json\/wp\/v2\/media\/11880"}],"wp:attachment":[{"href":"https:\/\/cybul.eu\/pl\/wp-json\/wp\/v2\/media?parent=11905"}],"wp:term":[{"taxonomy":"product_cat","embeddable":true,"href":"https:\/\/cybul.eu\/pl\/wp-json\/wp\/v2\/product_cat?post=11905"},{"taxonomy":"product_tag","embeddable":true,"href":"https:\/\/cybul.eu\/pl\/wp-json\/wp\/v2\/product_tag?post=11905"}],"curies":[{"name":"wp","href":"https:\/\/api.w.org\/{rel}","templated":true}]}}