{"id":11894,"date":"2024-06-11T10:01:54","date_gmt":"2024-06-11T08:01:54","guid":{"rendered":"https:\/\/cybul.eu\/shop\/zestaw-montazowy-siatki-na-okno-qsp\/"},"modified":"2024-06-11T10:02:01","modified_gmt":"2024-06-11T08:02:01","slug":"zestaw-montazowy-siatki-na-okno-qsp","status":"publish","type":"product","link":"https:\/\/cybul.eu\/pl\/sklep\/zestaw-montazowy-siatki-na-okno-qsp\/","title":{"rendered":"ZESTAW MONTA\u017bOWY SIATKI NA OKNO QSP"},"content":{"rendered":"<p><strong>Zestaw monta\u017cowy siatki na okno QSP<\/strong><\/p>\n<p>Umo\u017cliwia szybkie \u015bci\u0105gni\u0119cie i za\u0142o\u017cenie siatki na okno.<br \/>Zestaw nie zawiera siatki.<\/p>\n","protected":false},"excerpt":{"rendered":"<p><strong>Zestaw monta\u017cowy siatki na okno QSP<\/strong><\/p>\n<p>Umo\u017cliwia szybkie \u015bci\u0105gni\u0119cie i za\u0142o\u017cenie siatki na okno.<br \/>Zestaw nie zawiera siatki.<\/p>\n","protected":false},"featured_media":11835,"comment_status":"closed","ping_status":"open","template":"","meta":[],"product_cat":[558,542],"product_tag":[],"class_list":{"0":"post-11894","1":"product","2":"type-product","3":"status-publish","4":"has-post-thumbnail","6":"product_cat-siatki-na-okna","7":"product_cat-wnetrze","9":"first","10":"instock","11":"taxable","12":"shipping-taxable","13":"purchasable","14":"product-type-simple"},"bundled_by":[],"bundle_stock_status":"instock","bundle_stock_quantity":null,"bundle_virtual":false,"bundle_layout":"","bundle_add_to_cart_form_location":"","bundle_editable_in_cart":false,"bundle_sold_individually_context":"","bundle_item_grouping":"","bundle_min_size":"","bundle_max_size":"","bundle_price":[],"bundled_items":[],"bundle_sell_ids":[],"acf":{"zdjecie_bez_watermarka":null,"zdjecie_bez_watermarka_url":"","product_orgin_url":"https:\/\/inter-rally.pl\/product-eng-47730-Zestaw-montazowy-siatki-na-okno-QSP.html"},"yoast_head":"<!-- This site is optimized with the Yoast SEO plugin v23.9 - https:\/\/yoast.com\/wordpress\/plugins\/seo\/ -->\n<title>ZESTAW MONTA\u017bOWY SIATKI NA OKNO QSP - CYBUL<\/title>\n<meta name=\"robots\" content=\"index, follow, max-snippet:-1, max-image-preview:large, max-video-preview:-1\" \/>\n<link rel=\"canonical\" href=\"https:\/\/cybul.eu\/pl\/sklep\/zestaw-montazowy-siatki-na-okno-qsp\/\" \/>\n<meta property=\"og:locale\" content=\"pl_PL\" \/>\n<meta property=\"og:type\" content=\"article\" \/>\n<meta property=\"og:title\" content=\"ZESTAW MONTA\u017bOWY SIATKI NA OKNO QSP - CYBUL\" \/>\n<meta property=\"og:description\" content=\"Zestaw monta\u017cowy siatki na okno QSPUmo\u017cliwia szybkie \u015bci\u0105gni\u0119cie i za\u0142o\u017cenie siatki na okno.Zestaw nie zawiera siatki.\" \/>\n<meta property=\"og:url\" content=\"https:\/\/cybul.eu\/pl\/sklep\/zestaw-montazowy-siatki-na-okno-qsp\/\" \/>\n<meta property=\"og:site_name\" content=\"CYBUL\" \/>\n<meta property=\"article:modified_time\" content=\"2024-06-11T08:02:01+00:00\" \/>\n<meta property=\"og:image\" content=\"https:\/\/cybul.eu\/wp-content\/uploads\/2024\/06\/pol_pl_Zestaw-montazowy-siatki-na-okno-QSP-47730_6.jpg\" \/>\n\t<meta property=\"og:image:width\" content=\"800\" \/>\n\t<meta property=\"og:image:height\" content=\"800\" \/>\n\t<meta property=\"og:image:type\" content=\"image\/jpeg\" \/>\n<meta name=\"twitter:card\" content=\"summary_large_image\" \/>\n<script type=\"application\/ld+json\" class=\"yoast-schema-graph\">{\"@context\":\"https:\/\/schema.org\",\"@graph\":[{\"@type\":\"WebPage\",\"@id\":\"https:\/\/cybul.eu\/pl\/sklep\/zestaw-montazowy-siatki-na-okno-qsp\/\",\"url\":\"https:\/\/cybul.eu\/pl\/sklep\/zestaw-montazowy-siatki-na-okno-qsp\/\",\"name\":\"ZESTAW MONTA\u017bOWY SIATKI NA OKNO QSP - CYBUL\",\"isPartOf\":{\"@id\":\"https:\/\/cybul.eu\/pl\/#website\"},\"primaryImageOfPage\":{\"@id\":\"https:\/\/cybul.eu\/pl\/sklep\/zestaw-montazowy-siatki-na-okno-qsp\/#primaryimage\"},\"image\":{\"@id\":\"https:\/\/cybul.eu\/pl\/sklep\/zestaw-montazowy-siatki-na-okno-qsp\/#primaryimage\"},\"thumbnailUrl\":\"https:\/\/cybul.eu\/wp-content\/uploads\/2024\/06\/pol_pl_Zestaw-montazowy-siatki-na-okno-QSP-47730_6.jpg\",\"datePublished\":\"2024-06-11T08:01:54+00:00\",\"dateModified\":\"2024-06-11T08:02:01+00:00\",\"breadcrumb\":{\"@id\":\"https:\/\/cybul.eu\/pl\/sklep\/zestaw-montazowy-siatki-na-okno-qsp\/#breadcrumb\"},\"inLanguage\":\"pl-PL\",\"potentialAction\":[{\"@type\":\"ReadAction\",\"target\":[\"https:\/\/cybul.eu\/pl\/sklep\/zestaw-montazowy-siatki-na-okno-qsp\/\"]}]},{\"@type\":\"ImageObject\",\"inLanguage\":\"pl-PL\",\"@id\":\"https:\/\/cybul.eu\/pl\/sklep\/zestaw-montazowy-siatki-na-okno-qsp\/#primaryimage\",\"url\":\"https:\/\/cybul.eu\/wp-content\/uploads\/2024\/06\/pol_pl_Zestaw-montazowy-siatki-na-okno-QSP-47730_6.jpg\",\"contentUrl\":\"https:\/\/cybul.eu\/wp-content\/uploads\/2024\/06\/pol_pl_Zestaw-montazowy-siatki-na-okno-QSP-47730_6.jpg\",\"width\":800,\"height\":800},{\"@type\":\"BreadcrumbList\",\"@id\":\"https:\/\/cybul.eu\/pl\/sklep\/zestaw-montazowy-siatki-na-okno-qsp\/#breadcrumb\",\"itemListElement\":[{\"@type\":\"ListItem\",\"position\":1,\"name\":\"Strona g\u0142\u00f3wna\",\"item\":\"https:\/\/cybul.eu\/pl\/\"},{\"@type\":\"ListItem\",\"position\":2,\"name\":\"Sklep\",\"item\":\"https:\/\/cybul.eu\/pl\/sklep\/\"},{\"@type\":\"ListItem\",\"position\":3,\"name\":\"ZESTAW MONTA\u017bOWY SIATKI NA OKNO QSP\"}]},{\"@type\":\"WebSite\",\"@id\":\"https:\/\/cybul.eu\/pl\/#website\",\"url\":\"https:\/\/cybul.eu\/pl\/\",\"name\":\"CYBUL\",\"description\":\"\",\"potentialAction\":[{\"@type\":\"SearchAction\",\"target\":{\"@type\":\"EntryPoint\",\"urlTemplate\":\"https:\/\/cybul.eu\/pl\/?s={search_term_string}\"},\"query-input\":{\"@type\":\"PropertyValueSpecification\",\"valueRequired\":true,\"valueName\":\"search_term_string\"}}],\"inLanguage\":\"pl-PL\"}]}<\/script>\n<!-- \/ Yoast SEO plugin. -->","yoast_head_json":{"title":"ZESTAW MONTA\u017bOWY SIATKI NA OKNO QSP - CYBUL","robots":{"index":"index","follow":"follow","max-snippet":"max-snippet:-1","max-image-preview":"max-image-preview:large","max-video-preview":"max-video-preview:-1"},"canonical":"https:\/\/cybul.eu\/pl\/sklep\/zestaw-montazowy-siatki-na-okno-qsp\/","og_locale":"pl_PL","og_type":"article","og_title":"ZESTAW MONTA\u017bOWY SIATKI NA OKNO QSP - CYBUL","og_description":"Zestaw monta\u017cowy siatki na okno QSPUmo\u017cliwia szybkie \u015bci\u0105gni\u0119cie i za\u0142o\u017cenie siatki na okno.Zestaw nie zawiera siatki.","og_url":"https:\/\/cybul.eu\/pl\/sklep\/zestaw-montazowy-siatki-na-okno-qsp\/","og_site_name":"CYBUL","article_modified_time":"2024-06-11T08:02:01+00:00","og_image":[{"width":800,"height":800,"url":"https:\/\/cybul.eu\/wp-content\/uploads\/2024\/06\/pol_pl_Zestaw-montazowy-siatki-na-okno-QSP-47730_6.jpg","type":"image\/jpeg"}],"twitter_card":"summary_large_image","schema":{"@context":"https:\/\/schema.org","@graph":[{"@type":"WebPage","@id":"https:\/\/cybul.eu\/pl\/sklep\/zestaw-montazowy-siatki-na-okno-qsp\/","url":"https:\/\/cybul.eu\/pl\/sklep\/zestaw-montazowy-siatki-na-okno-qsp\/","name":"ZESTAW MONTA\u017bOWY SIATKI NA OKNO QSP - CYBUL","isPartOf":{"@id":"https:\/\/cybul.eu\/pl\/#website"},"primaryImageOfPage":{"@id":"https:\/\/cybul.eu\/pl\/sklep\/zestaw-montazowy-siatki-na-okno-qsp\/#primaryimage"},"image":{"@id":"https:\/\/cybul.eu\/pl\/sklep\/zestaw-montazowy-siatki-na-okno-qsp\/#primaryimage"},"thumbnailUrl":"https:\/\/cybul.eu\/wp-content\/uploads\/2024\/06\/pol_pl_Zestaw-montazowy-siatki-na-okno-QSP-47730_6.jpg","datePublished":"2024-06-11T08:01:54+00:00","dateModified":"2024-06-11T08:02:01+00:00","breadcrumb":{"@id":"https:\/\/cybul.eu\/pl\/sklep\/zestaw-montazowy-siatki-na-okno-qsp\/#breadcrumb"},"inLanguage":"pl-PL","potentialAction":[{"@type":"ReadAction","target":["https:\/\/cybul.eu\/pl\/sklep\/zestaw-montazowy-siatki-na-okno-qsp\/"]}]},{"@type":"ImageObject","inLanguage":"pl-PL","@id":"https:\/\/cybul.eu\/pl\/sklep\/zestaw-montazowy-siatki-na-okno-qsp\/#primaryimage","url":"https:\/\/cybul.eu\/wp-content\/uploads\/2024\/06\/pol_pl_Zestaw-montazowy-siatki-na-okno-QSP-47730_6.jpg","contentUrl":"https:\/\/cybul.eu\/wp-content\/uploads\/2024\/06\/pol_pl_Zestaw-montazowy-siatki-na-okno-QSP-47730_6.jpg","width":800,"height":800},{"@type":"BreadcrumbList","@id":"https:\/\/cybul.eu\/pl\/sklep\/zestaw-montazowy-siatki-na-okno-qsp\/#breadcrumb","itemListElement":[{"@type":"ListItem","position":1,"name":"Strona g\u0142\u00f3wna","item":"https:\/\/cybul.eu\/pl\/"},{"@type":"ListItem","position":2,"name":"Sklep","item":"https:\/\/cybul.eu\/pl\/sklep\/"},{"@type":"ListItem","position":3,"name":"ZESTAW MONTA\u017bOWY SIATKI NA OKNO QSP"}]},{"@type":"WebSite","@id":"https:\/\/cybul.eu\/pl\/#website","url":"https:\/\/cybul.eu\/pl\/","name":"CYBUL","description":"","potentialAction":[{"@type":"SearchAction","target":{"@type":"EntryPoint","urlTemplate":"https:\/\/cybul.eu\/pl\/?s={search_term_string}"},"query-input":{"@type":"PropertyValueSpecification","valueRequired":true,"valueName":"search_term_string"}}],"inLanguage":"pl-PL"}]}},"_links":{"self":[{"href":"https:\/\/cybul.eu\/pl\/wp-json\/wp\/v2\/product\/11894","targetHints":{"allow":["GET"]}}],"collection":[{"href":"https:\/\/cybul.eu\/pl\/wp-json\/wp\/v2\/product"}],"about":[{"href":"https:\/\/cybul.eu\/pl\/wp-json\/wp\/v2\/types\/product"}],"replies":[{"embeddable":true,"href":"https:\/\/cybul.eu\/pl\/wp-json\/wp\/v2\/comments?post=11894"}],"wp:featuredmedia":[{"embeddable":true,"href":"https:\/\/cybul.eu\/pl\/wp-json\/wp\/v2\/media\/11835"}],"wp:attachment":[{"href":"https:\/\/cybul.eu\/pl\/wp-json\/wp\/v2\/media?parent=11894"}],"wp:term":[{"taxonomy":"product_cat","embeddable":true,"href":"https:\/\/cybul.eu\/pl\/wp-json\/wp\/v2\/product_cat?post=11894"},{"taxonomy":"product_tag","embeddable":true,"href":"https:\/\/cybul.eu\/pl\/wp-json\/wp\/v2\/product_tag?post=11894"}],"curies":[{"name":"wp","href":"https:\/\/api.w.org\/{rel}","templated":true}]}}